{"id":6507,"date":"2019-06-03T10:11:27","date_gmt":"2019-06-03T09:11:27","guid":{"rendered":"https:\/\/belrobotics.andromede.digital\/bigmow-parcmow-och-ballpicker\/"},"modified":"2023-02-22T15:44:41","modified_gmt":"2023-02-22T14:44:41","slug":"connected-line","status":"publish","type":"page","link":"https:\/\/www.belrobotics.com\/sv\/connected-line\/","title":{"rendered":"Bigmow, Parcmow och Ballpicker"},"content":{"rendered":"<h3>Connected line: ren innovation<\/h3>\n<p class=\"p1\">Robotarna i serien connected line \u00e4r mycket robustare \u00e4n tidigare generationer.<br clear='none'\/>\nVi anv\u00e4nder extremt p\u00e5litliga material n\u00e4r vi bygger dem (fr\u00e5n chassit till hjulen och i alla kontaktdon) som skyddar dem fr\u00e5n st\u00f6tar, s\u00e5v\u00e4l som fr\u00e5n damm och fukt. S\u00e5 deras f\u00f6rv\u00e4ntade livsl\u00e4ngd \u00e4r exceptionellt l\u00e5ng!<\/p>\n<p class=\"p1\">Tack vare deras h\u00f6gpresterande akustiska isolering garanterar v\u00e5ra robotar dig en betryggande anv\u00e4ndarupplevelse. Dina gr\u00e4sytor f\u00f6rblir fridfulla medan du anv\u00e4nder dem och de kommer att klippas rakt in i de minsta h\u00f6rnen. Allt du beh\u00f6ver g\u00f6ra \u00e4r att koppla av och f\u00e5 ut det mesta av din gr\u00e4smatta!<\/p>\n<p class=\"p1\">Produkterna m\u00f6jligg\u00f6r ocks\u00e5 ett f\u00f6renklat underh\u00e5ll och fj\u00e4rruppdaterad programvara.<\/p>\n","protected":false},"excerpt":{"rendered":"<p>Connected line: ren innovation Robotarna i serien connected line \u00e4r mycket robustare \u00e4n tidigare generationer. Vi anv\u00e4nder extremt p\u00e5litliga material n\u00e4r vi bygger dem (fr\u00e5n chassit till hjulen och i alla kontaktdon) som skyddar dem fr\u00e5n st\u00f6tar, s\u00e5v\u00e4l som fr\u00e5n damm och fukt. S\u00e5 deras f\u00f6rv\u00e4ntade livsl\u00e4ngd \u00e4r exceptionellt l\u00e5ng! Tack vare deras h\u00f6gpresterande akustiska [&hellip;]<\/p>\n","protected":false},"author":9,"featured_media":5029,"parent":0,"menu_order":0,"comment_status":"closed","ping_status":"closed","template":"template-archive-tondeuses.php","meta":{"_acf_changed":false,"footnotes":""},"class_list":["post-6507","page","type-page","status-publish","has-post-thumbnail","hentry"],"acf":[],"yoast_head":"<!-- This site is optimized with the Yoast SEO plugin v26.9 - https:\/\/yoast.com\/product\/yoast-seo-wordpress\/ -->\n<title>Bigmow, Parcmow och Ballpicker - Belrobotics<\/title>\n<meta name=\"robots\" content=\"index, follow, max-snippet:-1, max-image-preview:large, max-video-preview:-1\" \/>\n<link rel=\"canonical\" href=\"https:\/\/www.belrobotics.com\/sv\/connected-line\/\" \/>\n<meta property=\"og:locale\" content=\"sv_SE\" \/>\n<meta property=\"og:type\" content=\"article\" \/>\n<meta property=\"og:title\" content=\"Bigmow, Parcmow och Ballpicker - Belrobotics\" \/>\n<meta property=\"og:description\" content=\"Connected line: ren innovation Robotarna i serien connected line \u00e4r mycket robustare \u00e4n tidigare generationer. Vi anv\u00e4nder extremt p\u00e5litliga material n\u00e4r vi bygger dem (fr\u00e5n chassit till hjulen och i alla kontaktdon) som skyddar dem fr\u00e5n st\u00f6tar, s\u00e5v\u00e4l som fr\u00e5n damm och fukt. S\u00e5 deras f\u00f6rv\u00e4ntade livsl\u00e4ngd \u00e4r exceptionellt l\u00e5ng! Tack vare deras h\u00f6gpresterande akustiska [&hellip;]\" \/>\n<meta property=\"og:url\" content=\"https:\/\/www.belrobotics.com\/sv\/connected-line\/\" \/>\n<meta property=\"og:site_name\" content=\"Belrobotics\" \/>\n<meta property=\"article:publisher\" content=\"https:\/\/www.facebook.com\/belrobotics\" \/>\n<meta property=\"article:modified_time\" content=\"2023-02-22T14:44:41+00:00\" \/>\n<meta property=\"og:image\" content=\"https:\/\/www.belrobotics.com\/wp-content\/uploads\/2019\/04\/Golf_43327_2.jpg\" \/>\n\t<meta property=\"og:image:width\" content=\"3000\" \/>\n\t<meta property=\"og:image:height\" content=\"2249\" \/>\n\t<meta property=\"og:image:type\" content=\"image\/jpeg\" \/>\n<meta name=\"twitter:card\" content=\"summary_large_image\" \/>\n<meta name=\"twitter:label1\" content=\"Ber\u00e4knad l\u00e4stid\" \/>\n\t<meta name=\"twitter:data1\" content=\"1 minut\" \/>\n<script type=\"application\/ld+json\" class=\"yoast-schema-graph\">{\"@context\":\"https:\/\/schema.org\",\"@graph\":[{\"@type\":\"WebPage\",\"@id\":\"https:\/\/www.belrobotics.com\/sv\/connected-line\/\",\"url\":\"https:\/\/www.belrobotics.com\/sv\/connected-line\/\",\"name\":\"Bigmow, Parcmow och Ballpicker - Belrobotics\",\"isPartOf\":{\"@id\":\"https:\/\/www.belrobotics.com\/sv\/#website\"},\"primaryImageOfPage\":{\"@id\":\"https:\/\/www.belrobotics.com\/sv\/connected-line\/#primaryimage\"},\"image\":{\"@id\":\"https:\/\/www.belrobotics.com\/sv\/connected-line\/#primaryimage\"},\"thumbnailUrl\":\"https:\/\/www.belrobotics.com\/wp-content\/uploads\/2019\/04\/Golf_43327_2.jpg\",\"datePublished\":\"2019-06-03T09:11:27+00:00\",\"dateModified\":\"2023-02-22T14:44:41+00:00\",\"breadcrumb\":{\"@id\":\"https:\/\/www.belrobotics.com\/sv\/connected-line\/#breadcrumb\"},\"inLanguage\":\"sv-SE\",\"potentialAction\":[{\"@type\":\"ReadAction\",\"target\":[\"https:\/\/www.belrobotics.com\/sv\/connected-line\/\"]}]},{\"@type\":\"ImageObject\",\"inLanguage\":\"sv-SE\",\"@id\":\"https:\/\/www.belrobotics.com\/sv\/connected-line\/#primaryimage\",\"url\":\"https:\/\/www.belrobotics.com\/wp-content\/uploads\/2019\/04\/Golf_43327_2.jpg\",\"contentUrl\":\"https:\/\/www.belrobotics.com\/wp-content\/uploads\/2019\/04\/Golf_43327_2.jpg\",\"width\":3000,\"height\":2249},{\"@type\":\"BreadcrumbList\",\"@id\":\"https:\/\/www.belrobotics.com\/sv\/connected-line\/#breadcrumb\",\"itemListElement\":[{\"@type\":\"ListItem\",\"position\":1,\"name\":\"Home\",\"item\":\"https:\/\/www.belrobotics.com\/sv\/\"},{\"@type\":\"ListItem\",\"position\":2,\"name\":\"Bigmow, Parcmow och Ballpicker\"}]},{\"@type\":\"WebSite\",\"@id\":\"https:\/\/www.belrobotics.com\/sv\/#website\",\"url\":\"https:\/\/www.belrobotics.com\/sv\/\",\"name\":\"Belrobotics\",\"description\":\"The grass masters\",\"publisher\":{\"@id\":\"https:\/\/www.belrobotics.com\/sv\/#organization\"},\"potentialAction\":[{\"@type\":\"SearchAction\",\"target\":{\"@type\":\"EntryPoint\",\"urlTemplate\":\"https:\/\/www.belrobotics.com\/sv\/?s={search_term_string}\"},\"query-input\":{\"@type\":\"PropertyValueSpecification\",\"valueRequired\":true,\"valueName\":\"search_term_string\"}}],\"inLanguage\":\"sv-SE\"},{\"@type\":\"Organization\",\"@id\":\"https:\/\/www.belrobotics.com\/sv\/#organization\",\"name\":\"Belrobotics\",\"url\":\"https:\/\/www.belrobotics.com\/sv\/\",\"logo\":{\"@type\":\"ImageObject\",\"inLanguage\":\"sv-SE\",\"@id\":\"https:\/\/www.belrobotics.com\/sv\/#\/schema\/logo\/image\/\",\"url\":\"https:\/\/www.belrobotics.com\/wp-content\/uploads\/2019\/01\/logo-belrobotics.svg\",\"contentUrl\":\"https:\/\/www.belrobotics.com\/wp-content\/uploads\/2019\/01\/logo-belrobotics.svg\",\"width\":100,\"height\":16,\"caption\":\"Belrobotics\"},\"image\":{\"@id\":\"https:\/\/www.belrobotics.com\/sv\/#\/schema\/logo\/image\/\"},\"sameAs\":[\"https:\/\/www.facebook.com\/belrobotics\",\"https:\/\/www.youtube.com\/channel\/UCYgWBPRzEdXmUqLRL0JbUIw\",\"https:\/\/www.instagram.com\/belrobotics_europe\/\"]}]}<\/script>\n<!-- \/ Yoast SEO plugin. -->","yoast_head_json":{"title":"Bigmow, Parcmow och Ballpicker - Belrobotics","robots":{"index":"index","follow":"follow","max-snippet":"max-snippet:-1","max-image-preview":"max-image-preview:large","max-video-preview":"max-video-preview:-1"},"canonical":"https:\/\/www.belrobotics.com\/sv\/connected-line\/","og_locale":"sv_SE","og_type":"article","og_title":"Bigmow, Parcmow och Ballpicker - Belrobotics","og_description":"Connected line: ren innovation Robotarna i serien connected line \u00e4r mycket robustare \u00e4n tidigare generationer. Vi anv\u00e4nder extremt p\u00e5litliga material n\u00e4r vi bygger dem (fr\u00e5n chassit till hjulen och i alla kontaktdon) som skyddar dem fr\u00e5n st\u00f6tar, s\u00e5v\u00e4l som fr\u00e5n damm och fukt. S\u00e5 deras f\u00f6rv\u00e4ntade livsl\u00e4ngd \u00e4r exceptionellt l\u00e5ng! Tack vare deras h\u00f6gpresterande akustiska [&hellip;]","og_url":"https:\/\/www.belrobotics.com\/sv\/connected-line\/","og_site_name":"Belrobotics","article_publisher":"https:\/\/www.facebook.com\/belrobotics","article_modified_time":"2023-02-22T14:44:41+00:00","og_image":[{"width":3000,"height":2249,"url":"https:\/\/www.belrobotics.com\/wp-content\/uploads\/2019\/04\/Golf_43327_2.jpg","type":"image\/jpeg"}],"twitter_card":"summary_large_image","twitter_misc":{"Ber\u00e4knad l\u00e4stid":"1 minut"},"schema":{"@context":"https:\/\/schema.org","@graph":[{"@type":"WebPage","@id":"https:\/\/www.belrobotics.com\/sv\/connected-line\/","url":"https:\/\/www.belrobotics.com\/sv\/connected-line\/","name":"Bigmow, Parcmow och Ballpicker - Belrobotics","isPartOf":{"@id":"https:\/\/www.belrobotics.com\/sv\/#website"},"primaryImageOfPage":{"@id":"https:\/\/www.belrobotics.com\/sv\/connected-line\/#primaryimage"},"image":{"@id":"https:\/\/www.belrobotics.com\/sv\/connected-line\/#primaryimage"},"thumbnailUrl":"https:\/\/www.belrobotics.com\/wp-content\/uploads\/2019\/04\/Golf_43327_2.jpg","datePublished":"2019-06-03T09:11:27+00:00","dateModified":"2023-02-22T14:44:41+00:00","breadcrumb":{"@id":"https:\/\/www.belrobotics.com\/sv\/connected-line\/#breadcrumb"},"inLanguage":"sv-SE","potentialAction":[{"@type":"ReadAction","target":["https:\/\/www.belrobotics.com\/sv\/connected-line\/"]}]},{"@type":"ImageObject","inLanguage":"sv-SE","@id":"https:\/\/www.belrobotics.com\/sv\/connected-line\/#primaryimage","url":"https:\/\/www.belrobotics.com\/wp-content\/uploads\/2019\/04\/Golf_43327_2.jpg","contentUrl":"https:\/\/www.belrobotics.com\/wp-content\/uploads\/2019\/04\/Golf_43327_2.jpg","width":3000,"height":2249},{"@type":"BreadcrumbList","@id":"https:\/\/www.belrobotics.com\/sv\/connected-line\/#breadcrumb","itemListElement":[{"@type":"ListItem","position":1,"name":"Home","item":"https:\/\/www.belrobotics.com\/sv\/"},{"@type":"ListItem","position":2,"name":"Bigmow, Parcmow och Ballpicker"}]},{"@type":"WebSite","@id":"https:\/\/www.belrobotics.com\/sv\/#website","url":"https:\/\/www.belrobotics.com\/sv\/","name":"Belrobotics","description":"The grass masters","publisher":{"@id":"https:\/\/www.belrobotics.com\/sv\/#organization"},"potentialAction":[{"@type":"SearchAction","target":{"@type":"EntryPoint","urlTemplate":"https:\/\/www.belrobotics.com\/sv\/?s={search_term_string}"},"query-input":{"@type":"PropertyValueSpecification","valueRequired":true,"valueName":"search_term_string"}}],"inLanguage":"sv-SE"},{"@type":"Organization","@id":"https:\/\/www.belrobotics.com\/sv\/#organization","name":"Belrobotics","url":"https:\/\/www.belrobotics.com\/sv\/","logo":{"@type":"ImageObject","inLanguage":"sv-SE","@id":"https:\/\/www.belrobotics.com\/sv\/#\/schema\/logo\/image\/","url":"https:\/\/www.belrobotics.com\/wp-content\/uploads\/2019\/01\/logo-belrobotics.svg","contentUrl":"https:\/\/www.belrobotics.com\/wp-content\/uploads\/2019\/01\/logo-belrobotics.svg","width":100,"height":16,"caption":"Belrobotics"},"image":{"@id":"https:\/\/www.belrobotics.com\/sv\/#\/schema\/logo\/image\/"},"sameAs":["https:\/\/www.facebook.com\/belrobotics","https:\/\/www.youtube.com\/channel\/UCYgWBPRzEdXmUqLRL0JbUIw","https:\/\/www.instagram.com\/belrobotics_europe\/"]}]}},"_links":{"self":[{"href":"https:\/\/www.belrobotics.com\/sv\/wp-json\/wp\/v2\/pages\/6507","targetHints":{"allow":["GET"]}}],"collection":[{"href":"https:\/\/www.belrobotics.com\/sv\/wp-json\/wp\/v2\/pages"}],"about":[{"href":"https:\/\/www.belrobotics.com\/sv\/wp-json\/wp\/v2\/types\/page"}],"author":[{"embeddable":true,"href":"https:\/\/www.belrobotics.com\/sv\/wp-json\/wp\/v2\/users\/9"}],"replies":[{"embeddable":true,"href":"https:\/\/www.belrobotics.com\/sv\/wp-json\/wp\/v2\/comments?post=6507"}],"version-history":[{"count":3,"href":"https:\/\/www.belrobotics.com\/sv\/wp-json\/wp\/v2\/pages\/6507\/revisions"}],"predecessor-version":[{"id":21902,"href":"https:\/\/www.belrobotics.com\/sv\/wp-json\/wp\/v2\/pages\/6507\/revisions\/21902"}],"wp:featuredmedia":[{"embeddable":true,"href":"https:\/\/www.belrobotics.com\/sv\/wp-json\/wp\/v2\/media\/5029"}],"wp:attachment":[{"href":"https:\/\/www.belrobotics.com\/sv\/wp-json\/wp\/v2\/media?parent=6507"}],"curies":[{"name":"wp","href":"https:\/\/api.w.org\/{rel}","templated":true}]}}