{"id":6499,"date":"2019-01-21T15:11:31","date_gmt":"2019-01-21T14:11:31","guid":{"rendered":"https:\/\/belrobotics.andromede.digital\/foretag\/"},"modified":"2023-07-06T09:02:06","modified_gmt":"2023-07-06T08:02:06","slug":"foretag","status":"publish","type":"page","link":"https:\/\/www.belrobotics.com\/sv\/foretag\/","title":{"rendered":"F\u00f6retag"},"content":{"rendered":"<h3>V\u00e4rldens mest h\u00f6geffektiva professionella robotklippare<\/h3>\n<p>Bigmow kan uppr\u00e4tth\u00e5lla upp till 24 000 m\u00b2 gr\u00e4syta, vilket inneb\u00e4r att den har h\u00f6ga ambitioner. Den \u00e4r en verklig atlet f\u00f6r din verksamhet. Uppt\u00e4ck dess tysta drift, l\u00e5ga energif\u00f6rbrukning och dess f\u00f6rm\u00e5ga att anpassa sig till alla terr\u00e4ngf\u00f6rh\u00e5llanden. Den kan leva upp till utmaningarna p\u00e5 idrottsplatser, driving ranger och <strong>golfbanor<\/strong> s\u00e5v\u00e4l som allm\u00e4nna platser.<\/p>\n","protected":false},"excerpt":{"rendered":"<p>V\u00e4rldens mest h\u00f6geffektiva professionella robotklippare Bigmow kan uppr\u00e4tth\u00e5lla upp till 24 000 m\u00b2 gr\u00e4syta, vilket inneb\u00e4r att den har h\u00f6ga ambitioner. Den \u00e4r en verklig atlet f\u00f6r din verksamhet. Uppt\u00e4ck dess tysta drift, l\u00e5ga energif\u00f6rbrukning och dess f\u00f6rm\u00e5ga att anpassa sig till alla terr\u00e4ngf\u00f6rh\u00e5llanden. Den kan leva upp till utmaningarna p\u00e5 idrottsplatser, driving ranger och [&hellip;]<\/p>\n","protected":false},"author":9,"featured_media":2136,"parent":0,"menu_order":0,"comment_status":"closed","ping_status":"closed","template":"utilisation.php","meta":{"_acf_changed":false,"footnotes":""},"class_list":["post-6499","page","type-page","status-publish","has-post-thumbnail","hentry"],"acf":[],"yoast_head":"<!-- This site is optimized with the Yoast SEO plugin v26.9 - https:\/\/yoast.com\/product\/yoast-seo-wordpress\/ -->\n<title>F\u00f6retag - Belrobotics<\/title>\n<meta name=\"robots\" content=\"index, follow, max-snippet:-1, max-image-preview:large, max-video-preview:-1\" \/>\n<link rel=\"canonical\" href=\"https:\/\/www.belrobotics.com\/sv\/foretag\/\" \/>\n<meta property=\"og:locale\" content=\"sv_SE\" \/>\n<meta property=\"og:type\" content=\"article\" \/>\n<meta property=\"og:title\" content=\"F\u00f6retag - Belrobotics\" \/>\n<meta property=\"og:description\" content=\"V\u00e4rldens mest h\u00f6geffektiva professionella robotklippare Bigmow kan uppr\u00e4tth\u00e5lla upp till 24 000 m\u00b2 gr\u00e4syta, vilket inneb\u00e4r att den har h\u00f6ga ambitioner. Den \u00e4r en verklig atlet f\u00f6r din verksamhet. Uppt\u00e4ck dess tysta drift, l\u00e5ga energif\u00f6rbrukning och dess f\u00f6rm\u00e5ga att anpassa sig till alla terr\u00e4ngf\u00f6rh\u00e5llanden. Den kan leva upp till utmaningarna p\u00e5 idrottsplatser, driving ranger och [&hellip;]\" \/>\n<meta property=\"og:url\" content=\"https:\/\/www.belrobotics.com\/sv\/foretag\/\" \/>\n<meta property=\"og:site_name\" content=\"Belrobotics\" \/>\n<meta property=\"article:publisher\" content=\"https:\/\/www.facebook.com\/belrobotics\" \/>\n<meta property=\"article:modified_time\" content=\"2023-07-06T08:02:06+00:00\" \/>\n<meta property=\"og:image\" content=\"https:\/\/www.belrobotics.com\/wp-content\/uploads\/2019\/01\/big-mow-action-3.jpg\" \/>\n\t<meta property=\"og:image:width\" content=\"2251\" \/>\n\t<meta property=\"og:image:height\" content=\"1745\" \/>\n\t<meta property=\"og:image:type\" content=\"image\/jpeg\" \/>\n<meta name=\"twitter:card\" content=\"summary_large_image\" \/>\n<meta name=\"twitter:label1\" content=\"Ber\u00e4knad l\u00e4stid\" \/>\n\t<meta name=\"twitter:data1\" content=\"1 minut\" \/>\n<script type=\"application\/ld+json\" class=\"yoast-schema-graph\">{\"@context\":\"https:\/\/schema.org\",\"@graph\":[{\"@type\":\"WebPage\",\"@id\":\"https:\/\/www.belrobotics.com\/sv\/foretag\/\",\"url\":\"https:\/\/www.belrobotics.com\/sv\/foretag\/\",\"name\":\"F\u00f6retag - Belrobotics\",\"isPartOf\":{\"@id\":\"https:\/\/www.belrobotics.com\/sv\/#website\"},\"primaryImageOfPage\":{\"@id\":\"https:\/\/www.belrobotics.com\/sv\/foretag\/#primaryimage\"},\"image\":{\"@id\":\"https:\/\/www.belrobotics.com\/sv\/foretag\/#primaryimage\"},\"thumbnailUrl\":\"https:\/\/www.belrobotics.com\/wp-content\/uploads\/2019\/01\/big-mow-action-3.jpg\",\"datePublished\":\"2019-01-21T14:11:31+00:00\",\"dateModified\":\"2023-07-06T08:02:06+00:00\",\"breadcrumb\":{\"@id\":\"https:\/\/www.belrobotics.com\/sv\/foretag\/#breadcrumb\"},\"inLanguage\":\"sv-SE\",\"potentialAction\":[{\"@type\":\"ReadAction\",\"target\":[\"https:\/\/www.belrobotics.com\/sv\/foretag\/\"]}]},{\"@type\":\"ImageObject\",\"inLanguage\":\"sv-SE\",\"@id\":\"https:\/\/www.belrobotics.com\/sv\/foretag\/#primaryimage\",\"url\":\"https:\/\/www.belrobotics.com\/wp-content\/uploads\/2019\/01\/big-mow-action-3.jpg\",\"contentUrl\":\"https:\/\/www.belrobotics.com\/wp-content\/uploads\/2019\/01\/big-mow-action-3.jpg\",\"width\":2251,\"height\":1745},{\"@type\":\"BreadcrumbList\",\"@id\":\"https:\/\/www.belrobotics.com\/sv\/foretag\/#breadcrumb\",\"itemListElement\":[{\"@type\":\"ListItem\",\"position\":1,\"name\":\"Home\",\"item\":\"https:\/\/www.belrobotics.com\/sv\/\"},{\"@type\":\"ListItem\",\"position\":2,\"name\":\"F\u00f6retag\"}]},{\"@type\":\"WebSite\",\"@id\":\"https:\/\/www.belrobotics.com\/sv\/#website\",\"url\":\"https:\/\/www.belrobotics.com\/sv\/\",\"name\":\"Belrobotics\",\"description\":\"The grass masters\",\"publisher\":{\"@id\":\"https:\/\/www.belrobotics.com\/sv\/#organization\"},\"potentialAction\":[{\"@type\":\"SearchAction\",\"target\":{\"@type\":\"EntryPoint\",\"urlTemplate\":\"https:\/\/www.belrobotics.com\/sv\/?s={search_term_string}\"},\"query-input\":{\"@type\":\"PropertyValueSpecification\",\"valueRequired\":true,\"valueName\":\"search_term_string\"}}],\"inLanguage\":\"sv-SE\"},{\"@type\":\"Organization\",\"@id\":\"https:\/\/www.belrobotics.com\/sv\/#organization\",\"name\":\"Belrobotics\",\"url\":\"https:\/\/www.belrobotics.com\/sv\/\",\"logo\":{\"@type\":\"ImageObject\",\"inLanguage\":\"sv-SE\",\"@id\":\"https:\/\/www.belrobotics.com\/sv\/#\/schema\/logo\/image\/\",\"url\":\"https:\/\/www.belrobotics.com\/wp-content\/uploads\/2019\/01\/logo-belrobotics.svg\",\"contentUrl\":\"https:\/\/www.belrobotics.com\/wp-content\/uploads\/2019\/01\/logo-belrobotics.svg\",\"width\":100,\"height\":16,\"caption\":\"Belrobotics\"},\"image\":{\"@id\":\"https:\/\/www.belrobotics.com\/sv\/#\/schema\/logo\/image\/\"},\"sameAs\":[\"https:\/\/www.facebook.com\/belrobotics\",\"https:\/\/www.youtube.com\/channel\/UCYgWBPRzEdXmUqLRL0JbUIw\",\"https:\/\/www.instagram.com\/belrobotics_europe\/\"]}]}<\/script>\n<!-- \/ Yoast SEO plugin. -->","yoast_head_json":{"title":"F\u00f6retag - Belrobotics","robots":{"index":"index","follow":"follow","max-snippet":"max-snippet:-1","max-image-preview":"max-image-preview:large","max-video-preview":"max-video-preview:-1"},"canonical":"https:\/\/www.belrobotics.com\/sv\/foretag\/","og_locale":"sv_SE","og_type":"article","og_title":"F\u00f6retag - Belrobotics","og_description":"V\u00e4rldens mest h\u00f6geffektiva professionella robotklippare Bigmow kan uppr\u00e4tth\u00e5lla upp till 24 000 m\u00b2 gr\u00e4syta, vilket inneb\u00e4r att den har h\u00f6ga ambitioner. Den \u00e4r en verklig atlet f\u00f6r din verksamhet. Uppt\u00e4ck dess tysta drift, l\u00e5ga energif\u00f6rbrukning och dess f\u00f6rm\u00e5ga att anpassa sig till alla terr\u00e4ngf\u00f6rh\u00e5llanden. Den kan leva upp till utmaningarna p\u00e5 idrottsplatser, driving ranger och [&hellip;]","og_url":"https:\/\/www.belrobotics.com\/sv\/foretag\/","og_site_name":"Belrobotics","article_publisher":"https:\/\/www.facebook.com\/belrobotics","article_modified_time":"2023-07-06T08:02:06+00:00","og_image":[{"width":2251,"height":1745,"url":"https:\/\/www.belrobotics.com\/wp-content\/uploads\/2019\/01\/big-mow-action-3.jpg","type":"image\/jpeg"}],"twitter_card":"summary_large_image","twitter_misc":{"Ber\u00e4knad l\u00e4stid":"1 minut"},"schema":{"@context":"https:\/\/schema.org","@graph":[{"@type":"WebPage","@id":"https:\/\/www.belrobotics.com\/sv\/foretag\/","url":"https:\/\/www.belrobotics.com\/sv\/foretag\/","name":"F\u00f6retag - Belrobotics","isPartOf":{"@id":"https:\/\/www.belrobotics.com\/sv\/#website"},"primaryImageOfPage":{"@id":"https:\/\/www.belrobotics.com\/sv\/foretag\/#primaryimage"},"image":{"@id":"https:\/\/www.belrobotics.com\/sv\/foretag\/#primaryimage"},"thumbnailUrl":"https:\/\/www.belrobotics.com\/wp-content\/uploads\/2019\/01\/big-mow-action-3.jpg","datePublished":"2019-01-21T14:11:31+00:00","dateModified":"2023-07-06T08:02:06+00:00","breadcrumb":{"@id":"https:\/\/www.belrobotics.com\/sv\/foretag\/#breadcrumb"},"inLanguage":"sv-SE","potentialAction":[{"@type":"ReadAction","target":["https:\/\/www.belrobotics.com\/sv\/foretag\/"]}]},{"@type":"ImageObject","inLanguage":"sv-SE","@id":"https:\/\/www.belrobotics.com\/sv\/foretag\/#primaryimage","url":"https:\/\/www.belrobotics.com\/wp-content\/uploads\/2019\/01\/big-mow-action-3.jpg","contentUrl":"https:\/\/www.belrobotics.com\/wp-content\/uploads\/2019\/01\/big-mow-action-3.jpg","width":2251,"height":1745},{"@type":"BreadcrumbList","@id":"https:\/\/www.belrobotics.com\/sv\/foretag\/#breadcrumb","itemListElement":[{"@type":"ListItem","position":1,"name":"Home","item":"https:\/\/www.belrobotics.com\/sv\/"},{"@type":"ListItem","position":2,"name":"F\u00f6retag"}]},{"@type":"WebSite","@id":"https:\/\/www.belrobotics.com\/sv\/#website","url":"https:\/\/www.belrobotics.com\/sv\/","name":"Belrobotics","description":"The grass masters","publisher":{"@id":"https:\/\/www.belrobotics.com\/sv\/#organization"},"potentialAction":[{"@type":"SearchAction","target":{"@type":"EntryPoint","urlTemplate":"https:\/\/www.belrobotics.com\/sv\/?s={search_term_string}"},"query-input":{"@type":"PropertyValueSpecification","valueRequired":true,"valueName":"search_term_string"}}],"inLanguage":"sv-SE"},{"@type":"Organization","@id":"https:\/\/www.belrobotics.com\/sv\/#organization","name":"Belrobotics","url":"https:\/\/www.belrobotics.com\/sv\/","logo":{"@type":"ImageObject","inLanguage":"sv-SE","@id":"https:\/\/www.belrobotics.com\/sv\/#\/schema\/logo\/image\/","url":"https:\/\/www.belrobotics.com\/wp-content\/uploads\/2019\/01\/logo-belrobotics.svg","contentUrl":"https:\/\/www.belrobotics.com\/wp-content\/uploads\/2019\/01\/logo-belrobotics.svg","width":100,"height":16,"caption":"Belrobotics"},"image":{"@id":"https:\/\/www.belrobotics.com\/sv\/#\/schema\/logo\/image\/"},"sameAs":["https:\/\/www.facebook.com\/belrobotics","https:\/\/www.youtube.com\/channel\/UCYgWBPRzEdXmUqLRL0JbUIw","https:\/\/www.instagram.com\/belrobotics_europe\/"]}]}},"_links":{"self":[{"href":"https:\/\/www.belrobotics.com\/sv\/wp-json\/wp\/v2\/pages\/6499","targetHints":{"allow":["GET"]}}],"collection":[{"href":"https:\/\/www.belrobotics.com\/sv\/wp-json\/wp\/v2\/pages"}],"about":[{"href":"https:\/\/www.belrobotics.com\/sv\/wp-json\/wp\/v2\/types\/page"}],"author":[{"embeddable":true,"href":"https:\/\/www.belrobotics.com\/sv\/wp-json\/wp\/v2\/users\/9"}],"replies":[{"embeddable":true,"href":"https:\/\/www.belrobotics.com\/sv\/wp-json\/wp\/v2\/comments?post=6499"}],"version-history":[{"count":1,"href":"https:\/\/www.belrobotics.com\/sv\/wp-json\/wp\/v2\/pages\/6499\/revisions"}],"predecessor-version":[{"id":25302,"href":"https:\/\/www.belrobotics.com\/sv\/wp-json\/wp\/v2\/pages\/6499\/revisions\/25302"}],"wp:featuredmedia":[{"embeddable":true,"href":"https:\/\/www.belrobotics.com\/sv\/wp-json\/wp\/v2\/media\/2136"}],"wp:attachment":[{"href":"https:\/\/www.belrobotics.com\/sv\/wp-json\/wp\/v2\/media?parent=6499"}],"curies":[{"name":"wp","href":"https:\/\/api.w.org\/{rel}","templated":true}]}}