{"id":6497,"date":"2019-06-03T10:09:51","date_gmt":"2019-06-03T09:09:51","guid":{"rendered":"https:\/\/belrobotics.andromede.digital\/upptack-vara-exklusiva-fordelar\/"},"modified":"2020-05-07T10:31:42","modified_gmt":"2020-05-07T09:31:42","slug":"fordelar","status":"publish","type":"page","link":"https:\/\/www.belrobotics.com\/sv\/fordelar\/","title":{"rendered":"Uppt\u00e4ck v\u00e5ra exklusiva f\u00f6rdelar."},"content":{"rendered":"<h3>En perfekt klippning i automatiskt l\u00e4ge<\/h3>\n<p>Fr\u00e5n och med nu \u00e4r varken storleken p\u00e5 det omr\u00e5de som ska klippas, kvaliteten p\u00e5 det resultat du vill uppn\u00e5 eller gr\u00f6nytans utseende n\u00e5got som g\u00f6r att du f\u00e5r jobba mer.<\/p>\n<p>Belrobotics k\u00e4nner b\u00e5de proffsens krav och de som bara \u00e4lskar vackra gr\u00e4smattor. V\u00e5ra robotl\u00f6sningar minskar den n\u00f6dv\u00e4ndiga arbetsinsatsen avsev\u00e4rt och ger en o\u00f6vertr\u00e4ffad gr\u00e4skvalitet och \u00e4r en del av h\u00e5llbar helhetsvision. Belrobotics robotar anv\u00e4nds redan av tusentals proffs p\u00e5 underh\u00e5ll av gr\u00e4smattor, idrottsklubbar och fastighets\u00e4gare. O\u00f6vertr\u00e4ffad h\u00e5llbarhet i privat och offentlig milj\u00f6.<\/p>\n","protected":false},"excerpt":{"rendered":"<p>En perfekt klippning i automatiskt l\u00e4ge Fr\u00e5n och med nu \u00e4r varken storleken p\u00e5 det omr\u00e5de som ska klippas, kvaliteten p\u00e5 det resultat du vill uppn\u00e5 eller gr\u00f6nytans utseende n\u00e5got som g\u00f6r att du f\u00e5r jobba mer. Belrobotics k\u00e4nner b\u00e5de proffsens krav och de som bara \u00e4lskar vackra gr\u00e4smattor. V\u00e5ra robotl\u00f6sningar minskar den n\u00f6dv\u00e4ndiga arbetsinsatsen [&hellip;]<\/p>\n","protected":false},"author":9,"featured_media":3628,"parent":0,"menu_order":0,"comment_status":"closed","ping_status":"closed","template":"avantages.php","meta":{"_acf_changed":false,"footnotes":""},"class_list":["post-6497","page","type-page","status-publish","has-post-thumbnail","hentry"],"acf":[],"yoast_head":"<!-- This site is optimized with the Yoast SEO plugin v26.9 - https:\/\/yoast.com\/product\/yoast-seo-wordpress\/ -->\n<title>Uppt\u00e4ck v\u00e5ra exklusiva f\u00f6rdelar. - Belrobotics<\/title>\n<meta name=\"robots\" content=\"index, follow, max-snippet:-1, max-image-preview:large, max-video-preview:-1\" \/>\n<link rel=\"canonical\" href=\"https:\/\/www.belrobotics.com\/sv\/fordelar\/\" \/>\n<meta property=\"og:locale\" content=\"sv_SE\" \/>\n<meta property=\"og:type\" content=\"article\" \/>\n<meta property=\"og:title\" content=\"Uppt\u00e4ck v\u00e5ra exklusiva f\u00f6rdelar. - Belrobotics\" \/>\n<meta property=\"og:description\" content=\"En perfekt klippning i automatiskt l\u00e4ge Fr\u00e5n och med nu \u00e4r varken storleken p\u00e5 det omr\u00e5de som ska klippas, kvaliteten p\u00e5 det resultat du vill uppn\u00e5 eller gr\u00f6nytans utseende n\u00e5got som g\u00f6r att du f\u00e5r jobba mer. Belrobotics k\u00e4nner b\u00e5de proffsens krav och de som bara \u00e4lskar vackra gr\u00e4smattor. V\u00e5ra robotl\u00f6sningar minskar den n\u00f6dv\u00e4ndiga arbetsinsatsen [&hellip;]\" \/>\n<meta property=\"og:url\" content=\"https:\/\/www.belrobotics.com\/sv\/fordelar\/\" \/>\n<meta property=\"og:site_name\" content=\"Belrobotics\" \/>\n<meta property=\"article:publisher\" content=\"https:\/\/www.facebook.com\/belrobotics\" \/>\n<meta property=\"article:modified_time\" content=\"2020-05-07T09:31:42+00:00\" \/>\n<meta property=\"og:image\" content=\"https:\/\/www.belrobotics.com\/wp-content\/uploads\/2019\/01\/big-mow-action-4-1.jpg\" \/>\n\t<meta property=\"og:image:width\" content=\"2251\" \/>\n\t<meta property=\"og:image:height\" content=\"1745\" \/>\n\t<meta property=\"og:image:type\" content=\"image\/jpeg\" \/>\n<meta name=\"twitter:card\" content=\"summary_large_image\" \/>\n<meta name=\"twitter:label1\" content=\"Ber\u00e4knad l\u00e4stid\" \/>\n\t<meta name=\"twitter:data1\" content=\"1 minut\" \/>\n<script type=\"application\/ld+json\" class=\"yoast-schema-graph\">{\"@context\":\"https:\/\/schema.org\",\"@graph\":[{\"@type\":\"WebPage\",\"@id\":\"https:\/\/www.belrobotics.com\/sv\/fordelar\/\",\"url\":\"https:\/\/www.belrobotics.com\/sv\/fordelar\/\",\"name\":\"Uppt\u00e4ck v\u00e5ra exklusiva f\u00f6rdelar. - Belrobotics\",\"isPartOf\":{\"@id\":\"https:\/\/www.belrobotics.com\/sv\/#website\"},\"primaryImageOfPage\":{\"@id\":\"https:\/\/www.belrobotics.com\/sv\/fordelar\/#primaryimage\"},\"image\":{\"@id\":\"https:\/\/www.belrobotics.com\/sv\/fordelar\/#primaryimage\"},\"thumbnailUrl\":\"https:\/\/www.belrobotics.com\/wp-content\/uploads\/2019\/01\/big-mow-action-4-1.jpg\",\"datePublished\":\"2019-06-03T09:09:51+00:00\",\"dateModified\":\"2020-05-07T09:31:42+00:00\",\"breadcrumb\":{\"@id\":\"https:\/\/www.belrobotics.com\/sv\/fordelar\/#breadcrumb\"},\"inLanguage\":\"sv-SE\",\"potentialAction\":[{\"@type\":\"ReadAction\",\"target\":[\"https:\/\/www.belrobotics.com\/sv\/fordelar\/\"]}]},{\"@type\":\"ImageObject\",\"inLanguage\":\"sv-SE\",\"@id\":\"https:\/\/www.belrobotics.com\/sv\/fordelar\/#primaryimage\",\"url\":\"https:\/\/www.belrobotics.com\/wp-content\/uploads\/2019\/01\/big-mow-action-4-1.jpg\",\"contentUrl\":\"https:\/\/www.belrobotics.com\/wp-content\/uploads\/2019\/01\/big-mow-action-4-1.jpg\",\"width\":2251,\"height\":1745},{\"@type\":\"BreadcrumbList\",\"@id\":\"https:\/\/www.belrobotics.com\/sv\/fordelar\/#breadcrumb\",\"itemListElement\":[{\"@type\":\"ListItem\",\"position\":1,\"name\":\"Home\",\"item\":\"https:\/\/www.belrobotics.com\/sv\/\"},{\"@type\":\"ListItem\",\"position\":2,\"name\":\"Uppt\u00e4ck v\u00e5ra exklusiva f\u00f6rdelar.\"}]},{\"@type\":\"WebSite\",\"@id\":\"https:\/\/www.belrobotics.com\/sv\/#website\",\"url\":\"https:\/\/www.belrobotics.com\/sv\/\",\"name\":\"Belrobotics\",\"description\":\"The grass masters\",\"publisher\":{\"@id\":\"https:\/\/www.belrobotics.com\/sv\/#organization\"},\"potentialAction\":[{\"@type\":\"SearchAction\",\"target\":{\"@type\":\"EntryPoint\",\"urlTemplate\":\"https:\/\/www.belrobotics.com\/sv\/?s={search_term_string}\"},\"query-input\":{\"@type\":\"PropertyValueSpecification\",\"valueRequired\":true,\"valueName\":\"search_term_string\"}}],\"inLanguage\":\"sv-SE\"},{\"@type\":\"Organization\",\"@id\":\"https:\/\/www.belrobotics.com\/sv\/#organization\",\"name\":\"Belrobotics\",\"url\":\"https:\/\/www.belrobotics.com\/sv\/\",\"logo\":{\"@type\":\"ImageObject\",\"inLanguage\":\"sv-SE\",\"@id\":\"https:\/\/www.belrobotics.com\/sv\/#\/schema\/logo\/image\/\",\"url\":\"https:\/\/www.belrobotics.com\/wp-content\/uploads\/2019\/01\/logo-belrobotics.svg\",\"contentUrl\":\"https:\/\/www.belrobotics.com\/wp-content\/uploads\/2019\/01\/logo-belrobotics.svg\",\"width\":100,\"height\":16,\"caption\":\"Belrobotics\"},\"image\":{\"@id\":\"https:\/\/www.belrobotics.com\/sv\/#\/schema\/logo\/image\/\"},\"sameAs\":[\"https:\/\/www.facebook.com\/belrobotics\",\"https:\/\/www.youtube.com\/channel\/UCYgWBPRzEdXmUqLRL0JbUIw\",\"https:\/\/www.instagram.com\/belrobotics_europe\/\"]}]}<\/script>\n<!-- \/ Yoast SEO plugin. -->","yoast_head_json":{"title":"Uppt\u00e4ck v\u00e5ra exklusiva f\u00f6rdelar. - Belrobotics","robots":{"index":"index","follow":"follow","max-snippet":"max-snippet:-1","max-image-preview":"max-image-preview:large","max-video-preview":"max-video-preview:-1"},"canonical":"https:\/\/www.belrobotics.com\/sv\/fordelar\/","og_locale":"sv_SE","og_type":"article","og_title":"Uppt\u00e4ck v\u00e5ra exklusiva f\u00f6rdelar. - Belrobotics","og_description":"En perfekt klippning i automatiskt l\u00e4ge Fr\u00e5n och med nu \u00e4r varken storleken p\u00e5 det omr\u00e5de som ska klippas, kvaliteten p\u00e5 det resultat du vill uppn\u00e5 eller gr\u00f6nytans utseende n\u00e5got som g\u00f6r att du f\u00e5r jobba mer. Belrobotics k\u00e4nner b\u00e5de proffsens krav och de som bara \u00e4lskar vackra gr\u00e4smattor. V\u00e5ra robotl\u00f6sningar minskar den n\u00f6dv\u00e4ndiga arbetsinsatsen [&hellip;]","og_url":"https:\/\/www.belrobotics.com\/sv\/fordelar\/","og_site_name":"Belrobotics","article_publisher":"https:\/\/www.facebook.com\/belrobotics","article_modified_time":"2020-05-07T09:31:42+00:00","og_image":[{"width":2251,"height":1745,"url":"https:\/\/www.belrobotics.com\/wp-content\/uploads\/2019\/01\/big-mow-action-4-1.jpg","type":"image\/jpeg"}],"twitter_card":"summary_large_image","twitter_misc":{"Ber\u00e4knad l\u00e4stid":"1 minut"},"schema":{"@context":"https:\/\/schema.org","@graph":[{"@type":"WebPage","@id":"https:\/\/www.belrobotics.com\/sv\/fordelar\/","url":"https:\/\/www.belrobotics.com\/sv\/fordelar\/","name":"Uppt\u00e4ck v\u00e5ra exklusiva f\u00f6rdelar. - Belrobotics","isPartOf":{"@id":"https:\/\/www.belrobotics.com\/sv\/#website"},"primaryImageOfPage":{"@id":"https:\/\/www.belrobotics.com\/sv\/fordelar\/#primaryimage"},"image":{"@id":"https:\/\/www.belrobotics.com\/sv\/fordelar\/#primaryimage"},"thumbnailUrl":"https:\/\/www.belrobotics.com\/wp-content\/uploads\/2019\/01\/big-mow-action-4-1.jpg","datePublished":"2019-06-03T09:09:51+00:00","dateModified":"2020-05-07T09:31:42+00:00","breadcrumb":{"@id":"https:\/\/www.belrobotics.com\/sv\/fordelar\/#breadcrumb"},"inLanguage":"sv-SE","potentialAction":[{"@type":"ReadAction","target":["https:\/\/www.belrobotics.com\/sv\/fordelar\/"]}]},{"@type":"ImageObject","inLanguage":"sv-SE","@id":"https:\/\/www.belrobotics.com\/sv\/fordelar\/#primaryimage","url":"https:\/\/www.belrobotics.com\/wp-content\/uploads\/2019\/01\/big-mow-action-4-1.jpg","contentUrl":"https:\/\/www.belrobotics.com\/wp-content\/uploads\/2019\/01\/big-mow-action-4-1.jpg","width":2251,"height":1745},{"@type":"BreadcrumbList","@id":"https:\/\/www.belrobotics.com\/sv\/fordelar\/#breadcrumb","itemListElement":[{"@type":"ListItem","position":1,"name":"Home","item":"https:\/\/www.belrobotics.com\/sv\/"},{"@type":"ListItem","position":2,"name":"Uppt\u00e4ck v\u00e5ra exklusiva f\u00f6rdelar."}]},{"@type":"WebSite","@id":"https:\/\/www.belrobotics.com\/sv\/#website","url":"https:\/\/www.belrobotics.com\/sv\/","name":"Belrobotics","description":"The grass masters","publisher":{"@id":"https:\/\/www.belrobotics.com\/sv\/#organization"},"potentialAction":[{"@type":"SearchAction","target":{"@type":"EntryPoint","urlTemplate":"https:\/\/www.belrobotics.com\/sv\/?s={search_term_string}"},"query-input":{"@type":"PropertyValueSpecification","valueRequired":true,"valueName":"search_term_string"}}],"inLanguage":"sv-SE"},{"@type":"Organization","@id":"https:\/\/www.belrobotics.com\/sv\/#organization","name":"Belrobotics","url":"https:\/\/www.belrobotics.com\/sv\/","logo":{"@type":"ImageObject","inLanguage":"sv-SE","@id":"https:\/\/www.belrobotics.com\/sv\/#\/schema\/logo\/image\/","url":"https:\/\/www.belrobotics.com\/wp-content\/uploads\/2019\/01\/logo-belrobotics.svg","contentUrl":"https:\/\/www.belrobotics.com\/wp-content\/uploads\/2019\/01\/logo-belrobotics.svg","width":100,"height":16,"caption":"Belrobotics"},"image":{"@id":"https:\/\/www.belrobotics.com\/sv\/#\/schema\/logo\/image\/"},"sameAs":["https:\/\/www.facebook.com\/belrobotics","https:\/\/www.youtube.com\/channel\/UCYgWBPRzEdXmUqLRL0JbUIw","https:\/\/www.instagram.com\/belrobotics_europe\/"]}]}},"_links":{"self":[{"href":"https:\/\/www.belrobotics.com\/sv\/wp-json\/wp\/v2\/pages\/6497","targetHints":{"allow":["GET"]}}],"collection":[{"href":"https:\/\/www.belrobotics.com\/sv\/wp-json\/wp\/v2\/pages"}],"about":[{"href":"https:\/\/www.belrobotics.com\/sv\/wp-json\/wp\/v2\/types\/page"}],"author":[{"embeddable":true,"href":"https:\/\/www.belrobotics.com\/sv\/wp-json\/wp\/v2\/users\/9"}],"replies":[{"embeddable":true,"href":"https:\/\/www.belrobotics.com\/sv\/wp-json\/wp\/v2\/comments?post=6497"}],"version-history":[{"count":0,"href":"https:\/\/www.belrobotics.com\/sv\/wp-json\/wp\/v2\/pages\/6497\/revisions"}],"wp:featuredmedia":[{"embeddable":true,"href":"https:\/\/www.belrobotics.com\/sv\/wp-json\/wp\/v2\/media\/3628"}],"wp:attachment":[{"href":"https:\/\/www.belrobotics.com\/sv\/wp-json\/wp\/v2\/media?parent=6497"}],"curies":[{"name":"wp","href":"https:\/\/api.w.org\/{rel}","templated":true}]}}