{"id":6496,"date":"2019-06-03T10:09:37","date_gmt":"2019-06-03T09:09:37","guid":{"rendered":"https:\/\/belrobotics.andromede.digital\/sportklubbar\/"},"modified":"2019-07-19T09:12:26","modified_gmt":"2019-07-19T08:12:26","slug":"sportklubbar","status":"publish","type":"page","link":"https:\/\/www.belrobotics.com\/sv\/sportklubbar\/","title":{"rendered":"Sportklubbar"},"content":{"rendered":"<h3>F\u00f6rb\u00e4ttra gr\u00e4skvaliteten och kalibrera spelf\u00f6rh\u00e5llandena<\/h3>\n<p>Bigmow \u00e4r den perfekta l\u00f6sningen f\u00f6r dina idrottsplatser f\u00f6r alla sporter som spelas p\u00e5 gr\u00e4s. Hundratals klubbar anv\u00e4nder redan dem f\u00f6r att f\u00f6rb\u00e4ttra gr\u00e4skvaliteten och g\u00f6ra betydande besparingar. Enhetlig klippning, 3\u20135 ggr per vecka och en besparing p\u00e5 50\u00a0%. Din idrottsplan kommer att vara i toppskick utan m\u00e4nsklig inblandning.<\/p>\n","protected":false},"excerpt":{"rendered":"<p>F\u00f6rb\u00e4ttra gr\u00e4skvaliteten och kalibrera spelf\u00f6rh\u00e5llandena Bigmow \u00e4r den perfekta l\u00f6sningen f\u00f6r dina idrottsplatser f\u00f6r alla sporter som spelas p\u00e5 gr\u00e4s. Hundratals klubbar anv\u00e4nder redan dem f\u00f6r att f\u00f6rb\u00e4ttra gr\u00e4skvaliteten och g\u00f6ra betydande besparingar. Enhetlig klippning, 3\u20135 ggr per vecka och en besparing p\u00e5 50\u00a0%. Din idrottsplan kommer att vara i toppskick utan m\u00e4nsklig inblandning.<\/p>\n","protected":false},"author":9,"featured_media":3767,"parent":0,"menu_order":0,"comment_status":"closed","ping_status":"closed","template":"utilisation.php","meta":{"_acf_changed":false,"footnotes":""},"class_list":["post-6496","page","type-page","status-publish","has-post-thumbnail","hentry"],"acf":[],"yoast_head":"<!-- This site is optimized with the Yoast SEO plugin v26.9 - https:\/\/yoast.com\/product\/yoast-seo-wordpress\/ -->\n<title>Sportklubbar - Belrobotics<\/title>\n<meta name=\"robots\" content=\"index, follow, max-snippet:-1, max-image-preview:large, max-video-preview:-1\" \/>\n<link rel=\"canonical\" href=\"https:\/\/www.belrobotics.com\/sv\/sportklubbar\/\" \/>\n<meta property=\"og:locale\" content=\"sv_SE\" \/>\n<meta property=\"og:type\" content=\"article\" \/>\n<meta property=\"og:title\" content=\"Sportklubbar - Belrobotics\" \/>\n<meta property=\"og:description\" content=\"F\u00f6rb\u00e4ttra gr\u00e4skvaliteten och kalibrera spelf\u00f6rh\u00e5llandena Bigmow \u00e4r den perfekta l\u00f6sningen f\u00f6r dina idrottsplatser f\u00f6r alla sporter som spelas p\u00e5 gr\u00e4s. Hundratals klubbar anv\u00e4nder redan dem f\u00f6r att f\u00f6rb\u00e4ttra gr\u00e4skvaliteten och g\u00f6ra betydande besparingar. Enhetlig klippning, 3\u20135 ggr per vecka och en besparing p\u00e5 50\u00a0%. Din idrottsplan kommer att vara i toppskick utan m\u00e4nsklig inblandning.\" \/>\n<meta property=\"og:url\" content=\"https:\/\/www.belrobotics.com\/sv\/sportklubbar\/\" \/>\n<meta property=\"og:site_name\" content=\"Belrobotics\" \/>\n<meta property=\"article:publisher\" content=\"https:\/\/www.facebook.com\/belrobotics\" \/>\n<meta property=\"article:modified_time\" content=\"2019-07-19T08:12:26+00:00\" \/>\n<meta property=\"og:image\" content=\"https:\/\/www.belrobotics.com\/wp-content\/uploads\/2019\/01\/big-mow-action-2-1.jpg\" \/>\n\t<meta property=\"og:image:width\" content=\"2251\" \/>\n\t<meta property=\"og:image:height\" content=\"1745\" \/>\n\t<meta property=\"og:image:type\" content=\"image\/jpeg\" \/>\n<meta name=\"twitter:card\" content=\"summary_large_image\" \/>\n<script type=\"application\/ld+json\" class=\"yoast-schema-graph\">{\"@context\":\"https:\/\/schema.org\",\"@graph\":[{\"@type\":\"WebPage\",\"@id\":\"https:\/\/www.belrobotics.com\/sv\/sportklubbar\/\",\"url\":\"https:\/\/www.belrobotics.com\/sv\/sportklubbar\/\",\"name\":\"Sportklubbar - Belrobotics\",\"isPartOf\":{\"@id\":\"https:\/\/www.belrobotics.com\/sv\/#website\"},\"primaryImageOfPage\":{\"@id\":\"https:\/\/www.belrobotics.com\/sv\/sportklubbar\/#primaryimage\"},\"image\":{\"@id\":\"https:\/\/www.belrobotics.com\/sv\/sportklubbar\/#primaryimage\"},\"thumbnailUrl\":\"https:\/\/www.belrobotics.com\/wp-content\/uploads\/2019\/01\/big-mow-action-2-1.jpg\",\"datePublished\":\"2019-06-03T09:09:37+00:00\",\"dateModified\":\"2019-07-19T08:12:26+00:00\",\"breadcrumb\":{\"@id\":\"https:\/\/www.belrobotics.com\/sv\/sportklubbar\/#breadcrumb\"},\"inLanguage\":\"sv-SE\",\"potentialAction\":[{\"@type\":\"ReadAction\",\"target\":[\"https:\/\/www.belrobotics.com\/sv\/sportklubbar\/\"]}]},{\"@type\":\"ImageObject\",\"inLanguage\":\"sv-SE\",\"@id\":\"https:\/\/www.belrobotics.com\/sv\/sportklubbar\/#primaryimage\",\"url\":\"https:\/\/www.belrobotics.com\/wp-content\/uploads\/2019\/01\/big-mow-action-2-1.jpg\",\"contentUrl\":\"https:\/\/www.belrobotics.com\/wp-content\/uploads\/2019\/01\/big-mow-action-2-1.jpg\",\"width\":2251,\"height\":1745,\"caption\":\"Fotbollsplan, klippt av en Bigmow-klippare\"},{\"@type\":\"BreadcrumbList\",\"@id\":\"https:\/\/www.belrobotics.com\/sv\/sportklubbar\/#breadcrumb\",\"itemListElement\":[{\"@type\":\"ListItem\",\"position\":1,\"name\":\"Home\",\"item\":\"https:\/\/www.belrobotics.com\/sv\/\"},{\"@type\":\"ListItem\",\"position\":2,\"name\":\"Sportklubbar\"}]},{\"@type\":\"WebSite\",\"@id\":\"https:\/\/www.belrobotics.com\/sv\/#website\",\"url\":\"https:\/\/www.belrobotics.com\/sv\/\",\"name\":\"Belrobotics\",\"description\":\"The grass masters\",\"publisher\":{\"@id\":\"https:\/\/www.belrobotics.com\/sv\/#organization\"},\"potentialAction\":[{\"@type\":\"SearchAction\",\"target\":{\"@type\":\"EntryPoint\",\"urlTemplate\":\"https:\/\/www.belrobotics.com\/sv\/?s={search_term_string}\"},\"query-input\":{\"@type\":\"PropertyValueSpecification\",\"valueRequired\":true,\"valueName\":\"search_term_string\"}}],\"inLanguage\":\"sv-SE\"},{\"@type\":\"Organization\",\"@id\":\"https:\/\/www.belrobotics.com\/sv\/#organization\",\"name\":\"Belrobotics\",\"url\":\"https:\/\/www.belrobotics.com\/sv\/\",\"logo\":{\"@type\":\"ImageObject\",\"inLanguage\":\"sv-SE\",\"@id\":\"https:\/\/www.belrobotics.com\/sv\/#\/schema\/logo\/image\/\",\"url\":\"https:\/\/www.belrobotics.com\/wp-content\/uploads\/2019\/01\/logo-belrobotics.svg\",\"contentUrl\":\"https:\/\/www.belrobotics.com\/wp-content\/uploads\/2019\/01\/logo-belrobotics.svg\",\"width\":100,\"height\":16,\"caption\":\"Belrobotics\"},\"image\":{\"@id\":\"https:\/\/www.belrobotics.com\/sv\/#\/schema\/logo\/image\/\"},\"sameAs\":[\"https:\/\/www.facebook.com\/belrobotics\",\"https:\/\/www.youtube.com\/channel\/UCYgWBPRzEdXmUqLRL0JbUIw\",\"https:\/\/www.instagram.com\/belrobotics_europe\/\"]}]}<\/script>\n<!-- \/ Yoast SEO plugin. -->","yoast_head_json":{"title":"Sportklubbar - Belrobotics","robots":{"index":"index","follow":"follow","max-snippet":"max-snippet:-1","max-image-preview":"max-image-preview:large","max-video-preview":"max-video-preview:-1"},"canonical":"https:\/\/www.belrobotics.com\/sv\/sportklubbar\/","og_locale":"sv_SE","og_type":"article","og_title":"Sportklubbar - Belrobotics","og_description":"F\u00f6rb\u00e4ttra gr\u00e4skvaliteten och kalibrera spelf\u00f6rh\u00e5llandena Bigmow \u00e4r den perfekta l\u00f6sningen f\u00f6r dina idrottsplatser f\u00f6r alla sporter som spelas p\u00e5 gr\u00e4s. Hundratals klubbar anv\u00e4nder redan dem f\u00f6r att f\u00f6rb\u00e4ttra gr\u00e4skvaliteten och g\u00f6ra betydande besparingar. Enhetlig klippning, 3\u20135 ggr per vecka och en besparing p\u00e5 50\u00a0%. Din idrottsplan kommer att vara i toppskick utan m\u00e4nsklig inblandning.","og_url":"https:\/\/www.belrobotics.com\/sv\/sportklubbar\/","og_site_name":"Belrobotics","article_publisher":"https:\/\/www.facebook.com\/belrobotics","article_modified_time":"2019-07-19T08:12:26+00:00","og_image":[{"width":2251,"height":1745,"url":"https:\/\/www.belrobotics.com\/wp-content\/uploads\/2019\/01\/big-mow-action-2-1.jpg","type":"image\/jpeg"}],"twitter_card":"summary_large_image","schema":{"@context":"https:\/\/schema.org","@graph":[{"@type":"WebPage","@id":"https:\/\/www.belrobotics.com\/sv\/sportklubbar\/","url":"https:\/\/www.belrobotics.com\/sv\/sportklubbar\/","name":"Sportklubbar - Belrobotics","isPartOf":{"@id":"https:\/\/www.belrobotics.com\/sv\/#website"},"primaryImageOfPage":{"@id":"https:\/\/www.belrobotics.com\/sv\/sportklubbar\/#primaryimage"},"image":{"@id":"https:\/\/www.belrobotics.com\/sv\/sportklubbar\/#primaryimage"},"thumbnailUrl":"https:\/\/www.belrobotics.com\/wp-content\/uploads\/2019\/01\/big-mow-action-2-1.jpg","datePublished":"2019-06-03T09:09:37+00:00","dateModified":"2019-07-19T08:12:26+00:00","breadcrumb":{"@id":"https:\/\/www.belrobotics.com\/sv\/sportklubbar\/#breadcrumb"},"inLanguage":"sv-SE","potentialAction":[{"@type":"ReadAction","target":["https:\/\/www.belrobotics.com\/sv\/sportklubbar\/"]}]},{"@type":"ImageObject","inLanguage":"sv-SE","@id":"https:\/\/www.belrobotics.com\/sv\/sportklubbar\/#primaryimage","url":"https:\/\/www.belrobotics.com\/wp-content\/uploads\/2019\/01\/big-mow-action-2-1.jpg","contentUrl":"https:\/\/www.belrobotics.com\/wp-content\/uploads\/2019\/01\/big-mow-action-2-1.jpg","width":2251,"height":1745,"caption":"Fotbollsplan, klippt av en Bigmow-klippare"},{"@type":"BreadcrumbList","@id":"https:\/\/www.belrobotics.com\/sv\/sportklubbar\/#breadcrumb","itemListElement":[{"@type":"ListItem","position":1,"name":"Home","item":"https:\/\/www.belrobotics.com\/sv\/"},{"@type":"ListItem","position":2,"name":"Sportklubbar"}]},{"@type":"WebSite","@id":"https:\/\/www.belrobotics.com\/sv\/#website","url":"https:\/\/www.belrobotics.com\/sv\/","name":"Belrobotics","description":"The grass masters","publisher":{"@id":"https:\/\/www.belrobotics.com\/sv\/#organization"},"potentialAction":[{"@type":"SearchAction","target":{"@type":"EntryPoint","urlTemplate":"https:\/\/www.belrobotics.com\/sv\/?s={search_term_string}"},"query-input":{"@type":"PropertyValueSpecification","valueRequired":true,"valueName":"search_term_string"}}],"inLanguage":"sv-SE"},{"@type":"Organization","@id":"https:\/\/www.belrobotics.com\/sv\/#organization","name":"Belrobotics","url":"https:\/\/www.belrobotics.com\/sv\/","logo":{"@type":"ImageObject","inLanguage":"sv-SE","@id":"https:\/\/www.belrobotics.com\/sv\/#\/schema\/logo\/image\/","url":"https:\/\/www.belrobotics.com\/wp-content\/uploads\/2019\/01\/logo-belrobotics.svg","contentUrl":"https:\/\/www.belrobotics.com\/wp-content\/uploads\/2019\/01\/logo-belrobotics.svg","width":100,"height":16,"caption":"Belrobotics"},"image":{"@id":"https:\/\/www.belrobotics.com\/sv\/#\/schema\/logo\/image\/"},"sameAs":["https:\/\/www.facebook.com\/belrobotics","https:\/\/www.youtube.com\/channel\/UCYgWBPRzEdXmUqLRL0JbUIw","https:\/\/www.instagram.com\/belrobotics_europe\/"]}]}},"_links":{"self":[{"href":"https:\/\/www.belrobotics.com\/sv\/wp-json\/wp\/v2\/pages\/6496","targetHints":{"allow":["GET"]}}],"collection":[{"href":"https:\/\/www.belrobotics.com\/sv\/wp-json\/wp\/v2\/pages"}],"about":[{"href":"https:\/\/www.belrobotics.com\/sv\/wp-json\/wp\/v2\/types\/page"}],"author":[{"embeddable":true,"href":"https:\/\/www.belrobotics.com\/sv\/wp-json\/wp\/v2\/users\/9"}],"replies":[{"embeddable":true,"href":"https:\/\/www.belrobotics.com\/sv\/wp-json\/wp\/v2\/comments?post=6496"}],"version-history":[{"count":0,"href":"https:\/\/www.belrobotics.com\/sv\/wp-json\/wp\/v2\/pages\/6496\/revisions"}],"wp:featuredmedia":[{"embeddable":true,"href":"https:\/\/www.belrobotics.com\/sv\/wp-json\/wp\/v2\/media\/3767"}],"wp:attachment":[{"href":"https:\/\/www.belrobotics.com\/sv\/wp-json\/wp\/v2\/media?parent=6496"}],"curies":[{"name":"wp","href":"https:\/\/api.w.org\/{rel}","templated":true}]}}