{"id":6495,"date":"2019-06-03T10:09:28","date_gmt":"2019-06-03T09:09:28","guid":{"rendered":"https:\/\/belrobotics.andromede.digital\/golfklubbar\/"},"modified":"2024-03-20T17:40:05","modified_gmt":"2024-03-20T16:40:05","slug":"golfklubbar","status":"publish","type":"page","link":"https:\/\/www.belrobotics.com\/sv\/golfklubbar\/","title":{"rendered":"Golfklubbar"},"content":{"rendered":"<h3>Automatisera sk\u00f6tseln av din gr\u00e4smatta med klippning och bolluppsamling p\u00e5 driving rangen<\/h3>\n<p>Medan Bigmow-golfklipparen sk\u00f6ter gr\u00e4smattan, med s\u00e4rskild uppm\u00e4rksamhet p\u00e5 att klippa rough och semi-rough p\u00e5 fairway, \u00e4r Ballpicker upptagen p\u00e5 din driving range med att samla in bollar. Denna duo arbetar i harmoni och erbjuder greenkeepers en komplett och effektiv automatiseringsl\u00f6sning. Dag som natt kan du delegera hanteringen av en yta p\u00e5 upp till 75 000 m\u00b2 f\u00f6r v\u00e5r Bigmow och 45 000 m\u00b2 f\u00f6r v\u00e5r Ballpicker, samtidigt som du garanterar insamling av upp till 15 000 bollar per 24-timmarsperiod.<\/p>\n","protected":false},"excerpt":{"rendered":"<p>Automatisera sk\u00f6tseln av din gr\u00e4smatta med klippning och bolluppsamling p\u00e5 driving rangen Medan Bigmow-golfklipparen sk\u00f6ter gr\u00e4smattan, med s\u00e4rskild uppm\u00e4rksamhet p\u00e5 att klippa rough och semi-rough p\u00e5 fairway, \u00e4r Ballpicker upptagen p\u00e5 din driving range med att samla in bollar. Denna duo arbetar i harmoni och erbjuder greenkeepers en komplett och effektiv automatiseringsl\u00f6sning. Dag som natt [&hellip;]<\/p>\n","protected":false},"author":9,"featured_media":34170,"parent":0,"menu_order":0,"comment_status":"closed","ping_status":"closed","template":"utilisation.php","meta":{"_acf_changed":false,"footnotes":""},"class_list":["post-6495","page","type-page","status-publish","has-post-thumbnail","hentry"],"acf":[],"yoast_head":"<!-- This site is optimized with the Yoast SEO plugin v26.9 - https:\/\/yoast.com\/product\/yoast-seo-wordpress\/ -->\n<title>Golfklubbar - Belrobotics<\/title>\n<meta name=\"robots\" content=\"index, follow, max-snippet:-1, max-image-preview:large, max-video-preview:-1\" \/>\n<link rel=\"canonical\" href=\"https:\/\/www.belrobotics.com\/sv\/golfklubbar\/\" \/>\n<meta property=\"og:locale\" content=\"sv_SE\" \/>\n<meta property=\"og:type\" content=\"article\" \/>\n<meta property=\"og:title\" content=\"Golfklubbar - Belrobotics\" \/>\n<meta property=\"og:description\" content=\"Automatisera sk\u00f6tseln av din gr\u00e4smatta med klippning och bolluppsamling p\u00e5 driving rangen Medan Bigmow-golfklipparen sk\u00f6ter gr\u00e4smattan, med s\u00e4rskild uppm\u00e4rksamhet p\u00e5 att klippa rough och semi-rough p\u00e5 fairway, \u00e4r Ballpicker upptagen p\u00e5 din driving range med att samla in bollar. Denna duo arbetar i harmoni och erbjuder greenkeepers en komplett och effektiv automatiseringsl\u00f6sning. Dag som natt [&hellip;]\" \/>\n<meta property=\"og:url\" content=\"https:\/\/www.belrobotics.com\/sv\/golfklubbar\/\" \/>\n<meta property=\"og:site_name\" content=\"Belrobotics\" \/>\n<meta property=\"article:publisher\" content=\"https:\/\/www.facebook.com\/belrobotics\" \/>\n<meta property=\"article:modified_time\" content=\"2024-03-20T16:40:05+00:00\" \/>\n<meta property=\"og:image\" content=\"https:\/\/www.belrobotics.com\/wp-content\/uploads\/2024\/03\/Mowers-scaled.webp\" \/>\n\t<meta property=\"og:image:width\" content=\"2560\" \/>\n\t<meta property=\"og:image:height\" content=\"1707\" \/>\n\t<meta property=\"og:image:type\" content=\"image\/webp\" \/>\n<meta name=\"twitter:card\" content=\"summary_large_image\" \/>\n<meta name=\"twitter:label1\" content=\"Ber\u00e4knad l\u00e4stid\" \/>\n\t<meta name=\"twitter:data1\" content=\"5 minuter\" \/>\n<script type=\"application\/ld+json\" class=\"yoast-schema-graph\">{\"@context\":\"https:\/\/schema.org\",\"@graph\":[{\"@type\":\"WebPage\",\"@id\":\"https:\/\/www.belrobotics.com\/sv\/golfklubbar\/\",\"url\":\"https:\/\/www.belrobotics.com\/sv\/golfklubbar\/\",\"name\":\"Golfklubbar - Belrobotics\",\"isPartOf\":{\"@id\":\"https:\/\/www.belrobotics.com\/sv\/#website\"},\"primaryImageOfPage\":{\"@id\":\"https:\/\/www.belrobotics.com\/sv\/golfklubbar\/#primaryimage\"},\"image\":{\"@id\":\"https:\/\/www.belrobotics.com\/sv\/golfklubbar\/#primaryimage\"},\"thumbnailUrl\":\"https:\/\/www.belrobotics.com\/wp-content\/uploads\/2024\/03\/Mowers-scaled.webp\",\"datePublished\":\"2019-06-03T09:09:28+00:00\",\"dateModified\":\"2024-03-20T16:40:05+00:00\",\"breadcrumb\":{\"@id\":\"https:\/\/www.belrobotics.com\/sv\/golfklubbar\/#breadcrumb\"},\"inLanguage\":\"sv-SE\",\"potentialAction\":[{\"@type\":\"ReadAction\",\"target\":[\"https:\/\/www.belrobotics.com\/sv\/golfklubbar\/\"]}]},{\"@type\":\"ImageObject\",\"inLanguage\":\"sv-SE\",\"@id\":\"https:\/\/www.belrobotics.com\/sv\/golfklubbar\/#primaryimage\",\"url\":\"https:\/\/www.belrobotics.com\/wp-content\/uploads\/2024\/03\/Mowers-scaled.webp\",\"contentUrl\":\"https:\/\/www.belrobotics.com\/wp-content\/uploads\/2024\/03\/Mowers-scaled.webp\",\"width\":2560,\"height\":1707},{\"@type\":\"BreadcrumbList\",\"@id\":\"https:\/\/www.belrobotics.com\/sv\/golfklubbar\/#breadcrumb\",\"itemListElement\":[{\"@type\":\"ListItem\",\"position\":1,\"name\":\"Home\",\"item\":\"https:\/\/www.belrobotics.com\/sv\/\"},{\"@type\":\"ListItem\",\"position\":2,\"name\":\"Golfklubbar\"}]},{\"@type\":\"WebSite\",\"@id\":\"https:\/\/www.belrobotics.com\/sv\/#website\",\"url\":\"https:\/\/www.belrobotics.com\/sv\/\",\"name\":\"Belrobotics\",\"description\":\"The grass masters\",\"publisher\":{\"@id\":\"https:\/\/www.belrobotics.com\/sv\/#organization\"},\"potentialAction\":[{\"@type\":\"SearchAction\",\"target\":{\"@type\":\"EntryPoint\",\"urlTemplate\":\"https:\/\/www.belrobotics.com\/sv\/?s={search_term_string}\"},\"query-input\":{\"@type\":\"PropertyValueSpecification\",\"valueRequired\":true,\"valueName\":\"search_term_string\"}}],\"inLanguage\":\"sv-SE\"},{\"@type\":\"Organization\",\"@id\":\"https:\/\/www.belrobotics.com\/sv\/#organization\",\"name\":\"Belrobotics\",\"url\":\"https:\/\/www.belrobotics.com\/sv\/\",\"logo\":{\"@type\":\"ImageObject\",\"inLanguage\":\"sv-SE\",\"@id\":\"https:\/\/www.belrobotics.com\/sv\/#\/schema\/logo\/image\/\",\"url\":\"https:\/\/www.belrobotics.com\/wp-content\/uploads\/2019\/01\/logo-belrobotics.svg\",\"contentUrl\":\"https:\/\/www.belrobotics.com\/wp-content\/uploads\/2019\/01\/logo-belrobotics.svg\",\"width\":100,\"height\":16,\"caption\":\"Belrobotics\"},\"image\":{\"@id\":\"https:\/\/www.belrobotics.com\/sv\/#\/schema\/logo\/image\/\"},\"sameAs\":[\"https:\/\/www.facebook.com\/belrobotics\",\"https:\/\/www.youtube.com\/channel\/UCYgWBPRzEdXmUqLRL0JbUIw\",\"https:\/\/www.instagram.com\/belrobotics_europe\/\"]}]}<\/script>\n<!-- \/ Yoast SEO plugin. -->","yoast_head_json":{"title":"Golfklubbar - Belrobotics","robots":{"index":"index","follow":"follow","max-snippet":"max-snippet:-1","max-image-preview":"max-image-preview:large","max-video-preview":"max-video-preview:-1"},"canonical":"https:\/\/www.belrobotics.com\/sv\/golfklubbar\/","og_locale":"sv_SE","og_type":"article","og_title":"Golfklubbar - Belrobotics","og_description":"Automatisera sk\u00f6tseln av din gr\u00e4smatta med klippning och bolluppsamling p\u00e5 driving rangen Medan Bigmow-golfklipparen sk\u00f6ter gr\u00e4smattan, med s\u00e4rskild uppm\u00e4rksamhet p\u00e5 att klippa rough och semi-rough p\u00e5 fairway, \u00e4r Ballpicker upptagen p\u00e5 din driving range med att samla in bollar. Denna duo arbetar i harmoni och erbjuder greenkeepers en komplett och effektiv automatiseringsl\u00f6sning. Dag som natt [&hellip;]","og_url":"https:\/\/www.belrobotics.com\/sv\/golfklubbar\/","og_site_name":"Belrobotics","article_publisher":"https:\/\/www.facebook.com\/belrobotics","article_modified_time":"2024-03-20T16:40:05+00:00","og_image":[{"width":2560,"height":1707,"url":"https:\/\/www.belrobotics.com\/wp-content\/uploads\/2024\/03\/Mowers-scaled.webp","type":"image\/webp"}],"twitter_card":"summary_large_image","twitter_misc":{"Ber\u00e4knad l\u00e4stid":"5 minuter"},"schema":{"@context":"https:\/\/schema.org","@graph":[{"@type":"WebPage","@id":"https:\/\/www.belrobotics.com\/sv\/golfklubbar\/","url":"https:\/\/www.belrobotics.com\/sv\/golfklubbar\/","name":"Golfklubbar - Belrobotics","isPartOf":{"@id":"https:\/\/www.belrobotics.com\/sv\/#website"},"primaryImageOfPage":{"@id":"https:\/\/www.belrobotics.com\/sv\/golfklubbar\/#primaryimage"},"image":{"@id":"https:\/\/www.belrobotics.com\/sv\/golfklubbar\/#primaryimage"},"thumbnailUrl":"https:\/\/www.belrobotics.com\/wp-content\/uploads\/2024\/03\/Mowers-scaled.webp","datePublished":"2019-06-03T09:09:28+00:00","dateModified":"2024-03-20T16:40:05+00:00","breadcrumb":{"@id":"https:\/\/www.belrobotics.com\/sv\/golfklubbar\/#breadcrumb"},"inLanguage":"sv-SE","potentialAction":[{"@type":"ReadAction","target":["https:\/\/www.belrobotics.com\/sv\/golfklubbar\/"]}]},{"@type":"ImageObject","inLanguage":"sv-SE","@id":"https:\/\/www.belrobotics.com\/sv\/golfklubbar\/#primaryimage","url":"https:\/\/www.belrobotics.com\/wp-content\/uploads\/2024\/03\/Mowers-scaled.webp","contentUrl":"https:\/\/www.belrobotics.com\/wp-content\/uploads\/2024\/03\/Mowers-scaled.webp","width":2560,"height":1707},{"@type":"BreadcrumbList","@id":"https:\/\/www.belrobotics.com\/sv\/golfklubbar\/#breadcrumb","itemListElement":[{"@type":"ListItem","position":1,"name":"Home","item":"https:\/\/www.belrobotics.com\/sv\/"},{"@type":"ListItem","position":2,"name":"Golfklubbar"}]},{"@type":"WebSite","@id":"https:\/\/www.belrobotics.com\/sv\/#website","url":"https:\/\/www.belrobotics.com\/sv\/","name":"Belrobotics","description":"The grass masters","publisher":{"@id":"https:\/\/www.belrobotics.com\/sv\/#organization"},"potentialAction":[{"@type":"SearchAction","target":{"@type":"EntryPoint","urlTemplate":"https:\/\/www.belrobotics.com\/sv\/?s={search_term_string}"},"query-input":{"@type":"PropertyValueSpecification","valueRequired":true,"valueName":"search_term_string"}}],"inLanguage":"sv-SE"},{"@type":"Organization","@id":"https:\/\/www.belrobotics.com\/sv\/#organization","name":"Belrobotics","url":"https:\/\/www.belrobotics.com\/sv\/","logo":{"@type":"ImageObject","inLanguage":"sv-SE","@id":"https:\/\/www.belrobotics.com\/sv\/#\/schema\/logo\/image\/","url":"https:\/\/www.belrobotics.com\/wp-content\/uploads\/2019\/01\/logo-belrobotics.svg","contentUrl":"https:\/\/www.belrobotics.com\/wp-content\/uploads\/2019\/01\/logo-belrobotics.svg","width":100,"height":16,"caption":"Belrobotics"},"image":{"@id":"https:\/\/www.belrobotics.com\/sv\/#\/schema\/logo\/image\/"},"sameAs":["https:\/\/www.facebook.com\/belrobotics","https:\/\/www.youtube.com\/channel\/UCYgWBPRzEdXmUqLRL0JbUIw","https:\/\/www.instagram.com\/belrobotics_europe\/"]}]}},"_links":{"self":[{"href":"https:\/\/www.belrobotics.com\/sv\/wp-json\/wp\/v2\/pages\/6495","targetHints":{"allow":["GET"]}}],"collection":[{"href":"https:\/\/www.belrobotics.com\/sv\/wp-json\/wp\/v2\/pages"}],"about":[{"href":"https:\/\/www.belrobotics.com\/sv\/wp-json\/wp\/v2\/types\/page"}],"author":[{"embeddable":true,"href":"https:\/\/www.belrobotics.com\/sv\/wp-json\/wp\/v2\/users\/9"}],"replies":[{"embeddable":true,"href":"https:\/\/www.belrobotics.com\/sv\/wp-json\/wp\/v2\/comments?post=6495"}],"version-history":[{"count":3,"href":"https:\/\/www.belrobotics.com\/sv\/wp-json\/wp\/v2\/pages\/6495\/revisions"}],"predecessor-version":[{"id":34356,"href":"https:\/\/www.belrobotics.com\/sv\/wp-json\/wp\/v2\/pages\/6495\/revisions\/34356"}],"wp:featuredmedia":[{"embeddable":true,"href":"https:\/\/www.belrobotics.com\/sv\/wp-json\/wp\/v2\/media\/34170"}],"wp:attachment":[{"href":"https:\/\/www.belrobotics.com\/sv\/wp-json\/wp\/v2\/media?parent=6495"}],"curies":[{"name":"wp","href":"https:\/\/api.w.org\/{rel}","templated":true}]}}