{"id":6148,"date":"2019-05-28T09:31:51","date_gmt":"2019-05-28T08:31:51","guid":{"rendered":"https:\/\/belrobotics.andromede.digital\/ansvarsfriskrivning\/"},"modified":"2019-05-28T09:31:51","modified_gmt":"2019-05-28T08:31:51","slug":"ansvarsfriskrivning","status":"publish","type":"page","link":"https:\/\/www.belrobotics.com\/sv\/ansvarsfriskrivning\/","title":{"rendered":"Ansvarsfriskrivning"},"content":{"rendered":"<p align=\"center\"><strong>YAMABIKO EUROPE S.A.<\/strong><\/p>\n<p align=\"center\">HUVUDKONTOR: Avenue Lavoisier 16\/B, 1300 Wavre, Belgien<\/p>\n<p align=\"center\">B.C.E. 0477.194.468<\/p>\n<p align=\"center\">Telefon: +32 10 48 00 36<\/p>\n<p align=\"center\">E-post:\u00a0<a href=\"mailto:dataprivacy@yamabiko.eu\">dataprivacy@yamabiko.eu<\/a><\/p>\n<p align=\"center\">\n<p align=\"center\">VILLKOR F\u00d6R ANV\u00c4NDNING AV WEBBPLATSEN\u00a0<a href=\"https:\/\/www.belrobotics.com\/\">https:\/\/www.belrobotics.com<\/a><\/p>\n<p>&nbsp;<\/p>\n<p><strong>1.\u00a0\u00a0\u00a0\u00a0\u00a0\u00a0\u00a0\u00a0 Webbplatsens m\u00e5ls\u00e4ttningar och allm\u00e4nna anv\u00e4ndarvillkor<\/strong><\/p>\n<p>YAMABIKO EUROPE erbjuder tj\u00e4nster inom omr\u00e5det f\u00f6r f\u00f6rs\u00e4ljning och underh\u00e5ll av robotgr\u00e4sklippare, h\u00e4cksaxar, bladbl\u00e5sare och motors\u00e5gar f\u00f6r f\u00f6ljande m\u00e4rken \u2013 Belrobotics, Echo och Shindaiwa.<\/p>\n<p><a href=\"http:\/\/www.traitdeco.be\/\">www.belrobotics.com<\/a>\u00a0anv\u00e4nds f\u00f6r att presentera aktiviteter och tj\u00e4nster, robotgr\u00e4sklipparna och YAMABIKO EUROPE-konceptet, samt publicera relevanta artiklar och nyhetsartiklar.<\/p>\n<p>De nuvarande allm\u00e4nna anv\u00e4ndarvillkoren kan uppdateras n\u00e4r som helst utan f\u00f6reg\u00e5ende meddelande. Anv\u00e4ndaren rekommenderas d\u00e4rf\u00f6r regelbundet att konsultera dessa villkor.\u00a0 Varje s\u00e5dan uppdatering tr\u00e4der i kraft s\u00e5 snart den publiceras p\u00e5 n\u00e4tet.<\/p>\n<p>Om n\u00e5got av de aktuella allm\u00e4nna anv\u00e4ndarvillkoren av n\u00e5gon anledning ogiltigf\u00f6rklaras eller blir oanv\u00e4ndbart, kommer en s\u00e5dan ogiltighet eller oanv\u00e4ndbarhet inte att g\u00f6ra ogiltiga eller oanv\u00e4ndbara n\u00e5gra av de \u00f6vriga delarna i de allm\u00e4nna anv\u00e4ndarvillkoren.<\/p>\n<p><strong>2.\u00a0\u00a0\u00a0\u00a0\u00a0\u00a0\u00a0\u00a0 Anv\u00e4ndning av denna webbplats<\/strong><\/p>\n<p><a href=\"http:\/\/www.sospme.be\/\">www.belrobotics.com<\/a>\u00a0g\u00f6rs tillg\u00e4nglig f\u00f6r anv\u00e4ndare, f\u00f6r deras personliga anv\u00e4ndning, underst\u00e4llt nedanst\u00e5ende villkor. Anv\u00e4ndning av denna webbplats inneb\u00e4r f\u00f6rbeh\u00e5llsl\u00f6st godk\u00e4nnande av alla anv\u00e4ndarvillkor.<\/p>\n<p><a href=\"http:\/\/www.sospme.be\/\">www.belrobotics.com<\/a>\u00a0f\u00e5r inte anv\u00e4ndas f\u00f6r spekulativa, felaktiga eller bedr\u00e4gliga f\u00f6rfr\u00e5gningar.<\/p>\n<p>Anv\u00e4ndaren m\u00e5ste vara minst 18 \u00e5r, ha r\u00e4tt att skriva under kontrakt och anv\u00e4nda den h\u00e4r webbplatsen i enlighet med de allm\u00e4nna anv\u00e4ndarvillkoren f\u00f6r webbplatsen.<\/p>\n<p><strong>3.\u00a0\u00a0\u00a0\u00a0\u00a0\u00a0\u00a0\u00a0 Upphovsr\u00e4tt \u2013 immateriell \u00e4gander\u00e4tt<\/strong><\/p>\n<p>YAMABIKO EUROPE \u00e4r \u00e4gare till alla immateriella r\u00e4ttigheter f\u00f6r alla delar av webbplatsen (fotografier, logotyper, ritningar, diagram, text, videor osv.), men ocks\u00e5 av all upphovsr\u00e4tt, patent, know-how, konfidentiell information, databasr\u00e4ttigheter, registrerade varum\u00e4rken och koncept, oavsett om de \u00e4r registrerade eller inte, och som visas p\u00e5 webbplatsen\u00a0<a href=\"http:\/\/www.sospme.be\/\">www.belrobotics.com<\/a>.<\/p>\n<p>Anv\u00e4ndare f\u00f6rbjuds d\u00e4rf\u00f6r att reproducera, modifiera, \u00f6verf\u00f6ra eller anv\u00e4nda n\u00e5gon del av webbplatsen utan f\u00f6reg\u00e5ende skriftligt tillst\u00e5nd fr\u00e5n YAMABIKO EUROPE.<\/p>\n<p><strong>4.\u00a0\u00a0\u00a0\u00a0\u00a0\u00a0\u00a0\u00a0 Nedladdning<\/strong><\/p>\n<p>Varje nedladdning av data fr\u00e5n webbplatsen\u00a0<a href=\"http:\/\/www.sospme.be\/\">www.belrobotics.com<\/a>\u00a0utf\u00f6rs p\u00e5 anv\u00e4ndarens egen risk och ansvar.<\/p>\n<p>Anv\u00e4ndaren accepterar att anv\u00e4ndning av datatj\u00e4nster och system inte \u00e4r riskfri. Och s\u00e5ledes kan YAMABIKO EUROPE inte h\u00e5llas ansvarig f\u00f6r eventuella skador som orsakats av varje form av skadlig programvara efter nedladdning av information fr\u00e5n webbplatsen\u00a0<a href=\"http:\/\/www.sospme.be\/\">www.belrobotics.com<\/a>.<\/p>\n<p><strong>5. \u00a0\u00a0\u00a0\u00a0\u00a0\u00a0\u00a0 Hantering av personlig information<\/strong><\/p>\n<p>Vissa personuppgifter om en anv\u00e4ndare av webbplatsen\u00a0<a href=\"http:\/\/www.sospme.be\/\">www.belrobotics.com<\/a>\u00a0kan samlas in, s\u00e4rskilt n\u00e4r anv\u00e4ndaren fyller i ett kontaktformul\u00e4r, beg\u00e4r en offert eller beg\u00e4r n\u00e5gon support eller genom att anv\u00e4nda kakor eller sp\u00e5rningspixlar (se avsnitt 10).<\/p>\n<p>F\u00f6r bearbetning av s\u00e5dan data ansvarar f\u00f6retaget YAMABIKO EUROPE S.A., med huvudkontor p\u00e5 Avenue Lavoisier 16 \/ B, 1300 Wavre, Belgien.<\/p>\n<p>Syftet med att samla anv\u00e4ndarnas personuppgifter \u00e4r begr\u00e4nsad till att hantera bes\u00f6k p\u00e5 webbplatsen, kundadministration, att tillm\u00f6tesg\u00e5 kundbest\u00e4llningar, reklam f\u00f6r produkter och tj\u00e4nster och uppr\u00e4ttande av direktmarknadsf\u00f6ring via e-post.<\/p>\n<p>Kunden har n\u00e4r som helst r\u00e4tt att v\u00e4gra att s\u00e5dan information av personlig karakt\u00e4r anv\u00e4nds f\u00f6r direktmarknadsf\u00f6ring.<\/p>\n<p>Anv\u00e4ndaren har r\u00e4tt att f\u00e5 tillg\u00e5ng till, r\u00e4tta till eller ta bort personuppgifter i enlighet med den belgiska lagen av den 8 december 1992 om datasekretess och behandling av personuppgifter.<\/p>\n<p>F\u00f6r att ut\u00f6va denna r\u00e4tt till \u00e5tkomst, r\u00e4ttelse eller radering av personuppgifter r\u00e4cker det att kontakta YAMABIKO EUROPE p\u00e5 f\u00f6ljande adress:\u00a0<a href=\"mailto:dataprivacy@yamabiko.eu\">dataprivacy@yamabiko.eu<\/a>\u00a0eller genom att skriva till f\u00f6retagets huvudkontor.<\/p>\n<p>YAMABIKO EUROPE uppfyller kraven i den allm\u00e4nna databeskyddsf\u00f6rordningen (GDPR, EU-f\u00f6rordning 2016\/679) och ansvarar f\u00f6r att uppr\u00e4tth\u00e5lla sekretessen f\u00f6r all information som samlas in.<\/p>\n<p><strong>6.\u00a0\u00a0\u00a0\u00a0\u00a0\u00a0\u00a0\u00a0 Datas\u00e4kerhet<\/strong><\/p>\n<p>YAMABIKO EUROPE garanterar en viss niv\u00e5 av datas\u00e4kerhet i full \u00f6verensst\u00e4mmelse med nationella och europeiska best\u00e4mmelser.<\/p>\n<p>F\u00f6r detta anv\u00e4nder,\u00a0<a href=\"http:\/\/www.sospme.be\/\">www.belrobotics.com<\/a>\u00a0flera s\u00e4kerhetssystem f\u00f6r att ge en rimlig skyddsniv\u00e5 f\u00f6r anv\u00e4ndarnas personuppgifter. YAMABIKO EUROPE kan dock inte garantera att en obeh\u00f6rig tredje part inte kommer att kunna komma \u00e5t webbplatsen f\u00f6r att kunna anv\u00e4nda s\u00e5dan information p\u00e5 ett olagligt s\u00e4tt.<\/p>\n<p><strong>7.\u00a0\u00a0\u00a0\u00a0\u00a0\u00a0\u00a0\u00a0 Hyperl\u00e4nkar till andra webbplatser<\/strong><\/p>\n<p>Webbplatsen\u00a0<a href=\"http:\/\/www.sospme.be\/\">www.belrobotics.com<\/a>\u00a0kan inneh\u00e5lla hyperl\u00e4nkar till andra webbplatser. Det enkla faktumet att dessa l\u00e4nkar finns p\u00e5 webbplatsen\u00a0<a href=\"http:\/\/www.sospme.be\/\">www.belrobotics.com<\/a>\u00a0betyder inte att YAMABIKO EUROPE st\u00f6der de id\u00e9er eller \u00e5sikter som finns p\u00e5 s\u00e5dana webbplatser, eller att n\u00e5gon form av partnerskap eller f\u00f6rening existerar med \u00e4garna av dessa webbplatser.<\/p>\n<p>YAMABIKO EUROPE f\u00e5r under inga omst\u00e4ndigheter h\u00e5llas ansvarigt f\u00f6r inneh\u00e5llet p\u00e5 de webbplatser som avses i s\u00e5dana hyperl\u00e4nkar.<\/p>\n<p><strong>8.\u00a0\u00a0\u00a0\u00a0\u00a0\u00a0\u00a0\u00a0 R\u00e4ttigheterna f\u00f6r YAMABIKO EUROPE<\/strong><\/p>\n<p>YAMABIKO EUROPE f\u00f6rbeh\u00e5ller sig r\u00e4tten, n\u00e4r som helst och utan f\u00f6rvarning, att:<\/p>\n<p>a) \u00e4ndra meddelanden, erbjudanden och n\u00e4tinformation,<\/p>\n<p>b) \u00e4ndra vissa tj\u00e4nster,<\/p>\n<p>c) blockera \u00e5tkomsten till webbplatsen i h\u00e4ndelse av tekniska problem eller om YAMABIKO EUROPE f\u00e5r k\u00e4nnedom om missbruk eller illvillig anv\u00e4ndning av sin webbplats.<\/p>\n<p><strong>9.\u00a0\u00a0\u00a0\u00a0\u00a0\u00a0\u00a0\u00a0 Anv\u00e4ndaransvar<\/strong><\/p>\n<p>Anv\u00e4ndare av webbplatsen\u00a0<a href=\"http:\/\/www.sospme.be\/\">www.belrobotics.com<\/a>\u00a0samtycker till att inte:<\/p>\n<p>a)\u00a0\u00a0\u00a0\u00a0\u00a0\u00a0\u00a0\u00a0 anv\u00e4nda webbplatsen f\u00f6r olagliga eller skadliga \u00e4ndam\u00e5l,<\/p>\n<p>b)\u00a0\u00a0\u00a0\u00a0\u00a0\u00a0\u00a0\u00a0 st\u00f6ra \u00e5tkomsten till webbplatsen eller att st\u00f6ra eller \u00e4ndra webbplatsen eller att g\u00f6ra webbplatsen mindre effektiv eller skada webbplatsen, YAMABIKO EUROPE eller till n\u00e5gon tredje part,<\/p>\n<p>c)\u00a0\u00a0\u00a0\u00a0\u00a0\u00a0\u00a0\u00a0 anv\u00e4nda webbplatsen f\u00f6r att \u00f6verf\u00f6ra eller sprida skadlig programvara eller skadlig eller olaglig information,<\/p>\n<p>d)\u00a0\u00a0\u00a0\u00a0\u00a0\u00a0\u00a0\u00a0 inkr\u00e4kta p\u00e5 immateriella r\u00e4ttigheter med avseende p\u00e5 de objekt som finns p\u00e5 webbplatsen,<\/p>\n<p>e)\u00a0\u00a0\u00a0\u00a0\u00a0\u00a0\u00a0\u00a0 skicka eller \u00f6verf\u00f6ra o\u00f6nskade meddelanden,<\/p>\n<p>f)\u00a0\u00a0\u00a0\u00a0\u00a0\u00a0\u00a0\u00a0\u00a0 samla in eller beh\u00e5lla personuppgifter om andra anv\u00e4ndare utom i fall d\u00e4r specifika tillst\u00e5nd har beviljats av n\u00e4mnda anv\u00e4ndare.<\/p>\n<p><strong>10. \u00a0\u00a0\u00a0\u00a0\u00a0 Kakor och sp\u00e5rningspixlar<\/strong><\/p>\n<p>\u201dKakor\u201d och \u201dsp\u00e5rningspixlar\u201d kan skickas till anv\u00e4ndarens dator under ett bes\u00f6k p\u00e5 webbplatsen\u00a0<a href=\"http:\/\/www.sospme.be\/\">www.belrobotics.com<\/a>.<\/p>\n<p>&#8221;Kakor&#8221; \u00e4r sm\u00e5 filer som sparas p\u00e5 anv\u00e4ndarens h\u00e5rddisk p\u00e5 beg\u00e4ran av servern som hanterar den bes\u00f6kta webbplatsen, vilket m\u00f6jligg\u00f6r en s\u00e4ker teknisk funktion f\u00f6r webbplatsen och en mycket mer flytande surfupplevelse.<\/p>\n<p>\u201dSp\u00e5rningspixlar\u201d \u00e4r sm\u00e5 elektroniska bilder som g\u00f6r det m\u00f6jligt f\u00f6r webbplatsen att r\u00e4kna antalet bes\u00f6kare p\u00e5 en viss sida. Informationen som samlats in av sp\u00e5rningspixlar \u00e4r den anslutna datorns IP-adress, namnet p\u00e5 v\u00e4rddatorn, namnet och versionsnumret f\u00f6r operativsystemet och den anv\u00e4nda webbl\u00e4saren.<\/p>\n<p>Anv\u00e4ndare av webbplatsen\u00a0<a href=\"http:\/\/www.sospme.be\/\">www.belrobotics.com<\/a>\u00a0kan ta bort eller avaktivera &#8221;kakor&#8221; och &#8221;sp\u00e5rningspixlar&#8221; fr\u00e5n sina h\u00e5rddiskar eller konfigurera webbl\u00e4saren med parametrar som f\u00f6rhindrar att de tas emot i f\u00f6rsta hand. Blockering av &#8221;kakor&#8221; eller &#8221;sp\u00e5rningspixlar&#8221; kan dock st\u00f6ra webbl\u00e4sarens funktion.<\/p>\n<p><strong>11.\u00a0\u00a0\u00a0\u00a0\u00a0\u00a0 Ansvarsbegr\u00e4nsning<\/strong><\/p>\n<p>YAMABIKO EUROPE f\u00e5r under inga omst\u00e4ndigheter h\u00e5llas ansvarigt f\u00f6r n\u00e5gon direkt, indirekt, p\u00e5f\u00f6ljande, straffbar eller s\u00e4rskild f\u00f6rlust eller skada (inklusive, utan begr\u00e4nsning, skador som uppst\u00e5r p\u00e5 grund av f\u00f6rlust av int\u00e4kter, kontrakt, aff\u00e4rsverksamhet, information eller annan information som ing\u00e5r i anv\u00e4ndarens informationshanteringssystem eller fr\u00e5n eventuella avbrott i verksamheten) som h\u00e4rr\u00f6r fr\u00e5n, h\u00e4rstammar fr\u00e5n eller \u00e4r kopplad till anv\u00e4ndningen eller om\u00f6jligheten att anv\u00e4nda, webbplatsen eller dess inneh\u00e5ll eller som ett resultat av dess villkor, \u00e4ven om YAMABIKO EUROPE har informerats om m\u00f6jligheten f\u00f6r s\u00e5dana skador.<\/p>\n<p>Ut\u00f6ver de ovan angivna villkoren f\u00e5r YAMABIKO EUROPE under inga omst\u00e4ndigheter h\u00e5llas ansvarigt f\u00f6r eventuella fel, oriktigheter, utel\u00e4mnanden eller andra fel eller otillb\u00f6rlig eller felaktig information som finns p\u00e5 denna webbplats.<\/p>\n<p>Detta begr\u00e4nsade ansvar str\u00e4cker sig lika till alla tredjeparts webbplatser.<\/p>\n<p><strong>12.\u00a0\u00a0\u00a0\u00a0\u00a0\u00a0 Till\u00e4mplig lag<\/strong><\/p>\n<p>De allm\u00e4nna anv\u00e4ndarvillkoren regleras av belgisk lag. Tvist r\u00f6rande tolkning eller till\u00e4mpning kommer att hanteras av de beh\u00f6riga domstolarna i domkretsen Nivelles, Belgien.<\/p>\n<p><strong>13.\u00a0\u00a0\u00a0\u00a0\u00a0\u00a0 Kontaktuppgifter<\/strong><\/p>\n<p>Du kan kontakta YAMABIKO EUROPE om de nuvarande allm\u00e4nna anv\u00e4ndarvillkoren med hj\u00e4lp av e-postadressen:\u00a0<a href=\"mailto:dataprivacy@yamabiko.eu\">dataprivacy@yamabiko.eu<\/a>\u00a0eller genom att anv\u00e4nda kontaktformul\u00e4ret som finns tillg\u00e4ngligt p\u00e5 webbplatsen\u00a0<a href=\"http:\/\/www.sospme.be\/\">www.belrobotics.com<\/a>.<\/p>\n<p><strong>14. \u00a0\u00a0\u00a0\u00a0\u00a0 Webbplatsutgivare:<\/strong><\/p>\n<p>Utgivaren av webbplatsen\u00a0<a href=\"http:\/\/www.sospme.be\/\">www.belrobotics.com<\/a>\u00a0\u00e4r YAMABIKO EUROPE S.A., med huvudkontor p\u00e5 Avenue Lavoisier 16\/B, 1300 Wavre, Belgien och registrerat hos Banque Carrefour des Entreprises under registernummer B.C.E. 0477.194.468<\/p>\n<p><strong>15. \u00a0\u00a0\u00a0\u00a0\u00a0 Hosting:<\/strong><\/p>\n<p>Webbplatsen\u00a0<a href=\"http:\/\/www.c-de-c.be\/\">www.belrobotics.com<\/a>\u00a0finns hos: INFOMANIAK<\/p>\n","protected":false},"excerpt":{"rendered":"<p>YAMABIKO EUROPE S.A. HUVUDKONTOR: Avenue Lavoisier 16\/B, 1300 Wavre, Belgien B.C.E. 0477.194.468 Telefon: +32 10 48 00 36 E-post:\u00a0dataprivacy@yamabiko.eu VILLKOR F\u00d6R ANV\u00c4NDNING AV WEBBPLATSEN\u00a0https:\/\/www.belrobotics.com &nbsp; 1.\u00a0\u00a0\u00a0\u00a0\u00a0\u00a0\u00a0\u00a0 Webbplatsens m\u00e5ls\u00e4ttningar och allm\u00e4nna anv\u00e4ndarvillkor YAMABIKO EUROPE erbjuder tj\u00e4nster inom omr\u00e5det f\u00f6r f\u00f6rs\u00e4ljning och underh\u00e5ll av robotgr\u00e4sklippare, h\u00e4cksaxar, bladbl\u00e5sare och motors\u00e5gar f\u00f6r f\u00f6ljande m\u00e4rken \u2013 Belrobotics, Echo och Shindaiwa. [&hellip;]<\/p>\n","protected":false},"author":9,"featured_media":0,"parent":0,"menu_order":0,"comment_status":"closed","ping_status":"closed","template":"","meta":{"_acf_changed":false,"footnotes":""},"class_list":["post-6148","page","type-page","status-publish","hentry"],"acf":[],"yoast_head":"<!-- This site is optimized with the Yoast SEO plugin v26.9 - https:\/\/yoast.com\/product\/yoast-seo-wordpress\/ -->\n<title>Ansvarsfriskrivning - Belrobotics<\/title>\n<meta name=\"robots\" content=\"index, follow, max-snippet:-1, max-image-preview:large, max-video-preview:-1\" \/>\n<link rel=\"canonical\" href=\"https:\/\/www.belrobotics.com\/sv\/ansvarsfriskrivning\/\" \/>\n<meta property=\"og:locale\" content=\"sv_SE\" \/>\n<meta property=\"og:type\" content=\"article\" \/>\n<meta property=\"og:title\" content=\"Ansvarsfriskrivning - Belrobotics\" \/>\n<meta property=\"og:description\" content=\"YAMABIKO EUROPE S.A. HUVUDKONTOR: Avenue Lavoisier 16\/B, 1300 Wavre, Belgien B.C.E. 0477.194.468 Telefon: +32 10 48 00 36 E-post:\u00a0dataprivacy@yamabiko.eu VILLKOR F\u00d6R ANV\u00c4NDNING AV WEBBPLATSEN\u00a0https:\/\/www.belrobotics.com &nbsp; 1.\u00a0\u00a0\u00a0\u00a0\u00a0\u00a0\u00a0\u00a0 Webbplatsens m\u00e5ls\u00e4ttningar och allm\u00e4nna anv\u00e4ndarvillkor YAMABIKO EUROPE erbjuder tj\u00e4nster inom omr\u00e5det f\u00f6r f\u00f6rs\u00e4ljning och underh\u00e5ll av robotgr\u00e4sklippare, h\u00e4cksaxar, bladbl\u00e5sare och motors\u00e5gar f\u00f6r f\u00f6ljande m\u00e4rken \u2013 Belrobotics, Echo och Shindaiwa. [&hellip;]\" \/>\n<meta property=\"og:url\" content=\"https:\/\/www.belrobotics.com\/sv\/ansvarsfriskrivning\/\" \/>\n<meta property=\"og:site_name\" content=\"Belrobotics\" \/>\n<meta property=\"article:publisher\" content=\"https:\/\/www.facebook.com\/belrobotics\" \/>\n<meta name=\"twitter:card\" content=\"summary_large_image\" \/>\n<meta name=\"twitter:label1\" content=\"Ber\u00e4knad l\u00e4stid\" \/>\n\t<meta name=\"twitter:data1\" content=\"7 minuter\" \/>\n<script type=\"application\/ld+json\" class=\"yoast-schema-graph\">{\"@context\":\"https:\/\/schema.org\",\"@graph\":[{\"@type\":\"WebPage\",\"@id\":\"https:\/\/www.belrobotics.com\/sv\/ansvarsfriskrivning\/\",\"url\":\"https:\/\/www.belrobotics.com\/sv\/ansvarsfriskrivning\/\",\"name\":\"Ansvarsfriskrivning - Belrobotics\",\"isPartOf\":{\"@id\":\"https:\/\/www.belrobotics.com\/sv\/#website\"},\"datePublished\":\"2019-05-28T08:31:51+00:00\",\"breadcrumb\":{\"@id\":\"https:\/\/www.belrobotics.com\/sv\/ansvarsfriskrivning\/#breadcrumb\"},\"inLanguage\":\"sv-SE\",\"potentialAction\":[{\"@type\":\"ReadAction\",\"target\":[\"https:\/\/www.belrobotics.com\/sv\/ansvarsfriskrivning\/\"]}]},{\"@type\":\"BreadcrumbList\",\"@id\":\"https:\/\/www.belrobotics.com\/sv\/ansvarsfriskrivning\/#breadcrumb\",\"itemListElement\":[{\"@type\":\"ListItem\",\"position\":1,\"name\":\"Home\",\"item\":\"https:\/\/www.belrobotics.com\/sv\/\"},{\"@type\":\"ListItem\",\"position\":2,\"name\":\"Ansvarsfriskrivning\"}]},{\"@type\":\"WebSite\",\"@id\":\"https:\/\/www.belrobotics.com\/sv\/#website\",\"url\":\"https:\/\/www.belrobotics.com\/sv\/\",\"name\":\"Belrobotics\",\"description\":\"The grass masters\",\"publisher\":{\"@id\":\"https:\/\/www.belrobotics.com\/sv\/#organization\"},\"potentialAction\":[{\"@type\":\"SearchAction\",\"target\":{\"@type\":\"EntryPoint\",\"urlTemplate\":\"https:\/\/www.belrobotics.com\/sv\/?s={search_term_string}\"},\"query-input\":{\"@type\":\"PropertyValueSpecification\",\"valueRequired\":true,\"valueName\":\"search_term_string\"}}],\"inLanguage\":\"sv-SE\"},{\"@type\":\"Organization\",\"@id\":\"https:\/\/www.belrobotics.com\/sv\/#organization\",\"name\":\"Belrobotics\",\"url\":\"https:\/\/www.belrobotics.com\/sv\/\",\"logo\":{\"@type\":\"ImageObject\",\"inLanguage\":\"sv-SE\",\"@id\":\"https:\/\/www.belrobotics.com\/sv\/#\/schema\/logo\/image\/\",\"url\":\"https:\/\/www.belrobotics.com\/wp-content\/uploads\/2019\/01\/logo-belrobotics.svg\",\"contentUrl\":\"https:\/\/www.belrobotics.com\/wp-content\/uploads\/2019\/01\/logo-belrobotics.svg\",\"width\":100,\"height\":16,\"caption\":\"Belrobotics\"},\"image\":{\"@id\":\"https:\/\/www.belrobotics.com\/sv\/#\/schema\/logo\/image\/\"},\"sameAs\":[\"https:\/\/www.facebook.com\/belrobotics\",\"https:\/\/www.youtube.com\/channel\/UCYgWBPRzEdXmUqLRL0JbUIw\",\"https:\/\/www.instagram.com\/belrobotics_europe\/\"]}]}<\/script>\n<!-- \/ Yoast SEO plugin. -->","yoast_head_json":{"title":"Ansvarsfriskrivning - Belrobotics","robots":{"index":"index","follow":"follow","max-snippet":"max-snippet:-1","max-image-preview":"max-image-preview:large","max-video-preview":"max-video-preview:-1"},"canonical":"https:\/\/www.belrobotics.com\/sv\/ansvarsfriskrivning\/","og_locale":"sv_SE","og_type":"article","og_title":"Ansvarsfriskrivning - Belrobotics","og_description":"YAMABIKO EUROPE S.A. HUVUDKONTOR: Avenue Lavoisier 16\/B, 1300 Wavre, Belgien B.C.E. 0477.194.468 Telefon: +32 10 48 00 36 E-post:\u00a0dataprivacy@yamabiko.eu VILLKOR F\u00d6R ANV\u00c4NDNING AV WEBBPLATSEN\u00a0https:\/\/www.belrobotics.com &nbsp; 1.\u00a0\u00a0\u00a0\u00a0\u00a0\u00a0\u00a0\u00a0 Webbplatsens m\u00e5ls\u00e4ttningar och allm\u00e4nna anv\u00e4ndarvillkor YAMABIKO EUROPE erbjuder tj\u00e4nster inom omr\u00e5det f\u00f6r f\u00f6rs\u00e4ljning och underh\u00e5ll av robotgr\u00e4sklippare, h\u00e4cksaxar, bladbl\u00e5sare och motors\u00e5gar f\u00f6r f\u00f6ljande m\u00e4rken \u2013 Belrobotics, Echo och Shindaiwa. [&hellip;]","og_url":"https:\/\/www.belrobotics.com\/sv\/ansvarsfriskrivning\/","og_site_name":"Belrobotics","article_publisher":"https:\/\/www.facebook.com\/belrobotics","twitter_card":"summary_large_image","twitter_misc":{"Ber\u00e4knad l\u00e4stid":"7 minuter"},"schema":{"@context":"https:\/\/schema.org","@graph":[{"@type":"WebPage","@id":"https:\/\/www.belrobotics.com\/sv\/ansvarsfriskrivning\/","url":"https:\/\/www.belrobotics.com\/sv\/ansvarsfriskrivning\/","name":"Ansvarsfriskrivning - Belrobotics","isPartOf":{"@id":"https:\/\/www.belrobotics.com\/sv\/#website"},"datePublished":"2019-05-28T08:31:51+00:00","breadcrumb":{"@id":"https:\/\/www.belrobotics.com\/sv\/ansvarsfriskrivning\/#breadcrumb"},"inLanguage":"sv-SE","potentialAction":[{"@type":"ReadAction","target":["https:\/\/www.belrobotics.com\/sv\/ansvarsfriskrivning\/"]}]},{"@type":"BreadcrumbList","@id":"https:\/\/www.belrobotics.com\/sv\/ansvarsfriskrivning\/#breadcrumb","itemListElement":[{"@type":"ListItem","position":1,"name":"Home","item":"https:\/\/www.belrobotics.com\/sv\/"},{"@type":"ListItem","position":2,"name":"Ansvarsfriskrivning"}]},{"@type":"WebSite","@id":"https:\/\/www.belrobotics.com\/sv\/#website","url":"https:\/\/www.belrobotics.com\/sv\/","name":"Belrobotics","description":"The grass masters","publisher":{"@id":"https:\/\/www.belrobotics.com\/sv\/#organization"},"potentialAction":[{"@type":"SearchAction","target":{"@type":"EntryPoint","urlTemplate":"https:\/\/www.belrobotics.com\/sv\/?s={search_term_string}"},"query-input":{"@type":"PropertyValueSpecification","valueRequired":true,"valueName":"search_term_string"}}],"inLanguage":"sv-SE"},{"@type":"Organization","@id":"https:\/\/www.belrobotics.com\/sv\/#organization","name":"Belrobotics","url":"https:\/\/www.belrobotics.com\/sv\/","logo":{"@type":"ImageObject","inLanguage":"sv-SE","@id":"https:\/\/www.belrobotics.com\/sv\/#\/schema\/logo\/image\/","url":"https:\/\/www.belrobotics.com\/wp-content\/uploads\/2019\/01\/logo-belrobotics.svg","contentUrl":"https:\/\/www.belrobotics.com\/wp-content\/uploads\/2019\/01\/logo-belrobotics.svg","width":100,"height":16,"caption":"Belrobotics"},"image":{"@id":"https:\/\/www.belrobotics.com\/sv\/#\/schema\/logo\/image\/"},"sameAs":["https:\/\/www.facebook.com\/belrobotics","https:\/\/www.youtube.com\/channel\/UCYgWBPRzEdXmUqLRL0JbUIw","https:\/\/www.instagram.com\/belrobotics_europe\/"]}]}},"_links":{"self":[{"href":"https:\/\/www.belrobotics.com\/sv\/wp-json\/wp\/v2\/pages\/6148","targetHints":{"allow":["GET"]}}],"collection":[{"href":"https:\/\/www.belrobotics.com\/sv\/wp-json\/wp\/v2\/pages"}],"about":[{"href":"https:\/\/www.belrobotics.com\/sv\/wp-json\/wp\/v2\/types\/page"}],"author":[{"embeddable":true,"href":"https:\/\/www.belrobotics.com\/sv\/wp-json\/wp\/v2\/users\/9"}],"replies":[{"embeddable":true,"href":"https:\/\/www.belrobotics.com\/sv\/wp-json\/wp\/v2\/comments?post=6148"}],"version-history":[{"count":0,"href":"https:\/\/www.belrobotics.com\/sv\/wp-json\/wp\/v2\/pages\/6148\/revisions"}],"wp:attachment":[{"href":"https:\/\/www.belrobotics.com\/sv\/wp-json\/wp\/v2\/media?parent=6148"}],"curies":[{"name":"wp","href":"https:\/\/api.w.org\/{rel}","templated":true}]}}