{"id":6120,"date":"2019-05-28T09:12:06","date_gmt":"2019-05-28T08:12:06","guid":{"rendered":"https:\/\/belrobotics.andromede.digital\/var-dataskyddspolicy\/"},"modified":"2020-03-23T09:46:13","modified_gmt":"2020-03-23T08:46:13","slug":"var-dataskyddspolicy","status":"publish","type":"page","link":"https:\/\/www.belrobotics.com\/sv\/var-dataskyddspolicy\/","title":{"rendered":"V\u00c5R DATASKYDDSPOLICY"},"content":{"rendered":"\r\n<p>I enlighet med best\u00e4mmelserna i Europaparlamentets och r\u00e5dets f\u00f6rordning (EU) 2016\/679 av den 27 april 2016 om skydd f\u00f6r enskilda personer med avseende p\u00e5 behandling av personuppgifter och om fri r\u00f6rlighet f\u00f6r s\u00e5dana uppgifter (GDPR) vill vi informera dig om villkoren f\u00f6r behandlingen av dina personuppgifter.<\/p>\r\n<p>Som personuppgiftsansvarig och underleverant\u00f6r, behandlar vi dina data som en del av dina uppdrag hos oss.<\/p>\r\n<p>Dina uppgifter lagras under den tid som \u00e4r n\u00f6dv\u00e4ndig f\u00f6r uppdraget och enligt den lagliga varaktigheten f\u00f6r arkivering och bevarande av dokumenten i f\u00f6rh\u00e5llande till v\u00e5r roll som juridisk r\u00e5dgivare, aff\u00e4rskonsult eller medlare.<\/p>\r\n<p>N\u00e4r du bes\u00f6ker v\u00e5r webbplats identifieras den IP-adress som du loggat in med.<\/p>\r\n<p>Dina uppgifter behandlas f\u00f6r att registrera och kontrollera din identitet, eventuellt f\u00f6rebyggande av virus, n\u00e4tfiske eller annat databrott, statistik och f\u00f6rb\u00e4ttringar p\u00e5 v\u00e5r webbplats.<\/p>\r\n<p>N\u00e4r du fyller i kontaktformul\u00e4ret p\u00e5 webbplatsen\u00a0<a href=\"https:\/\/www.belrobotics.com\/\">www.belrobotics.com<\/a>\u00a0eller v\u00e5rt elektroniska utv\u00e4rderingsformul\u00e4r behandlas dina uppgifter som en del av hanteringen av beg\u00e4randen, fr\u00e5gor och f\u00f6rb\u00e4ttrings\u00e5tg\u00e4rder.<\/p>\r\n<p>Du har r\u00e4tt att f\u00e5 tillg\u00e5ng till informationen vi har om dig, n\u00e4r som helst och utan kostnad, och att uppdatera eller korrigera den, radera den eller beg\u00e4ra en \u00f6verf\u00f6ring.<\/p>\r\n<p>F\u00f6r att g\u00f6ra s\u00e5 m\u00e5ste du kontakta f\u00f6retagets ansvariga personuppgiftsbitr\u00e4de, <a href=\"mailto:dataprivacy@yamabiko.eu\">dataprivacy@yamabiko.eu<\/a>\u00a0<\/p>\r\n<p>Vi f\u00f6rbinder oss att vidta l\u00e4mpliga tekniska och organisatoriska \u00e5tg\u00e4rder f\u00f6r att skydda dina personuppgifter mot f\u00f6rst\u00f6relse (oavsiktligt eller olagligt), f\u00f6rlust, f\u00f6rfalskning, obeh\u00f6rig avsl\u00f6jande eller \u00e5tkomst, s\u00e4rskilt n\u00e4r behandlingen omfattar \u00f6verf\u00f6ring av data via n\u00e4tverk, mot alla andra olagliga former av bearbetning och s\u00e4kerst\u00e4lla en s\u00e4kerhetsniv\u00e5 som \u00e4r anpassad till de risker som behandlingen inneb\u00e4r och naturen av de personuppgifter som ska skyddas alltmedan vi tar h\u00e4nsyn till de tekniska m\u00f6jligheterna och genomf\u00f6randekostnaden.<\/p>\r\n","protected":false},"excerpt":{"rendered":"<p>I enlighet med best\u00e4mmelserna i Europaparlamentets och r\u00e5dets f\u00f6rordning (EU) 2016\/679 av den 27 april 2016 om skydd f\u00f6r enskilda personer med avseende p\u00e5 behandling av personuppgifter och om fri r\u00f6rlighet f\u00f6r s\u00e5dana uppgifter (GDPR) vill vi informera dig om villkoren f\u00f6r behandlingen av dina personuppgifter. Som personuppgiftsansvarig och underleverant\u00f6r, behandlar vi dina data som [&hellip;]<\/p>\n","protected":false},"author":9,"featured_media":0,"parent":0,"menu_order":0,"comment_status":"closed","ping_status":"closed","template":"","meta":{"_acf_changed":false,"footnotes":""},"class_list":["post-6120","page","type-page","status-publish","hentry"],"acf":[],"yoast_head":"<!-- This site is optimized with the Yoast SEO plugin v26.9 - https:\/\/yoast.com\/product\/yoast-seo-wordpress\/ -->\n<title>V\u00c5R DATASKYDDSPOLICY - Belrobotics<\/title>\n<meta name=\"robots\" content=\"index, follow, max-snippet:-1, max-image-preview:large, max-video-preview:-1\" \/>\n<link rel=\"canonical\" href=\"https:\/\/www.belrobotics.com\/sv\/var-dataskyddspolicy\/\" \/>\n<meta property=\"og:locale\" content=\"sv_SE\" \/>\n<meta property=\"og:type\" content=\"article\" \/>\n<meta property=\"og:title\" content=\"V\u00c5R DATASKYDDSPOLICY - Belrobotics\" \/>\n<meta property=\"og:description\" content=\"I enlighet med best\u00e4mmelserna i Europaparlamentets och r\u00e5dets f\u00f6rordning (EU) 2016\/679 av den 27 april 2016 om skydd f\u00f6r enskilda personer med avseende p\u00e5 behandling av personuppgifter och om fri r\u00f6rlighet f\u00f6r s\u00e5dana uppgifter (GDPR) vill vi informera dig om villkoren f\u00f6r behandlingen av dina personuppgifter. Som personuppgiftsansvarig och underleverant\u00f6r, behandlar vi dina data som [&hellip;]\" \/>\n<meta property=\"og:url\" content=\"https:\/\/www.belrobotics.com\/sv\/var-dataskyddspolicy\/\" \/>\n<meta property=\"og:site_name\" content=\"Belrobotics\" \/>\n<meta property=\"article:publisher\" content=\"https:\/\/www.facebook.com\/belrobotics\" \/>\n<meta property=\"article:modified_time\" content=\"2020-03-23T08:46:13+00:00\" \/>\n<meta name=\"twitter:card\" content=\"summary_large_image\" \/>\n<meta name=\"twitter:label1\" content=\"Ber\u00e4knad l\u00e4stid\" \/>\n\t<meta name=\"twitter:data1\" content=\"2 minuter\" \/>\n<script type=\"application\/ld+json\" class=\"yoast-schema-graph\">{\"@context\":\"https:\/\/schema.org\",\"@graph\":[{\"@type\":\"WebPage\",\"@id\":\"https:\/\/www.belrobotics.com\/sv\/var-dataskyddspolicy\/\",\"url\":\"https:\/\/www.belrobotics.com\/sv\/var-dataskyddspolicy\/\",\"name\":\"V\u00c5R DATASKYDDSPOLICY - Belrobotics\",\"isPartOf\":{\"@id\":\"https:\/\/www.belrobotics.com\/sv\/#website\"},\"datePublished\":\"2019-05-28T08:12:06+00:00\",\"dateModified\":\"2020-03-23T08:46:13+00:00\",\"breadcrumb\":{\"@id\":\"https:\/\/www.belrobotics.com\/sv\/var-dataskyddspolicy\/#breadcrumb\"},\"inLanguage\":\"sv-SE\",\"potentialAction\":[{\"@type\":\"ReadAction\",\"target\":[\"https:\/\/www.belrobotics.com\/sv\/var-dataskyddspolicy\/\"]}]},{\"@type\":\"BreadcrumbList\",\"@id\":\"https:\/\/www.belrobotics.com\/sv\/var-dataskyddspolicy\/#breadcrumb\",\"itemListElement\":[{\"@type\":\"ListItem\",\"position\":1,\"name\":\"Home\",\"item\":\"https:\/\/www.belrobotics.com\/sv\/\"},{\"@type\":\"ListItem\",\"position\":2,\"name\":\"V\u00c5R DATASKYDDSPOLICY\"}]},{\"@type\":\"WebSite\",\"@id\":\"https:\/\/www.belrobotics.com\/sv\/#website\",\"url\":\"https:\/\/www.belrobotics.com\/sv\/\",\"name\":\"Belrobotics\",\"description\":\"The grass masters\",\"publisher\":{\"@id\":\"https:\/\/www.belrobotics.com\/sv\/#organization\"},\"potentialAction\":[{\"@type\":\"SearchAction\",\"target\":{\"@type\":\"EntryPoint\",\"urlTemplate\":\"https:\/\/www.belrobotics.com\/sv\/?s={search_term_string}\"},\"query-input\":{\"@type\":\"PropertyValueSpecification\",\"valueRequired\":true,\"valueName\":\"search_term_string\"}}],\"inLanguage\":\"sv-SE\"},{\"@type\":\"Organization\",\"@id\":\"https:\/\/www.belrobotics.com\/sv\/#organization\",\"name\":\"Belrobotics\",\"url\":\"https:\/\/www.belrobotics.com\/sv\/\",\"logo\":{\"@type\":\"ImageObject\",\"inLanguage\":\"sv-SE\",\"@id\":\"https:\/\/www.belrobotics.com\/sv\/#\/schema\/logo\/image\/\",\"url\":\"https:\/\/www.belrobotics.com\/wp-content\/uploads\/2019\/01\/logo-belrobotics.svg\",\"contentUrl\":\"https:\/\/www.belrobotics.com\/wp-content\/uploads\/2019\/01\/logo-belrobotics.svg\",\"width\":100,\"height\":16,\"caption\":\"Belrobotics\"},\"image\":{\"@id\":\"https:\/\/www.belrobotics.com\/sv\/#\/schema\/logo\/image\/\"},\"sameAs\":[\"https:\/\/www.facebook.com\/belrobotics\",\"https:\/\/www.youtube.com\/channel\/UCYgWBPRzEdXmUqLRL0JbUIw\",\"https:\/\/www.instagram.com\/belrobotics_europe\/\"]}]}<\/script>\n<!-- \/ Yoast SEO plugin. -->","yoast_head_json":{"title":"V\u00c5R DATASKYDDSPOLICY - Belrobotics","robots":{"index":"index","follow":"follow","max-snippet":"max-snippet:-1","max-image-preview":"max-image-preview:large","max-video-preview":"max-video-preview:-1"},"canonical":"https:\/\/www.belrobotics.com\/sv\/var-dataskyddspolicy\/","og_locale":"sv_SE","og_type":"article","og_title":"V\u00c5R DATASKYDDSPOLICY - Belrobotics","og_description":"I enlighet med best\u00e4mmelserna i Europaparlamentets och r\u00e5dets f\u00f6rordning (EU) 2016\/679 av den 27 april 2016 om skydd f\u00f6r enskilda personer med avseende p\u00e5 behandling av personuppgifter och om fri r\u00f6rlighet f\u00f6r s\u00e5dana uppgifter (GDPR) vill vi informera dig om villkoren f\u00f6r behandlingen av dina personuppgifter. Som personuppgiftsansvarig och underleverant\u00f6r, behandlar vi dina data som [&hellip;]","og_url":"https:\/\/www.belrobotics.com\/sv\/var-dataskyddspolicy\/","og_site_name":"Belrobotics","article_publisher":"https:\/\/www.facebook.com\/belrobotics","article_modified_time":"2020-03-23T08:46:13+00:00","twitter_card":"summary_large_image","twitter_misc":{"Ber\u00e4knad l\u00e4stid":"2 minuter"},"schema":{"@context":"https:\/\/schema.org","@graph":[{"@type":"WebPage","@id":"https:\/\/www.belrobotics.com\/sv\/var-dataskyddspolicy\/","url":"https:\/\/www.belrobotics.com\/sv\/var-dataskyddspolicy\/","name":"V\u00c5R DATASKYDDSPOLICY - Belrobotics","isPartOf":{"@id":"https:\/\/www.belrobotics.com\/sv\/#website"},"datePublished":"2019-05-28T08:12:06+00:00","dateModified":"2020-03-23T08:46:13+00:00","breadcrumb":{"@id":"https:\/\/www.belrobotics.com\/sv\/var-dataskyddspolicy\/#breadcrumb"},"inLanguage":"sv-SE","potentialAction":[{"@type":"ReadAction","target":["https:\/\/www.belrobotics.com\/sv\/var-dataskyddspolicy\/"]}]},{"@type":"BreadcrumbList","@id":"https:\/\/www.belrobotics.com\/sv\/var-dataskyddspolicy\/#breadcrumb","itemListElement":[{"@type":"ListItem","position":1,"name":"Home","item":"https:\/\/www.belrobotics.com\/sv\/"},{"@type":"ListItem","position":2,"name":"V\u00c5R DATASKYDDSPOLICY"}]},{"@type":"WebSite","@id":"https:\/\/www.belrobotics.com\/sv\/#website","url":"https:\/\/www.belrobotics.com\/sv\/","name":"Belrobotics","description":"The grass masters","publisher":{"@id":"https:\/\/www.belrobotics.com\/sv\/#organization"},"potentialAction":[{"@type":"SearchAction","target":{"@type":"EntryPoint","urlTemplate":"https:\/\/www.belrobotics.com\/sv\/?s={search_term_string}"},"query-input":{"@type":"PropertyValueSpecification","valueRequired":true,"valueName":"search_term_string"}}],"inLanguage":"sv-SE"},{"@type":"Organization","@id":"https:\/\/www.belrobotics.com\/sv\/#organization","name":"Belrobotics","url":"https:\/\/www.belrobotics.com\/sv\/","logo":{"@type":"ImageObject","inLanguage":"sv-SE","@id":"https:\/\/www.belrobotics.com\/sv\/#\/schema\/logo\/image\/","url":"https:\/\/www.belrobotics.com\/wp-content\/uploads\/2019\/01\/logo-belrobotics.svg","contentUrl":"https:\/\/www.belrobotics.com\/wp-content\/uploads\/2019\/01\/logo-belrobotics.svg","width":100,"height":16,"caption":"Belrobotics"},"image":{"@id":"https:\/\/www.belrobotics.com\/sv\/#\/schema\/logo\/image\/"},"sameAs":["https:\/\/www.facebook.com\/belrobotics","https:\/\/www.youtube.com\/channel\/UCYgWBPRzEdXmUqLRL0JbUIw","https:\/\/www.instagram.com\/belrobotics_europe\/"]}]}},"_links":{"self":[{"href":"https:\/\/www.belrobotics.com\/sv\/wp-json\/wp\/v2\/pages\/6120","targetHints":{"allow":["GET"]}}],"collection":[{"href":"https:\/\/www.belrobotics.com\/sv\/wp-json\/wp\/v2\/pages"}],"about":[{"href":"https:\/\/www.belrobotics.com\/sv\/wp-json\/wp\/v2\/types\/page"}],"author":[{"embeddable":true,"href":"https:\/\/www.belrobotics.com\/sv\/wp-json\/wp\/v2\/users\/9"}],"replies":[{"embeddable":true,"href":"https:\/\/www.belrobotics.com\/sv\/wp-json\/wp\/v2\/comments?post=6120"}],"version-history":[{"count":0,"href":"https:\/\/www.belrobotics.com\/sv\/wp-json\/wp\/v2\/pages\/6120\/revisions"}],"wp:attachment":[{"href":"https:\/\/www.belrobotics.com\/sv\/wp-json\/wp\/v2\/media?parent=6120"}],"curies":[{"name":"wp","href":"https:\/\/api.w.org\/{rel}","templated":true}]}}