{"id":42106,"date":"2025-08-12T10:16:31","date_gmt":"2025-08-12T09:16:31","guid":{"rendered":"https:\/\/www.belrobotics.com\/wisecut-hauteur-tonte-automatique\/"},"modified":"2025-08-13T16:03:18","modified_gmt":"2025-08-13T15:03:18","slug":"wisecut-automatisk-klippho-jd","status":"publish","type":"page","link":"https:\/\/www.belrobotics.com\/sv\/wisecut-automatisk-klippho-jd\/","title":{"rendered":"Wisecut: anpassar sig perfekt till varje del av golfbanan"},"content":{"rendered":"<h2 class=\"h3\">Automatisk h\u00f6jd och klippstil<\/h2>\n<p class=\"p1\">Den nya Wisecut-tekniken \u00e4r en av de nya funktionerna i den exklusiva programuppdateringen f\u00f6r GPS-RTK robotgr\u00e4sklippare. Klipph\u00f6jden och klippstilen (remsor, spiraler) anpassas automatiskt till olika delar av banan, i enlighet med era kriterier. Ett perfekt resultat, utan n\u00e5gon manuell justering.<\/p>\n<h2 class=\"h3\">O\u00f6vertr\u00e4ffade, attraktiva resultat<\/h2>\n<p class=\"p1\">Med Wisecut f\u00e5r varje yta en optimal klippning, beroende p\u00e5 vad den anv\u00e4nds till.<br clear='none'\/>\nEra idrottsplaner, parker och stora \u00f6ppna gr\u00f6nomr\u00e5den klipps till perfektion.<br clear='none'\/>\nF\u00f6r golfbanor kommer varje spelomr\u00e5de \u2013 utslagsplatser, fairways, semi-roughs, roughs och aprons \u2013 att dra nytta av perfekt anpassad, automatiserad klippning.<br clear='none'\/>\nDetta garanterar ett professionellt och attraktivt resultat.<\/p>\n","protected":false},"excerpt":{"rendered":"<p>Automatisk h\u00f6jd och klippstil Den nya Wisecut-tekniken \u00e4r en av de nya funktionerna i den exklusiva programuppdateringen f\u00f6r GPS-RTK robotgr\u00e4sklippare. Klipph\u00f6jden och klippstilen (remsor, spiraler) anpassas automatiskt till olika delar av banan, i enlighet med era kriterier. Ett perfekt resultat, utan n\u00e5gon manuell justering. O\u00f6vertr\u00e4ffade, attraktiva resultat Med Wisecut f\u00e5r varje yta en optimal klippning, [&hellip;]<\/p>\n","protected":false},"author":9,"featured_media":42027,"parent":0,"menu_order":0,"comment_status":"closed","ping_status":"closed","template":"wisecut.php","meta":{"_acf_changed":false,"footnotes":""},"class_list":["post-42106","page","type-page","status-publish","has-post-thumbnail","hentry"],"acf":[],"yoast_head":"<!-- This site is optimized with the Yoast SEO plugin v26.9 - https:\/\/yoast.com\/product\/yoast-seo-wordpress\/ -->\n<title>Wisecut: anpassar sig perfekt till varje del av golfbanan - Belrobotics<\/title>\n<meta name=\"description\" content=\"Uppt\u00e4ck Wisecut: klipph\u00f6jden och klippm\u00f6nstret justeras automatiskt f\u00f6r att passa dina greener, tees och fairways. Oklanderliga resultat, inga manuella justeringar.\" \/>\n<meta name=\"robots\" content=\"index, follow, max-snippet:-1, max-image-preview:large, max-video-preview:-1\" \/>\n<link rel=\"canonical\" href=\"https:\/\/www.belrobotics.com\/sv\/wisecut-automatisk-klippho-jd\/\" \/>\n<meta property=\"og:locale\" content=\"sv_SE\" \/>\n<meta property=\"og:type\" content=\"article\" \/>\n<meta property=\"og:title\" content=\"Wisecut: anpassar sig perfekt till varje del av golfbanan - Belrobotics\" \/>\n<meta property=\"og:description\" content=\"Uppt\u00e4ck Wisecut: klipph\u00f6jden och klippm\u00f6nstret justeras automatiskt f\u00f6r att passa dina greener, tees och fairways. Oklanderliga resultat, inga manuella justeringar.\" \/>\n<meta property=\"og:url\" content=\"https:\/\/www.belrobotics.com\/sv\/wisecut-automatisk-klippho-jd\/\" \/>\n<meta property=\"og:site_name\" content=\"Belrobotics\" \/>\n<meta property=\"article:publisher\" content=\"https:\/\/www.facebook.com\/belrobotics\" \/>\n<meta property=\"article:modified_time\" content=\"2025-08-13T15:03:18+00:00\" \/>\n<meta property=\"og:image\" content=\"https:\/\/www.belrobotics.com\/wp-content\/uploads\/2025\/08\/wisecut_page_hero.webp\" \/>\n\t<meta property=\"og:image:width\" content=\"1300\" \/>\n\t<meta property=\"og:image:height\" content=\"1079\" \/>\n\t<meta property=\"og:image:type\" content=\"image\/webp\" \/>\n<meta name=\"twitter:card\" content=\"summary_large_image\" \/>\n<meta name=\"twitter:label1\" content=\"Ber\u00e4knad l\u00e4stid\" \/>\n\t<meta name=\"twitter:data1\" content=\"6 minuter\" \/>\n<script type=\"application\/ld+json\" class=\"yoast-schema-graph\">{\"@context\":\"https:\/\/schema.org\",\"@graph\":[{\"@type\":\"WebPage\",\"@id\":\"https:\/\/www.belrobotics.com\/sv\/wisecut-automatisk-klippho-jd\/\",\"url\":\"https:\/\/www.belrobotics.com\/sv\/wisecut-automatisk-klippho-jd\/\",\"name\":\"Wisecut: anpassar sig perfekt till varje del av golfbanan - Belrobotics\",\"isPartOf\":{\"@id\":\"https:\/\/www.belrobotics.com\/sv\/#website\"},\"primaryImageOfPage\":{\"@id\":\"https:\/\/www.belrobotics.com\/sv\/wisecut-automatisk-klippho-jd\/#primaryimage\"},\"image\":{\"@id\":\"https:\/\/www.belrobotics.com\/sv\/wisecut-automatisk-klippho-jd\/#primaryimage\"},\"thumbnailUrl\":\"https:\/\/www.belrobotics.com\/wp-content\/uploads\/2025\/08\/wisecut_page_hero.webp\",\"datePublished\":\"2025-08-12T09:16:31+00:00\",\"dateModified\":\"2025-08-13T15:03:18+00:00\",\"description\":\"Uppt\u00e4ck Wisecut: klipph\u00f6jden och klippm\u00f6nstret justeras automatiskt f\u00f6r att passa dina greener, tees och fairways. Oklanderliga resultat, inga manuella justeringar.\",\"breadcrumb\":{\"@id\":\"https:\/\/www.belrobotics.com\/sv\/wisecut-automatisk-klippho-jd\/#breadcrumb\"},\"inLanguage\":\"sv-SE\",\"potentialAction\":[{\"@type\":\"ReadAction\",\"target\":[\"https:\/\/www.belrobotics.com\/sv\/wisecut-automatisk-klippho-jd\/\"]}]},{\"@type\":\"ImageObject\",\"inLanguage\":\"sv-SE\",\"@id\":\"https:\/\/www.belrobotics.com\/sv\/wisecut-automatisk-klippho-jd\/#primaryimage\",\"url\":\"https:\/\/www.belrobotics.com\/wp-content\/uploads\/2025\/08\/wisecut_page_hero.webp\",\"contentUrl\":\"https:\/\/www.belrobotics.com\/wp-content\/uploads\/2025\/08\/wisecut_page_hero.webp\",\"width\":1300,\"height\":1079},{\"@type\":\"BreadcrumbList\",\"@id\":\"https:\/\/www.belrobotics.com\/sv\/wisecut-automatisk-klippho-jd\/#breadcrumb\",\"itemListElement\":[{\"@type\":\"ListItem\",\"position\":1,\"name\":\"Home\",\"item\":\"https:\/\/www.belrobotics.com\/sv\/\"},{\"@type\":\"ListItem\",\"position\":2,\"name\":\"Wisecut: anpassar sig perfekt till varje del av golfbanan\"}]},{\"@type\":\"WebSite\",\"@id\":\"https:\/\/www.belrobotics.com\/sv\/#website\",\"url\":\"https:\/\/www.belrobotics.com\/sv\/\",\"name\":\"Belrobotics\",\"description\":\"The grass masters\",\"publisher\":{\"@id\":\"https:\/\/www.belrobotics.com\/sv\/#organization\"},\"potentialAction\":[{\"@type\":\"SearchAction\",\"target\":{\"@type\":\"EntryPoint\",\"urlTemplate\":\"https:\/\/www.belrobotics.com\/sv\/?s={search_term_string}\"},\"query-input\":{\"@type\":\"PropertyValueSpecification\",\"valueRequired\":true,\"valueName\":\"search_term_string\"}}],\"inLanguage\":\"sv-SE\"},{\"@type\":\"Organization\",\"@id\":\"https:\/\/www.belrobotics.com\/sv\/#organization\",\"name\":\"Belrobotics\",\"url\":\"https:\/\/www.belrobotics.com\/sv\/\",\"logo\":{\"@type\":\"ImageObject\",\"inLanguage\":\"sv-SE\",\"@id\":\"https:\/\/www.belrobotics.com\/sv\/#\/schema\/logo\/image\/\",\"url\":\"https:\/\/www.belrobotics.com\/wp-content\/uploads\/2019\/01\/logo-belrobotics.svg\",\"contentUrl\":\"https:\/\/www.belrobotics.com\/wp-content\/uploads\/2019\/01\/logo-belrobotics.svg\",\"width\":100,\"height\":16,\"caption\":\"Belrobotics\"},\"image\":{\"@id\":\"https:\/\/www.belrobotics.com\/sv\/#\/schema\/logo\/image\/\"},\"sameAs\":[\"https:\/\/www.facebook.com\/belrobotics\",\"https:\/\/www.youtube.com\/channel\/UCYgWBPRzEdXmUqLRL0JbUIw\",\"https:\/\/www.instagram.com\/belrobotics_europe\/\"]}]}<\/script>\n<!-- \/ Yoast SEO plugin. -->","yoast_head_json":{"title":"Wisecut: anpassar sig perfekt till varje del av golfbanan - Belrobotics","description":"Uppt\u00e4ck Wisecut: klipph\u00f6jden och klippm\u00f6nstret justeras automatiskt f\u00f6r att passa dina greener, tees och fairways. Oklanderliga resultat, inga manuella justeringar.","robots":{"index":"index","follow":"follow","max-snippet":"max-snippet:-1","max-image-preview":"max-image-preview:large","max-video-preview":"max-video-preview:-1"},"canonical":"https:\/\/www.belrobotics.com\/sv\/wisecut-automatisk-klippho-jd\/","og_locale":"sv_SE","og_type":"article","og_title":"Wisecut: anpassar sig perfekt till varje del av golfbanan - Belrobotics","og_description":"Uppt\u00e4ck Wisecut: klipph\u00f6jden och klippm\u00f6nstret justeras automatiskt f\u00f6r att passa dina greener, tees och fairways. Oklanderliga resultat, inga manuella justeringar.","og_url":"https:\/\/www.belrobotics.com\/sv\/wisecut-automatisk-klippho-jd\/","og_site_name":"Belrobotics","article_publisher":"https:\/\/www.facebook.com\/belrobotics","article_modified_time":"2025-08-13T15:03:18+00:00","og_image":[{"width":1300,"height":1079,"url":"https:\/\/www.belrobotics.com\/wp-content\/uploads\/2025\/08\/wisecut_page_hero.webp","type":"image\/webp"}],"twitter_card":"summary_large_image","twitter_misc":{"Ber\u00e4knad l\u00e4stid":"6 minuter"},"schema":{"@context":"https:\/\/schema.org","@graph":[{"@type":"WebPage","@id":"https:\/\/www.belrobotics.com\/sv\/wisecut-automatisk-klippho-jd\/","url":"https:\/\/www.belrobotics.com\/sv\/wisecut-automatisk-klippho-jd\/","name":"Wisecut: anpassar sig perfekt till varje del av golfbanan - Belrobotics","isPartOf":{"@id":"https:\/\/www.belrobotics.com\/sv\/#website"},"primaryImageOfPage":{"@id":"https:\/\/www.belrobotics.com\/sv\/wisecut-automatisk-klippho-jd\/#primaryimage"},"image":{"@id":"https:\/\/www.belrobotics.com\/sv\/wisecut-automatisk-klippho-jd\/#primaryimage"},"thumbnailUrl":"https:\/\/www.belrobotics.com\/wp-content\/uploads\/2025\/08\/wisecut_page_hero.webp","datePublished":"2025-08-12T09:16:31+00:00","dateModified":"2025-08-13T15:03:18+00:00","description":"Uppt\u00e4ck Wisecut: klipph\u00f6jden och klippm\u00f6nstret justeras automatiskt f\u00f6r att passa dina greener, tees och fairways. Oklanderliga resultat, inga manuella justeringar.","breadcrumb":{"@id":"https:\/\/www.belrobotics.com\/sv\/wisecut-automatisk-klippho-jd\/#breadcrumb"},"inLanguage":"sv-SE","potentialAction":[{"@type":"ReadAction","target":["https:\/\/www.belrobotics.com\/sv\/wisecut-automatisk-klippho-jd\/"]}]},{"@type":"ImageObject","inLanguage":"sv-SE","@id":"https:\/\/www.belrobotics.com\/sv\/wisecut-automatisk-klippho-jd\/#primaryimage","url":"https:\/\/www.belrobotics.com\/wp-content\/uploads\/2025\/08\/wisecut_page_hero.webp","contentUrl":"https:\/\/www.belrobotics.com\/wp-content\/uploads\/2025\/08\/wisecut_page_hero.webp","width":1300,"height":1079},{"@type":"BreadcrumbList","@id":"https:\/\/www.belrobotics.com\/sv\/wisecut-automatisk-klippho-jd\/#breadcrumb","itemListElement":[{"@type":"ListItem","position":1,"name":"Home","item":"https:\/\/www.belrobotics.com\/sv\/"},{"@type":"ListItem","position":2,"name":"Wisecut: anpassar sig perfekt till varje del av golfbanan"}]},{"@type":"WebSite","@id":"https:\/\/www.belrobotics.com\/sv\/#website","url":"https:\/\/www.belrobotics.com\/sv\/","name":"Belrobotics","description":"The grass masters","publisher":{"@id":"https:\/\/www.belrobotics.com\/sv\/#organization"},"potentialAction":[{"@type":"SearchAction","target":{"@type":"EntryPoint","urlTemplate":"https:\/\/www.belrobotics.com\/sv\/?s={search_term_string}"},"query-input":{"@type":"PropertyValueSpecification","valueRequired":true,"valueName":"search_term_string"}}],"inLanguage":"sv-SE"},{"@type":"Organization","@id":"https:\/\/www.belrobotics.com\/sv\/#organization","name":"Belrobotics","url":"https:\/\/www.belrobotics.com\/sv\/","logo":{"@type":"ImageObject","inLanguage":"sv-SE","@id":"https:\/\/www.belrobotics.com\/sv\/#\/schema\/logo\/image\/","url":"https:\/\/www.belrobotics.com\/wp-content\/uploads\/2019\/01\/logo-belrobotics.svg","contentUrl":"https:\/\/www.belrobotics.com\/wp-content\/uploads\/2019\/01\/logo-belrobotics.svg","width":100,"height":16,"caption":"Belrobotics"},"image":{"@id":"https:\/\/www.belrobotics.com\/sv\/#\/schema\/logo\/image\/"},"sameAs":["https:\/\/www.facebook.com\/belrobotics","https:\/\/www.youtube.com\/channel\/UCYgWBPRzEdXmUqLRL0JbUIw","https:\/\/www.instagram.com\/belrobotics_europe\/"]}]}},"_links":{"self":[{"href":"https:\/\/www.belrobotics.com\/sv\/wp-json\/wp\/v2\/pages\/42106","targetHints":{"allow":["GET"]}}],"collection":[{"href":"https:\/\/www.belrobotics.com\/sv\/wp-json\/wp\/v2\/pages"}],"about":[{"href":"https:\/\/www.belrobotics.com\/sv\/wp-json\/wp\/v2\/types\/page"}],"author":[{"embeddable":true,"href":"https:\/\/www.belrobotics.com\/sv\/wp-json\/wp\/v2\/users\/9"}],"replies":[{"embeddable":true,"href":"https:\/\/www.belrobotics.com\/sv\/wp-json\/wp\/v2\/comments?post=42106"}],"version-history":[{"count":3,"href":"https:\/\/www.belrobotics.com\/sv\/wp-json\/wp\/v2\/pages\/42106\/revisions"}],"predecessor-version":[{"id":42285,"href":"https:\/\/www.belrobotics.com\/sv\/wp-json\/wp\/v2\/pages\/42106\/revisions\/42285"}],"wp:featuredmedia":[{"embeddable":true,"href":"https:\/\/www.belrobotics.com\/sv\/wp-json\/wp\/v2\/media\/42027"}],"wp:attachment":[{"href":"https:\/\/www.belrobotics.com\/sv\/wp-json\/wp\/v2\/media?parent=42106"}],"curies":[{"name":"wp","href":"https:\/\/api.w.org\/{rel}","templated":true}]}}