{"id":24105,"date":"2023-05-26T14:00:24","date_gmt":"2023-05-26T13:00:24","guid":{"rendered":"https:\/\/belrobotics.andromede.digital\/?page_id=24105"},"modified":"2023-06-26T11:43:37","modified_gmt":"2023-06-26T10:43:37","slug":"wisenav-tradlos-gps-rtk-robotklippare","status":"publish","type":"page","link":"https:\/\/www.belrobotics.com\/sv\/wisenav-tradlos-gps-rtk-robotklippare\/","title":{"rendered":"WiseNav: tr\u00e5dl\u00f6s GPS-RTK robotklippare"},"content":{"rendered":"<h3 class=\"p1\">M\u00f6nsterklippning i fullt GPS-l\u00e4ge<\/h3>\n<p><span style=\"font-weight: 400;\">Den inbyggda tekniken GPS-RTK m\u00f6jligg\u00f6r redan m\u00f6nsterklippning. Med WiseNav-uppgraderingen kommer din robot att flytta upp till n\u00e4sta precisionsniv\u00e5 och navigera utan en begr\u00e4nsningskabel.<br clear='none'\/>\nTre g\u00e5nger h\u00f6gre klippkapacitet och en drastisk minskning av din arbetsbelastning. Finns \u00e4ven f\u00f6r golfbollsplockare.<br clear='none'\/>\n<\/span><\/p>\n<h3>Uppgraderingen du har v\u00e4ntat p\u00e5<\/h3>\n<p><span style=\"font-weight: 400;\">Vare sig du \u00e4r en greenkeeper, ansvarig f\u00f6r en fotbollsplan, idrottsanl\u00e4ggningschef eller ansvarar f\u00f6r gr\u00f6nomr\u00e5den &#8230; som gr\u00e4sproffs \u00e4r ditt m\u00e5l att optimera f\u00f6rvaltningen och sk\u00f6tseln av dina f\u00e4lt. Uppt\u00e4ck den senaste kostnadsfria uppgraderingen f\u00f6r dina Belrobotics GPS-RTK-robotar: m\u00f6nsterklippning med centimeterprecision utan en begr\u00e4nsningskabel.<br clear='none'\/>\n<\/span><\/p>\n","protected":false},"excerpt":{"rendered":"<p>M\u00f6nsterklippning i fullt GPS-l\u00e4ge Den inbyggda tekniken GPS-RTK m\u00f6jligg\u00f6r redan m\u00f6nsterklippning. Med WiseNav-uppgraderingen kommer din robot att flytta upp till n\u00e4sta precisionsniv\u00e5 och navigera utan en begr\u00e4nsningskabel. Tre g\u00e5nger h\u00f6gre klippkapacitet och en drastisk minskning av din arbetsbelastning. Finns \u00e4ven f\u00f6r golfbollsplockare. Uppgraderingen du har v\u00e4ntat p\u00e5 Vare sig du \u00e4r en greenkeeper, ansvarig f\u00f6r [&hellip;]<\/p>\n","protected":false},"author":9,"featured_media":23971,"parent":0,"menu_order":0,"comment_status":"closed","ping_status":"closed","template":"wisenav.php","meta":{"_acf_changed":false,"footnotes":""},"class_list":["post-24105","page","type-page","status-publish","has-post-thumbnail","hentry"],"acf":[],"yoast_head":"<!-- This site is optimized with the Yoast SEO plugin v26.9 - https:\/\/yoast.com\/product\/yoast-seo-wordpress\/ -->\n<title>WiseNav: tr\u00e5dl\u00f6s teknik - Belrobotics<\/title>\n<meta name=\"description\" content=\"Den tr\u00e5dl\u00f6sa tekniken WiseNav i Belrobotics GPS-RTK robotstyrda klippare revolutionerar m\u00f6nsterklippningen\" \/>\n<meta name=\"robots\" content=\"index, follow, max-snippet:-1, max-image-preview:large, max-video-preview:-1\" \/>\n<link rel=\"canonical\" href=\"https:\/\/www.belrobotics.com\/sv\/wisenav-tradlos-gps-rtk-robotklippare\/\" \/>\n<meta property=\"og:locale\" content=\"sv_SE\" \/>\n<meta property=\"og:type\" content=\"article\" \/>\n<meta property=\"og:title\" content=\"WiseNav: tr\u00e5dl\u00f6s teknik - Belrobotics\" \/>\n<meta property=\"og:description\" content=\"Den tr\u00e5dl\u00f6sa tekniken WiseNav i Belrobotics GPS-RTK robotstyrda klippare revolutionerar m\u00f6nsterklippningen\" \/>\n<meta property=\"og:url\" content=\"https:\/\/www.belrobotics.com\/sv\/wisenav-tradlos-gps-rtk-robotklippare\/\" \/>\n<meta property=\"og:site_name\" content=\"Belrobotics\" \/>\n<meta property=\"article:publisher\" content=\"https:\/\/www.facebook.com\/belrobotics\" \/>\n<meta property=\"article:modified_time\" content=\"2023-06-26T10:43:37+00:00\" \/>\n<meta property=\"og:image\" content=\"https:\/\/www.belrobotics.com\/wp-content\/uploads\/2023\/05\/wisenav_header_bg_only.webp\" \/>\n\t<meta property=\"og:image:width\" content=\"1000\" \/>\n\t<meta property=\"og:image:height\" content=\"683\" \/>\n\t<meta property=\"og:image:type\" content=\"image\/webp\" \/>\n<meta name=\"twitter:card\" content=\"summary_large_image\" \/>\n<meta name=\"twitter:label1\" content=\"Ber\u00e4knad l\u00e4stid\" \/>\n\t<meta name=\"twitter:data1\" content=\"1 minut\" \/>\n<script type=\"application\/ld+json\" class=\"yoast-schema-graph\">{\"@context\":\"https:\/\/schema.org\",\"@graph\":[{\"@type\":\"WebPage\",\"@id\":\"https:\/\/www.belrobotics.com\/sv\/wisenav-tradlos-gps-rtk-robotklippare\/\",\"url\":\"https:\/\/www.belrobotics.com\/sv\/wisenav-tradlos-gps-rtk-robotklippare\/\",\"name\":\"WiseNav: tr\u00e5dl\u00f6s teknik - Belrobotics\",\"isPartOf\":{\"@id\":\"https:\/\/www.belrobotics.com\/sv\/#website\"},\"primaryImageOfPage\":{\"@id\":\"https:\/\/www.belrobotics.com\/sv\/wisenav-tradlos-gps-rtk-robotklippare\/#primaryimage\"},\"image\":{\"@id\":\"https:\/\/www.belrobotics.com\/sv\/wisenav-tradlos-gps-rtk-robotklippare\/#primaryimage\"},\"thumbnailUrl\":\"https:\/\/www.belrobotics.com\/wp-content\/uploads\/2023\/05\/wisenav_header_bg_only.webp\",\"datePublished\":\"2023-05-26T13:00:24+00:00\",\"dateModified\":\"2023-06-26T10:43:37+00:00\",\"description\":\"Den tr\u00e5dl\u00f6sa tekniken WiseNav i Belrobotics GPS-RTK robotstyrda klippare revolutionerar m\u00f6nsterklippningen\",\"breadcrumb\":{\"@id\":\"https:\/\/www.belrobotics.com\/sv\/wisenav-tradlos-gps-rtk-robotklippare\/#breadcrumb\"},\"inLanguage\":\"sv-SE\",\"potentialAction\":[{\"@type\":\"ReadAction\",\"target\":[\"https:\/\/www.belrobotics.com\/sv\/wisenav-tradlos-gps-rtk-robotklippare\/\"]}]},{\"@type\":\"ImageObject\",\"inLanguage\":\"sv-SE\",\"@id\":\"https:\/\/www.belrobotics.com\/sv\/wisenav-tradlos-gps-rtk-robotklippare\/#primaryimage\",\"url\":\"https:\/\/www.belrobotics.com\/wp-content\/uploads\/2023\/05\/wisenav_header_bg_only.webp\",\"contentUrl\":\"https:\/\/www.belrobotics.com\/wp-content\/uploads\/2023\/05\/wisenav_header_bg_only.webp\",\"width\":1000,\"height\":683},{\"@type\":\"BreadcrumbList\",\"@id\":\"https:\/\/www.belrobotics.com\/sv\/wisenav-tradlos-gps-rtk-robotklippare\/#breadcrumb\",\"itemListElement\":[{\"@type\":\"ListItem\",\"position\":1,\"name\":\"Home\",\"item\":\"https:\/\/www.belrobotics.com\/sv\/\"},{\"@type\":\"ListItem\",\"position\":2,\"name\":\"WiseNav: tr\u00e5dl\u00f6s GPS-RTK robotklippare\"}]},{\"@type\":\"WebSite\",\"@id\":\"https:\/\/www.belrobotics.com\/sv\/#website\",\"url\":\"https:\/\/www.belrobotics.com\/sv\/\",\"name\":\"Belrobotics\",\"description\":\"The grass masters\",\"publisher\":{\"@id\":\"https:\/\/www.belrobotics.com\/sv\/#organization\"},\"potentialAction\":[{\"@type\":\"SearchAction\",\"target\":{\"@type\":\"EntryPoint\",\"urlTemplate\":\"https:\/\/www.belrobotics.com\/sv\/?s={search_term_string}\"},\"query-input\":{\"@type\":\"PropertyValueSpecification\",\"valueRequired\":true,\"valueName\":\"search_term_string\"}}],\"inLanguage\":\"sv-SE\"},{\"@type\":\"Organization\",\"@id\":\"https:\/\/www.belrobotics.com\/sv\/#organization\",\"name\":\"Belrobotics\",\"url\":\"https:\/\/www.belrobotics.com\/sv\/\",\"logo\":{\"@type\":\"ImageObject\",\"inLanguage\":\"sv-SE\",\"@id\":\"https:\/\/www.belrobotics.com\/sv\/#\/schema\/logo\/image\/\",\"url\":\"https:\/\/www.belrobotics.com\/wp-content\/uploads\/2019\/01\/logo-belrobotics.svg\",\"contentUrl\":\"https:\/\/www.belrobotics.com\/wp-content\/uploads\/2019\/01\/logo-belrobotics.svg\",\"width\":100,\"height\":16,\"caption\":\"Belrobotics\"},\"image\":{\"@id\":\"https:\/\/www.belrobotics.com\/sv\/#\/schema\/logo\/image\/\"},\"sameAs\":[\"https:\/\/www.facebook.com\/belrobotics\",\"https:\/\/www.youtube.com\/channel\/UCYgWBPRzEdXmUqLRL0JbUIw\",\"https:\/\/www.instagram.com\/belrobotics_europe\/\"]}]}<\/script>\n<!-- \/ Yoast SEO plugin. -->","yoast_head_json":{"title":"WiseNav: tr\u00e5dl\u00f6s teknik - Belrobotics","description":"Den tr\u00e5dl\u00f6sa tekniken WiseNav i Belrobotics GPS-RTK robotstyrda klippare revolutionerar m\u00f6nsterklippningen","robots":{"index":"index","follow":"follow","max-snippet":"max-snippet:-1","max-image-preview":"max-image-preview:large","max-video-preview":"max-video-preview:-1"},"canonical":"https:\/\/www.belrobotics.com\/sv\/wisenav-tradlos-gps-rtk-robotklippare\/","og_locale":"sv_SE","og_type":"article","og_title":"WiseNav: tr\u00e5dl\u00f6s teknik - Belrobotics","og_description":"Den tr\u00e5dl\u00f6sa tekniken WiseNav i Belrobotics GPS-RTK robotstyrda klippare revolutionerar m\u00f6nsterklippningen","og_url":"https:\/\/www.belrobotics.com\/sv\/wisenav-tradlos-gps-rtk-robotklippare\/","og_site_name":"Belrobotics","article_publisher":"https:\/\/www.facebook.com\/belrobotics","article_modified_time":"2023-06-26T10:43:37+00:00","og_image":[{"width":1000,"height":683,"url":"https:\/\/www.belrobotics.com\/wp-content\/uploads\/2023\/05\/wisenav_header_bg_only.webp","type":"image\/webp"}],"twitter_card":"summary_large_image","twitter_misc":{"Ber\u00e4knad l\u00e4stid":"1 minut"},"schema":{"@context":"https:\/\/schema.org","@graph":[{"@type":"WebPage","@id":"https:\/\/www.belrobotics.com\/sv\/wisenav-tradlos-gps-rtk-robotklippare\/","url":"https:\/\/www.belrobotics.com\/sv\/wisenav-tradlos-gps-rtk-robotklippare\/","name":"WiseNav: tr\u00e5dl\u00f6s teknik - Belrobotics","isPartOf":{"@id":"https:\/\/www.belrobotics.com\/sv\/#website"},"primaryImageOfPage":{"@id":"https:\/\/www.belrobotics.com\/sv\/wisenav-tradlos-gps-rtk-robotklippare\/#primaryimage"},"image":{"@id":"https:\/\/www.belrobotics.com\/sv\/wisenav-tradlos-gps-rtk-robotklippare\/#primaryimage"},"thumbnailUrl":"https:\/\/www.belrobotics.com\/wp-content\/uploads\/2023\/05\/wisenav_header_bg_only.webp","datePublished":"2023-05-26T13:00:24+00:00","dateModified":"2023-06-26T10:43:37+00:00","description":"Den tr\u00e5dl\u00f6sa tekniken WiseNav i Belrobotics GPS-RTK robotstyrda klippare revolutionerar m\u00f6nsterklippningen","breadcrumb":{"@id":"https:\/\/www.belrobotics.com\/sv\/wisenav-tradlos-gps-rtk-robotklippare\/#breadcrumb"},"inLanguage":"sv-SE","potentialAction":[{"@type":"ReadAction","target":["https:\/\/www.belrobotics.com\/sv\/wisenav-tradlos-gps-rtk-robotklippare\/"]}]},{"@type":"ImageObject","inLanguage":"sv-SE","@id":"https:\/\/www.belrobotics.com\/sv\/wisenav-tradlos-gps-rtk-robotklippare\/#primaryimage","url":"https:\/\/www.belrobotics.com\/wp-content\/uploads\/2023\/05\/wisenav_header_bg_only.webp","contentUrl":"https:\/\/www.belrobotics.com\/wp-content\/uploads\/2023\/05\/wisenav_header_bg_only.webp","width":1000,"height":683},{"@type":"BreadcrumbList","@id":"https:\/\/www.belrobotics.com\/sv\/wisenav-tradlos-gps-rtk-robotklippare\/#breadcrumb","itemListElement":[{"@type":"ListItem","position":1,"name":"Home","item":"https:\/\/www.belrobotics.com\/sv\/"},{"@type":"ListItem","position":2,"name":"WiseNav: tr\u00e5dl\u00f6s GPS-RTK robotklippare"}]},{"@type":"WebSite","@id":"https:\/\/www.belrobotics.com\/sv\/#website","url":"https:\/\/www.belrobotics.com\/sv\/","name":"Belrobotics","description":"The grass masters","publisher":{"@id":"https:\/\/www.belrobotics.com\/sv\/#organization"},"potentialAction":[{"@type":"SearchAction","target":{"@type":"EntryPoint","urlTemplate":"https:\/\/www.belrobotics.com\/sv\/?s={search_term_string}"},"query-input":{"@type":"PropertyValueSpecification","valueRequired":true,"valueName":"search_term_string"}}],"inLanguage":"sv-SE"},{"@type":"Organization","@id":"https:\/\/www.belrobotics.com\/sv\/#organization","name":"Belrobotics","url":"https:\/\/www.belrobotics.com\/sv\/","logo":{"@type":"ImageObject","inLanguage":"sv-SE","@id":"https:\/\/www.belrobotics.com\/sv\/#\/schema\/logo\/image\/","url":"https:\/\/www.belrobotics.com\/wp-content\/uploads\/2019\/01\/logo-belrobotics.svg","contentUrl":"https:\/\/www.belrobotics.com\/wp-content\/uploads\/2019\/01\/logo-belrobotics.svg","width":100,"height":16,"caption":"Belrobotics"},"image":{"@id":"https:\/\/www.belrobotics.com\/sv\/#\/schema\/logo\/image\/"},"sameAs":["https:\/\/www.facebook.com\/belrobotics","https:\/\/www.youtube.com\/channel\/UCYgWBPRzEdXmUqLRL0JbUIw","https:\/\/www.instagram.com\/belrobotics_europe\/"]}]}},"_links":{"self":[{"href":"https:\/\/www.belrobotics.com\/sv\/wp-json\/wp\/v2\/pages\/24105","targetHints":{"allow":["GET"]}}],"collection":[{"href":"https:\/\/www.belrobotics.com\/sv\/wp-json\/wp\/v2\/pages"}],"about":[{"href":"https:\/\/www.belrobotics.com\/sv\/wp-json\/wp\/v2\/types\/page"}],"author":[{"embeddable":true,"href":"https:\/\/www.belrobotics.com\/sv\/wp-json\/wp\/v2\/users\/9"}],"replies":[{"embeddable":true,"href":"https:\/\/www.belrobotics.com\/sv\/wp-json\/wp\/v2\/comments?post=24105"}],"version-history":[{"count":4,"href":"https:\/\/www.belrobotics.com\/sv\/wp-json\/wp\/v2\/pages\/24105\/revisions"}],"predecessor-version":[{"id":24508,"href":"https:\/\/www.belrobotics.com\/sv\/wp-json\/wp\/v2\/pages\/24105\/revisions\/24508"}],"wp:featuredmedia":[{"embeddable":true,"href":"https:\/\/www.belrobotics.com\/sv\/wp-json\/wp\/v2\/media\/23971"}],"wp:attachment":[{"href":"https:\/\/www.belrobotics.com\/sv\/wp-json\/wp\/v2\/media?parent=24105"}],"curies":[{"name":"wp","href":"https:\/\/api.w.org\/{rel}","templated":true}]}}