{"id":22008,"date":"2023-02-28T11:38:28","date_gmt":"2023-02-28T10:38:28","guid":{"rendered":"https:\/\/belrobotics.andromede.digital\/robotic-mowers\/"},"modified":"2023-02-28T15:26:40","modified_gmt":"2023-02-28T14:26:40","slug":"klippare","status":"publish","type":"page","link":"https:\/\/www.belrobotics.com\/sv\/klippare\/","title":{"rendered":"Klippare"},"content":{"rendered":"<h3>V\u00e4lkommen till en ny era!<\/h3>\n<p>H\u00e4r p\u00e5 Belrobotics \u00e4r vi \u00f6vertygade om att innovation och ny teknik \u00e4r grunden f\u00f6r morgondagens v\u00e4rld. P\u00e5 denna premiss str\u00e4var vi varje dag efter att f\u00f6rnya och designa de mest innovativa robotarna inom gr\u00e4sklippning och bollinsamling.<\/p>\n<p>P\u00e5litliga, milj\u00f6v\u00e4nliga och ekonomiska, v\u00e5ra robotar erbjuder dig lugn och ro n\u00e4r du underh\u00e5ller dina gr\u00f6nomr\u00e5den\u00a0&#8230;\u00a0oavsett om du \u00e4r privatperson eller proffs! Faktum \u00e4r att de kan t\u00e4cka in mycket stora omr\u00e5den (flera fotbollsplaner), samtidigt som de \u00e4nd\u00e5 f\u00f6rblir effektiva p\u00e5 mer blygsamma ytor.<\/p>\n<p>F\u00f6r att p\u00e5 b\u00e4sta s\u00e4tt m\u00f6ta dina behov har vi utvecklat tv\u00e5 separata produktserier: \u201c<a href=\"https:\/\/www.belrobotics.com\/sv\/connected-line\/\">Connected line<\/a>\u201d och \u201c<a href=\"https:\/\/www.belrobotics.com\/sv\/gps-rtk\/\">GPS RTK<\/a>\u201d.<\/p>\n","protected":false},"excerpt":{"rendered":"<p>V\u00e4lkommen till en ny era! H\u00e4r p\u00e5 Belrobotics \u00e4r vi \u00f6vertygade om att innovation och ny teknik \u00e4r grunden f\u00f6r morgondagens v\u00e4rld. P\u00e5 denna premiss str\u00e4var vi varje dag efter att f\u00f6rnya och designa de mest innovativa robotarna inom gr\u00e4sklippning och bollinsamling. P\u00e5litliga, milj\u00f6v\u00e4nliga och ekonomiska, v\u00e5ra robotar erbjuder dig lugn och ro n\u00e4r du [&hellip;]<\/p>\n","protected":false},"author":9,"featured_media":21941,"parent":0,"menu_order":0,"comment_status":"closed","ping_status":"closed","template":"template-tondeuses-robots.php","meta":{"_acf_changed":false,"footnotes":""},"class_list":["post-22008","page","type-page","status-publish","has-post-thumbnail","hentry"],"acf":[],"yoast_head":"<!-- This site is optimized with the Yoast SEO plugin v26.9 - https:\/\/yoast.com\/product\/yoast-seo-wordpress\/ -->\n<title>Klippare - Belrobotics<\/title>\n<meta name=\"robots\" content=\"index, follow, max-snippet:-1, max-image-preview:large, max-video-preview:-1\" \/>\n<link rel=\"canonical\" href=\"https:\/\/www.belrobotics.com\/sv\/klippare\/\" \/>\n<meta property=\"og:locale\" content=\"sv_SE\" \/>\n<meta property=\"og:type\" content=\"article\" \/>\n<meta property=\"og:title\" content=\"Klippare - Belrobotics\" \/>\n<meta property=\"og:description\" content=\"V\u00e4lkommen till en ny era! H\u00e4r p\u00e5 Belrobotics \u00e4r vi \u00f6vertygade om att innovation och ny teknik \u00e4r grunden f\u00f6r morgondagens v\u00e4rld. P\u00e5 denna premiss str\u00e4var vi varje dag efter att f\u00f6rnya och designa de mest innovativa robotarna inom gr\u00e4sklippning och bollinsamling. P\u00e5litliga, milj\u00f6v\u00e4nliga och ekonomiska, v\u00e5ra robotar erbjuder dig lugn och ro n\u00e4r du [&hellip;]\" \/>\n<meta property=\"og:url\" content=\"https:\/\/www.belrobotics.com\/sv\/klippare\/\" \/>\n<meta property=\"og:site_name\" content=\"Belrobotics\" \/>\n<meta property=\"article:publisher\" content=\"https:\/\/www.facebook.com\/belrobotics\" \/>\n<meta property=\"article:modified_time\" content=\"2023-02-28T14:26:40+00:00\" \/>\n<meta property=\"og:image\" content=\"https:\/\/www.belrobotics.com\/wp-content\/uploads\/2023\/02\/robot-mowers.webp\" \/>\n\t<meta property=\"og:image:width\" content=\"1920\" \/>\n\t<meta property=\"og:image:height\" content=\"994\" \/>\n\t<meta property=\"og:image:type\" content=\"image\/webp\" \/>\n<meta name=\"twitter:card\" content=\"summary_large_image\" \/>\n<meta name=\"twitter:label1\" content=\"Ber\u00e4knad l\u00e4stid\" \/>\n\t<meta name=\"twitter:data1\" content=\"1 minut\" \/>\n<script type=\"application\/ld+json\" class=\"yoast-schema-graph\">{\"@context\":\"https:\/\/schema.org\",\"@graph\":[{\"@type\":\"WebPage\",\"@id\":\"https:\/\/www.belrobotics.com\/sv\/klippare\/\",\"url\":\"https:\/\/www.belrobotics.com\/sv\/klippare\/\",\"name\":\"Klippare - Belrobotics\",\"isPartOf\":{\"@id\":\"https:\/\/www.belrobotics.com\/sv\/#website\"},\"primaryImageOfPage\":{\"@id\":\"https:\/\/www.belrobotics.com\/sv\/klippare\/#primaryimage\"},\"image\":{\"@id\":\"https:\/\/www.belrobotics.com\/sv\/klippare\/#primaryimage\"},\"thumbnailUrl\":\"https:\/\/www.belrobotics.com\/wp-content\/uploads\/2023\/02\/robot-mowers.webp\",\"datePublished\":\"2023-02-28T10:38:28+00:00\",\"dateModified\":\"2023-02-28T14:26:40+00:00\",\"breadcrumb\":{\"@id\":\"https:\/\/www.belrobotics.com\/sv\/klippare\/#breadcrumb\"},\"inLanguage\":\"sv-SE\",\"potentialAction\":[{\"@type\":\"ReadAction\",\"target\":[\"https:\/\/www.belrobotics.com\/sv\/klippare\/\"]}]},{\"@type\":\"ImageObject\",\"inLanguage\":\"sv-SE\",\"@id\":\"https:\/\/www.belrobotics.com\/sv\/klippare\/#primaryimage\",\"url\":\"https:\/\/www.belrobotics.com\/wp-content\/uploads\/2023\/02\/robot-mowers.webp\",\"contentUrl\":\"https:\/\/www.belrobotics.com\/wp-content\/uploads\/2023\/02\/robot-mowers.webp\",\"width\":1920,\"height\":994},{\"@type\":\"BreadcrumbList\",\"@id\":\"https:\/\/www.belrobotics.com\/sv\/klippare\/#breadcrumb\",\"itemListElement\":[{\"@type\":\"ListItem\",\"position\":1,\"name\":\"Home\",\"item\":\"https:\/\/www.belrobotics.com\/sv\/\"},{\"@type\":\"ListItem\",\"position\":2,\"name\":\"Klippare\"}]},{\"@type\":\"WebSite\",\"@id\":\"https:\/\/www.belrobotics.com\/sv\/#website\",\"url\":\"https:\/\/www.belrobotics.com\/sv\/\",\"name\":\"Belrobotics\",\"description\":\"The grass masters\",\"publisher\":{\"@id\":\"https:\/\/www.belrobotics.com\/sv\/#organization\"},\"potentialAction\":[{\"@type\":\"SearchAction\",\"target\":{\"@type\":\"EntryPoint\",\"urlTemplate\":\"https:\/\/www.belrobotics.com\/sv\/?s={search_term_string}\"},\"query-input\":{\"@type\":\"PropertyValueSpecification\",\"valueRequired\":true,\"valueName\":\"search_term_string\"}}],\"inLanguage\":\"sv-SE\"},{\"@type\":\"Organization\",\"@id\":\"https:\/\/www.belrobotics.com\/sv\/#organization\",\"name\":\"Belrobotics\",\"url\":\"https:\/\/www.belrobotics.com\/sv\/\",\"logo\":{\"@type\":\"ImageObject\",\"inLanguage\":\"sv-SE\",\"@id\":\"https:\/\/www.belrobotics.com\/sv\/#\/schema\/logo\/image\/\",\"url\":\"https:\/\/www.belrobotics.com\/wp-content\/uploads\/2019\/01\/logo-belrobotics.svg\",\"contentUrl\":\"https:\/\/www.belrobotics.com\/wp-content\/uploads\/2019\/01\/logo-belrobotics.svg\",\"width\":100,\"height\":16,\"caption\":\"Belrobotics\"},\"image\":{\"@id\":\"https:\/\/www.belrobotics.com\/sv\/#\/schema\/logo\/image\/\"},\"sameAs\":[\"https:\/\/www.facebook.com\/belrobotics\",\"https:\/\/www.youtube.com\/channel\/UCYgWBPRzEdXmUqLRL0JbUIw\",\"https:\/\/www.instagram.com\/belrobotics_europe\/\"]}]}<\/script>\n<!-- \/ Yoast SEO plugin. -->","yoast_head_json":{"title":"Klippare - Belrobotics","robots":{"index":"index","follow":"follow","max-snippet":"max-snippet:-1","max-image-preview":"max-image-preview:large","max-video-preview":"max-video-preview:-1"},"canonical":"https:\/\/www.belrobotics.com\/sv\/klippare\/","og_locale":"sv_SE","og_type":"article","og_title":"Klippare - Belrobotics","og_description":"V\u00e4lkommen till en ny era! H\u00e4r p\u00e5 Belrobotics \u00e4r vi \u00f6vertygade om att innovation och ny teknik \u00e4r grunden f\u00f6r morgondagens v\u00e4rld. P\u00e5 denna premiss str\u00e4var vi varje dag efter att f\u00f6rnya och designa de mest innovativa robotarna inom gr\u00e4sklippning och bollinsamling. P\u00e5litliga, milj\u00f6v\u00e4nliga och ekonomiska, v\u00e5ra robotar erbjuder dig lugn och ro n\u00e4r du [&hellip;]","og_url":"https:\/\/www.belrobotics.com\/sv\/klippare\/","og_site_name":"Belrobotics","article_publisher":"https:\/\/www.facebook.com\/belrobotics","article_modified_time":"2023-02-28T14:26:40+00:00","og_image":[{"width":1920,"height":994,"url":"https:\/\/www.belrobotics.com\/wp-content\/uploads\/2023\/02\/robot-mowers.webp","type":"image\/webp"}],"twitter_card":"summary_large_image","twitter_misc":{"Ber\u00e4knad l\u00e4stid":"1 minut"},"schema":{"@context":"https:\/\/schema.org","@graph":[{"@type":"WebPage","@id":"https:\/\/www.belrobotics.com\/sv\/klippare\/","url":"https:\/\/www.belrobotics.com\/sv\/klippare\/","name":"Klippare - Belrobotics","isPartOf":{"@id":"https:\/\/www.belrobotics.com\/sv\/#website"},"primaryImageOfPage":{"@id":"https:\/\/www.belrobotics.com\/sv\/klippare\/#primaryimage"},"image":{"@id":"https:\/\/www.belrobotics.com\/sv\/klippare\/#primaryimage"},"thumbnailUrl":"https:\/\/www.belrobotics.com\/wp-content\/uploads\/2023\/02\/robot-mowers.webp","datePublished":"2023-02-28T10:38:28+00:00","dateModified":"2023-02-28T14:26:40+00:00","breadcrumb":{"@id":"https:\/\/www.belrobotics.com\/sv\/klippare\/#breadcrumb"},"inLanguage":"sv-SE","potentialAction":[{"@type":"ReadAction","target":["https:\/\/www.belrobotics.com\/sv\/klippare\/"]}]},{"@type":"ImageObject","inLanguage":"sv-SE","@id":"https:\/\/www.belrobotics.com\/sv\/klippare\/#primaryimage","url":"https:\/\/www.belrobotics.com\/wp-content\/uploads\/2023\/02\/robot-mowers.webp","contentUrl":"https:\/\/www.belrobotics.com\/wp-content\/uploads\/2023\/02\/robot-mowers.webp","width":1920,"height":994},{"@type":"BreadcrumbList","@id":"https:\/\/www.belrobotics.com\/sv\/klippare\/#breadcrumb","itemListElement":[{"@type":"ListItem","position":1,"name":"Home","item":"https:\/\/www.belrobotics.com\/sv\/"},{"@type":"ListItem","position":2,"name":"Klippare"}]},{"@type":"WebSite","@id":"https:\/\/www.belrobotics.com\/sv\/#website","url":"https:\/\/www.belrobotics.com\/sv\/","name":"Belrobotics","description":"The grass masters","publisher":{"@id":"https:\/\/www.belrobotics.com\/sv\/#organization"},"potentialAction":[{"@type":"SearchAction","target":{"@type":"EntryPoint","urlTemplate":"https:\/\/www.belrobotics.com\/sv\/?s={search_term_string}"},"query-input":{"@type":"PropertyValueSpecification","valueRequired":true,"valueName":"search_term_string"}}],"inLanguage":"sv-SE"},{"@type":"Organization","@id":"https:\/\/www.belrobotics.com\/sv\/#organization","name":"Belrobotics","url":"https:\/\/www.belrobotics.com\/sv\/","logo":{"@type":"ImageObject","inLanguage":"sv-SE","@id":"https:\/\/www.belrobotics.com\/sv\/#\/schema\/logo\/image\/","url":"https:\/\/www.belrobotics.com\/wp-content\/uploads\/2019\/01\/logo-belrobotics.svg","contentUrl":"https:\/\/www.belrobotics.com\/wp-content\/uploads\/2019\/01\/logo-belrobotics.svg","width":100,"height":16,"caption":"Belrobotics"},"image":{"@id":"https:\/\/www.belrobotics.com\/sv\/#\/schema\/logo\/image\/"},"sameAs":["https:\/\/www.facebook.com\/belrobotics","https:\/\/www.youtube.com\/channel\/UCYgWBPRzEdXmUqLRL0JbUIw","https:\/\/www.instagram.com\/belrobotics_europe\/"]}]}},"_links":{"self":[{"href":"https:\/\/www.belrobotics.com\/sv\/wp-json\/wp\/v2\/pages\/22008","targetHints":{"allow":["GET"]}}],"collection":[{"href":"https:\/\/www.belrobotics.com\/sv\/wp-json\/wp\/v2\/pages"}],"about":[{"href":"https:\/\/www.belrobotics.com\/sv\/wp-json\/wp\/v2\/types\/page"}],"author":[{"embeddable":true,"href":"https:\/\/www.belrobotics.com\/sv\/wp-json\/wp\/v2\/users\/9"}],"replies":[{"embeddable":true,"href":"https:\/\/www.belrobotics.com\/sv\/wp-json\/wp\/v2\/comments?post=22008"}],"version-history":[{"count":2,"href":"https:\/\/www.belrobotics.com\/sv\/wp-json\/wp\/v2\/pages\/22008\/revisions"}],"predecessor-version":[{"id":22021,"href":"https:\/\/www.belrobotics.com\/sv\/wp-json\/wp\/v2\/pages\/22008\/revisions\/22021"}],"wp:featuredmedia":[{"embeddable":true,"href":"https:\/\/www.belrobotics.com\/sv\/wp-json\/wp\/v2\/media\/21941"}],"wp:attachment":[{"href":"https:\/\/www.belrobotics.com\/sv\/wp-json\/wp\/v2\/media?parent=22008"}],"curies":[{"name":"wp","href":"https:\/\/api.w.org\/{rel}","templated":true}]}}