{"id":18863,"date":"2021-07-16T10:28:45","date_gmt":"2021-07-16T09:28:45","guid":{"rendered":"https:\/\/belrobotics.andromede.digital\/gps-rtk\/"},"modified":"2023-05-16T11:16:16","modified_gmt":"2023-05-16T10:16:16","slug":"gps-rtk","status":"publish","type":"page","link":"https:\/\/www.belrobotics.com\/sv\/gps-rtk\/","title":{"rendered":"RTK: m\u00f6nsterklippning"},"content":{"rendered":"<h2 class=\"h3\">F\u00f6r kr\u00e4vande proffs<\/h2>\n<p>Sk\u00f6ter du gr\u00f6nytorna f\u00f6r ett f\u00f6retag eller ett offentligt organ? Hanterar du en idrottsanl\u00e4ggning? Uppt\u00e4ck en ny teknik som st\u00f6der dina m\u00e5l och din image. Dina robotgr\u00e4sklippare styrs numera av GPS-RTK f\u00f6r att erbjuda dig m\u00f6nsterklippning.<\/p>\n<h2 class=\"h3\">Ny inbyggd GPS-teknik.<\/h2>\n<p>Kr\u00e4ver din anl\u00e4ggning extremt exakt klippning? Beh\u00f6ver de t\u00e4cka<br clear='none'\/>\nsamma yta p\u00e5 kortare tid? H\u00e4r \u00e4r den nya generationen robotgr\u00e4sklippare som styrs av GPS-RTK. M\u00f6nsterklippning uppn\u00e5s med RTK-teknik (real-time kinematic). Resultat: b\u00e4ttre service, f\u00f6rb\u00e4ttrad anv\u00e4ndarupplevelse och ett klippt m\u00f6nster.<\/p>\n","protected":false},"excerpt":{"rendered":"<p>F\u00f6r kr\u00e4vande proffs Sk\u00f6ter du gr\u00f6nytorna f\u00f6r ett f\u00f6retag eller ett offentligt organ? Hanterar du en idrottsanl\u00e4ggning? Uppt\u00e4ck en ny teknik som st\u00f6der dina m\u00e5l och din image. Dina robotgr\u00e4sklippare styrs numera av GPS-RTK f\u00f6r att erbjuda dig m\u00f6nsterklippning. Ny inbyggd GPS-teknik. Kr\u00e4ver din anl\u00e4ggning extremt exakt klippning? Beh\u00f6ver de t\u00e4cka samma yta p\u00e5 kortare [&hellip;]<\/p>\n","protected":false},"author":9,"featured_media":13347,"parent":0,"menu_order":0,"comment_status":"closed","ping_status":"closed","template":"gps-rtk.php","meta":{"_acf_changed":false,"footnotes":""},"class_list":["post-18863","page","type-page","status-publish","has-post-thumbnail","hentry"],"acf":[],"yoast_head":"<!-- This site is optimized with the Yoast SEO plugin v26.9 - https:\/\/yoast.com\/product\/yoast-seo-wordpress\/ -->\n<title>RTK: m\u00f6nsterklippning - Belrobotics<\/title>\n<meta name=\"robots\" content=\"index, follow, max-snippet:-1, max-image-preview:large, max-video-preview:-1\" \/>\n<link rel=\"canonical\" href=\"https:\/\/www.belrobotics.com\/sv\/gps-rtk\/\" \/>\n<meta property=\"og:locale\" content=\"sv_SE\" \/>\n<meta property=\"og:type\" content=\"article\" \/>\n<meta property=\"og:title\" content=\"RTK: m\u00f6nsterklippning - Belrobotics\" \/>\n<meta property=\"og:description\" content=\"F\u00f6r kr\u00e4vande proffs Sk\u00f6ter du gr\u00f6nytorna f\u00f6r ett f\u00f6retag eller ett offentligt organ? Hanterar du en idrottsanl\u00e4ggning? Uppt\u00e4ck en ny teknik som st\u00f6der dina m\u00e5l och din image. Dina robotgr\u00e4sklippare styrs numera av GPS-RTK f\u00f6r att erbjuda dig m\u00f6nsterklippning. Ny inbyggd GPS-teknik. Kr\u00e4ver din anl\u00e4ggning extremt exakt klippning? Beh\u00f6ver de t\u00e4cka samma yta p\u00e5 kortare [&hellip;]\" \/>\n<meta property=\"og:url\" content=\"https:\/\/www.belrobotics.com\/sv\/gps-rtk\/\" \/>\n<meta property=\"og:site_name\" content=\"Belrobotics\" \/>\n<meta property=\"article:publisher\" content=\"https:\/\/www.facebook.com\/belrobotics\" \/>\n<meta property=\"article:modified_time\" content=\"2023-05-16T10:16:16+00:00\" \/>\n<meta property=\"og:image\" content=\"https:\/\/www.belrobotics.com\/wp-content\/uploads\/2021\/07\/gps-rtk_2.jpg\" \/>\n\t<meta property=\"og:image:width\" content=\"1291\" \/>\n\t<meta property=\"og:image:height\" content=\"794\" \/>\n\t<meta property=\"og:image:type\" content=\"image\/jpeg\" \/>\n<meta name=\"twitter:card\" content=\"summary_large_image\" \/>\n<meta name=\"twitter:label1\" content=\"Ber\u00e4knad l\u00e4stid\" \/>\n\t<meta name=\"twitter:data1\" content=\"1 minut\" \/>\n<script type=\"application\/ld+json\" class=\"yoast-schema-graph\">{\"@context\":\"https:\/\/schema.org\",\"@graph\":[{\"@type\":\"WebPage\",\"@id\":\"https:\/\/www.belrobotics.com\/sv\/gps-rtk\/\",\"url\":\"https:\/\/www.belrobotics.com\/sv\/gps-rtk\/\",\"name\":\"RTK: m\u00f6nsterklippning - Belrobotics\",\"isPartOf\":{\"@id\":\"https:\/\/www.belrobotics.com\/sv\/#website\"},\"primaryImageOfPage\":{\"@id\":\"https:\/\/www.belrobotics.com\/sv\/gps-rtk\/#primaryimage\"},\"image\":{\"@id\":\"https:\/\/www.belrobotics.com\/sv\/gps-rtk\/#primaryimage\"},\"thumbnailUrl\":\"https:\/\/www.belrobotics.com\/wp-content\/uploads\/2021\/07\/gps-rtk_2.jpg\",\"datePublished\":\"2021-07-16T09:28:45+00:00\",\"dateModified\":\"2023-05-16T10:16:16+00:00\",\"breadcrumb\":{\"@id\":\"https:\/\/www.belrobotics.com\/sv\/gps-rtk\/#breadcrumb\"},\"inLanguage\":\"sv-SE\",\"potentialAction\":[{\"@type\":\"ReadAction\",\"target\":[\"https:\/\/www.belrobotics.com\/sv\/gps-rtk\/\"]}]},{\"@type\":\"ImageObject\",\"inLanguage\":\"sv-SE\",\"@id\":\"https:\/\/www.belrobotics.com\/sv\/gps-rtk\/#primaryimage\",\"url\":\"https:\/\/www.belrobotics.com\/wp-content\/uploads\/2021\/07\/gps-rtk_2.jpg\",\"contentUrl\":\"https:\/\/www.belrobotics.com\/wp-content\/uploads\/2021\/07\/gps-rtk_2.jpg\",\"width\":1291,\"height\":794},{\"@type\":\"BreadcrumbList\",\"@id\":\"https:\/\/www.belrobotics.com\/sv\/gps-rtk\/#breadcrumb\",\"itemListElement\":[{\"@type\":\"ListItem\",\"position\":1,\"name\":\"Home\",\"item\":\"https:\/\/www.belrobotics.com\/sv\/\"},{\"@type\":\"ListItem\",\"position\":2,\"name\":\"RTK: m\u00f6nsterklippning\"}]},{\"@type\":\"WebSite\",\"@id\":\"https:\/\/www.belrobotics.com\/sv\/#website\",\"url\":\"https:\/\/www.belrobotics.com\/sv\/\",\"name\":\"Belrobotics\",\"description\":\"The grass masters\",\"publisher\":{\"@id\":\"https:\/\/www.belrobotics.com\/sv\/#organization\"},\"potentialAction\":[{\"@type\":\"SearchAction\",\"target\":{\"@type\":\"EntryPoint\",\"urlTemplate\":\"https:\/\/www.belrobotics.com\/sv\/?s={search_term_string}\"},\"query-input\":{\"@type\":\"PropertyValueSpecification\",\"valueRequired\":true,\"valueName\":\"search_term_string\"}}],\"inLanguage\":\"sv-SE\"},{\"@type\":\"Organization\",\"@id\":\"https:\/\/www.belrobotics.com\/sv\/#organization\",\"name\":\"Belrobotics\",\"url\":\"https:\/\/www.belrobotics.com\/sv\/\",\"logo\":{\"@type\":\"ImageObject\",\"inLanguage\":\"sv-SE\",\"@id\":\"https:\/\/www.belrobotics.com\/sv\/#\/schema\/logo\/image\/\",\"url\":\"https:\/\/www.belrobotics.com\/wp-content\/uploads\/2019\/01\/logo-belrobotics.svg\",\"contentUrl\":\"https:\/\/www.belrobotics.com\/wp-content\/uploads\/2019\/01\/logo-belrobotics.svg\",\"width\":100,\"height\":16,\"caption\":\"Belrobotics\"},\"image\":{\"@id\":\"https:\/\/www.belrobotics.com\/sv\/#\/schema\/logo\/image\/\"},\"sameAs\":[\"https:\/\/www.facebook.com\/belrobotics\",\"https:\/\/www.youtube.com\/channel\/UCYgWBPRzEdXmUqLRL0JbUIw\",\"https:\/\/www.instagram.com\/belrobotics_europe\/\"]}]}<\/script>\n<!-- \/ Yoast SEO plugin. -->","yoast_head_json":{"title":"RTK: m\u00f6nsterklippning - Belrobotics","robots":{"index":"index","follow":"follow","max-snippet":"max-snippet:-1","max-image-preview":"max-image-preview:large","max-video-preview":"max-video-preview:-1"},"canonical":"https:\/\/www.belrobotics.com\/sv\/gps-rtk\/","og_locale":"sv_SE","og_type":"article","og_title":"RTK: m\u00f6nsterklippning - Belrobotics","og_description":"F\u00f6r kr\u00e4vande proffs Sk\u00f6ter du gr\u00f6nytorna f\u00f6r ett f\u00f6retag eller ett offentligt organ? Hanterar du en idrottsanl\u00e4ggning? Uppt\u00e4ck en ny teknik som st\u00f6der dina m\u00e5l och din image. Dina robotgr\u00e4sklippare styrs numera av GPS-RTK f\u00f6r att erbjuda dig m\u00f6nsterklippning. Ny inbyggd GPS-teknik. Kr\u00e4ver din anl\u00e4ggning extremt exakt klippning? Beh\u00f6ver de t\u00e4cka samma yta p\u00e5 kortare [&hellip;]","og_url":"https:\/\/www.belrobotics.com\/sv\/gps-rtk\/","og_site_name":"Belrobotics","article_publisher":"https:\/\/www.facebook.com\/belrobotics","article_modified_time":"2023-05-16T10:16:16+00:00","og_image":[{"width":1291,"height":794,"url":"https:\/\/www.belrobotics.com\/wp-content\/uploads\/2021\/07\/gps-rtk_2.jpg","type":"image\/jpeg"}],"twitter_card":"summary_large_image","twitter_misc":{"Ber\u00e4knad l\u00e4stid":"1 minut"},"schema":{"@context":"https:\/\/schema.org","@graph":[{"@type":"WebPage","@id":"https:\/\/www.belrobotics.com\/sv\/gps-rtk\/","url":"https:\/\/www.belrobotics.com\/sv\/gps-rtk\/","name":"RTK: m\u00f6nsterklippning - Belrobotics","isPartOf":{"@id":"https:\/\/www.belrobotics.com\/sv\/#website"},"primaryImageOfPage":{"@id":"https:\/\/www.belrobotics.com\/sv\/gps-rtk\/#primaryimage"},"image":{"@id":"https:\/\/www.belrobotics.com\/sv\/gps-rtk\/#primaryimage"},"thumbnailUrl":"https:\/\/www.belrobotics.com\/wp-content\/uploads\/2021\/07\/gps-rtk_2.jpg","datePublished":"2021-07-16T09:28:45+00:00","dateModified":"2023-05-16T10:16:16+00:00","breadcrumb":{"@id":"https:\/\/www.belrobotics.com\/sv\/gps-rtk\/#breadcrumb"},"inLanguage":"sv-SE","potentialAction":[{"@type":"ReadAction","target":["https:\/\/www.belrobotics.com\/sv\/gps-rtk\/"]}]},{"@type":"ImageObject","inLanguage":"sv-SE","@id":"https:\/\/www.belrobotics.com\/sv\/gps-rtk\/#primaryimage","url":"https:\/\/www.belrobotics.com\/wp-content\/uploads\/2021\/07\/gps-rtk_2.jpg","contentUrl":"https:\/\/www.belrobotics.com\/wp-content\/uploads\/2021\/07\/gps-rtk_2.jpg","width":1291,"height":794},{"@type":"BreadcrumbList","@id":"https:\/\/www.belrobotics.com\/sv\/gps-rtk\/#breadcrumb","itemListElement":[{"@type":"ListItem","position":1,"name":"Home","item":"https:\/\/www.belrobotics.com\/sv\/"},{"@type":"ListItem","position":2,"name":"RTK: m\u00f6nsterklippning"}]},{"@type":"WebSite","@id":"https:\/\/www.belrobotics.com\/sv\/#website","url":"https:\/\/www.belrobotics.com\/sv\/","name":"Belrobotics","description":"The grass masters","publisher":{"@id":"https:\/\/www.belrobotics.com\/sv\/#organization"},"potentialAction":[{"@type":"SearchAction","target":{"@type":"EntryPoint","urlTemplate":"https:\/\/www.belrobotics.com\/sv\/?s={search_term_string}"},"query-input":{"@type":"PropertyValueSpecification","valueRequired":true,"valueName":"search_term_string"}}],"inLanguage":"sv-SE"},{"@type":"Organization","@id":"https:\/\/www.belrobotics.com\/sv\/#organization","name":"Belrobotics","url":"https:\/\/www.belrobotics.com\/sv\/","logo":{"@type":"ImageObject","inLanguage":"sv-SE","@id":"https:\/\/www.belrobotics.com\/sv\/#\/schema\/logo\/image\/","url":"https:\/\/www.belrobotics.com\/wp-content\/uploads\/2019\/01\/logo-belrobotics.svg","contentUrl":"https:\/\/www.belrobotics.com\/wp-content\/uploads\/2019\/01\/logo-belrobotics.svg","width":100,"height":16,"caption":"Belrobotics"},"image":{"@id":"https:\/\/www.belrobotics.com\/sv\/#\/schema\/logo\/image\/"},"sameAs":["https:\/\/www.facebook.com\/belrobotics","https:\/\/www.youtube.com\/channel\/UCYgWBPRzEdXmUqLRL0JbUIw","https:\/\/www.instagram.com\/belrobotics_europe\/"]}]}},"_links":{"self":[{"href":"https:\/\/www.belrobotics.com\/sv\/wp-json\/wp\/v2\/pages\/18863","targetHints":{"allow":["GET"]}}],"collection":[{"href":"https:\/\/www.belrobotics.com\/sv\/wp-json\/wp\/v2\/pages"}],"about":[{"href":"https:\/\/www.belrobotics.com\/sv\/wp-json\/wp\/v2\/types\/page"}],"author":[{"embeddable":true,"href":"https:\/\/www.belrobotics.com\/sv\/wp-json\/wp\/v2\/users\/9"}],"replies":[{"embeddable":true,"href":"https:\/\/www.belrobotics.com\/sv\/wp-json\/wp\/v2\/comments?post=18863"}],"version-history":[{"count":1,"href":"https:\/\/www.belrobotics.com\/sv\/wp-json\/wp\/v2\/pages\/18863\/revisions"}],"predecessor-version":[{"id":23337,"href":"https:\/\/www.belrobotics.com\/sv\/wp-json\/wp\/v2\/pages\/18863\/revisions\/23337"}],"wp:featuredmedia":[{"embeddable":true,"href":"https:\/\/www.belrobotics.com\/sv\/wp-json\/wp\/v2\/media\/13347"}],"wp:attachment":[{"href":"https:\/\/www.belrobotics.com\/sv\/wp-json\/wp\/v2\/media?parent=18863"}],"curies":[{"name":"wp","href":"https:\/\/api.w.org\/{rel}","templated":true}]}}