{"id":24101,"date":"2023-05-26T13:53:37","date_gmt":"2023-05-26T12:53:37","guid":{"rendered":"https:\/\/belrobotics.andromede.digital\/?page_id=24101"},"modified":"2023-06-26T11:42:52","modified_gmt":"2023-06-26T10:42:52","slug":"wisenav-bezdrotova-roboticka-kosacka-gps-rtk","status":"publish","type":"page","link":"https:\/\/www.belrobotics.com\/sk\/wisenav-bezdrotova-roboticka-kosacka-gps-rtk\/","title":{"rendered":"WiseNav: bezdr\u00f4tov\u00e1 robotick\u00e1 kosa\u010dka GPS-RTK"},"content":{"rendered":"<h3 class=\"p1\">Kosenie so vzorom v plnom re\u017eime GPS<\/h3>\n<p><span style=\"font-weight: 400;\">Integrovan\u00e1 technol\u00f3gia GPS-RTK u\u017e umo\u017e\u0148uje kosenie so vzorom. S inov\u00e1ciou WiseNav sa v\u00e1\u0161 robot posunie na \u010fal\u0161iu \u00farove\u0148 presnosti a bude sa po tr\u00e1vniku pohybova\u0165 bez hrani\u010dn\u00e9ho dr\u00f4tu. Trikr\u00e1t v\u00e4\u010d\u0161ia kapacita kosenia a drastick\u00e9 zn\u00ed\u017eenie va\u0161ej pracovnej z\u00e1\u0165a\u017ee. Dostupn\u00e9 aj pre zbera\u010de golfov\u00fdch lopti\u010diek.<br clear='none'\/>\n<\/span><\/p>\n<h3>Inov\u00e1cia, na ktor\u00fa ste \u010dakali<\/h3>\n<p><span style=\"font-weight: 400;\">Spr\u00e1vca ihriska, spr\u00e1vca futbalov\u00e9ho ihriska, spr\u00e1vca \u0161portov\u00e9ho zariadenia, spr\u00e1vca zelen\u00fdch pl\u00f4ch&#8230; Ako profesion\u00e1l v oblasti \u00fadr\u017eby tr\u00e1vnikov m\u00e1te cie\u013e optimalizova\u0165 spr\u00e1vu a starostlivos\u0165 o va\u0161e ihrisk\u00e1. Objavte najnov\u0161iu bezplatn\u00fa inov\u00e1ciu pre va\u0161e roboty Belrobotics GPS-RTK: kosenie so vzorom s centimetrovou presnos\u0165ou bez hrani\u010dn\u00e9ho dr\u00f4tu.<br clear='none'\/>\n<\/span><\/p>\n","protected":false},"excerpt":{"rendered":"<p>Kosenie so vzorom v plnom re\u017eime GPS Integrovan\u00e1 technol\u00f3gia GPS-RTK u\u017e umo\u017e\u0148uje kosenie so vzorom. S inov\u00e1ciou WiseNav sa v\u00e1\u0161 robot posunie na \u010fal\u0161iu \u00farove\u0148 presnosti a bude sa po tr\u00e1vniku pohybova\u0165 bez hrani\u010dn\u00e9ho dr\u00f4tu. Trikr\u00e1t v\u00e4\u010d\u0161ia kapacita kosenia a drastick\u00e9 zn\u00ed\u017eenie va\u0161ej pracovnej z\u00e1\u0165a\u017ee. Dostupn\u00e9 aj pre zbera\u010de golfov\u00fdch lopti\u010diek. Inov\u00e1cia, na ktor\u00fa ste [&hellip;]<\/p>\n","protected":false},"author":9,"featured_media":23969,"parent":0,"menu_order":0,"comment_status":"closed","ping_status":"closed","template":"wisenav.php","meta":{"_acf_changed":false,"footnotes":""},"class_list":["post-24101","page","type-page","status-publish","has-post-thumbnail","hentry"],"acf":[],"yoast_head":"<!-- This site is optimized with the Yoast SEO plugin v26.9 - https:\/\/yoast.com\/product\/yoast-seo-wordpress\/ -->\n<title>WiseNav: bezdr\u00f4tov\u00e1 technol\u00f3gia - Belrobotics<\/title>\n<meta name=\"description\" content=\"Bezdr\u00f4tov\u00e1 technol\u00f3gia WiseNav v robotick\u00fdch kosa\u010dk\u00e1ch Belrobotics GPS-RTK predstavuje revol\u00faciu v kosen\u00ed so vzorom\" \/>\n<meta name=\"robots\" content=\"index, follow, max-snippet:-1, max-image-preview:large, max-video-preview:-1\" \/>\n<link rel=\"canonical\" href=\"https:\/\/www.belrobotics.com\/sk\/wisenav-bezdrotova-roboticka-kosacka-gps-rtk\/\" \/>\n<meta property=\"og:locale\" content=\"sk_SK\" \/>\n<meta property=\"og:type\" content=\"article\" \/>\n<meta property=\"og:title\" content=\"WiseNav: bezdr\u00f4tov\u00e1 technol\u00f3gia - Belrobotics\" \/>\n<meta property=\"og:description\" content=\"Bezdr\u00f4tov\u00e1 technol\u00f3gia WiseNav v robotick\u00fdch kosa\u010dk\u00e1ch Belrobotics GPS-RTK predstavuje revol\u00faciu v kosen\u00ed so vzorom\" \/>\n<meta property=\"og:url\" content=\"https:\/\/www.belrobotics.com\/sk\/wisenav-bezdrotova-roboticka-kosacka-gps-rtk\/\" \/>\n<meta property=\"og:site_name\" content=\"Belrobotics\" \/>\n<meta property=\"article:publisher\" content=\"https:\/\/www.facebook.com\/belrobotics\" \/>\n<meta property=\"article:modified_time\" content=\"2023-06-26T10:42:52+00:00\" \/>\n<meta property=\"og:image\" content=\"https:\/\/www.belrobotics.com\/wp-content\/uploads\/2023\/05\/wisenav_header_bg_only.webp\" \/>\n\t<meta property=\"og:image:width\" content=\"1000\" \/>\n\t<meta property=\"og:image:height\" content=\"683\" \/>\n\t<meta property=\"og:image:type\" content=\"image\/webp\" \/>\n<meta name=\"twitter:card\" content=\"summary_large_image\" \/>\n<meta name=\"twitter:label1\" content=\"Predpokladan\u00fd \u010das \u010d\u00edtania\" \/>\n\t<meta name=\"twitter:data1\" content=\"1 min\u00fata\" \/>\n<script type=\"application\/ld+json\" class=\"yoast-schema-graph\">{\"@context\":\"https:\/\/schema.org\",\"@graph\":[{\"@type\":\"WebPage\",\"@id\":\"https:\/\/www.belrobotics.com\/sk\/wisenav-bezdrotova-roboticka-kosacka-gps-rtk\/\",\"url\":\"https:\/\/www.belrobotics.com\/sk\/wisenav-bezdrotova-roboticka-kosacka-gps-rtk\/\",\"name\":\"WiseNav: bezdr\u00f4tov\u00e1 technol\u00f3gia - Belrobotics\",\"isPartOf\":{\"@id\":\"https:\/\/www.belrobotics.com\/sk\/#website\"},\"primaryImageOfPage\":{\"@id\":\"https:\/\/www.belrobotics.com\/sk\/wisenav-bezdrotova-roboticka-kosacka-gps-rtk\/#primaryimage\"},\"image\":{\"@id\":\"https:\/\/www.belrobotics.com\/sk\/wisenav-bezdrotova-roboticka-kosacka-gps-rtk\/#primaryimage\"},\"thumbnailUrl\":\"https:\/\/www.belrobotics.com\/wp-content\/uploads\/2023\/05\/wisenav_header_bg_only.webp\",\"datePublished\":\"2023-05-26T12:53:37+00:00\",\"dateModified\":\"2023-06-26T10:42:52+00:00\",\"description\":\"Bezdr\u00f4tov\u00e1 technol\u00f3gia WiseNav v robotick\u00fdch kosa\u010dk\u00e1ch Belrobotics GPS-RTK predstavuje revol\u00faciu v kosen\u00ed so vzorom\",\"breadcrumb\":{\"@id\":\"https:\/\/www.belrobotics.com\/sk\/wisenav-bezdrotova-roboticka-kosacka-gps-rtk\/#breadcrumb\"},\"inLanguage\":\"sk-SK\",\"potentialAction\":[{\"@type\":\"ReadAction\",\"target\":[\"https:\/\/www.belrobotics.com\/sk\/wisenav-bezdrotova-roboticka-kosacka-gps-rtk\/\"]}]},{\"@type\":\"ImageObject\",\"inLanguage\":\"sk-SK\",\"@id\":\"https:\/\/www.belrobotics.com\/sk\/wisenav-bezdrotova-roboticka-kosacka-gps-rtk\/#primaryimage\",\"url\":\"https:\/\/www.belrobotics.com\/wp-content\/uploads\/2023\/05\/wisenav_header_bg_only.webp\",\"contentUrl\":\"https:\/\/www.belrobotics.com\/wp-content\/uploads\/2023\/05\/wisenav_header_bg_only.webp\",\"width\":1000,\"height\":683},{\"@type\":\"BreadcrumbList\",\"@id\":\"https:\/\/www.belrobotics.com\/sk\/wisenav-bezdrotova-roboticka-kosacka-gps-rtk\/#breadcrumb\",\"itemListElement\":[{\"@type\":\"ListItem\",\"position\":1,\"name\":\"Home\",\"item\":\"https:\/\/www.belrobotics.com\/sk\/\"},{\"@type\":\"ListItem\",\"position\":2,\"name\":\"WiseNav: bezdr\u00f4tov\u00e1 robotick\u00e1 kosa\u010dka GPS-RTK\"}]},{\"@type\":\"WebSite\",\"@id\":\"https:\/\/www.belrobotics.com\/sk\/#website\",\"url\":\"https:\/\/www.belrobotics.com\/sk\/\",\"name\":\"Belrobotics\",\"description\":\"The grass masters\",\"publisher\":{\"@id\":\"https:\/\/www.belrobotics.com\/sk\/#organization\"},\"potentialAction\":[{\"@type\":\"SearchAction\",\"target\":{\"@type\":\"EntryPoint\",\"urlTemplate\":\"https:\/\/www.belrobotics.com\/sk\/?s={search_term_string}\"},\"query-input\":{\"@type\":\"PropertyValueSpecification\",\"valueRequired\":true,\"valueName\":\"search_term_string\"}}],\"inLanguage\":\"sk-SK\"},{\"@type\":\"Organization\",\"@id\":\"https:\/\/www.belrobotics.com\/sk\/#organization\",\"name\":\"Belrobotics\",\"url\":\"https:\/\/www.belrobotics.com\/sk\/\",\"logo\":{\"@type\":\"ImageObject\",\"inLanguage\":\"sk-SK\",\"@id\":\"https:\/\/www.belrobotics.com\/sk\/#\/schema\/logo\/image\/\",\"url\":\"https:\/\/www.belrobotics.com\/wp-content\/uploads\/2019\/01\/logo-belrobotics.svg\",\"contentUrl\":\"https:\/\/www.belrobotics.com\/wp-content\/uploads\/2019\/01\/logo-belrobotics.svg\",\"width\":100,\"height\":16,\"caption\":\"Belrobotics\"},\"image\":{\"@id\":\"https:\/\/www.belrobotics.com\/sk\/#\/schema\/logo\/image\/\"},\"sameAs\":[\"https:\/\/www.facebook.com\/belrobotics\",\"https:\/\/www.youtube.com\/channel\/UCYgWBPRzEdXmUqLRL0JbUIw\",\"https:\/\/www.instagram.com\/belrobotics_europe\/\"]}]}<\/script>\n<!-- \/ Yoast SEO plugin. -->","yoast_head_json":{"title":"WiseNav: bezdr\u00f4tov\u00e1 technol\u00f3gia - Belrobotics","description":"Bezdr\u00f4tov\u00e1 technol\u00f3gia WiseNav v robotick\u00fdch kosa\u010dk\u00e1ch Belrobotics GPS-RTK predstavuje revol\u00faciu v kosen\u00ed so vzorom","robots":{"index":"index","follow":"follow","max-snippet":"max-snippet:-1","max-image-preview":"max-image-preview:large","max-video-preview":"max-video-preview:-1"},"canonical":"https:\/\/www.belrobotics.com\/sk\/wisenav-bezdrotova-roboticka-kosacka-gps-rtk\/","og_locale":"sk_SK","og_type":"article","og_title":"WiseNav: bezdr\u00f4tov\u00e1 technol\u00f3gia - Belrobotics","og_description":"Bezdr\u00f4tov\u00e1 technol\u00f3gia WiseNav v robotick\u00fdch kosa\u010dk\u00e1ch Belrobotics GPS-RTK predstavuje revol\u00faciu v kosen\u00ed so vzorom","og_url":"https:\/\/www.belrobotics.com\/sk\/wisenav-bezdrotova-roboticka-kosacka-gps-rtk\/","og_site_name":"Belrobotics","article_publisher":"https:\/\/www.facebook.com\/belrobotics","article_modified_time":"2023-06-26T10:42:52+00:00","og_image":[{"width":1000,"height":683,"url":"https:\/\/www.belrobotics.com\/wp-content\/uploads\/2023\/05\/wisenav_header_bg_only.webp","type":"image\/webp"}],"twitter_card":"summary_large_image","twitter_misc":{"Predpokladan\u00fd \u010das \u010d\u00edtania":"1 min\u00fata"},"schema":{"@context":"https:\/\/schema.org","@graph":[{"@type":"WebPage","@id":"https:\/\/www.belrobotics.com\/sk\/wisenav-bezdrotova-roboticka-kosacka-gps-rtk\/","url":"https:\/\/www.belrobotics.com\/sk\/wisenav-bezdrotova-roboticka-kosacka-gps-rtk\/","name":"WiseNav: bezdr\u00f4tov\u00e1 technol\u00f3gia - Belrobotics","isPartOf":{"@id":"https:\/\/www.belrobotics.com\/sk\/#website"},"primaryImageOfPage":{"@id":"https:\/\/www.belrobotics.com\/sk\/wisenav-bezdrotova-roboticka-kosacka-gps-rtk\/#primaryimage"},"image":{"@id":"https:\/\/www.belrobotics.com\/sk\/wisenav-bezdrotova-roboticka-kosacka-gps-rtk\/#primaryimage"},"thumbnailUrl":"https:\/\/www.belrobotics.com\/wp-content\/uploads\/2023\/05\/wisenav_header_bg_only.webp","datePublished":"2023-05-26T12:53:37+00:00","dateModified":"2023-06-26T10:42:52+00:00","description":"Bezdr\u00f4tov\u00e1 technol\u00f3gia WiseNav v robotick\u00fdch kosa\u010dk\u00e1ch Belrobotics GPS-RTK predstavuje revol\u00faciu v kosen\u00ed so vzorom","breadcrumb":{"@id":"https:\/\/www.belrobotics.com\/sk\/wisenav-bezdrotova-roboticka-kosacka-gps-rtk\/#breadcrumb"},"inLanguage":"sk-SK","potentialAction":[{"@type":"ReadAction","target":["https:\/\/www.belrobotics.com\/sk\/wisenav-bezdrotova-roboticka-kosacka-gps-rtk\/"]}]},{"@type":"ImageObject","inLanguage":"sk-SK","@id":"https:\/\/www.belrobotics.com\/sk\/wisenav-bezdrotova-roboticka-kosacka-gps-rtk\/#primaryimage","url":"https:\/\/www.belrobotics.com\/wp-content\/uploads\/2023\/05\/wisenav_header_bg_only.webp","contentUrl":"https:\/\/www.belrobotics.com\/wp-content\/uploads\/2023\/05\/wisenav_header_bg_only.webp","width":1000,"height":683},{"@type":"BreadcrumbList","@id":"https:\/\/www.belrobotics.com\/sk\/wisenav-bezdrotova-roboticka-kosacka-gps-rtk\/#breadcrumb","itemListElement":[{"@type":"ListItem","position":1,"name":"Home","item":"https:\/\/www.belrobotics.com\/sk\/"},{"@type":"ListItem","position":2,"name":"WiseNav: bezdr\u00f4tov\u00e1 robotick\u00e1 kosa\u010dka GPS-RTK"}]},{"@type":"WebSite","@id":"https:\/\/www.belrobotics.com\/sk\/#website","url":"https:\/\/www.belrobotics.com\/sk\/","name":"Belrobotics","description":"The grass masters","publisher":{"@id":"https:\/\/www.belrobotics.com\/sk\/#organization"},"potentialAction":[{"@type":"SearchAction","target":{"@type":"EntryPoint","urlTemplate":"https:\/\/www.belrobotics.com\/sk\/?s={search_term_string}"},"query-input":{"@type":"PropertyValueSpecification","valueRequired":true,"valueName":"search_term_string"}}],"inLanguage":"sk-SK"},{"@type":"Organization","@id":"https:\/\/www.belrobotics.com\/sk\/#organization","name":"Belrobotics","url":"https:\/\/www.belrobotics.com\/sk\/","logo":{"@type":"ImageObject","inLanguage":"sk-SK","@id":"https:\/\/www.belrobotics.com\/sk\/#\/schema\/logo\/image\/","url":"https:\/\/www.belrobotics.com\/wp-content\/uploads\/2019\/01\/logo-belrobotics.svg","contentUrl":"https:\/\/www.belrobotics.com\/wp-content\/uploads\/2019\/01\/logo-belrobotics.svg","width":100,"height":16,"caption":"Belrobotics"},"image":{"@id":"https:\/\/www.belrobotics.com\/sk\/#\/schema\/logo\/image\/"},"sameAs":["https:\/\/www.facebook.com\/belrobotics","https:\/\/www.youtube.com\/channel\/UCYgWBPRzEdXmUqLRL0JbUIw","https:\/\/www.instagram.com\/belrobotics_europe\/"]}]}},"_links":{"self":[{"href":"https:\/\/www.belrobotics.com\/sk\/wp-json\/wp\/v2\/pages\/24101","targetHints":{"allow":["GET"]}}],"collection":[{"href":"https:\/\/www.belrobotics.com\/sk\/wp-json\/wp\/v2\/pages"}],"about":[{"href":"https:\/\/www.belrobotics.com\/sk\/wp-json\/wp\/v2\/types\/page"}],"author":[{"embeddable":true,"href":"https:\/\/www.belrobotics.com\/sk\/wp-json\/wp\/v2\/users\/9"}],"replies":[{"embeddable":true,"href":"https:\/\/www.belrobotics.com\/sk\/wp-json\/wp\/v2\/comments?post=24101"}],"version-history":[{"count":4,"href":"https:\/\/www.belrobotics.com\/sk\/wp-json\/wp\/v2\/pages\/24101\/revisions"}],"predecessor-version":[{"id":24507,"href":"https:\/\/www.belrobotics.com\/sk\/wp-json\/wp\/v2\/pages\/24101\/revisions\/24507"}],"wp:featuredmedia":[{"embeddable":true,"href":"https:\/\/www.belrobotics.com\/sk\/wp-json\/wp\/v2\/media\/23969"}],"wp:attachment":[{"href":"https:\/\/www.belrobotics.com\/sk\/wp-json\/wp\/v2\/media?parent=24101"}],"curies":[{"name":"wp","href":"https:\/\/api.w.org\/{rel}","templated":true}]}}