{"id":18190,"date":"2022-02-09T13:08:07","date_gmt":"2022-02-09T12:08:07","guid":{"rendered":"https:\/\/belrobotics.andromede.digital\/zasady-ochrany-vasich-udajov\/"},"modified":"2022-02-17T17:33:42","modified_gmt":"2022-02-17T16:33:42","slug":"zasady-ochrany-vasich-udajov","status":"publish","type":"page","link":"https:\/\/www.belrobotics.com\/sk\/zasady-ochrany-vasich-udajov\/","title":{"rendered":"Z\u00e1sady ochrany va\u0161ich \u00fadajov"},"content":{"rendered":"\r\n<p>V\u00a0zmysle ustanoven\u00ed nariadenia Eur\u00f3pskeho parlamentu a\u00a0Rady (E\u00da) 2016\/679 prijat\u00e9ho 27.\u00a0apr\u00edla\u00a02016 o\u00a0ochrane fyzick\u00fdch os\u00f4b pri sprac\u00favan\u00ed osobn\u00fdch \u00fadajov a\u00a0o\u00a0vo\u013enom pohybe tak\u00fdchto \u00fadajov (GDPR) v\u00e1s t\u00fdmto informujeme o\u00a0podmienkach sprac\u00favania va\u0161ich osobn\u00fdch \u00fadajov.<\/p>\r\n<p>Ako prev\u00e1dzkovate\u013e a\u00a0subdod\u00e1vate\u013e sprac\u00favame va\u0161e \u00fadaje v\u00a0r\u00e1mci va\u0161ich \u00faloh.<\/p>\r\n<p>Va\u0161e \u00fadaje uchov\u00e1vame po dobu nevyhnutn\u00fa na splnenie \u00falohy a\u00a0pod\u013ea z\u00e1konnej doby archiv\u00e1cie a\u00a0uchov\u00e1vania dokumentov vo vz\u0165ahu k\u00a0na\u0161ej \u00falohe pr\u00e1vneho poradcu, obchodn\u00e9ho poradcu \u010di medi\u00e1tora.<\/p>\r\n<p>Ke\u010f nav\u0161t\u00edvite na\u0161u webov\u00fa str\u00e1nku, identifikuje sa IP adresa zariadenia, z\u00a0ktor\u00e9ho sa prihlasujete.<\/p>\r\n<p>Va\u0161e prihlasovacie \u00fadaje sa sprac\u00favaj\u00fa na \u00fa\u010dely registr\u00e1cie a\u00a0kontroly va\u0161ej identity, mo\u017enej prevencie proti v\u00edrusom, phishingu alebo inej po\u010d\u00edta\u010dovej kriminality, \u0161tatist\u00edk a\u00a0vylep\u0161en\u00ed na\u0161ej webovej str\u00e1nky.<\/p>\r\n<p>Ke\u010f vypln\u00edte kontaktn\u00fd formul\u00e1r na webovej str\u00e1nke\u00a0<a href=\"https:\/\/www.belrobotics.com\/\">www.belrobotics.com<\/a>\u00a0alebo n\u00e1\u0161 elektronick\u00fd hodnotiaci formul\u00e1r, va\u0161e \u00fadaje sa spracuj\u00fa v\u00a0r\u00e1mci spr\u00e1vy \u017eiadost\u00ed, ot\u00e1zok a\u00a0opatren\u00ed na zlep\u0161ovanie.<\/p>\r\n<p>M\u00e1te pr\u00e1vo kedyko\u013evek a\u00a0bezplatne z\u00edska\u0165 pr\u00edstup k\u00a0\u00fadajom, ktor\u00e9 o\u00a0v\u00e1s m\u00e1me, a\u00a0pr\u00e1vo ich aktualizova\u0165 alebo opravi\u0165, vymaza\u0165 alebo po\u017eiada\u0165 o\u00a0ich prenos.<\/p>\r\n<p>Ak to chcete urobi\u0165, mus\u00edte kontaktova\u0165 ved\u00faceho pracovn\u00edka na\u0161ej spolo\u010dnosti zodpovedn\u00e9ho za spracovanie \u00fadajov na adrese\u00a0<a href=\"mailto:dataprivacy@yamabiko.eu\">dataprivacy@yamabiko.eu<\/a>\u00a0<\/p>\r\n<p>Zav\u00e4zujeme sa prija\u0165 vhodn\u00e9 technick\u00e9 a\u00a0organiza\u010dn\u00e9 opatrenia na ochranu va\u0161ich osobn\u00fdch \u00fadajov pred zni\u010den\u00edm, \u010di u\u017e n\u00e1hodn\u00fdm alebo nez\u00e1konn\u00fdm, stratou, fal\u0161ovan\u00edm, neopr\u00e1vnen\u00fdm zverejnen\u00edm alebo pr\u00edstupom, najm\u00e4 ak spracovanie zah\u0155\u0148a prenos \u00fadajov prostredn\u00edctvom siete, proti akejko\u013evek inej nez\u00e1konnej forme spracovania a\u00a0zabezpe\u010di\u0165 \u00farove\u0148 zabezpe\u010denia prisp\u00f4soben\u00fa rizik\u00e1m, ktor\u00e9 predstavuje spracovanie a\u00a0povaha osobn\u00fdch \u00fadajov, ktor\u00e9 sa maj\u00fa chr\u00e1ni\u0165, s\u00a0oh\u013eadom na technick\u00e9 mo\u017enosti a\u00a0n\u00e1klady na realiz\u00e1ciu.<\/p>\r\n","protected":false},"excerpt":{"rendered":"<p>V\u00a0zmysle ustanoven\u00ed nariadenia Eur\u00f3pskeho parlamentu a\u00a0Rady (E\u00da) 2016\/679 prijat\u00e9ho 27.\u00a0apr\u00edla\u00a02016 o\u00a0ochrane fyzick\u00fdch os\u00f4b pri sprac\u00favan\u00ed osobn\u00fdch \u00fadajov a\u00a0o\u00a0vo\u013enom pohybe tak\u00fdchto \u00fadajov (GDPR) v\u00e1s t\u00fdmto informujeme o\u00a0podmienkach sprac\u00favania va\u0161ich osobn\u00fdch \u00fadajov. Ako prev\u00e1dzkovate\u013e a\u00a0subdod\u00e1vate\u013e sprac\u00favame va\u0161e \u00fadaje v\u00a0r\u00e1mci va\u0161ich \u00faloh. Va\u0161e \u00fadaje uchov\u00e1vame po dobu nevyhnutn\u00fa na splnenie \u00falohy a\u00a0pod\u013ea z\u00e1konnej doby archiv\u00e1cie a\u00a0uchov\u00e1vania dokumentov vo [&hellip;]<\/p>\n","protected":false},"author":9,"featured_media":0,"parent":0,"menu_order":0,"comment_status":"closed","ping_status":"closed","template":"","meta":{"_acf_changed":false,"footnotes":""},"class_list":["post-18190","page","type-page","status-publish","hentry"],"acf":[],"yoast_head":"<!-- This site is optimized with the Yoast SEO plugin v26.9 - https:\/\/yoast.com\/product\/yoast-seo-wordpress\/ -->\n<title>Z\u00e1sady ochrany va\u0161ich \u00fadajov - Belrobotics<\/title>\n<meta name=\"robots\" content=\"index, follow, max-snippet:-1, max-image-preview:large, max-video-preview:-1\" \/>\n<link rel=\"canonical\" href=\"https:\/\/www.belrobotics.com\/sk\/zasady-ochrany-vasich-udajov\/\" \/>\n<meta property=\"og:locale\" content=\"sk_SK\" \/>\n<meta property=\"og:type\" content=\"article\" \/>\n<meta property=\"og:title\" content=\"Z\u00e1sady ochrany va\u0161ich \u00fadajov - Belrobotics\" \/>\n<meta property=\"og:description\" content=\"V\u00a0zmysle ustanoven\u00ed nariadenia Eur\u00f3pskeho parlamentu a\u00a0Rady (E\u00da) 2016\/679 prijat\u00e9ho 27.\u00a0apr\u00edla\u00a02016 o\u00a0ochrane fyzick\u00fdch os\u00f4b pri sprac\u00favan\u00ed osobn\u00fdch \u00fadajov a\u00a0o\u00a0vo\u013enom pohybe tak\u00fdchto \u00fadajov (GDPR) v\u00e1s t\u00fdmto informujeme o\u00a0podmienkach sprac\u00favania va\u0161ich osobn\u00fdch \u00fadajov. Ako prev\u00e1dzkovate\u013e a\u00a0subdod\u00e1vate\u013e sprac\u00favame va\u0161e \u00fadaje v\u00a0r\u00e1mci va\u0161ich \u00faloh. Va\u0161e \u00fadaje uchov\u00e1vame po dobu nevyhnutn\u00fa na splnenie \u00falohy a\u00a0pod\u013ea z\u00e1konnej doby archiv\u00e1cie a\u00a0uchov\u00e1vania dokumentov vo [&hellip;]\" \/>\n<meta property=\"og:url\" content=\"https:\/\/www.belrobotics.com\/sk\/zasady-ochrany-vasich-udajov\/\" \/>\n<meta property=\"og:site_name\" content=\"Belrobotics\" \/>\n<meta property=\"article:publisher\" content=\"https:\/\/www.facebook.com\/belrobotics\" \/>\n<meta property=\"article:modified_time\" content=\"2022-02-17T16:33:42+00:00\" \/>\n<meta name=\"twitter:card\" content=\"summary_large_image\" \/>\n<meta name=\"twitter:label1\" content=\"Predpokladan\u00fd \u010das \u010d\u00edtania\" \/>\n\t<meta name=\"twitter:data1\" content=\"2 min\u00faty\" \/>\n<script type=\"application\/ld+json\" class=\"yoast-schema-graph\">{\"@context\":\"https:\/\/schema.org\",\"@graph\":[{\"@type\":\"WebPage\",\"@id\":\"https:\/\/www.belrobotics.com\/sk\/zasady-ochrany-vasich-udajov\/\",\"url\":\"https:\/\/www.belrobotics.com\/sk\/zasady-ochrany-vasich-udajov\/\",\"name\":\"Z\u00e1sady ochrany va\u0161ich \u00fadajov - Belrobotics\",\"isPartOf\":{\"@id\":\"https:\/\/www.belrobotics.com\/sk\/#website\"},\"datePublished\":\"2022-02-09T12:08:07+00:00\",\"dateModified\":\"2022-02-17T16:33:42+00:00\",\"breadcrumb\":{\"@id\":\"https:\/\/www.belrobotics.com\/sk\/zasady-ochrany-vasich-udajov\/#breadcrumb\"},\"inLanguage\":\"sk-SK\",\"potentialAction\":[{\"@type\":\"ReadAction\",\"target\":[\"https:\/\/www.belrobotics.com\/sk\/zasady-ochrany-vasich-udajov\/\"]}]},{\"@type\":\"BreadcrumbList\",\"@id\":\"https:\/\/www.belrobotics.com\/sk\/zasady-ochrany-vasich-udajov\/#breadcrumb\",\"itemListElement\":[{\"@type\":\"ListItem\",\"position\":1,\"name\":\"Home\",\"item\":\"https:\/\/www.belrobotics.com\/sk\/\"},{\"@type\":\"ListItem\",\"position\":2,\"name\":\"Z\u00e1sady ochrany va\u0161ich \u00fadajov\"}]},{\"@type\":\"WebSite\",\"@id\":\"https:\/\/www.belrobotics.com\/sk\/#website\",\"url\":\"https:\/\/www.belrobotics.com\/sk\/\",\"name\":\"Belrobotics\",\"description\":\"The grass masters\",\"publisher\":{\"@id\":\"https:\/\/www.belrobotics.com\/sk\/#organization\"},\"potentialAction\":[{\"@type\":\"SearchAction\",\"target\":{\"@type\":\"EntryPoint\",\"urlTemplate\":\"https:\/\/www.belrobotics.com\/sk\/?s={search_term_string}\"},\"query-input\":{\"@type\":\"PropertyValueSpecification\",\"valueRequired\":true,\"valueName\":\"search_term_string\"}}],\"inLanguage\":\"sk-SK\"},{\"@type\":\"Organization\",\"@id\":\"https:\/\/www.belrobotics.com\/sk\/#organization\",\"name\":\"Belrobotics\",\"url\":\"https:\/\/www.belrobotics.com\/sk\/\",\"logo\":{\"@type\":\"ImageObject\",\"inLanguage\":\"sk-SK\",\"@id\":\"https:\/\/www.belrobotics.com\/sk\/#\/schema\/logo\/image\/\",\"url\":\"https:\/\/www.belrobotics.com\/wp-content\/uploads\/2019\/01\/logo-belrobotics.svg\",\"contentUrl\":\"https:\/\/www.belrobotics.com\/wp-content\/uploads\/2019\/01\/logo-belrobotics.svg\",\"width\":100,\"height\":16,\"caption\":\"Belrobotics\"},\"image\":{\"@id\":\"https:\/\/www.belrobotics.com\/sk\/#\/schema\/logo\/image\/\"},\"sameAs\":[\"https:\/\/www.facebook.com\/belrobotics\",\"https:\/\/www.youtube.com\/channel\/UCYgWBPRzEdXmUqLRL0JbUIw\",\"https:\/\/www.instagram.com\/belrobotics_europe\/\"]}]}<\/script>\n<!-- \/ Yoast SEO plugin. -->","yoast_head_json":{"title":"Z\u00e1sady ochrany va\u0161ich \u00fadajov - Belrobotics","robots":{"index":"index","follow":"follow","max-snippet":"max-snippet:-1","max-image-preview":"max-image-preview:large","max-video-preview":"max-video-preview:-1"},"canonical":"https:\/\/www.belrobotics.com\/sk\/zasady-ochrany-vasich-udajov\/","og_locale":"sk_SK","og_type":"article","og_title":"Z\u00e1sady ochrany va\u0161ich \u00fadajov - Belrobotics","og_description":"V\u00a0zmysle ustanoven\u00ed nariadenia Eur\u00f3pskeho parlamentu a\u00a0Rady (E\u00da) 2016\/679 prijat\u00e9ho 27.\u00a0apr\u00edla\u00a02016 o\u00a0ochrane fyzick\u00fdch os\u00f4b pri sprac\u00favan\u00ed osobn\u00fdch \u00fadajov a\u00a0o\u00a0vo\u013enom pohybe tak\u00fdchto \u00fadajov (GDPR) v\u00e1s t\u00fdmto informujeme o\u00a0podmienkach sprac\u00favania va\u0161ich osobn\u00fdch \u00fadajov. Ako prev\u00e1dzkovate\u013e a\u00a0subdod\u00e1vate\u013e sprac\u00favame va\u0161e \u00fadaje v\u00a0r\u00e1mci va\u0161ich \u00faloh. Va\u0161e \u00fadaje uchov\u00e1vame po dobu nevyhnutn\u00fa na splnenie \u00falohy a\u00a0pod\u013ea z\u00e1konnej doby archiv\u00e1cie a\u00a0uchov\u00e1vania dokumentov vo [&hellip;]","og_url":"https:\/\/www.belrobotics.com\/sk\/zasady-ochrany-vasich-udajov\/","og_site_name":"Belrobotics","article_publisher":"https:\/\/www.facebook.com\/belrobotics","article_modified_time":"2022-02-17T16:33:42+00:00","twitter_card":"summary_large_image","twitter_misc":{"Predpokladan\u00fd \u010das \u010d\u00edtania":"2 min\u00faty"},"schema":{"@context":"https:\/\/schema.org","@graph":[{"@type":"WebPage","@id":"https:\/\/www.belrobotics.com\/sk\/zasady-ochrany-vasich-udajov\/","url":"https:\/\/www.belrobotics.com\/sk\/zasady-ochrany-vasich-udajov\/","name":"Z\u00e1sady ochrany va\u0161ich \u00fadajov - Belrobotics","isPartOf":{"@id":"https:\/\/www.belrobotics.com\/sk\/#website"},"datePublished":"2022-02-09T12:08:07+00:00","dateModified":"2022-02-17T16:33:42+00:00","breadcrumb":{"@id":"https:\/\/www.belrobotics.com\/sk\/zasady-ochrany-vasich-udajov\/#breadcrumb"},"inLanguage":"sk-SK","potentialAction":[{"@type":"ReadAction","target":["https:\/\/www.belrobotics.com\/sk\/zasady-ochrany-vasich-udajov\/"]}]},{"@type":"BreadcrumbList","@id":"https:\/\/www.belrobotics.com\/sk\/zasady-ochrany-vasich-udajov\/#breadcrumb","itemListElement":[{"@type":"ListItem","position":1,"name":"Home","item":"https:\/\/www.belrobotics.com\/sk\/"},{"@type":"ListItem","position":2,"name":"Z\u00e1sady ochrany va\u0161ich \u00fadajov"}]},{"@type":"WebSite","@id":"https:\/\/www.belrobotics.com\/sk\/#website","url":"https:\/\/www.belrobotics.com\/sk\/","name":"Belrobotics","description":"The grass masters","publisher":{"@id":"https:\/\/www.belrobotics.com\/sk\/#organization"},"potentialAction":[{"@type":"SearchAction","target":{"@type":"EntryPoint","urlTemplate":"https:\/\/www.belrobotics.com\/sk\/?s={search_term_string}"},"query-input":{"@type":"PropertyValueSpecification","valueRequired":true,"valueName":"search_term_string"}}],"inLanguage":"sk-SK"},{"@type":"Organization","@id":"https:\/\/www.belrobotics.com\/sk\/#organization","name":"Belrobotics","url":"https:\/\/www.belrobotics.com\/sk\/","logo":{"@type":"ImageObject","inLanguage":"sk-SK","@id":"https:\/\/www.belrobotics.com\/sk\/#\/schema\/logo\/image\/","url":"https:\/\/www.belrobotics.com\/wp-content\/uploads\/2019\/01\/logo-belrobotics.svg","contentUrl":"https:\/\/www.belrobotics.com\/wp-content\/uploads\/2019\/01\/logo-belrobotics.svg","width":100,"height":16,"caption":"Belrobotics"},"image":{"@id":"https:\/\/www.belrobotics.com\/sk\/#\/schema\/logo\/image\/"},"sameAs":["https:\/\/www.facebook.com\/belrobotics","https:\/\/www.youtube.com\/channel\/UCYgWBPRzEdXmUqLRL0JbUIw","https:\/\/www.instagram.com\/belrobotics_europe\/"]}]}},"_links":{"self":[{"href":"https:\/\/www.belrobotics.com\/sk\/wp-json\/wp\/v2\/pages\/18190","targetHints":{"allow":["GET"]}}],"collection":[{"href":"https:\/\/www.belrobotics.com\/sk\/wp-json\/wp\/v2\/pages"}],"about":[{"href":"https:\/\/www.belrobotics.com\/sk\/wp-json\/wp\/v2\/types\/page"}],"author":[{"embeddable":true,"href":"https:\/\/www.belrobotics.com\/sk\/wp-json\/wp\/v2\/users\/9"}],"replies":[{"embeddable":true,"href":"https:\/\/www.belrobotics.com\/sk\/wp-json\/wp\/v2\/comments?post=18190"}],"version-history":[{"count":0,"href":"https:\/\/www.belrobotics.com\/sk\/wp-json\/wp\/v2\/pages\/18190\/revisions"}],"wp:attachment":[{"href":"https:\/\/www.belrobotics.com\/sk\/wp-json\/wp\/v2\/media?parent=18190"}],"curies":[{"name":"wp","href":"https:\/\/api.w.org\/{rel}","templated":true}]}}