{"id":18184,"date":"2022-02-09T13:00:47","date_gmt":"2022-02-09T12:00:47","guid":{"rendered":"https:\/\/belrobotics.andromede.digital\/rtk-kosenie-so-vzorom\/"},"modified":"2023-05-16T11:16:14","modified_gmt":"2023-05-16T10:16:14","slug":"gps-rtk","status":"publish","type":"page","link":"https:\/\/www.belrobotics.com\/sk\/gps-rtk\/","title":{"rendered":"RTK: Kosenie so vzorom"},"content":{"rendered":"<h2 class=\"h3\">Pre n\u00e1ro\u010dn\u00fdch profesion\u00e1lov<\/h2>\n<p>Star\u00e1te sa o\u00a0zelen\u00e9 plochy pre firmu alebo verejn\u00fa organiz\u00e1ciu? Spravujete \u0161portov\u00e9 zariadenie? Objavte nov\u00fa technol\u00f3giu, ktor\u00e1 podpor\u00ed va\u0161e ciele a\u00a0imid\u017e. Robotick\u00e9 kosa\u010dky s\u00fa teraz nav\u00e1dzan\u00e9 pomocou syst\u00e9mu GPS\u00a0\u2013\u00a0RTK, ktor\u00fd umo\u017e\u0148uje kosenie so vzorom.<\/p>\n<h2 class=\"h3\">Nov\u00e1 integrovan\u00e1 technol\u00f3gia GPS<\/h2>\n<p>Vy\u017eaduje va\u0161a lokalita mimoriadne presn\u00e9 kosenie? Potrebujete pokry\u0165 rovnak\u00fa plochu za krat\u0161\u00ed \u010das? Predstavujeme v\u00e1m nov\u00fa gener\u00e1ciu robotick\u00fdch kosa\u010diek riaden\u00fdch syst\u00e9mom GPS\u00a0\u2013\u00a0RTK. Technol\u00f3gia RTK (real-time kinematic) umo\u017e\u0148uje kosenie so vzorom. A\u00a0v\u00fdsledok? Lep\u0161ie slu\u017eby, lep\u0161ia sk\u00fasenos\u0165 pou\u017e\u00edvate\u013eov a\u00a0po\u017eadovan\u00fd vzor tr\u00e1vnika.<\/p>\n","protected":false},"excerpt":{"rendered":"<p>Pre n\u00e1ro\u010dn\u00fdch profesion\u00e1lov Star\u00e1te sa o\u00a0zelen\u00e9 plochy pre firmu alebo verejn\u00fa organiz\u00e1ciu? Spravujete \u0161portov\u00e9 zariadenie? Objavte nov\u00fa technol\u00f3giu, ktor\u00e1 podpor\u00ed va\u0161e ciele a\u00a0imid\u017e. Robotick\u00e9 kosa\u010dky s\u00fa teraz nav\u00e1dzan\u00e9 pomocou syst\u00e9mu GPS\u00a0\u2013\u00a0RTK, ktor\u00fd umo\u017e\u0148uje kosenie so vzorom. Nov\u00e1 integrovan\u00e1 technol\u00f3gia GPS Vy\u017eaduje va\u0161a lokalita mimoriadne presn\u00e9 kosenie? Potrebujete pokry\u0165 rovnak\u00fa plochu za krat\u0161\u00ed \u010das? Predstavujeme v\u00e1m [&hellip;]<\/p>\n","protected":false},"author":9,"featured_media":14402,"parent":0,"menu_order":0,"comment_status":"closed","ping_status":"closed","template":"gps-rtk.php","meta":{"_acf_changed":false,"footnotes":""},"class_list":["post-18184","page","type-page","status-publish","has-post-thumbnail","hentry"],"acf":[],"yoast_head":"<!-- This site is optimized with the Yoast SEO plugin v26.9 - https:\/\/yoast.com\/product\/yoast-seo-wordpress\/ -->\n<title>RTK: Kosenie so vzorom - Belrobotics<\/title>\n<meta name=\"robots\" content=\"index, follow, max-snippet:-1, max-image-preview:large, max-video-preview:-1\" \/>\n<link rel=\"canonical\" href=\"https:\/\/www.belrobotics.com\/sk\/gps-rtk\/\" \/>\n<meta property=\"og:locale\" content=\"sk_SK\" \/>\n<meta property=\"og:type\" content=\"article\" \/>\n<meta property=\"og:title\" content=\"RTK: Kosenie so vzorom - Belrobotics\" \/>\n<meta property=\"og:description\" content=\"Pre n\u00e1ro\u010dn\u00fdch profesion\u00e1lov Star\u00e1te sa o\u00a0zelen\u00e9 plochy pre firmu alebo verejn\u00fa organiz\u00e1ciu? Spravujete \u0161portov\u00e9 zariadenie? Objavte nov\u00fa technol\u00f3giu, ktor\u00e1 podpor\u00ed va\u0161e ciele a\u00a0imid\u017e. Robotick\u00e9 kosa\u010dky s\u00fa teraz nav\u00e1dzan\u00e9 pomocou syst\u00e9mu GPS\u00a0\u2013\u00a0RTK, ktor\u00fd umo\u017e\u0148uje kosenie so vzorom. Nov\u00e1 integrovan\u00e1 technol\u00f3gia GPS Vy\u017eaduje va\u0161a lokalita mimoriadne presn\u00e9 kosenie? Potrebujete pokry\u0165 rovnak\u00fa plochu za krat\u0161\u00ed \u010das? Predstavujeme v\u00e1m [&hellip;]\" \/>\n<meta property=\"og:url\" content=\"https:\/\/www.belrobotics.com\/sk\/gps-rtk\/\" \/>\n<meta property=\"og:site_name\" content=\"Belrobotics\" \/>\n<meta property=\"article:publisher\" content=\"https:\/\/www.facebook.com\/belrobotics\" \/>\n<meta property=\"article:modified_time\" content=\"2023-05-16T10:16:14+00:00\" \/>\n<meta property=\"og:image\" content=\"https:\/\/www.belrobotics.com\/wp-content\/uploads\/2021\/07\/gps-rtk_2.jpg\" \/>\n\t<meta property=\"og:image:width\" content=\"1291\" \/>\n\t<meta property=\"og:image:height\" content=\"794\" \/>\n\t<meta property=\"og:image:type\" content=\"image\/jpeg\" \/>\n<meta name=\"twitter:card\" content=\"summary_large_image\" \/>\n<meta name=\"twitter:label1\" content=\"Predpokladan\u00fd \u010das \u010d\u00edtania\" \/>\n\t<meta name=\"twitter:data1\" content=\"1 min\u00fata\" \/>\n<script type=\"application\/ld+json\" class=\"yoast-schema-graph\">{\"@context\":\"https:\/\/schema.org\",\"@graph\":[{\"@type\":\"WebPage\",\"@id\":\"https:\/\/www.belrobotics.com\/sk\/gps-rtk\/\",\"url\":\"https:\/\/www.belrobotics.com\/sk\/gps-rtk\/\",\"name\":\"RTK: Kosenie so vzorom - Belrobotics\",\"isPartOf\":{\"@id\":\"https:\/\/www.belrobotics.com\/sk\/#website\"},\"primaryImageOfPage\":{\"@id\":\"https:\/\/www.belrobotics.com\/sk\/gps-rtk\/#primaryimage\"},\"image\":{\"@id\":\"https:\/\/www.belrobotics.com\/sk\/gps-rtk\/#primaryimage\"},\"thumbnailUrl\":\"https:\/\/www.belrobotics.com\/wp-content\/uploads\/2021\/07\/gps-rtk_2.jpg\",\"datePublished\":\"2022-02-09T12:00:47+00:00\",\"dateModified\":\"2023-05-16T10:16:14+00:00\",\"breadcrumb\":{\"@id\":\"https:\/\/www.belrobotics.com\/sk\/gps-rtk\/#breadcrumb\"},\"inLanguage\":\"sk-SK\",\"potentialAction\":[{\"@type\":\"ReadAction\",\"target\":[\"https:\/\/www.belrobotics.com\/sk\/gps-rtk\/\"]}]},{\"@type\":\"ImageObject\",\"inLanguage\":\"sk-SK\",\"@id\":\"https:\/\/www.belrobotics.com\/sk\/gps-rtk\/#primaryimage\",\"url\":\"https:\/\/www.belrobotics.com\/wp-content\/uploads\/2021\/07\/gps-rtk_2.jpg\",\"contentUrl\":\"https:\/\/www.belrobotics.com\/wp-content\/uploads\/2021\/07\/gps-rtk_2.jpg\",\"width\":1291,\"height\":794},{\"@type\":\"BreadcrumbList\",\"@id\":\"https:\/\/www.belrobotics.com\/sk\/gps-rtk\/#breadcrumb\",\"itemListElement\":[{\"@type\":\"ListItem\",\"position\":1,\"name\":\"Home\",\"item\":\"https:\/\/www.belrobotics.com\/sk\/\"},{\"@type\":\"ListItem\",\"position\":2,\"name\":\"RTK: Kosenie so vzorom\"}]},{\"@type\":\"WebSite\",\"@id\":\"https:\/\/www.belrobotics.com\/sk\/#website\",\"url\":\"https:\/\/www.belrobotics.com\/sk\/\",\"name\":\"Belrobotics\",\"description\":\"The grass masters\",\"publisher\":{\"@id\":\"https:\/\/www.belrobotics.com\/sk\/#organization\"},\"potentialAction\":[{\"@type\":\"SearchAction\",\"target\":{\"@type\":\"EntryPoint\",\"urlTemplate\":\"https:\/\/www.belrobotics.com\/sk\/?s={search_term_string}\"},\"query-input\":{\"@type\":\"PropertyValueSpecification\",\"valueRequired\":true,\"valueName\":\"search_term_string\"}}],\"inLanguage\":\"sk-SK\"},{\"@type\":\"Organization\",\"@id\":\"https:\/\/www.belrobotics.com\/sk\/#organization\",\"name\":\"Belrobotics\",\"url\":\"https:\/\/www.belrobotics.com\/sk\/\",\"logo\":{\"@type\":\"ImageObject\",\"inLanguage\":\"sk-SK\",\"@id\":\"https:\/\/www.belrobotics.com\/sk\/#\/schema\/logo\/image\/\",\"url\":\"https:\/\/www.belrobotics.com\/wp-content\/uploads\/2019\/01\/logo-belrobotics.svg\",\"contentUrl\":\"https:\/\/www.belrobotics.com\/wp-content\/uploads\/2019\/01\/logo-belrobotics.svg\",\"width\":100,\"height\":16,\"caption\":\"Belrobotics\"},\"image\":{\"@id\":\"https:\/\/www.belrobotics.com\/sk\/#\/schema\/logo\/image\/\"},\"sameAs\":[\"https:\/\/www.facebook.com\/belrobotics\",\"https:\/\/www.youtube.com\/channel\/UCYgWBPRzEdXmUqLRL0JbUIw\",\"https:\/\/www.instagram.com\/belrobotics_europe\/\"]}]}<\/script>\n<!-- \/ Yoast SEO plugin. -->","yoast_head_json":{"title":"RTK: Kosenie so vzorom - Belrobotics","robots":{"index":"index","follow":"follow","max-snippet":"max-snippet:-1","max-image-preview":"max-image-preview:large","max-video-preview":"max-video-preview:-1"},"canonical":"https:\/\/www.belrobotics.com\/sk\/gps-rtk\/","og_locale":"sk_SK","og_type":"article","og_title":"RTK: Kosenie so vzorom - Belrobotics","og_description":"Pre n\u00e1ro\u010dn\u00fdch profesion\u00e1lov Star\u00e1te sa o\u00a0zelen\u00e9 plochy pre firmu alebo verejn\u00fa organiz\u00e1ciu? Spravujete \u0161portov\u00e9 zariadenie? Objavte nov\u00fa technol\u00f3giu, ktor\u00e1 podpor\u00ed va\u0161e ciele a\u00a0imid\u017e. Robotick\u00e9 kosa\u010dky s\u00fa teraz nav\u00e1dzan\u00e9 pomocou syst\u00e9mu GPS\u00a0\u2013\u00a0RTK, ktor\u00fd umo\u017e\u0148uje kosenie so vzorom. Nov\u00e1 integrovan\u00e1 technol\u00f3gia GPS Vy\u017eaduje va\u0161a lokalita mimoriadne presn\u00e9 kosenie? Potrebujete pokry\u0165 rovnak\u00fa plochu za krat\u0161\u00ed \u010das? Predstavujeme v\u00e1m [&hellip;]","og_url":"https:\/\/www.belrobotics.com\/sk\/gps-rtk\/","og_site_name":"Belrobotics","article_publisher":"https:\/\/www.facebook.com\/belrobotics","article_modified_time":"2023-05-16T10:16:14+00:00","og_image":[{"width":1291,"height":794,"url":"https:\/\/www.belrobotics.com\/wp-content\/uploads\/2021\/07\/gps-rtk_2.jpg","type":"image\/jpeg"}],"twitter_card":"summary_large_image","twitter_misc":{"Predpokladan\u00fd \u010das \u010d\u00edtania":"1 min\u00fata"},"schema":{"@context":"https:\/\/schema.org","@graph":[{"@type":"WebPage","@id":"https:\/\/www.belrobotics.com\/sk\/gps-rtk\/","url":"https:\/\/www.belrobotics.com\/sk\/gps-rtk\/","name":"RTK: Kosenie so vzorom - Belrobotics","isPartOf":{"@id":"https:\/\/www.belrobotics.com\/sk\/#website"},"primaryImageOfPage":{"@id":"https:\/\/www.belrobotics.com\/sk\/gps-rtk\/#primaryimage"},"image":{"@id":"https:\/\/www.belrobotics.com\/sk\/gps-rtk\/#primaryimage"},"thumbnailUrl":"https:\/\/www.belrobotics.com\/wp-content\/uploads\/2021\/07\/gps-rtk_2.jpg","datePublished":"2022-02-09T12:00:47+00:00","dateModified":"2023-05-16T10:16:14+00:00","breadcrumb":{"@id":"https:\/\/www.belrobotics.com\/sk\/gps-rtk\/#breadcrumb"},"inLanguage":"sk-SK","potentialAction":[{"@type":"ReadAction","target":["https:\/\/www.belrobotics.com\/sk\/gps-rtk\/"]}]},{"@type":"ImageObject","inLanguage":"sk-SK","@id":"https:\/\/www.belrobotics.com\/sk\/gps-rtk\/#primaryimage","url":"https:\/\/www.belrobotics.com\/wp-content\/uploads\/2021\/07\/gps-rtk_2.jpg","contentUrl":"https:\/\/www.belrobotics.com\/wp-content\/uploads\/2021\/07\/gps-rtk_2.jpg","width":1291,"height":794},{"@type":"BreadcrumbList","@id":"https:\/\/www.belrobotics.com\/sk\/gps-rtk\/#breadcrumb","itemListElement":[{"@type":"ListItem","position":1,"name":"Home","item":"https:\/\/www.belrobotics.com\/sk\/"},{"@type":"ListItem","position":2,"name":"RTK: Kosenie so vzorom"}]},{"@type":"WebSite","@id":"https:\/\/www.belrobotics.com\/sk\/#website","url":"https:\/\/www.belrobotics.com\/sk\/","name":"Belrobotics","description":"The grass masters","publisher":{"@id":"https:\/\/www.belrobotics.com\/sk\/#organization"},"potentialAction":[{"@type":"SearchAction","target":{"@type":"EntryPoint","urlTemplate":"https:\/\/www.belrobotics.com\/sk\/?s={search_term_string}"},"query-input":{"@type":"PropertyValueSpecification","valueRequired":true,"valueName":"search_term_string"}}],"inLanguage":"sk-SK"},{"@type":"Organization","@id":"https:\/\/www.belrobotics.com\/sk\/#organization","name":"Belrobotics","url":"https:\/\/www.belrobotics.com\/sk\/","logo":{"@type":"ImageObject","inLanguage":"sk-SK","@id":"https:\/\/www.belrobotics.com\/sk\/#\/schema\/logo\/image\/","url":"https:\/\/www.belrobotics.com\/wp-content\/uploads\/2019\/01\/logo-belrobotics.svg","contentUrl":"https:\/\/www.belrobotics.com\/wp-content\/uploads\/2019\/01\/logo-belrobotics.svg","width":100,"height":16,"caption":"Belrobotics"},"image":{"@id":"https:\/\/www.belrobotics.com\/sk\/#\/schema\/logo\/image\/"},"sameAs":["https:\/\/www.facebook.com\/belrobotics","https:\/\/www.youtube.com\/channel\/UCYgWBPRzEdXmUqLRL0JbUIw","https:\/\/www.instagram.com\/belrobotics_europe\/"]}]}},"_links":{"self":[{"href":"https:\/\/www.belrobotics.com\/sk\/wp-json\/wp\/v2\/pages\/18184","targetHints":{"allow":["GET"]}}],"collection":[{"href":"https:\/\/www.belrobotics.com\/sk\/wp-json\/wp\/v2\/pages"}],"about":[{"href":"https:\/\/www.belrobotics.com\/sk\/wp-json\/wp\/v2\/types\/page"}],"author":[{"embeddable":true,"href":"https:\/\/www.belrobotics.com\/sk\/wp-json\/wp\/v2\/users\/9"}],"replies":[{"embeddable":true,"href":"https:\/\/www.belrobotics.com\/sk\/wp-json\/wp\/v2\/comments?post=18184"}],"version-history":[{"count":1,"href":"https:\/\/www.belrobotics.com\/sk\/wp-json\/wp\/v2\/pages\/18184\/revisions"}],"predecessor-version":[{"id":23335,"href":"https:\/\/www.belrobotics.com\/sk\/wp-json\/wp\/v2\/pages\/18184\/revisions\/23335"}],"wp:featuredmedia":[{"embeddable":true,"href":"https:\/\/www.belrobotics.com\/sk\/wp-json\/wp\/v2\/media\/14402"}],"wp:attachment":[{"href":"https:\/\/www.belrobotics.com\/sk\/wp-json\/wp\/v2\/media?parent=18184"}],"curies":[{"name":"wp","href":"https:\/\/api.w.org\/{rel}","templated":true}]}}