{"id":18181,"date":"2022-02-09T12:52:31","date_gmt":"2022-02-09T11:52:31","guid":{"rendered":"https:\/\/belrobotics.andromede.digital\/roboticke-kosacky-bigmow-parcmow-a-ballpicker\/"},"modified":"2023-02-22T15:37:21","modified_gmt":"2023-02-22T14:37:21","slug":"connected-line","status":"publish","type":"page","link":"https:\/\/www.belrobotics.com\/sk\/connected-line\/","title":{"rendered":"Robotick\u00e9 kosa\u010dky | Bigmow, Parcmow a\u00a0Ballpicker"},"content":{"rendered":"<h3>Connected line: \u010cist\u00e1 inov\u00e1cia<\/h3>\n<p class=\"p1\">Roboty radu Connected line s\u00fa ove\u013ea robustnej\u0161ie ako roboty predch\u00e1dzaj\u00facich gener\u00e1ci\u00ed. Mimoriadne spo\u013eahliv\u00e9 materi\u00e1ly, ktor\u00e9 pou\u017e\u00edvame na ich v\u00fdrobu (od podvozku cez koles\u00e1 a\u017e po konektory), ich chr\u00e1nia pred n\u00e1razmi, ako aj pred prachom a\u00a0vlhkos\u0165ou. Maj\u00fa tak v\u00fdnimo\u010dne dlh\u00fa \u017eivotnos\u0165.<\/p>\n<p class=\"p1\">V\u010faka svojej vysokov\u00fdkonnej akustickej izol\u00e1cii v\u00e1m na\u0161e roboty zaru\u010duj\u00fa maxim\u00e1lnu istotu. Pri ich pou\u017e\u00edvan\u00ed zostan\u00fa va\u0161e tr\u00e1vnat\u00e9 plochy ni\u010d\u00edm neru\u0161en\u00e9 a\u00a0pokosen\u00e9 a\u017e do posledn\u00e9ho k\u00fata. Jedin\u00e9, \u010do mus\u00edte urobi\u0165, je relaxova\u0165 a\u00a0vyu\u017e\u00edva\u0165 svoj tr\u00e1vnik na maximum.<\/p>\n<p class=\"p1\">Tento rad tie\u017e umo\u017e\u0148uje zjednodu\u0161en\u00fa \u00fadr\u017ebu a\u00a0vzdialen\u00fa aktualiz\u00e1ciu softv\u00e9ru.<\/p>\n","protected":false},"excerpt":{"rendered":"<p>Connected line: \u010cist\u00e1 inov\u00e1cia Roboty radu Connected line s\u00fa ove\u013ea robustnej\u0161ie ako roboty predch\u00e1dzaj\u00facich gener\u00e1ci\u00ed. Mimoriadne spo\u013eahliv\u00e9 materi\u00e1ly, ktor\u00e9 pou\u017e\u00edvame na ich v\u00fdrobu (od podvozku cez koles\u00e1 a\u017e po konektory), ich chr\u00e1nia pred n\u00e1razmi, ako aj pred prachom a\u00a0vlhkos\u0165ou. Maj\u00fa tak v\u00fdnimo\u010dne dlh\u00fa \u017eivotnos\u0165. V\u010faka svojej vysokov\u00fdkonnej akustickej izol\u00e1cii v\u00e1m na\u0161e roboty zaru\u010duj\u00fa maxim\u00e1lnu istotu. [&hellip;]<\/p>\n","protected":false},"author":9,"featured_media":14639,"parent":0,"menu_order":0,"comment_status":"closed","ping_status":"closed","template":"template-archive-tondeuses.php","meta":{"_acf_changed":false,"footnotes":""},"class_list":["post-18181","page","type-page","status-publish","has-post-thumbnail","hentry"],"acf":[],"yoast_head":"<!-- This site is optimized with the Yoast SEO plugin v26.9 - https:\/\/yoast.com\/product\/yoast-seo-wordpress\/ -->\n<title>Robotick\u00e1 kosa\u010dka | Bigmow, Parcmow a\u00a0Ballpicker \u2013 Belrobotics<\/title>\n<meta name=\"description\" content=\"Objavte zariadenia radu Connected Line a\u00a0jeho robustn\u00e9 roboty s\u00a0pokro\u010dil\u00fdm softv\u00e9rom ovl\u00e1dan\u00fdm na dia\u013eku, ktor\u00e9 s\u00fa schopn\u00e9 dosahova\u0165 vysok\u00fa v\u00fdkonnos\u0165.\" \/>\n<meta name=\"robots\" content=\"index, follow, max-snippet:-1, max-image-preview:large, max-video-preview:-1\" \/>\n<link rel=\"canonical\" href=\"https:\/\/www.belrobotics.com\/sk\/connected-line\/\" \/>\n<meta property=\"og:locale\" content=\"sk_SK\" \/>\n<meta property=\"og:type\" content=\"article\" \/>\n<meta property=\"og:title\" content=\"Robotick\u00e1 kosa\u010dka | Bigmow, Parcmow a\u00a0Ballpicker \u2013 Belrobotics\" \/>\n<meta property=\"og:description\" content=\"Objavte zariadenia radu Connected Line a\u00a0jeho robustn\u00e9 roboty s\u00a0pokro\u010dil\u00fdm softv\u00e9rom ovl\u00e1dan\u00fdm na dia\u013eku, ktor\u00e9 s\u00fa schopn\u00e9 dosahova\u0165 vysok\u00fa v\u00fdkonnos\u0165.\" \/>\n<meta property=\"og:url\" content=\"https:\/\/www.belrobotics.com\/sk\/connected-line\/\" \/>\n<meta property=\"og:site_name\" content=\"Belrobotics\" \/>\n<meta property=\"article:publisher\" content=\"https:\/\/www.facebook.com\/belrobotics\" \/>\n<meta property=\"article:modified_time\" content=\"2023-02-22T14:37:21+00:00\" \/>\n<meta property=\"og:image\" content=\"https:\/\/www.belrobotics.com\/wp-content\/uploads\/2019\/04\/Golf_43327_2.jpg\" \/>\n\t<meta property=\"og:image:width\" content=\"3000\" \/>\n\t<meta property=\"og:image:height\" content=\"2249\" \/>\n\t<meta property=\"og:image:type\" content=\"image\/jpeg\" \/>\n<meta name=\"twitter:card\" content=\"summary_large_image\" \/>\n<meta name=\"twitter:label1\" content=\"Predpokladan\u00fd \u010das \u010d\u00edtania\" \/>\n\t<meta name=\"twitter:data1\" content=\"1 min\u00fata\" \/>\n<script type=\"application\/ld+json\" class=\"yoast-schema-graph\">{\"@context\":\"https:\/\/schema.org\",\"@graph\":[{\"@type\":\"WebPage\",\"@id\":\"https:\/\/www.belrobotics.com\/sk\/connected-line\/\",\"url\":\"https:\/\/www.belrobotics.com\/sk\/connected-line\/\",\"name\":\"Robotick\u00e1 kosa\u010dka | Bigmow, Parcmow a\u00a0Ballpicker \u2013 Belrobotics\",\"isPartOf\":{\"@id\":\"https:\/\/www.belrobotics.com\/sk\/#website\"},\"primaryImageOfPage\":{\"@id\":\"https:\/\/www.belrobotics.com\/sk\/connected-line\/#primaryimage\"},\"image\":{\"@id\":\"https:\/\/www.belrobotics.com\/sk\/connected-line\/#primaryimage\"},\"thumbnailUrl\":\"https:\/\/www.belrobotics.com\/wp-content\/uploads\/2019\/04\/Golf_43327_2.jpg\",\"datePublished\":\"2022-02-09T11:52:31+00:00\",\"dateModified\":\"2023-02-22T14:37:21+00:00\",\"description\":\"Objavte zariadenia radu Connected Line a\u00a0jeho robustn\u00e9 roboty s\u00a0pokro\u010dil\u00fdm softv\u00e9rom ovl\u00e1dan\u00fdm na dia\u013eku, ktor\u00e9 s\u00fa schopn\u00e9 dosahova\u0165 vysok\u00fa v\u00fdkonnos\u0165.\",\"breadcrumb\":{\"@id\":\"https:\/\/www.belrobotics.com\/sk\/connected-line\/#breadcrumb\"},\"inLanguage\":\"sk-SK\",\"potentialAction\":[{\"@type\":\"ReadAction\",\"target\":[\"https:\/\/www.belrobotics.com\/sk\/connected-line\/\"]}]},{\"@type\":\"ImageObject\",\"inLanguage\":\"sk-SK\",\"@id\":\"https:\/\/www.belrobotics.com\/sk\/connected-line\/#primaryimage\",\"url\":\"https:\/\/www.belrobotics.com\/wp-content\/uploads\/2019\/04\/Golf_43327_2.jpg\",\"contentUrl\":\"https:\/\/www.belrobotics.com\/wp-content\/uploads\/2019\/04\/Golf_43327_2.jpg\",\"width\":3000,\"height\":2249},{\"@type\":\"BreadcrumbList\",\"@id\":\"https:\/\/www.belrobotics.com\/sk\/connected-line\/#breadcrumb\",\"itemListElement\":[{\"@type\":\"ListItem\",\"position\":1,\"name\":\"Home\",\"item\":\"https:\/\/www.belrobotics.com\/sk\/\"},{\"@type\":\"ListItem\",\"position\":2,\"name\":\"Robotick\u00e9 kosa\u010dky | Bigmow, Parcmow a\u00a0Ballpicker\"}]},{\"@type\":\"WebSite\",\"@id\":\"https:\/\/www.belrobotics.com\/sk\/#website\",\"url\":\"https:\/\/www.belrobotics.com\/sk\/\",\"name\":\"Belrobotics\",\"description\":\"The grass masters\",\"publisher\":{\"@id\":\"https:\/\/www.belrobotics.com\/sk\/#organization\"},\"potentialAction\":[{\"@type\":\"SearchAction\",\"target\":{\"@type\":\"EntryPoint\",\"urlTemplate\":\"https:\/\/www.belrobotics.com\/sk\/?s={search_term_string}\"},\"query-input\":{\"@type\":\"PropertyValueSpecification\",\"valueRequired\":true,\"valueName\":\"search_term_string\"}}],\"inLanguage\":\"sk-SK\"},{\"@type\":\"Organization\",\"@id\":\"https:\/\/www.belrobotics.com\/sk\/#organization\",\"name\":\"Belrobotics\",\"url\":\"https:\/\/www.belrobotics.com\/sk\/\",\"logo\":{\"@type\":\"ImageObject\",\"inLanguage\":\"sk-SK\",\"@id\":\"https:\/\/www.belrobotics.com\/sk\/#\/schema\/logo\/image\/\",\"url\":\"https:\/\/www.belrobotics.com\/wp-content\/uploads\/2019\/01\/logo-belrobotics.svg\",\"contentUrl\":\"https:\/\/www.belrobotics.com\/wp-content\/uploads\/2019\/01\/logo-belrobotics.svg\",\"width\":100,\"height\":16,\"caption\":\"Belrobotics\"},\"image\":{\"@id\":\"https:\/\/www.belrobotics.com\/sk\/#\/schema\/logo\/image\/\"},\"sameAs\":[\"https:\/\/www.facebook.com\/belrobotics\",\"https:\/\/www.youtube.com\/channel\/UCYgWBPRzEdXmUqLRL0JbUIw\",\"https:\/\/www.instagram.com\/belrobotics_europe\/\"]}]}<\/script>\n<!-- \/ Yoast SEO plugin. -->","yoast_head_json":{"title":"Robotick\u00e1 kosa\u010dka | Bigmow, Parcmow a\u00a0Ballpicker \u2013 Belrobotics","description":"Objavte zariadenia radu Connected Line a\u00a0jeho robustn\u00e9 roboty s\u00a0pokro\u010dil\u00fdm softv\u00e9rom ovl\u00e1dan\u00fdm na dia\u013eku, ktor\u00e9 s\u00fa schopn\u00e9 dosahova\u0165 vysok\u00fa v\u00fdkonnos\u0165.","robots":{"index":"index","follow":"follow","max-snippet":"max-snippet:-1","max-image-preview":"max-image-preview:large","max-video-preview":"max-video-preview:-1"},"canonical":"https:\/\/www.belrobotics.com\/sk\/connected-line\/","og_locale":"sk_SK","og_type":"article","og_title":"Robotick\u00e1 kosa\u010dka | Bigmow, Parcmow a\u00a0Ballpicker \u2013 Belrobotics","og_description":"Objavte zariadenia radu Connected Line a\u00a0jeho robustn\u00e9 roboty s\u00a0pokro\u010dil\u00fdm softv\u00e9rom ovl\u00e1dan\u00fdm na dia\u013eku, ktor\u00e9 s\u00fa schopn\u00e9 dosahova\u0165 vysok\u00fa v\u00fdkonnos\u0165.","og_url":"https:\/\/www.belrobotics.com\/sk\/connected-line\/","og_site_name":"Belrobotics","article_publisher":"https:\/\/www.facebook.com\/belrobotics","article_modified_time":"2023-02-22T14:37:21+00:00","og_image":[{"width":3000,"height":2249,"url":"https:\/\/www.belrobotics.com\/wp-content\/uploads\/2019\/04\/Golf_43327_2.jpg","type":"image\/jpeg"}],"twitter_card":"summary_large_image","twitter_misc":{"Predpokladan\u00fd \u010das \u010d\u00edtania":"1 min\u00fata"},"schema":{"@context":"https:\/\/schema.org","@graph":[{"@type":"WebPage","@id":"https:\/\/www.belrobotics.com\/sk\/connected-line\/","url":"https:\/\/www.belrobotics.com\/sk\/connected-line\/","name":"Robotick\u00e1 kosa\u010dka | Bigmow, Parcmow a\u00a0Ballpicker \u2013 Belrobotics","isPartOf":{"@id":"https:\/\/www.belrobotics.com\/sk\/#website"},"primaryImageOfPage":{"@id":"https:\/\/www.belrobotics.com\/sk\/connected-line\/#primaryimage"},"image":{"@id":"https:\/\/www.belrobotics.com\/sk\/connected-line\/#primaryimage"},"thumbnailUrl":"https:\/\/www.belrobotics.com\/wp-content\/uploads\/2019\/04\/Golf_43327_2.jpg","datePublished":"2022-02-09T11:52:31+00:00","dateModified":"2023-02-22T14:37:21+00:00","description":"Objavte zariadenia radu Connected Line a\u00a0jeho robustn\u00e9 roboty s\u00a0pokro\u010dil\u00fdm softv\u00e9rom ovl\u00e1dan\u00fdm na dia\u013eku, ktor\u00e9 s\u00fa schopn\u00e9 dosahova\u0165 vysok\u00fa v\u00fdkonnos\u0165.","breadcrumb":{"@id":"https:\/\/www.belrobotics.com\/sk\/connected-line\/#breadcrumb"},"inLanguage":"sk-SK","potentialAction":[{"@type":"ReadAction","target":["https:\/\/www.belrobotics.com\/sk\/connected-line\/"]}]},{"@type":"ImageObject","inLanguage":"sk-SK","@id":"https:\/\/www.belrobotics.com\/sk\/connected-line\/#primaryimage","url":"https:\/\/www.belrobotics.com\/wp-content\/uploads\/2019\/04\/Golf_43327_2.jpg","contentUrl":"https:\/\/www.belrobotics.com\/wp-content\/uploads\/2019\/04\/Golf_43327_2.jpg","width":3000,"height":2249},{"@type":"BreadcrumbList","@id":"https:\/\/www.belrobotics.com\/sk\/connected-line\/#breadcrumb","itemListElement":[{"@type":"ListItem","position":1,"name":"Home","item":"https:\/\/www.belrobotics.com\/sk\/"},{"@type":"ListItem","position":2,"name":"Robotick\u00e9 kosa\u010dky | Bigmow, Parcmow a\u00a0Ballpicker"}]},{"@type":"WebSite","@id":"https:\/\/www.belrobotics.com\/sk\/#website","url":"https:\/\/www.belrobotics.com\/sk\/","name":"Belrobotics","description":"The grass masters","publisher":{"@id":"https:\/\/www.belrobotics.com\/sk\/#organization"},"potentialAction":[{"@type":"SearchAction","target":{"@type":"EntryPoint","urlTemplate":"https:\/\/www.belrobotics.com\/sk\/?s={search_term_string}"},"query-input":{"@type":"PropertyValueSpecification","valueRequired":true,"valueName":"search_term_string"}}],"inLanguage":"sk-SK"},{"@type":"Organization","@id":"https:\/\/www.belrobotics.com\/sk\/#organization","name":"Belrobotics","url":"https:\/\/www.belrobotics.com\/sk\/","logo":{"@type":"ImageObject","inLanguage":"sk-SK","@id":"https:\/\/www.belrobotics.com\/sk\/#\/schema\/logo\/image\/","url":"https:\/\/www.belrobotics.com\/wp-content\/uploads\/2019\/01\/logo-belrobotics.svg","contentUrl":"https:\/\/www.belrobotics.com\/wp-content\/uploads\/2019\/01\/logo-belrobotics.svg","width":100,"height":16,"caption":"Belrobotics"},"image":{"@id":"https:\/\/www.belrobotics.com\/sk\/#\/schema\/logo\/image\/"},"sameAs":["https:\/\/www.facebook.com\/belrobotics","https:\/\/www.youtube.com\/channel\/UCYgWBPRzEdXmUqLRL0JbUIw","https:\/\/www.instagram.com\/belrobotics_europe\/"]}]}},"_links":{"self":[{"href":"https:\/\/www.belrobotics.com\/sk\/wp-json\/wp\/v2\/pages\/18181","targetHints":{"allow":["GET"]}}],"collection":[{"href":"https:\/\/www.belrobotics.com\/sk\/wp-json\/wp\/v2\/pages"}],"about":[{"href":"https:\/\/www.belrobotics.com\/sk\/wp-json\/wp\/v2\/types\/page"}],"author":[{"embeddable":true,"href":"https:\/\/www.belrobotics.com\/sk\/wp-json\/wp\/v2\/users\/9"}],"replies":[{"embeddable":true,"href":"https:\/\/www.belrobotics.com\/sk\/wp-json\/wp\/v2\/comments?post=18181"}],"version-history":[{"count":3,"href":"https:\/\/www.belrobotics.com\/sk\/wp-json\/wp\/v2\/pages\/18181\/revisions"}],"predecessor-version":[{"id":21898,"href":"https:\/\/www.belrobotics.com\/sk\/wp-json\/wp\/v2\/pages\/18181\/revisions\/21898"}],"wp:featuredmedia":[{"embeddable":true,"href":"https:\/\/www.belrobotics.com\/sk\/wp-json\/wp\/v2\/media\/14639"}],"wp:attachment":[{"href":"https:\/\/www.belrobotics.com\/sk\/wp-json\/wp\/v2\/media?parent=18181"}],"curies":[{"name":"wp","href":"https:\/\/api.w.org\/{rel}","templated":true}]}}