{"id":15582,"date":"2019-01-21T15:12:33","date_gmt":"2019-01-21T14:12:33","guid":{"rendered":"https:\/\/belrobotics.andromede.digital\/rizikove-oblasti\/"},"modified":"2022-02-08T15:13:39","modified_gmt":"2022-02-08T14:13:39","slug":"rizikove-oblasti","status":"publish","type":"page","link":"https:\/\/www.belrobotics.com\/sk\/rizikove-oblasti\/","title":{"rendered":"Rizikov\u00e9 oblasti"},"content":{"rendered":"<h2 class=\"h3\">Robotick\u00e9 kosa\u010dky pracuj\u00fa aj v\u00a0rizikov\u00fdch prostrediach<\/h2>\n<p>Kosa\u010dka Bigmow sa dok\u00e1\u017ee stara\u0165 a\u017e o\u00a024\u00a0000\u00a0m\u00b2 tr\u00e1vnika. V\u00fdnimo\u010dn\u00fd v\u00fdkon aj v\u00a0n\u00e1ro\u010dn\u00fdch podmienkach. Robotick\u00e1 kosa\u010dka Belrobotics pre v\u0161etky ter\u00e9ny je jedin\u00e1 na svete, ktor\u00e1 sa dok\u00e1\u017ee prisp\u00f4sobi\u0165 miestam s\u00a0ru\u0161iv\u00fdmi sign\u00e1lmi alebo v\u00a0rizikovom priemyselnom prostred\u00ed.<\/p>\n","protected":false},"excerpt":{"rendered":"<p>Robotick\u00e9 kosa\u010dky pracuj\u00fa aj v\u00a0rizikov\u00fdch prostrediach Kosa\u010dka Bigmow sa dok\u00e1\u017ee stara\u0165 a\u017e o\u00a024\u00a0000\u00a0m\u00b2 tr\u00e1vnika. V\u00fdnimo\u010dn\u00fd v\u00fdkon aj v\u00a0n\u00e1ro\u010dn\u00fdch podmienkach. Robotick\u00e1 kosa\u010dka Belrobotics pre v\u0161etky ter\u00e9ny je jedin\u00e1 na svete, ktor\u00e1 sa dok\u00e1\u017ee prisp\u00f4sobi\u0165 miestam s\u00a0ru\u0161iv\u00fdmi sign\u00e1lmi alebo v\u00a0rizikovom priemyselnom prostred\u00ed.<\/p>\n","protected":false},"author":9,"featured_media":15585,"parent":0,"menu_order":0,"comment_status":"closed","ping_status":"closed","template":"utilisation.php","meta":{"_acf_changed":false,"footnotes":""},"class_list":["post-15582","page","type-page","status-publish","has-post-thumbnail","hentry"],"acf":[],"yoast_head":"<!-- This site is optimized with the Yoast SEO plugin v26.9 - https:\/\/yoast.com\/product\/yoast-seo-wordpress\/ -->\n<title>Automatick\u00e1 kosa\u010dka pre rizikov\u00e9 oblasti \u2013 Belrobotics<\/title>\n<meta name=\"description\" content=\"Robotick\u00e1 kosa\u010dka Belrobotics je jedin\u00e1 na svete, ktor\u00e1 sa dok\u00e1\u017ee prisp\u00f4sobi\u0165 miestu s\u00a0ru\u0161iv\u00fdmi sign\u00e1lmi alebo v\u00a0rizikovom priemyselnom prostred\u00ed.\" \/>\n<meta name=\"robots\" content=\"index, follow, max-snippet:-1, max-image-preview:large, max-video-preview:-1\" \/>\n<link rel=\"canonical\" href=\"https:\/\/www.belrobotics.com\/sk\/rizikove-oblasti\/\" \/>\n<meta property=\"og:locale\" content=\"sk_SK\" \/>\n<meta property=\"og:type\" content=\"article\" \/>\n<meta property=\"og:title\" content=\"Automatick\u00e1 kosa\u010dka pre rizikov\u00e9 oblasti \u2013 Belrobotics\" \/>\n<meta property=\"og:description\" content=\"Robotick\u00e1 kosa\u010dka Belrobotics je jedin\u00e1 na svete, ktor\u00e1 sa dok\u00e1\u017ee prisp\u00f4sobi\u0165 miestu s\u00a0ru\u0161iv\u00fdmi sign\u00e1lmi alebo v\u00a0rizikovom priemyselnom prostred\u00ed.\" \/>\n<meta property=\"og:url\" content=\"https:\/\/www.belrobotics.com\/sk\/rizikove-oblasti\/\" \/>\n<meta property=\"og:site_name\" content=\"Belrobotics\" \/>\n<meta property=\"article:publisher\" content=\"https:\/\/www.facebook.com\/belrobotics\" \/>\n<meta property=\"article:modified_time\" content=\"2022-02-08T14:13:39+00:00\" \/>\n<meta property=\"og:image\" content=\"https:\/\/www.belrobotics.com\/wp-content\/uploads\/2019\/05\/shutterstock_308515325.jpg\" \/>\n\t<meta property=\"og:image:width\" content=\"3000\" \/>\n\t<meta property=\"og:image:height\" content=\"1997\" \/>\n\t<meta property=\"og:image:type\" content=\"image\/jpeg\" \/>\n<meta name=\"twitter:card\" content=\"summary_large_image\" \/>\n<script type=\"application\/ld+json\" class=\"yoast-schema-graph\">{\"@context\":\"https:\/\/schema.org\",\"@graph\":[{\"@type\":\"WebPage\",\"@id\":\"https:\/\/www.belrobotics.com\/sk\/rizikove-oblasti\/\",\"url\":\"https:\/\/www.belrobotics.com\/sk\/rizikove-oblasti\/\",\"name\":\"Automatick\u00e1 kosa\u010dka pre rizikov\u00e9 oblasti \u2013 Belrobotics\",\"isPartOf\":{\"@id\":\"https:\/\/www.belrobotics.com\/sk\/#website\"},\"primaryImageOfPage\":{\"@id\":\"https:\/\/www.belrobotics.com\/sk\/rizikove-oblasti\/#primaryimage\"},\"image\":{\"@id\":\"https:\/\/www.belrobotics.com\/sk\/rizikove-oblasti\/#primaryimage\"},\"thumbnailUrl\":\"https:\/\/www.belrobotics.com\/wp-content\/uploads\/2019\/05\/shutterstock_308515325.jpg\",\"datePublished\":\"2019-01-21T14:12:33+00:00\",\"dateModified\":\"2022-02-08T14:13:39+00:00\",\"description\":\"Robotick\u00e1 kosa\u010dka Belrobotics je jedin\u00e1 na svete, ktor\u00e1 sa dok\u00e1\u017ee prisp\u00f4sobi\u0165 miestu s\u00a0ru\u0161iv\u00fdmi sign\u00e1lmi alebo v\u00a0rizikovom priemyselnom prostred\u00ed.\",\"breadcrumb\":{\"@id\":\"https:\/\/www.belrobotics.com\/sk\/rizikove-oblasti\/#breadcrumb\"},\"inLanguage\":\"sk-SK\",\"potentialAction\":[{\"@type\":\"ReadAction\",\"target\":[\"https:\/\/www.belrobotics.com\/sk\/rizikove-oblasti\/\"]}]},{\"@type\":\"ImageObject\",\"inLanguage\":\"sk-SK\",\"@id\":\"https:\/\/www.belrobotics.com\/sk\/rizikove-oblasti\/#primaryimage\",\"url\":\"https:\/\/www.belrobotics.com\/wp-content\/uploads\/2019\/05\/shutterstock_308515325.jpg\",\"contentUrl\":\"https:\/\/www.belrobotics.com\/wp-content\/uploads\/2019\/05\/shutterstock_308515325.jpg\",\"width\":3000,\"height\":1997},{\"@type\":\"BreadcrumbList\",\"@id\":\"https:\/\/www.belrobotics.com\/sk\/rizikove-oblasti\/#breadcrumb\",\"itemListElement\":[{\"@type\":\"ListItem\",\"position\":1,\"name\":\"Home\",\"item\":\"https:\/\/www.belrobotics.com\/sk\/\"},{\"@type\":\"ListItem\",\"position\":2,\"name\":\"Rizikov\u00e9 oblasti\"}]},{\"@type\":\"WebSite\",\"@id\":\"https:\/\/www.belrobotics.com\/sk\/#website\",\"url\":\"https:\/\/www.belrobotics.com\/sk\/\",\"name\":\"Belrobotics\",\"description\":\"The grass masters\",\"publisher\":{\"@id\":\"https:\/\/www.belrobotics.com\/sk\/#organization\"},\"potentialAction\":[{\"@type\":\"SearchAction\",\"target\":{\"@type\":\"EntryPoint\",\"urlTemplate\":\"https:\/\/www.belrobotics.com\/sk\/?s={search_term_string}\"},\"query-input\":{\"@type\":\"PropertyValueSpecification\",\"valueRequired\":true,\"valueName\":\"search_term_string\"}}],\"inLanguage\":\"sk-SK\"},{\"@type\":\"Organization\",\"@id\":\"https:\/\/www.belrobotics.com\/sk\/#organization\",\"name\":\"Belrobotics\",\"url\":\"https:\/\/www.belrobotics.com\/sk\/\",\"logo\":{\"@type\":\"ImageObject\",\"inLanguage\":\"sk-SK\",\"@id\":\"https:\/\/www.belrobotics.com\/sk\/#\/schema\/logo\/image\/\",\"url\":\"https:\/\/www.belrobotics.com\/wp-content\/uploads\/2019\/01\/logo-belrobotics.svg\",\"contentUrl\":\"https:\/\/www.belrobotics.com\/wp-content\/uploads\/2019\/01\/logo-belrobotics.svg\",\"width\":100,\"height\":16,\"caption\":\"Belrobotics\"},\"image\":{\"@id\":\"https:\/\/www.belrobotics.com\/sk\/#\/schema\/logo\/image\/\"},\"sameAs\":[\"https:\/\/www.facebook.com\/belrobotics\",\"https:\/\/www.youtube.com\/channel\/UCYgWBPRzEdXmUqLRL0JbUIw\",\"https:\/\/www.instagram.com\/belrobotics_europe\/\"]}]}<\/script>\n<!-- \/ Yoast SEO plugin. -->","yoast_head_json":{"title":"Automatick\u00e1 kosa\u010dka pre rizikov\u00e9 oblasti \u2013 Belrobotics","description":"Robotick\u00e1 kosa\u010dka Belrobotics je jedin\u00e1 na svete, ktor\u00e1 sa dok\u00e1\u017ee prisp\u00f4sobi\u0165 miestu s\u00a0ru\u0161iv\u00fdmi sign\u00e1lmi alebo v\u00a0rizikovom priemyselnom prostred\u00ed.","robots":{"index":"index","follow":"follow","max-snippet":"max-snippet:-1","max-image-preview":"max-image-preview:large","max-video-preview":"max-video-preview:-1"},"canonical":"https:\/\/www.belrobotics.com\/sk\/rizikove-oblasti\/","og_locale":"sk_SK","og_type":"article","og_title":"Automatick\u00e1 kosa\u010dka pre rizikov\u00e9 oblasti \u2013 Belrobotics","og_description":"Robotick\u00e1 kosa\u010dka Belrobotics je jedin\u00e1 na svete, ktor\u00e1 sa dok\u00e1\u017ee prisp\u00f4sobi\u0165 miestu s\u00a0ru\u0161iv\u00fdmi sign\u00e1lmi alebo v\u00a0rizikovom priemyselnom prostred\u00ed.","og_url":"https:\/\/www.belrobotics.com\/sk\/rizikove-oblasti\/","og_site_name":"Belrobotics","article_publisher":"https:\/\/www.facebook.com\/belrobotics","article_modified_time":"2022-02-08T14:13:39+00:00","og_image":[{"width":3000,"height":1997,"url":"https:\/\/www.belrobotics.com\/wp-content\/uploads\/2019\/05\/shutterstock_308515325.jpg","type":"image\/jpeg"}],"twitter_card":"summary_large_image","schema":{"@context":"https:\/\/schema.org","@graph":[{"@type":"WebPage","@id":"https:\/\/www.belrobotics.com\/sk\/rizikove-oblasti\/","url":"https:\/\/www.belrobotics.com\/sk\/rizikove-oblasti\/","name":"Automatick\u00e1 kosa\u010dka pre rizikov\u00e9 oblasti \u2013 Belrobotics","isPartOf":{"@id":"https:\/\/www.belrobotics.com\/sk\/#website"},"primaryImageOfPage":{"@id":"https:\/\/www.belrobotics.com\/sk\/rizikove-oblasti\/#primaryimage"},"image":{"@id":"https:\/\/www.belrobotics.com\/sk\/rizikove-oblasti\/#primaryimage"},"thumbnailUrl":"https:\/\/www.belrobotics.com\/wp-content\/uploads\/2019\/05\/shutterstock_308515325.jpg","datePublished":"2019-01-21T14:12:33+00:00","dateModified":"2022-02-08T14:13:39+00:00","description":"Robotick\u00e1 kosa\u010dka Belrobotics je jedin\u00e1 na svete, ktor\u00e1 sa dok\u00e1\u017ee prisp\u00f4sobi\u0165 miestu s\u00a0ru\u0161iv\u00fdmi sign\u00e1lmi alebo v\u00a0rizikovom priemyselnom prostred\u00ed.","breadcrumb":{"@id":"https:\/\/www.belrobotics.com\/sk\/rizikove-oblasti\/#breadcrumb"},"inLanguage":"sk-SK","potentialAction":[{"@type":"ReadAction","target":["https:\/\/www.belrobotics.com\/sk\/rizikove-oblasti\/"]}]},{"@type":"ImageObject","inLanguage":"sk-SK","@id":"https:\/\/www.belrobotics.com\/sk\/rizikove-oblasti\/#primaryimage","url":"https:\/\/www.belrobotics.com\/wp-content\/uploads\/2019\/05\/shutterstock_308515325.jpg","contentUrl":"https:\/\/www.belrobotics.com\/wp-content\/uploads\/2019\/05\/shutterstock_308515325.jpg","width":3000,"height":1997},{"@type":"BreadcrumbList","@id":"https:\/\/www.belrobotics.com\/sk\/rizikove-oblasti\/#breadcrumb","itemListElement":[{"@type":"ListItem","position":1,"name":"Home","item":"https:\/\/www.belrobotics.com\/sk\/"},{"@type":"ListItem","position":2,"name":"Rizikov\u00e9 oblasti"}]},{"@type":"WebSite","@id":"https:\/\/www.belrobotics.com\/sk\/#website","url":"https:\/\/www.belrobotics.com\/sk\/","name":"Belrobotics","description":"The grass masters","publisher":{"@id":"https:\/\/www.belrobotics.com\/sk\/#organization"},"potentialAction":[{"@type":"SearchAction","target":{"@type":"EntryPoint","urlTemplate":"https:\/\/www.belrobotics.com\/sk\/?s={search_term_string}"},"query-input":{"@type":"PropertyValueSpecification","valueRequired":true,"valueName":"search_term_string"}}],"inLanguage":"sk-SK"},{"@type":"Organization","@id":"https:\/\/www.belrobotics.com\/sk\/#organization","name":"Belrobotics","url":"https:\/\/www.belrobotics.com\/sk\/","logo":{"@type":"ImageObject","inLanguage":"sk-SK","@id":"https:\/\/www.belrobotics.com\/sk\/#\/schema\/logo\/image\/","url":"https:\/\/www.belrobotics.com\/wp-content\/uploads\/2019\/01\/logo-belrobotics.svg","contentUrl":"https:\/\/www.belrobotics.com\/wp-content\/uploads\/2019\/01\/logo-belrobotics.svg","width":100,"height":16,"caption":"Belrobotics"},"image":{"@id":"https:\/\/www.belrobotics.com\/sk\/#\/schema\/logo\/image\/"},"sameAs":["https:\/\/www.facebook.com\/belrobotics","https:\/\/www.youtube.com\/channel\/UCYgWBPRzEdXmUqLRL0JbUIw","https:\/\/www.instagram.com\/belrobotics_europe\/"]}]}},"_links":{"self":[{"href":"https:\/\/www.belrobotics.com\/sk\/wp-json\/wp\/v2\/pages\/15582","targetHints":{"allow":["GET"]}}],"collection":[{"href":"https:\/\/www.belrobotics.com\/sk\/wp-json\/wp\/v2\/pages"}],"about":[{"href":"https:\/\/www.belrobotics.com\/sk\/wp-json\/wp\/v2\/types\/page"}],"author":[{"embeddable":true,"href":"https:\/\/www.belrobotics.com\/sk\/wp-json\/wp\/v2\/users\/9"}],"replies":[{"embeddable":true,"href":"https:\/\/www.belrobotics.com\/sk\/wp-json\/wp\/v2\/comments?post=15582"}],"version-history":[{"count":0,"href":"https:\/\/www.belrobotics.com\/sk\/wp-json\/wp\/v2\/pages\/15582\/revisions"}],"wp:featuredmedia":[{"embeddable":true,"href":"https:\/\/www.belrobotics.com\/sk\/wp-json\/wp\/v2\/media\/15585"}],"wp:attachment":[{"href":"https:\/\/www.belrobotics.com\/sk\/wp-json\/wp\/v2\/media?parent=15582"}],"curies":[{"name":"wp","href":"https:\/\/api.w.org\/{rel}","templated":true}]}}