{"id":15538,"date":"2022-02-08T15:05:58","date_gmt":"2022-02-08T14:05:58","guid":{"rendered":"https:\/\/belrobotics.andromede.digital\/pre-domacnosti\/"},"modified":"2024-10-14T15:59:45","modified_gmt":"2024-10-14T14:59:45","slug":"domacnosti","status":"publish","type":"page","link":"https:\/\/www.belrobotics.com\/sk\/domacnosti\/","title":{"rendered":"Dom\u00e1cnosti"},"content":{"rendered":"<h3>Udr\u017eiavanie pozemku v\u00a0automatickom re\u017eime<\/h3>\n<p>Robotick\u00e1 kosa\u010dka Parcmow dok\u00e1\u017ee udr\u017eiava\u0165 a\u017e 12\u00a0000\u00a0m\u00b2 tr\u00e1vnika, v\u010faka \u010domu je najvhodnej\u0161ia pre dom\u00e1cnosti. M\u00f4\u017eete o\u010dak\u00e1va\u0165, \u017ee z\u00edskate \u00fasporu \u010dasu aj pe\u0148az\u00ed, ak\u00fa ste doteraz nemali. Nastal \u010das, aby ste pr\u00e1cu na tr\u00e1vniku delegovali a\u00a0vyu\u017e\u00edvali ho na maximum.<\/p>\n","protected":false},"excerpt":{"rendered":"<p>Udr\u017eiavanie pozemku v\u00a0automatickom re\u017eime Robotick\u00e1 kosa\u010dka Parcmow dok\u00e1\u017ee udr\u017eiava\u0165 a\u017e 12\u00a0000\u00a0m\u00b2 tr\u00e1vnika, v\u010faka \u010domu je najvhodnej\u0161ia pre dom\u00e1cnosti. M\u00f4\u017eete o\u010dak\u00e1va\u0165, \u017ee z\u00edskate \u00fasporu \u010dasu aj pe\u0148az\u00ed, ak\u00fa ste doteraz nemali. Nastal \u010das, aby ste pr\u00e1cu na tr\u00e1vniku delegovali a\u00a0vyu\u017e\u00edvali ho na maximum.<\/p>\n","protected":false},"author":9,"featured_media":15542,"parent":0,"menu_order":0,"comment_status":"closed","ping_status":"closed","template":"utilisation.php","meta":{"_acf_changed":false,"footnotes":""},"class_list":["post-15538","page","type-page","status-publish","has-post-thumbnail","hentry"],"acf":[],"yoast_head":"<!-- This site is optimized with the Yoast SEO plugin v26.9 - https:\/\/yoast.com\/product\/yoast-seo-wordpress\/ -->\n<title>Dom\u00e1cnosti - Belrobotics<\/title>\n<meta name=\"robots\" content=\"index, follow, max-snippet:-1, max-image-preview:large, max-video-preview:-1\" \/>\n<link rel=\"canonical\" href=\"https:\/\/www.belrobotics.com\/sk\/domacnosti\/\" \/>\n<meta property=\"og:locale\" content=\"sk_SK\" \/>\n<meta property=\"og:type\" content=\"article\" \/>\n<meta property=\"og:title\" content=\"Dom\u00e1cnosti - Belrobotics\" \/>\n<meta property=\"og:description\" content=\"Udr\u017eiavanie pozemku v\u00a0automatickom re\u017eime Robotick\u00e1 kosa\u010dka Parcmow dok\u00e1\u017ee udr\u017eiava\u0165 a\u017e 12\u00a0000\u00a0m\u00b2 tr\u00e1vnika, v\u010faka \u010domu je najvhodnej\u0161ia pre dom\u00e1cnosti. M\u00f4\u017eete o\u010dak\u00e1va\u0165, \u017ee z\u00edskate \u00fasporu \u010dasu aj pe\u0148az\u00ed, ak\u00fa ste doteraz nemali. Nastal \u010das, aby ste pr\u00e1cu na tr\u00e1vniku delegovali a\u00a0vyu\u017e\u00edvali ho na maximum.\" \/>\n<meta property=\"og:url\" content=\"https:\/\/www.belrobotics.com\/sk\/domacnosti\/\" \/>\n<meta property=\"og:site_name\" content=\"Belrobotics\" \/>\n<meta property=\"article:publisher\" content=\"https:\/\/www.facebook.com\/belrobotics\" \/>\n<meta property=\"article:modified_time\" content=\"2024-10-14T14:59:45+00:00\" \/>\n<meta property=\"og:image\" content=\"https:\/\/www.belrobotics.com\/wp-content\/uploads\/2019\/01\/belrobotics_3451-1024x683.jpg\" \/>\n\t<meta property=\"og:image:width\" content=\"1024\" \/>\n\t<meta property=\"og:image:height\" content=\"683\" \/>\n\t<meta property=\"og:image:type\" content=\"image\/jpeg\" \/>\n<meta name=\"twitter:card\" content=\"summary_large_image\" \/>\n<meta name=\"twitter:label1\" content=\"Predpokladan\u00fd \u010das \u010d\u00edtania\" \/>\n\t<meta name=\"twitter:data1\" content=\"4 min\u00faty\" \/>\n<script type=\"application\/ld+json\" class=\"yoast-schema-graph\">{\"@context\":\"https:\/\/schema.org\",\"@graph\":[{\"@type\":\"WebPage\",\"@id\":\"https:\/\/www.belrobotics.com\/sk\/domacnosti\/\",\"url\":\"https:\/\/www.belrobotics.com\/sk\/domacnosti\/\",\"name\":\"Dom\u00e1cnosti - Belrobotics\",\"isPartOf\":{\"@id\":\"https:\/\/www.belrobotics.com\/sk\/#website\"},\"primaryImageOfPage\":{\"@id\":\"https:\/\/www.belrobotics.com\/sk\/domacnosti\/#primaryimage\"},\"image\":{\"@id\":\"https:\/\/www.belrobotics.com\/sk\/domacnosti\/#primaryimage\"},\"thumbnailUrl\":\"https:\/\/www.belrobotics.com\/wp-content\/uploads\/2019\/01\/belrobotics_3451.jpg\",\"datePublished\":\"2022-02-08T14:05:58+00:00\",\"dateModified\":\"2024-10-14T14:59:45+00:00\",\"breadcrumb\":{\"@id\":\"https:\/\/www.belrobotics.com\/sk\/domacnosti\/#breadcrumb\"},\"inLanguage\":\"sk-SK\",\"potentialAction\":[{\"@type\":\"ReadAction\",\"target\":[\"https:\/\/www.belrobotics.com\/sk\/domacnosti\/\"]}]},{\"@type\":\"ImageObject\",\"inLanguage\":\"sk-SK\",\"@id\":\"https:\/\/www.belrobotics.com\/sk\/domacnosti\/#primaryimage\",\"url\":\"https:\/\/www.belrobotics.com\/wp-content\/uploads\/2019\/01\/belrobotics_3451.jpg\",\"contentUrl\":\"https:\/\/www.belrobotics.com\/wp-content\/uploads\/2019\/01\/belrobotics_3451.jpg\",\"width\":4000,\"height\":2668},{\"@type\":\"BreadcrumbList\",\"@id\":\"https:\/\/www.belrobotics.com\/sk\/domacnosti\/#breadcrumb\",\"itemListElement\":[{\"@type\":\"ListItem\",\"position\":1,\"name\":\"Home\",\"item\":\"https:\/\/www.belrobotics.com\/sk\/\"},{\"@type\":\"ListItem\",\"position\":2,\"name\":\"Dom\u00e1cnosti\"}]},{\"@type\":\"WebSite\",\"@id\":\"https:\/\/www.belrobotics.com\/sk\/#website\",\"url\":\"https:\/\/www.belrobotics.com\/sk\/\",\"name\":\"Belrobotics\",\"description\":\"The grass masters\",\"publisher\":{\"@id\":\"https:\/\/www.belrobotics.com\/sk\/#organization\"},\"potentialAction\":[{\"@type\":\"SearchAction\",\"target\":{\"@type\":\"EntryPoint\",\"urlTemplate\":\"https:\/\/www.belrobotics.com\/sk\/?s={search_term_string}\"},\"query-input\":{\"@type\":\"PropertyValueSpecification\",\"valueRequired\":true,\"valueName\":\"search_term_string\"}}],\"inLanguage\":\"sk-SK\"},{\"@type\":\"Organization\",\"@id\":\"https:\/\/www.belrobotics.com\/sk\/#organization\",\"name\":\"Belrobotics\",\"url\":\"https:\/\/www.belrobotics.com\/sk\/\",\"logo\":{\"@type\":\"ImageObject\",\"inLanguage\":\"sk-SK\",\"@id\":\"https:\/\/www.belrobotics.com\/sk\/#\/schema\/logo\/image\/\",\"url\":\"https:\/\/www.belrobotics.com\/wp-content\/uploads\/2019\/01\/logo-belrobotics.svg\",\"contentUrl\":\"https:\/\/www.belrobotics.com\/wp-content\/uploads\/2019\/01\/logo-belrobotics.svg\",\"width\":100,\"height\":16,\"caption\":\"Belrobotics\"},\"image\":{\"@id\":\"https:\/\/www.belrobotics.com\/sk\/#\/schema\/logo\/image\/\"},\"sameAs\":[\"https:\/\/www.facebook.com\/belrobotics\",\"https:\/\/www.youtube.com\/channel\/UCYgWBPRzEdXmUqLRL0JbUIw\",\"https:\/\/www.instagram.com\/belrobotics_europe\/\"]}]}<\/script>\n<!-- \/ Yoast SEO plugin. -->","yoast_head_json":{"title":"Dom\u00e1cnosti - Belrobotics","robots":{"index":"index","follow":"follow","max-snippet":"max-snippet:-1","max-image-preview":"max-image-preview:large","max-video-preview":"max-video-preview:-1"},"canonical":"https:\/\/www.belrobotics.com\/sk\/domacnosti\/","og_locale":"sk_SK","og_type":"article","og_title":"Dom\u00e1cnosti - Belrobotics","og_description":"Udr\u017eiavanie pozemku v\u00a0automatickom re\u017eime Robotick\u00e1 kosa\u010dka Parcmow dok\u00e1\u017ee udr\u017eiava\u0165 a\u017e 12\u00a0000\u00a0m\u00b2 tr\u00e1vnika, v\u010faka \u010domu je najvhodnej\u0161ia pre dom\u00e1cnosti. M\u00f4\u017eete o\u010dak\u00e1va\u0165, \u017ee z\u00edskate \u00fasporu \u010dasu aj pe\u0148az\u00ed, ak\u00fa ste doteraz nemali. Nastal \u010das, aby ste pr\u00e1cu na tr\u00e1vniku delegovali a\u00a0vyu\u017e\u00edvali ho na maximum.","og_url":"https:\/\/www.belrobotics.com\/sk\/domacnosti\/","og_site_name":"Belrobotics","article_publisher":"https:\/\/www.facebook.com\/belrobotics","article_modified_time":"2024-10-14T14:59:45+00:00","og_image":[{"width":1024,"height":683,"url":"https:\/\/www.belrobotics.com\/wp-content\/uploads\/2019\/01\/belrobotics_3451-1024x683.jpg","type":"image\/jpeg"}],"twitter_card":"summary_large_image","twitter_misc":{"Predpokladan\u00fd \u010das \u010d\u00edtania":"4 min\u00faty"},"schema":{"@context":"https:\/\/schema.org","@graph":[{"@type":"WebPage","@id":"https:\/\/www.belrobotics.com\/sk\/domacnosti\/","url":"https:\/\/www.belrobotics.com\/sk\/domacnosti\/","name":"Dom\u00e1cnosti - Belrobotics","isPartOf":{"@id":"https:\/\/www.belrobotics.com\/sk\/#website"},"primaryImageOfPage":{"@id":"https:\/\/www.belrobotics.com\/sk\/domacnosti\/#primaryimage"},"image":{"@id":"https:\/\/www.belrobotics.com\/sk\/domacnosti\/#primaryimage"},"thumbnailUrl":"https:\/\/www.belrobotics.com\/wp-content\/uploads\/2019\/01\/belrobotics_3451.jpg","datePublished":"2022-02-08T14:05:58+00:00","dateModified":"2024-10-14T14:59:45+00:00","breadcrumb":{"@id":"https:\/\/www.belrobotics.com\/sk\/domacnosti\/#breadcrumb"},"inLanguage":"sk-SK","potentialAction":[{"@type":"ReadAction","target":["https:\/\/www.belrobotics.com\/sk\/domacnosti\/"]}]},{"@type":"ImageObject","inLanguage":"sk-SK","@id":"https:\/\/www.belrobotics.com\/sk\/domacnosti\/#primaryimage","url":"https:\/\/www.belrobotics.com\/wp-content\/uploads\/2019\/01\/belrobotics_3451.jpg","contentUrl":"https:\/\/www.belrobotics.com\/wp-content\/uploads\/2019\/01\/belrobotics_3451.jpg","width":4000,"height":2668},{"@type":"BreadcrumbList","@id":"https:\/\/www.belrobotics.com\/sk\/domacnosti\/#breadcrumb","itemListElement":[{"@type":"ListItem","position":1,"name":"Home","item":"https:\/\/www.belrobotics.com\/sk\/"},{"@type":"ListItem","position":2,"name":"Dom\u00e1cnosti"}]},{"@type":"WebSite","@id":"https:\/\/www.belrobotics.com\/sk\/#website","url":"https:\/\/www.belrobotics.com\/sk\/","name":"Belrobotics","description":"The grass masters","publisher":{"@id":"https:\/\/www.belrobotics.com\/sk\/#organization"},"potentialAction":[{"@type":"SearchAction","target":{"@type":"EntryPoint","urlTemplate":"https:\/\/www.belrobotics.com\/sk\/?s={search_term_string}"},"query-input":{"@type":"PropertyValueSpecification","valueRequired":true,"valueName":"search_term_string"}}],"inLanguage":"sk-SK"},{"@type":"Organization","@id":"https:\/\/www.belrobotics.com\/sk\/#organization","name":"Belrobotics","url":"https:\/\/www.belrobotics.com\/sk\/","logo":{"@type":"ImageObject","inLanguage":"sk-SK","@id":"https:\/\/www.belrobotics.com\/sk\/#\/schema\/logo\/image\/","url":"https:\/\/www.belrobotics.com\/wp-content\/uploads\/2019\/01\/logo-belrobotics.svg","contentUrl":"https:\/\/www.belrobotics.com\/wp-content\/uploads\/2019\/01\/logo-belrobotics.svg","width":100,"height":16,"caption":"Belrobotics"},"image":{"@id":"https:\/\/www.belrobotics.com\/sk\/#\/schema\/logo\/image\/"},"sameAs":["https:\/\/www.facebook.com\/belrobotics","https:\/\/www.youtube.com\/channel\/UCYgWBPRzEdXmUqLRL0JbUIw","https:\/\/www.instagram.com\/belrobotics_europe\/"]}]}},"_links":{"self":[{"href":"https:\/\/www.belrobotics.com\/sk\/wp-json\/wp\/v2\/pages\/15538","targetHints":{"allow":["GET"]}}],"collection":[{"href":"https:\/\/www.belrobotics.com\/sk\/wp-json\/wp\/v2\/pages"}],"about":[{"href":"https:\/\/www.belrobotics.com\/sk\/wp-json\/wp\/v2\/types\/page"}],"author":[{"embeddable":true,"href":"https:\/\/www.belrobotics.com\/sk\/wp-json\/wp\/v2\/users\/9"}],"replies":[{"embeddable":true,"href":"https:\/\/www.belrobotics.com\/sk\/wp-json\/wp\/v2\/comments?post=15538"}],"version-history":[{"count":2,"href":"https:\/\/www.belrobotics.com\/sk\/wp-json\/wp\/v2\/pages\/15538\/revisions"}],"predecessor-version":[{"id":40356,"href":"https:\/\/www.belrobotics.com\/sk\/wp-json\/wp\/v2\/pages\/15538\/revisions\/40356"}],"wp:featuredmedia":[{"embeddable":true,"href":"https:\/\/www.belrobotics.com\/sk\/wp-json\/wp\/v2\/media\/15542"}],"wp:attachment":[{"href":"https:\/\/www.belrobotics.com\/sk\/wp-json\/wp\/v2\/media?parent=15538"}],"curies":[{"name":"wp","href":"https:\/\/api.w.org\/{rel}","templated":true}]}}