{"id":15537,"date":"2022-02-08T15:05:00","date_gmt":"2022-02-08T14:05:00","guid":{"rendered":"https:\/\/belrobotics.andromede.digital\/vylucenie-zodpovednosti\/"},"modified":"2022-02-08T15:05:00","modified_gmt":"2022-02-08T14:05:00","slug":"vylucenie-zodpovednosti","status":"publish","type":"page","link":"https:\/\/www.belrobotics.com\/sk\/vylucenie-zodpovednosti\/","title":{"rendered":"Vyl\u00fa\u010denie zodpovednosti"},"content":{"rendered":"<p align=\"center\"><strong>YAMABIKO EUROPE S.A.<\/strong><\/p>\n<p align=\"center\">S\u00cdDLO FIRMY: Avenue Lavoisier 35, 1300 Wavre, Belgicko<\/p>\n<p align=\"center\">B.C.E. 0477.194.468<\/p>\n<p align=\"center\">Telef\u00f3n: +32 10 48 00 36<\/p>\n<p align=\"center\">E-mail:\u00a0<a href=\"mailto:dataprivacy@yamabiko.eu\">dataprivacy@yamabiko.eu<\/a><\/p>\n<p align=\"center\">PODMIENKY POU\u017d\u00cdVANIA WEBOVEJ STR\u00c1NKY\u00a0<a href=\"https:\/\/www.belrobotics.com\/\">https:\/\/www.belrobotics.com<\/a><\/p>\n<p>&nbsp;<\/p>\n<p><strong>1.\u00a0\u00a0\u00a0\u00a0\u00a0\u00a0\u00a0\u00a0 Cie\u013e webovej str\u00e1nky a v\u0161eobecn\u00e9 podmienky pou\u017e\u00edvania<\/strong><\/p>\n<p>Spolo\u010dnos\u0165 YAMABIKO EUROPE pon\u00faka slu\u017eby v oblasti predaja a \u00fadr\u017eby robotick\u00fdch kosa\u010diek, striha\u010dov na \u017eiv\u00fd plot, f\u00faka\u010dov l\u00edstia a motorov\u00fdch p\u00edl zna\u010diek Belrobotics, Echo a Shindaiwa.<\/p>\n<p>Webov\u00e1 str\u00e1nka <a href=\"http:\/\/www.traitdeco.be\/\">www.belrobotics.com<\/a>\u00a0sl\u00fa\u017ei na prezent\u00e1ciu aktiv\u00edt a slu\u017eieb, robotick\u00fdch kosa\u010diek a konceptu YAMABIKO EUROPE, ako aj na publikovanie relevantn\u00fdch \u010dl\u00e1nkov a noviniek.<\/p>\n<p>Aktu\u00e1lne v\u0161eobecn\u00e9 podmienky pou\u017e\u00edvania m\u00f4\u017eu by\u0165 kedyko\u013evek aktualizovan\u00e9 bez upozornenia. Pou\u017e\u00edvate\u013eovi sa preto odpor\u00fa\u010da pravidelne si tieto podmienky \u010d\u00edta\u0165. Ka\u017ed\u00e1 tak\u00e1to aktualiz\u00e1cia nadobudne \u00fa\u010dinnos\u0165 ihne\u010f po jej zverejnen\u00ed online.<\/p>\n<p>Ak sa ktor\u00e1ko\u013evek polo\u017eka aktu\u00e1lnych v\u0161eobecn\u00fdch podmienok pou\u017e\u00edvania z ak\u00e9hoko\u013evek d\u00f4vodu zru\u0161\u00ed alebo sa stane nepou\u017eite\u013enou, tak\u00e1to neplatnos\u0165 alebo nepou\u017eite\u013enos\u0165 nesp\u00f4sob\u00ed neplatnos\u0165 ani nepou\u017eite\u013enos\u0165 \u017eiadnej z ostatn\u00fdch polo\u017eiek vo v\u0161eobecn\u00fdch podmienkach pou\u017e\u00edvania.<\/p>\n<p><strong>2.\u00a0\u00a0\u00a0\u00a0\u00a0\u00a0\u00a0\u00a0 Pou\u017e\u00edvanie tejto str\u00e1nky<\/strong><\/p>\n<p>Webov\u00e1 str\u00e1nka <a href=\"http:\/\/www.sospme.be\/\">www.belrobotics.com<\/a>\u00a0sa pou\u017e\u00edvate\u013eom spr\u00edstup\u0148uje na ich osobn\u00e9 pou\u017e\u00edvanie v s\u00falade s ni\u017e\u0161ie uveden\u00fdmi podmienkami. Pou\u017e\u00edvanie tejto webovej str\u00e1nky znamen\u00e1 bezv\u00fdhradn\u00fd s\u00fahlas so v\u0161etk\u00fdmi podmienkami pou\u017e\u00edvania.<\/p>\n<p>Str\u00e1nku <a href=\"http:\/\/www.sospme.be\/\">www.belrobotics.com<\/a>\u00a0nemo\u017eno pou\u017e\u00edva\u0165 na \u017eiadne \u0161pekulat\u00edvne, chybn\u00e9 ani podvodn\u00e9 po\u017eiadavky.<\/p>\n<p>Pou\u017e\u00edvate\u013e mus\u00ed ma\u0165 minim\u00e1lne 18 rokov, pr\u00e1vnu sp\u00f4sobilos\u0165 na podpisovanie zml\u00fav a pou\u017e\u00edvanie tejto webovej str\u00e1nky v s\u00falade so v\u0161eobecn\u00fdmi podmienkami pou\u017e\u00edvania str\u00e1nky.<\/p>\n<p><strong>3.\u00a0\u00a0\u00a0\u00a0\u00a0\u00a0\u00a0\u00a0 Autorsk\u00e9 pr\u00e1va \u2013 du\u0161evn\u00e9 vlastn\u00edctvo<\/strong><\/p>\n<p>Spolo\u010dnos\u0165 YAMABIKO EUROPE je vlastn\u00edkom v\u0161etk\u00fdch pr\u00e1v du\u0161evn\u00e9ho vlastn\u00edctva na v\u0161etky prvky na webovej str\u00e1nke (fotografie, log\u00e1, kresby, grafy, texty, vide\u00e1 a podobne), ako aj v\u0161etk\u00fdch autorsk\u00fdch pr\u00e1v, patentov, know-how, d\u00f4vern\u00fdch inform\u00e1ci\u00ed, pr\u00e1v na datab\u00e1zy, registrovan\u00fdch ochrann\u00fdch zn\u00e1mok a konceptov, \u010di u\u017e s\u00fa zaregistrovan\u00e9 alebo nie, ktor\u00e9 sa nach\u00e1dzaj\u00fa na webovej str\u00e1nke\u00a0<a href=\"http:\/\/www.sospme.be\/\">www.belrobotics.com<\/a>.<\/p>\n<p>Pou\u017e\u00edvate\u013eom je preto zak\u00e1zan\u00e9 reprodukova\u0165, upravova\u0165, pren\u00e1\u0161a\u0165 \u010di pou\u017e\u00edva\u0165 ak\u00fako\u013evek \u010das\u0165 webovej str\u00e1nky bez predch\u00e1dzaj\u00faceho p\u00edsomn\u00e9ho s\u00fahlasu spolo\u010dnosti YAMABIKO EUROPE.<\/p>\n<p><strong>4.\u00a0\u00a0\u00a0\u00a0\u00a0\u00a0\u00a0\u00a0 S\u0165ahovanie<\/strong><\/p>\n<p>Ak\u00e9ko\u013evek s\u0165ahovanie \u00fadajov z webovej str\u00e1nky <a href=\"http:\/\/www.sospme.be\/\">www.belrobotics.com<\/a> prebieha na vlastn\u00e9 riziko a zodpovednos\u0165 pou\u017e\u00edvate\u013ea.<\/p>\n<p>Pou\u017e\u00edvate\u013e akceptuje, \u017ee pou\u017e\u00edvanie po\u010d\u00edta\u010dov\u00fdch slu\u017eieb a syst\u00e9mov nie je bez rizika. Spolo\u010dnos\u0165 YAMABIKO EUROPE preto nem\u00f4\u017ee nies\u0165 zodpovednos\u0165 za \u017eiadne \u0161kody sp\u00f4soben\u00e9 akouko\u013evek formou po\u010d\u00edta\u010dov\u00e9ho malv\u00e9ru po stiahnut\u00ed inform\u00e1ci\u00ed z webovej str\u00e1nky <a href=\"http:\/\/www.sospme.be\/\">www.belrobotics.com<\/a>.<\/p>\n<p><strong>5.\u00a0\u00a0\u00a0\u00a0\u00a0\u00a0\u00a0\u00a0 Zaobch\u00e1dzanie s osobn\u00fdmi \u00fadajmi<\/strong><\/p>\n<p>Pri pou\u017e\u00edvan\u00ed webovej str\u00e1nky <a href=\"http:\/\/www.sospme.be\/\">www.belrobotics.com<\/a> sa m\u00f4\u017eu zhroma\u017e\u010fova\u0165 niektor\u00e9 osobn\u00e9 \u00fadaje t\u00fdkaj\u00face sa pou\u017e\u00edvate\u013ea, najm\u00e4 ke\u010f pou\u017e\u00edvate\u013e vypln\u00ed kontaktn\u00fd formul\u00e1r, po\u017eiada o cenov\u00fa ponuku alebo podporu, alebo prostredn\u00edctvom s\u00faborov cookie \u010di sledovac\u00edch pixelov (pozrite si \u010das\u0165 10).<\/p>\n<p>Na tento \u00fa\u010del je za spracovanie tak\u00fdchto \u00fadajov zodpovedn\u00e1 spolo\u010dnos\u0165 YAMABIKO EUROPE S.A. so s\u00eddlom na Avenue Lavoisier 35, 1300 Wavre, Belgicko.<\/p>\n<p>\u00da\u010del zhroma\u017e\u010fovania osobn\u00fdch \u00fadajov pou\u017e\u00edvate\u013eov je obmedzen\u00fd na spr\u00e1vu n\u00e1v\u0161tev webovej str\u00e1nky, spr\u00e1vu z\u00e1kazn\u00edkov, vybavenie objedn\u00e1vok pou\u017e\u00edvate\u013eov, propag\u00e1ciu produktov a slu\u017eieb a prev\u00e1dzkovanie priamych marketingov\u00fdch kampan\u00ed prostredn\u00edctvom elektronickej po\u0161ty.<\/p>\n<p>Z\u00e1kazn\u00edk m\u00e1 pr\u00e1vo kedyko\u013evek odmietnu\u0165 pou\u017e\u00edvanie tak\u00fdchto inform\u00e1ci\u00ed osobn\u00e9ho charakteru na \u00fa\u010dely priameho marketingu.<\/p>\n<p>Pou\u017e\u00edvate\u013e m\u00e1 pr\u00e1vo na pr\u00edstup k inform\u00e1ci\u00e1m osobnej povahy, ich opravu alebo odstr\u00e1nenie v s\u00falade so z\u00e1konom z 8. decembra 1992 o ochrane osobn\u00fdch \u00fadajov a zaobch\u00e1dzan\u00ed s inform\u00e1ciami osobnej povahy.<\/p>\n<p>Ak si chcete uplatni\u0165 toto pr\u00e1vo na pr\u00edstup, opravu alebo odstr\u00e1nenie osobn\u00fdch \u00fadajov, sta\u010d\u00ed bezplatne kontaktova\u0165 spolo\u010dnos\u0165 YAMABIKO EUROPE na adrese <a href=\"mailto:dataprivacy@yamabiko.eu\">dataprivacy@yamabiko.eu<\/a> alebo p\u00edsomne na adrese s\u00eddla spolo\u010dnosti.<\/p>\n<p>Spolo\u010dnos\u0165 YAMABIKO EUROPE sp\u013a\u0148a po\u017eiadavky v\u0161eobecn\u00e9ho nariadenia o ochrane \u00fadajov (GDPR, nariadenie E\u00da 2016\/679) a je zodpovedn\u00e1 za zachovanie d\u00f4vernosti ak\u00fdchko\u013evek inform\u00e1ci\u00ed, ktor\u00e9 zhroma\u017e\u010fuje.<\/p>\n<p><strong>6.\u00a0\u00a0\u00a0\u00a0\u00a0\u00a0\u00a0\u00a0 Zabezpe\u010denie \u00fadajov<\/strong><\/p>\n<p>Spolo\u010dnos\u0165 YAMABIKO EUROPE garantuje \u00farove\u0148 zabezpe\u010denia \u00fadajov v plnom s\u00falade s n\u00e1rodn\u00fdmi a eur\u00f3pskymi predpismi.<\/p>\n<p>Na tento \u00fa\u010del pou\u017e\u00edva webov\u00e1 str\u00e1nka <a href=\"http:\/\/www.sospme.be\/\">www.belrobotics.com<\/a> nieko\u013eko bezpe\u010dnostn\u00fdch syst\u00e9mov, ktor\u00e9 poskytuj\u00fa primeran\u00fa \u00farove\u0148 ochrany osobn\u00fdch \u00fadajov pou\u017e\u00edvate\u013eov. Spolo\u010dnos\u0165 YAMABIKO EUROPE v\u0161ak nem\u00f4\u017ee zaru\u010di\u0165, \u017ee neopr\u00e1vnen\u00e1 tretia strana nebude ma\u0165 pr\u00edstup na str\u00e1nku s cie\u013eom nez\u00e1konne pou\u017ei\u0165 tieto inform\u00e1cie.<\/p>\n<p><strong>7.\u00a0\u00a0\u00a0\u00a0\u00a0\u00a0\u00a0\u00a0 Hypertextov\u00e9 odkazy na in\u00e9 webov\u00e9 str\u00e1nky<\/strong><\/p>\n<p>Webov\u00e1 str\u00e1nka <a href=\"http:\/\/www.sospme.be\/\">www.belrobotics.com<\/a> m\u00f4\u017ee obsahova\u0165 hypertextov\u00e9 odkazy na in\u00e9 webov\u00e9 str\u00e1nky. Samotn\u00fd fakt, \u017ee na webovej str\u00e1nke <a href=\"http:\/\/www.sospme.be\/\">www.belrobotics.com<\/a> s\u00fa tieto odkazy pr\u00edtomn\u00e9, \u017eiadnym sp\u00f4sobom nenazna\u010duje, \u017ee spolo\u010dnos\u0165 YAMABIKO EUROPE podporuje my\u0161lienky alebo n\u00e1zory obsiahnut\u00e9 na dan\u00fdch webov\u00fdch str\u00e1nkach, ani \u017ee existuje ak\u00e1ko\u013evek forma partnerstva alebo asoci\u00e1cie s vlastn\u00edkmi t\u00fdchto str\u00e1nok.<\/p>\n<p>Spolo\u010dnos\u0165 YAMABIKO EUROPE nem\u00f4\u017ee za \u017eiadnych okolnost\u00ed nies\u0165 zodpovednos\u0165 za obsah webov\u00fdch str\u00e1nok, na ktor\u00e9 odkazuj\u00fa tak\u00e9to hypertextov\u00e9 odkazy.<\/p>\n<p><strong>8.\u00a0\u00a0\u00a0\u00a0\u00a0\u00a0\u00a0\u00a0 Pr\u00e1va spolo\u010dnosti YAMABIKO EUROPE<\/strong><\/p>\n<p>Spolo\u010dnos\u0165 YAMABIKO EUROPE si vyhradzuje pr\u00e1vo kedyko\u013evek a bez upozornenia:<\/p>\n<p>a) upravova\u0165 ozn\u00e1menia, ponuky a online inform\u00e1cie,<\/p>\n<p>b) upravova\u0165 niektor\u00e9 slu\u017eby,<\/p>\n<p>c) zablokova\u0165 pr\u00edstup na svoju webov\u00fa str\u00e1nku v pr\u00edpade technick\u00fdch probl\u00e9mov alebo ak sa spolo\u010dnos\u0165 YAMABIKO EUROPE dozvie o akomko\u013evek zneu\u017e\u00edvan\u00ed alebo \u0161kodlivom pou\u017e\u00edvan\u00ed svojej webovej str\u00e1nky.<\/p>\n<p><strong>9.\u00a0\u00a0\u00a0\u00a0\u00a0\u00a0\u00a0\u00a0 Povinnosti pou\u017e\u00edvate\u013eov<\/strong><\/p>\n<p>Pou\u017e\u00edvatelia webovej str\u00e1nky <a href=\"http:\/\/www.sospme.be\/\">www.belrobotics.com<\/a> s\u00fahlasia s t\u00fdm, \u017ee nebud\u00fa:<\/p>\n<p>a) pou\u017e\u00edva\u0165 webov\u00fa str\u00e1nku na nez\u00e1konn\u00e9 alebo \u0161kodliv\u00e9 \u00fa\u010dely,<\/p>\n<p>b) zasahova\u0165 do pr\u00edstupu na webov\u00fa str\u00e1nku, ru\u0161i\u0165 alebo upravova\u0165 webov\u00fa str\u00e1nku, zni\u017eova\u0165 jej efekt\u00edvnos\u0165, sp\u00f4sobova\u0165 ak\u00e9ko\u013evek \u0161kody na str\u00e1nke spolo\u010dnosti YAMABIKO EUROPE alebo ak\u00fdmko\u013evek tret\u00edm stran\u00e1m,<\/p>\n<p>c) pou\u017e\u00edva\u0165 webov\u00fa str\u00e1nku na prenos alebo \u0161\u00edrenie \u0161kodliv\u00e9ho softv\u00e9ru alebo \u0161kodliv\u00fdch \u010di nez\u00e1konn\u00fdch inform\u00e1ci\u00ed,<\/p>\n<p>d) ohrozova\u0165 ak\u00e9ko\u013evek pr\u00e1va du\u0161evn\u00e9ho vlastn\u00edctva t\u00fdkaj\u00face sa polo\u017eiek pr\u00edtomn\u00fdch na webovej str\u00e1nke,<\/p>\n<p>e) posiela\u0165 ani pren\u00e1\u0161a\u0165 ak\u00e9ko\u013evek nevy\u017eiadan\u00e9 spr\u00e1vy,<\/p>\n<p>f) zhroma\u017e\u010fova\u0165 ani uchov\u00e1va\u0165 ak\u00e9ko\u013evek osobn\u00e9 \u00fadaje t\u00fdkaj\u00face sa in\u00fdch pou\u017e\u00edvate\u013eov s v\u00fdnimkou pr\u00edpadov, ke\u010f na to t\u00edto pou\u017e\u00edvatelia udelili osobitn\u00e9 povolenie.<\/p>\n<p><strong>10.\u00a0\u00a0\u00a0\u00a0\u00a0\u00a0\u00a0\u00a0 S\u00fabory cookie a sledovacie pixely<\/strong><\/p>\n<p>Pri n\u00e1v\u0161teve webovej str\u00e1nky <a href=\"http:\/\/www.sospme.be\/\">www.belrobotics.com<\/a> sa m\u00f4\u017eu do po\u010d\u00edta\u010dov pou\u017e\u00edvate\u013eov odosiela\u0165 s\u00fabory cookie a sledovacie pixely.<\/p>\n<p>S\u00fabory cookie s\u00fa mal\u00e9 s\u00fabory (ulo\u017een\u00e9 na pevnom disku pou\u017e\u00edvate\u013ea na \u017eiados\u0165 servera, ktor\u00fd spravuje prehliadan\u00fa webov\u00fa str\u00e1nku), ktor\u00e9 umo\u017e\u0148uj\u00fa zabezpe\u010di\u0165 primeran\u00e9 technick\u00e9 fungovanie webovej str\u00e1nky a ove\u013ea plynulej\u0161ie prehliadanie.<\/p>\n<p>Sledovacie pixely s\u00fa mal\u00e9 elektronick\u00e9 obr\u00e1zky, ktor\u00e9 umo\u017e\u0148uj\u00fa webovej str\u00e1nke po\u010d\u00edta\u0165 n\u00e1v\u0161tevn\u00edkov \u013eubovo\u013enej konkr\u00e9tnej str\u00e1nky. Inform\u00e1cie zhroma\u017eden\u00e9 sledovac\u00edmi pixelmi s\u00fa IP adresa pripojen\u00e9ho po\u010d\u00edta\u010da, n\u00e1zov hostite\u013esk\u00e9ho po\u010d\u00edta\u010da, n\u00e1zov a \u010d\u00edslo verzie opera\u010dn\u00e9ho syst\u00e9mu a pou\u017e\u00edvan\u00e9ho webov\u00e9ho prehliada\u010da.<\/p>\n<p>Pou\u017e\u00edvatelia webovej str\u00e1nky <a href=\"http:\/\/www.sospme.be\/\">www.belrobotics.com<\/a> m\u00f4\u017eu s\u00fabory cookie a sledovacie pixely vymaza\u0165 alebo deaktivova\u0165 zo svojho pevn\u00e9ho disku, alebo m\u00f4\u017eu svoj prehliada\u010d nastavi\u0165 tak, aby sa tieto s\u00fabory nemohli prij\u00edma\u0165. Blokovanie s\u00faborov cookie alebo sledovac\u00edch pixelov v\u0161ak m\u00f4\u017ee naru\u0161i\u0165 fungovanie prehliadania.<\/p>\n<p><strong>11.\u00a0\u00a0\u00a0\u00a0\u00a0\u00a0\u00a0\u00a0 Obmedzenie zodpovednosti<\/strong><\/p>\n<p>Spolo\u010dnos\u0165 YAMABIKO EUROPE nem\u00f4\u017ee by\u0165 v \u017eiadnom pr\u00edpade zodpovedn\u00e1 za ak\u00fako\u013evek priamu, nepriamu, n\u00e1sledn\u00fa, trestn\u00fa ani konkr\u00e9tnu stratu alebo \u0161kodu (vr\u00e1tane, bez obmedzenia, \u0161k\u00f4d vypl\u00fdvaj\u00facich zo straty pr\u00edjmov, zml\u00fav, obchodnej \u010dinnosti, inform\u00e1ci\u00ed alebo ak\u00fdchko\u013evek in\u00fdch \u00fadajov obsiahnut\u00fdch v informa\u010dnom syst\u00e9me pou\u017e\u00edvate\u013ea alebo ak\u00e9hoko\u013evek preru\u0161enia obchodnej \u010dinnosti), ktor\u00e1 vypl\u00fdva z pou\u017e\u00edvania alebo z nemo\u017enosti pou\u017e\u00edvania webovej str\u00e1nky alebo jej obsahu, alebo ktor\u00e1 je s pou\u017e\u00edvan\u00edm alebo nemo\u017enos\u0165ou pou\u017e\u00edvania spojen\u00e1, alebo v d\u00f4sledku jej podmienok, aj ke\u010f bola spolo\u010dnos\u0165 YAMABIKO EUROPE o mo\u017enosti vzniku tak\u00fdchto \u0161k\u00f4d vopred informovan\u00e1.<\/p>\n<p>Okrem vy\u0161\u0161ie uveden\u00fdch podmienok nem\u00f4\u017ee by\u0165 spolo\u010dnos\u0165 YAMABIKO EUROPE za \u017eiadnych okolnost\u00ed bran\u00e1 na zodpovednos\u0165 za ak\u00e9ko\u013evek chyby, nepresnosti, opomenutia alebo in\u00e9 chyby \u010di nespr\u00e1vne na\u010dasovan\u00e9 alebo nespr\u00e1vne inform\u00e1cie obsiahnut\u00e9 na tejto webovej str\u00e1nke.<\/p>\n<p>Toto obmedzenie zodpovednosti sa vz\u0165ahuje aj na v\u0161etky webov\u00e9 str\u00e1nky tret\u00edch str\u00e1n.<\/p>\n<p><strong>12.\u00a0\u00a0\u00a0\u00a0\u00a0\u00a0\u00a0\u00a0 Rozhodn\u00e9 pr\u00e1vo<\/strong><\/p>\n<p>V\u0161eobecn\u00e9 podmienky pou\u017e\u00edvania sa riadia belgick\u00fdm pr\u00e1vom. Ak\u00fdko\u013evek spor t\u00fdkaj\u00faci sa ich v\u00fdkladu alebo v\u00fdkonu bud\u00fa rie\u0161i\u0165 pr\u00edslu\u0161n\u00e9 s\u00fady v s\u00fadnom okrese Nivelles, Belgicko.<\/p>\n<p><strong>13.\u00a0\u00a0\u00a0\u00a0\u00a0\u00a0\u00a0\u00a0 Kontakt<\/strong><\/p>\n<p>Spolo\u010dnos\u0165 YAMABIKO EUROPE m\u00f4\u017eete v s\u00favislosti s t\u00fdmito v\u0161eobecn\u00fdmi podmienkami pou\u017e\u00edvania kontaktova\u0165 na e-mailovej adrese <a href=\"mailto:dataprivacy@yamabiko.eu\">dataprivacy@yamabiko.eu<\/a> alebo prostredn\u00edctvom kontaktn\u00e9ho formul\u00e1ra dostupn\u00e9ho na webovej str\u00e1nke <a href=\"http:\/\/www.sospme.be\/\">www.belrobotics.com<\/a>.<\/p>\n<p><strong>14.\u00a0\u00a0\u00a0\u00a0\u00a0\u00a0\u00a0\u00a0 Vydavate\u013e str\u00e1nky:<\/strong><\/p>\n<p>Vydavate\u013eom webovej str\u00e1nky <a href=\"http:\/\/www.sospme.be\/\">www.belrobotics.com<\/a> je spolo\u010dnos\u0165 YAMABIKO EUROPE S.A. so s\u00eddlom na Avenue Lavoisier 35, 1300 Wavre, Belgicko, ktor\u00e1 je registrovan\u00e1 v Banque Carrefour des Entreprises pod registra\u010dn\u00fdm \u010d\u00edslom B.C.E. 0477.194.468.<\/p>\n<p><strong>15.\u00a0\u00a0\u00a0\u00a0\u00a0\u00a0\u00a0\u00a0 Hosting:<\/strong><\/p>\n<p>Webov\u00fa str\u00e1nku <a href=\"http:\/\/www.c-de-c.be\/\">www.belrobotics.com<\/a> host\u00ed: INFOMANIAK<\/p>\n","protected":false},"excerpt":{"rendered":"<p>YAMABIKO EUROPE S.A. S\u00cdDLO FIRMY: Avenue Lavoisier 35, 1300 Wavre, Belgicko B.C.E. 0477.194.468 Telef\u00f3n: +32 10 48 00 36 E-mail:\u00a0dataprivacy@yamabiko.eu PODMIENKY POU\u017d\u00cdVANIA WEBOVEJ STR\u00c1NKY\u00a0https:\/\/www.belrobotics.com &nbsp; 1.\u00a0\u00a0\u00a0\u00a0\u00a0\u00a0\u00a0\u00a0 Cie\u013e webovej str\u00e1nky a v\u0161eobecn\u00e9 podmienky pou\u017e\u00edvania Spolo\u010dnos\u0165 YAMABIKO EUROPE pon\u00faka slu\u017eby v oblasti predaja a \u00fadr\u017eby robotick\u00fdch kosa\u010diek, striha\u010dov na \u017eiv\u00fd plot, f\u00faka\u010dov l\u00edstia a motorov\u00fdch p\u00edl zna\u010diek [&hellip;]<\/p>\n","protected":false},"author":9,"featured_media":0,"parent":0,"menu_order":0,"comment_status":"closed","ping_status":"closed","template":"","meta":{"_acf_changed":false,"footnotes":""},"class_list":["post-15537","page","type-page","status-publish","hentry"],"acf":[],"yoast_head":"<!-- This site is optimized with the Yoast SEO plugin v26.9 - https:\/\/yoast.com\/product\/yoast-seo-wordpress\/ -->\n<title>Vyl\u00fa\u010denie zodpovednosti - Belrobotics<\/title>\n<meta name=\"robots\" content=\"index, follow, max-snippet:-1, max-image-preview:large, max-video-preview:-1\" \/>\n<link rel=\"canonical\" href=\"https:\/\/www.belrobotics.com\/sk\/vylucenie-zodpovednosti\/\" \/>\n<meta property=\"og:locale\" content=\"sk_SK\" \/>\n<meta property=\"og:type\" content=\"article\" \/>\n<meta property=\"og:title\" content=\"Vyl\u00fa\u010denie zodpovednosti - Belrobotics\" \/>\n<meta property=\"og:description\" content=\"YAMABIKO EUROPE S.A. S\u00cdDLO FIRMY: Avenue Lavoisier 35, 1300 Wavre, Belgicko B.C.E. 0477.194.468 Telef\u00f3n: +32 10 48 00 36 E-mail:\u00a0dataprivacy@yamabiko.eu PODMIENKY POU\u017d\u00cdVANIA WEBOVEJ STR\u00c1NKY\u00a0https:\/\/www.belrobotics.com &nbsp; 1.\u00a0\u00a0\u00a0\u00a0\u00a0\u00a0\u00a0\u00a0 Cie\u013e webovej str\u00e1nky a v\u0161eobecn\u00e9 podmienky pou\u017e\u00edvania Spolo\u010dnos\u0165 YAMABIKO EUROPE pon\u00faka slu\u017eby v oblasti predaja a \u00fadr\u017eby robotick\u00fdch kosa\u010diek, striha\u010dov na \u017eiv\u00fd plot, f\u00faka\u010dov l\u00edstia a motorov\u00fdch p\u00edl zna\u010diek [&hellip;]\" \/>\n<meta property=\"og:url\" content=\"https:\/\/www.belrobotics.com\/sk\/vylucenie-zodpovednosti\/\" \/>\n<meta property=\"og:site_name\" content=\"Belrobotics\" \/>\n<meta property=\"article:publisher\" content=\"https:\/\/www.facebook.com\/belrobotics\" \/>\n<meta name=\"twitter:card\" content=\"summary_large_image\" \/>\n<meta name=\"twitter:label1\" content=\"Predpokladan\u00fd \u010das \u010d\u00edtania\" \/>\n\t<meta name=\"twitter:data1\" content=\"9 min\u00fat\" \/>\n<script type=\"application\/ld+json\" class=\"yoast-schema-graph\">{\"@context\":\"https:\/\/schema.org\",\"@graph\":[{\"@type\":\"WebPage\",\"@id\":\"https:\/\/www.belrobotics.com\/sk\/vylucenie-zodpovednosti\/\",\"url\":\"https:\/\/www.belrobotics.com\/sk\/vylucenie-zodpovednosti\/\",\"name\":\"Vyl\u00fa\u010denie zodpovednosti - Belrobotics\",\"isPartOf\":{\"@id\":\"https:\/\/www.belrobotics.com\/sk\/#website\"},\"datePublished\":\"2022-02-08T14:05:00+00:00\",\"breadcrumb\":{\"@id\":\"https:\/\/www.belrobotics.com\/sk\/vylucenie-zodpovednosti\/#breadcrumb\"},\"inLanguage\":\"sk-SK\",\"potentialAction\":[{\"@type\":\"ReadAction\",\"target\":[\"https:\/\/www.belrobotics.com\/sk\/vylucenie-zodpovednosti\/\"]}]},{\"@type\":\"BreadcrumbList\",\"@id\":\"https:\/\/www.belrobotics.com\/sk\/vylucenie-zodpovednosti\/#breadcrumb\",\"itemListElement\":[{\"@type\":\"ListItem\",\"position\":1,\"name\":\"Home\",\"item\":\"https:\/\/www.belrobotics.com\/sk\/\"},{\"@type\":\"ListItem\",\"position\":2,\"name\":\"Vyl\u00fa\u010denie zodpovednosti\"}]},{\"@type\":\"WebSite\",\"@id\":\"https:\/\/www.belrobotics.com\/sk\/#website\",\"url\":\"https:\/\/www.belrobotics.com\/sk\/\",\"name\":\"Belrobotics\",\"description\":\"The grass masters\",\"publisher\":{\"@id\":\"https:\/\/www.belrobotics.com\/sk\/#organization\"},\"potentialAction\":[{\"@type\":\"SearchAction\",\"target\":{\"@type\":\"EntryPoint\",\"urlTemplate\":\"https:\/\/www.belrobotics.com\/sk\/?s={search_term_string}\"},\"query-input\":{\"@type\":\"PropertyValueSpecification\",\"valueRequired\":true,\"valueName\":\"search_term_string\"}}],\"inLanguage\":\"sk-SK\"},{\"@type\":\"Organization\",\"@id\":\"https:\/\/www.belrobotics.com\/sk\/#organization\",\"name\":\"Belrobotics\",\"url\":\"https:\/\/www.belrobotics.com\/sk\/\",\"logo\":{\"@type\":\"ImageObject\",\"inLanguage\":\"sk-SK\",\"@id\":\"https:\/\/www.belrobotics.com\/sk\/#\/schema\/logo\/image\/\",\"url\":\"https:\/\/www.belrobotics.com\/wp-content\/uploads\/2019\/01\/logo-belrobotics.svg\",\"contentUrl\":\"https:\/\/www.belrobotics.com\/wp-content\/uploads\/2019\/01\/logo-belrobotics.svg\",\"width\":100,\"height\":16,\"caption\":\"Belrobotics\"},\"image\":{\"@id\":\"https:\/\/www.belrobotics.com\/sk\/#\/schema\/logo\/image\/\"},\"sameAs\":[\"https:\/\/www.facebook.com\/belrobotics\",\"https:\/\/www.youtube.com\/channel\/UCYgWBPRzEdXmUqLRL0JbUIw\",\"https:\/\/www.instagram.com\/belrobotics_europe\/\"]}]}<\/script>\n<!-- \/ Yoast SEO plugin. -->","yoast_head_json":{"title":"Vyl\u00fa\u010denie zodpovednosti - Belrobotics","robots":{"index":"index","follow":"follow","max-snippet":"max-snippet:-1","max-image-preview":"max-image-preview:large","max-video-preview":"max-video-preview:-1"},"canonical":"https:\/\/www.belrobotics.com\/sk\/vylucenie-zodpovednosti\/","og_locale":"sk_SK","og_type":"article","og_title":"Vyl\u00fa\u010denie zodpovednosti - Belrobotics","og_description":"YAMABIKO EUROPE S.A. S\u00cdDLO FIRMY: Avenue Lavoisier 35, 1300 Wavre, Belgicko B.C.E. 0477.194.468 Telef\u00f3n: +32 10 48 00 36 E-mail:\u00a0dataprivacy@yamabiko.eu PODMIENKY POU\u017d\u00cdVANIA WEBOVEJ STR\u00c1NKY\u00a0https:\/\/www.belrobotics.com &nbsp; 1.\u00a0\u00a0\u00a0\u00a0\u00a0\u00a0\u00a0\u00a0 Cie\u013e webovej str\u00e1nky a v\u0161eobecn\u00e9 podmienky pou\u017e\u00edvania Spolo\u010dnos\u0165 YAMABIKO EUROPE pon\u00faka slu\u017eby v oblasti predaja a \u00fadr\u017eby robotick\u00fdch kosa\u010diek, striha\u010dov na \u017eiv\u00fd plot, f\u00faka\u010dov l\u00edstia a motorov\u00fdch p\u00edl zna\u010diek [&hellip;]","og_url":"https:\/\/www.belrobotics.com\/sk\/vylucenie-zodpovednosti\/","og_site_name":"Belrobotics","article_publisher":"https:\/\/www.facebook.com\/belrobotics","twitter_card":"summary_large_image","twitter_misc":{"Predpokladan\u00fd \u010das \u010d\u00edtania":"9 min\u00fat"},"schema":{"@context":"https:\/\/schema.org","@graph":[{"@type":"WebPage","@id":"https:\/\/www.belrobotics.com\/sk\/vylucenie-zodpovednosti\/","url":"https:\/\/www.belrobotics.com\/sk\/vylucenie-zodpovednosti\/","name":"Vyl\u00fa\u010denie zodpovednosti - Belrobotics","isPartOf":{"@id":"https:\/\/www.belrobotics.com\/sk\/#website"},"datePublished":"2022-02-08T14:05:00+00:00","breadcrumb":{"@id":"https:\/\/www.belrobotics.com\/sk\/vylucenie-zodpovednosti\/#breadcrumb"},"inLanguage":"sk-SK","potentialAction":[{"@type":"ReadAction","target":["https:\/\/www.belrobotics.com\/sk\/vylucenie-zodpovednosti\/"]}]},{"@type":"BreadcrumbList","@id":"https:\/\/www.belrobotics.com\/sk\/vylucenie-zodpovednosti\/#breadcrumb","itemListElement":[{"@type":"ListItem","position":1,"name":"Home","item":"https:\/\/www.belrobotics.com\/sk\/"},{"@type":"ListItem","position":2,"name":"Vyl\u00fa\u010denie zodpovednosti"}]},{"@type":"WebSite","@id":"https:\/\/www.belrobotics.com\/sk\/#website","url":"https:\/\/www.belrobotics.com\/sk\/","name":"Belrobotics","description":"The grass masters","publisher":{"@id":"https:\/\/www.belrobotics.com\/sk\/#organization"},"potentialAction":[{"@type":"SearchAction","target":{"@type":"EntryPoint","urlTemplate":"https:\/\/www.belrobotics.com\/sk\/?s={search_term_string}"},"query-input":{"@type":"PropertyValueSpecification","valueRequired":true,"valueName":"search_term_string"}}],"inLanguage":"sk-SK"},{"@type":"Organization","@id":"https:\/\/www.belrobotics.com\/sk\/#organization","name":"Belrobotics","url":"https:\/\/www.belrobotics.com\/sk\/","logo":{"@type":"ImageObject","inLanguage":"sk-SK","@id":"https:\/\/www.belrobotics.com\/sk\/#\/schema\/logo\/image\/","url":"https:\/\/www.belrobotics.com\/wp-content\/uploads\/2019\/01\/logo-belrobotics.svg","contentUrl":"https:\/\/www.belrobotics.com\/wp-content\/uploads\/2019\/01\/logo-belrobotics.svg","width":100,"height":16,"caption":"Belrobotics"},"image":{"@id":"https:\/\/www.belrobotics.com\/sk\/#\/schema\/logo\/image\/"},"sameAs":["https:\/\/www.facebook.com\/belrobotics","https:\/\/www.youtube.com\/channel\/UCYgWBPRzEdXmUqLRL0JbUIw","https:\/\/www.instagram.com\/belrobotics_europe\/"]}]}},"_links":{"self":[{"href":"https:\/\/www.belrobotics.com\/sk\/wp-json\/wp\/v2\/pages\/15537","targetHints":{"allow":["GET"]}}],"collection":[{"href":"https:\/\/www.belrobotics.com\/sk\/wp-json\/wp\/v2\/pages"}],"about":[{"href":"https:\/\/www.belrobotics.com\/sk\/wp-json\/wp\/v2\/types\/page"}],"author":[{"embeddable":true,"href":"https:\/\/www.belrobotics.com\/sk\/wp-json\/wp\/v2\/users\/9"}],"replies":[{"embeddable":true,"href":"https:\/\/www.belrobotics.com\/sk\/wp-json\/wp\/v2\/comments?post=15537"}],"version-history":[{"count":0,"href":"https:\/\/www.belrobotics.com\/sk\/wp-json\/wp\/v2\/pages\/15537\/revisions"}],"wp:attachment":[{"href":"https:\/\/www.belrobotics.com\/sk\/wp-json\/wp\/v2\/media?parent=15537"}],"curies":[{"name":"wp","href":"https:\/\/api.w.org\/{rel}","templated":true}]}}