{"id":15523,"date":"2019-01-21T15:11:31","date_gmt":"2019-01-21T14:11:31","guid":{"rendered":"https:\/\/belrobotics.andromede.digital\/profesionalne\/"},"modified":"2024-10-14T16:11:40","modified_gmt":"2024-10-14T15:11:40","slug":"profesionalne","status":"publish","type":"page","link":"https:\/\/www.belrobotics.com\/sk\/profesionalne\/","title":{"rendered":"Profesion\u00e1lne"},"content":{"rendered":"<h2 class=\"h3\">Najv\u00fdkonnej\u0161ia profesion\u00e1lna robotick\u00e1 kosa\u010dka na svete<\/h2>\n<p>Kosa\u010dka Bigmow dok\u00e1\u017ee <strong>pokosi\u0165 a\u017e 24\u00a0000\u00a0m\u00b2<\/strong> tr\u00e1vnika. Je to skuto\u010dn\u00fd \u0161portovec, ktor\u00fd sl\u00fa\u017ei v\u00e1\u0161mu podnikaniu. Objavte jej tich\u00fa prev\u00e1dzku, n\u00edzku spotrebu energie a\u00a0schopnos\u0165 prisp\u00f4sobi\u0165 sa ka\u017ed\u00e9mu ter\u00e9nu. Na\u0161a <a href=\"https:\/\/www.belrobotics.com\/sk\/gps-rtk\/\">robotick\u00e1 kosa\u010dka<\/a> dok\u00e1\u017ee \u010deli\u0165 v\u00fdzvam na \u0161portov\u00fdch ihrisk\u00e1ch, cvi\u010dn\u00fdch l\u00fakach a\u00a0golfov\u00fdch ihrisk\u00e1ch, ako aj na verejn\u00fdch priestranstv\u00e1ch.<\/p>\n","protected":false},"excerpt":{"rendered":"<p>Najv\u00fdkonnej\u0161ia profesion\u00e1lna robotick\u00e1 kosa\u010dka na svete Kosa\u010dka Bigmow dok\u00e1\u017ee pokosi\u0165 a\u017e 24\u00a0000\u00a0m\u00b2 tr\u00e1vnika. Je to skuto\u010dn\u00fd \u0161portovec, ktor\u00fd sl\u00fa\u017ei v\u00e1\u0161mu podnikaniu. Objavte jej tich\u00fa prev\u00e1dzku, n\u00edzku spotrebu energie a\u00a0schopnos\u0165 prisp\u00f4sobi\u0165 sa ka\u017ed\u00e9mu ter\u00e9nu. Na\u0161a robotick\u00e1 kosa\u010dka dok\u00e1\u017ee \u010deli\u0165 v\u00fdzvam na \u0161portov\u00fdch ihrisk\u00e1ch, cvi\u010dn\u00fdch l\u00fakach a\u00a0golfov\u00fdch ihrisk\u00e1ch, ako aj na verejn\u00fdch priestranstv\u00e1ch.<\/p>\n","protected":false},"author":9,"featured_media":15420,"parent":0,"menu_order":0,"comment_status":"closed","ping_status":"closed","template":"utilisation.php","meta":{"_acf_changed":false,"footnotes":""},"class_list":["post-15523","page","type-page","status-publish","has-post-thumbnail","hentry"],"acf":[],"yoast_head":"<!-- This site is optimized with the Yoast SEO plugin v26.9 - https:\/\/yoast.com\/product\/yoast-seo-wordpress\/ -->\n<title>Komer\u010dn\u00e1 robotick\u00e1 kosa\u010dka | Profesion\u00e1lne kosa\u010dky \u2013 Belrobotics<\/title>\n<meta name=\"description\" content=\"Objavte Bigmow, najv\u00fdkonnej\u0161iu profesion\u00e1lnu robotick\u00fa kosa\u010dku na svete, ktor\u00e1 sa dok\u00e1\u017ee stara\u0165 a\u017e o\u00a024\u00a0000\u00a0m\u00b2 tr\u00e1vnika, na ktorom podnik\u00e1te.\" \/>\n<meta name=\"robots\" content=\"index, follow, max-snippet:-1, max-image-preview:large, max-video-preview:-1\" \/>\n<link rel=\"canonical\" href=\"https:\/\/www.belrobotics.com\/sk\/profesionalne\/\" \/>\n<meta property=\"og:locale\" content=\"sk_SK\" \/>\n<meta property=\"og:type\" content=\"article\" \/>\n<meta property=\"og:title\" content=\"Komer\u010dn\u00e1 robotick\u00e1 kosa\u010dka | Profesion\u00e1lne kosa\u010dky \u2013 Belrobotics\" \/>\n<meta property=\"og:description\" content=\"Objavte Bigmow, najv\u00fdkonnej\u0161iu profesion\u00e1lnu robotick\u00fa kosa\u010dku na svete, ktor\u00e1 sa dok\u00e1\u017ee stara\u0165 a\u017e o\u00a024\u00a0000\u00a0m\u00b2 tr\u00e1vnika, na ktorom podnik\u00e1te.\" \/>\n<meta property=\"og:url\" content=\"https:\/\/www.belrobotics.com\/sk\/profesionalne\/\" \/>\n<meta property=\"og:site_name\" content=\"Belrobotics\" \/>\n<meta property=\"article:publisher\" content=\"https:\/\/www.facebook.com\/belrobotics\" \/>\n<meta property=\"article:modified_time\" content=\"2024-10-14T15:11:40+00:00\" \/>\n<meta property=\"og:image\" content=\"https:\/\/www.belrobotics.com\/wp-content\/uploads\/2019\/01\/big-mow-action-3.jpg\" \/>\n\t<meta property=\"og:image:width\" content=\"2251\" \/>\n\t<meta property=\"og:image:height\" content=\"1745\" \/>\n\t<meta property=\"og:image:type\" content=\"image\/jpeg\" \/>\n<meta name=\"twitter:card\" content=\"summary_large_image\" \/>\n<meta name=\"twitter:label1\" content=\"Predpokladan\u00fd \u010das \u010d\u00edtania\" \/>\n\t<meta name=\"twitter:data1\" content=\"5 min\u00fat\" \/>\n<script type=\"application\/ld+json\" class=\"yoast-schema-graph\">{\"@context\":\"https:\/\/schema.org\",\"@graph\":[{\"@type\":\"WebPage\",\"@id\":\"https:\/\/www.belrobotics.com\/sk\/profesionalne\/\",\"url\":\"https:\/\/www.belrobotics.com\/sk\/profesionalne\/\",\"name\":\"Komer\u010dn\u00e1 robotick\u00e1 kosa\u010dka | Profesion\u00e1lne kosa\u010dky \u2013 Belrobotics\",\"isPartOf\":{\"@id\":\"https:\/\/www.belrobotics.com\/sk\/#website\"},\"primaryImageOfPage\":{\"@id\":\"https:\/\/www.belrobotics.com\/sk\/profesionalne\/#primaryimage\"},\"image\":{\"@id\":\"https:\/\/www.belrobotics.com\/sk\/profesionalne\/#primaryimage\"},\"thumbnailUrl\":\"https:\/\/www.belrobotics.com\/wp-content\/uploads\/2019\/01\/big-mow-action-3.jpg\",\"datePublished\":\"2019-01-21T14:11:31+00:00\",\"dateModified\":\"2024-10-14T15:11:40+00:00\",\"description\":\"Objavte Bigmow, najv\u00fdkonnej\u0161iu profesion\u00e1lnu robotick\u00fa kosa\u010dku na svete, ktor\u00e1 sa dok\u00e1\u017ee stara\u0165 a\u017e o\u00a024\u00a0000\u00a0m\u00b2 tr\u00e1vnika, na ktorom podnik\u00e1te.\",\"breadcrumb\":{\"@id\":\"https:\/\/www.belrobotics.com\/sk\/profesionalne\/#breadcrumb\"},\"inLanguage\":\"sk-SK\",\"potentialAction\":[{\"@type\":\"ReadAction\",\"target\":[\"https:\/\/www.belrobotics.com\/sk\/profesionalne\/\"]}]},{\"@type\":\"ImageObject\",\"inLanguage\":\"sk-SK\",\"@id\":\"https:\/\/www.belrobotics.com\/sk\/profesionalne\/#primaryimage\",\"url\":\"https:\/\/www.belrobotics.com\/wp-content\/uploads\/2019\/01\/big-mow-action-3.jpg\",\"contentUrl\":\"https:\/\/www.belrobotics.com\/wp-content\/uploads\/2019\/01\/big-mow-action-3.jpg\",\"width\":2251,\"height\":1745},{\"@type\":\"BreadcrumbList\",\"@id\":\"https:\/\/www.belrobotics.com\/sk\/profesionalne\/#breadcrumb\",\"itemListElement\":[{\"@type\":\"ListItem\",\"position\":1,\"name\":\"Home\",\"item\":\"https:\/\/www.belrobotics.com\/sk\/\"},{\"@type\":\"ListItem\",\"position\":2,\"name\":\"Profesion\u00e1lne\"}]},{\"@type\":\"WebSite\",\"@id\":\"https:\/\/www.belrobotics.com\/sk\/#website\",\"url\":\"https:\/\/www.belrobotics.com\/sk\/\",\"name\":\"Belrobotics\",\"description\":\"The grass masters\",\"publisher\":{\"@id\":\"https:\/\/www.belrobotics.com\/sk\/#organization\"},\"potentialAction\":[{\"@type\":\"SearchAction\",\"target\":{\"@type\":\"EntryPoint\",\"urlTemplate\":\"https:\/\/www.belrobotics.com\/sk\/?s={search_term_string}\"},\"query-input\":{\"@type\":\"PropertyValueSpecification\",\"valueRequired\":true,\"valueName\":\"search_term_string\"}}],\"inLanguage\":\"sk-SK\"},{\"@type\":\"Organization\",\"@id\":\"https:\/\/www.belrobotics.com\/sk\/#organization\",\"name\":\"Belrobotics\",\"url\":\"https:\/\/www.belrobotics.com\/sk\/\",\"logo\":{\"@type\":\"ImageObject\",\"inLanguage\":\"sk-SK\",\"@id\":\"https:\/\/www.belrobotics.com\/sk\/#\/schema\/logo\/image\/\",\"url\":\"https:\/\/www.belrobotics.com\/wp-content\/uploads\/2019\/01\/logo-belrobotics.svg\",\"contentUrl\":\"https:\/\/www.belrobotics.com\/wp-content\/uploads\/2019\/01\/logo-belrobotics.svg\",\"width\":100,\"height\":16,\"caption\":\"Belrobotics\"},\"image\":{\"@id\":\"https:\/\/www.belrobotics.com\/sk\/#\/schema\/logo\/image\/\"},\"sameAs\":[\"https:\/\/www.facebook.com\/belrobotics\",\"https:\/\/www.youtube.com\/channel\/UCYgWBPRzEdXmUqLRL0JbUIw\",\"https:\/\/www.instagram.com\/belrobotics_europe\/\"]}]}<\/script>\n<!-- \/ Yoast SEO plugin. -->","yoast_head_json":{"title":"Komer\u010dn\u00e1 robotick\u00e1 kosa\u010dka | Profesion\u00e1lne kosa\u010dky \u2013 Belrobotics","description":"Objavte Bigmow, najv\u00fdkonnej\u0161iu profesion\u00e1lnu robotick\u00fa kosa\u010dku na svete, ktor\u00e1 sa dok\u00e1\u017ee stara\u0165 a\u017e o\u00a024\u00a0000\u00a0m\u00b2 tr\u00e1vnika, na ktorom podnik\u00e1te.","robots":{"index":"index","follow":"follow","max-snippet":"max-snippet:-1","max-image-preview":"max-image-preview:large","max-video-preview":"max-video-preview:-1"},"canonical":"https:\/\/www.belrobotics.com\/sk\/profesionalne\/","og_locale":"sk_SK","og_type":"article","og_title":"Komer\u010dn\u00e1 robotick\u00e1 kosa\u010dka | Profesion\u00e1lne kosa\u010dky \u2013 Belrobotics","og_description":"Objavte Bigmow, najv\u00fdkonnej\u0161iu profesion\u00e1lnu robotick\u00fa kosa\u010dku na svete, ktor\u00e1 sa dok\u00e1\u017ee stara\u0165 a\u017e o\u00a024\u00a0000\u00a0m\u00b2 tr\u00e1vnika, na ktorom podnik\u00e1te.","og_url":"https:\/\/www.belrobotics.com\/sk\/profesionalne\/","og_site_name":"Belrobotics","article_publisher":"https:\/\/www.facebook.com\/belrobotics","article_modified_time":"2024-10-14T15:11:40+00:00","og_image":[{"width":2251,"height":1745,"url":"https:\/\/www.belrobotics.com\/wp-content\/uploads\/2019\/01\/big-mow-action-3.jpg","type":"image\/jpeg"}],"twitter_card":"summary_large_image","twitter_misc":{"Predpokladan\u00fd \u010das \u010d\u00edtania":"5 min\u00fat"},"schema":{"@context":"https:\/\/schema.org","@graph":[{"@type":"WebPage","@id":"https:\/\/www.belrobotics.com\/sk\/profesionalne\/","url":"https:\/\/www.belrobotics.com\/sk\/profesionalne\/","name":"Komer\u010dn\u00e1 robotick\u00e1 kosa\u010dka | Profesion\u00e1lne kosa\u010dky \u2013 Belrobotics","isPartOf":{"@id":"https:\/\/www.belrobotics.com\/sk\/#website"},"primaryImageOfPage":{"@id":"https:\/\/www.belrobotics.com\/sk\/profesionalne\/#primaryimage"},"image":{"@id":"https:\/\/www.belrobotics.com\/sk\/profesionalne\/#primaryimage"},"thumbnailUrl":"https:\/\/www.belrobotics.com\/wp-content\/uploads\/2019\/01\/big-mow-action-3.jpg","datePublished":"2019-01-21T14:11:31+00:00","dateModified":"2024-10-14T15:11:40+00:00","description":"Objavte Bigmow, najv\u00fdkonnej\u0161iu profesion\u00e1lnu robotick\u00fa kosa\u010dku na svete, ktor\u00e1 sa dok\u00e1\u017ee stara\u0165 a\u017e o\u00a024\u00a0000\u00a0m\u00b2 tr\u00e1vnika, na ktorom podnik\u00e1te.","breadcrumb":{"@id":"https:\/\/www.belrobotics.com\/sk\/profesionalne\/#breadcrumb"},"inLanguage":"sk-SK","potentialAction":[{"@type":"ReadAction","target":["https:\/\/www.belrobotics.com\/sk\/profesionalne\/"]}]},{"@type":"ImageObject","inLanguage":"sk-SK","@id":"https:\/\/www.belrobotics.com\/sk\/profesionalne\/#primaryimage","url":"https:\/\/www.belrobotics.com\/wp-content\/uploads\/2019\/01\/big-mow-action-3.jpg","contentUrl":"https:\/\/www.belrobotics.com\/wp-content\/uploads\/2019\/01\/big-mow-action-3.jpg","width":2251,"height":1745},{"@type":"BreadcrumbList","@id":"https:\/\/www.belrobotics.com\/sk\/profesionalne\/#breadcrumb","itemListElement":[{"@type":"ListItem","position":1,"name":"Home","item":"https:\/\/www.belrobotics.com\/sk\/"},{"@type":"ListItem","position":2,"name":"Profesion\u00e1lne"}]},{"@type":"WebSite","@id":"https:\/\/www.belrobotics.com\/sk\/#website","url":"https:\/\/www.belrobotics.com\/sk\/","name":"Belrobotics","description":"The grass masters","publisher":{"@id":"https:\/\/www.belrobotics.com\/sk\/#organization"},"potentialAction":[{"@type":"SearchAction","target":{"@type":"EntryPoint","urlTemplate":"https:\/\/www.belrobotics.com\/sk\/?s={search_term_string}"},"query-input":{"@type":"PropertyValueSpecification","valueRequired":true,"valueName":"search_term_string"}}],"inLanguage":"sk-SK"},{"@type":"Organization","@id":"https:\/\/www.belrobotics.com\/sk\/#organization","name":"Belrobotics","url":"https:\/\/www.belrobotics.com\/sk\/","logo":{"@type":"ImageObject","inLanguage":"sk-SK","@id":"https:\/\/www.belrobotics.com\/sk\/#\/schema\/logo\/image\/","url":"https:\/\/www.belrobotics.com\/wp-content\/uploads\/2019\/01\/logo-belrobotics.svg","contentUrl":"https:\/\/www.belrobotics.com\/wp-content\/uploads\/2019\/01\/logo-belrobotics.svg","width":100,"height":16,"caption":"Belrobotics"},"image":{"@id":"https:\/\/www.belrobotics.com\/sk\/#\/schema\/logo\/image\/"},"sameAs":["https:\/\/www.facebook.com\/belrobotics","https:\/\/www.youtube.com\/channel\/UCYgWBPRzEdXmUqLRL0JbUIw","https:\/\/www.instagram.com\/belrobotics_europe\/"]}]}},"_links":{"self":[{"href":"https:\/\/www.belrobotics.com\/sk\/wp-json\/wp\/v2\/pages\/15523","targetHints":{"allow":["GET"]}}],"collection":[{"href":"https:\/\/www.belrobotics.com\/sk\/wp-json\/wp\/v2\/pages"}],"about":[{"href":"https:\/\/www.belrobotics.com\/sk\/wp-json\/wp\/v2\/types\/page"}],"author":[{"embeddable":true,"href":"https:\/\/www.belrobotics.com\/sk\/wp-json\/wp\/v2\/users\/9"}],"replies":[{"embeddable":true,"href":"https:\/\/www.belrobotics.com\/sk\/wp-json\/wp\/v2\/comments?post=15523"}],"version-history":[{"count":4,"href":"https:\/\/www.belrobotics.com\/sk\/wp-json\/wp\/v2\/pages\/15523\/revisions"}],"predecessor-version":[{"id":40361,"href":"https:\/\/www.belrobotics.com\/sk\/wp-json\/wp\/v2\/pages\/15523\/revisions\/40361"}],"wp:featuredmedia":[{"embeddable":true,"href":"https:\/\/www.belrobotics.com\/sk\/wp-json\/wp\/v2\/media\/15420"}],"wp:attachment":[{"href":"https:\/\/www.belrobotics.com\/sk\/wp-json\/wp\/v2\/media?parent=15523"}],"curies":[{"name":"wp","href":"https:\/\/api.w.org\/{rel}","templated":true}]}}