{"id":15367,"date":"2022-02-08T14:55:53","date_gmt":"2022-02-08T13:55:53","guid":{"rendered":"https:\/\/belrobotics.andromede.digital\/vyhody-robotickych-kosaciek\/"},"modified":"2022-02-08T14:56:34","modified_gmt":"2022-02-08T13:56:34","slug":"vyhody-robotickych-kosaciek","status":"publish","type":"page","link":"https:\/\/www.belrobotics.com\/sk\/vyhody-robotickych-kosaciek\/","title":{"rendered":"V\u00fdhody robotick\u00fdch kosa\u010diek"},"content":{"rendered":"<h3>Dokonal\u00e9 kosenie v\u00a0automatickom re\u017eime<\/h3>\n<p>Odteraz v\u00e1m u\u017e nebude robi\u0165 pr\u00e1cu ve\u013ekos\u0165 plochy, ktor\u00fa chcete pokosi\u0165, ani po\u017eadovan\u00e1 v\u00fdsledn\u00e1 kvalita, ani vlastnosti ter\u00e9nu.<\/p>\n<p>Spolo\u010dnos\u0165 Belrobotics pozn\u00e1 po\u017eiadavky profesion\u00e1lov a\u00a0\u013eud\u00ed, ktor\u00ed jednoducho miluj\u00fa kr\u00e1sne tr\u00e1vniky. Na\u0161e robotick\u00e9 rie\u0161enia v\u00fdrazne skracuj\u00fa v\u00e1\u0161 pracovn\u00fd \u010das, zaru\u010duj\u00fa bezkonkuren\u010dn\u00fa kvalitu tr\u00e1vnika a\u00a0s\u00fa s\u00fa\u010das\u0165ou v\u00edzie trvalej udr\u017eate\u013enosti. Automatick\u00e9 kosa\u010dky Belrobotics u\u017e dnes vyu\u017e\u00edvaj\u00fa tis\u00edce profesion\u00e1lov, \u0161portov\u00fdch klubov a\u00a0majite\u013eov pozemkov. Bezprecedentn\u00e1 odolnos\u0165 v\u00a0s\u00fakromn\u00fdch aj verejn\u00fdch infra\u0161trukt\u00farach.<\/p>\n","protected":false},"excerpt":{"rendered":"<p>Dokonal\u00e9 kosenie v\u00a0automatickom re\u017eime Odteraz v\u00e1m u\u017e nebude robi\u0165 pr\u00e1cu ve\u013ekos\u0165 plochy, ktor\u00fa chcete pokosi\u0165, ani po\u017eadovan\u00e1 v\u00fdsledn\u00e1 kvalita, ani vlastnosti ter\u00e9nu. Spolo\u010dnos\u0165 Belrobotics pozn\u00e1 po\u017eiadavky profesion\u00e1lov a\u00a0\u013eud\u00ed, ktor\u00ed jednoducho miluj\u00fa kr\u00e1sne tr\u00e1vniky. Na\u0161e robotick\u00e9 rie\u0161enia v\u00fdrazne skracuj\u00fa v\u00e1\u0161 pracovn\u00fd \u010das, zaru\u010duj\u00fa bezkonkuren\u010dn\u00fa kvalitu tr\u00e1vnika a\u00a0s\u00fa s\u00fa\u010das\u0165ou v\u00edzie trvalej udr\u017eate\u013enosti. Automatick\u00e9 kosa\u010dky Belrobotics u\u017e dnes [&hellip;]<\/p>\n","protected":false},"author":9,"featured_media":15351,"parent":0,"menu_order":0,"comment_status":"closed","ping_status":"closed","template":"avantages.php","meta":{"_acf_changed":false,"footnotes":""},"class_list":["post-15367","page","type-page","status-publish","has-post-thumbnail","hentry"],"acf":[],"yoast_head":"<!-- This site is optimized with the Yoast SEO plugin v26.9 - https:\/\/yoast.com\/product\/yoast-seo-wordpress\/ -->\n<title>V\u00fdhody robotick\u00fdch kosa\u010diek\u00a0\u2013 Belrobotics<\/title>\n<meta name=\"description\" content=\"Spolo\u010dnos\u0165 Belrobotics pozn\u00e1 po\u017eiadavky profesion\u00e1lov a\u00a0\u013eud\u00ed, ktor\u00ed tr\u00e1vnik jednoducho miluj\u00fa. Na\u0161e robotick\u00e9 rie\u0161enia im pon\u00fakaj\u00fa mnoho v\u00fdhod\u00a0\u2013 objavte ich!\" \/>\n<meta name=\"robots\" content=\"index, follow, max-snippet:-1, max-image-preview:large, max-video-preview:-1\" \/>\n<link rel=\"canonical\" href=\"https:\/\/www.belrobotics.com\/sk\/vyhody-robotickych-kosaciek\/\" \/>\n<meta property=\"og:locale\" content=\"sk_SK\" \/>\n<meta property=\"og:type\" content=\"article\" \/>\n<meta property=\"og:title\" content=\"V\u00fdhody robotick\u00fdch kosa\u010diek\u00a0\u2013 Belrobotics\" \/>\n<meta property=\"og:description\" content=\"Spolo\u010dnos\u0165 Belrobotics pozn\u00e1 po\u017eiadavky profesion\u00e1lov a\u00a0\u013eud\u00ed, ktor\u00ed tr\u00e1vnik jednoducho miluj\u00fa. Na\u0161e robotick\u00e9 rie\u0161enia im pon\u00fakaj\u00fa mnoho v\u00fdhod\u00a0\u2013 objavte ich!\" \/>\n<meta property=\"og:url\" content=\"https:\/\/www.belrobotics.com\/sk\/vyhody-robotickych-kosaciek\/\" \/>\n<meta property=\"og:site_name\" content=\"Belrobotics\" \/>\n<meta property=\"article:publisher\" content=\"https:\/\/www.facebook.com\/belrobotics\" \/>\n<meta property=\"article:modified_time\" content=\"2022-02-08T13:56:34+00:00\" \/>\n<meta property=\"og:image\" content=\"https:\/\/www.belrobotics.com\/wp-content\/uploads\/2019\/01\/big-mow-action-4-1.jpg\" \/>\n\t<meta property=\"og:image:width\" content=\"2251\" \/>\n\t<meta property=\"og:image:height\" content=\"1745\" \/>\n\t<meta property=\"og:image:type\" content=\"image\/jpeg\" \/>\n<meta name=\"twitter:card\" content=\"summary_large_image\" \/>\n<meta name=\"twitter:label1\" content=\"Predpokladan\u00fd \u010das \u010d\u00edtania\" \/>\n\t<meta name=\"twitter:data1\" content=\"1 min\u00fata\" \/>\n<script type=\"application\/ld+json\" class=\"yoast-schema-graph\">{\"@context\":\"https:\/\/schema.org\",\"@graph\":[{\"@type\":\"WebPage\",\"@id\":\"https:\/\/www.belrobotics.com\/sk\/vyhody-robotickych-kosaciek\/\",\"url\":\"https:\/\/www.belrobotics.com\/sk\/vyhody-robotickych-kosaciek\/\",\"name\":\"V\u00fdhody robotick\u00fdch kosa\u010diek\u00a0\u2013 Belrobotics\",\"isPartOf\":{\"@id\":\"https:\/\/www.belrobotics.com\/sk\/#website\"},\"primaryImageOfPage\":{\"@id\":\"https:\/\/www.belrobotics.com\/sk\/vyhody-robotickych-kosaciek\/#primaryimage\"},\"image\":{\"@id\":\"https:\/\/www.belrobotics.com\/sk\/vyhody-robotickych-kosaciek\/#primaryimage\"},\"thumbnailUrl\":\"https:\/\/www.belrobotics.com\/wp-content\/uploads\/2019\/01\/big-mow-action-4-1.jpg\",\"datePublished\":\"2022-02-08T13:55:53+00:00\",\"dateModified\":\"2022-02-08T13:56:34+00:00\",\"description\":\"Spolo\u010dnos\u0165 Belrobotics pozn\u00e1 po\u017eiadavky profesion\u00e1lov a\u00a0\u013eud\u00ed, ktor\u00ed tr\u00e1vnik jednoducho miluj\u00fa. Na\u0161e robotick\u00e9 rie\u0161enia im pon\u00fakaj\u00fa mnoho v\u00fdhod\u00a0\u2013 objavte ich!\",\"breadcrumb\":{\"@id\":\"https:\/\/www.belrobotics.com\/sk\/vyhody-robotickych-kosaciek\/#breadcrumb\"},\"inLanguage\":\"sk-SK\",\"potentialAction\":[{\"@type\":\"ReadAction\",\"target\":[\"https:\/\/www.belrobotics.com\/sk\/vyhody-robotickych-kosaciek\/\"]}]},{\"@type\":\"ImageObject\",\"inLanguage\":\"sk-SK\",\"@id\":\"https:\/\/www.belrobotics.com\/sk\/vyhody-robotickych-kosaciek\/#primaryimage\",\"url\":\"https:\/\/www.belrobotics.com\/wp-content\/uploads\/2019\/01\/big-mow-action-4-1.jpg\",\"contentUrl\":\"https:\/\/www.belrobotics.com\/wp-content\/uploads\/2019\/01\/big-mow-action-4-1.jpg\",\"width\":2251,\"height\":1745},{\"@type\":\"BreadcrumbList\",\"@id\":\"https:\/\/www.belrobotics.com\/sk\/vyhody-robotickych-kosaciek\/#breadcrumb\",\"itemListElement\":[{\"@type\":\"ListItem\",\"position\":1,\"name\":\"Home\",\"item\":\"https:\/\/www.belrobotics.com\/sk\/\"},{\"@type\":\"ListItem\",\"position\":2,\"name\":\"V\u00fdhody robotick\u00fdch kosa\u010diek\"}]},{\"@type\":\"WebSite\",\"@id\":\"https:\/\/www.belrobotics.com\/sk\/#website\",\"url\":\"https:\/\/www.belrobotics.com\/sk\/\",\"name\":\"Belrobotics\",\"description\":\"The grass masters\",\"publisher\":{\"@id\":\"https:\/\/www.belrobotics.com\/sk\/#organization\"},\"potentialAction\":[{\"@type\":\"SearchAction\",\"target\":{\"@type\":\"EntryPoint\",\"urlTemplate\":\"https:\/\/www.belrobotics.com\/sk\/?s={search_term_string}\"},\"query-input\":{\"@type\":\"PropertyValueSpecification\",\"valueRequired\":true,\"valueName\":\"search_term_string\"}}],\"inLanguage\":\"sk-SK\"},{\"@type\":\"Organization\",\"@id\":\"https:\/\/www.belrobotics.com\/sk\/#organization\",\"name\":\"Belrobotics\",\"url\":\"https:\/\/www.belrobotics.com\/sk\/\",\"logo\":{\"@type\":\"ImageObject\",\"inLanguage\":\"sk-SK\",\"@id\":\"https:\/\/www.belrobotics.com\/sk\/#\/schema\/logo\/image\/\",\"url\":\"https:\/\/www.belrobotics.com\/wp-content\/uploads\/2019\/01\/logo-belrobotics.svg\",\"contentUrl\":\"https:\/\/www.belrobotics.com\/wp-content\/uploads\/2019\/01\/logo-belrobotics.svg\",\"width\":100,\"height\":16,\"caption\":\"Belrobotics\"},\"image\":{\"@id\":\"https:\/\/www.belrobotics.com\/sk\/#\/schema\/logo\/image\/\"},\"sameAs\":[\"https:\/\/www.facebook.com\/belrobotics\",\"https:\/\/www.youtube.com\/channel\/UCYgWBPRzEdXmUqLRL0JbUIw\",\"https:\/\/www.instagram.com\/belrobotics_europe\/\"]}]}<\/script>\n<!-- \/ Yoast SEO plugin. -->","yoast_head_json":{"title":"V\u00fdhody robotick\u00fdch kosa\u010diek\u00a0\u2013 Belrobotics","description":"Spolo\u010dnos\u0165 Belrobotics pozn\u00e1 po\u017eiadavky profesion\u00e1lov a\u00a0\u013eud\u00ed, ktor\u00ed tr\u00e1vnik jednoducho miluj\u00fa. Na\u0161e robotick\u00e9 rie\u0161enia im pon\u00fakaj\u00fa mnoho v\u00fdhod\u00a0\u2013 objavte ich!","robots":{"index":"index","follow":"follow","max-snippet":"max-snippet:-1","max-image-preview":"max-image-preview:large","max-video-preview":"max-video-preview:-1"},"canonical":"https:\/\/www.belrobotics.com\/sk\/vyhody-robotickych-kosaciek\/","og_locale":"sk_SK","og_type":"article","og_title":"V\u00fdhody robotick\u00fdch kosa\u010diek\u00a0\u2013 Belrobotics","og_description":"Spolo\u010dnos\u0165 Belrobotics pozn\u00e1 po\u017eiadavky profesion\u00e1lov a\u00a0\u013eud\u00ed, ktor\u00ed tr\u00e1vnik jednoducho miluj\u00fa. Na\u0161e robotick\u00e9 rie\u0161enia im pon\u00fakaj\u00fa mnoho v\u00fdhod\u00a0\u2013 objavte ich!","og_url":"https:\/\/www.belrobotics.com\/sk\/vyhody-robotickych-kosaciek\/","og_site_name":"Belrobotics","article_publisher":"https:\/\/www.facebook.com\/belrobotics","article_modified_time":"2022-02-08T13:56:34+00:00","og_image":[{"width":2251,"height":1745,"url":"https:\/\/www.belrobotics.com\/wp-content\/uploads\/2019\/01\/big-mow-action-4-1.jpg","type":"image\/jpeg"}],"twitter_card":"summary_large_image","twitter_misc":{"Predpokladan\u00fd \u010das \u010d\u00edtania":"1 min\u00fata"},"schema":{"@context":"https:\/\/schema.org","@graph":[{"@type":"WebPage","@id":"https:\/\/www.belrobotics.com\/sk\/vyhody-robotickych-kosaciek\/","url":"https:\/\/www.belrobotics.com\/sk\/vyhody-robotickych-kosaciek\/","name":"V\u00fdhody robotick\u00fdch kosa\u010diek\u00a0\u2013 Belrobotics","isPartOf":{"@id":"https:\/\/www.belrobotics.com\/sk\/#website"},"primaryImageOfPage":{"@id":"https:\/\/www.belrobotics.com\/sk\/vyhody-robotickych-kosaciek\/#primaryimage"},"image":{"@id":"https:\/\/www.belrobotics.com\/sk\/vyhody-robotickych-kosaciek\/#primaryimage"},"thumbnailUrl":"https:\/\/www.belrobotics.com\/wp-content\/uploads\/2019\/01\/big-mow-action-4-1.jpg","datePublished":"2022-02-08T13:55:53+00:00","dateModified":"2022-02-08T13:56:34+00:00","description":"Spolo\u010dnos\u0165 Belrobotics pozn\u00e1 po\u017eiadavky profesion\u00e1lov a\u00a0\u013eud\u00ed, ktor\u00ed tr\u00e1vnik jednoducho miluj\u00fa. Na\u0161e robotick\u00e9 rie\u0161enia im pon\u00fakaj\u00fa mnoho v\u00fdhod\u00a0\u2013 objavte ich!","breadcrumb":{"@id":"https:\/\/www.belrobotics.com\/sk\/vyhody-robotickych-kosaciek\/#breadcrumb"},"inLanguage":"sk-SK","potentialAction":[{"@type":"ReadAction","target":["https:\/\/www.belrobotics.com\/sk\/vyhody-robotickych-kosaciek\/"]}]},{"@type":"ImageObject","inLanguage":"sk-SK","@id":"https:\/\/www.belrobotics.com\/sk\/vyhody-robotickych-kosaciek\/#primaryimage","url":"https:\/\/www.belrobotics.com\/wp-content\/uploads\/2019\/01\/big-mow-action-4-1.jpg","contentUrl":"https:\/\/www.belrobotics.com\/wp-content\/uploads\/2019\/01\/big-mow-action-4-1.jpg","width":2251,"height":1745},{"@type":"BreadcrumbList","@id":"https:\/\/www.belrobotics.com\/sk\/vyhody-robotickych-kosaciek\/#breadcrumb","itemListElement":[{"@type":"ListItem","position":1,"name":"Home","item":"https:\/\/www.belrobotics.com\/sk\/"},{"@type":"ListItem","position":2,"name":"V\u00fdhody robotick\u00fdch kosa\u010diek"}]},{"@type":"WebSite","@id":"https:\/\/www.belrobotics.com\/sk\/#website","url":"https:\/\/www.belrobotics.com\/sk\/","name":"Belrobotics","description":"The grass masters","publisher":{"@id":"https:\/\/www.belrobotics.com\/sk\/#organization"},"potentialAction":[{"@type":"SearchAction","target":{"@type":"EntryPoint","urlTemplate":"https:\/\/www.belrobotics.com\/sk\/?s={search_term_string}"},"query-input":{"@type":"PropertyValueSpecification","valueRequired":true,"valueName":"search_term_string"}}],"inLanguage":"sk-SK"},{"@type":"Organization","@id":"https:\/\/www.belrobotics.com\/sk\/#organization","name":"Belrobotics","url":"https:\/\/www.belrobotics.com\/sk\/","logo":{"@type":"ImageObject","inLanguage":"sk-SK","@id":"https:\/\/www.belrobotics.com\/sk\/#\/schema\/logo\/image\/","url":"https:\/\/www.belrobotics.com\/wp-content\/uploads\/2019\/01\/logo-belrobotics.svg","contentUrl":"https:\/\/www.belrobotics.com\/wp-content\/uploads\/2019\/01\/logo-belrobotics.svg","width":100,"height":16,"caption":"Belrobotics"},"image":{"@id":"https:\/\/www.belrobotics.com\/sk\/#\/schema\/logo\/image\/"},"sameAs":["https:\/\/www.facebook.com\/belrobotics","https:\/\/www.youtube.com\/channel\/UCYgWBPRzEdXmUqLRL0JbUIw","https:\/\/www.instagram.com\/belrobotics_europe\/"]}]}},"_links":{"self":[{"href":"https:\/\/www.belrobotics.com\/sk\/wp-json\/wp\/v2\/pages\/15367","targetHints":{"allow":["GET"]}}],"collection":[{"href":"https:\/\/www.belrobotics.com\/sk\/wp-json\/wp\/v2\/pages"}],"about":[{"href":"https:\/\/www.belrobotics.com\/sk\/wp-json\/wp\/v2\/types\/page"}],"author":[{"embeddable":true,"href":"https:\/\/www.belrobotics.com\/sk\/wp-json\/wp\/v2\/users\/9"}],"replies":[{"embeddable":true,"href":"https:\/\/www.belrobotics.com\/sk\/wp-json\/wp\/v2\/comments?post=15367"}],"version-history":[{"count":0,"href":"https:\/\/www.belrobotics.com\/sk\/wp-json\/wp\/v2\/pages\/15367\/revisions"}],"wp:featuredmedia":[{"embeddable":true,"href":"https:\/\/www.belrobotics.com\/sk\/wp-json\/wp\/v2\/media\/15351"}],"wp:attachment":[{"href":"https:\/\/www.belrobotics.com\/sk\/wp-json\/wp\/v2\/media?parent=15367"}],"curies":[{"name":"wp","href":"https:\/\/api.w.org\/{rel}","templated":true}]}}