{"id":15361,"date":"2022-02-08T14:49:37","date_gmt":"2022-02-08T13:49:37","guid":{"rendered":"https:\/\/belrobotics.andromede.digital\/sportove-kluby\/"},"modified":"2022-02-09T17:07:43","modified_gmt":"2022-02-09T16:07:43","slug":"sportove-kluby","status":"publish","type":"page","link":"https:\/\/www.belrobotics.com\/sk\/sportove-kluby\/","title":{"rendered":"\u0160portov\u00e9 kluby"},"content":{"rendered":"<h2 class=\"h3\">Zlep\u0161ite kvalitu tr\u00e1vnika a\u00a0kalibrujte hern\u00e9 podmienky<\/h2>\n<p>Kosa\u010dka Bigmow je ide\u00e1lnym rie\u0161en\u00edm pre va\u0161e \u0161portov\u00e9 ihrisk\u00e1 pre v\u0161etky discipl\u00edny, ktor\u00e9 sa hraj\u00fa na tr\u00e1ve. Na skvalitnenie tr\u00e1vnika a\u00a0v\u00fdrazn\u00e9 \u0161etrenie ju vyu\u017e\u00edvaj\u00fa u\u017e stovky klubov. Rovnomern\u00fd strih, 3 a\u017e 5 kosen\u00ed za t\u00fd\u017ede\u0148 a\u00a0\u00faspora 50\u00a0%. Poskytnite svojmu \u0161portov\u00e9mu ihrisku to najlep\u0161ie bez \u013eudsk\u00e9ho z\u00e1sahu.<\/p>\n","protected":false},"excerpt":{"rendered":"<p>Zlep\u0161ite kvalitu tr\u00e1vnika a\u00a0kalibrujte hern\u00e9 podmienky Kosa\u010dka Bigmow je ide\u00e1lnym rie\u0161en\u00edm pre va\u0161e \u0161portov\u00e9 ihrisk\u00e1 pre v\u0161etky discipl\u00edny, ktor\u00e9 sa hraj\u00fa na tr\u00e1ve. Na skvalitnenie tr\u00e1vnika a\u00a0v\u00fdrazn\u00e9 \u0161etrenie ju vyu\u017e\u00edvaj\u00fa u\u017e stovky klubov. Rovnomern\u00fd strih, 3 a\u017e 5 kosen\u00ed za t\u00fd\u017ede\u0148 a\u00a0\u00faspora 50\u00a0%. Poskytnite svojmu \u0161portov\u00e9mu ihrisku to najlep\u0161ie bez \u013eudsk\u00e9ho z\u00e1sahu.<\/p>\n","protected":false},"author":9,"featured_media":15341,"parent":0,"menu_order":0,"comment_status":"closed","ping_status":"closed","template":"utilisation.php","meta":{"_acf_changed":false,"footnotes":""},"class_list":["post-15361","page","type-page","status-publish","has-post-thumbnail","hentry"],"acf":[],"yoast_head":"<!-- This site is optimized with the Yoast SEO plugin v26.9 - https:\/\/yoast.com\/product\/yoast-seo-wordpress\/ -->\n<title>Kosa\u010dka pre \u0161portov\u00e9 ihrisk\u00e1 | Robotick\u00e1 kosa\u010dka \u2013 Belrobotics<\/title>\n<meta name=\"description\" content=\"Bigmow je ide\u00e1lna robotick\u00e1 kosa\u010dka pre \u0161portov\u00e9 ihrisk\u00e1 na ak\u00fako\u013evek discipl\u00ednu. Pou\u017e\u00edvaj\u00fa ju u\u017e stovky klubov!\" \/>\n<meta name=\"robots\" content=\"index, follow, max-snippet:-1, max-image-preview:large, max-video-preview:-1\" \/>\n<link rel=\"canonical\" href=\"https:\/\/www.belrobotics.com\/sk\/sportove-kluby\/\" \/>\n<meta property=\"og:locale\" content=\"sk_SK\" \/>\n<meta property=\"og:type\" content=\"article\" \/>\n<meta property=\"og:title\" content=\"Kosa\u010dka pre \u0161portov\u00e9 ihrisk\u00e1 | Robotick\u00e1 kosa\u010dka \u2013 Belrobotics\" \/>\n<meta property=\"og:description\" content=\"Bigmow je ide\u00e1lna robotick\u00e1 kosa\u010dka pre \u0161portov\u00e9 ihrisk\u00e1 na ak\u00fako\u013evek discipl\u00ednu. Pou\u017e\u00edvaj\u00fa ju u\u017e stovky klubov!\" \/>\n<meta property=\"og:url\" content=\"https:\/\/www.belrobotics.com\/sk\/sportove-kluby\/\" \/>\n<meta property=\"og:site_name\" content=\"Belrobotics\" \/>\n<meta property=\"article:publisher\" content=\"https:\/\/www.facebook.com\/belrobotics\" \/>\n<meta property=\"article:modified_time\" content=\"2022-02-09T16:07:43+00:00\" \/>\n<meta property=\"og:image\" content=\"https:\/\/www.belrobotics.com\/wp-content\/uploads\/2019\/01\/big-mow-action-2-1.jpg\" \/>\n\t<meta property=\"og:image:width\" content=\"2251\" \/>\n\t<meta property=\"og:image:height\" content=\"1745\" \/>\n\t<meta property=\"og:image:type\" content=\"image\/jpeg\" \/>\n<meta name=\"twitter:card\" content=\"summary_large_image\" \/>\n<script type=\"application\/ld+json\" class=\"yoast-schema-graph\">{\"@context\":\"https:\/\/schema.org\",\"@graph\":[{\"@type\":\"WebPage\",\"@id\":\"https:\/\/www.belrobotics.com\/sk\/sportove-kluby\/\",\"url\":\"https:\/\/www.belrobotics.com\/sk\/sportove-kluby\/\",\"name\":\"Kosa\u010dka pre \u0161portov\u00e9 ihrisk\u00e1 | Robotick\u00e1 kosa\u010dka \u2013 Belrobotics\",\"isPartOf\":{\"@id\":\"https:\/\/www.belrobotics.com\/sk\/#website\"},\"primaryImageOfPage\":{\"@id\":\"https:\/\/www.belrobotics.com\/sk\/sportove-kluby\/#primaryimage\"},\"image\":{\"@id\":\"https:\/\/www.belrobotics.com\/sk\/sportove-kluby\/#primaryimage\"},\"thumbnailUrl\":\"https:\/\/www.belrobotics.com\/wp-content\/uploads\/2019\/01\/big-mow-action-2-1.jpg\",\"datePublished\":\"2022-02-08T13:49:37+00:00\",\"dateModified\":\"2022-02-09T16:07:43+00:00\",\"description\":\"Bigmow je ide\u00e1lna robotick\u00e1 kosa\u010dka pre \u0161portov\u00e9 ihrisk\u00e1 na ak\u00fako\u013evek discipl\u00ednu. Pou\u017e\u00edvaj\u00fa ju u\u017e stovky klubov!\",\"breadcrumb\":{\"@id\":\"https:\/\/www.belrobotics.com\/sk\/sportove-kluby\/#breadcrumb\"},\"inLanguage\":\"sk-SK\",\"potentialAction\":[{\"@type\":\"ReadAction\",\"target\":[\"https:\/\/www.belrobotics.com\/sk\/sportove-kluby\/\"]}]},{\"@type\":\"ImageObject\",\"inLanguage\":\"sk-SK\",\"@id\":\"https:\/\/www.belrobotics.com\/sk\/sportove-kluby\/#primaryimage\",\"url\":\"https:\/\/www.belrobotics.com\/wp-content\/uploads\/2019\/01\/big-mow-action-2-1.jpg\",\"contentUrl\":\"https:\/\/www.belrobotics.com\/wp-content\/uploads\/2019\/01\/big-mow-action-2-1.jpg\",\"width\":2251,\"height\":1745,\"caption\":\"Futbalov\u00e9 ihrisko kosen\u00e9 kosa\u010dkou Bigmow\"},{\"@type\":\"BreadcrumbList\",\"@id\":\"https:\/\/www.belrobotics.com\/sk\/sportove-kluby\/#breadcrumb\",\"itemListElement\":[{\"@type\":\"ListItem\",\"position\":1,\"name\":\"Home\",\"item\":\"https:\/\/www.belrobotics.com\/sk\/\"},{\"@type\":\"ListItem\",\"position\":2,\"name\":\"\u0160portov\u00e9 kluby\"}]},{\"@type\":\"WebSite\",\"@id\":\"https:\/\/www.belrobotics.com\/sk\/#website\",\"url\":\"https:\/\/www.belrobotics.com\/sk\/\",\"name\":\"Belrobotics\",\"description\":\"The grass masters\",\"publisher\":{\"@id\":\"https:\/\/www.belrobotics.com\/sk\/#organization\"},\"potentialAction\":[{\"@type\":\"SearchAction\",\"target\":{\"@type\":\"EntryPoint\",\"urlTemplate\":\"https:\/\/www.belrobotics.com\/sk\/?s={search_term_string}\"},\"query-input\":{\"@type\":\"PropertyValueSpecification\",\"valueRequired\":true,\"valueName\":\"search_term_string\"}}],\"inLanguage\":\"sk-SK\"},{\"@type\":\"Organization\",\"@id\":\"https:\/\/www.belrobotics.com\/sk\/#organization\",\"name\":\"Belrobotics\",\"url\":\"https:\/\/www.belrobotics.com\/sk\/\",\"logo\":{\"@type\":\"ImageObject\",\"inLanguage\":\"sk-SK\",\"@id\":\"https:\/\/www.belrobotics.com\/sk\/#\/schema\/logo\/image\/\",\"url\":\"https:\/\/www.belrobotics.com\/wp-content\/uploads\/2019\/01\/logo-belrobotics.svg\",\"contentUrl\":\"https:\/\/www.belrobotics.com\/wp-content\/uploads\/2019\/01\/logo-belrobotics.svg\",\"width\":100,\"height\":16,\"caption\":\"Belrobotics\"},\"image\":{\"@id\":\"https:\/\/www.belrobotics.com\/sk\/#\/schema\/logo\/image\/\"},\"sameAs\":[\"https:\/\/www.facebook.com\/belrobotics\",\"https:\/\/www.youtube.com\/channel\/UCYgWBPRzEdXmUqLRL0JbUIw\",\"https:\/\/www.instagram.com\/belrobotics_europe\/\"]}]}<\/script>\n<!-- \/ Yoast SEO plugin. -->","yoast_head_json":{"title":"Kosa\u010dka pre \u0161portov\u00e9 ihrisk\u00e1 | Robotick\u00e1 kosa\u010dka \u2013 Belrobotics","description":"Bigmow je ide\u00e1lna robotick\u00e1 kosa\u010dka pre \u0161portov\u00e9 ihrisk\u00e1 na ak\u00fako\u013evek discipl\u00ednu. Pou\u017e\u00edvaj\u00fa ju u\u017e stovky klubov!","robots":{"index":"index","follow":"follow","max-snippet":"max-snippet:-1","max-image-preview":"max-image-preview:large","max-video-preview":"max-video-preview:-1"},"canonical":"https:\/\/www.belrobotics.com\/sk\/sportove-kluby\/","og_locale":"sk_SK","og_type":"article","og_title":"Kosa\u010dka pre \u0161portov\u00e9 ihrisk\u00e1 | Robotick\u00e1 kosa\u010dka \u2013 Belrobotics","og_description":"Bigmow je ide\u00e1lna robotick\u00e1 kosa\u010dka pre \u0161portov\u00e9 ihrisk\u00e1 na ak\u00fako\u013evek discipl\u00ednu. Pou\u017e\u00edvaj\u00fa ju u\u017e stovky klubov!","og_url":"https:\/\/www.belrobotics.com\/sk\/sportove-kluby\/","og_site_name":"Belrobotics","article_publisher":"https:\/\/www.facebook.com\/belrobotics","article_modified_time":"2022-02-09T16:07:43+00:00","og_image":[{"width":2251,"height":1745,"url":"https:\/\/www.belrobotics.com\/wp-content\/uploads\/2019\/01\/big-mow-action-2-1.jpg","type":"image\/jpeg"}],"twitter_card":"summary_large_image","schema":{"@context":"https:\/\/schema.org","@graph":[{"@type":"WebPage","@id":"https:\/\/www.belrobotics.com\/sk\/sportove-kluby\/","url":"https:\/\/www.belrobotics.com\/sk\/sportove-kluby\/","name":"Kosa\u010dka pre \u0161portov\u00e9 ihrisk\u00e1 | Robotick\u00e1 kosa\u010dka \u2013 Belrobotics","isPartOf":{"@id":"https:\/\/www.belrobotics.com\/sk\/#website"},"primaryImageOfPage":{"@id":"https:\/\/www.belrobotics.com\/sk\/sportove-kluby\/#primaryimage"},"image":{"@id":"https:\/\/www.belrobotics.com\/sk\/sportove-kluby\/#primaryimage"},"thumbnailUrl":"https:\/\/www.belrobotics.com\/wp-content\/uploads\/2019\/01\/big-mow-action-2-1.jpg","datePublished":"2022-02-08T13:49:37+00:00","dateModified":"2022-02-09T16:07:43+00:00","description":"Bigmow je ide\u00e1lna robotick\u00e1 kosa\u010dka pre \u0161portov\u00e9 ihrisk\u00e1 na ak\u00fako\u013evek discipl\u00ednu. Pou\u017e\u00edvaj\u00fa ju u\u017e stovky klubov!","breadcrumb":{"@id":"https:\/\/www.belrobotics.com\/sk\/sportove-kluby\/#breadcrumb"},"inLanguage":"sk-SK","potentialAction":[{"@type":"ReadAction","target":["https:\/\/www.belrobotics.com\/sk\/sportove-kluby\/"]}]},{"@type":"ImageObject","inLanguage":"sk-SK","@id":"https:\/\/www.belrobotics.com\/sk\/sportove-kluby\/#primaryimage","url":"https:\/\/www.belrobotics.com\/wp-content\/uploads\/2019\/01\/big-mow-action-2-1.jpg","contentUrl":"https:\/\/www.belrobotics.com\/wp-content\/uploads\/2019\/01\/big-mow-action-2-1.jpg","width":2251,"height":1745,"caption":"Futbalov\u00e9 ihrisko kosen\u00e9 kosa\u010dkou Bigmow"},{"@type":"BreadcrumbList","@id":"https:\/\/www.belrobotics.com\/sk\/sportove-kluby\/#breadcrumb","itemListElement":[{"@type":"ListItem","position":1,"name":"Home","item":"https:\/\/www.belrobotics.com\/sk\/"},{"@type":"ListItem","position":2,"name":"\u0160portov\u00e9 kluby"}]},{"@type":"WebSite","@id":"https:\/\/www.belrobotics.com\/sk\/#website","url":"https:\/\/www.belrobotics.com\/sk\/","name":"Belrobotics","description":"The grass masters","publisher":{"@id":"https:\/\/www.belrobotics.com\/sk\/#organization"},"potentialAction":[{"@type":"SearchAction","target":{"@type":"EntryPoint","urlTemplate":"https:\/\/www.belrobotics.com\/sk\/?s={search_term_string}"},"query-input":{"@type":"PropertyValueSpecification","valueRequired":true,"valueName":"search_term_string"}}],"inLanguage":"sk-SK"},{"@type":"Organization","@id":"https:\/\/www.belrobotics.com\/sk\/#organization","name":"Belrobotics","url":"https:\/\/www.belrobotics.com\/sk\/","logo":{"@type":"ImageObject","inLanguage":"sk-SK","@id":"https:\/\/www.belrobotics.com\/sk\/#\/schema\/logo\/image\/","url":"https:\/\/www.belrobotics.com\/wp-content\/uploads\/2019\/01\/logo-belrobotics.svg","contentUrl":"https:\/\/www.belrobotics.com\/wp-content\/uploads\/2019\/01\/logo-belrobotics.svg","width":100,"height":16,"caption":"Belrobotics"},"image":{"@id":"https:\/\/www.belrobotics.com\/sk\/#\/schema\/logo\/image\/"},"sameAs":["https:\/\/www.facebook.com\/belrobotics","https:\/\/www.youtube.com\/channel\/UCYgWBPRzEdXmUqLRL0JbUIw","https:\/\/www.instagram.com\/belrobotics_europe\/"]}]}},"_links":{"self":[{"href":"https:\/\/www.belrobotics.com\/sk\/wp-json\/wp\/v2\/pages\/15361","targetHints":{"allow":["GET"]}}],"collection":[{"href":"https:\/\/www.belrobotics.com\/sk\/wp-json\/wp\/v2\/pages"}],"about":[{"href":"https:\/\/www.belrobotics.com\/sk\/wp-json\/wp\/v2\/types\/page"}],"author":[{"embeddable":true,"href":"https:\/\/www.belrobotics.com\/sk\/wp-json\/wp\/v2\/users\/9"}],"replies":[{"embeddable":true,"href":"https:\/\/www.belrobotics.com\/sk\/wp-json\/wp\/v2\/comments?post=15361"}],"version-history":[{"count":0,"href":"https:\/\/www.belrobotics.com\/sk\/wp-json\/wp\/v2\/pages\/15361\/revisions"}],"wp:featuredmedia":[{"embeddable":true,"href":"https:\/\/www.belrobotics.com\/sk\/wp-json\/wp\/v2\/media\/15341"}],"wp:attachment":[{"href":"https:\/\/www.belrobotics.com\/sk\/wp-json\/wp\/v2\/media?parent=15361"}],"curies":[{"name":"wp","href":"https:\/\/api.w.org\/{rel}","templated":true}]}}