{"id":15353,"date":"2022-02-08T14:47:35","date_gmt":"2022-02-08T13:47:35","guid":{"rendered":"https:\/\/belrobotics.andromede.digital\/golfove-kluby\/"},"modified":"2024-10-14T15:43:33","modified_gmt":"2024-10-14T14:43:33","slug":"golfove-kluby","status":"publish","type":"page","link":"https:\/\/www.belrobotics.com\/sk\/golfove-kluby\/","title":{"rendered":"Golfov\u00e9 kluby"},"content":{"rendered":"<h2 class=\"h3\">Automatizujte \u00fadr\u017ebu tr\u00e1vnika kosen\u00edm a zbieran\u00edm lopti\u010diek na driving range.<\/h2>\n<p>Zatia\u013e \u010do golfov\u00e1 kosa\u010dka Bigmow sa star\u00e1 o tr\u00e1vnik, pri\u010dom zvl\u00e1\u0161tnu pozornos\u0165 venuje koseniu nerovnost\u00ed a polodrsn\u00fdch pl\u00f4ch na fairwayi, zbera\u010d lopti\u010diek Ballpicker sa venuje zberu lopti\u010diek na Va\u0161om driving range. T\u00e1to dvojica pracuje v harm\u00f3nii a pon\u00faka spr\u00e1vcom zelene kompletn\u00e9 a efekt\u00edvne automatiza\u010dn\u00e9 rie\u0161enie. Zverte spr\u00e1vu plochy s rozlohou a\u017e 75 000 m\u00b2, vo dne i v noci, na\u0161ej kosa\u010dke Bigmow a s rozlohou 45 000 m\u00b2 n\u00e1\u0161mu zbera\u010du lopti\u010diek Ballpickeru, pri\u010dom zaru\u010d\u00edte zber a\u017e 15 000 lopti\u010diek za 24 hod\u00edn.<\/p>\n","protected":false},"excerpt":{"rendered":"<p>Automatizujte \u00fadr\u017ebu tr\u00e1vnika kosen\u00edm a zbieran\u00edm lopti\u010diek na driving range. Zatia\u013e \u010do golfov\u00e1 kosa\u010dka Bigmow sa star\u00e1 o tr\u00e1vnik, pri\u010dom zvl\u00e1\u0161tnu pozornos\u0165 venuje koseniu nerovnost\u00ed a polodrsn\u00fdch pl\u00f4ch na fairwayi, zbera\u010d lopti\u010diek Ballpicker sa venuje zberu lopti\u010diek na Va\u0161om driving range. T\u00e1to dvojica pracuje v harm\u00f3nii a pon\u00faka spr\u00e1vcom zelene kompletn\u00e9 a efekt\u00edvne automatiza\u010dn\u00e9 rie\u0161enie. [&hellip;]<\/p>\n","protected":false},"author":9,"featured_media":34168,"parent":0,"menu_order":0,"comment_status":"closed","ping_status":"closed","template":"utilisation.php","meta":{"_acf_changed":false,"footnotes":""},"class_list":["post-15353","page","type-page","status-publish","has-post-thumbnail","hentry"],"acf":[],"yoast_head":"<!-- This site is optimized with the Yoast SEO plugin v26.9 - https:\/\/yoast.com\/product\/yoast-seo-wordpress\/ -->\n<title>Golfov\u00fd robot\u00a0\u2013 Belrobotics<\/title>\n<meta name=\"description\" content=\"Automatizujte zber lopti\u010diek na cvi\u010dnej l\u00fake pomocou robota Ballpicker, ktor\u00fd dok\u00e1\u017ee pracova\u0165 na ploche a\u017e 30\u00a0000\u00a0m\u00b2 a\u00a0zozbiera\u0165 a\u017e 12\u00a0000\u00a0lopti\u010diek za 24\u00a0hod\u00edn.\" \/>\n<meta name=\"robots\" content=\"index, follow, max-snippet:-1, max-image-preview:large, max-video-preview:-1\" \/>\n<link rel=\"canonical\" href=\"https:\/\/www.belrobotics.com\/sk\/golfove-kluby\/\" \/>\n<meta property=\"og:locale\" content=\"sk_SK\" \/>\n<meta property=\"og:type\" content=\"article\" \/>\n<meta property=\"og:title\" content=\"Golfov\u00fd robot\u00a0\u2013 Belrobotics\" \/>\n<meta property=\"og:description\" content=\"Automatizujte zber lopti\u010diek na cvi\u010dnej l\u00fake pomocou robota Ballpicker, ktor\u00fd dok\u00e1\u017ee pracova\u0165 na ploche a\u017e 30\u00a0000\u00a0m\u00b2 a\u00a0zozbiera\u0165 a\u017e 12\u00a0000\u00a0lopti\u010diek za 24\u00a0hod\u00edn.\" \/>\n<meta property=\"og:url\" content=\"https:\/\/www.belrobotics.com\/sk\/golfove-kluby\/\" \/>\n<meta property=\"og:site_name\" content=\"Belrobotics\" \/>\n<meta property=\"article:publisher\" content=\"https:\/\/www.facebook.com\/belrobotics\" \/>\n<meta property=\"article:modified_time\" content=\"2024-10-14T14:43:33+00:00\" \/>\n<meta property=\"og:image\" content=\"https:\/\/www.belrobotics.com\/wp-content\/uploads\/2024\/03\/Mowers-scaled.webp\" \/>\n\t<meta property=\"og:image:width\" content=\"2560\" \/>\n\t<meta property=\"og:image:height\" content=\"1707\" \/>\n\t<meta property=\"og:image:type\" content=\"image\/webp\" \/>\n<meta name=\"twitter:card\" content=\"summary_large_image\" \/>\n<meta name=\"twitter:label1\" content=\"Predpokladan\u00fd \u010das \u010d\u00edtania\" \/>\n\t<meta name=\"twitter:data1\" content=\"5 min\u00fat\" \/>\n<script type=\"application\/ld+json\" class=\"yoast-schema-graph\">{\"@context\":\"https:\/\/schema.org\",\"@graph\":[{\"@type\":\"WebPage\",\"@id\":\"https:\/\/www.belrobotics.com\/sk\/golfove-kluby\/\",\"url\":\"https:\/\/www.belrobotics.com\/sk\/golfove-kluby\/\",\"name\":\"Golfov\u00fd robot\u00a0\u2013 Belrobotics\",\"isPartOf\":{\"@id\":\"https:\/\/www.belrobotics.com\/sk\/#website\"},\"primaryImageOfPage\":{\"@id\":\"https:\/\/www.belrobotics.com\/sk\/golfove-kluby\/#primaryimage\"},\"image\":{\"@id\":\"https:\/\/www.belrobotics.com\/sk\/golfove-kluby\/#primaryimage\"},\"thumbnailUrl\":\"https:\/\/www.belrobotics.com\/wp-content\/uploads\/2024\/03\/Mowers-scaled.webp\",\"datePublished\":\"2022-02-08T13:47:35+00:00\",\"dateModified\":\"2024-10-14T14:43:33+00:00\",\"description\":\"Automatizujte zber lopti\u010diek na cvi\u010dnej l\u00fake pomocou robota Ballpicker, ktor\u00fd dok\u00e1\u017ee pracova\u0165 na ploche a\u017e 30\u00a0000\u00a0m\u00b2 a\u00a0zozbiera\u0165 a\u017e 12\u00a0000\u00a0lopti\u010diek za 24\u00a0hod\u00edn.\",\"breadcrumb\":{\"@id\":\"https:\/\/www.belrobotics.com\/sk\/golfove-kluby\/#breadcrumb\"},\"inLanguage\":\"sk-SK\",\"potentialAction\":[{\"@type\":\"ReadAction\",\"target\":[\"https:\/\/www.belrobotics.com\/sk\/golfove-kluby\/\"]}]},{\"@type\":\"ImageObject\",\"inLanguage\":\"sk-SK\",\"@id\":\"https:\/\/www.belrobotics.com\/sk\/golfove-kluby\/#primaryimage\",\"url\":\"https:\/\/www.belrobotics.com\/wp-content\/uploads\/2024\/03\/Mowers-scaled.webp\",\"contentUrl\":\"https:\/\/www.belrobotics.com\/wp-content\/uploads\/2024\/03\/Mowers-scaled.webp\",\"width\":2560,\"height\":1707},{\"@type\":\"BreadcrumbList\",\"@id\":\"https:\/\/www.belrobotics.com\/sk\/golfove-kluby\/#breadcrumb\",\"itemListElement\":[{\"@type\":\"ListItem\",\"position\":1,\"name\":\"Home\",\"item\":\"https:\/\/www.belrobotics.com\/sk\/\"},{\"@type\":\"ListItem\",\"position\":2,\"name\":\"Golfov\u00e9 kluby\"}]},{\"@type\":\"WebSite\",\"@id\":\"https:\/\/www.belrobotics.com\/sk\/#website\",\"url\":\"https:\/\/www.belrobotics.com\/sk\/\",\"name\":\"Belrobotics\",\"description\":\"The grass masters\",\"publisher\":{\"@id\":\"https:\/\/www.belrobotics.com\/sk\/#organization\"},\"potentialAction\":[{\"@type\":\"SearchAction\",\"target\":{\"@type\":\"EntryPoint\",\"urlTemplate\":\"https:\/\/www.belrobotics.com\/sk\/?s={search_term_string}\"},\"query-input\":{\"@type\":\"PropertyValueSpecification\",\"valueRequired\":true,\"valueName\":\"search_term_string\"}}],\"inLanguage\":\"sk-SK\"},{\"@type\":\"Organization\",\"@id\":\"https:\/\/www.belrobotics.com\/sk\/#organization\",\"name\":\"Belrobotics\",\"url\":\"https:\/\/www.belrobotics.com\/sk\/\",\"logo\":{\"@type\":\"ImageObject\",\"inLanguage\":\"sk-SK\",\"@id\":\"https:\/\/www.belrobotics.com\/sk\/#\/schema\/logo\/image\/\",\"url\":\"https:\/\/www.belrobotics.com\/wp-content\/uploads\/2019\/01\/logo-belrobotics.svg\",\"contentUrl\":\"https:\/\/www.belrobotics.com\/wp-content\/uploads\/2019\/01\/logo-belrobotics.svg\",\"width\":100,\"height\":16,\"caption\":\"Belrobotics\"},\"image\":{\"@id\":\"https:\/\/www.belrobotics.com\/sk\/#\/schema\/logo\/image\/\"},\"sameAs\":[\"https:\/\/www.facebook.com\/belrobotics\",\"https:\/\/www.youtube.com\/channel\/UCYgWBPRzEdXmUqLRL0JbUIw\",\"https:\/\/www.instagram.com\/belrobotics_europe\/\"]}]}<\/script>\n<!-- \/ Yoast SEO plugin. -->","yoast_head_json":{"title":"Golfov\u00fd robot\u00a0\u2013 Belrobotics","description":"Automatizujte zber lopti\u010diek na cvi\u010dnej l\u00fake pomocou robota Ballpicker, ktor\u00fd dok\u00e1\u017ee pracova\u0165 na ploche a\u017e 30\u00a0000\u00a0m\u00b2 a\u00a0zozbiera\u0165 a\u017e 12\u00a0000\u00a0lopti\u010diek za 24\u00a0hod\u00edn.","robots":{"index":"index","follow":"follow","max-snippet":"max-snippet:-1","max-image-preview":"max-image-preview:large","max-video-preview":"max-video-preview:-1"},"canonical":"https:\/\/www.belrobotics.com\/sk\/golfove-kluby\/","og_locale":"sk_SK","og_type":"article","og_title":"Golfov\u00fd robot\u00a0\u2013 Belrobotics","og_description":"Automatizujte zber lopti\u010diek na cvi\u010dnej l\u00fake pomocou robota Ballpicker, ktor\u00fd dok\u00e1\u017ee pracova\u0165 na ploche a\u017e 30\u00a0000\u00a0m\u00b2 a\u00a0zozbiera\u0165 a\u017e 12\u00a0000\u00a0lopti\u010diek za 24\u00a0hod\u00edn.","og_url":"https:\/\/www.belrobotics.com\/sk\/golfove-kluby\/","og_site_name":"Belrobotics","article_publisher":"https:\/\/www.facebook.com\/belrobotics","article_modified_time":"2024-10-14T14:43:33+00:00","og_image":[{"width":2560,"height":1707,"url":"https:\/\/www.belrobotics.com\/wp-content\/uploads\/2024\/03\/Mowers-scaled.webp","type":"image\/webp"}],"twitter_card":"summary_large_image","twitter_misc":{"Predpokladan\u00fd \u010das \u010d\u00edtania":"5 min\u00fat"},"schema":{"@context":"https:\/\/schema.org","@graph":[{"@type":"WebPage","@id":"https:\/\/www.belrobotics.com\/sk\/golfove-kluby\/","url":"https:\/\/www.belrobotics.com\/sk\/golfove-kluby\/","name":"Golfov\u00fd robot\u00a0\u2013 Belrobotics","isPartOf":{"@id":"https:\/\/www.belrobotics.com\/sk\/#website"},"primaryImageOfPage":{"@id":"https:\/\/www.belrobotics.com\/sk\/golfove-kluby\/#primaryimage"},"image":{"@id":"https:\/\/www.belrobotics.com\/sk\/golfove-kluby\/#primaryimage"},"thumbnailUrl":"https:\/\/www.belrobotics.com\/wp-content\/uploads\/2024\/03\/Mowers-scaled.webp","datePublished":"2022-02-08T13:47:35+00:00","dateModified":"2024-10-14T14:43:33+00:00","description":"Automatizujte zber lopti\u010diek na cvi\u010dnej l\u00fake pomocou robota Ballpicker, ktor\u00fd dok\u00e1\u017ee pracova\u0165 na ploche a\u017e 30\u00a0000\u00a0m\u00b2 a\u00a0zozbiera\u0165 a\u017e 12\u00a0000\u00a0lopti\u010diek za 24\u00a0hod\u00edn.","breadcrumb":{"@id":"https:\/\/www.belrobotics.com\/sk\/golfove-kluby\/#breadcrumb"},"inLanguage":"sk-SK","potentialAction":[{"@type":"ReadAction","target":["https:\/\/www.belrobotics.com\/sk\/golfove-kluby\/"]}]},{"@type":"ImageObject","inLanguage":"sk-SK","@id":"https:\/\/www.belrobotics.com\/sk\/golfove-kluby\/#primaryimage","url":"https:\/\/www.belrobotics.com\/wp-content\/uploads\/2024\/03\/Mowers-scaled.webp","contentUrl":"https:\/\/www.belrobotics.com\/wp-content\/uploads\/2024\/03\/Mowers-scaled.webp","width":2560,"height":1707},{"@type":"BreadcrumbList","@id":"https:\/\/www.belrobotics.com\/sk\/golfove-kluby\/#breadcrumb","itemListElement":[{"@type":"ListItem","position":1,"name":"Home","item":"https:\/\/www.belrobotics.com\/sk\/"},{"@type":"ListItem","position":2,"name":"Golfov\u00e9 kluby"}]},{"@type":"WebSite","@id":"https:\/\/www.belrobotics.com\/sk\/#website","url":"https:\/\/www.belrobotics.com\/sk\/","name":"Belrobotics","description":"The grass masters","publisher":{"@id":"https:\/\/www.belrobotics.com\/sk\/#organization"},"potentialAction":[{"@type":"SearchAction","target":{"@type":"EntryPoint","urlTemplate":"https:\/\/www.belrobotics.com\/sk\/?s={search_term_string}"},"query-input":{"@type":"PropertyValueSpecification","valueRequired":true,"valueName":"search_term_string"}}],"inLanguage":"sk-SK"},{"@type":"Organization","@id":"https:\/\/www.belrobotics.com\/sk\/#organization","name":"Belrobotics","url":"https:\/\/www.belrobotics.com\/sk\/","logo":{"@type":"ImageObject","inLanguage":"sk-SK","@id":"https:\/\/www.belrobotics.com\/sk\/#\/schema\/logo\/image\/","url":"https:\/\/www.belrobotics.com\/wp-content\/uploads\/2019\/01\/logo-belrobotics.svg","contentUrl":"https:\/\/www.belrobotics.com\/wp-content\/uploads\/2019\/01\/logo-belrobotics.svg","width":100,"height":16,"caption":"Belrobotics"},"image":{"@id":"https:\/\/www.belrobotics.com\/sk\/#\/schema\/logo\/image\/"},"sameAs":["https:\/\/www.facebook.com\/belrobotics","https:\/\/www.youtube.com\/channel\/UCYgWBPRzEdXmUqLRL0JbUIw","https:\/\/www.instagram.com\/belrobotics_europe\/"]}]}},"_links":{"self":[{"href":"https:\/\/www.belrobotics.com\/sk\/wp-json\/wp\/v2\/pages\/15353","targetHints":{"allow":["GET"]}}],"collection":[{"href":"https:\/\/www.belrobotics.com\/sk\/wp-json\/wp\/v2\/pages"}],"about":[{"href":"https:\/\/www.belrobotics.com\/sk\/wp-json\/wp\/v2\/types\/page"}],"author":[{"embeddable":true,"href":"https:\/\/www.belrobotics.com\/sk\/wp-json\/wp\/v2\/users\/9"}],"replies":[{"embeddable":true,"href":"https:\/\/www.belrobotics.com\/sk\/wp-json\/wp\/v2\/comments?post=15353"}],"version-history":[{"count":4,"href":"https:\/\/www.belrobotics.com\/sk\/wp-json\/wp\/v2\/pages\/15353\/revisions"}],"predecessor-version":[{"id":40352,"href":"https:\/\/www.belrobotics.com\/sk\/wp-json\/wp\/v2\/pages\/15353\/revisions\/40352"}],"wp:featuredmedia":[{"embeddable":true,"href":"https:\/\/www.belrobotics.com\/sk\/wp-json\/wp\/v2\/media\/34168"}],"wp:attachment":[{"href":"https:\/\/www.belrobotics.com\/sk\/wp-json\/wp\/v2\/media?parent=15353"}],"curies":[{"name":"wp","href":"https:\/\/api.w.org\/{rel}","templated":true}]}}