{"id":41053,"date":"2022-04-26T16:54:23","date_gmt":"2022-04-26T15:54:23","guid":{"rendered":"https:\/\/belrobotics.andromede.digital\/robot-selector\/"},"modified":"2025-02-05T15:02:41","modified_gmt":"2025-02-05T14:02:41","slug":"robot-selector","status":"publish","type":"page","link":"https:\/\/www.belrobotics.com\/ro\/robot-selector\/","title":{"rendered":"Ce robot este potrivit pentru dvs.?"},"content":{"rendered":"<h2 class=\"h3\">\u00cen 3 pa\u0219i pentru un gazon perfect<\/h2>\n<p>Fie c\u0103 sunte\u021bi un particular sau un administrator de terenuri, v\u0103 \u00eentreba\u021bi cum s\u0103 g\u0103si\u021bi robotul de tuns iarba care s\u0103 r\u0103spund\u0103 provoc\u0103rilor dumneavoastr\u0103 zilnice. Descoperi\u021bi selec\u021bia noastr\u0103 personalizat\u0103.<\/p>\n<p><a id=\"selector\" class=\"btn\" href=\"#selector\">Porni\u021bi selectorul<\/a><\/p>\n","protected":false},"excerpt":{"rendered":"<p>\u00cen 3 pa\u0219i pentru un gazon perfect Fie c\u0103 sunte\u021bi un particular sau un administrator de terenuri, v\u0103 \u00eentreba\u021bi cum s\u0103 g\u0103si\u021bi robotul de tuns iarba care s\u0103 r\u0103spund\u0103 provoc\u0103rilor dumneavoastr\u0103 zilnice. Descoperi\u021bi selec\u021bia noastr\u0103 personalizat\u0103. Porni\u021bi selectorul<\/p>\n","protected":false},"author":9,"featured_media":40794,"parent":0,"menu_order":0,"comment_status":"closed","ping_status":"closed","template":"robot-selector-step.php","meta":{"_acf_changed":false,"footnotes":""},"class_list":["post-41053","page","type-page","status-publish","has-post-thumbnail","hentry"],"acf":[],"yoast_head":"<!-- This site is optimized with the Yoast SEO plugin v26.9 - https:\/\/yoast.com\/product\/yoast-seo-wordpress\/ -->\n<title>Ce robot este potrivit pentru dvs.? - Belrobotics<\/title>\n<meta name=\"robots\" content=\"index, follow, max-snippet:-1, max-image-preview:large, max-video-preview:-1\" \/>\n<link rel=\"canonical\" href=\"https:\/\/www.belrobotics.com\/ro\/robot-selector\/\" \/>\n<meta property=\"og:locale\" content=\"ro_RO\" \/>\n<meta property=\"og:type\" content=\"article\" \/>\n<meta property=\"og:title\" content=\"Ce robot este potrivit pentru dvs.? - Belrobotics\" \/>\n<meta property=\"og:description\" content=\"\u00cen 3 pa\u0219i pentru un gazon perfect Fie c\u0103 sunte\u021bi un particular sau un administrator de terenuri, v\u0103 \u00eentreba\u021bi cum s\u0103 g\u0103si\u021bi robotul de tuns iarba care s\u0103 r\u0103spund\u0103 provoc\u0103rilor dumneavoastr\u0103 zilnice. Descoperi\u021bi selec\u021bia noastr\u0103 personalizat\u0103. Porni\u021bi selectorul\" \/>\n<meta property=\"og:url\" content=\"https:\/\/www.belrobotics.com\/ro\/robot-selector\/\" \/>\n<meta property=\"og:site_name\" content=\"Belrobotics\" \/>\n<meta property=\"article:publisher\" content=\"https:\/\/www.facebook.com\/belrobotics\" \/>\n<meta property=\"article:modified_time\" content=\"2025-02-05T14:02:41+00:00\" \/>\n<meta property=\"og:image\" content=\"https:\/\/www.belrobotics.com\/wp-content\/uploads\/2019\/01\/foot_43455-1024x767.jpg\" \/>\n\t<meta property=\"og:image:width\" content=\"1024\" \/>\n\t<meta property=\"og:image:height\" content=\"767\" \/>\n\t<meta property=\"og:image:type\" content=\"image\/jpeg\" \/>\n<meta name=\"twitter:card\" content=\"summary_large_image\" \/>\n<meta name=\"twitter:label1\" content=\"Est. reading time\" \/>\n\t<meta name=\"twitter:data1\" content=\"1 minute\" \/>\n<script type=\"application\/ld+json\" class=\"yoast-schema-graph\">{\"@context\":\"https:\/\/schema.org\",\"@graph\":[{\"@type\":\"WebPage\",\"@id\":\"https:\/\/www.belrobotics.com\/ro\/robot-selector\/\",\"url\":\"https:\/\/www.belrobotics.com\/ro\/robot-selector\/\",\"name\":\"Ce robot este potrivit pentru dvs.? - Belrobotics\",\"isPartOf\":{\"@id\":\"https:\/\/www.belrobotics.com\/ro\/#website\"},\"primaryImageOfPage\":{\"@id\":\"https:\/\/www.belrobotics.com\/ro\/robot-selector\/#primaryimage\"},\"image\":{\"@id\":\"https:\/\/www.belrobotics.com\/ro\/robot-selector\/#primaryimage\"},\"thumbnailUrl\":\"https:\/\/www.belrobotics.com\/wp-content\/uploads\/2019\/01\/foot_43455.jpg\",\"datePublished\":\"2022-04-26T15:54:23+00:00\",\"dateModified\":\"2025-02-05T14:02:41+00:00\",\"breadcrumb\":{\"@id\":\"https:\/\/www.belrobotics.com\/ro\/robot-selector\/#breadcrumb\"},\"inLanguage\":\"ro-RO\",\"potentialAction\":[{\"@type\":\"ReadAction\",\"target\":[\"https:\/\/www.belrobotics.com\/ro\/robot-selector\/\"]}]},{\"@type\":\"ImageObject\",\"inLanguage\":\"ro-RO\",\"@id\":\"https:\/\/www.belrobotics.com\/ro\/robot-selector\/#primaryimage\",\"url\":\"https:\/\/www.belrobotics.com\/wp-content\/uploads\/2019\/01\/foot_43455.jpg\",\"contentUrl\":\"https:\/\/www.belrobotics.com\/wp-content\/uploads\/2019\/01\/foot_43455.jpg\",\"width\":4000,\"height\":2998},{\"@type\":\"BreadcrumbList\",\"@id\":\"https:\/\/www.belrobotics.com\/ro\/robot-selector\/#breadcrumb\",\"itemListElement\":[{\"@type\":\"ListItem\",\"position\":1,\"name\":\"Home\",\"item\":\"https:\/\/www.belrobotics.com\/ro\/\"},{\"@type\":\"ListItem\",\"position\":2,\"name\":\"Ce robot este potrivit pentru dvs.?\"}]},{\"@type\":\"WebSite\",\"@id\":\"https:\/\/www.belrobotics.com\/ro\/#website\",\"url\":\"https:\/\/www.belrobotics.com\/ro\/\",\"name\":\"Belrobotics\",\"description\":\"The grass masters\",\"publisher\":{\"@id\":\"https:\/\/www.belrobotics.com\/ro\/#organization\"},\"potentialAction\":[{\"@type\":\"SearchAction\",\"target\":{\"@type\":\"EntryPoint\",\"urlTemplate\":\"https:\/\/www.belrobotics.com\/ro\/?s={search_term_string}\"},\"query-input\":{\"@type\":\"PropertyValueSpecification\",\"valueRequired\":true,\"valueName\":\"search_term_string\"}}],\"inLanguage\":\"ro-RO\"},{\"@type\":\"Organization\",\"@id\":\"https:\/\/www.belrobotics.com\/ro\/#organization\",\"name\":\"Belrobotics\",\"url\":\"https:\/\/www.belrobotics.com\/ro\/\",\"logo\":{\"@type\":\"ImageObject\",\"inLanguage\":\"ro-RO\",\"@id\":\"https:\/\/www.belrobotics.com\/ro\/#\/schema\/logo\/image\/\",\"url\":\"https:\/\/www.belrobotics.com\/wp-content\/uploads\/2019\/01\/logo-belrobotics.svg\",\"contentUrl\":\"https:\/\/www.belrobotics.com\/wp-content\/uploads\/2019\/01\/logo-belrobotics.svg\",\"width\":100,\"height\":16,\"caption\":\"Belrobotics\"},\"image\":{\"@id\":\"https:\/\/www.belrobotics.com\/ro\/#\/schema\/logo\/image\/\"},\"sameAs\":[\"https:\/\/www.facebook.com\/belrobotics\",\"https:\/\/www.youtube.com\/channel\/UCYgWBPRzEdXmUqLRL0JbUIw\",\"https:\/\/www.instagram.com\/belrobotics_europe\/\"]}]}<\/script>\n<!-- \/ Yoast SEO plugin. -->","yoast_head_json":{"title":"Ce robot este potrivit pentru dvs.? - Belrobotics","robots":{"index":"index","follow":"follow","max-snippet":"max-snippet:-1","max-image-preview":"max-image-preview:large","max-video-preview":"max-video-preview:-1"},"canonical":"https:\/\/www.belrobotics.com\/ro\/robot-selector\/","og_locale":"ro_RO","og_type":"article","og_title":"Ce robot este potrivit pentru dvs.? - Belrobotics","og_description":"\u00cen 3 pa\u0219i pentru un gazon perfect Fie c\u0103 sunte\u021bi un particular sau un administrator de terenuri, v\u0103 \u00eentreba\u021bi cum s\u0103 g\u0103si\u021bi robotul de tuns iarba care s\u0103 r\u0103spund\u0103 provoc\u0103rilor dumneavoastr\u0103 zilnice. Descoperi\u021bi selec\u021bia noastr\u0103 personalizat\u0103. Porni\u021bi selectorul","og_url":"https:\/\/www.belrobotics.com\/ro\/robot-selector\/","og_site_name":"Belrobotics","article_publisher":"https:\/\/www.facebook.com\/belrobotics","article_modified_time":"2025-02-05T14:02:41+00:00","og_image":[{"width":1024,"height":767,"url":"https:\/\/www.belrobotics.com\/wp-content\/uploads\/2019\/01\/foot_43455-1024x767.jpg","type":"image\/jpeg"}],"twitter_card":"summary_large_image","twitter_misc":{"Est. reading time":"1 minute"},"schema":{"@context":"https:\/\/schema.org","@graph":[{"@type":"WebPage","@id":"https:\/\/www.belrobotics.com\/ro\/robot-selector\/","url":"https:\/\/www.belrobotics.com\/ro\/robot-selector\/","name":"Ce robot este potrivit pentru dvs.? - Belrobotics","isPartOf":{"@id":"https:\/\/www.belrobotics.com\/ro\/#website"},"primaryImageOfPage":{"@id":"https:\/\/www.belrobotics.com\/ro\/robot-selector\/#primaryimage"},"image":{"@id":"https:\/\/www.belrobotics.com\/ro\/robot-selector\/#primaryimage"},"thumbnailUrl":"https:\/\/www.belrobotics.com\/wp-content\/uploads\/2019\/01\/foot_43455.jpg","datePublished":"2022-04-26T15:54:23+00:00","dateModified":"2025-02-05T14:02:41+00:00","breadcrumb":{"@id":"https:\/\/www.belrobotics.com\/ro\/robot-selector\/#breadcrumb"},"inLanguage":"ro-RO","potentialAction":[{"@type":"ReadAction","target":["https:\/\/www.belrobotics.com\/ro\/robot-selector\/"]}]},{"@type":"ImageObject","inLanguage":"ro-RO","@id":"https:\/\/www.belrobotics.com\/ro\/robot-selector\/#primaryimage","url":"https:\/\/www.belrobotics.com\/wp-content\/uploads\/2019\/01\/foot_43455.jpg","contentUrl":"https:\/\/www.belrobotics.com\/wp-content\/uploads\/2019\/01\/foot_43455.jpg","width":4000,"height":2998},{"@type":"BreadcrumbList","@id":"https:\/\/www.belrobotics.com\/ro\/robot-selector\/#breadcrumb","itemListElement":[{"@type":"ListItem","position":1,"name":"Home","item":"https:\/\/www.belrobotics.com\/ro\/"},{"@type":"ListItem","position":2,"name":"Ce robot este potrivit pentru dvs.?"}]},{"@type":"WebSite","@id":"https:\/\/www.belrobotics.com\/ro\/#website","url":"https:\/\/www.belrobotics.com\/ro\/","name":"Belrobotics","description":"The grass masters","publisher":{"@id":"https:\/\/www.belrobotics.com\/ro\/#organization"},"potentialAction":[{"@type":"SearchAction","target":{"@type":"EntryPoint","urlTemplate":"https:\/\/www.belrobotics.com\/ro\/?s={search_term_string}"},"query-input":{"@type":"PropertyValueSpecification","valueRequired":true,"valueName":"search_term_string"}}],"inLanguage":"ro-RO"},{"@type":"Organization","@id":"https:\/\/www.belrobotics.com\/ro\/#organization","name":"Belrobotics","url":"https:\/\/www.belrobotics.com\/ro\/","logo":{"@type":"ImageObject","inLanguage":"ro-RO","@id":"https:\/\/www.belrobotics.com\/ro\/#\/schema\/logo\/image\/","url":"https:\/\/www.belrobotics.com\/wp-content\/uploads\/2019\/01\/logo-belrobotics.svg","contentUrl":"https:\/\/www.belrobotics.com\/wp-content\/uploads\/2019\/01\/logo-belrobotics.svg","width":100,"height":16,"caption":"Belrobotics"},"image":{"@id":"https:\/\/www.belrobotics.com\/ro\/#\/schema\/logo\/image\/"},"sameAs":["https:\/\/www.facebook.com\/belrobotics","https:\/\/www.youtube.com\/channel\/UCYgWBPRzEdXmUqLRL0JbUIw","https:\/\/www.instagram.com\/belrobotics_europe\/"]}]}},"_links":{"self":[{"href":"https:\/\/www.belrobotics.com\/ro\/wp-json\/wp\/v2\/pages\/41053","targetHints":{"allow":["GET"]}}],"collection":[{"href":"https:\/\/www.belrobotics.com\/ro\/wp-json\/wp\/v2\/pages"}],"about":[{"href":"https:\/\/www.belrobotics.com\/ro\/wp-json\/wp\/v2\/types\/page"}],"author":[{"embeddable":true,"href":"https:\/\/www.belrobotics.com\/ro\/wp-json\/wp\/v2\/users\/9"}],"replies":[{"embeddable":true,"href":"https:\/\/www.belrobotics.com\/ro\/wp-json\/wp\/v2\/comments?post=41053"}],"version-history":[{"count":1,"href":"https:\/\/www.belrobotics.com\/ro\/wp-json\/wp\/v2\/pages\/41053\/revisions"}],"predecessor-version":[{"id":41054,"href":"https:\/\/www.belrobotics.com\/ro\/wp-json\/wp\/v2\/pages\/41053\/revisions\/41054"}],"wp:featuredmedia":[{"embeddable":true,"href":"https:\/\/www.belrobotics.com\/ro\/wp-json\/wp\/v2\/media\/40794"}],"wp:attachment":[{"href":"https:\/\/www.belrobotics.com\/ro\/wp-json\/wp\/v2\/media?parent=41053"}],"curies":[{"name":"wp","href":"https:\/\/api.w.org\/{rel}","templated":true}]}}