{"id":41049,"date":"2025-02-05T14:59:31","date_gmt":"2025-02-05T13:59:31","guid":{"rendered":"https:\/\/belrobotics.andromede.digital\/?page_id=41049"},"modified":"2025-02-05T16:29:59","modified_gmt":"2025-02-05T15:29:59","slug":"calculati-costul-cositului","status":"publish","type":"page","link":"https:\/\/www.belrobotics.com\/ro\/calculati-costul-cositului\/","title":{"rendered":"Calcula\u021bi costul cositului"},"content":{"rendered":"<h2 class=\"h3\">Care este bugetul pentru ma\u0219ina dvs. robotizat\u0103 de tuns iarba? Face\u021bi calculele<\/h2>\n<p>Fie c\u0103 sunte\u021bi un particular sau un administrator de terenuri, v\u0103 \u00eentreba\u021bi cum s\u0103 determina\u021bi pre\u021bul de cost al (viitoarei) cositoare automate. Pre\u021b de achizi\u021bie, \u00eentre\u021binere, asigurare, consum &#8230; Relaxa\u021bi-v\u0103, noi calcul\u0103m pentru dumneavoastr\u0103.<\/p>\n<p><a id=\"calculator\" class=\"btn\" href=\"#calculator\">Calculeaz\u0103-\u021bi costurile<\/a><\/p>\n","protected":false},"excerpt":{"rendered":"<p>Care este bugetul pentru ma\u0219ina dvs. robotizat\u0103 de tuns iarba? Face\u021bi calculele Fie c\u0103 sunte\u021bi un particular sau un administrator de terenuri, v\u0103 \u00eentreba\u021bi cum s\u0103 determina\u021bi pre\u021bul de cost al (viitoarei) cositoare automate. Pre\u021b de achizi\u021bie, \u00eentre\u021binere, asigurare, consum &#8230; Relaxa\u021bi-v\u0103, noi calcul\u0103m pentru dumneavoastr\u0103. Calculeaz\u0103-\u021bi costurile<\/p>\n","protected":false},"author":9,"featured_media":41050,"parent":0,"menu_order":0,"comment_status":"closed","ping_status":"closed","template":"robot-cost-calculator.php","meta":{"_acf_changed":false,"footnotes":""},"class_list":["post-41049","page","type-page","status-publish","has-post-thumbnail","hentry"],"acf":[],"yoast_head":"<!-- This site is optimized with the Yoast SEO plugin v26.9 - https:\/\/yoast.com\/product\/yoast-seo-wordpress\/ -->\n<title>Calcula\u021bi costul cositului - Belrobotics<\/title>\n<meta name=\"robots\" content=\"index, follow, max-snippet:-1, max-image-preview:large, max-video-preview:-1\" \/>\n<link rel=\"canonical\" href=\"https:\/\/www.belrobotics.com\/ro\/calculati-costul-cositului\/\" \/>\n<meta property=\"og:locale\" content=\"ro_RO\" \/>\n<meta property=\"og:type\" content=\"article\" \/>\n<meta property=\"og:title\" content=\"Calcula\u021bi costul cositului - Belrobotics\" \/>\n<meta property=\"og:description\" content=\"Care este bugetul pentru ma\u0219ina dvs. robotizat\u0103 de tuns iarba? Face\u021bi calculele Fie c\u0103 sunte\u021bi un particular sau un administrator de terenuri, v\u0103 \u00eentreba\u021bi cum s\u0103 determina\u021bi pre\u021bul de cost al (viitoarei) cositoare automate. Pre\u021b de achizi\u021bie, \u00eentre\u021binere, asigurare, consum &#8230; Relaxa\u021bi-v\u0103, noi calcul\u0103m pentru dumneavoastr\u0103. Calculeaz\u0103-\u021bi costurile\" \/>\n<meta property=\"og:url\" content=\"https:\/\/www.belrobotics.com\/ro\/calculati-costul-cositului\/\" \/>\n<meta property=\"og:site_name\" content=\"Belrobotics\" \/>\n<meta property=\"article:publisher\" content=\"https:\/\/www.facebook.com\/belrobotics\" \/>\n<meta property=\"article:modified_time\" content=\"2025-02-05T15:29:59+00:00\" \/>\n<meta property=\"og:image\" content=\"https:\/\/www.belrobotics.com\/wp-content\/uploads\/2022\/01\/belrobotics_3451_sm.jpg\" \/>\n\t<meta property=\"og:image:width\" content=\"1920\" \/>\n\t<meta property=\"og:image:height\" content=\"1281\" \/>\n\t<meta property=\"og:image:type\" content=\"image\/jpeg\" \/>\n<meta name=\"twitter:card\" content=\"summary_large_image\" \/>\n<meta name=\"twitter:label1\" content=\"Est. reading time\" \/>\n\t<meta name=\"twitter:data1\" content=\"1 minute\" \/>\n<script type=\"application\/ld+json\" class=\"yoast-schema-graph\">{\"@context\":\"https:\/\/schema.org\",\"@graph\":[{\"@type\":\"WebPage\",\"@id\":\"https:\/\/www.belrobotics.com\/ro\/calculati-costul-cositului\/\",\"url\":\"https:\/\/www.belrobotics.com\/ro\/calculati-costul-cositului\/\",\"name\":\"Calcula\u021bi costul cositului - Belrobotics\",\"isPartOf\":{\"@id\":\"https:\/\/www.belrobotics.com\/ro\/#website\"},\"primaryImageOfPage\":{\"@id\":\"https:\/\/www.belrobotics.com\/ro\/calculati-costul-cositului\/#primaryimage\"},\"image\":{\"@id\":\"https:\/\/www.belrobotics.com\/ro\/calculati-costul-cositului\/#primaryimage\"},\"thumbnailUrl\":\"https:\/\/www.belrobotics.com\/wp-content\/uploads\/2022\/01\/belrobotics_3451_sm.jpg\",\"datePublished\":\"2025-02-05T13:59:31+00:00\",\"dateModified\":\"2025-02-05T15:29:59+00:00\",\"breadcrumb\":{\"@id\":\"https:\/\/www.belrobotics.com\/ro\/calculati-costul-cositului\/#breadcrumb\"},\"inLanguage\":\"ro-RO\",\"potentialAction\":[{\"@type\":\"ReadAction\",\"target\":[\"https:\/\/www.belrobotics.com\/ro\/calculati-costul-cositului\/\"]}]},{\"@type\":\"ImageObject\",\"inLanguage\":\"ro-RO\",\"@id\":\"https:\/\/www.belrobotics.com\/ro\/calculati-costul-cositului\/#primaryimage\",\"url\":\"https:\/\/www.belrobotics.com\/wp-content\/uploads\/2022\/01\/belrobotics_3451_sm.jpg\",\"contentUrl\":\"https:\/\/www.belrobotics.com\/wp-content\/uploads\/2022\/01\/belrobotics_3451_sm.jpg\",\"width\":1920,\"height\":1281},{\"@type\":\"BreadcrumbList\",\"@id\":\"https:\/\/www.belrobotics.com\/ro\/calculati-costul-cositului\/#breadcrumb\",\"itemListElement\":[{\"@type\":\"ListItem\",\"position\":1,\"name\":\"Home\",\"item\":\"https:\/\/www.belrobotics.com\/ro\/\"},{\"@type\":\"ListItem\",\"position\":2,\"name\":\"Calcula\u021bi costul cositului\"}]},{\"@type\":\"WebSite\",\"@id\":\"https:\/\/www.belrobotics.com\/ro\/#website\",\"url\":\"https:\/\/www.belrobotics.com\/ro\/\",\"name\":\"Belrobotics\",\"description\":\"The grass masters\",\"publisher\":{\"@id\":\"https:\/\/www.belrobotics.com\/ro\/#organization\"},\"potentialAction\":[{\"@type\":\"SearchAction\",\"target\":{\"@type\":\"EntryPoint\",\"urlTemplate\":\"https:\/\/www.belrobotics.com\/ro\/?s={search_term_string}\"},\"query-input\":{\"@type\":\"PropertyValueSpecification\",\"valueRequired\":true,\"valueName\":\"search_term_string\"}}],\"inLanguage\":\"ro-RO\"},{\"@type\":\"Organization\",\"@id\":\"https:\/\/www.belrobotics.com\/ro\/#organization\",\"name\":\"Belrobotics\",\"url\":\"https:\/\/www.belrobotics.com\/ro\/\",\"logo\":{\"@type\":\"ImageObject\",\"inLanguage\":\"ro-RO\",\"@id\":\"https:\/\/www.belrobotics.com\/ro\/#\/schema\/logo\/image\/\",\"url\":\"https:\/\/www.belrobotics.com\/wp-content\/uploads\/2019\/01\/logo-belrobotics.svg\",\"contentUrl\":\"https:\/\/www.belrobotics.com\/wp-content\/uploads\/2019\/01\/logo-belrobotics.svg\",\"width\":100,\"height\":16,\"caption\":\"Belrobotics\"},\"image\":{\"@id\":\"https:\/\/www.belrobotics.com\/ro\/#\/schema\/logo\/image\/\"},\"sameAs\":[\"https:\/\/www.facebook.com\/belrobotics\",\"https:\/\/www.youtube.com\/channel\/UCYgWBPRzEdXmUqLRL0JbUIw\",\"https:\/\/www.instagram.com\/belrobotics_europe\/\"]}]}<\/script>\n<!-- \/ Yoast SEO plugin. -->","yoast_head_json":{"title":"Calcula\u021bi costul cositului - Belrobotics","robots":{"index":"index","follow":"follow","max-snippet":"max-snippet:-1","max-image-preview":"max-image-preview:large","max-video-preview":"max-video-preview:-1"},"canonical":"https:\/\/www.belrobotics.com\/ro\/calculati-costul-cositului\/","og_locale":"ro_RO","og_type":"article","og_title":"Calcula\u021bi costul cositului - Belrobotics","og_description":"Care este bugetul pentru ma\u0219ina dvs. robotizat\u0103 de tuns iarba? Face\u021bi calculele Fie c\u0103 sunte\u021bi un particular sau un administrator de terenuri, v\u0103 \u00eentreba\u021bi cum s\u0103 determina\u021bi pre\u021bul de cost al (viitoarei) cositoare automate. Pre\u021b de achizi\u021bie, \u00eentre\u021binere, asigurare, consum &#8230; Relaxa\u021bi-v\u0103, noi calcul\u0103m pentru dumneavoastr\u0103. Calculeaz\u0103-\u021bi costurile","og_url":"https:\/\/www.belrobotics.com\/ro\/calculati-costul-cositului\/","og_site_name":"Belrobotics","article_publisher":"https:\/\/www.facebook.com\/belrobotics","article_modified_time":"2025-02-05T15:29:59+00:00","og_image":[{"width":1920,"height":1281,"url":"https:\/\/www.belrobotics.com\/wp-content\/uploads\/2022\/01\/belrobotics_3451_sm.jpg","type":"image\/jpeg"}],"twitter_card":"summary_large_image","twitter_misc":{"Est. reading time":"1 minute"},"schema":{"@context":"https:\/\/schema.org","@graph":[{"@type":"WebPage","@id":"https:\/\/www.belrobotics.com\/ro\/calculati-costul-cositului\/","url":"https:\/\/www.belrobotics.com\/ro\/calculati-costul-cositului\/","name":"Calcula\u021bi costul cositului - Belrobotics","isPartOf":{"@id":"https:\/\/www.belrobotics.com\/ro\/#website"},"primaryImageOfPage":{"@id":"https:\/\/www.belrobotics.com\/ro\/calculati-costul-cositului\/#primaryimage"},"image":{"@id":"https:\/\/www.belrobotics.com\/ro\/calculati-costul-cositului\/#primaryimage"},"thumbnailUrl":"https:\/\/www.belrobotics.com\/wp-content\/uploads\/2022\/01\/belrobotics_3451_sm.jpg","datePublished":"2025-02-05T13:59:31+00:00","dateModified":"2025-02-05T15:29:59+00:00","breadcrumb":{"@id":"https:\/\/www.belrobotics.com\/ro\/calculati-costul-cositului\/#breadcrumb"},"inLanguage":"ro-RO","potentialAction":[{"@type":"ReadAction","target":["https:\/\/www.belrobotics.com\/ro\/calculati-costul-cositului\/"]}]},{"@type":"ImageObject","inLanguage":"ro-RO","@id":"https:\/\/www.belrobotics.com\/ro\/calculati-costul-cositului\/#primaryimage","url":"https:\/\/www.belrobotics.com\/wp-content\/uploads\/2022\/01\/belrobotics_3451_sm.jpg","contentUrl":"https:\/\/www.belrobotics.com\/wp-content\/uploads\/2022\/01\/belrobotics_3451_sm.jpg","width":1920,"height":1281},{"@type":"BreadcrumbList","@id":"https:\/\/www.belrobotics.com\/ro\/calculati-costul-cositului\/#breadcrumb","itemListElement":[{"@type":"ListItem","position":1,"name":"Home","item":"https:\/\/www.belrobotics.com\/ro\/"},{"@type":"ListItem","position":2,"name":"Calcula\u021bi costul cositului"}]},{"@type":"WebSite","@id":"https:\/\/www.belrobotics.com\/ro\/#website","url":"https:\/\/www.belrobotics.com\/ro\/","name":"Belrobotics","description":"The grass masters","publisher":{"@id":"https:\/\/www.belrobotics.com\/ro\/#organization"},"potentialAction":[{"@type":"SearchAction","target":{"@type":"EntryPoint","urlTemplate":"https:\/\/www.belrobotics.com\/ro\/?s={search_term_string}"},"query-input":{"@type":"PropertyValueSpecification","valueRequired":true,"valueName":"search_term_string"}}],"inLanguage":"ro-RO"},{"@type":"Organization","@id":"https:\/\/www.belrobotics.com\/ro\/#organization","name":"Belrobotics","url":"https:\/\/www.belrobotics.com\/ro\/","logo":{"@type":"ImageObject","inLanguage":"ro-RO","@id":"https:\/\/www.belrobotics.com\/ro\/#\/schema\/logo\/image\/","url":"https:\/\/www.belrobotics.com\/wp-content\/uploads\/2019\/01\/logo-belrobotics.svg","contentUrl":"https:\/\/www.belrobotics.com\/wp-content\/uploads\/2019\/01\/logo-belrobotics.svg","width":100,"height":16,"caption":"Belrobotics"},"image":{"@id":"https:\/\/www.belrobotics.com\/ro\/#\/schema\/logo\/image\/"},"sameAs":["https:\/\/www.facebook.com\/belrobotics","https:\/\/www.youtube.com\/channel\/UCYgWBPRzEdXmUqLRL0JbUIw","https:\/\/www.instagram.com\/belrobotics_europe\/"]}]}},"_links":{"self":[{"href":"https:\/\/www.belrobotics.com\/ro\/wp-json\/wp\/v2\/pages\/41049","targetHints":{"allow":["GET"]}}],"collection":[{"href":"https:\/\/www.belrobotics.com\/ro\/wp-json\/wp\/v2\/pages"}],"about":[{"href":"https:\/\/www.belrobotics.com\/ro\/wp-json\/wp\/v2\/types\/page"}],"author":[{"embeddable":true,"href":"https:\/\/www.belrobotics.com\/ro\/wp-json\/wp\/v2\/users\/9"}],"replies":[{"embeddable":true,"href":"https:\/\/www.belrobotics.com\/ro\/wp-json\/wp\/v2\/comments?post=41049"}],"version-history":[{"count":4,"href":"https:\/\/www.belrobotics.com\/ro\/wp-json\/wp\/v2\/pages\/41049\/revisions"}],"predecessor-version":[{"id":41061,"href":"https:\/\/www.belrobotics.com\/ro\/wp-json\/wp\/v2\/pages\/41049\/revisions\/41061"}],"wp:featuredmedia":[{"embeddable":true,"href":"https:\/\/www.belrobotics.com\/ro\/wp-json\/wp\/v2\/media\/41050"}],"wp:attachment":[{"href":"https:\/\/www.belrobotics.com\/ro\/wp-json\/wp\/v2\/media?parent=41049"}],"curies":[{"name":"wp","href":"https:\/\/api.w.org\/{rel}","templated":true}]}}