{"id":40606,"date":"2019-01-21T15:11:13","date_gmt":"2019-01-21T14:11:13","guid":{"rendered":"https:\/\/belrobotics.andromede.digital\/individuals\/"},"modified":"2025-02-03T16:52:57","modified_gmt":"2025-02-03T15:52:57","slug":"persoanele-fizice","status":"publish","type":"page","link":"https:\/\/www.belrobotics.com\/ro\/persoanele-fizice\/","title":{"rendered":"Persoanele fizice"},"content":{"rendered":"<h3>Men\u021binerea terenului \u00een modul automat<\/h3>\n<p>Parcmow este capabil s\u0103 \u00eentre\u021bin\u0103 p\u00e2n\u0103 la 12.000 m\u00b2 de gazon. Acesta este motivul pentru care este robotul de tuns iarba cel mai potrivit persoanelor fizice. A\u0219tepta\u021bi-v\u0103 s\u0103 economisi\u021bi timp \u0219i bani cum nu a fost posibil inainte. A sosit momentul s\u0103 delegi \u0219i s\u0103 profiti la maximum de gazonul t\u0103u.<\/p>\n","protected":false},"excerpt":{"rendered":"<p>Men\u021binerea terenului \u00een modul automat Parcmow este capabil s\u0103 \u00eentre\u021bin\u0103 p\u00e2n\u0103 la 12.000 m\u00b2 de gazon. Acesta este motivul pentru care este robotul de tuns iarba cel mai potrivit persoanelor fizice. A\u0219tepta\u021bi-v\u0103 s\u0103 economisi\u021bi timp \u0219i bani cum nu a fost posibil inainte. A sosit momentul s\u0103 delegi \u0219i s\u0103 profiti la maximum de gazonul [&hellip;]<\/p>\n","protected":false},"author":9,"featured_media":40608,"parent":0,"menu_order":0,"comment_status":"closed","ping_status":"closed","template":"utilisation.php","meta":{"_acf_changed":false,"footnotes":""},"class_list":["post-40606","page","type-page","status-publish","has-post-thumbnail","hentry"],"acf":[],"yoast_head":"<!-- This site is optimized with the Yoast SEO plugin v26.9 - https:\/\/yoast.com\/product\/yoast-seo-wordpress\/ -->\n<title>Persoanele fizice - Belrobotics<\/title>\n<meta name=\"robots\" content=\"index, follow, max-snippet:-1, max-image-preview:large, max-video-preview:-1\" \/>\n<link rel=\"canonical\" href=\"https:\/\/www.belrobotics.com\/ro\/persoanele-fizice\/\" \/>\n<meta property=\"og:locale\" content=\"ro_RO\" \/>\n<meta property=\"og:type\" content=\"article\" \/>\n<meta property=\"og:title\" content=\"Persoanele fizice - Belrobotics\" \/>\n<meta property=\"og:description\" content=\"Men\u021binerea terenului \u00een modul automat Parcmow este capabil s\u0103 \u00eentre\u021bin\u0103 p\u00e2n\u0103 la 12.000 m\u00b2 de gazon. Acesta este motivul pentru care este robotul de tuns iarba cel mai potrivit persoanelor fizice. A\u0219tepta\u021bi-v\u0103 s\u0103 economisi\u021bi timp \u0219i bani cum nu a fost posibil inainte. A sosit momentul s\u0103 delegi \u0219i s\u0103 profiti la maximum de gazonul [&hellip;]\" \/>\n<meta property=\"og:url\" content=\"https:\/\/www.belrobotics.com\/ro\/persoanele-fizice\/\" \/>\n<meta property=\"og:site_name\" content=\"Belrobotics\" \/>\n<meta property=\"article:publisher\" content=\"https:\/\/www.facebook.com\/belrobotics\" \/>\n<meta property=\"article:modified_time\" content=\"2025-02-03T15:52:57+00:00\" \/>\n<meta property=\"og:image\" content=\"https:\/\/www.belrobotics.com\/wp-content\/uploads\/2019\/01\/belrobotics_3451-1024x683.jpg\" \/>\n\t<meta property=\"og:image:width\" content=\"1024\" \/>\n\t<meta property=\"og:image:height\" content=\"683\" \/>\n\t<meta property=\"og:image:type\" content=\"image\/jpeg\" \/>\n<meta name=\"twitter:card\" content=\"summary_large_image\" \/>\n<meta name=\"twitter:label1\" content=\"Est. reading time\" \/>\n\t<meta name=\"twitter:data1\" content=\"4 minutes\" \/>\n<script type=\"application\/ld+json\" class=\"yoast-schema-graph\">{\"@context\":\"https:\/\/schema.org\",\"@graph\":[{\"@type\":\"WebPage\",\"@id\":\"https:\/\/www.belrobotics.com\/ro\/persoanele-fizice\/\",\"url\":\"https:\/\/www.belrobotics.com\/ro\/persoanele-fizice\/\",\"name\":\"Persoanele fizice - Belrobotics\",\"isPartOf\":{\"@id\":\"https:\/\/www.belrobotics.com\/ro\/#website\"},\"primaryImageOfPage\":{\"@id\":\"https:\/\/www.belrobotics.com\/ro\/persoanele-fizice\/#primaryimage\"},\"image\":{\"@id\":\"https:\/\/www.belrobotics.com\/ro\/persoanele-fizice\/#primaryimage\"},\"thumbnailUrl\":\"https:\/\/www.belrobotics.com\/wp-content\/uploads\/2019\/01\/belrobotics_3451.jpg\",\"datePublished\":\"2019-01-21T14:11:13+00:00\",\"dateModified\":\"2025-02-03T15:52:57+00:00\",\"breadcrumb\":{\"@id\":\"https:\/\/www.belrobotics.com\/ro\/persoanele-fizice\/#breadcrumb\"},\"inLanguage\":\"ro-RO\",\"potentialAction\":[{\"@type\":\"ReadAction\",\"target\":[\"https:\/\/www.belrobotics.com\/ro\/persoanele-fizice\/\"]}]},{\"@type\":\"ImageObject\",\"inLanguage\":\"ro-RO\",\"@id\":\"https:\/\/www.belrobotics.com\/ro\/persoanele-fizice\/#primaryimage\",\"url\":\"https:\/\/www.belrobotics.com\/wp-content\/uploads\/2019\/01\/belrobotics_3451.jpg\",\"contentUrl\":\"https:\/\/www.belrobotics.com\/wp-content\/uploads\/2019\/01\/belrobotics_3451.jpg\",\"width\":4000,\"height\":2668},{\"@type\":\"BreadcrumbList\",\"@id\":\"https:\/\/www.belrobotics.com\/ro\/persoanele-fizice\/#breadcrumb\",\"itemListElement\":[{\"@type\":\"ListItem\",\"position\":1,\"name\":\"Home\",\"item\":\"https:\/\/www.belrobotics.com\/ro\/\"},{\"@type\":\"ListItem\",\"position\":2,\"name\":\"Persoanele fizice\"}]},{\"@type\":\"WebSite\",\"@id\":\"https:\/\/www.belrobotics.com\/ro\/#website\",\"url\":\"https:\/\/www.belrobotics.com\/ro\/\",\"name\":\"Belrobotics\",\"description\":\"The grass masters\",\"publisher\":{\"@id\":\"https:\/\/www.belrobotics.com\/ro\/#organization\"},\"potentialAction\":[{\"@type\":\"SearchAction\",\"target\":{\"@type\":\"EntryPoint\",\"urlTemplate\":\"https:\/\/www.belrobotics.com\/ro\/?s={search_term_string}\"},\"query-input\":{\"@type\":\"PropertyValueSpecification\",\"valueRequired\":true,\"valueName\":\"search_term_string\"}}],\"inLanguage\":\"ro-RO\"},{\"@type\":\"Organization\",\"@id\":\"https:\/\/www.belrobotics.com\/ro\/#organization\",\"name\":\"Belrobotics\",\"url\":\"https:\/\/www.belrobotics.com\/ro\/\",\"logo\":{\"@type\":\"ImageObject\",\"inLanguage\":\"ro-RO\",\"@id\":\"https:\/\/www.belrobotics.com\/ro\/#\/schema\/logo\/image\/\",\"url\":\"https:\/\/www.belrobotics.com\/wp-content\/uploads\/2019\/01\/logo-belrobotics.svg\",\"contentUrl\":\"https:\/\/www.belrobotics.com\/wp-content\/uploads\/2019\/01\/logo-belrobotics.svg\",\"width\":100,\"height\":16,\"caption\":\"Belrobotics\"},\"image\":{\"@id\":\"https:\/\/www.belrobotics.com\/ro\/#\/schema\/logo\/image\/\"},\"sameAs\":[\"https:\/\/www.facebook.com\/belrobotics\",\"https:\/\/www.youtube.com\/channel\/UCYgWBPRzEdXmUqLRL0JbUIw\",\"https:\/\/www.instagram.com\/belrobotics_europe\/\"]}]}<\/script>\n<!-- \/ Yoast SEO plugin. -->","yoast_head_json":{"title":"Persoanele fizice - Belrobotics","robots":{"index":"index","follow":"follow","max-snippet":"max-snippet:-1","max-image-preview":"max-image-preview:large","max-video-preview":"max-video-preview:-1"},"canonical":"https:\/\/www.belrobotics.com\/ro\/persoanele-fizice\/","og_locale":"ro_RO","og_type":"article","og_title":"Persoanele fizice - Belrobotics","og_description":"Men\u021binerea terenului \u00een modul automat Parcmow este capabil s\u0103 \u00eentre\u021bin\u0103 p\u00e2n\u0103 la 12.000 m\u00b2 de gazon. Acesta este motivul pentru care este robotul de tuns iarba cel mai potrivit persoanelor fizice. A\u0219tepta\u021bi-v\u0103 s\u0103 economisi\u021bi timp \u0219i bani cum nu a fost posibil inainte. A sosit momentul s\u0103 delegi \u0219i s\u0103 profiti la maximum de gazonul [&hellip;]","og_url":"https:\/\/www.belrobotics.com\/ro\/persoanele-fizice\/","og_site_name":"Belrobotics","article_publisher":"https:\/\/www.facebook.com\/belrobotics","article_modified_time":"2025-02-03T15:52:57+00:00","og_image":[{"width":1024,"height":683,"url":"https:\/\/www.belrobotics.com\/wp-content\/uploads\/2019\/01\/belrobotics_3451-1024x683.jpg","type":"image\/jpeg"}],"twitter_card":"summary_large_image","twitter_misc":{"Est. reading time":"4 minutes"},"schema":{"@context":"https:\/\/schema.org","@graph":[{"@type":"WebPage","@id":"https:\/\/www.belrobotics.com\/ro\/persoanele-fizice\/","url":"https:\/\/www.belrobotics.com\/ro\/persoanele-fizice\/","name":"Persoanele fizice - Belrobotics","isPartOf":{"@id":"https:\/\/www.belrobotics.com\/ro\/#website"},"primaryImageOfPage":{"@id":"https:\/\/www.belrobotics.com\/ro\/persoanele-fizice\/#primaryimage"},"image":{"@id":"https:\/\/www.belrobotics.com\/ro\/persoanele-fizice\/#primaryimage"},"thumbnailUrl":"https:\/\/www.belrobotics.com\/wp-content\/uploads\/2019\/01\/belrobotics_3451.jpg","datePublished":"2019-01-21T14:11:13+00:00","dateModified":"2025-02-03T15:52:57+00:00","breadcrumb":{"@id":"https:\/\/www.belrobotics.com\/ro\/persoanele-fizice\/#breadcrumb"},"inLanguage":"ro-RO","potentialAction":[{"@type":"ReadAction","target":["https:\/\/www.belrobotics.com\/ro\/persoanele-fizice\/"]}]},{"@type":"ImageObject","inLanguage":"ro-RO","@id":"https:\/\/www.belrobotics.com\/ro\/persoanele-fizice\/#primaryimage","url":"https:\/\/www.belrobotics.com\/wp-content\/uploads\/2019\/01\/belrobotics_3451.jpg","contentUrl":"https:\/\/www.belrobotics.com\/wp-content\/uploads\/2019\/01\/belrobotics_3451.jpg","width":4000,"height":2668},{"@type":"BreadcrumbList","@id":"https:\/\/www.belrobotics.com\/ro\/persoanele-fizice\/#breadcrumb","itemListElement":[{"@type":"ListItem","position":1,"name":"Home","item":"https:\/\/www.belrobotics.com\/ro\/"},{"@type":"ListItem","position":2,"name":"Persoanele fizice"}]},{"@type":"WebSite","@id":"https:\/\/www.belrobotics.com\/ro\/#website","url":"https:\/\/www.belrobotics.com\/ro\/","name":"Belrobotics","description":"The grass masters","publisher":{"@id":"https:\/\/www.belrobotics.com\/ro\/#organization"},"potentialAction":[{"@type":"SearchAction","target":{"@type":"EntryPoint","urlTemplate":"https:\/\/www.belrobotics.com\/ro\/?s={search_term_string}"},"query-input":{"@type":"PropertyValueSpecification","valueRequired":true,"valueName":"search_term_string"}}],"inLanguage":"ro-RO"},{"@type":"Organization","@id":"https:\/\/www.belrobotics.com\/ro\/#organization","name":"Belrobotics","url":"https:\/\/www.belrobotics.com\/ro\/","logo":{"@type":"ImageObject","inLanguage":"ro-RO","@id":"https:\/\/www.belrobotics.com\/ro\/#\/schema\/logo\/image\/","url":"https:\/\/www.belrobotics.com\/wp-content\/uploads\/2019\/01\/logo-belrobotics.svg","contentUrl":"https:\/\/www.belrobotics.com\/wp-content\/uploads\/2019\/01\/logo-belrobotics.svg","width":100,"height":16,"caption":"Belrobotics"},"image":{"@id":"https:\/\/www.belrobotics.com\/ro\/#\/schema\/logo\/image\/"},"sameAs":["https:\/\/www.facebook.com\/belrobotics","https:\/\/www.youtube.com\/channel\/UCYgWBPRzEdXmUqLRL0JbUIw","https:\/\/www.instagram.com\/belrobotics_europe\/"]}]}},"_links":{"self":[{"href":"https:\/\/www.belrobotics.com\/ro\/wp-json\/wp\/v2\/pages\/40606","targetHints":{"allow":["GET"]}}],"collection":[{"href":"https:\/\/www.belrobotics.com\/ro\/wp-json\/wp\/v2\/pages"}],"about":[{"href":"https:\/\/www.belrobotics.com\/ro\/wp-json\/wp\/v2\/types\/page"}],"author":[{"embeddable":true,"href":"https:\/\/www.belrobotics.com\/ro\/wp-json\/wp\/v2\/users\/9"}],"replies":[{"embeddable":true,"href":"https:\/\/www.belrobotics.com\/ro\/wp-json\/wp\/v2\/comments?post=40606"}],"version-history":[{"count":2,"href":"https:\/\/www.belrobotics.com\/ro\/wp-json\/wp\/v2\/pages\/40606\/revisions"}],"predecessor-version":[{"id":40807,"href":"https:\/\/www.belrobotics.com\/ro\/wp-json\/wp\/v2\/pages\/40606\/revisions\/40807"}],"wp:featuredmedia":[{"embeddable":true,"href":"https:\/\/www.belrobotics.com\/ro\/wp-json\/wp\/v2\/media\/40608"}],"wp:attachment":[{"href":"https:\/\/www.belrobotics.com\/ro\/wp-json\/wp\/v2\/media?parent=40606"}],"curies":[{"name":"wp","href":"https:\/\/api.w.org\/{rel}","templated":true}]}}