{"id":40598,"date":"2019-01-21T15:12:12","date_gmt":"2019-01-21T14:12:12","guid":{"rendered":"https:\/\/belrobotics.andromede.digital\/robots-golf\/"},"modified":"2025-02-04T16:44:57","modified_gmt":"2025-02-04T15:44:57","slug":"cluburi-de-golf","status":"publish","type":"page","link":"https:\/\/www.belrobotics.com\/ro\/cluburi-de-golf\/","title":{"rendered":"Cluburi de golf"},"content":{"rendered":"<h2 class=\"h3\">Automatiza\u021bi \u00eentre\u021binerea gazonului dvs. cu tunderea \u0219i colectarea mingilor pe poligon<\/h2>\n<p>\u00cen timp ce ma\u0219ina de tuns golf Bigmow \u00eentre\u021bine gazonul, cu o aten\u021bie deosebit\u0103 acordat\u0103 tunderii tunsoarelor aspre \u0219i semi- aspre pe fairway, Ballpicker-ul este ocupat cu poligonul dumneavoastr\u0103 de a str\u00e2nge bile. Acest duo lucreaz\u0103 \u00een armonie, oferind greenkeeperilor o solu\u021bie complet\u0103 \u0219i eficient\u0103 de automatizare. Zi sau noapte, delega\u021bi gestionarea unei suprafe\u021be de p\u00e2n\u0103 la 75.000 m\u00b2 pentru Bigmow \u0219i 45.000 m\u00b2 pentru Ballpicker, garant\u00e2nd \u00een acela\u0219i timp colectarea a p\u00e2n\u0103 la 15.000 de bile la fiecare 24 de ore.<\/p>\n","protected":false},"excerpt":{"rendered":"<p>Automatiza\u021bi \u00eentre\u021binerea gazonului dvs. cu tunderea \u0219i colectarea mingilor pe poligon \u00cen timp ce ma\u0219ina de tuns golf Bigmow \u00eentre\u021bine gazonul, cu o aten\u021bie deosebit\u0103 acordat\u0103 tunderii tunsoarelor aspre \u0219i semi- aspre pe fairway, Ballpicker-ul este ocupat cu poligonul dumneavoastr\u0103 de a str\u00e2nge bile. Acest duo lucreaz\u0103 \u00een armonie, oferind greenkeeperilor o solu\u021bie complet\u0103 \u0219i [&hellip;]<\/p>\n","protected":false},"author":9,"featured_media":40600,"parent":0,"menu_order":0,"comment_status":"closed","ping_status":"closed","template":"utilisation.php","meta":{"_acf_changed":false,"footnotes":""},"class_list":["post-40598","page","type-page","status-publish","has-post-thumbnail","hentry"],"acf":[],"yoast_head":"<!-- This site is optimized with the Yoast SEO plugin v26.9 - https:\/\/yoast.com\/product\/yoast-seo-wordpress\/ -->\n<title>Golf robot - Belrobotics<\/title>\n<meta name=\"description\" content=\"Automate ball collection on the driving range with the Ballpicker, capable of working on an area up to 30.000 m\u00b2 with collections of up to 12.000 balls \/ 24h\" \/>\n<meta name=\"robots\" content=\"index, follow, max-snippet:-1, max-image-preview:large, max-video-preview:-1\" \/>\n<link rel=\"canonical\" href=\"https:\/\/www.belrobotics.com\/ro\/cluburi-de-golf\/\" \/>\n<meta property=\"og:locale\" content=\"ro_RO\" \/>\n<meta property=\"og:type\" content=\"article\" \/>\n<meta property=\"og:title\" content=\"Golf robot - Belrobotics\" \/>\n<meta property=\"og:description\" content=\"Automate ball collection on the driving range with the Ballpicker, capable of working on an area up to 30.000 m\u00b2 with collections of up to 12.000 balls \/ 24h\" \/>\n<meta property=\"og:url\" content=\"https:\/\/www.belrobotics.com\/ro\/cluburi-de-golf\/\" \/>\n<meta property=\"og:site_name\" content=\"Belrobotics\" \/>\n<meta property=\"article:publisher\" content=\"https:\/\/www.facebook.com\/belrobotics\" \/>\n<meta property=\"article:modified_time\" content=\"2025-02-04T15:44:57+00:00\" \/>\n<meta property=\"og:image\" content=\"https:\/\/www.belrobotics.com\/wp-content\/uploads\/2024\/03\/Mowers-scaled.webp\" \/>\n\t<meta property=\"og:image:width\" content=\"2560\" \/>\n\t<meta property=\"og:image:height\" content=\"1707\" \/>\n\t<meta property=\"og:image:type\" content=\"image\/webp\" \/>\n<meta name=\"twitter:card\" content=\"summary_large_image\" \/>\n<meta name=\"twitter:label1\" content=\"Est. reading time\" \/>\n\t<meta name=\"twitter:data1\" content=\"6 minutes\" \/>\n<script type=\"application\/ld+json\" class=\"yoast-schema-graph\">{\"@context\":\"https:\/\/schema.org\",\"@graph\":[{\"@type\":\"WebPage\",\"@id\":\"https:\/\/www.belrobotics.com\/ro\/cluburi-de-golf\/\",\"url\":\"https:\/\/www.belrobotics.com\/ro\/cluburi-de-golf\/\",\"name\":\"Golf robot - Belrobotics\",\"isPartOf\":{\"@id\":\"https:\/\/www.belrobotics.com\/ro\/#website\"},\"primaryImageOfPage\":{\"@id\":\"https:\/\/www.belrobotics.com\/ro\/cluburi-de-golf\/#primaryimage\"},\"image\":{\"@id\":\"https:\/\/www.belrobotics.com\/ro\/cluburi-de-golf\/#primaryimage\"},\"thumbnailUrl\":\"https:\/\/www.belrobotics.com\/wp-content\/uploads\/2024\/03\/Mowers-scaled.webp\",\"datePublished\":\"2019-01-21T14:12:12+00:00\",\"dateModified\":\"2025-02-04T15:44:57+00:00\",\"description\":\"Automate ball collection on the driving range with the Ballpicker, capable of working on an area up to 30.000 m\u00b2 with collections of up to 12.000 balls \/ 24h\",\"breadcrumb\":{\"@id\":\"https:\/\/www.belrobotics.com\/ro\/cluburi-de-golf\/#breadcrumb\"},\"inLanguage\":\"ro-RO\",\"potentialAction\":[{\"@type\":\"ReadAction\",\"target\":[\"https:\/\/www.belrobotics.com\/ro\/cluburi-de-golf\/\"]}]},{\"@type\":\"ImageObject\",\"inLanguage\":\"ro-RO\",\"@id\":\"https:\/\/www.belrobotics.com\/ro\/cluburi-de-golf\/#primaryimage\",\"url\":\"https:\/\/www.belrobotics.com\/wp-content\/uploads\/2024\/03\/Mowers-scaled.webp\",\"contentUrl\":\"https:\/\/www.belrobotics.com\/wp-content\/uploads\/2024\/03\/Mowers-scaled.webp\",\"width\":2560,\"height\":1707},{\"@type\":\"BreadcrumbList\",\"@id\":\"https:\/\/www.belrobotics.com\/ro\/cluburi-de-golf\/#breadcrumb\",\"itemListElement\":[{\"@type\":\"ListItem\",\"position\":1,\"name\":\"Home\",\"item\":\"https:\/\/www.belrobotics.com\/ro\/\"},{\"@type\":\"ListItem\",\"position\":2,\"name\":\"Cluburi de golf\"}]},{\"@type\":\"WebSite\",\"@id\":\"https:\/\/www.belrobotics.com\/ro\/#website\",\"url\":\"https:\/\/www.belrobotics.com\/ro\/\",\"name\":\"Belrobotics\",\"description\":\"The grass masters\",\"publisher\":{\"@id\":\"https:\/\/www.belrobotics.com\/ro\/#organization\"},\"potentialAction\":[{\"@type\":\"SearchAction\",\"target\":{\"@type\":\"EntryPoint\",\"urlTemplate\":\"https:\/\/www.belrobotics.com\/ro\/?s={search_term_string}\"},\"query-input\":{\"@type\":\"PropertyValueSpecification\",\"valueRequired\":true,\"valueName\":\"search_term_string\"}}],\"inLanguage\":\"ro-RO\"},{\"@type\":\"Organization\",\"@id\":\"https:\/\/www.belrobotics.com\/ro\/#organization\",\"name\":\"Belrobotics\",\"url\":\"https:\/\/www.belrobotics.com\/ro\/\",\"logo\":{\"@type\":\"ImageObject\",\"inLanguage\":\"ro-RO\",\"@id\":\"https:\/\/www.belrobotics.com\/ro\/#\/schema\/logo\/image\/\",\"url\":\"https:\/\/www.belrobotics.com\/wp-content\/uploads\/2019\/01\/logo-belrobotics.svg\",\"contentUrl\":\"https:\/\/www.belrobotics.com\/wp-content\/uploads\/2019\/01\/logo-belrobotics.svg\",\"width\":100,\"height\":16,\"caption\":\"Belrobotics\"},\"image\":{\"@id\":\"https:\/\/www.belrobotics.com\/ro\/#\/schema\/logo\/image\/\"},\"sameAs\":[\"https:\/\/www.facebook.com\/belrobotics\",\"https:\/\/www.youtube.com\/channel\/UCYgWBPRzEdXmUqLRL0JbUIw\",\"https:\/\/www.instagram.com\/belrobotics_europe\/\"]}]}<\/script>\n<!-- \/ Yoast SEO plugin. -->","yoast_head_json":{"title":"Golf robot - Belrobotics","description":"Automate ball collection on the driving range with the Ballpicker, capable of working on an area up to 30.000 m\u00b2 with collections of up to 12.000 balls \/ 24h","robots":{"index":"index","follow":"follow","max-snippet":"max-snippet:-1","max-image-preview":"max-image-preview:large","max-video-preview":"max-video-preview:-1"},"canonical":"https:\/\/www.belrobotics.com\/ro\/cluburi-de-golf\/","og_locale":"ro_RO","og_type":"article","og_title":"Golf robot - Belrobotics","og_description":"Automate ball collection on the driving range with the Ballpicker, capable of working on an area up to 30.000 m\u00b2 with collections of up to 12.000 balls \/ 24h","og_url":"https:\/\/www.belrobotics.com\/ro\/cluburi-de-golf\/","og_site_name":"Belrobotics","article_publisher":"https:\/\/www.facebook.com\/belrobotics","article_modified_time":"2025-02-04T15:44:57+00:00","og_image":[{"width":2560,"height":1707,"url":"https:\/\/www.belrobotics.com\/wp-content\/uploads\/2024\/03\/Mowers-scaled.webp","type":"image\/webp"}],"twitter_card":"summary_large_image","twitter_misc":{"Est. reading time":"6 minutes"},"schema":{"@context":"https:\/\/schema.org","@graph":[{"@type":"WebPage","@id":"https:\/\/www.belrobotics.com\/ro\/cluburi-de-golf\/","url":"https:\/\/www.belrobotics.com\/ro\/cluburi-de-golf\/","name":"Golf robot - Belrobotics","isPartOf":{"@id":"https:\/\/www.belrobotics.com\/ro\/#website"},"primaryImageOfPage":{"@id":"https:\/\/www.belrobotics.com\/ro\/cluburi-de-golf\/#primaryimage"},"image":{"@id":"https:\/\/www.belrobotics.com\/ro\/cluburi-de-golf\/#primaryimage"},"thumbnailUrl":"https:\/\/www.belrobotics.com\/wp-content\/uploads\/2024\/03\/Mowers-scaled.webp","datePublished":"2019-01-21T14:12:12+00:00","dateModified":"2025-02-04T15:44:57+00:00","description":"Automate ball collection on the driving range with the Ballpicker, capable of working on an area up to 30.000 m\u00b2 with collections of up to 12.000 balls \/ 24h","breadcrumb":{"@id":"https:\/\/www.belrobotics.com\/ro\/cluburi-de-golf\/#breadcrumb"},"inLanguage":"ro-RO","potentialAction":[{"@type":"ReadAction","target":["https:\/\/www.belrobotics.com\/ro\/cluburi-de-golf\/"]}]},{"@type":"ImageObject","inLanguage":"ro-RO","@id":"https:\/\/www.belrobotics.com\/ro\/cluburi-de-golf\/#primaryimage","url":"https:\/\/www.belrobotics.com\/wp-content\/uploads\/2024\/03\/Mowers-scaled.webp","contentUrl":"https:\/\/www.belrobotics.com\/wp-content\/uploads\/2024\/03\/Mowers-scaled.webp","width":2560,"height":1707},{"@type":"BreadcrumbList","@id":"https:\/\/www.belrobotics.com\/ro\/cluburi-de-golf\/#breadcrumb","itemListElement":[{"@type":"ListItem","position":1,"name":"Home","item":"https:\/\/www.belrobotics.com\/ro\/"},{"@type":"ListItem","position":2,"name":"Cluburi de golf"}]},{"@type":"WebSite","@id":"https:\/\/www.belrobotics.com\/ro\/#website","url":"https:\/\/www.belrobotics.com\/ro\/","name":"Belrobotics","description":"The grass masters","publisher":{"@id":"https:\/\/www.belrobotics.com\/ro\/#organization"},"potentialAction":[{"@type":"SearchAction","target":{"@type":"EntryPoint","urlTemplate":"https:\/\/www.belrobotics.com\/ro\/?s={search_term_string}"},"query-input":{"@type":"PropertyValueSpecification","valueRequired":true,"valueName":"search_term_string"}}],"inLanguage":"ro-RO"},{"@type":"Organization","@id":"https:\/\/www.belrobotics.com\/ro\/#organization","name":"Belrobotics","url":"https:\/\/www.belrobotics.com\/ro\/","logo":{"@type":"ImageObject","inLanguage":"ro-RO","@id":"https:\/\/www.belrobotics.com\/ro\/#\/schema\/logo\/image\/","url":"https:\/\/www.belrobotics.com\/wp-content\/uploads\/2019\/01\/logo-belrobotics.svg","contentUrl":"https:\/\/www.belrobotics.com\/wp-content\/uploads\/2019\/01\/logo-belrobotics.svg","width":100,"height":16,"caption":"Belrobotics"},"image":{"@id":"https:\/\/www.belrobotics.com\/ro\/#\/schema\/logo\/image\/"},"sameAs":["https:\/\/www.facebook.com\/belrobotics","https:\/\/www.youtube.com\/channel\/UCYgWBPRzEdXmUqLRL0JbUIw","https:\/\/www.instagram.com\/belrobotics_europe\/"]}]}},"_links":{"self":[{"href":"https:\/\/www.belrobotics.com\/ro\/wp-json\/wp\/v2\/pages\/40598","targetHints":{"allow":["GET"]}}],"collection":[{"href":"https:\/\/www.belrobotics.com\/ro\/wp-json\/wp\/v2\/pages"}],"about":[{"href":"https:\/\/www.belrobotics.com\/ro\/wp-json\/wp\/v2\/types\/page"}],"author":[{"embeddable":true,"href":"https:\/\/www.belrobotics.com\/ro\/wp-json\/wp\/v2\/users\/9"}],"replies":[{"embeddable":true,"href":"https:\/\/www.belrobotics.com\/ro\/wp-json\/wp\/v2\/comments?post=40598"}],"version-history":[{"count":2,"href":"https:\/\/www.belrobotics.com\/ro\/wp-json\/wp\/v2\/pages\/40598\/revisions"}],"predecessor-version":[{"id":41035,"href":"https:\/\/www.belrobotics.com\/ro\/wp-json\/wp\/v2\/pages\/40598\/revisions\/41035"}],"wp:featuredmedia":[{"embeddable":true,"href":"https:\/\/www.belrobotics.com\/ro\/wp-json\/wp\/v2\/media\/40600"}],"wp:attachment":[{"href":"https:\/\/www.belrobotics.com\/ro\/wp-json\/wp\/v2\/media?parent=40598"}],"curies":[{"name":"wp","href":"https:\/\/api.w.org\/{rel}","templated":true}]}}