{"id":40587,"date":"2019-04-12T13:40:52","date_gmt":"2019-04-12T12:40:52","guid":{"rendered":"https:\/\/belrobotics.andromede.digital\/large-lawn-mower-for-parks-and-gardens\/"},"modified":"2025-02-04T16:51:03","modified_gmt":"2025-02-04T15:51:03","slug":"parcuri-si-gradini","status":"publish","type":"page","link":"https:\/\/www.belrobotics.com\/ro\/parcuri-si-gradini\/","title":{"rendered":"Parcuri \u0219i gr\u0103dini"},"content":{"rendered":"<h2 class=\"h3\">\u00cencredin\u021beaz\u0103-i terenul t\u0103u mare<\/h2>\n<p>Parcmow este capabil s\u0103 \u00eentre\u021bin\u0103 p\u00e2n\u0103 la 12.000 m\u00b2 de gazon. Acesta este ceea ce face ca ma\u0219ina automat\u0103 de tuns iarba s\u0103 fie cea mai potrivit\u0103 pentru organismele publice \u0219i pentru \u00eentreprinderile care trebuie s\u0103 gestioneze spa\u021bii verzi de p\u00e2n\u0103 la 1,20 hectare. Parcmow se ocup\u0103 de \u00eentre\u021binerea terenului dumneavoastr\u0103 \u00een mod complet autonom. A\u0219tepta\u021bi-v\u0103 s\u0103 economisi\u021bi timp \u0219i bani pe care nu le-a\u021bi avut \u00eenainte.<\/p>\n","protected":false},"excerpt":{"rendered":"<p>\u00cencredin\u021beaz\u0103-i terenul t\u0103u mare Parcmow este capabil s\u0103 \u00eentre\u021bin\u0103 p\u00e2n\u0103 la 12.000 m\u00b2 de gazon. Acesta este ceea ce face ca ma\u0219ina automat\u0103 de tuns iarba s\u0103 fie cea mai potrivit\u0103 pentru organismele publice \u0219i pentru \u00eentreprinderile care trebuie s\u0103 gestioneze spa\u021bii verzi de p\u00e2n\u0103 la 1,20 hectare. Parcmow se ocup\u0103 de \u00eentre\u021binerea terenului dumneavoastr\u0103 [&hellip;]<\/p>\n","protected":false},"author":9,"featured_media":40562,"parent":0,"menu_order":0,"comment_status":"closed","ping_status":"closed","template":"utilisation.php","meta":{"_acf_changed":false,"footnotes":""},"class_list":["post-40587","page","type-page","status-publish","has-post-thumbnail","hentry"],"acf":[],"yoast_head":"<!-- This site is optimized with the Yoast SEO plugin v26.9 - https:\/\/yoast.com\/product\/yoast-seo-wordpress\/ -->\n<title>Robotic lawn mower for large garden - Belrobotics<\/title>\n<meta name=\"robots\" content=\"index, follow, max-snippet:-1, max-image-preview:large, max-video-preview:-1\" \/>\n<link rel=\"canonical\" href=\"https:\/\/www.belrobotics.com\/ro\/parcuri-si-gradini\/\" \/>\n<meta property=\"og:locale\" content=\"ro_RO\" \/>\n<meta property=\"og:type\" content=\"article\" \/>\n<meta property=\"og:title\" content=\"Robotic lawn mower for large garden - Belrobotics\" \/>\n<meta property=\"og:description\" content=\"\u00cencredin\u021beaz\u0103-i terenul t\u0103u mare Parcmow este capabil s\u0103 \u00eentre\u021bin\u0103 p\u00e2n\u0103 la 12.000 m\u00b2 de gazon. Acesta este ceea ce face ca ma\u0219ina automat\u0103 de tuns iarba s\u0103 fie cea mai potrivit\u0103 pentru organismele publice \u0219i pentru \u00eentreprinderile care trebuie s\u0103 gestioneze spa\u021bii verzi de p\u00e2n\u0103 la 1,20 hectare. Parcmow se ocup\u0103 de \u00eentre\u021binerea terenului dumneavoastr\u0103 [&hellip;]\" \/>\n<meta property=\"og:url\" content=\"https:\/\/www.belrobotics.com\/ro\/parcuri-si-gradini\/\" \/>\n<meta property=\"og:site_name\" content=\"Belrobotics\" \/>\n<meta property=\"article:publisher\" content=\"https:\/\/www.facebook.com\/belrobotics\" \/>\n<meta property=\"article:modified_time\" content=\"2025-02-04T15:51:03+00:00\" \/>\n<meta property=\"og:image\" content=\"https:\/\/www.belrobotics.com\/wp-content\/uploads\/2019\/01\/belrobotics-HD_30-1024x683.jpg\" \/>\n\t<meta property=\"og:image:width\" content=\"1024\" \/>\n\t<meta property=\"og:image:height\" content=\"683\" \/>\n\t<meta property=\"og:image:type\" content=\"image\/jpeg\" \/>\n<meta name=\"twitter:card\" content=\"summary_large_image\" \/>\n<meta name=\"twitter:label1\" content=\"Est. reading time\" \/>\n\t<meta name=\"twitter:data1\" content=\"4 minutes\" \/>\n<script type=\"application\/ld+json\" class=\"yoast-schema-graph\">{\"@context\":\"https:\/\/schema.org\",\"@graph\":[{\"@type\":\"WebPage\",\"@id\":\"https:\/\/www.belrobotics.com\/ro\/parcuri-si-gradini\/\",\"url\":\"https:\/\/www.belrobotics.com\/ro\/parcuri-si-gradini\/\",\"name\":\"Robotic lawn mower for large garden - Belrobotics\",\"isPartOf\":{\"@id\":\"https:\/\/www.belrobotics.com\/ro\/#website\"},\"primaryImageOfPage\":{\"@id\":\"https:\/\/www.belrobotics.com\/ro\/parcuri-si-gradini\/#primaryimage\"},\"image\":{\"@id\":\"https:\/\/www.belrobotics.com\/ro\/parcuri-si-gradini\/#primaryimage\"},\"thumbnailUrl\":\"https:\/\/www.belrobotics.com\/wp-content\/uploads\/2019\/01\/belrobotics-HD_30.jpg\",\"datePublished\":\"2019-04-12T12:40:52+00:00\",\"dateModified\":\"2025-02-04T15:51:03+00:00\",\"breadcrumb\":{\"@id\":\"https:\/\/www.belrobotics.com\/ro\/parcuri-si-gradini\/#breadcrumb\"},\"inLanguage\":\"ro-RO\",\"potentialAction\":[{\"@type\":\"ReadAction\",\"target\":[\"https:\/\/www.belrobotics.com\/ro\/parcuri-si-gradini\/\"]}]},{\"@type\":\"ImageObject\",\"inLanguage\":\"ro-RO\",\"@id\":\"https:\/\/www.belrobotics.com\/ro\/parcuri-si-gradini\/#primaryimage\",\"url\":\"https:\/\/www.belrobotics.com\/wp-content\/uploads\/2019\/01\/belrobotics-HD_30.jpg\",\"contentUrl\":\"https:\/\/www.belrobotics.com\/wp-content\/uploads\/2019\/01\/belrobotics-HD_30.jpg\",\"width\":4000,\"height\":2668},{\"@type\":\"BreadcrumbList\",\"@id\":\"https:\/\/www.belrobotics.com\/ro\/parcuri-si-gradini\/#breadcrumb\",\"itemListElement\":[{\"@type\":\"ListItem\",\"position\":1,\"name\":\"Home\",\"item\":\"https:\/\/www.belrobotics.com\/ro\/\"},{\"@type\":\"ListItem\",\"position\":2,\"name\":\"Parcuri \u0219i gr\u0103dini\"}]},{\"@type\":\"WebSite\",\"@id\":\"https:\/\/www.belrobotics.com\/ro\/#website\",\"url\":\"https:\/\/www.belrobotics.com\/ro\/\",\"name\":\"Belrobotics\",\"description\":\"The grass masters\",\"publisher\":{\"@id\":\"https:\/\/www.belrobotics.com\/ro\/#organization\"},\"potentialAction\":[{\"@type\":\"SearchAction\",\"target\":{\"@type\":\"EntryPoint\",\"urlTemplate\":\"https:\/\/www.belrobotics.com\/ro\/?s={search_term_string}\"},\"query-input\":{\"@type\":\"PropertyValueSpecification\",\"valueRequired\":true,\"valueName\":\"search_term_string\"}}],\"inLanguage\":\"ro-RO\"},{\"@type\":\"Organization\",\"@id\":\"https:\/\/www.belrobotics.com\/ro\/#organization\",\"name\":\"Belrobotics\",\"url\":\"https:\/\/www.belrobotics.com\/ro\/\",\"logo\":{\"@type\":\"ImageObject\",\"inLanguage\":\"ro-RO\",\"@id\":\"https:\/\/www.belrobotics.com\/ro\/#\/schema\/logo\/image\/\",\"url\":\"https:\/\/www.belrobotics.com\/wp-content\/uploads\/2019\/01\/logo-belrobotics.svg\",\"contentUrl\":\"https:\/\/www.belrobotics.com\/wp-content\/uploads\/2019\/01\/logo-belrobotics.svg\",\"width\":100,\"height\":16,\"caption\":\"Belrobotics\"},\"image\":{\"@id\":\"https:\/\/www.belrobotics.com\/ro\/#\/schema\/logo\/image\/\"},\"sameAs\":[\"https:\/\/www.facebook.com\/belrobotics\",\"https:\/\/www.youtube.com\/channel\/UCYgWBPRzEdXmUqLRL0JbUIw\",\"https:\/\/www.instagram.com\/belrobotics_europe\/\"]}]}<\/script>\n<!-- \/ Yoast SEO plugin. -->","yoast_head_json":{"title":"Robotic lawn mower for large garden - Belrobotics","robots":{"index":"index","follow":"follow","max-snippet":"max-snippet:-1","max-image-preview":"max-image-preview:large","max-video-preview":"max-video-preview:-1"},"canonical":"https:\/\/www.belrobotics.com\/ro\/parcuri-si-gradini\/","og_locale":"ro_RO","og_type":"article","og_title":"Robotic lawn mower for large garden - Belrobotics","og_description":"\u00cencredin\u021beaz\u0103-i terenul t\u0103u mare Parcmow este capabil s\u0103 \u00eentre\u021bin\u0103 p\u00e2n\u0103 la 12.000 m\u00b2 de gazon. Acesta este ceea ce face ca ma\u0219ina automat\u0103 de tuns iarba s\u0103 fie cea mai potrivit\u0103 pentru organismele publice \u0219i pentru \u00eentreprinderile care trebuie s\u0103 gestioneze spa\u021bii verzi de p\u00e2n\u0103 la 1,20 hectare. Parcmow se ocup\u0103 de \u00eentre\u021binerea terenului dumneavoastr\u0103 [&hellip;]","og_url":"https:\/\/www.belrobotics.com\/ro\/parcuri-si-gradini\/","og_site_name":"Belrobotics","article_publisher":"https:\/\/www.facebook.com\/belrobotics","article_modified_time":"2025-02-04T15:51:03+00:00","og_image":[{"width":1024,"height":683,"url":"https:\/\/www.belrobotics.com\/wp-content\/uploads\/2019\/01\/belrobotics-HD_30-1024x683.jpg","type":"image\/jpeg"}],"twitter_card":"summary_large_image","twitter_misc":{"Est. reading time":"4 minutes"},"schema":{"@context":"https:\/\/schema.org","@graph":[{"@type":"WebPage","@id":"https:\/\/www.belrobotics.com\/ro\/parcuri-si-gradini\/","url":"https:\/\/www.belrobotics.com\/ro\/parcuri-si-gradini\/","name":"Robotic lawn mower for large garden - Belrobotics","isPartOf":{"@id":"https:\/\/www.belrobotics.com\/ro\/#website"},"primaryImageOfPage":{"@id":"https:\/\/www.belrobotics.com\/ro\/parcuri-si-gradini\/#primaryimage"},"image":{"@id":"https:\/\/www.belrobotics.com\/ro\/parcuri-si-gradini\/#primaryimage"},"thumbnailUrl":"https:\/\/www.belrobotics.com\/wp-content\/uploads\/2019\/01\/belrobotics-HD_30.jpg","datePublished":"2019-04-12T12:40:52+00:00","dateModified":"2025-02-04T15:51:03+00:00","breadcrumb":{"@id":"https:\/\/www.belrobotics.com\/ro\/parcuri-si-gradini\/#breadcrumb"},"inLanguage":"ro-RO","potentialAction":[{"@type":"ReadAction","target":["https:\/\/www.belrobotics.com\/ro\/parcuri-si-gradini\/"]}]},{"@type":"ImageObject","inLanguage":"ro-RO","@id":"https:\/\/www.belrobotics.com\/ro\/parcuri-si-gradini\/#primaryimage","url":"https:\/\/www.belrobotics.com\/wp-content\/uploads\/2019\/01\/belrobotics-HD_30.jpg","contentUrl":"https:\/\/www.belrobotics.com\/wp-content\/uploads\/2019\/01\/belrobotics-HD_30.jpg","width":4000,"height":2668},{"@type":"BreadcrumbList","@id":"https:\/\/www.belrobotics.com\/ro\/parcuri-si-gradini\/#breadcrumb","itemListElement":[{"@type":"ListItem","position":1,"name":"Home","item":"https:\/\/www.belrobotics.com\/ro\/"},{"@type":"ListItem","position":2,"name":"Parcuri \u0219i gr\u0103dini"}]},{"@type":"WebSite","@id":"https:\/\/www.belrobotics.com\/ro\/#website","url":"https:\/\/www.belrobotics.com\/ro\/","name":"Belrobotics","description":"The grass masters","publisher":{"@id":"https:\/\/www.belrobotics.com\/ro\/#organization"},"potentialAction":[{"@type":"SearchAction","target":{"@type":"EntryPoint","urlTemplate":"https:\/\/www.belrobotics.com\/ro\/?s={search_term_string}"},"query-input":{"@type":"PropertyValueSpecification","valueRequired":true,"valueName":"search_term_string"}}],"inLanguage":"ro-RO"},{"@type":"Organization","@id":"https:\/\/www.belrobotics.com\/ro\/#organization","name":"Belrobotics","url":"https:\/\/www.belrobotics.com\/ro\/","logo":{"@type":"ImageObject","inLanguage":"ro-RO","@id":"https:\/\/www.belrobotics.com\/ro\/#\/schema\/logo\/image\/","url":"https:\/\/www.belrobotics.com\/wp-content\/uploads\/2019\/01\/logo-belrobotics.svg","contentUrl":"https:\/\/www.belrobotics.com\/wp-content\/uploads\/2019\/01\/logo-belrobotics.svg","width":100,"height":16,"caption":"Belrobotics"},"image":{"@id":"https:\/\/www.belrobotics.com\/ro\/#\/schema\/logo\/image\/"},"sameAs":["https:\/\/www.facebook.com\/belrobotics","https:\/\/www.youtube.com\/channel\/UCYgWBPRzEdXmUqLRL0JbUIw","https:\/\/www.instagram.com\/belrobotics_europe\/"]}]}},"_links":{"self":[{"href":"https:\/\/www.belrobotics.com\/ro\/wp-json\/wp\/v2\/pages\/40587","targetHints":{"allow":["GET"]}}],"collection":[{"href":"https:\/\/www.belrobotics.com\/ro\/wp-json\/wp\/v2\/pages"}],"about":[{"href":"https:\/\/www.belrobotics.com\/ro\/wp-json\/wp\/v2\/types\/page"}],"author":[{"embeddable":true,"href":"https:\/\/www.belrobotics.com\/ro\/wp-json\/wp\/v2\/users\/9"}],"replies":[{"embeddable":true,"href":"https:\/\/www.belrobotics.com\/ro\/wp-json\/wp\/v2\/comments?post=40587"}],"version-history":[{"count":2,"href":"https:\/\/www.belrobotics.com\/ro\/wp-json\/wp\/v2\/pages\/40587\/revisions"}],"predecessor-version":[{"id":41039,"href":"https:\/\/www.belrobotics.com\/ro\/wp-json\/wp\/v2\/pages\/40587\/revisions\/41039"}],"wp:featuredmedia":[{"embeddable":true,"href":"https:\/\/www.belrobotics.com\/ro\/wp-json\/wp\/v2\/media\/40562"}],"wp:attachment":[{"href":"https:\/\/www.belrobotics.com\/ro\/wp-json\/wp\/v2\/media?parent=40587"}],"curies":[{"name":"wp","href":"https:\/\/api.w.org\/{rel}","templated":true}]}}