{"id":40584,"date":"2019-05-13T15:50:06","date_gmt":"2019-05-13T14:50:06","guid":{"rendered":"https:\/\/belrobotics.andromede.digital\/connected-line\/"},"modified":"2025-02-04T11:23:43","modified_gmt":"2025-02-04T10:23:43","slug":"connected-line","status":"publish","type":"page","link":"https:\/\/www.belrobotics.com\/ro\/connected-line\/","title":{"rendered":"Robot de tuns iarba | Bigmow, Parcmow \u0219i Ballpicker"},"content":{"rendered":"<h2 class=\"h3\">Connected line: inova\u021bie pur\u0103<\/h2>\n<p class=\"p1\">Robo\u021bii din gama \u201econnected line\u201d sunt mult mai robusti dec\u00e2t cei din genera\u021biile anterioare. Materialele ultra-fiabile pe care le folosim pentru a le construi (de la \u0219asiu la ro\u021bi, prin conectori) le protejeaz\u0103 de impacturi, precum \u0219i de praf \u0219i umiditate. Deci speran\u021ba lor de via\u021b\u0103 este excep\u021bional de lung\u0103!<\/p>\n<p class=\"p1\">Datorit\u0103 izola\u021biei lor acustice de \u00eenalt\u0103 performan\u021b\u0103, robo\u021bii no\u0219tri v\u0103 garanteaz\u0103 o experien\u021b\u0103 de utilizator lini\u0219titoare. Folosindu-le, spa\u021biile tale cu iarb\u0103 vor r\u0103m\u00e2ne lini\u0219tite \u0219i vor fi tunse chiar \u00een cele mai mici col\u021buri. Tot ce trebuie s\u0103 faci este s\u0103 te relaxezi \u0219i s\u0103 profiti la maximum de gazonul t\u0103u!<\/p>\n<p class=\"p1\">Aceast\u0103 gam\u0103 permite, de asemenea, \u00eentre\u021binere simplificat\u0103 \u0219i actualizarea software-ului de la distan\u021b\u0103.<\/p>\n","protected":false},"excerpt":{"rendered":"<p>Connected line: inova\u021bie pur\u0103 Robo\u021bii din gama \u201econnected line\u201d sunt mult mai robusti dec\u00e2t cei din genera\u021biile anterioare. Materialele ultra-fiabile pe care le folosim pentru a le construi (de la \u0219asiu la ro\u021bi, prin conectori) le protejeaz\u0103 de impacturi, precum \u0219i de praf \u0219i umiditate. Deci speran\u021ba lor de via\u021b\u0103 este excep\u021bional de lung\u0103! Datorit\u0103 [&hellip;]<\/p>\n","protected":false},"author":9,"featured_media":40586,"parent":0,"menu_order":0,"comment_status":"closed","ping_status":"closed","template":"template-archive-tondeuses.php","meta":{"_acf_changed":false,"footnotes":""},"class_list":["post-40584","page","type-page","status-publish","has-post-thumbnail","hentry"],"acf":[],"yoast_head":"<!-- This site is optimized with the Yoast SEO plugin v26.9 - https:\/\/yoast.com\/product\/yoast-seo-wordpress\/ -->\n<title>Robot Mower | Bigmow, Parcmow &amp; Ballpicker - Belrobotics<\/title>\n<meta name=\"description\" content=\"Discover the connected line and its robust robots capable of high performances with an advanced remote software!\" \/>\n<meta name=\"robots\" content=\"index, follow, max-snippet:-1, max-image-preview:large, max-video-preview:-1\" \/>\n<link rel=\"canonical\" href=\"https:\/\/www.belrobotics.com\/ro\/connected-line\/\" \/>\n<meta property=\"og:locale\" content=\"ro_RO\" \/>\n<meta property=\"og:type\" content=\"article\" \/>\n<meta property=\"og:title\" content=\"Robot Mower | Bigmow, Parcmow &amp; Ballpicker - Belrobotics\" \/>\n<meta property=\"og:description\" content=\"Discover the connected line and its robust robots capable of high performances with an advanced remote software!\" \/>\n<meta property=\"og:url\" content=\"https:\/\/www.belrobotics.com\/ro\/connected-line\/\" \/>\n<meta property=\"og:site_name\" content=\"Belrobotics\" \/>\n<meta property=\"article:publisher\" content=\"https:\/\/www.facebook.com\/belrobotics\" \/>\n<meta property=\"article:modified_time\" content=\"2025-02-04T10:23:43+00:00\" \/>\n<meta property=\"og:image\" content=\"https:\/\/www.belrobotics.com\/wp-content\/uploads\/2019\/04\/Golf_43327_2.jpg\" \/>\n\t<meta property=\"og:image:width\" content=\"3000\" \/>\n\t<meta property=\"og:image:height\" content=\"2249\" \/>\n\t<meta property=\"og:image:type\" content=\"image\/jpeg\" \/>\n<meta name=\"twitter:card\" content=\"summary_large_image\" \/>\n<meta name=\"twitter:label1\" content=\"Est. reading time\" \/>\n\t<meta name=\"twitter:data1\" content=\"4 minutes\" \/>\n<script type=\"application\/ld+json\" class=\"yoast-schema-graph\">{\"@context\":\"https:\/\/schema.org\",\"@graph\":[{\"@type\":\"WebPage\",\"@id\":\"https:\/\/www.belrobotics.com\/ro\/connected-line\/\",\"url\":\"https:\/\/www.belrobotics.com\/ro\/connected-line\/\",\"name\":\"Robot Mower | Bigmow, Parcmow & Ballpicker - Belrobotics\",\"isPartOf\":{\"@id\":\"https:\/\/www.belrobotics.com\/ro\/#website\"},\"primaryImageOfPage\":{\"@id\":\"https:\/\/www.belrobotics.com\/ro\/connected-line\/#primaryimage\"},\"image\":{\"@id\":\"https:\/\/www.belrobotics.com\/ro\/connected-line\/#primaryimage\"},\"thumbnailUrl\":\"https:\/\/www.belrobotics.com\/wp-content\/uploads\/2019\/04\/Golf_43327_2.jpg\",\"datePublished\":\"2019-05-13T14:50:06+00:00\",\"dateModified\":\"2025-02-04T10:23:43+00:00\",\"description\":\"Discover the connected line and its robust robots capable of high performances with an advanced remote software!\",\"breadcrumb\":{\"@id\":\"https:\/\/www.belrobotics.com\/ro\/connected-line\/#breadcrumb\"},\"inLanguage\":\"ro-RO\",\"potentialAction\":[{\"@type\":\"ReadAction\",\"target\":[\"https:\/\/www.belrobotics.com\/ro\/connected-line\/\"]}]},{\"@type\":\"ImageObject\",\"inLanguage\":\"ro-RO\",\"@id\":\"https:\/\/www.belrobotics.com\/ro\/connected-line\/#primaryimage\",\"url\":\"https:\/\/www.belrobotics.com\/wp-content\/uploads\/2019\/04\/Golf_43327_2.jpg\",\"contentUrl\":\"https:\/\/www.belrobotics.com\/wp-content\/uploads\/2019\/04\/Golf_43327_2.jpg\",\"width\":3000,\"height\":2249},{\"@type\":\"BreadcrumbList\",\"@id\":\"https:\/\/www.belrobotics.com\/ro\/connected-line\/#breadcrumb\",\"itemListElement\":[{\"@type\":\"ListItem\",\"position\":1,\"name\":\"Home\",\"item\":\"https:\/\/www.belrobotics.com\/ro\/\"},{\"@type\":\"ListItem\",\"position\":2,\"name\":\"Robot de tuns iarba | Bigmow, Parcmow \u0219i Ballpicker\"}]},{\"@type\":\"WebSite\",\"@id\":\"https:\/\/www.belrobotics.com\/ro\/#website\",\"url\":\"https:\/\/www.belrobotics.com\/ro\/\",\"name\":\"Belrobotics\",\"description\":\"The grass masters\",\"publisher\":{\"@id\":\"https:\/\/www.belrobotics.com\/ro\/#organization\"},\"potentialAction\":[{\"@type\":\"SearchAction\",\"target\":{\"@type\":\"EntryPoint\",\"urlTemplate\":\"https:\/\/www.belrobotics.com\/ro\/?s={search_term_string}\"},\"query-input\":{\"@type\":\"PropertyValueSpecification\",\"valueRequired\":true,\"valueName\":\"search_term_string\"}}],\"inLanguage\":\"ro-RO\"},{\"@type\":\"Organization\",\"@id\":\"https:\/\/www.belrobotics.com\/ro\/#organization\",\"name\":\"Belrobotics\",\"url\":\"https:\/\/www.belrobotics.com\/ro\/\",\"logo\":{\"@type\":\"ImageObject\",\"inLanguage\":\"ro-RO\",\"@id\":\"https:\/\/www.belrobotics.com\/ro\/#\/schema\/logo\/image\/\",\"url\":\"https:\/\/www.belrobotics.com\/wp-content\/uploads\/2019\/01\/logo-belrobotics.svg\",\"contentUrl\":\"https:\/\/www.belrobotics.com\/wp-content\/uploads\/2019\/01\/logo-belrobotics.svg\",\"width\":100,\"height\":16,\"caption\":\"Belrobotics\"},\"image\":{\"@id\":\"https:\/\/www.belrobotics.com\/ro\/#\/schema\/logo\/image\/\"},\"sameAs\":[\"https:\/\/www.facebook.com\/belrobotics\",\"https:\/\/www.youtube.com\/channel\/UCYgWBPRzEdXmUqLRL0JbUIw\",\"https:\/\/www.instagram.com\/belrobotics_europe\/\"]}]}<\/script>\n<!-- \/ Yoast SEO plugin. -->","yoast_head_json":{"title":"Robot Mower | Bigmow, Parcmow & Ballpicker - Belrobotics","description":"Discover the connected line and its robust robots capable of high performances with an advanced remote software!","robots":{"index":"index","follow":"follow","max-snippet":"max-snippet:-1","max-image-preview":"max-image-preview:large","max-video-preview":"max-video-preview:-1"},"canonical":"https:\/\/www.belrobotics.com\/ro\/connected-line\/","og_locale":"ro_RO","og_type":"article","og_title":"Robot Mower | Bigmow, Parcmow & Ballpicker - Belrobotics","og_description":"Discover the connected line and its robust robots capable of high performances with an advanced remote software!","og_url":"https:\/\/www.belrobotics.com\/ro\/connected-line\/","og_site_name":"Belrobotics","article_publisher":"https:\/\/www.facebook.com\/belrobotics","article_modified_time":"2025-02-04T10:23:43+00:00","og_image":[{"width":3000,"height":2249,"url":"https:\/\/www.belrobotics.com\/wp-content\/uploads\/2019\/04\/Golf_43327_2.jpg","type":"image\/jpeg"}],"twitter_card":"summary_large_image","twitter_misc":{"Est. reading time":"4 minutes"},"schema":{"@context":"https:\/\/schema.org","@graph":[{"@type":"WebPage","@id":"https:\/\/www.belrobotics.com\/ro\/connected-line\/","url":"https:\/\/www.belrobotics.com\/ro\/connected-line\/","name":"Robot Mower | Bigmow, Parcmow & Ballpicker - Belrobotics","isPartOf":{"@id":"https:\/\/www.belrobotics.com\/ro\/#website"},"primaryImageOfPage":{"@id":"https:\/\/www.belrobotics.com\/ro\/connected-line\/#primaryimage"},"image":{"@id":"https:\/\/www.belrobotics.com\/ro\/connected-line\/#primaryimage"},"thumbnailUrl":"https:\/\/www.belrobotics.com\/wp-content\/uploads\/2019\/04\/Golf_43327_2.jpg","datePublished":"2019-05-13T14:50:06+00:00","dateModified":"2025-02-04T10:23:43+00:00","description":"Discover the connected line and its robust robots capable of high performances with an advanced remote software!","breadcrumb":{"@id":"https:\/\/www.belrobotics.com\/ro\/connected-line\/#breadcrumb"},"inLanguage":"ro-RO","potentialAction":[{"@type":"ReadAction","target":["https:\/\/www.belrobotics.com\/ro\/connected-line\/"]}]},{"@type":"ImageObject","inLanguage":"ro-RO","@id":"https:\/\/www.belrobotics.com\/ro\/connected-line\/#primaryimage","url":"https:\/\/www.belrobotics.com\/wp-content\/uploads\/2019\/04\/Golf_43327_2.jpg","contentUrl":"https:\/\/www.belrobotics.com\/wp-content\/uploads\/2019\/04\/Golf_43327_2.jpg","width":3000,"height":2249},{"@type":"BreadcrumbList","@id":"https:\/\/www.belrobotics.com\/ro\/connected-line\/#breadcrumb","itemListElement":[{"@type":"ListItem","position":1,"name":"Home","item":"https:\/\/www.belrobotics.com\/ro\/"},{"@type":"ListItem","position":2,"name":"Robot de tuns iarba | Bigmow, Parcmow \u0219i Ballpicker"}]},{"@type":"WebSite","@id":"https:\/\/www.belrobotics.com\/ro\/#website","url":"https:\/\/www.belrobotics.com\/ro\/","name":"Belrobotics","description":"The grass masters","publisher":{"@id":"https:\/\/www.belrobotics.com\/ro\/#organization"},"potentialAction":[{"@type":"SearchAction","target":{"@type":"EntryPoint","urlTemplate":"https:\/\/www.belrobotics.com\/ro\/?s={search_term_string}"},"query-input":{"@type":"PropertyValueSpecification","valueRequired":true,"valueName":"search_term_string"}}],"inLanguage":"ro-RO"},{"@type":"Organization","@id":"https:\/\/www.belrobotics.com\/ro\/#organization","name":"Belrobotics","url":"https:\/\/www.belrobotics.com\/ro\/","logo":{"@type":"ImageObject","inLanguage":"ro-RO","@id":"https:\/\/www.belrobotics.com\/ro\/#\/schema\/logo\/image\/","url":"https:\/\/www.belrobotics.com\/wp-content\/uploads\/2019\/01\/logo-belrobotics.svg","contentUrl":"https:\/\/www.belrobotics.com\/wp-content\/uploads\/2019\/01\/logo-belrobotics.svg","width":100,"height":16,"caption":"Belrobotics"},"image":{"@id":"https:\/\/www.belrobotics.com\/ro\/#\/schema\/logo\/image\/"},"sameAs":["https:\/\/www.facebook.com\/belrobotics","https:\/\/www.youtube.com\/channel\/UCYgWBPRzEdXmUqLRL0JbUIw","https:\/\/www.instagram.com\/belrobotics_europe\/"]}]}},"_links":{"self":[{"href":"https:\/\/www.belrobotics.com\/ro\/wp-json\/wp\/v2\/pages\/40584","targetHints":{"allow":["GET"]}}],"collection":[{"href":"https:\/\/www.belrobotics.com\/ro\/wp-json\/wp\/v2\/pages"}],"about":[{"href":"https:\/\/www.belrobotics.com\/ro\/wp-json\/wp\/v2\/types\/page"}],"author":[{"embeddable":true,"href":"https:\/\/www.belrobotics.com\/ro\/wp-json\/wp\/v2\/users\/9"}],"replies":[{"embeddable":true,"href":"https:\/\/www.belrobotics.com\/ro\/wp-json\/wp\/v2\/comments?post=40584"}],"version-history":[{"count":4,"href":"https:\/\/www.belrobotics.com\/ro\/wp-json\/wp\/v2\/pages\/40584\/revisions"}],"predecessor-version":[{"id":40990,"href":"https:\/\/www.belrobotics.com\/ro\/wp-json\/wp\/v2\/pages\/40584\/revisions\/40990"}],"wp:featuredmedia":[{"embeddable":true,"href":"https:\/\/www.belrobotics.com\/ro\/wp-json\/wp\/v2\/media\/40586"}],"wp:attachment":[{"href":"https:\/\/www.belrobotics.com\/ro\/wp-json\/wp\/v2\/media?parent=40584"}],"curies":[{"name":"wp","href":"https:\/\/api.w.org\/{rel}","templated":true}]}}