{"id":40581,"date":"2020-06-08T10:34:26","date_gmt":"2020-06-08T09:34:26","guid":{"rendered":"https:\/\/belrobotics.andromede.digital\/app\/"},"modified":"2026-02-03T10:40:00","modified_gmt":"2026-02-03T09:40:00","slug":"app","status":"publish","type":"page","link":"https:\/\/www.belrobotics.com\/ro\/app\/","title":{"rendered":"Aplica\u021bia \u0219i portalul Belrobotics"},"content":{"rendered":"<h2>O experien\u021b\u0103 de neegalat pentru dealeri \u0219i utilizatori<\/h2>\n<p><strong>Portalul \u0219i aplica\u021bia Belrobotics func\u021bioneaz\u0103 \u00een paralel.<\/strong>Pentru a v\u0103 servi \u0219i mai bine. Datorit\u0103 acestora, autentificarea dvs. personal\u0103 v\u0103 ofer\u0103 acces la noi func\u021bii unice pe pia\u021b\u0103: modifica\u021bi set\u0103rile \u0219i trata\u021bi notific\u0103rile de la distan\u021b\u0103, geoloca\u021bi \u0219i filtra\u021bi \u00een func\u021bie de criteriile dvs. \u0219i ob\u021bine\u021bi asisten\u021b\u0103 tehnic\u0103 de la dealerul dvs. de la distan\u021b\u0103 \u0219i \u00een timp real&#8230;<\/p>\n<p><a href=\"https:\/\/itunes.apple.com\/us\/app\/belrobotics\/id1357624222?mt=8\" target=\"_blank\" rel=\"noopener noreferrer\"><img loading=\"lazy\" decoding=\"async\" class=\"alignnone wp-image-666\" src=\"https:\/\/www.belrobotics.com\/wp-content\/uploads\/2019\/01\/300px-Download_on_the_App_Store_Badge-300x89.png\" alt=\"\" width=\"150\" height=\"45\" \/><\/a>\u00a0\u00a0<a href=\"https:\/\/play.google.com\/store\/apps\/details?id=com.belrobotics.mobileapp&amp;hl=en\" target=\"_blank\" rel=\"noopener noreferrer\"><img loading=\"lazy\" decoding=\"async\" class=\"alignnone wp-image-667\" src=\"https:\/\/www.belrobotics.com\/wp-content\/uploads\/2019\/01\/300px-Get_it_on_Google_play-300x88.png\" alt=\"\" width=\"150\" height=\"44\" \/><\/a><\/p>\n","protected":false},"excerpt":{"rendered":"<p>O experien\u021b\u0103 de neegalat pentru dealeri \u0219i utilizatori Portalul \u0219i aplica\u021bia Belrobotics func\u021bioneaz\u0103 \u00een paralel.Pentru a v\u0103 servi \u0219i mai bine. Datorit\u0103 acestora, autentificarea dvs. personal\u0103 v\u0103 ofer\u0103 acces la noi func\u021bii unice pe pia\u021b\u0103: modifica\u021bi set\u0103rile \u0219i trata\u021bi notific\u0103rile de la distan\u021b\u0103, geoloca\u021bi \u0219i filtra\u021bi \u00een func\u021bie de criteriile dvs. \u0219i ob\u021bine\u021bi asisten\u021b\u0103 tehnic\u0103 [&hellip;]<\/p>\n","protected":false},"author":9,"featured_media":40583,"parent":0,"menu_order":0,"comment_status":"closed","ping_status":"closed","template":"template-app.php","meta":{"_acf_changed":false,"footnotes":""},"class_list":["post-40581","page","type-page","status-publish","has-post-thumbnail","hentry"],"acf":[],"yoast_head":"<!-- This site is optimized with the Yoast SEO plugin v26.9 - https:\/\/yoast.com\/product\/yoast-seo-wordpress\/ -->\n<title>Aplica\u021bia \u0219i portalul Belrobotics - Belrobotics<\/title>\n<meta name=\"robots\" content=\"index, follow, max-snippet:-1, max-image-preview:large, max-video-preview:-1\" \/>\n<link rel=\"canonical\" href=\"https:\/\/www.belrobotics.com\/ro\/app\/\" \/>\n<meta property=\"og:locale\" content=\"ro_RO\" \/>\n<meta property=\"og:type\" content=\"article\" \/>\n<meta property=\"og:title\" content=\"Aplica\u021bia \u0219i portalul Belrobotics - Belrobotics\" \/>\n<meta property=\"og:description\" content=\"O experien\u021b\u0103 de neegalat pentru dealeri \u0219i utilizatori Portalul \u0219i aplica\u021bia Belrobotics func\u021bioneaz\u0103 \u00een paralel.Pentru a v\u0103 servi \u0219i mai bine. Datorit\u0103 acestora, autentificarea dvs. personal\u0103 v\u0103 ofer\u0103 acces la noi func\u021bii unice pe pia\u021b\u0103: modifica\u021bi set\u0103rile \u0219i trata\u021bi notific\u0103rile de la distan\u021b\u0103, geoloca\u021bi \u0219i filtra\u021bi \u00een func\u021bie de criteriile dvs. \u0219i ob\u021bine\u021bi asisten\u021b\u0103 tehnic\u0103 [&hellip;]\" \/>\n<meta property=\"og:url\" content=\"https:\/\/www.belrobotics.com\/ro\/app\/\" \/>\n<meta property=\"og:site_name\" content=\"Belrobotics\" \/>\n<meta property=\"article:publisher\" content=\"https:\/\/www.facebook.com\/belrobotics\" \/>\n<meta property=\"article:modified_time\" content=\"2026-02-03T09:40:00+00:00\" \/>\n<meta property=\"og:image\" content=\"https:\/\/www.belrobotics.com\/wp-content\/uploads\/2020\/06\/Belrobotics-header-1.jpg\" \/>\n\t<meta property=\"og:image:width\" content=\"923\" \/>\n\t<meta property=\"og:image:height\" content=\"762\" \/>\n\t<meta property=\"og:image:type\" content=\"image\/jpeg\" \/>\n<meta name=\"twitter:card\" content=\"summary_large_image\" \/>\n<meta name=\"twitter:label1\" content=\"Est. reading time\" \/>\n\t<meta name=\"twitter:data1\" content=\"9 minutes\" \/>\n<script type=\"application\/ld+json\" class=\"yoast-schema-graph\">{\"@context\":\"https:\/\/schema.org\",\"@graph\":[{\"@type\":\"WebPage\",\"@id\":\"https:\/\/www.belrobotics.com\/ro\/app\/\",\"url\":\"https:\/\/www.belrobotics.com\/ro\/app\/\",\"name\":\"Aplica\u021bia \u0219i portalul Belrobotics - Belrobotics\",\"isPartOf\":{\"@id\":\"https:\/\/www.belrobotics.com\/ro\/#website\"},\"primaryImageOfPage\":{\"@id\":\"https:\/\/www.belrobotics.com\/ro\/app\/#primaryimage\"},\"image\":{\"@id\":\"https:\/\/www.belrobotics.com\/ro\/app\/#primaryimage\"},\"thumbnailUrl\":\"https:\/\/www.belrobotics.com\/wp-content\/uploads\/2020\/06\/Belrobotics-header-1.jpg\",\"datePublished\":\"2020-06-08T09:34:26+00:00\",\"dateModified\":\"2026-02-03T09:40:00+00:00\",\"breadcrumb\":{\"@id\":\"https:\/\/www.belrobotics.com\/ro\/app\/#breadcrumb\"},\"inLanguage\":\"ro-RO\",\"potentialAction\":[{\"@type\":\"ReadAction\",\"target\":[\"https:\/\/www.belrobotics.com\/ro\/app\/\"]}]},{\"@type\":\"ImageObject\",\"inLanguage\":\"ro-RO\",\"@id\":\"https:\/\/www.belrobotics.com\/ro\/app\/#primaryimage\",\"url\":\"https:\/\/www.belrobotics.com\/wp-content\/uploads\/2020\/06\/Belrobotics-header-1.jpg\",\"contentUrl\":\"https:\/\/www.belrobotics.com\/wp-content\/uploads\/2020\/06\/Belrobotics-header-1.jpg\",\"width\":923,\"height\":762},{\"@type\":\"BreadcrumbList\",\"@id\":\"https:\/\/www.belrobotics.com\/ro\/app\/#breadcrumb\",\"itemListElement\":[{\"@type\":\"ListItem\",\"position\":1,\"name\":\"Home\",\"item\":\"https:\/\/www.belrobotics.com\/ro\/\"},{\"@type\":\"ListItem\",\"position\":2,\"name\":\"Aplica\u021bia \u0219i portalul Belrobotics\"}]},{\"@type\":\"WebSite\",\"@id\":\"https:\/\/www.belrobotics.com\/ro\/#website\",\"url\":\"https:\/\/www.belrobotics.com\/ro\/\",\"name\":\"Belrobotics\",\"description\":\"The grass masters\",\"publisher\":{\"@id\":\"https:\/\/www.belrobotics.com\/ro\/#organization\"},\"potentialAction\":[{\"@type\":\"SearchAction\",\"target\":{\"@type\":\"EntryPoint\",\"urlTemplate\":\"https:\/\/www.belrobotics.com\/ro\/?s={search_term_string}\"},\"query-input\":{\"@type\":\"PropertyValueSpecification\",\"valueRequired\":true,\"valueName\":\"search_term_string\"}}],\"inLanguage\":\"ro-RO\"},{\"@type\":\"Organization\",\"@id\":\"https:\/\/www.belrobotics.com\/ro\/#organization\",\"name\":\"Belrobotics\",\"url\":\"https:\/\/www.belrobotics.com\/ro\/\",\"logo\":{\"@type\":\"ImageObject\",\"inLanguage\":\"ro-RO\",\"@id\":\"https:\/\/www.belrobotics.com\/ro\/#\/schema\/logo\/image\/\",\"url\":\"https:\/\/www.belrobotics.com\/wp-content\/uploads\/2019\/01\/logo-belrobotics.svg\",\"contentUrl\":\"https:\/\/www.belrobotics.com\/wp-content\/uploads\/2019\/01\/logo-belrobotics.svg\",\"width\":100,\"height\":16,\"caption\":\"Belrobotics\"},\"image\":{\"@id\":\"https:\/\/www.belrobotics.com\/ro\/#\/schema\/logo\/image\/\"},\"sameAs\":[\"https:\/\/www.facebook.com\/belrobotics\",\"https:\/\/www.youtube.com\/channel\/UCYgWBPRzEdXmUqLRL0JbUIw\",\"https:\/\/www.instagram.com\/belrobotics_europe\/\"]}]}<\/script>\n<!-- \/ Yoast SEO plugin. -->","yoast_head_json":{"title":"Aplica\u021bia \u0219i portalul Belrobotics - Belrobotics","robots":{"index":"index","follow":"follow","max-snippet":"max-snippet:-1","max-image-preview":"max-image-preview:large","max-video-preview":"max-video-preview:-1"},"canonical":"https:\/\/www.belrobotics.com\/ro\/app\/","og_locale":"ro_RO","og_type":"article","og_title":"Aplica\u021bia \u0219i portalul Belrobotics - Belrobotics","og_description":"O experien\u021b\u0103 de neegalat pentru dealeri \u0219i utilizatori Portalul \u0219i aplica\u021bia Belrobotics func\u021bioneaz\u0103 \u00een paralel.Pentru a v\u0103 servi \u0219i mai bine. Datorit\u0103 acestora, autentificarea dvs. personal\u0103 v\u0103 ofer\u0103 acces la noi func\u021bii unice pe pia\u021b\u0103: modifica\u021bi set\u0103rile \u0219i trata\u021bi notific\u0103rile de la distan\u021b\u0103, geoloca\u021bi \u0219i filtra\u021bi \u00een func\u021bie de criteriile dvs. \u0219i ob\u021bine\u021bi asisten\u021b\u0103 tehnic\u0103 [&hellip;]","og_url":"https:\/\/www.belrobotics.com\/ro\/app\/","og_site_name":"Belrobotics","article_publisher":"https:\/\/www.facebook.com\/belrobotics","article_modified_time":"2026-02-03T09:40:00+00:00","og_image":[{"width":923,"height":762,"url":"https:\/\/www.belrobotics.com\/wp-content\/uploads\/2020\/06\/Belrobotics-header-1.jpg","type":"image\/jpeg"}],"twitter_card":"summary_large_image","twitter_misc":{"Est. reading time":"9 minutes"},"schema":{"@context":"https:\/\/schema.org","@graph":[{"@type":"WebPage","@id":"https:\/\/www.belrobotics.com\/ro\/app\/","url":"https:\/\/www.belrobotics.com\/ro\/app\/","name":"Aplica\u021bia \u0219i portalul Belrobotics - Belrobotics","isPartOf":{"@id":"https:\/\/www.belrobotics.com\/ro\/#website"},"primaryImageOfPage":{"@id":"https:\/\/www.belrobotics.com\/ro\/app\/#primaryimage"},"image":{"@id":"https:\/\/www.belrobotics.com\/ro\/app\/#primaryimage"},"thumbnailUrl":"https:\/\/www.belrobotics.com\/wp-content\/uploads\/2020\/06\/Belrobotics-header-1.jpg","datePublished":"2020-06-08T09:34:26+00:00","dateModified":"2026-02-03T09:40:00+00:00","breadcrumb":{"@id":"https:\/\/www.belrobotics.com\/ro\/app\/#breadcrumb"},"inLanguage":"ro-RO","potentialAction":[{"@type":"ReadAction","target":["https:\/\/www.belrobotics.com\/ro\/app\/"]}]},{"@type":"ImageObject","inLanguage":"ro-RO","@id":"https:\/\/www.belrobotics.com\/ro\/app\/#primaryimage","url":"https:\/\/www.belrobotics.com\/wp-content\/uploads\/2020\/06\/Belrobotics-header-1.jpg","contentUrl":"https:\/\/www.belrobotics.com\/wp-content\/uploads\/2020\/06\/Belrobotics-header-1.jpg","width":923,"height":762},{"@type":"BreadcrumbList","@id":"https:\/\/www.belrobotics.com\/ro\/app\/#breadcrumb","itemListElement":[{"@type":"ListItem","position":1,"name":"Home","item":"https:\/\/www.belrobotics.com\/ro\/"},{"@type":"ListItem","position":2,"name":"Aplica\u021bia \u0219i portalul Belrobotics"}]},{"@type":"WebSite","@id":"https:\/\/www.belrobotics.com\/ro\/#website","url":"https:\/\/www.belrobotics.com\/ro\/","name":"Belrobotics","description":"The grass masters","publisher":{"@id":"https:\/\/www.belrobotics.com\/ro\/#organization"},"potentialAction":[{"@type":"SearchAction","target":{"@type":"EntryPoint","urlTemplate":"https:\/\/www.belrobotics.com\/ro\/?s={search_term_string}"},"query-input":{"@type":"PropertyValueSpecification","valueRequired":true,"valueName":"search_term_string"}}],"inLanguage":"ro-RO"},{"@type":"Organization","@id":"https:\/\/www.belrobotics.com\/ro\/#organization","name":"Belrobotics","url":"https:\/\/www.belrobotics.com\/ro\/","logo":{"@type":"ImageObject","inLanguage":"ro-RO","@id":"https:\/\/www.belrobotics.com\/ro\/#\/schema\/logo\/image\/","url":"https:\/\/www.belrobotics.com\/wp-content\/uploads\/2019\/01\/logo-belrobotics.svg","contentUrl":"https:\/\/www.belrobotics.com\/wp-content\/uploads\/2019\/01\/logo-belrobotics.svg","width":100,"height":16,"caption":"Belrobotics"},"image":{"@id":"https:\/\/www.belrobotics.com\/ro\/#\/schema\/logo\/image\/"},"sameAs":["https:\/\/www.facebook.com\/belrobotics","https:\/\/www.youtube.com\/channel\/UCYgWBPRzEdXmUqLRL0JbUIw","https:\/\/www.instagram.com\/belrobotics_europe\/"]}]}},"_links":{"self":[{"href":"https:\/\/www.belrobotics.com\/ro\/wp-json\/wp\/v2\/pages\/40581","targetHints":{"allow":["GET"]}}],"collection":[{"href":"https:\/\/www.belrobotics.com\/ro\/wp-json\/wp\/v2\/pages"}],"about":[{"href":"https:\/\/www.belrobotics.com\/ro\/wp-json\/wp\/v2\/types\/page"}],"author":[{"embeddable":true,"href":"https:\/\/www.belrobotics.com\/ro\/wp-json\/wp\/v2\/users\/9"}],"replies":[{"embeddable":true,"href":"https:\/\/www.belrobotics.com\/ro\/wp-json\/wp\/v2\/comments?post=40581"}],"version-history":[{"count":4,"href":"https:\/\/www.belrobotics.com\/ro\/wp-json\/wp\/v2\/pages\/40581\/revisions"}],"predecessor-version":[{"id":42356,"href":"https:\/\/www.belrobotics.com\/ro\/wp-json\/wp\/v2\/pages\/40581\/revisions\/42356"}],"wp:featuredmedia":[{"embeddable":true,"href":"https:\/\/www.belrobotics.com\/ro\/wp-json\/wp\/v2\/media\/40583"}],"wp:attachment":[{"href":"https:\/\/www.belrobotics.com\/ro\/wp-json\/wp\/v2\/media?parent=40581"}],"curies":[{"name":"wp","href":"https:\/\/api.w.org\/{rel}","templated":true}]}}