{"id":40575,"date":"2023-02-28T11:38:28","date_gmt":"2023-02-28T10:38:28","guid":{"rendered":"https:\/\/belrobotics.andromede.digital\/robotic-mowers\/"},"modified":"2025-02-04T12:27:08","modified_gmt":"2025-02-04T11:27:08","slug":"cositoare-robotizate","status":"publish","type":"page","link":"https:\/\/www.belrobotics.com\/ro\/cositoare-robotizate\/","title":{"rendered":"Cositoare robotizate"},"content":{"rendered":"<h3>Bun venit \u00eentr-o nou\u0103 er\u0103!<\/h3>\n<p>Aici, la Belrobotics, credem c\u0103 inova\u021bia \u0219i noile tehnologii sunt baza pentru lumea de m\u00e2ine. Pe aceast\u0103 premis\u0103, ne str\u0103duim \u00een fiecare zi s\u0103 inov\u0103m \u0219i s\u0103 proiect\u0103m cei mai inovatori robo\u021bi \u00een domeniul tunserii gazonului \u0219i colect\u0103rii mingilor.<\/p>\n<p>Fiabili, ecologici \u0219i economici, robo\u021bii no\u0219tri v\u0103 ofer\u0103 posibilitatea de lini\u0219te sufleteasc\u0103 \u00een \u00eentre\u021binerea spa\u021biilor dumneavoastr\u0103 verzi&#8230; indiferent dac\u0103 sunte\u021bi persoan\u0103 fizic\u0103 sau profesionist! De fapt, acestea sunt capabile s\u0103 acopere suprafe\u021be foarte mari (mai multe terenuri de fotbal), r\u0103m\u00e2n\u00e2nd \u00een acela\u0219i timp eficien\u021bi \u0219i pe zone mai modeste<\/p>\n<p>Pentru a r\u0103spunde c\u00e2t mai bine nevoilor dumneavoastr\u0103, am proiectat dou\u0103 game separate: &#8220;<a href=\"https:\/\/www.belrobotics.com\/ero\/connected-line\/\">Connected line<\/a>&#8221; \u0219i &#8220;<a href=\"https:\/\/www.belrobotics.com\/ro\/gps-rtk\/\">GPS RTK<\/a>&#8220;.<\/p>\n","protected":false},"excerpt":{"rendered":"<p>Bun venit \u00eentr-o nou\u0103 er\u0103! Aici, la Belrobotics, credem c\u0103 inova\u021bia \u0219i noile tehnologii sunt baza pentru lumea de m\u00e2ine. Pe aceast\u0103 premis\u0103, ne str\u0103duim \u00een fiecare zi s\u0103 inov\u0103m \u0219i s\u0103 proiect\u0103m cei mai inovatori robo\u021bi \u00een domeniul tunserii gazonului \u0219i colect\u0103rii mingilor. Fiabili, ecologici \u0219i economici, robo\u021bii no\u0219tri v\u0103 ofer\u0103 posibilitatea de lini\u0219te [&hellip;]<\/p>\n","protected":false},"author":9,"featured_media":40577,"parent":0,"menu_order":0,"comment_status":"closed","ping_status":"closed","template":"template-tondeuses-robots.php","meta":{"_acf_changed":false,"footnotes":""},"class_list":["post-40575","page","type-page","status-publish","has-post-thumbnail","hentry"],"acf":[],"yoast_head":"<!-- This site is optimized with the Yoast SEO plugin v26.9 - https:\/\/yoast.com\/product\/yoast-seo-wordpress\/ -->\n<title>Cositoare robotizate - Belrobotics<\/title>\n<meta name=\"robots\" content=\"index, follow, max-snippet:-1, max-image-preview:large, max-video-preview:-1\" \/>\n<link rel=\"canonical\" href=\"https:\/\/www.belrobotics.com\/ro\/cositoare-robotizate\/\" \/>\n<meta property=\"og:locale\" content=\"ro_RO\" \/>\n<meta property=\"og:type\" content=\"article\" \/>\n<meta property=\"og:title\" content=\"Cositoare robotizate - Belrobotics\" \/>\n<meta property=\"og:description\" content=\"Bun venit \u00eentr-o nou\u0103 er\u0103! Aici, la Belrobotics, credem c\u0103 inova\u021bia \u0219i noile tehnologii sunt baza pentru lumea de m\u00e2ine. Pe aceast\u0103 premis\u0103, ne str\u0103duim \u00een fiecare zi s\u0103 inov\u0103m \u0219i s\u0103 proiect\u0103m cei mai inovatori robo\u021bi \u00een domeniul tunserii gazonului \u0219i colect\u0103rii mingilor. Fiabili, ecologici \u0219i economici, robo\u021bii no\u0219tri v\u0103 ofer\u0103 posibilitatea de lini\u0219te [&hellip;]\" \/>\n<meta property=\"og:url\" content=\"https:\/\/www.belrobotics.com\/ro\/cositoare-robotizate\/\" \/>\n<meta property=\"og:site_name\" content=\"Belrobotics\" \/>\n<meta property=\"article:publisher\" content=\"https:\/\/www.facebook.com\/belrobotics\" \/>\n<meta property=\"article:modified_time\" content=\"2025-02-04T11:27:08+00:00\" \/>\n<meta property=\"og:image\" content=\"https:\/\/www.belrobotics.com\/wp-content\/uploads\/2023\/02\/robot-mowers.webp\" \/>\n\t<meta property=\"og:image:width\" content=\"1920\" \/>\n\t<meta property=\"og:image:height\" content=\"994\" \/>\n\t<meta property=\"og:image:type\" content=\"image\/webp\" \/>\n<meta name=\"twitter:card\" content=\"summary_large_image\" \/>\n<meta name=\"twitter:label1\" content=\"Est. reading time\" \/>\n\t<meta name=\"twitter:data1\" content=\"3 minutes\" \/>\n<script type=\"application\/ld+json\" class=\"yoast-schema-graph\">{\"@context\":\"https:\/\/schema.org\",\"@graph\":[{\"@type\":\"WebPage\",\"@id\":\"https:\/\/www.belrobotics.com\/ro\/cositoare-robotizate\/\",\"url\":\"https:\/\/www.belrobotics.com\/ro\/cositoare-robotizate\/\",\"name\":\"Cositoare robotizate - Belrobotics\",\"isPartOf\":{\"@id\":\"https:\/\/www.belrobotics.com\/ro\/#website\"},\"primaryImageOfPage\":{\"@id\":\"https:\/\/www.belrobotics.com\/ro\/cositoare-robotizate\/#primaryimage\"},\"image\":{\"@id\":\"https:\/\/www.belrobotics.com\/ro\/cositoare-robotizate\/#primaryimage\"},\"thumbnailUrl\":\"https:\/\/www.belrobotics.com\/wp-content\/uploads\/2023\/02\/robot-mowers.webp\",\"datePublished\":\"2023-02-28T10:38:28+00:00\",\"dateModified\":\"2025-02-04T11:27:08+00:00\",\"breadcrumb\":{\"@id\":\"https:\/\/www.belrobotics.com\/ro\/cositoare-robotizate\/#breadcrumb\"},\"inLanguage\":\"ro-RO\",\"potentialAction\":[{\"@type\":\"ReadAction\",\"target\":[\"https:\/\/www.belrobotics.com\/ro\/cositoare-robotizate\/\"]}]},{\"@type\":\"ImageObject\",\"inLanguage\":\"ro-RO\",\"@id\":\"https:\/\/www.belrobotics.com\/ro\/cositoare-robotizate\/#primaryimage\",\"url\":\"https:\/\/www.belrobotics.com\/wp-content\/uploads\/2023\/02\/robot-mowers.webp\",\"contentUrl\":\"https:\/\/www.belrobotics.com\/wp-content\/uploads\/2023\/02\/robot-mowers.webp\",\"width\":1920,\"height\":994},{\"@type\":\"BreadcrumbList\",\"@id\":\"https:\/\/www.belrobotics.com\/ro\/cositoare-robotizate\/#breadcrumb\",\"itemListElement\":[{\"@type\":\"ListItem\",\"position\":1,\"name\":\"Home\",\"item\":\"https:\/\/www.belrobotics.com\/ro\/\"},{\"@type\":\"ListItem\",\"position\":2,\"name\":\"Cositoare robotizate\"}]},{\"@type\":\"WebSite\",\"@id\":\"https:\/\/www.belrobotics.com\/ro\/#website\",\"url\":\"https:\/\/www.belrobotics.com\/ro\/\",\"name\":\"Belrobotics\",\"description\":\"The grass masters\",\"publisher\":{\"@id\":\"https:\/\/www.belrobotics.com\/ro\/#organization\"},\"potentialAction\":[{\"@type\":\"SearchAction\",\"target\":{\"@type\":\"EntryPoint\",\"urlTemplate\":\"https:\/\/www.belrobotics.com\/ro\/?s={search_term_string}\"},\"query-input\":{\"@type\":\"PropertyValueSpecification\",\"valueRequired\":true,\"valueName\":\"search_term_string\"}}],\"inLanguage\":\"ro-RO\"},{\"@type\":\"Organization\",\"@id\":\"https:\/\/www.belrobotics.com\/ro\/#organization\",\"name\":\"Belrobotics\",\"url\":\"https:\/\/www.belrobotics.com\/ro\/\",\"logo\":{\"@type\":\"ImageObject\",\"inLanguage\":\"ro-RO\",\"@id\":\"https:\/\/www.belrobotics.com\/ro\/#\/schema\/logo\/image\/\",\"url\":\"https:\/\/www.belrobotics.com\/wp-content\/uploads\/2019\/01\/logo-belrobotics.svg\",\"contentUrl\":\"https:\/\/www.belrobotics.com\/wp-content\/uploads\/2019\/01\/logo-belrobotics.svg\",\"width\":100,\"height\":16,\"caption\":\"Belrobotics\"},\"image\":{\"@id\":\"https:\/\/www.belrobotics.com\/ro\/#\/schema\/logo\/image\/\"},\"sameAs\":[\"https:\/\/www.facebook.com\/belrobotics\",\"https:\/\/www.youtube.com\/channel\/UCYgWBPRzEdXmUqLRL0JbUIw\",\"https:\/\/www.instagram.com\/belrobotics_europe\/\"]}]}<\/script>\n<!-- \/ Yoast SEO plugin. -->","yoast_head_json":{"title":"Cositoare robotizate - Belrobotics","robots":{"index":"index","follow":"follow","max-snippet":"max-snippet:-1","max-image-preview":"max-image-preview:large","max-video-preview":"max-video-preview:-1"},"canonical":"https:\/\/www.belrobotics.com\/ro\/cositoare-robotizate\/","og_locale":"ro_RO","og_type":"article","og_title":"Cositoare robotizate - Belrobotics","og_description":"Bun venit \u00eentr-o nou\u0103 er\u0103! Aici, la Belrobotics, credem c\u0103 inova\u021bia \u0219i noile tehnologii sunt baza pentru lumea de m\u00e2ine. Pe aceast\u0103 premis\u0103, ne str\u0103duim \u00een fiecare zi s\u0103 inov\u0103m \u0219i s\u0103 proiect\u0103m cei mai inovatori robo\u021bi \u00een domeniul tunserii gazonului \u0219i colect\u0103rii mingilor. Fiabili, ecologici \u0219i economici, robo\u021bii no\u0219tri v\u0103 ofer\u0103 posibilitatea de lini\u0219te [&hellip;]","og_url":"https:\/\/www.belrobotics.com\/ro\/cositoare-robotizate\/","og_site_name":"Belrobotics","article_publisher":"https:\/\/www.facebook.com\/belrobotics","article_modified_time":"2025-02-04T11:27:08+00:00","og_image":[{"width":1920,"height":994,"url":"https:\/\/www.belrobotics.com\/wp-content\/uploads\/2023\/02\/robot-mowers.webp","type":"image\/webp"}],"twitter_card":"summary_large_image","twitter_misc":{"Est. reading time":"3 minutes"},"schema":{"@context":"https:\/\/schema.org","@graph":[{"@type":"WebPage","@id":"https:\/\/www.belrobotics.com\/ro\/cositoare-robotizate\/","url":"https:\/\/www.belrobotics.com\/ro\/cositoare-robotizate\/","name":"Cositoare robotizate - Belrobotics","isPartOf":{"@id":"https:\/\/www.belrobotics.com\/ro\/#website"},"primaryImageOfPage":{"@id":"https:\/\/www.belrobotics.com\/ro\/cositoare-robotizate\/#primaryimage"},"image":{"@id":"https:\/\/www.belrobotics.com\/ro\/cositoare-robotizate\/#primaryimage"},"thumbnailUrl":"https:\/\/www.belrobotics.com\/wp-content\/uploads\/2023\/02\/robot-mowers.webp","datePublished":"2023-02-28T10:38:28+00:00","dateModified":"2025-02-04T11:27:08+00:00","breadcrumb":{"@id":"https:\/\/www.belrobotics.com\/ro\/cositoare-robotizate\/#breadcrumb"},"inLanguage":"ro-RO","potentialAction":[{"@type":"ReadAction","target":["https:\/\/www.belrobotics.com\/ro\/cositoare-robotizate\/"]}]},{"@type":"ImageObject","inLanguage":"ro-RO","@id":"https:\/\/www.belrobotics.com\/ro\/cositoare-robotizate\/#primaryimage","url":"https:\/\/www.belrobotics.com\/wp-content\/uploads\/2023\/02\/robot-mowers.webp","contentUrl":"https:\/\/www.belrobotics.com\/wp-content\/uploads\/2023\/02\/robot-mowers.webp","width":1920,"height":994},{"@type":"BreadcrumbList","@id":"https:\/\/www.belrobotics.com\/ro\/cositoare-robotizate\/#breadcrumb","itemListElement":[{"@type":"ListItem","position":1,"name":"Home","item":"https:\/\/www.belrobotics.com\/ro\/"},{"@type":"ListItem","position":2,"name":"Cositoare robotizate"}]},{"@type":"WebSite","@id":"https:\/\/www.belrobotics.com\/ro\/#website","url":"https:\/\/www.belrobotics.com\/ro\/","name":"Belrobotics","description":"The grass masters","publisher":{"@id":"https:\/\/www.belrobotics.com\/ro\/#organization"},"potentialAction":[{"@type":"SearchAction","target":{"@type":"EntryPoint","urlTemplate":"https:\/\/www.belrobotics.com\/ro\/?s={search_term_string}"},"query-input":{"@type":"PropertyValueSpecification","valueRequired":true,"valueName":"search_term_string"}}],"inLanguage":"ro-RO"},{"@type":"Organization","@id":"https:\/\/www.belrobotics.com\/ro\/#organization","name":"Belrobotics","url":"https:\/\/www.belrobotics.com\/ro\/","logo":{"@type":"ImageObject","inLanguage":"ro-RO","@id":"https:\/\/www.belrobotics.com\/ro\/#\/schema\/logo\/image\/","url":"https:\/\/www.belrobotics.com\/wp-content\/uploads\/2019\/01\/logo-belrobotics.svg","contentUrl":"https:\/\/www.belrobotics.com\/wp-content\/uploads\/2019\/01\/logo-belrobotics.svg","width":100,"height":16,"caption":"Belrobotics"},"image":{"@id":"https:\/\/www.belrobotics.com\/ro\/#\/schema\/logo\/image\/"},"sameAs":["https:\/\/www.facebook.com\/belrobotics","https:\/\/www.youtube.com\/channel\/UCYgWBPRzEdXmUqLRL0JbUIw","https:\/\/www.instagram.com\/belrobotics_europe\/"]}]}},"_links":{"self":[{"href":"https:\/\/www.belrobotics.com\/ro\/wp-json\/wp\/v2\/pages\/40575","targetHints":{"allow":["GET"]}}],"collection":[{"href":"https:\/\/www.belrobotics.com\/ro\/wp-json\/wp\/v2\/pages"}],"about":[{"href":"https:\/\/www.belrobotics.com\/ro\/wp-json\/wp\/v2\/types\/page"}],"author":[{"embeddable":true,"href":"https:\/\/www.belrobotics.com\/ro\/wp-json\/wp\/v2\/users\/9"}],"replies":[{"embeddable":true,"href":"https:\/\/www.belrobotics.com\/ro\/wp-json\/wp\/v2\/comments?post=40575"}],"version-history":[{"count":3,"href":"https:\/\/www.belrobotics.com\/ro\/wp-json\/wp\/v2\/pages\/40575\/revisions"}],"predecessor-version":[{"id":41009,"href":"https:\/\/www.belrobotics.com\/ro\/wp-json\/wp\/v2\/pages\/40575\/revisions\/41009"}],"wp:featuredmedia":[{"embeddable":true,"href":"https:\/\/www.belrobotics.com\/ro\/wp-json\/wp\/v2\/media\/40577"}],"wp:attachment":[{"href":"https:\/\/www.belrobotics.com\/ro\/wp-json\/wp\/v2\/media?parent=40575"}],"curies":[{"name":"wp","href":"https:\/\/api.w.org\/{rel}","templated":true}]}}