{"id":40572,"date":"2023-05-25T15:57:53","date_gmt":"2023-05-25T14:57:53","guid":{"rendered":"https:\/\/belrobotics.andromede.digital\/wisenav-wire-free-gps-rtk-robotic-mower\/"},"modified":"2025-02-04T12:20:21","modified_gmt":"2025-02-04T11:20:21","slug":"wisenav-masina-de-tuns-iarba-gps-rtk-fara-fir","status":"publish","type":"page","link":"https:\/\/www.belrobotics.com\/ro\/wisenav-masina-de-tuns-iarba-gps-rtk-fara-fir\/","title":{"rendered":"WiseNav: ma\u0219in\u0103 de tuns iarb\u0103 GPS-RTK f\u0103r\u0103 fir"},"content":{"rendered":"<h3 class=\"p1\">WiseNav: ma\u0219in\u0103 de tuns iarb\u0103 GPS-RTK f\u0103r\u0103<br clear='none'\/>\nfir<\/h3>\n<p><span style=\"font-weight: 400;\">Tehnologia de bord GPS-RTK face deja posibil\u0103 cosirea cu modele de benzi. Cu upgrade-ul WiseNav, robotul t\u0103u va trece la urm\u0103torul nivel de precizie \u0219i va naviga f\u0103r\u0103 un fir de delimitare. Capacitate de cosire de trei ori mai mare \u0219i o reducere drastic\u0103 a volumului de munc\u0103. Disponibil \u0219i pentru cules de mingi de golf.<\/span><\/p>\n<h3>Upgrade-ul pe care \u00eel a\u0219tepta\u021bi<\/h3>\n<p><span style=\"font-weight: 400;\">Greenkeeper, manager de teren de fotbal, manager de facilit\u0103\u021bi sportive, manager de spa\u021biu verde&#8230; ca profesionist al gazonului, scopul t\u0103u este s\u0103 optimizezi gestionarea \u0219i \u00eengrijirea terenurilor tale. Descoperi\u021bi cea mai recent\u0103 actualizare gratuit\u0103 pentru robo\u021bii dvs. Belrobotics GPS-RTK: tundere cu model de benzi cu precizie centimetric\u0103 f\u0103r\u0103 un fir de delimitare.<\/span><\/p>\n","protected":false},"excerpt":{"rendered":"<p>WiseNav: ma\u0219in\u0103 de tuns iarb\u0103 GPS-RTK f\u0103r\u0103 fir Tehnologia de bord GPS-RTK face deja posibil\u0103 cosirea cu modele de benzi. Cu upgrade-ul WiseNav, robotul t\u0103u va trece la urm\u0103torul nivel de precizie \u0219i va naviga f\u0103r\u0103 un fir de delimitare. Capacitate de cosire de trei ori mai mare \u0219i o reducere drastic\u0103 a volumului de [&hellip;]<\/p>\n","protected":false},"author":9,"featured_media":40574,"parent":0,"menu_order":0,"comment_status":"closed","ping_status":"closed","template":"wisenav.php","meta":{"_acf_changed":false,"footnotes":""},"class_list":["post-40572","page","type-page","status-publish","has-post-thumbnail","hentry"],"acf":[],"yoast_head":"<!-- This site is optimized with the Yoast SEO plugin v26.9 - https:\/\/yoast.com\/product\/yoast-seo-wordpress\/ -->\n<title>WiseNav: wire-free technology - Belrobotics<\/title>\n<meta name=\"description\" content=\"The WiseNav wire-free technology in Belrobotics GPS-RTK robotic mowers is revolutionising strip pattern mowing\" \/>\n<meta name=\"robots\" content=\"index, follow, max-snippet:-1, max-image-preview:large, max-video-preview:-1\" \/>\n<link rel=\"canonical\" href=\"https:\/\/www.belrobotics.com\/ro\/wisenav-masina-de-tuns-iarba-gps-rtk-fara-fir\/\" \/>\n<meta property=\"og:locale\" content=\"ro_RO\" \/>\n<meta property=\"og:type\" content=\"article\" \/>\n<meta property=\"og:title\" content=\"WiseNav: wire-free technology - Belrobotics\" \/>\n<meta property=\"og:description\" content=\"The WiseNav wire-free technology in Belrobotics GPS-RTK robotic mowers is revolutionising strip pattern mowing\" \/>\n<meta property=\"og:url\" content=\"https:\/\/www.belrobotics.com\/ro\/wisenav-masina-de-tuns-iarba-gps-rtk-fara-fir\/\" \/>\n<meta property=\"og:site_name\" content=\"Belrobotics\" \/>\n<meta property=\"article:publisher\" content=\"https:\/\/www.facebook.com\/belrobotics\" \/>\n<meta property=\"article:modified_time\" content=\"2025-02-04T11:20:21+00:00\" \/>\n<meta property=\"og:image\" content=\"https:\/\/www.belrobotics.com\/wp-content\/uploads\/2023\/05\/wisenav_header_bg_only.webp\" \/>\n\t<meta property=\"og:image:width\" content=\"1000\" \/>\n\t<meta property=\"og:image:height\" content=\"683\" \/>\n\t<meta property=\"og:image:type\" content=\"image\/webp\" \/>\n<meta name=\"twitter:card\" content=\"summary_large_image\" \/>\n<meta name=\"twitter:label1\" content=\"Est. reading time\" \/>\n\t<meta name=\"twitter:data1\" content=\"5 minutes\" \/>\n<script type=\"application\/ld+json\" class=\"yoast-schema-graph\">{\"@context\":\"https:\/\/schema.org\",\"@graph\":[{\"@type\":\"WebPage\",\"@id\":\"https:\/\/www.belrobotics.com\/ro\/wisenav-masina-de-tuns-iarba-gps-rtk-fara-fir\/\",\"url\":\"https:\/\/www.belrobotics.com\/ro\/wisenav-masina-de-tuns-iarba-gps-rtk-fara-fir\/\",\"name\":\"WiseNav: wire-free technology - Belrobotics\",\"isPartOf\":{\"@id\":\"https:\/\/www.belrobotics.com\/ro\/#website\"},\"primaryImageOfPage\":{\"@id\":\"https:\/\/www.belrobotics.com\/ro\/wisenav-masina-de-tuns-iarba-gps-rtk-fara-fir\/#primaryimage\"},\"image\":{\"@id\":\"https:\/\/www.belrobotics.com\/ro\/wisenav-masina-de-tuns-iarba-gps-rtk-fara-fir\/#primaryimage\"},\"thumbnailUrl\":\"https:\/\/www.belrobotics.com\/wp-content\/uploads\/2023\/05\/wisenav_header_bg_only.webp\",\"datePublished\":\"2023-05-25T14:57:53+00:00\",\"dateModified\":\"2025-02-04T11:20:21+00:00\",\"description\":\"The WiseNav wire-free technology in Belrobotics GPS-RTK robotic mowers is revolutionising strip pattern mowing\",\"breadcrumb\":{\"@id\":\"https:\/\/www.belrobotics.com\/ro\/wisenav-masina-de-tuns-iarba-gps-rtk-fara-fir\/#breadcrumb\"},\"inLanguage\":\"ro-RO\",\"potentialAction\":[{\"@type\":\"ReadAction\",\"target\":[\"https:\/\/www.belrobotics.com\/ro\/wisenav-masina-de-tuns-iarba-gps-rtk-fara-fir\/\"]}]},{\"@type\":\"ImageObject\",\"inLanguage\":\"ro-RO\",\"@id\":\"https:\/\/www.belrobotics.com\/ro\/wisenav-masina-de-tuns-iarba-gps-rtk-fara-fir\/#primaryimage\",\"url\":\"https:\/\/www.belrobotics.com\/wp-content\/uploads\/2023\/05\/wisenav_header_bg_only.webp\",\"contentUrl\":\"https:\/\/www.belrobotics.com\/wp-content\/uploads\/2023\/05\/wisenav_header_bg_only.webp\",\"width\":1000,\"height\":683},{\"@type\":\"BreadcrumbList\",\"@id\":\"https:\/\/www.belrobotics.com\/ro\/wisenav-masina-de-tuns-iarba-gps-rtk-fara-fir\/#breadcrumb\",\"itemListElement\":[{\"@type\":\"ListItem\",\"position\":1,\"name\":\"Home\",\"item\":\"https:\/\/www.belrobotics.com\/ro\/\"},{\"@type\":\"ListItem\",\"position\":2,\"name\":\"WiseNav: ma\u0219in\u0103 de tuns iarb\u0103 GPS-RTK f\u0103r\u0103 fir\"}]},{\"@type\":\"WebSite\",\"@id\":\"https:\/\/www.belrobotics.com\/ro\/#website\",\"url\":\"https:\/\/www.belrobotics.com\/ro\/\",\"name\":\"Belrobotics\",\"description\":\"The grass masters\",\"publisher\":{\"@id\":\"https:\/\/www.belrobotics.com\/ro\/#organization\"},\"potentialAction\":[{\"@type\":\"SearchAction\",\"target\":{\"@type\":\"EntryPoint\",\"urlTemplate\":\"https:\/\/www.belrobotics.com\/ro\/?s={search_term_string}\"},\"query-input\":{\"@type\":\"PropertyValueSpecification\",\"valueRequired\":true,\"valueName\":\"search_term_string\"}}],\"inLanguage\":\"ro-RO\"},{\"@type\":\"Organization\",\"@id\":\"https:\/\/www.belrobotics.com\/ro\/#organization\",\"name\":\"Belrobotics\",\"url\":\"https:\/\/www.belrobotics.com\/ro\/\",\"logo\":{\"@type\":\"ImageObject\",\"inLanguage\":\"ro-RO\",\"@id\":\"https:\/\/www.belrobotics.com\/ro\/#\/schema\/logo\/image\/\",\"url\":\"https:\/\/www.belrobotics.com\/wp-content\/uploads\/2019\/01\/logo-belrobotics.svg\",\"contentUrl\":\"https:\/\/www.belrobotics.com\/wp-content\/uploads\/2019\/01\/logo-belrobotics.svg\",\"width\":100,\"height\":16,\"caption\":\"Belrobotics\"},\"image\":{\"@id\":\"https:\/\/www.belrobotics.com\/ro\/#\/schema\/logo\/image\/\"},\"sameAs\":[\"https:\/\/www.facebook.com\/belrobotics\",\"https:\/\/www.youtube.com\/channel\/UCYgWBPRzEdXmUqLRL0JbUIw\",\"https:\/\/www.instagram.com\/belrobotics_europe\/\"]}]}<\/script>\n<!-- \/ Yoast SEO plugin. -->","yoast_head_json":{"title":"WiseNav: wire-free technology - Belrobotics","description":"The WiseNav wire-free technology in Belrobotics GPS-RTK robotic mowers is revolutionising strip pattern mowing","robots":{"index":"index","follow":"follow","max-snippet":"max-snippet:-1","max-image-preview":"max-image-preview:large","max-video-preview":"max-video-preview:-1"},"canonical":"https:\/\/www.belrobotics.com\/ro\/wisenav-masina-de-tuns-iarba-gps-rtk-fara-fir\/","og_locale":"ro_RO","og_type":"article","og_title":"WiseNav: wire-free technology - Belrobotics","og_description":"The WiseNav wire-free technology in Belrobotics GPS-RTK robotic mowers is revolutionising strip pattern mowing","og_url":"https:\/\/www.belrobotics.com\/ro\/wisenav-masina-de-tuns-iarba-gps-rtk-fara-fir\/","og_site_name":"Belrobotics","article_publisher":"https:\/\/www.facebook.com\/belrobotics","article_modified_time":"2025-02-04T11:20:21+00:00","og_image":[{"width":1000,"height":683,"url":"https:\/\/www.belrobotics.com\/wp-content\/uploads\/2023\/05\/wisenav_header_bg_only.webp","type":"image\/webp"}],"twitter_card":"summary_large_image","twitter_misc":{"Est. reading time":"5 minutes"},"schema":{"@context":"https:\/\/schema.org","@graph":[{"@type":"WebPage","@id":"https:\/\/www.belrobotics.com\/ro\/wisenav-masina-de-tuns-iarba-gps-rtk-fara-fir\/","url":"https:\/\/www.belrobotics.com\/ro\/wisenav-masina-de-tuns-iarba-gps-rtk-fara-fir\/","name":"WiseNav: wire-free technology - Belrobotics","isPartOf":{"@id":"https:\/\/www.belrobotics.com\/ro\/#website"},"primaryImageOfPage":{"@id":"https:\/\/www.belrobotics.com\/ro\/wisenav-masina-de-tuns-iarba-gps-rtk-fara-fir\/#primaryimage"},"image":{"@id":"https:\/\/www.belrobotics.com\/ro\/wisenav-masina-de-tuns-iarba-gps-rtk-fara-fir\/#primaryimage"},"thumbnailUrl":"https:\/\/www.belrobotics.com\/wp-content\/uploads\/2023\/05\/wisenav_header_bg_only.webp","datePublished":"2023-05-25T14:57:53+00:00","dateModified":"2025-02-04T11:20:21+00:00","description":"The WiseNav wire-free technology in Belrobotics GPS-RTK robotic mowers is revolutionising strip pattern mowing","breadcrumb":{"@id":"https:\/\/www.belrobotics.com\/ro\/wisenav-masina-de-tuns-iarba-gps-rtk-fara-fir\/#breadcrumb"},"inLanguage":"ro-RO","potentialAction":[{"@type":"ReadAction","target":["https:\/\/www.belrobotics.com\/ro\/wisenav-masina-de-tuns-iarba-gps-rtk-fara-fir\/"]}]},{"@type":"ImageObject","inLanguage":"ro-RO","@id":"https:\/\/www.belrobotics.com\/ro\/wisenav-masina-de-tuns-iarba-gps-rtk-fara-fir\/#primaryimage","url":"https:\/\/www.belrobotics.com\/wp-content\/uploads\/2023\/05\/wisenav_header_bg_only.webp","contentUrl":"https:\/\/www.belrobotics.com\/wp-content\/uploads\/2023\/05\/wisenav_header_bg_only.webp","width":1000,"height":683},{"@type":"BreadcrumbList","@id":"https:\/\/www.belrobotics.com\/ro\/wisenav-masina-de-tuns-iarba-gps-rtk-fara-fir\/#breadcrumb","itemListElement":[{"@type":"ListItem","position":1,"name":"Home","item":"https:\/\/www.belrobotics.com\/ro\/"},{"@type":"ListItem","position":2,"name":"WiseNav: ma\u0219in\u0103 de tuns iarb\u0103 GPS-RTK f\u0103r\u0103 fir"}]},{"@type":"WebSite","@id":"https:\/\/www.belrobotics.com\/ro\/#website","url":"https:\/\/www.belrobotics.com\/ro\/","name":"Belrobotics","description":"The grass masters","publisher":{"@id":"https:\/\/www.belrobotics.com\/ro\/#organization"},"potentialAction":[{"@type":"SearchAction","target":{"@type":"EntryPoint","urlTemplate":"https:\/\/www.belrobotics.com\/ro\/?s={search_term_string}"},"query-input":{"@type":"PropertyValueSpecification","valueRequired":true,"valueName":"search_term_string"}}],"inLanguage":"ro-RO"},{"@type":"Organization","@id":"https:\/\/www.belrobotics.com\/ro\/#organization","name":"Belrobotics","url":"https:\/\/www.belrobotics.com\/ro\/","logo":{"@type":"ImageObject","inLanguage":"ro-RO","@id":"https:\/\/www.belrobotics.com\/ro\/#\/schema\/logo\/image\/","url":"https:\/\/www.belrobotics.com\/wp-content\/uploads\/2019\/01\/logo-belrobotics.svg","contentUrl":"https:\/\/www.belrobotics.com\/wp-content\/uploads\/2019\/01\/logo-belrobotics.svg","width":100,"height":16,"caption":"Belrobotics"},"image":{"@id":"https:\/\/www.belrobotics.com\/ro\/#\/schema\/logo\/image\/"},"sameAs":["https:\/\/www.facebook.com\/belrobotics","https:\/\/www.youtube.com\/channel\/UCYgWBPRzEdXmUqLRL0JbUIw","https:\/\/www.instagram.com\/belrobotics_europe\/"]}]}},"_links":{"self":[{"href":"https:\/\/www.belrobotics.com\/ro\/wp-json\/wp\/v2\/pages\/40572","targetHints":{"allow":["GET"]}}],"collection":[{"href":"https:\/\/www.belrobotics.com\/ro\/wp-json\/wp\/v2\/pages"}],"about":[{"href":"https:\/\/www.belrobotics.com\/ro\/wp-json\/wp\/v2\/types\/page"}],"author":[{"embeddable":true,"href":"https:\/\/www.belrobotics.com\/ro\/wp-json\/wp\/v2\/users\/9"}],"replies":[{"embeddable":true,"href":"https:\/\/www.belrobotics.com\/ro\/wp-json\/wp\/v2\/comments?post=40572"}],"version-history":[{"count":3,"href":"https:\/\/www.belrobotics.com\/ro\/wp-json\/wp\/v2\/pages\/40572\/revisions"}],"predecessor-version":[{"id":41007,"href":"https:\/\/www.belrobotics.com\/ro\/wp-json\/wp\/v2\/pages\/40572\/revisions\/41007"}],"wp:featuredmedia":[{"embeddable":true,"href":"https:\/\/www.belrobotics.com\/ro\/wp-json\/wp\/v2\/media\/40574"}],"wp:attachment":[{"href":"https:\/\/www.belrobotics.com\/ro\/wp-json\/wp\/v2\/media?parent=40572"}],"curies":[{"name":"wp","href":"https:\/\/api.w.org\/{rel}","templated":true}]}}