{"id":9373,"date":"2020-03-18T16:18:08","date_gmt":"2020-03-18T15:18:08","guid":{"rendered":"https:\/\/belrobotics.andromede.digital\/kluby-sportowe\/"},"modified":"2020-03-24T16:06:32","modified_gmt":"2020-03-24T15:06:32","slug":"kluby-sportowe","status":"publish","type":"page","link":"https:\/\/www.belrobotics.com\/pl\/kluby-sportowe\/","title":{"rendered":"Kluby sportowe"},"content":{"rendered":"<h2 class=\"h3\">Poprawa jako\u015bci murawy i kalibracja warunk\u00f3w gry<\/h2>\n<p>Kosiarka Bigmow jest idealnym rozwi\u0105zaniem w obszarze boisk sportowych dla wszystkich dyscyplin rozgrywanych na trawie. Setki klub\u00f3w u\u017cywaj\u0105 jej ju\u017c do poprawy jako\u015bci trawy i realizowania powa\u017cnych oszcz\u0119dno\u015bci. R\u00f3wnomierne koszenie, 3\u20135 kosze\u0144 tygodniowo i oszcz\u0119dno\u015bci rz\u0119du 50%. Zapewnianie najlepszych warunk\u00f3w dla boisk sportowych bez interwencji ludzkiej.<\/p>\n","protected":false},"excerpt":{"rendered":"<p>Poprawa jako\u015bci murawy i kalibracja warunk\u00f3w gry Kosiarka Bigmow jest idealnym rozwi\u0105zaniem w obszarze boisk sportowych dla wszystkich dyscyplin rozgrywanych na trawie. Setki klub\u00f3w u\u017cywaj\u0105 jej ju\u017c do poprawy jako\u015bci trawy i realizowania powa\u017cnych oszcz\u0119dno\u015bci. R\u00f3wnomierne koszenie, 3\u20135 kosze\u0144 tygodniowo i oszcz\u0119dno\u015bci rz\u0119du 50%. Zapewnianie najlepszych warunk\u00f3w dla boisk sportowych bez interwencji ludzkiej.<\/p>\n","protected":false},"author":9,"featured_media":9260,"parent":0,"menu_order":0,"comment_status":"closed","ping_status":"closed","template":"utilisation.php","meta":{"_acf_changed":false,"footnotes":""},"class_list":["post-9373","page","type-page","status-publish","has-post-thumbnail","hentry"],"acf":[],"yoast_head":"<!-- This site is optimized with the Yoast SEO plugin v26.9 - https:\/\/yoast.com\/product\/yoast-seo-wordpress\/ -->\n<title>Kosiarki do boisk sportowych | Robot-kosiarka \u2013 Belrobotics<\/title>\n<meta name=\"description\" content=\"Bigmow jest idealnym robotem-kosiark\u0105 do boisk dla ka\u017cdej dyscypliny sportu. U\u017cywaj\u0105 go ju\u017c setki klub\u00f3w!\" \/>\n<meta name=\"robots\" content=\"index, follow, max-snippet:-1, max-image-preview:large, max-video-preview:-1\" \/>\n<link rel=\"canonical\" href=\"https:\/\/www.belrobotics.com\/pl\/kluby-sportowe\/\" \/>\n<meta property=\"og:locale\" content=\"pl_PL\" \/>\n<meta property=\"og:type\" content=\"article\" \/>\n<meta property=\"og:title\" content=\"Kosiarki do boisk sportowych | Robot-kosiarka \u2013 Belrobotics\" \/>\n<meta property=\"og:description\" content=\"Bigmow jest idealnym robotem-kosiark\u0105 do boisk dla ka\u017cdej dyscypliny sportu. U\u017cywaj\u0105 go ju\u017c setki klub\u00f3w!\" \/>\n<meta property=\"og:url\" content=\"https:\/\/www.belrobotics.com\/pl\/kluby-sportowe\/\" \/>\n<meta property=\"og:site_name\" content=\"Belrobotics\" \/>\n<meta property=\"article:publisher\" content=\"https:\/\/www.facebook.com\/belrobotics\" \/>\n<meta property=\"article:modified_time\" content=\"2020-03-24T15:06:32+00:00\" \/>\n<meta property=\"og:image\" content=\"https:\/\/www.belrobotics.com\/wp-content\/uploads\/2019\/01\/big-mow-action-2-1.jpg\" \/>\n\t<meta property=\"og:image:width\" content=\"2251\" \/>\n\t<meta property=\"og:image:height\" content=\"1745\" \/>\n\t<meta property=\"og:image:type\" content=\"image\/jpeg\" \/>\n<meta name=\"twitter:card\" content=\"summary_large_image\" \/>\n<script type=\"application\/ld+json\" class=\"yoast-schema-graph\">{\"@context\":\"https:\/\/schema.org\",\"@graph\":[{\"@type\":\"WebPage\",\"@id\":\"https:\/\/www.belrobotics.com\/pl\/kluby-sportowe\/\",\"url\":\"https:\/\/www.belrobotics.com\/pl\/kluby-sportowe\/\",\"name\":\"Kosiarki do boisk sportowych | Robot-kosiarka \u2013 Belrobotics\",\"isPartOf\":{\"@id\":\"https:\/\/www.belrobotics.com\/pl\/#website\"},\"primaryImageOfPage\":{\"@id\":\"https:\/\/www.belrobotics.com\/pl\/kluby-sportowe\/#primaryimage\"},\"image\":{\"@id\":\"https:\/\/www.belrobotics.com\/pl\/kluby-sportowe\/#primaryimage\"},\"thumbnailUrl\":\"https:\/\/www.belrobotics.com\/wp-content\/uploads\/2019\/01\/big-mow-action-2-1.jpg\",\"datePublished\":\"2020-03-18T15:18:08+00:00\",\"dateModified\":\"2020-03-24T15:06:32+00:00\",\"description\":\"Bigmow jest idealnym robotem-kosiark\u0105 do boisk dla ka\u017cdej dyscypliny sportu. U\u017cywaj\u0105 go ju\u017c setki klub\u00f3w!\",\"breadcrumb\":{\"@id\":\"https:\/\/www.belrobotics.com\/pl\/kluby-sportowe\/#breadcrumb\"},\"inLanguage\":\"pl-PL\",\"potentialAction\":[{\"@type\":\"ReadAction\",\"target\":[\"https:\/\/www.belrobotics.com\/pl\/kluby-sportowe\/\"]}]},{\"@type\":\"ImageObject\",\"inLanguage\":\"pl-PL\",\"@id\":\"https:\/\/www.belrobotics.com\/pl\/kluby-sportowe\/#primaryimage\",\"url\":\"https:\/\/www.belrobotics.com\/wp-content\/uploads\/2019\/01\/big-mow-action-2-1.jpg\",\"contentUrl\":\"https:\/\/www.belrobotics.com\/wp-content\/uploads\/2019\/01\/big-mow-action-2-1.jpg\",\"width\":2251,\"height\":1745},{\"@type\":\"BreadcrumbList\",\"@id\":\"https:\/\/www.belrobotics.com\/pl\/kluby-sportowe\/#breadcrumb\",\"itemListElement\":[{\"@type\":\"ListItem\",\"position\":1,\"name\":\"Home\",\"item\":\"https:\/\/www.belrobotics.com\/pl\/\"},{\"@type\":\"ListItem\",\"position\":2,\"name\":\"Kluby sportowe\"}]},{\"@type\":\"WebSite\",\"@id\":\"https:\/\/www.belrobotics.com\/pl\/#website\",\"url\":\"https:\/\/www.belrobotics.com\/pl\/\",\"name\":\"Belrobotics\",\"description\":\"The grass masters\",\"publisher\":{\"@id\":\"https:\/\/www.belrobotics.com\/pl\/#organization\"},\"potentialAction\":[{\"@type\":\"SearchAction\",\"target\":{\"@type\":\"EntryPoint\",\"urlTemplate\":\"https:\/\/www.belrobotics.com\/pl\/?s={search_term_string}\"},\"query-input\":{\"@type\":\"PropertyValueSpecification\",\"valueRequired\":true,\"valueName\":\"search_term_string\"}}],\"inLanguage\":\"pl-PL\"},{\"@type\":\"Organization\",\"@id\":\"https:\/\/www.belrobotics.com\/pl\/#organization\",\"name\":\"Belrobotics\",\"url\":\"https:\/\/www.belrobotics.com\/pl\/\",\"logo\":{\"@type\":\"ImageObject\",\"inLanguage\":\"pl-PL\",\"@id\":\"https:\/\/www.belrobotics.com\/pl\/#\/schema\/logo\/image\/\",\"url\":\"https:\/\/www.belrobotics.com\/wp-content\/uploads\/2019\/01\/logo-belrobotics.svg\",\"contentUrl\":\"https:\/\/www.belrobotics.com\/wp-content\/uploads\/2019\/01\/logo-belrobotics.svg\",\"width\":100,\"height\":16,\"caption\":\"Belrobotics\"},\"image\":{\"@id\":\"https:\/\/www.belrobotics.com\/pl\/#\/schema\/logo\/image\/\"},\"sameAs\":[\"https:\/\/www.facebook.com\/belrobotics\",\"https:\/\/www.youtube.com\/channel\/UCYgWBPRzEdXmUqLRL0JbUIw\",\"https:\/\/www.instagram.com\/belrobotics_europe\/\"]}]}<\/script>\n<!-- \/ Yoast SEO plugin. -->","yoast_head_json":{"title":"Kosiarki do boisk sportowych | Robot-kosiarka \u2013 Belrobotics","description":"Bigmow jest idealnym robotem-kosiark\u0105 do boisk dla ka\u017cdej dyscypliny sportu. U\u017cywaj\u0105 go ju\u017c setki klub\u00f3w!","robots":{"index":"index","follow":"follow","max-snippet":"max-snippet:-1","max-image-preview":"max-image-preview:large","max-video-preview":"max-video-preview:-1"},"canonical":"https:\/\/www.belrobotics.com\/pl\/kluby-sportowe\/","og_locale":"pl_PL","og_type":"article","og_title":"Kosiarki do boisk sportowych | Robot-kosiarka \u2013 Belrobotics","og_description":"Bigmow jest idealnym robotem-kosiark\u0105 do boisk dla ka\u017cdej dyscypliny sportu. U\u017cywaj\u0105 go ju\u017c setki klub\u00f3w!","og_url":"https:\/\/www.belrobotics.com\/pl\/kluby-sportowe\/","og_site_name":"Belrobotics","article_publisher":"https:\/\/www.facebook.com\/belrobotics","article_modified_time":"2020-03-24T15:06:32+00:00","og_image":[{"width":2251,"height":1745,"url":"https:\/\/www.belrobotics.com\/wp-content\/uploads\/2019\/01\/big-mow-action-2-1.jpg","type":"image\/jpeg"}],"twitter_card":"summary_large_image","schema":{"@context":"https:\/\/schema.org","@graph":[{"@type":"WebPage","@id":"https:\/\/www.belrobotics.com\/pl\/kluby-sportowe\/","url":"https:\/\/www.belrobotics.com\/pl\/kluby-sportowe\/","name":"Kosiarki do boisk sportowych | Robot-kosiarka \u2013 Belrobotics","isPartOf":{"@id":"https:\/\/www.belrobotics.com\/pl\/#website"},"primaryImageOfPage":{"@id":"https:\/\/www.belrobotics.com\/pl\/kluby-sportowe\/#primaryimage"},"image":{"@id":"https:\/\/www.belrobotics.com\/pl\/kluby-sportowe\/#primaryimage"},"thumbnailUrl":"https:\/\/www.belrobotics.com\/wp-content\/uploads\/2019\/01\/big-mow-action-2-1.jpg","datePublished":"2020-03-18T15:18:08+00:00","dateModified":"2020-03-24T15:06:32+00:00","description":"Bigmow jest idealnym robotem-kosiark\u0105 do boisk dla ka\u017cdej dyscypliny sportu. U\u017cywaj\u0105 go ju\u017c setki klub\u00f3w!","breadcrumb":{"@id":"https:\/\/www.belrobotics.com\/pl\/kluby-sportowe\/#breadcrumb"},"inLanguage":"pl-PL","potentialAction":[{"@type":"ReadAction","target":["https:\/\/www.belrobotics.com\/pl\/kluby-sportowe\/"]}]},{"@type":"ImageObject","inLanguage":"pl-PL","@id":"https:\/\/www.belrobotics.com\/pl\/kluby-sportowe\/#primaryimage","url":"https:\/\/www.belrobotics.com\/wp-content\/uploads\/2019\/01\/big-mow-action-2-1.jpg","contentUrl":"https:\/\/www.belrobotics.com\/wp-content\/uploads\/2019\/01\/big-mow-action-2-1.jpg","width":2251,"height":1745},{"@type":"BreadcrumbList","@id":"https:\/\/www.belrobotics.com\/pl\/kluby-sportowe\/#breadcrumb","itemListElement":[{"@type":"ListItem","position":1,"name":"Home","item":"https:\/\/www.belrobotics.com\/pl\/"},{"@type":"ListItem","position":2,"name":"Kluby sportowe"}]},{"@type":"WebSite","@id":"https:\/\/www.belrobotics.com\/pl\/#website","url":"https:\/\/www.belrobotics.com\/pl\/","name":"Belrobotics","description":"The grass masters","publisher":{"@id":"https:\/\/www.belrobotics.com\/pl\/#organization"},"potentialAction":[{"@type":"SearchAction","target":{"@type":"EntryPoint","urlTemplate":"https:\/\/www.belrobotics.com\/pl\/?s={search_term_string}"},"query-input":{"@type":"PropertyValueSpecification","valueRequired":true,"valueName":"search_term_string"}}],"inLanguage":"pl-PL"},{"@type":"Organization","@id":"https:\/\/www.belrobotics.com\/pl\/#organization","name":"Belrobotics","url":"https:\/\/www.belrobotics.com\/pl\/","logo":{"@type":"ImageObject","inLanguage":"pl-PL","@id":"https:\/\/www.belrobotics.com\/pl\/#\/schema\/logo\/image\/","url":"https:\/\/www.belrobotics.com\/wp-content\/uploads\/2019\/01\/logo-belrobotics.svg","contentUrl":"https:\/\/www.belrobotics.com\/wp-content\/uploads\/2019\/01\/logo-belrobotics.svg","width":100,"height":16,"caption":"Belrobotics"},"image":{"@id":"https:\/\/www.belrobotics.com\/pl\/#\/schema\/logo\/image\/"},"sameAs":["https:\/\/www.facebook.com\/belrobotics","https:\/\/www.youtube.com\/channel\/UCYgWBPRzEdXmUqLRL0JbUIw","https:\/\/www.instagram.com\/belrobotics_europe\/"]}]}},"_links":{"self":[{"href":"https:\/\/www.belrobotics.com\/pl\/wp-json\/wp\/v2\/pages\/9373","targetHints":{"allow":["GET"]}}],"collection":[{"href":"https:\/\/www.belrobotics.com\/pl\/wp-json\/wp\/v2\/pages"}],"about":[{"href":"https:\/\/www.belrobotics.com\/pl\/wp-json\/wp\/v2\/types\/page"}],"author":[{"embeddable":true,"href":"https:\/\/www.belrobotics.com\/pl\/wp-json\/wp\/v2\/users\/9"}],"replies":[{"embeddable":true,"href":"https:\/\/www.belrobotics.com\/pl\/wp-json\/wp\/v2\/comments?post=9373"}],"version-history":[{"count":0,"href":"https:\/\/www.belrobotics.com\/pl\/wp-json\/wp\/v2\/pages\/9373\/revisions"}],"wp:featuredmedia":[{"embeddable":true,"href":"https:\/\/www.belrobotics.com\/pl\/wp-json\/wp\/v2\/media\/9260"}],"wp:attachment":[{"href":"https:\/\/www.belrobotics.com\/pl\/wp-json\/wp\/v2\/media?parent=9373"}],"curies":[{"name":"wp","href":"https:\/\/api.w.org\/{rel}","templated":true}]}}