{"id":42096,"date":"2025-08-12T10:16:31","date_gmt":"2025-08-12T09:16:31","guid":{"rendered":"https:\/\/www.belrobotics.com\/wisecut-hauteur-tonte-automatique\/"},"modified":"2025-08-13T16:01:11","modified_gmt":"2025-08-13T15:01:11","slug":"wisecut-automatyczna-wysokosc-ciecia","status":"publish","type":"page","link":"https:\/\/www.belrobotics.com\/pl\/wisecut-automatyczna-wysokosc-ciecia\/","title":{"rendered":"Wisecut: idealne dopasowanie do ka\u017cdej cz\u0119\u015bci pola golfowego"},"content":{"rendered":"<h2 class=\"h3\">Automatyczna wysoko\u015b\u0107 i\u00a0styl koszenia<\/h2>\n<p class=\"p1\">Technologia Wisecut to jedna z\u00a0nowych funkcji wyj\u0105tkowej aktualizacji oprogramowania dla robot\u00f3w kosz\u0105cych GPS-RTK. Wysoko\u015b\u0107 i\u00a0styl koszenia (pasy, spirale) dostosowuj\u0105 si\u0119 automatycznie do r\u00f3\u017cnych obszar\u00f3w pola, zgodnie z\u00a0Twoimi kryteriami. Doskona\u0142y rezultat bez konieczno\u015bci r\u0119cznej regulacji.<\/p>\n<h2 class=\"h3\">Bezkonkurencyjne, estetyczne rezultaty<\/h2>\n<p class=\"p1\">Dzi\u0119ki technologii Wisecut ka\u017cda powierzchnia jest optymalnie przygotowana, w\u00a0zale\u017cno\u015bci od jej przeznaczenia. Boiska sportowe, parki i\u00a0rozleg\u0142e tereny zielone s\u0105 koszone z\u00a0najwy\u017csz\u0105 precyzj\u0105. Na polach golfowych ka\u017cdy obszar gry \u2013 tee, fairwaye, p\u00f3\u0142pobocza, pobocza oraz otoczenie green\u00f3w \u2013 skorzysta z\u00a0idealnie dopasowanego, zautomatyzowanego koszenia. Zapewnia to profesjonalny i\u00a0estetyczny efekt.<\/p>\n","protected":false},"excerpt":{"rendered":"<p>Automatyczna wysoko\u015b\u0107 i\u00a0styl koszenia Technologia Wisecut to jedna z\u00a0nowych funkcji wyj\u0105tkowej aktualizacji oprogramowania dla robot\u00f3w kosz\u0105cych GPS-RTK. Wysoko\u015b\u0107 i\u00a0styl koszenia (pasy, spirale) dostosowuj\u0105 si\u0119 automatycznie do r\u00f3\u017cnych obszar\u00f3w pola, zgodnie z\u00a0Twoimi kryteriami. Doskona\u0142y rezultat bez konieczno\u015bci r\u0119cznej regulacji. Bezkonkurencyjne, estetyczne rezultaty Dzi\u0119ki technologii Wisecut ka\u017cda powierzchnia jest optymalnie przygotowana, w\u00a0zale\u017cno\u015bci od jej przeznaczenia. Boiska sportowe, [&hellip;]<\/p>\n","protected":false},"author":9,"featured_media":42023,"parent":0,"menu_order":0,"comment_status":"closed","ping_status":"closed","template":"wisecut.php","meta":{"_acf_changed":false,"footnotes":""},"class_list":["post-42096","page","type-page","status-publish","has-post-thumbnail","hentry"],"acf":[],"yoast_head":"<!-- This site is optimized with the Yoast SEO plugin v26.9 - https:\/\/yoast.com\/product\/yoast-seo-wordpress\/ -->\n<title>Wisecut: idealne dopasowanie do ka\u017cdej cz\u0119\u015bci pola golfowego - Belrobotics<\/title>\n<meta name=\"description\" content=\"Odkryj Wisecut: wysoko\u015b\u0107 i wz\u00f3r koszenia dostosowuj\u0105 si\u0119 automatycznie do green\u00f3w, tee i fairway\u00f3w. Nienaganne wyniki, zero r\u0119cznych regulacji.\" \/>\n<meta name=\"robots\" content=\"index, follow, max-snippet:-1, max-image-preview:large, max-video-preview:-1\" \/>\n<link rel=\"canonical\" href=\"https:\/\/www.belrobotics.com\/pl\/wisecut-automatyczna-wysokosc-ciecia\/\" \/>\n<meta property=\"og:locale\" content=\"pl_PL\" \/>\n<meta property=\"og:type\" content=\"article\" \/>\n<meta property=\"og:title\" content=\"Wisecut: idealne dopasowanie do ka\u017cdej cz\u0119\u015bci pola golfowego - Belrobotics\" \/>\n<meta property=\"og:description\" content=\"Odkryj Wisecut: wysoko\u015b\u0107 i wz\u00f3r koszenia dostosowuj\u0105 si\u0119 automatycznie do green\u00f3w, tee i fairway\u00f3w. Nienaganne wyniki, zero r\u0119cznych regulacji.\" \/>\n<meta property=\"og:url\" content=\"https:\/\/www.belrobotics.com\/pl\/wisecut-automatyczna-wysokosc-ciecia\/\" \/>\n<meta property=\"og:site_name\" content=\"Belrobotics\" \/>\n<meta property=\"article:publisher\" content=\"https:\/\/www.facebook.com\/belrobotics\" \/>\n<meta property=\"article:modified_time\" content=\"2025-08-13T15:01:11+00:00\" \/>\n<meta property=\"og:image\" content=\"https:\/\/www.belrobotics.com\/wp-content\/uploads\/2025\/08\/wisecut_page_hero.webp\" \/>\n\t<meta property=\"og:image:width\" content=\"1300\" \/>\n\t<meta property=\"og:image:height\" content=\"1079\" \/>\n\t<meta property=\"og:image:type\" content=\"image\/webp\" \/>\n<meta name=\"twitter:card\" content=\"summary_large_image\" \/>\n<meta name=\"twitter:label1\" content=\"Szacowany czas czytania\" \/>\n\t<meta name=\"twitter:data1\" content=\"6 minut\" \/>\n<script type=\"application\/ld+json\" class=\"yoast-schema-graph\">{\"@context\":\"https:\/\/schema.org\",\"@graph\":[{\"@type\":\"WebPage\",\"@id\":\"https:\/\/www.belrobotics.com\/pl\/wisecut-automatyczna-wysokosc-ciecia\/\",\"url\":\"https:\/\/www.belrobotics.com\/pl\/wisecut-automatyczna-wysokosc-ciecia\/\",\"name\":\"Wisecut: idealne dopasowanie do ka\u017cdej cz\u0119\u015bci pola golfowego - Belrobotics\",\"isPartOf\":{\"@id\":\"https:\/\/www.belrobotics.com\/pl\/#website\"},\"primaryImageOfPage\":{\"@id\":\"https:\/\/www.belrobotics.com\/pl\/wisecut-automatyczna-wysokosc-ciecia\/#primaryimage\"},\"image\":{\"@id\":\"https:\/\/www.belrobotics.com\/pl\/wisecut-automatyczna-wysokosc-ciecia\/#primaryimage\"},\"thumbnailUrl\":\"https:\/\/www.belrobotics.com\/wp-content\/uploads\/2025\/08\/wisecut_page_hero.webp\",\"datePublished\":\"2025-08-12T09:16:31+00:00\",\"dateModified\":\"2025-08-13T15:01:11+00:00\",\"description\":\"Odkryj Wisecut: wysoko\u015b\u0107 i wz\u00f3r koszenia dostosowuj\u0105 si\u0119 automatycznie do green\u00f3w, tee i fairway\u00f3w. Nienaganne wyniki, zero r\u0119cznych regulacji.\",\"breadcrumb\":{\"@id\":\"https:\/\/www.belrobotics.com\/pl\/wisecut-automatyczna-wysokosc-ciecia\/#breadcrumb\"},\"inLanguage\":\"pl-PL\",\"potentialAction\":[{\"@type\":\"ReadAction\",\"target\":[\"https:\/\/www.belrobotics.com\/pl\/wisecut-automatyczna-wysokosc-ciecia\/\"]}]},{\"@type\":\"ImageObject\",\"inLanguage\":\"pl-PL\",\"@id\":\"https:\/\/www.belrobotics.com\/pl\/wisecut-automatyczna-wysokosc-ciecia\/#primaryimage\",\"url\":\"https:\/\/www.belrobotics.com\/wp-content\/uploads\/2025\/08\/wisecut_page_hero.webp\",\"contentUrl\":\"https:\/\/www.belrobotics.com\/wp-content\/uploads\/2025\/08\/wisecut_page_hero.webp\",\"width\":1300,\"height\":1079},{\"@type\":\"BreadcrumbList\",\"@id\":\"https:\/\/www.belrobotics.com\/pl\/wisecut-automatyczna-wysokosc-ciecia\/#breadcrumb\",\"itemListElement\":[{\"@type\":\"ListItem\",\"position\":1,\"name\":\"Home\",\"item\":\"https:\/\/www.belrobotics.com\/pl\/\"},{\"@type\":\"ListItem\",\"position\":2,\"name\":\"Wisecut: idealne dopasowanie do ka\u017cdej cz\u0119\u015bci pola golfowego\"}]},{\"@type\":\"WebSite\",\"@id\":\"https:\/\/www.belrobotics.com\/pl\/#website\",\"url\":\"https:\/\/www.belrobotics.com\/pl\/\",\"name\":\"Belrobotics\",\"description\":\"The grass masters\",\"publisher\":{\"@id\":\"https:\/\/www.belrobotics.com\/pl\/#organization\"},\"potentialAction\":[{\"@type\":\"SearchAction\",\"target\":{\"@type\":\"EntryPoint\",\"urlTemplate\":\"https:\/\/www.belrobotics.com\/pl\/?s={search_term_string}\"},\"query-input\":{\"@type\":\"PropertyValueSpecification\",\"valueRequired\":true,\"valueName\":\"search_term_string\"}}],\"inLanguage\":\"pl-PL\"},{\"@type\":\"Organization\",\"@id\":\"https:\/\/www.belrobotics.com\/pl\/#organization\",\"name\":\"Belrobotics\",\"url\":\"https:\/\/www.belrobotics.com\/pl\/\",\"logo\":{\"@type\":\"ImageObject\",\"inLanguage\":\"pl-PL\",\"@id\":\"https:\/\/www.belrobotics.com\/pl\/#\/schema\/logo\/image\/\",\"url\":\"https:\/\/www.belrobotics.com\/wp-content\/uploads\/2019\/01\/logo-belrobotics.svg\",\"contentUrl\":\"https:\/\/www.belrobotics.com\/wp-content\/uploads\/2019\/01\/logo-belrobotics.svg\",\"width\":100,\"height\":16,\"caption\":\"Belrobotics\"},\"image\":{\"@id\":\"https:\/\/www.belrobotics.com\/pl\/#\/schema\/logo\/image\/\"},\"sameAs\":[\"https:\/\/www.facebook.com\/belrobotics\",\"https:\/\/www.youtube.com\/channel\/UCYgWBPRzEdXmUqLRL0JbUIw\",\"https:\/\/www.instagram.com\/belrobotics_europe\/\"]}]}<\/script>\n<!-- \/ Yoast SEO plugin. -->","yoast_head_json":{"title":"Wisecut: idealne dopasowanie do ka\u017cdej cz\u0119\u015bci pola golfowego - Belrobotics","description":"Odkryj Wisecut: wysoko\u015b\u0107 i wz\u00f3r koszenia dostosowuj\u0105 si\u0119 automatycznie do green\u00f3w, tee i fairway\u00f3w. Nienaganne wyniki, zero r\u0119cznych regulacji.","robots":{"index":"index","follow":"follow","max-snippet":"max-snippet:-1","max-image-preview":"max-image-preview:large","max-video-preview":"max-video-preview:-1"},"canonical":"https:\/\/www.belrobotics.com\/pl\/wisecut-automatyczna-wysokosc-ciecia\/","og_locale":"pl_PL","og_type":"article","og_title":"Wisecut: idealne dopasowanie do ka\u017cdej cz\u0119\u015bci pola golfowego - Belrobotics","og_description":"Odkryj Wisecut: wysoko\u015b\u0107 i wz\u00f3r koszenia dostosowuj\u0105 si\u0119 automatycznie do green\u00f3w, tee i fairway\u00f3w. Nienaganne wyniki, zero r\u0119cznych regulacji.","og_url":"https:\/\/www.belrobotics.com\/pl\/wisecut-automatyczna-wysokosc-ciecia\/","og_site_name":"Belrobotics","article_publisher":"https:\/\/www.facebook.com\/belrobotics","article_modified_time":"2025-08-13T15:01:11+00:00","og_image":[{"width":1300,"height":1079,"url":"https:\/\/www.belrobotics.com\/wp-content\/uploads\/2025\/08\/wisecut_page_hero.webp","type":"image\/webp"}],"twitter_card":"summary_large_image","twitter_misc":{"Szacowany czas czytania":"6 minut"},"schema":{"@context":"https:\/\/schema.org","@graph":[{"@type":"WebPage","@id":"https:\/\/www.belrobotics.com\/pl\/wisecut-automatyczna-wysokosc-ciecia\/","url":"https:\/\/www.belrobotics.com\/pl\/wisecut-automatyczna-wysokosc-ciecia\/","name":"Wisecut: idealne dopasowanie do ka\u017cdej cz\u0119\u015bci pola golfowego - Belrobotics","isPartOf":{"@id":"https:\/\/www.belrobotics.com\/pl\/#website"},"primaryImageOfPage":{"@id":"https:\/\/www.belrobotics.com\/pl\/wisecut-automatyczna-wysokosc-ciecia\/#primaryimage"},"image":{"@id":"https:\/\/www.belrobotics.com\/pl\/wisecut-automatyczna-wysokosc-ciecia\/#primaryimage"},"thumbnailUrl":"https:\/\/www.belrobotics.com\/wp-content\/uploads\/2025\/08\/wisecut_page_hero.webp","datePublished":"2025-08-12T09:16:31+00:00","dateModified":"2025-08-13T15:01:11+00:00","description":"Odkryj Wisecut: wysoko\u015b\u0107 i wz\u00f3r koszenia dostosowuj\u0105 si\u0119 automatycznie do green\u00f3w, tee i fairway\u00f3w. Nienaganne wyniki, zero r\u0119cznych regulacji.","breadcrumb":{"@id":"https:\/\/www.belrobotics.com\/pl\/wisecut-automatyczna-wysokosc-ciecia\/#breadcrumb"},"inLanguage":"pl-PL","potentialAction":[{"@type":"ReadAction","target":["https:\/\/www.belrobotics.com\/pl\/wisecut-automatyczna-wysokosc-ciecia\/"]}]},{"@type":"ImageObject","inLanguage":"pl-PL","@id":"https:\/\/www.belrobotics.com\/pl\/wisecut-automatyczna-wysokosc-ciecia\/#primaryimage","url":"https:\/\/www.belrobotics.com\/wp-content\/uploads\/2025\/08\/wisecut_page_hero.webp","contentUrl":"https:\/\/www.belrobotics.com\/wp-content\/uploads\/2025\/08\/wisecut_page_hero.webp","width":1300,"height":1079},{"@type":"BreadcrumbList","@id":"https:\/\/www.belrobotics.com\/pl\/wisecut-automatyczna-wysokosc-ciecia\/#breadcrumb","itemListElement":[{"@type":"ListItem","position":1,"name":"Home","item":"https:\/\/www.belrobotics.com\/pl\/"},{"@type":"ListItem","position":2,"name":"Wisecut: idealne dopasowanie do ka\u017cdej cz\u0119\u015bci pola golfowego"}]},{"@type":"WebSite","@id":"https:\/\/www.belrobotics.com\/pl\/#website","url":"https:\/\/www.belrobotics.com\/pl\/","name":"Belrobotics","description":"The grass masters","publisher":{"@id":"https:\/\/www.belrobotics.com\/pl\/#organization"},"potentialAction":[{"@type":"SearchAction","target":{"@type":"EntryPoint","urlTemplate":"https:\/\/www.belrobotics.com\/pl\/?s={search_term_string}"},"query-input":{"@type":"PropertyValueSpecification","valueRequired":true,"valueName":"search_term_string"}}],"inLanguage":"pl-PL"},{"@type":"Organization","@id":"https:\/\/www.belrobotics.com\/pl\/#organization","name":"Belrobotics","url":"https:\/\/www.belrobotics.com\/pl\/","logo":{"@type":"ImageObject","inLanguage":"pl-PL","@id":"https:\/\/www.belrobotics.com\/pl\/#\/schema\/logo\/image\/","url":"https:\/\/www.belrobotics.com\/wp-content\/uploads\/2019\/01\/logo-belrobotics.svg","contentUrl":"https:\/\/www.belrobotics.com\/wp-content\/uploads\/2019\/01\/logo-belrobotics.svg","width":100,"height":16,"caption":"Belrobotics"},"image":{"@id":"https:\/\/www.belrobotics.com\/pl\/#\/schema\/logo\/image\/"},"sameAs":["https:\/\/www.facebook.com\/belrobotics","https:\/\/www.youtube.com\/channel\/UCYgWBPRzEdXmUqLRL0JbUIw","https:\/\/www.instagram.com\/belrobotics_europe\/"]}]}},"_links":{"self":[{"href":"https:\/\/www.belrobotics.com\/pl\/wp-json\/wp\/v2\/pages\/42096","targetHints":{"allow":["GET"]}}],"collection":[{"href":"https:\/\/www.belrobotics.com\/pl\/wp-json\/wp\/v2\/pages"}],"about":[{"href":"https:\/\/www.belrobotics.com\/pl\/wp-json\/wp\/v2\/types\/page"}],"author":[{"embeddable":true,"href":"https:\/\/www.belrobotics.com\/pl\/wp-json\/wp\/v2\/users\/9"}],"replies":[{"embeddable":true,"href":"https:\/\/www.belrobotics.com\/pl\/wp-json\/wp\/v2\/comments?post=42096"}],"version-history":[{"count":3,"href":"https:\/\/www.belrobotics.com\/pl\/wp-json\/wp\/v2\/pages\/42096\/revisions"}],"predecessor-version":[{"id":42281,"href":"https:\/\/www.belrobotics.com\/pl\/wp-json\/wp\/v2\/pages\/42096\/revisions\/42281"}],"wp:featuredmedia":[{"embeddable":true,"href":"https:\/\/www.belrobotics.com\/pl\/wp-json\/wp\/v2\/media\/42023"}],"wp:attachment":[{"href":"https:\/\/www.belrobotics.com\/pl\/wp-json\/wp\/v2\/media?parent=42096"}],"curies":[{"name":"wp","href":"https:\/\/api.w.org\/{rel}","templated":true}]}}