{"id":24097,"date":"2023-05-26T13:44:11","date_gmt":"2023-05-26T12:44:11","guid":{"rendered":"https:\/\/belrobotics.andromede.digital\/?page_id=24097"},"modified":"2023-06-26T11:42:08","modified_gmt":"2023-06-26T10:42:08","slug":"wisenav-robot-koszacy-gps-rtk-bez-przewodu-obwodowego","status":"publish","type":"page","link":"https:\/\/www.belrobotics.com\/pl\/wisenav-robot-koszacy-gps-rtk-bez-przewodu-obwodowego\/","title":{"rendered":"WiseNav: robot kosz\u0105cy GPS-RTK bez przewodu obwodowego"},"content":{"rendered":"<h3 class=\"p1\">Koszenie w pasach w pe\u0142nym trybie GPS<\/h3>\n<p><span style=\"font-weight: 400;\">Technologia pok\u0142adowa GPS-RTK ju\u017c pozwala na koszenie w pasach. Dzi\u0119ki aktualizacji WiseNav robot przechodzi na wy\u017cszy poziom precyzji i nawiguje bez przewodu obwodowego. Trzykrotnie wi\u0119ksza wydajno\u015b\u0107 koszenia i znacz\u0105ce zmniejszenie obci\u0105\u017cenia prac\u0105 Technologia dost\u0119pna r\u00f3wnie\u017c dla urz\u0105dze\u0144 zbieraj\u0105cych pi\u0142ki golfowe.<\/span><\/p>\n<h3>Aktualizacja, na kt\u00f3r\u0105 czeka\u0142e\u015b<\/h3>\n<p><span style=\"font-weight: 400;\">Greenkeeper, zarz\u0105dca boiska pi\u0142karskiego, zarz\u0105dca obiektu sportowego, zarz\u0105dca teren\u00f3w zielonych&#8230; waszym celem jako specjalist\u00f3w w dziedzinie trawnik\u00f3w jest optymalizacja zarz\u0105dzania i piel\u0119gnacji swoich teren\u00f3w. Odkryj najnowsz\u0105 bezp\u0142atn\u0105 aktualizacj\u0119 dla robot\u00f3w Belrobotics GPS-RTK: koszenie w pasach z dok\u0142adno\u015bci\u0105 do centymetra, bez przewodu obwodowego.<br clear='none'\/>\n<\/span><\/p>\n","protected":false},"excerpt":{"rendered":"<p>Koszenie w pasach w pe\u0142nym trybie GPS Technologia pok\u0142adowa GPS-RTK ju\u017c pozwala na koszenie w pasach. Dzi\u0119ki aktualizacji WiseNav robot przechodzi na wy\u017cszy poziom precyzji i nawiguje bez przewodu obwodowego. Trzykrotnie wi\u0119ksza wydajno\u015b\u0107 koszenia i znacz\u0105ce zmniejszenie obci\u0105\u017cenia prac\u0105 Technologia dost\u0119pna r\u00f3wnie\u017c dla urz\u0105dze\u0144 zbieraj\u0105cych pi\u0142ki golfowe. Aktualizacja, na kt\u00f3r\u0105 czeka\u0142e\u015b Greenkeeper, zarz\u0105dca boiska pi\u0142karskiego, [&hellip;]<\/p>\n","protected":false},"author":9,"featured_media":23968,"parent":0,"menu_order":0,"comment_status":"closed","ping_status":"closed","template":"wisenav.php","meta":{"_acf_changed":false,"footnotes":""},"class_list":["post-24097","page","type-page","status-publish","has-post-thumbnail","hentry"],"acf":[],"yoast_head":"<!-- This site is optimized with the Yoast SEO plugin v26.9 - https:\/\/yoast.com\/product\/yoast-seo-wordpress\/ -->\n<title>WiseNav: technologia bez przewodu obwodowego - Belrobotics<\/title>\n<meta name=\"description\" content=\"Technologia bez przewodu obwodowego WiseNav zastosowana w robotach kosz\u0105cych Belrobotics GPS-RTK rewolucjonizuje koszenie w pasach\" \/>\n<meta name=\"robots\" content=\"index, follow, max-snippet:-1, max-image-preview:large, max-video-preview:-1\" \/>\n<link rel=\"canonical\" href=\"https:\/\/www.belrobotics.com\/pl\/wisenav-robot-koszacy-gps-rtk-bez-przewodu-obwodowego\/\" \/>\n<meta property=\"og:locale\" content=\"pl_PL\" \/>\n<meta property=\"og:type\" content=\"article\" \/>\n<meta property=\"og:title\" content=\"WiseNav: technologia bez przewodu obwodowego - Belrobotics\" \/>\n<meta property=\"og:description\" content=\"Technologia bez przewodu obwodowego WiseNav zastosowana w robotach kosz\u0105cych Belrobotics GPS-RTK rewolucjonizuje koszenie w pasach\" \/>\n<meta property=\"og:url\" content=\"https:\/\/www.belrobotics.com\/pl\/wisenav-robot-koszacy-gps-rtk-bez-przewodu-obwodowego\/\" \/>\n<meta property=\"og:site_name\" content=\"Belrobotics\" \/>\n<meta property=\"article:publisher\" content=\"https:\/\/www.facebook.com\/belrobotics\" \/>\n<meta property=\"article:modified_time\" content=\"2023-06-26T10:42:08+00:00\" \/>\n<meta property=\"og:image\" content=\"https:\/\/www.belrobotics.com\/wp-content\/uploads\/2023\/05\/wisenav_header_bg_only.webp\" \/>\n\t<meta property=\"og:image:width\" content=\"1000\" \/>\n\t<meta property=\"og:image:height\" content=\"683\" \/>\n\t<meta property=\"og:image:type\" content=\"image\/webp\" \/>\n<meta name=\"twitter:card\" content=\"summary_large_image\" \/>\n<meta name=\"twitter:label1\" content=\"Szacowany czas czytania\" \/>\n\t<meta name=\"twitter:data1\" content=\"1 minuta\" \/>\n<script type=\"application\/ld+json\" class=\"yoast-schema-graph\">{\"@context\":\"https:\/\/schema.org\",\"@graph\":[{\"@type\":\"WebPage\",\"@id\":\"https:\/\/www.belrobotics.com\/pl\/wisenav-robot-koszacy-gps-rtk-bez-przewodu-obwodowego\/\",\"url\":\"https:\/\/www.belrobotics.com\/pl\/wisenav-robot-koszacy-gps-rtk-bez-przewodu-obwodowego\/\",\"name\":\"WiseNav: technologia bez przewodu obwodowego - Belrobotics\",\"isPartOf\":{\"@id\":\"https:\/\/www.belrobotics.com\/pl\/#website\"},\"primaryImageOfPage\":{\"@id\":\"https:\/\/www.belrobotics.com\/pl\/wisenav-robot-koszacy-gps-rtk-bez-przewodu-obwodowego\/#primaryimage\"},\"image\":{\"@id\":\"https:\/\/www.belrobotics.com\/pl\/wisenav-robot-koszacy-gps-rtk-bez-przewodu-obwodowego\/#primaryimage\"},\"thumbnailUrl\":\"https:\/\/www.belrobotics.com\/wp-content\/uploads\/2023\/05\/wisenav_header_bg_only.webp\",\"datePublished\":\"2023-05-26T12:44:11+00:00\",\"dateModified\":\"2023-06-26T10:42:08+00:00\",\"description\":\"Technologia bez przewodu obwodowego WiseNav zastosowana w robotach kosz\u0105cych Belrobotics GPS-RTK rewolucjonizuje koszenie w pasach\",\"breadcrumb\":{\"@id\":\"https:\/\/www.belrobotics.com\/pl\/wisenav-robot-koszacy-gps-rtk-bez-przewodu-obwodowego\/#breadcrumb\"},\"inLanguage\":\"pl-PL\",\"potentialAction\":[{\"@type\":\"ReadAction\",\"target\":[\"https:\/\/www.belrobotics.com\/pl\/wisenav-robot-koszacy-gps-rtk-bez-przewodu-obwodowego\/\"]}]},{\"@type\":\"ImageObject\",\"inLanguage\":\"pl-PL\",\"@id\":\"https:\/\/www.belrobotics.com\/pl\/wisenav-robot-koszacy-gps-rtk-bez-przewodu-obwodowego\/#primaryimage\",\"url\":\"https:\/\/www.belrobotics.com\/wp-content\/uploads\/2023\/05\/wisenav_header_bg_only.webp\",\"contentUrl\":\"https:\/\/www.belrobotics.com\/wp-content\/uploads\/2023\/05\/wisenav_header_bg_only.webp\",\"width\":1000,\"height\":683},{\"@type\":\"BreadcrumbList\",\"@id\":\"https:\/\/www.belrobotics.com\/pl\/wisenav-robot-koszacy-gps-rtk-bez-przewodu-obwodowego\/#breadcrumb\",\"itemListElement\":[{\"@type\":\"ListItem\",\"position\":1,\"name\":\"Home\",\"item\":\"https:\/\/www.belrobotics.com\/pl\/\"},{\"@type\":\"ListItem\",\"position\":2,\"name\":\"WiseNav: robot kosz\u0105cy GPS-RTK bez przewodu obwodowego\"}]},{\"@type\":\"WebSite\",\"@id\":\"https:\/\/www.belrobotics.com\/pl\/#website\",\"url\":\"https:\/\/www.belrobotics.com\/pl\/\",\"name\":\"Belrobotics\",\"description\":\"The grass masters\",\"publisher\":{\"@id\":\"https:\/\/www.belrobotics.com\/pl\/#organization\"},\"potentialAction\":[{\"@type\":\"SearchAction\",\"target\":{\"@type\":\"EntryPoint\",\"urlTemplate\":\"https:\/\/www.belrobotics.com\/pl\/?s={search_term_string}\"},\"query-input\":{\"@type\":\"PropertyValueSpecification\",\"valueRequired\":true,\"valueName\":\"search_term_string\"}}],\"inLanguage\":\"pl-PL\"},{\"@type\":\"Organization\",\"@id\":\"https:\/\/www.belrobotics.com\/pl\/#organization\",\"name\":\"Belrobotics\",\"url\":\"https:\/\/www.belrobotics.com\/pl\/\",\"logo\":{\"@type\":\"ImageObject\",\"inLanguage\":\"pl-PL\",\"@id\":\"https:\/\/www.belrobotics.com\/pl\/#\/schema\/logo\/image\/\",\"url\":\"https:\/\/www.belrobotics.com\/wp-content\/uploads\/2019\/01\/logo-belrobotics.svg\",\"contentUrl\":\"https:\/\/www.belrobotics.com\/wp-content\/uploads\/2019\/01\/logo-belrobotics.svg\",\"width\":100,\"height\":16,\"caption\":\"Belrobotics\"},\"image\":{\"@id\":\"https:\/\/www.belrobotics.com\/pl\/#\/schema\/logo\/image\/\"},\"sameAs\":[\"https:\/\/www.facebook.com\/belrobotics\",\"https:\/\/www.youtube.com\/channel\/UCYgWBPRzEdXmUqLRL0JbUIw\",\"https:\/\/www.instagram.com\/belrobotics_europe\/\"]}]}<\/script>\n<!-- \/ Yoast SEO plugin. -->","yoast_head_json":{"title":"WiseNav: technologia bez przewodu obwodowego - Belrobotics","description":"Technologia bez przewodu obwodowego WiseNav zastosowana w robotach kosz\u0105cych Belrobotics GPS-RTK rewolucjonizuje koszenie w pasach","robots":{"index":"index","follow":"follow","max-snippet":"max-snippet:-1","max-image-preview":"max-image-preview:large","max-video-preview":"max-video-preview:-1"},"canonical":"https:\/\/www.belrobotics.com\/pl\/wisenav-robot-koszacy-gps-rtk-bez-przewodu-obwodowego\/","og_locale":"pl_PL","og_type":"article","og_title":"WiseNav: technologia bez przewodu obwodowego - Belrobotics","og_description":"Technologia bez przewodu obwodowego WiseNav zastosowana w robotach kosz\u0105cych Belrobotics GPS-RTK rewolucjonizuje koszenie w pasach","og_url":"https:\/\/www.belrobotics.com\/pl\/wisenav-robot-koszacy-gps-rtk-bez-przewodu-obwodowego\/","og_site_name":"Belrobotics","article_publisher":"https:\/\/www.facebook.com\/belrobotics","article_modified_time":"2023-06-26T10:42:08+00:00","og_image":[{"width":1000,"height":683,"url":"https:\/\/www.belrobotics.com\/wp-content\/uploads\/2023\/05\/wisenav_header_bg_only.webp","type":"image\/webp"}],"twitter_card":"summary_large_image","twitter_misc":{"Szacowany czas czytania":"1 minuta"},"schema":{"@context":"https:\/\/schema.org","@graph":[{"@type":"WebPage","@id":"https:\/\/www.belrobotics.com\/pl\/wisenav-robot-koszacy-gps-rtk-bez-przewodu-obwodowego\/","url":"https:\/\/www.belrobotics.com\/pl\/wisenav-robot-koszacy-gps-rtk-bez-przewodu-obwodowego\/","name":"WiseNav: technologia bez przewodu obwodowego - Belrobotics","isPartOf":{"@id":"https:\/\/www.belrobotics.com\/pl\/#website"},"primaryImageOfPage":{"@id":"https:\/\/www.belrobotics.com\/pl\/wisenav-robot-koszacy-gps-rtk-bez-przewodu-obwodowego\/#primaryimage"},"image":{"@id":"https:\/\/www.belrobotics.com\/pl\/wisenav-robot-koszacy-gps-rtk-bez-przewodu-obwodowego\/#primaryimage"},"thumbnailUrl":"https:\/\/www.belrobotics.com\/wp-content\/uploads\/2023\/05\/wisenav_header_bg_only.webp","datePublished":"2023-05-26T12:44:11+00:00","dateModified":"2023-06-26T10:42:08+00:00","description":"Technologia bez przewodu obwodowego WiseNav zastosowana w robotach kosz\u0105cych Belrobotics GPS-RTK rewolucjonizuje koszenie w pasach","breadcrumb":{"@id":"https:\/\/www.belrobotics.com\/pl\/wisenav-robot-koszacy-gps-rtk-bez-przewodu-obwodowego\/#breadcrumb"},"inLanguage":"pl-PL","potentialAction":[{"@type":"ReadAction","target":["https:\/\/www.belrobotics.com\/pl\/wisenav-robot-koszacy-gps-rtk-bez-przewodu-obwodowego\/"]}]},{"@type":"ImageObject","inLanguage":"pl-PL","@id":"https:\/\/www.belrobotics.com\/pl\/wisenav-robot-koszacy-gps-rtk-bez-przewodu-obwodowego\/#primaryimage","url":"https:\/\/www.belrobotics.com\/wp-content\/uploads\/2023\/05\/wisenav_header_bg_only.webp","contentUrl":"https:\/\/www.belrobotics.com\/wp-content\/uploads\/2023\/05\/wisenav_header_bg_only.webp","width":1000,"height":683},{"@type":"BreadcrumbList","@id":"https:\/\/www.belrobotics.com\/pl\/wisenav-robot-koszacy-gps-rtk-bez-przewodu-obwodowego\/#breadcrumb","itemListElement":[{"@type":"ListItem","position":1,"name":"Home","item":"https:\/\/www.belrobotics.com\/pl\/"},{"@type":"ListItem","position":2,"name":"WiseNav: robot kosz\u0105cy GPS-RTK bez przewodu obwodowego"}]},{"@type":"WebSite","@id":"https:\/\/www.belrobotics.com\/pl\/#website","url":"https:\/\/www.belrobotics.com\/pl\/","name":"Belrobotics","description":"The grass masters","publisher":{"@id":"https:\/\/www.belrobotics.com\/pl\/#organization"},"potentialAction":[{"@type":"SearchAction","target":{"@type":"EntryPoint","urlTemplate":"https:\/\/www.belrobotics.com\/pl\/?s={search_term_string}"},"query-input":{"@type":"PropertyValueSpecification","valueRequired":true,"valueName":"search_term_string"}}],"inLanguage":"pl-PL"},{"@type":"Organization","@id":"https:\/\/www.belrobotics.com\/pl\/#organization","name":"Belrobotics","url":"https:\/\/www.belrobotics.com\/pl\/","logo":{"@type":"ImageObject","inLanguage":"pl-PL","@id":"https:\/\/www.belrobotics.com\/pl\/#\/schema\/logo\/image\/","url":"https:\/\/www.belrobotics.com\/wp-content\/uploads\/2019\/01\/logo-belrobotics.svg","contentUrl":"https:\/\/www.belrobotics.com\/wp-content\/uploads\/2019\/01\/logo-belrobotics.svg","width":100,"height":16,"caption":"Belrobotics"},"image":{"@id":"https:\/\/www.belrobotics.com\/pl\/#\/schema\/logo\/image\/"},"sameAs":["https:\/\/www.facebook.com\/belrobotics","https:\/\/www.youtube.com\/channel\/UCYgWBPRzEdXmUqLRL0JbUIw","https:\/\/www.instagram.com\/belrobotics_europe\/"]}]}},"_links":{"self":[{"href":"https:\/\/www.belrobotics.com\/pl\/wp-json\/wp\/v2\/pages\/24097","targetHints":{"allow":["GET"]}}],"collection":[{"href":"https:\/\/www.belrobotics.com\/pl\/wp-json\/wp\/v2\/pages"}],"about":[{"href":"https:\/\/www.belrobotics.com\/pl\/wp-json\/wp\/v2\/types\/page"}],"author":[{"embeddable":true,"href":"https:\/\/www.belrobotics.com\/pl\/wp-json\/wp\/v2\/users\/9"}],"replies":[{"embeddable":true,"href":"https:\/\/www.belrobotics.com\/pl\/wp-json\/wp\/v2\/comments?post=24097"}],"version-history":[{"count":4,"href":"https:\/\/www.belrobotics.com\/pl\/wp-json\/wp\/v2\/pages\/24097\/revisions"}],"predecessor-version":[{"id":24506,"href":"https:\/\/www.belrobotics.com\/pl\/wp-json\/wp\/v2\/pages\/24097\/revisions\/24506"}],"wp:featuredmedia":[{"embeddable":true,"href":"https:\/\/www.belrobotics.com\/pl\/wp-json\/wp\/v2\/media\/23968"}],"wp:attachment":[{"href":"https:\/\/www.belrobotics.com\/pl\/wp-json\/wp\/v2\/media?parent=24097"}],"curies":[{"name":"wp","href":"https:\/\/api.w.org\/{rel}","templated":true}]}}