{"id":22005,"date":"2023-02-28T11:38:28","date_gmt":"2023-02-28T10:38:28","guid":{"rendered":"https:\/\/belrobotics.andromede.digital\/robotic-mowers\/"},"modified":"2023-02-28T15:17:12","modified_gmt":"2023-02-28T14:17:12","slug":"kosiarki-robotyczne","status":"publish","type":"page","link":"https:\/\/www.belrobotics.com\/pl\/kosiarki-robotyczne\/","title":{"rendered":"Kosiarki Robotyczne"},"content":{"rendered":"<h3>Witamy w\u00a0nowej erze!<\/h3>\n<p>W firmie Belrobotics jeste\u015bmy przekonani, \u017ce innowacje i\u00a0nowe technologie tworz\u0105 podstawy dla przysz\u0142ego \u015bwiata. Opieraj\u0105c si\u0119 na tym przekonaniu, ka\u017cdego dnia d\u0105\u017cymy do innowacji i\u00a0staramy si\u0119 projektowa\u0107 najbardziej nowatorskie roboty kosz\u0105ce trawniki i\u00a0zbieraj\u0105ce pi\u0142ki.<\/p>\n<p>Nasze niezawodne, przyjazne dla \u015brodowiska i\u00a0ekonomiczne roboty umo\u017cliwiaj\u0105 piel\u0119gnacj\u0119 teren\u00f3w zielonych z\u00a0pe\u0142nym spokojem ducha, zar\u00f3wno osobom indywidualnym, jak i\u00a0firmom! Roboty te potrafi\u0105 sprosta\u0107 obs\u0142udze bardzo du\u017cych obszar\u00f3w (o\u00a0powierzchni kilku boisk pi\u0142karskich), a\u00a0r\u00f3wnocze\u015bnie s\u0105 wydajne tak\u017ce na mniejszych obszarach.<\/p>\n<p>Aby lepiej zaspokoi\u0107 potrzeby u\u017cytkownik\u00f3w, zaprojektowali\u015bmy dwie oddzielne serie: \u201c<a href=\"https:\/\/www.belrobotics.com\/pl\/connected-line\/\">Connected line<\/a>\u201d i \u201c<a href=\"https:\/\/www.belrobotics.com\/pl\/gps-rtk\/\">GPS RTK<\/a>\u201d.<\/p>\n","protected":false},"excerpt":{"rendered":"<p>Witamy w\u00a0nowej erze! W firmie Belrobotics jeste\u015bmy przekonani, \u017ce innowacje i\u00a0nowe technologie tworz\u0105 podstawy dla przysz\u0142ego \u015bwiata. Opieraj\u0105c si\u0119 na tym przekonaniu, ka\u017cdego dnia d\u0105\u017cymy do innowacji i\u00a0staramy si\u0119 projektowa\u0107 najbardziej nowatorskie roboty kosz\u0105ce trawniki i\u00a0zbieraj\u0105ce pi\u0142ki. Nasze niezawodne, przyjazne dla \u015brodowiska i\u00a0ekonomiczne roboty umo\u017cliwiaj\u0105 piel\u0119gnacj\u0119 teren\u00f3w zielonych z\u00a0pe\u0142nym spokojem ducha, zar\u00f3wno osobom indywidualnym, jak [&hellip;]<\/p>\n","protected":false},"author":9,"featured_media":21938,"parent":0,"menu_order":0,"comment_status":"closed","ping_status":"closed","template":"template-tondeuses-robots.php","meta":{"_acf_changed":false,"footnotes":""},"class_list":["post-22005","page","type-page","status-publish","has-post-thumbnail","hentry"],"acf":[],"yoast_head":"<!-- This site is optimized with the Yoast SEO plugin v26.9 - https:\/\/yoast.com\/product\/yoast-seo-wordpress\/ -->\n<title>Kosiarki Robotyczne - Belrobotics<\/title>\n<meta name=\"robots\" content=\"index, follow, max-snippet:-1, max-image-preview:large, max-video-preview:-1\" \/>\n<link rel=\"canonical\" href=\"https:\/\/www.belrobotics.com\/pl\/kosiarki-robotyczne\/\" \/>\n<meta property=\"og:locale\" content=\"pl_PL\" \/>\n<meta property=\"og:type\" content=\"article\" \/>\n<meta property=\"og:title\" content=\"Kosiarki Robotyczne - Belrobotics\" \/>\n<meta property=\"og:description\" content=\"Witamy w\u00a0nowej erze! W firmie Belrobotics jeste\u015bmy przekonani, \u017ce innowacje i\u00a0nowe technologie tworz\u0105 podstawy dla przysz\u0142ego \u015bwiata. Opieraj\u0105c si\u0119 na tym przekonaniu, ka\u017cdego dnia d\u0105\u017cymy do innowacji i\u00a0staramy si\u0119 projektowa\u0107 najbardziej nowatorskie roboty kosz\u0105ce trawniki i\u00a0zbieraj\u0105ce pi\u0142ki. Nasze niezawodne, przyjazne dla \u015brodowiska i\u00a0ekonomiczne roboty umo\u017cliwiaj\u0105 piel\u0119gnacj\u0119 teren\u00f3w zielonych z\u00a0pe\u0142nym spokojem ducha, zar\u00f3wno osobom indywidualnym, jak [&hellip;]\" \/>\n<meta property=\"og:url\" content=\"https:\/\/www.belrobotics.com\/pl\/kosiarki-robotyczne\/\" \/>\n<meta property=\"og:site_name\" content=\"Belrobotics\" \/>\n<meta property=\"article:publisher\" content=\"https:\/\/www.facebook.com\/belrobotics\" \/>\n<meta property=\"article:modified_time\" content=\"2023-02-28T14:17:12+00:00\" \/>\n<meta property=\"og:image\" content=\"https:\/\/www.belrobotics.com\/wp-content\/uploads\/2023\/02\/robot-mowers.webp\" \/>\n\t<meta property=\"og:image:width\" content=\"1920\" \/>\n\t<meta property=\"og:image:height\" content=\"994\" \/>\n\t<meta property=\"og:image:type\" content=\"image\/webp\" \/>\n<meta name=\"twitter:card\" content=\"summary_large_image\" \/>\n<meta name=\"twitter:label1\" content=\"Szacowany czas czytania\" \/>\n\t<meta name=\"twitter:data1\" content=\"1 minuta\" \/>\n<script type=\"application\/ld+json\" class=\"yoast-schema-graph\">{\"@context\":\"https:\/\/schema.org\",\"@graph\":[{\"@type\":\"WebPage\",\"@id\":\"https:\/\/www.belrobotics.com\/pl\/kosiarki-robotyczne\/\",\"url\":\"https:\/\/www.belrobotics.com\/pl\/kosiarki-robotyczne\/\",\"name\":\"Kosiarki Robotyczne - Belrobotics\",\"isPartOf\":{\"@id\":\"https:\/\/www.belrobotics.com\/pl\/#website\"},\"primaryImageOfPage\":{\"@id\":\"https:\/\/www.belrobotics.com\/pl\/kosiarki-robotyczne\/#primaryimage\"},\"image\":{\"@id\":\"https:\/\/www.belrobotics.com\/pl\/kosiarki-robotyczne\/#primaryimage\"},\"thumbnailUrl\":\"https:\/\/www.belrobotics.com\/wp-content\/uploads\/2023\/02\/robot-mowers.webp\",\"datePublished\":\"2023-02-28T10:38:28+00:00\",\"dateModified\":\"2023-02-28T14:17:12+00:00\",\"breadcrumb\":{\"@id\":\"https:\/\/www.belrobotics.com\/pl\/kosiarki-robotyczne\/#breadcrumb\"},\"inLanguage\":\"pl-PL\",\"potentialAction\":[{\"@type\":\"ReadAction\",\"target\":[\"https:\/\/www.belrobotics.com\/pl\/kosiarki-robotyczne\/\"]}]},{\"@type\":\"ImageObject\",\"inLanguage\":\"pl-PL\",\"@id\":\"https:\/\/www.belrobotics.com\/pl\/kosiarki-robotyczne\/#primaryimage\",\"url\":\"https:\/\/www.belrobotics.com\/wp-content\/uploads\/2023\/02\/robot-mowers.webp\",\"contentUrl\":\"https:\/\/www.belrobotics.com\/wp-content\/uploads\/2023\/02\/robot-mowers.webp\",\"width\":1920,\"height\":994},{\"@type\":\"BreadcrumbList\",\"@id\":\"https:\/\/www.belrobotics.com\/pl\/kosiarki-robotyczne\/#breadcrumb\",\"itemListElement\":[{\"@type\":\"ListItem\",\"position\":1,\"name\":\"Home\",\"item\":\"https:\/\/www.belrobotics.com\/pl\/\"},{\"@type\":\"ListItem\",\"position\":2,\"name\":\"Kosiarki Robotyczne\"}]},{\"@type\":\"WebSite\",\"@id\":\"https:\/\/www.belrobotics.com\/pl\/#website\",\"url\":\"https:\/\/www.belrobotics.com\/pl\/\",\"name\":\"Belrobotics\",\"description\":\"The grass masters\",\"publisher\":{\"@id\":\"https:\/\/www.belrobotics.com\/pl\/#organization\"},\"potentialAction\":[{\"@type\":\"SearchAction\",\"target\":{\"@type\":\"EntryPoint\",\"urlTemplate\":\"https:\/\/www.belrobotics.com\/pl\/?s={search_term_string}\"},\"query-input\":{\"@type\":\"PropertyValueSpecification\",\"valueRequired\":true,\"valueName\":\"search_term_string\"}}],\"inLanguage\":\"pl-PL\"},{\"@type\":\"Organization\",\"@id\":\"https:\/\/www.belrobotics.com\/pl\/#organization\",\"name\":\"Belrobotics\",\"url\":\"https:\/\/www.belrobotics.com\/pl\/\",\"logo\":{\"@type\":\"ImageObject\",\"inLanguage\":\"pl-PL\",\"@id\":\"https:\/\/www.belrobotics.com\/pl\/#\/schema\/logo\/image\/\",\"url\":\"https:\/\/www.belrobotics.com\/wp-content\/uploads\/2019\/01\/logo-belrobotics.svg\",\"contentUrl\":\"https:\/\/www.belrobotics.com\/wp-content\/uploads\/2019\/01\/logo-belrobotics.svg\",\"width\":100,\"height\":16,\"caption\":\"Belrobotics\"},\"image\":{\"@id\":\"https:\/\/www.belrobotics.com\/pl\/#\/schema\/logo\/image\/\"},\"sameAs\":[\"https:\/\/www.facebook.com\/belrobotics\",\"https:\/\/www.youtube.com\/channel\/UCYgWBPRzEdXmUqLRL0JbUIw\",\"https:\/\/www.instagram.com\/belrobotics_europe\/\"]}]}<\/script>\n<!-- \/ Yoast SEO plugin. -->","yoast_head_json":{"title":"Kosiarki Robotyczne - Belrobotics","robots":{"index":"index","follow":"follow","max-snippet":"max-snippet:-1","max-image-preview":"max-image-preview:large","max-video-preview":"max-video-preview:-1"},"canonical":"https:\/\/www.belrobotics.com\/pl\/kosiarki-robotyczne\/","og_locale":"pl_PL","og_type":"article","og_title":"Kosiarki Robotyczne - Belrobotics","og_description":"Witamy w\u00a0nowej erze! W firmie Belrobotics jeste\u015bmy przekonani, \u017ce innowacje i\u00a0nowe technologie tworz\u0105 podstawy dla przysz\u0142ego \u015bwiata. Opieraj\u0105c si\u0119 na tym przekonaniu, ka\u017cdego dnia d\u0105\u017cymy do innowacji i\u00a0staramy si\u0119 projektowa\u0107 najbardziej nowatorskie roboty kosz\u0105ce trawniki i\u00a0zbieraj\u0105ce pi\u0142ki. Nasze niezawodne, przyjazne dla \u015brodowiska i\u00a0ekonomiczne roboty umo\u017cliwiaj\u0105 piel\u0119gnacj\u0119 teren\u00f3w zielonych z\u00a0pe\u0142nym spokojem ducha, zar\u00f3wno osobom indywidualnym, jak [&hellip;]","og_url":"https:\/\/www.belrobotics.com\/pl\/kosiarki-robotyczne\/","og_site_name":"Belrobotics","article_publisher":"https:\/\/www.facebook.com\/belrobotics","article_modified_time":"2023-02-28T14:17:12+00:00","og_image":[{"width":1920,"height":994,"url":"https:\/\/www.belrobotics.com\/wp-content\/uploads\/2023\/02\/robot-mowers.webp","type":"image\/webp"}],"twitter_card":"summary_large_image","twitter_misc":{"Szacowany czas czytania":"1 minuta"},"schema":{"@context":"https:\/\/schema.org","@graph":[{"@type":"WebPage","@id":"https:\/\/www.belrobotics.com\/pl\/kosiarki-robotyczne\/","url":"https:\/\/www.belrobotics.com\/pl\/kosiarki-robotyczne\/","name":"Kosiarki Robotyczne - Belrobotics","isPartOf":{"@id":"https:\/\/www.belrobotics.com\/pl\/#website"},"primaryImageOfPage":{"@id":"https:\/\/www.belrobotics.com\/pl\/kosiarki-robotyczne\/#primaryimage"},"image":{"@id":"https:\/\/www.belrobotics.com\/pl\/kosiarki-robotyczne\/#primaryimage"},"thumbnailUrl":"https:\/\/www.belrobotics.com\/wp-content\/uploads\/2023\/02\/robot-mowers.webp","datePublished":"2023-02-28T10:38:28+00:00","dateModified":"2023-02-28T14:17:12+00:00","breadcrumb":{"@id":"https:\/\/www.belrobotics.com\/pl\/kosiarki-robotyczne\/#breadcrumb"},"inLanguage":"pl-PL","potentialAction":[{"@type":"ReadAction","target":["https:\/\/www.belrobotics.com\/pl\/kosiarki-robotyczne\/"]}]},{"@type":"ImageObject","inLanguage":"pl-PL","@id":"https:\/\/www.belrobotics.com\/pl\/kosiarki-robotyczne\/#primaryimage","url":"https:\/\/www.belrobotics.com\/wp-content\/uploads\/2023\/02\/robot-mowers.webp","contentUrl":"https:\/\/www.belrobotics.com\/wp-content\/uploads\/2023\/02\/robot-mowers.webp","width":1920,"height":994},{"@type":"BreadcrumbList","@id":"https:\/\/www.belrobotics.com\/pl\/kosiarki-robotyczne\/#breadcrumb","itemListElement":[{"@type":"ListItem","position":1,"name":"Home","item":"https:\/\/www.belrobotics.com\/pl\/"},{"@type":"ListItem","position":2,"name":"Kosiarki Robotyczne"}]},{"@type":"WebSite","@id":"https:\/\/www.belrobotics.com\/pl\/#website","url":"https:\/\/www.belrobotics.com\/pl\/","name":"Belrobotics","description":"The grass masters","publisher":{"@id":"https:\/\/www.belrobotics.com\/pl\/#organization"},"potentialAction":[{"@type":"SearchAction","target":{"@type":"EntryPoint","urlTemplate":"https:\/\/www.belrobotics.com\/pl\/?s={search_term_string}"},"query-input":{"@type":"PropertyValueSpecification","valueRequired":true,"valueName":"search_term_string"}}],"inLanguage":"pl-PL"},{"@type":"Organization","@id":"https:\/\/www.belrobotics.com\/pl\/#organization","name":"Belrobotics","url":"https:\/\/www.belrobotics.com\/pl\/","logo":{"@type":"ImageObject","inLanguage":"pl-PL","@id":"https:\/\/www.belrobotics.com\/pl\/#\/schema\/logo\/image\/","url":"https:\/\/www.belrobotics.com\/wp-content\/uploads\/2019\/01\/logo-belrobotics.svg","contentUrl":"https:\/\/www.belrobotics.com\/wp-content\/uploads\/2019\/01\/logo-belrobotics.svg","width":100,"height":16,"caption":"Belrobotics"},"image":{"@id":"https:\/\/www.belrobotics.com\/pl\/#\/schema\/logo\/image\/"},"sameAs":["https:\/\/www.facebook.com\/belrobotics","https:\/\/www.youtube.com\/channel\/UCYgWBPRzEdXmUqLRL0JbUIw","https:\/\/www.instagram.com\/belrobotics_europe\/"]}]}},"_links":{"self":[{"href":"https:\/\/www.belrobotics.com\/pl\/wp-json\/wp\/v2\/pages\/22005","targetHints":{"allow":["GET"]}}],"collection":[{"href":"https:\/\/www.belrobotics.com\/pl\/wp-json\/wp\/v2\/pages"}],"about":[{"href":"https:\/\/www.belrobotics.com\/pl\/wp-json\/wp\/v2\/types\/page"}],"author":[{"embeddable":true,"href":"https:\/\/www.belrobotics.com\/pl\/wp-json\/wp\/v2\/users\/9"}],"replies":[{"embeddable":true,"href":"https:\/\/www.belrobotics.com\/pl\/wp-json\/wp\/v2\/comments?post=22005"}],"version-history":[{"count":2,"href":"https:\/\/www.belrobotics.com\/pl\/wp-json\/wp\/v2\/pages\/22005\/revisions"}],"predecessor-version":[{"id":22017,"href":"https:\/\/www.belrobotics.com\/pl\/wp-json\/wp\/v2\/pages\/22005\/revisions\/22017"}],"wp:featuredmedia":[{"embeddable":true,"href":"https:\/\/www.belrobotics.com\/pl\/wp-json\/wp\/v2\/media\/21938"}],"wp:attachment":[{"href":"https:\/\/www.belrobotics.com\/pl\/wp-json\/wp\/v2\/media?parent=22005"}],"curies":[{"name":"wp","href":"https:\/\/api.w.org\/{rel}","templated":true}]}}