{"id":6162,"date":"2019-05-28T09:41:21","date_gmt":"2019-05-28T08:41:21","guid":{"rendered":"https:\/\/belrobotics.andromede.digital\/generelle-forhold\/"},"modified":"2019-05-28T09:41:21","modified_gmt":"2019-05-28T08:41:21","slug":"generelle-forhold","status":"publish","type":"page","link":"https:\/\/www.belrobotics.com\/no\/generelle-forhold\/","title":{"rendered":"Generelle forhold"},"content":{"rendered":"<h2>Artikkel 1 \u2013 Identifikasjon av avtaleparter<\/h2>\n<p>Selgeren er heretter definert \u00e5 v\u00e6re YAMABIKO EUROPE S.A., avenue Lavoisier 35, 1300 Wavre, Belgia.\u00a0 Kj\u00f8peren er definert \u00e5 v\u00e6re personen som er autorisert for \u00e5 representere en juridisk enhet eller den personens egen forretning eller en kunde som forst\u00e5tt i artikkel I.1, 2\u00b0 av den belgiske handelsloven og undertegner kj\u00f8psordren, servicetilbud eller kontrakt utstedt av YAMABIKO EUROPE S.A. Alle andre vilk\u00e5r og betingelser forplikter bare selgeren etter skriftlig bekreftelse av selgeren. All informasjon som finnes i kataloger, brosjyrer, nettsteder, osv. er bare levert for informasjonsform\u00e5l, og kan derfor bli endret av selgeren uten forutg\u00e5ende varsel. Det enkle faktum ved \u00e5 plassere en ordre eller akseptere et tilbud fra selgeren inneb\u00e6rer uforbeholden aksept av gjeldende vilk\u00e5r og betingelser. Tilbud er gyldige i en begrenset periode p\u00e5 tretti dager fra tilbudsdatoen, hvis ikke en annen gyldighetsperiode er nevnt i tilbudet. Gjeldende vilk\u00e5r og betingelser kan bli endret n\u00e5r som helst og uten forutg\u00e5ende varsel fra YAMABIKO EUROPE S.A., og slike endringer vil gjelde alle ordrer plassert deretter.<\/p>\n<p>&nbsp;<\/p>\n<h2>Artikkel 2 \u2013 Ordre<\/h2>\n<p>Ordre blir betraktet som fast ved signering av kj\u00f8psordren og bekreftelse av den samme av selgeren. Ordre sendt direkte av kj\u00f8peren eller som er overf\u00f8rt av en agent som representerer selgeren vil bare bli betraktet som fast og bindende for selgeren n\u00e5r den er akseptert skriftlig av selgeren. N\u00e5r produkter skal leveres umiddelbart, kan bekreftelse av ordren bli erstattet av utstedelse av en faktura. Alle endringer av en ordre og alle tillegg eller fraskrivelse av noe forhold som gjelder salget skal bare v\u00e6re gyldig n\u00e5r slike endringer er spesifisert i tilbudet eller i bekreftelsen utstedt av selgeren Alle salgstilbud er emne for tilgjengelighet p\u00e5 lager. Klausuler som er forespurt av kj\u00f8peren og ikke akseptert skriftlig av selgeren og som er motsatt til gjeldende vilk\u00e5r og betingelser eller spesifikke vilk\u00e5r definert i pristilbudet, vil bli betraktet som null og ugyldig. Ingen ensidig kansellering av en ordre vil bli akseptert uten avtale med YAMABIKO EUROPE S.A.<\/p>\n<h2>Artikkel 3 \u2013 Priser<\/h2>\n<p>Prisene blir oppgitt i Euro. Alle endringer i gjeldende annonserte priser skal gjelde som riktige ved utl\u00f8p p\u00e5 60\u00a0dagers varsel. Handelsvaren vil bli fakturert til den avtalte prisen i opsjonsperioden og emne for generelle kommersielle forhold (skatter, valutakurser, osv.), p\u00e5 leveringsdagen. For salg utf\u00f8rt i andre valutaer enn Euro, vil all variasjon av minst 2\u00a0% i vekslingskurs med Euro som definert p\u00e5 tilbudsdatoen bli justert p\u00e5 faktureringsdatoen. Alle priser er sitert netto i Euro, uten skatter, innpakning, transport og transport\u00f8rforsikring, utenfor selgerens lager.<\/p>\n<p>&nbsp;<\/p>\n<h2>Artikkel 4 \u2013 Betaling<\/h2>\n<p>Betaling m\u00e5 v\u00e6re effektuert slik at selgeren kan f\u00e5 tilgang til summene p\u00e5 forfallsdatoen. Unntatt n\u00e5r spesielle vilk\u00e5r er avtalt skriftlig eller n\u00e5r det er innvilget spesielle forhold til kj\u00f8peren som f\u00f8lge av unders\u00f8kelse av kundens situasjon, m\u00e5 betaling bli effektuert ved bankoverf\u00f8ring p\u00e5 leveringsdagen av handelsvaren. I tilfeller hvor selgeren aksepterer betaling med bankanvisning, m\u00e5 kj\u00f8peren returnere anvisningen, akseptert og domisiliert, innen \u00e5tte dager (unntatt ved tilfeller av et tidligere avtalt alternativ).\u00a0 Alle gebyrer skal betales av kj\u00f8peren og betaling vil forfalle umiddelbart hvis den aksepterte anvisningen ikke blir returnert innen den nevnte perioden.\u00a0 Ved tilfeller av trinnvis betaling, uttrykkelig avtalt med selgeren, ikke-betaling av en enkelt installasjon p\u00e5 forfallsdatoen vil umiddelbart gj\u00f8re at full kj\u00f8pspris forfaller, uavhengig av alle tidligere avtalte forhold, selv om installasjonen har gitt opphav til etablering av akseptable anvisninger; det samme vil gjelde ved tilfeller hvor kj\u00f8peren selger, overlater, eller plasserer sin forretning som kausjon eller som et bidrag til \u00e5 opprette et selskap.\u00a0 Betaling m\u00e5 v\u00e6re effektuert slik at selgeren kan f\u00e5 tilgang til summene p\u00e5 forfallsdatoen. Kj\u00f8peren er definert \u00e5 v\u00e6re personen som er autorisert for \u00e5 representere en juridisk enhet eller den personens egen forretning eller en kunde som forst\u00e5tt i artikkel I.1, 2\u00b0 av den belgiske handelsloven og undertegner kj\u00f8psordren, servicetilbud eller kontrakt utstedt av YAMABIKO EUROPE S.A. Kj\u00f8peren kan aldri, i st\u00f8tte av et selv-formulert krav, beholde alt eller del av forfalte sum, heller ikke effektuere noen form for kompensasjon. N\u00e5r kj\u00f8peren er i full eller delvis etterskuddsbetaling p\u00e5 forfallsdatoen, kan selgeren, uten \u00e5 beh\u00f8ve forh\u00e5ndsregress til noen tvangsfullbyrdelse, umiddelbart utsette leveringen, uten at kj\u00f8peren har noen rett til \u00e5 reklamere skader fra selgeren. I tilfeller av rettstvist, har selgeren krav p\u00e5 \u00e5 reklamere refusjon for lovlige gebyrer fra kj\u00f8peren. For internasjonale operasjoner, er vilk\u00e5rene n\u00e5r det gjelder betaling til forfallsdatoer det samme.\u00a0\u00a0 Betaling skal effektueres enten gjennom SWIFT (IBAN nr. BE 66 0013 6853 8543), eller ved \u2018escrow account\u2019 eller ved stand-by kredittbrev.<\/p>\n<p>&nbsp;<\/p>\n<h2>Artikkel 5 \u2013 Overf\u00f8ringsrisiko og gebyrer<\/h2>\n<p>Overf\u00f8ringsrisiko skjer i henhold til Incoterm spesifisert i kontrakten, ved bruk av siste versjon fra det internasjonale handelskammeret. Unntatt i motsatte stipulerte tilfeller, er Incoterm governing slik overf\u00f8ring Ex-Works Wavre (ICC 2000 utgave).<\/p>\n<p>&nbsp;<\/p>\n<h2>Artikkel 6 \u2013 Levering<\/h2>\n<p>Selgeren har tillatelse til \u00e5 effektuere delvise leveringer. All delvis levering akseptert av kj\u00f8peren vil bli fakturert p\u00e5 den effektive leveringsdatoen. I tilfeller av kontant ved levering, m\u00e5 kj\u00f8peren presentere en sjekk for transport\u00f8ren p\u00e5 leveringstidspunktet. Hvis ikke slik betaling foreligger, blir ikke handelsvaren lastet av og en andre levering blir effektuert av transport\u00f8ren, med kostnader som kj\u00f8peren skal betale. Ved ekspressavtale, er selgeren lettet for alt leveringsansvar i tilfeller av force majeure eller av hendelser slik som lock-out, streik, total eller delvis opph\u00f8r av arbeid i selgerens fabrikk eller hos leverand\u00f8ren, epidemier, krig, rekvisisjon, brann, flom, hindring eller forsinkelse i transport, lovmessige eller administrative beskyttelsestiltak, bes\u00f8ksforbud, forsinkelse eller forbud mot produksjon eller import av handelsvaren. Selgeren vil holde kj\u00f8peren informert der det er hensiktsmessig i tilfellene som er oppnevnt ovenfor.\u00a0 I alle tilfeller, kan levering innen avtalte ledetider bare skje hvis kj\u00f8peren er \u00e1 jour med alle forpliktelser vis-\u00e0-vis selgeren.<\/p>\n<p>&nbsp;<\/p>\n<h2>Artikkel 7 \u2013 Transport<\/h2>\n<p>Hvis ikke annet er spesifisert, vil selgeren v\u00e6re fri til \u00e5 velge transport\u00f8r for levering av handelsvaren.<\/p>\n<p>&nbsp;<\/p>\n<h2>Artikkel 8 \u2013 Reklamasjon og kundeservice<\/h2>\n<p>Ved mottak m\u00e5 kj\u00f8peren umiddelbart kontrollere den fysiske tilstanden til varene og kontrollere samsvar med kontrakten. I tilfeller hvor pakken er alvorlig skadet, m\u00e5 kj\u00f8peren avsl\u00e5 leveringen. Alt pakningsmateriale m\u00e5 blir beholdt i den tilstanden som det ble levert. Uten det som er nevnt ovenfor, mister kj\u00f8peren retten til noen reklamasjon. Slik er ogs\u00e5 tilfellet hvis kj\u00f8peren ikke utsteder noen reservasjoner n\u00e5r varene blir levert. Alle reklamasjoner n\u00e5r det gjelder defekter p\u00e5 handelsvaren som ble levert, ufullstendig antall eller feil ang\u00e5ende produktene sammenlignet med det som ble akseptert i tilbudet eller bekreftet av selgeren, m\u00e5 gj\u00f8res skriftlig med registrert post med bevis p\u00e5 kvittering innen 3\u00a0arbeidsdager fra levering, uten \u00e5 forh\u00e5ndsbed\u00f8mme noen reklamasjon mot transport\u00f8ren, i frav\u00e6r av alle rettigheter til en reklamasjon blir null og ugyldig. Kj\u00f8peren m\u00e5 la selgeren utf\u00f8re alle mulige midler for verifisering p\u00e5 stedet n\u00e5r det gjelder reklamasjonen. Alle varer som returneres krever en forh\u00e5ndsavtale fra selgeren. Kj\u00f8peren vil motta bekreftelse p\u00e5 returnerte varer p\u00e5 den m\u00e5ten som betraktes mest egnet av selgeren. I slike tilfeller vil kj\u00f8peren levere kontaktdetaljer og levere beskrivelse av produktet eller produktene det gjelder, serienummer, nevnte defekter, og fakturanummer som tilsvarer elementene som er beskrevet. Etter \u00e5 ha mottatt selgerens godkjenning til \u00e5 returene varene, har kj\u00f8peren 7\u00a0dager til \u00e5 effektuere returen av de defekte varene til selgeren. I tilfelle hvor kj\u00f8peren er berettiget for skadene fra selgeren, av hvilken som helst grunn, skal slike skader v\u00e6re begrenset til reparasjon av den virkelige skaden som kj\u00f8peren lider, gjenstand for en maksimal grense p\u00e5 5\u00a0% av verdien p\u00e5 ordren.<\/p>\n<h2>Artikkel 9 \u2013 Rett til tilbaketrekking<\/h2>\n<p>9.1. I samsvar med artikkel VI. 47 av den belgiske handelsloven har kunden signerte en ekstern kontrakt fjorten\u00a0(14)\u00a0dager som beregnes fra f\u00f8lgende leveringsdag til \u00e5 returnere, p\u00e5 hans bekostning, de kj\u00f8pte varene som ikke lenger tilsvarer hans krav.<\/p>\n<p>9.2. All retur er emne for forvarsel ved bruk av tilbaketrekkingsskjema tilgjengelig fra\u00a0<a href=\"https:\/\/www.belrobotics.com\/\">www.belrobotics.com<\/a>\u00a0nettsted eller med e-post p\u00e5 \u2026.@&#8230;.., selgeren bekrefter med e-post at returen er riktig varslet.<\/p>\n<p>9.3. Produktet m\u00e5 enten bli levert inn hos selgerens hovedkontor (bare mulig med forh\u00e5ndsavtale), eller adressert til selgerens hovedkontor.<\/p>\n<p>Bare produkter som er returnert komplett, i hele sin originale innpakning, og i en tilstand hvor den umiddelbart kan videreselges, vil bli akseptert for retur. Alle produkt som er blitt skadet, eller hvor innpakningen p\u00e5 noen m\u00e5te er \u00f8delagt, vil ikke bli refundert eller byttet.<\/p>\n<p>9.4. I tilfeller hvor det er rett til tilbaketrekking, har kunden valget mellom refusjon av kostnadssummen eller bytte av produktet. Ved et bytte, vil forsendelseskostnaden bli b\u00e5ret av kunden. Ved en tilbaketrekking forplikter selgeren \u00e5 tilbakebetale summen betalt av kunden innen fjorten\u00a0(14)\u00a0dager fra mottak av produktet hos selgeren. Hvis betalingen er effektuert med kredittkort eller bankoverf\u00f8ring, vil tilbakebetalingen bli utf\u00f8rt ved re-kreditering av korresponderende bankkonto.<\/p>\n<p>9.5. I samsvar med artikkel VI.53 i det belgiske handelskammeret kan kunden ikke utf\u00f8re sin rett til tilbaketrekking hvis ordren det gjelder var for produkter produsert i henhold til kundens spesifikasjoner eller for varer som er tydelig personlig tilpasset.<\/p>\n<p>&nbsp;<\/p>\n<h2>Artikkel 10 \u2013 Garanti<\/h2>\n<p>Produktene er garantert av produsenten (YAMABIKO EUROPE S.A.) mot defekter i materiale eller i produksjon for en periode p\u00e5 24\u00a0m\u00e5neder fra leveringsdatoen, unntatt i spesielle forhold uttrykkelig varslet (for profesjonelle brukere: garanti begrenset til12\u00a0m\u00e5neder). Handlinger effektuert under garanti vil ikke gi opphav til noen garantiutvidelse. Selgerens garanti er begrenset til reparasjon eller skifting av varer gjenkjent som defekte av selgeren, tatt i betraktning \u00e5rsaken for brukeren. Selgeren forplikter seg bare til \u00e5 sikre utskifting av defekte deler og reparere skadede varer levert av selgeren til kj\u00f8peren. Derfor dekker ikke garantien arbeidskostnader, eller kostnader for demontering eller montering eller transport, unntatt i tilfeller med standardutskifting. Underlagt alle juridiske krav, er selgerens ansvar strengt begrenset til forpliktelser definert i gjeldende vilk\u00e5r og betingelser eller, hvis aktuelt, til andre uttrykte forhold. Hvis kj\u00f8peren returnerer produkter som ikke er levert av selgeren, vil sistnevnte ikke i noen tilfeller bli holdt ansvarlig for noen materiell eller abstrakt skade som kan oppst\u00e5 under noen reparasjoner.\u00a0 Selgeren kan ikke holdes ansvarlig n\u00e5r det gjelder garanti for sammenbrudd eller skade som resulterer direkte eller indirekte fra det f\u00f8lgende: \u2013 Langvarig lagring eller lagring uten beskyttelse. \u2013 Noen form for uaktsomhet, feil p\u00e5 tilkobling eller h\u00e5ndtering, vedlikehold eller bruk av utstyr som ikke samsvarer med tekniske spesifikasjoner levert av produsenten eller selgeren eller, mer generelt, noe feil eller upassende bruk av utstyret. \u2013 Tillegg av tilbeh\u00f8r eller utfyllende produktutstyr eller bruk av deler som trengs for \u00e5 bruke utstyret som ikke samsvarer med de tekniske spesifikasjonene utgitt av produsenten eller selgeren. \u2013 Noe mekanisk, elektronisk, elektrisk eller andre modifikasjoner eller endring gjort p\u00e5 utstyret eller tilkoblinger av en tredjepart.<\/p>\n<p>&nbsp;<\/p>\n<h2>Artikkel 11 \u2013 Beholdelse av eiendomsrett<\/h2>\n<p>Eiendomsretten til varen som er levert til kj\u00f8peren skal forbli hos selgeren inntil fullstendig betaling av det hele og innskutt fakturapris eller innl\u00f8sing av akseptert bankanvisninger eller andre bindinger bestemt for \u00e5 fastsette avtalte pris. Inntil fullstendig betaling er mottatt, kan alle avdrag bli holdt for \u00e5 dekke noen mulige tap som p\u00e5l\u00f8per under videresalg. I l\u00f8pet av perioden mellom leveringen og overf\u00f8ring av eiendomsretten, er kj\u00f8peren ansvarlig for \u00e5 sikre mot tap, tyveri og skade (se artikkel 5: Overf\u00f8ringsrisiko og gebyrer). Hvis kj\u00f8peren mislykkes i holde sine betalingsforpliktelser, av hvilken som helst grunn, har selgeren rett til \u00e5 kreve umiddelbart vederlag for de leverte varene, med alle kostnader for transport og forsikring betalt av kj\u00f8peren. I tilfelle av avviklingsordre som gjelder kj\u00f8perens selskap, forplikter kj\u00f8peren \u00e5 delta aktivt ved \u00e5 utf\u00f8re en lagertelling for \u00e5 identifisere varene som selgeren reklamerer som sin eiendom. I frav\u00e6r av dette, har selgeren rett til \u00e5 f\u00e5 utf\u00f8rt dette av en sertifisert h\u00e5ndhevelsesagent (namsmann), kostnader som m\u00e5 b\u00e6res av kj\u00f8peren.\u00a0\u00a0 Selgeren kan forby kj\u00f8peren \u00e5 videreselge, transformere eller integrere varene i tilfelle av etterskudd med betaling. For \u00e5 garantere noen utest\u00e5ende betalinger, og spesielt balansen p\u00e5 kj\u00f8perens konto i selgerens kontooppf\u00f8ringer, er det uttrykkelig stipulert at rettigheter til leverte, men enda ikke betalte varer, vil bli overf\u00f8rt til identiske varer levert av selgeren og i kj\u00f8perens lager, uten at man trenger \u00e5 belaste slike betalinger til noe spesifikt salg eller levering.<\/p>\n<p>&nbsp;<\/p>\n<h2>Artikkel 12 \u2013 Avbestillingsklausul<\/h2>\n<p>Hvis noen av kj\u00f8perens avtaleforpliktelser ikke m\u00f8tes av kj\u00f8peren, vil salget bli avbrutt\u00a0<em>de jure<\/em>\u00a0og varene vil bli returnert til selgeren etter selgerens avgj\u00f8relse, uten \u00e5 sette p\u00e5 spill selgerens rettigheter til mulige skader som selgeren kan reklamere fra kj\u00f8peren, innen 48\u00a0timer etter et formelt varsel om \u00e5 betale ikke er besvart.<\/p>\n<p>&nbsp;<\/p>\n<h2>Artikkel 13 \u2013 Gjensidighetsklausul<\/h2>\n<p>Unntatt i tilfeller av force majeure, hvis selgeren ikke skulle v\u00e6re i standard i \u00e5 samsvare med alle avtaleforpliktelser og dermed for\u00e5rsake at en ikke-profesjonell kj\u00f8per lider skade, vil selgeren, etter \u00e5 ha mottatt et formelt varsel om \u00e5 betale hvor selgeren har mislyktes i \u00e5 svare innen femten dager, st\u00e5 i gjeld til kj\u00f8peren for en sum som tilsvarer 20\u00a0% av full fakturapris.<\/p>\n<h2>Artikkel 14 \u2013 Datasikkerhet<\/h2>\n<p>Selgeren behandler data av personlig karakter ang\u00e5ende kj\u00f8peren innenfor rammeverket for kontraktsforholdet mellom de to partene.<\/p>\n<p>Alle personlige data og informasjon kommunisert med kj\u00f8peren vil bli h\u00e5ndtert i fullt samsvar med loven datert 8.\u00a0desember 1992 som gjelder personlig datasikkerhet og med europeiske bestemmelser p\u00e5 dette omr\u00e5det (Generell databeskyttelsesregulativ, GDPR \u2013 EU regulativ 2016\/679 datert 27.\u00a0april 2016).<\/p>\n<p>Selgeren erkjenner sin rolle som ansvarlig for h\u00e5ndtering av personlige data, som utf\u00f8res for f\u00f8lgende form\u00e5l: kundeadministrasjon (foresp\u00f8rsler om st\u00f8tte, behandle klager, utstede garantisertifikater), utf\u00f8re salg\/vedlikeholde kontrakter, tilby produkter og service (utvikling og kj\u00f8re direkte markedsf\u00f8ringskampanjer), utf\u00f8re og bruke elektronisk post.<\/p>\n<p>Personlige data blir oppbevart for den tidslengden som er strengt n\u00f8dvendig for \u00e5 behandle dem.\u00a0 Etterp\u00e5 blir de enten slettet eller gjengitt anonymt.<\/p>\n<p>N\u00e5r som helst, har kj\u00f8peren rett til \u00e5 be om tilgang til all personlig informasjon, s\u00e5 vel som mulighet til \u00e5 kontrollere og rette, uten noen kostnad, all slik informasjon.<\/p>\n<p>N\u00e5r som helst, har kunden rett til \u00e5 avsl\u00e5 informasjon av en personlig karakter som blir brukt til direkte markedsf\u00f8ringsform\u00e5l.<\/p>\n<p>For \u00e5 gj\u00f8re dette riktig, kontakt Hr. Alexandre Verstappen, uten noen kostnad, p\u00e5 e-postadressen\u00a0<a href=\"mailto:dataprivacy@yamabiko.eu\">dataprivacy@yamabiko.eu<\/a>\u00a0eller skriv til selgerens hovedkontor.<\/p>\n<h2>Artikkel 15 \u2013 Megling, kompetent jurisdiksjon og gjeldende lov<\/h2>\n<p>Alle uoverensstemmelser mellom de to partene vil blir meglet av en kompetent rett i det juridiske distriktet Walloon Brabant. \u00a0Alle internasjonale uoverensstemmelser n\u00e5r det gjelder oppretting, utf\u00f8ring og avslutning av avtaleforpliktelser mellom de to partene, og som ikke kan l\u00f8ses med gjensidig samtykke, vil bli avgjort av \u00e9n eller flere voldgifter i henhold til voldgiftsbestemmelsene til det internasjonale handelskammeret.<\/p>\n","protected":false},"excerpt":{"rendered":"<p>Artikkel 1 \u2013 Identifikasjon av avtaleparter Selgeren er heretter definert \u00e5 v\u00e6re YAMABIKO EUROPE S.A., avenue Lavoisier 35, 1300 Wavre, Belgia.\u00a0 Kj\u00f8peren er definert \u00e5 v\u00e6re personen som er autorisert for \u00e5 representere en juridisk enhet eller den personens egen forretning eller en kunde som forst\u00e5tt i artikkel I.1, 2\u00b0 av den belgiske handelsloven og [&hellip;]<\/p>\n","protected":false},"author":9,"featured_media":0,"parent":0,"menu_order":0,"comment_status":"closed","ping_status":"closed","template":"","meta":{"_acf_changed":false,"footnotes":""},"class_list":["post-6162","page","type-page","status-publish","hentry"],"acf":[],"yoast_head":"<!-- This site is optimized with the Yoast SEO plugin v26.9 - https:\/\/yoast.com\/product\/yoast-seo-wordpress\/ -->\n<title>Generelle forhold - Belrobotics<\/title>\n<meta name=\"robots\" content=\"index, follow, max-snippet:-1, max-image-preview:large, max-video-preview:-1\" \/>\n<link rel=\"canonical\" href=\"https:\/\/www.belrobotics.com\/no\/generelle-forhold\/\" \/>\n<meta property=\"og:locale\" content=\"nb_NO\" \/>\n<meta property=\"og:type\" content=\"article\" \/>\n<meta property=\"og:title\" content=\"Generelle forhold - Belrobotics\" \/>\n<meta property=\"og:description\" content=\"Artikkel 1 \u2013 Identifikasjon av avtaleparter Selgeren er heretter definert \u00e5 v\u00e6re YAMABIKO EUROPE S.A., avenue Lavoisier 35, 1300 Wavre, Belgia.\u00a0 Kj\u00f8peren er definert \u00e5 v\u00e6re personen som er autorisert for \u00e5 representere en juridisk enhet eller den personens egen forretning eller en kunde som forst\u00e5tt i artikkel I.1, 2\u00b0 av den belgiske handelsloven og [&hellip;]\" \/>\n<meta property=\"og:url\" content=\"https:\/\/www.belrobotics.com\/no\/generelle-forhold\/\" \/>\n<meta property=\"og:site_name\" content=\"Belrobotics\" \/>\n<meta property=\"article:publisher\" content=\"https:\/\/www.facebook.com\/belrobotics\" \/>\n<meta name=\"twitter:card\" content=\"summary_large_image\" \/>\n<meta name=\"twitter:label1\" content=\"Ansl. lesetid\" \/>\n\t<meta name=\"twitter:data1\" content=\"12 minutter\" \/>\n<script type=\"application\/ld+json\" class=\"yoast-schema-graph\">{\"@context\":\"https:\/\/schema.org\",\"@graph\":[{\"@type\":\"WebPage\",\"@id\":\"https:\/\/www.belrobotics.com\/no\/generelle-forhold\/\",\"url\":\"https:\/\/www.belrobotics.com\/no\/generelle-forhold\/\",\"name\":\"Generelle forhold - Belrobotics\",\"isPartOf\":{\"@id\":\"https:\/\/www.belrobotics.com\/no\/#website\"},\"datePublished\":\"2019-05-28T08:41:21+00:00\",\"breadcrumb\":{\"@id\":\"https:\/\/www.belrobotics.com\/no\/generelle-forhold\/#breadcrumb\"},\"inLanguage\":\"nb-NO\",\"potentialAction\":[{\"@type\":\"ReadAction\",\"target\":[\"https:\/\/www.belrobotics.com\/no\/generelle-forhold\/\"]}]},{\"@type\":\"BreadcrumbList\",\"@id\":\"https:\/\/www.belrobotics.com\/no\/generelle-forhold\/#breadcrumb\",\"itemListElement\":[{\"@type\":\"ListItem\",\"position\":1,\"name\":\"Home\",\"item\":\"https:\/\/www.belrobotics.com\/no\/\"},{\"@type\":\"ListItem\",\"position\":2,\"name\":\"Generelle forhold\"}]},{\"@type\":\"WebSite\",\"@id\":\"https:\/\/www.belrobotics.com\/no\/#website\",\"url\":\"https:\/\/www.belrobotics.com\/no\/\",\"name\":\"Belrobotics\",\"description\":\"The grass masters\",\"publisher\":{\"@id\":\"https:\/\/www.belrobotics.com\/no\/#organization\"},\"potentialAction\":[{\"@type\":\"SearchAction\",\"target\":{\"@type\":\"EntryPoint\",\"urlTemplate\":\"https:\/\/www.belrobotics.com\/no\/?s={search_term_string}\"},\"query-input\":{\"@type\":\"PropertyValueSpecification\",\"valueRequired\":true,\"valueName\":\"search_term_string\"}}],\"inLanguage\":\"nb-NO\"},{\"@type\":\"Organization\",\"@id\":\"https:\/\/www.belrobotics.com\/no\/#organization\",\"name\":\"Belrobotics\",\"url\":\"https:\/\/www.belrobotics.com\/no\/\",\"logo\":{\"@type\":\"ImageObject\",\"inLanguage\":\"nb-NO\",\"@id\":\"https:\/\/www.belrobotics.com\/no\/#\/schema\/logo\/image\/\",\"url\":\"https:\/\/www.belrobotics.com\/wp-content\/uploads\/2019\/01\/logo-belrobotics.svg\",\"contentUrl\":\"https:\/\/www.belrobotics.com\/wp-content\/uploads\/2019\/01\/logo-belrobotics.svg\",\"width\":100,\"height\":16,\"caption\":\"Belrobotics\"},\"image\":{\"@id\":\"https:\/\/www.belrobotics.com\/no\/#\/schema\/logo\/image\/\"},\"sameAs\":[\"https:\/\/www.facebook.com\/belrobotics\",\"https:\/\/www.youtube.com\/channel\/UCYgWBPRzEdXmUqLRL0JbUIw\",\"https:\/\/www.instagram.com\/belrobotics_europe\/\"]}]}<\/script>\n<!-- \/ Yoast SEO plugin. -->","yoast_head_json":{"title":"Generelle forhold - Belrobotics","robots":{"index":"index","follow":"follow","max-snippet":"max-snippet:-1","max-image-preview":"max-image-preview:large","max-video-preview":"max-video-preview:-1"},"canonical":"https:\/\/www.belrobotics.com\/no\/generelle-forhold\/","og_locale":"nb_NO","og_type":"article","og_title":"Generelle forhold - Belrobotics","og_description":"Artikkel 1 \u2013 Identifikasjon av avtaleparter Selgeren er heretter definert \u00e5 v\u00e6re YAMABIKO EUROPE S.A., avenue Lavoisier 35, 1300 Wavre, Belgia.\u00a0 Kj\u00f8peren er definert \u00e5 v\u00e6re personen som er autorisert for \u00e5 representere en juridisk enhet eller den personens egen forretning eller en kunde som forst\u00e5tt i artikkel I.1, 2\u00b0 av den belgiske handelsloven og [&hellip;]","og_url":"https:\/\/www.belrobotics.com\/no\/generelle-forhold\/","og_site_name":"Belrobotics","article_publisher":"https:\/\/www.facebook.com\/belrobotics","twitter_card":"summary_large_image","twitter_misc":{"Ansl. lesetid":"12 minutter"},"schema":{"@context":"https:\/\/schema.org","@graph":[{"@type":"WebPage","@id":"https:\/\/www.belrobotics.com\/no\/generelle-forhold\/","url":"https:\/\/www.belrobotics.com\/no\/generelle-forhold\/","name":"Generelle forhold - Belrobotics","isPartOf":{"@id":"https:\/\/www.belrobotics.com\/no\/#website"},"datePublished":"2019-05-28T08:41:21+00:00","breadcrumb":{"@id":"https:\/\/www.belrobotics.com\/no\/generelle-forhold\/#breadcrumb"},"inLanguage":"nb-NO","potentialAction":[{"@type":"ReadAction","target":["https:\/\/www.belrobotics.com\/no\/generelle-forhold\/"]}]},{"@type":"BreadcrumbList","@id":"https:\/\/www.belrobotics.com\/no\/generelle-forhold\/#breadcrumb","itemListElement":[{"@type":"ListItem","position":1,"name":"Home","item":"https:\/\/www.belrobotics.com\/no\/"},{"@type":"ListItem","position":2,"name":"Generelle forhold"}]},{"@type":"WebSite","@id":"https:\/\/www.belrobotics.com\/no\/#website","url":"https:\/\/www.belrobotics.com\/no\/","name":"Belrobotics","description":"The grass masters","publisher":{"@id":"https:\/\/www.belrobotics.com\/no\/#organization"},"potentialAction":[{"@type":"SearchAction","target":{"@type":"EntryPoint","urlTemplate":"https:\/\/www.belrobotics.com\/no\/?s={search_term_string}"},"query-input":{"@type":"PropertyValueSpecification","valueRequired":true,"valueName":"search_term_string"}}],"inLanguage":"nb-NO"},{"@type":"Organization","@id":"https:\/\/www.belrobotics.com\/no\/#organization","name":"Belrobotics","url":"https:\/\/www.belrobotics.com\/no\/","logo":{"@type":"ImageObject","inLanguage":"nb-NO","@id":"https:\/\/www.belrobotics.com\/no\/#\/schema\/logo\/image\/","url":"https:\/\/www.belrobotics.com\/wp-content\/uploads\/2019\/01\/logo-belrobotics.svg","contentUrl":"https:\/\/www.belrobotics.com\/wp-content\/uploads\/2019\/01\/logo-belrobotics.svg","width":100,"height":16,"caption":"Belrobotics"},"image":{"@id":"https:\/\/www.belrobotics.com\/no\/#\/schema\/logo\/image\/"},"sameAs":["https:\/\/www.facebook.com\/belrobotics","https:\/\/www.youtube.com\/channel\/UCYgWBPRzEdXmUqLRL0JbUIw","https:\/\/www.instagram.com\/belrobotics_europe\/"]}]}},"_links":{"self":[{"href":"https:\/\/www.belrobotics.com\/no\/wp-json\/wp\/v2\/pages\/6162","targetHints":{"allow":["GET"]}}],"collection":[{"href":"https:\/\/www.belrobotics.com\/no\/wp-json\/wp\/v2\/pages"}],"about":[{"href":"https:\/\/www.belrobotics.com\/no\/wp-json\/wp\/v2\/types\/page"}],"author":[{"embeddable":true,"href":"https:\/\/www.belrobotics.com\/no\/wp-json\/wp\/v2\/users\/9"}],"replies":[{"embeddable":true,"href":"https:\/\/www.belrobotics.com\/no\/wp-json\/wp\/v2\/comments?post=6162"}],"version-history":[{"count":0,"href":"https:\/\/www.belrobotics.com\/no\/wp-json\/wp\/v2\/pages\/6162\/revisions"}],"wp:attachment":[{"href":"https:\/\/www.belrobotics.com\/no\/wp-json\/wp\/v2\/media?parent=6162"}],"curies":[{"name":"wp","href":"https:\/\/api.w.org\/{rel}","templated":true}]}}