{"id":6117,"date":"2019-05-28T09:11:20","date_gmt":"2019-05-28T08:11:20","guid":{"rendered":"https:\/\/belrobotics.andromede.digital\/retningslinjer-for-beskyttelse-av-dine-data\/"},"modified":"2020-03-23T16:58:05","modified_gmt":"2020-03-23T15:58:05","slug":"retningslinjer-for-beskyttelse-av-dine-data","status":"publish","type":"page","link":"https:\/\/www.belrobotics.com\/no\/retningslinjer-for-beskyttelse-av-dine-data\/","title":{"rendered":"RETNINGSLINJER FOR BESKYTTELSE AV DINE DATA"},"content":{"rendered":"\r\n<p>I henhold til bestemmelsene i regulativet (EU) 2016\/679 til Europaparlamentet og R\u00e5det vedtatt den 27. april 2016 om beskyttelse av individer n\u00e5r det gjelder behandling av personlige data og om fri bevegelse av slike data (GDPR), informerer vi deg om forholdene i behandlingen av dine personlige data.<\/p>\r\n<p>Som kontroller og underleverand\u00f8r behandler vi dine data som del av dine tilordninger.<\/p>\r\n<p>Dine data blir oppbevart den tiden det er n\u00f8dvendig for oppdraget og i henhold til lovlig varighet for arkivering og oppbevaring av dokumentene n\u00e5r det gjelder v\u00e5r juridiske r\u00e5dgiver \/ forretningskonsulent \/ dommer.<\/p>\r\n<p>N\u00e5r du bes\u00f8ker v\u00e5r nettside, blir din p\u00e5loggingsenhet for IP-adresse identifisert.<\/p>\r\n<p>Dine p\u00e5loggingsdata blir behandlet med det form\u00e5l \u00e5 registrere og kontrollere din identitet, mulig hindring mot virus, phishing eller annen datamaskinkriminalitet, statistikker og forbedringer p\u00e5 v\u00e5r nettside.<\/p>\r\n<p>N\u00e5r du fyller ut kontaktskjemaet p\u00e5\u00a0<a href=\"https:\/\/www.belrobotics.com\/\">www.belrobotics.com<\/a>\u00a0nettstedet eller v\u00e5rt elektroniske evalueringsskjema, blir dine data behandlet som del av styring av foresp\u00f8rsler, sp\u00f8rsm\u00e5l, forbedringshandlinger.<\/p>\r\n<p>Du har rett til \u00e5 f\u00e5 tilgang til informasjonen vi har om deg, n\u00e5r som helst og uten noen kostnad, og oppdatere eller redigere den, slette den eller foresp\u00f8rsel om overf\u00f8ring av den.<\/p>\r\n<p>For \u00e5 gj\u00f8re det m\u00e5 du kontakte selskapets prosessleder, p\u00e5 <a href=\"mailto:dataprivacy@yamabiko.eu\">dataprivacy@yamabiko.eu<\/a>\u00a0<\/p>\r\n<p>Vi forplikter oss til \u00e5 ta riktige tekniske og organisatoriske tiltak for \u00e5 beskytte dine personlige data mot \u00f8deleggelse, enten ved et uhell eller ulovlig, tap, forglemmelse, uautorisert avsl\u00f8ring eller tilgang, spesielt n\u00e5r behandlingen involverer overf\u00f8ring av data via nettverket; mot noen annen ulovlig form for behandling; og sikre et sikkerhetsniv\u00e5 som er tilpasset risikoene som er representert ved behandling og \u00e5rsaken til at personlige data blir beskyttet; ta tekniske muligheter og implementeringskostnad med i betraktning.<\/p>\r\n<p>&nbsp;<\/p>\r\n","protected":false},"excerpt":{"rendered":"<p>I henhold til bestemmelsene i regulativet (EU) 2016\/679 til Europaparlamentet og R\u00e5det vedtatt den 27. april 2016 om beskyttelse av individer n\u00e5r det gjelder behandling av personlige data og om fri bevegelse av slike data (GDPR), informerer vi deg om forholdene i behandlingen av dine personlige data. Som kontroller og underleverand\u00f8r behandler vi dine data [&hellip;]<\/p>\n","protected":false},"author":9,"featured_media":0,"parent":0,"menu_order":0,"comment_status":"closed","ping_status":"closed","template":"","meta":{"_acf_changed":false,"footnotes":""},"class_list":["post-6117","page","type-page","status-publish","hentry"],"acf":[],"yoast_head":"<!-- This site is optimized with the Yoast SEO plugin v26.9 - https:\/\/yoast.com\/product\/yoast-seo-wordpress\/ -->\n<title>RETNINGSLINJER FOR BESKYTTELSE AV DINE DATA - Belrobotics<\/title>\n<meta name=\"robots\" content=\"index, follow, max-snippet:-1, max-image-preview:large, max-video-preview:-1\" \/>\n<link rel=\"canonical\" href=\"https:\/\/www.belrobotics.com\/no\/retningslinjer-for-beskyttelse-av-dine-data\/\" \/>\n<meta property=\"og:locale\" content=\"nb_NO\" \/>\n<meta property=\"og:type\" content=\"article\" \/>\n<meta property=\"og:title\" content=\"RETNINGSLINJER FOR BESKYTTELSE AV DINE DATA - Belrobotics\" \/>\n<meta property=\"og:description\" content=\"I henhold til bestemmelsene i regulativet (EU) 2016\/679 til Europaparlamentet og R\u00e5det vedtatt den 27. april 2016 om beskyttelse av individer n\u00e5r det gjelder behandling av personlige data og om fri bevegelse av slike data (GDPR), informerer vi deg om forholdene i behandlingen av dine personlige data. Som kontroller og underleverand\u00f8r behandler vi dine data [&hellip;]\" \/>\n<meta property=\"og:url\" content=\"https:\/\/www.belrobotics.com\/no\/retningslinjer-for-beskyttelse-av-dine-data\/\" \/>\n<meta property=\"og:site_name\" content=\"Belrobotics\" \/>\n<meta property=\"article:publisher\" content=\"https:\/\/www.facebook.com\/belrobotics\" \/>\n<meta property=\"article:modified_time\" content=\"2020-03-23T15:58:05+00:00\" \/>\n<meta name=\"twitter:card\" content=\"summary_large_image\" \/>\n<meta name=\"twitter:label1\" content=\"Ansl. lesetid\" \/>\n\t<meta name=\"twitter:data1\" content=\"1 minutt\" \/>\n<script type=\"application\/ld+json\" class=\"yoast-schema-graph\">{\"@context\":\"https:\/\/schema.org\",\"@graph\":[{\"@type\":\"WebPage\",\"@id\":\"https:\/\/www.belrobotics.com\/no\/retningslinjer-for-beskyttelse-av-dine-data\/\",\"url\":\"https:\/\/www.belrobotics.com\/no\/retningslinjer-for-beskyttelse-av-dine-data\/\",\"name\":\"RETNINGSLINJER FOR BESKYTTELSE AV DINE DATA - Belrobotics\",\"isPartOf\":{\"@id\":\"https:\/\/www.belrobotics.com\/no\/#website\"},\"datePublished\":\"2019-05-28T08:11:20+00:00\",\"dateModified\":\"2020-03-23T15:58:05+00:00\",\"breadcrumb\":{\"@id\":\"https:\/\/www.belrobotics.com\/no\/retningslinjer-for-beskyttelse-av-dine-data\/#breadcrumb\"},\"inLanguage\":\"nb-NO\",\"potentialAction\":[{\"@type\":\"ReadAction\",\"target\":[\"https:\/\/www.belrobotics.com\/no\/retningslinjer-for-beskyttelse-av-dine-data\/\"]}]},{\"@type\":\"BreadcrumbList\",\"@id\":\"https:\/\/www.belrobotics.com\/no\/retningslinjer-for-beskyttelse-av-dine-data\/#breadcrumb\",\"itemListElement\":[{\"@type\":\"ListItem\",\"position\":1,\"name\":\"Home\",\"item\":\"https:\/\/www.belrobotics.com\/no\/\"},{\"@type\":\"ListItem\",\"position\":2,\"name\":\"RETNINGSLINJER FOR BESKYTTELSE AV DINE DATA\"}]},{\"@type\":\"WebSite\",\"@id\":\"https:\/\/www.belrobotics.com\/no\/#website\",\"url\":\"https:\/\/www.belrobotics.com\/no\/\",\"name\":\"Belrobotics\",\"description\":\"The grass masters\",\"publisher\":{\"@id\":\"https:\/\/www.belrobotics.com\/no\/#organization\"},\"potentialAction\":[{\"@type\":\"SearchAction\",\"target\":{\"@type\":\"EntryPoint\",\"urlTemplate\":\"https:\/\/www.belrobotics.com\/no\/?s={search_term_string}\"},\"query-input\":{\"@type\":\"PropertyValueSpecification\",\"valueRequired\":true,\"valueName\":\"search_term_string\"}}],\"inLanguage\":\"nb-NO\"},{\"@type\":\"Organization\",\"@id\":\"https:\/\/www.belrobotics.com\/no\/#organization\",\"name\":\"Belrobotics\",\"url\":\"https:\/\/www.belrobotics.com\/no\/\",\"logo\":{\"@type\":\"ImageObject\",\"inLanguage\":\"nb-NO\",\"@id\":\"https:\/\/www.belrobotics.com\/no\/#\/schema\/logo\/image\/\",\"url\":\"https:\/\/www.belrobotics.com\/wp-content\/uploads\/2019\/01\/logo-belrobotics.svg\",\"contentUrl\":\"https:\/\/www.belrobotics.com\/wp-content\/uploads\/2019\/01\/logo-belrobotics.svg\",\"width\":100,\"height\":16,\"caption\":\"Belrobotics\"},\"image\":{\"@id\":\"https:\/\/www.belrobotics.com\/no\/#\/schema\/logo\/image\/\"},\"sameAs\":[\"https:\/\/www.facebook.com\/belrobotics\",\"https:\/\/www.youtube.com\/channel\/UCYgWBPRzEdXmUqLRL0JbUIw\",\"https:\/\/www.instagram.com\/belrobotics_europe\/\"]}]}<\/script>\n<!-- \/ Yoast SEO plugin. -->","yoast_head_json":{"title":"RETNINGSLINJER FOR BESKYTTELSE AV DINE DATA - Belrobotics","robots":{"index":"index","follow":"follow","max-snippet":"max-snippet:-1","max-image-preview":"max-image-preview:large","max-video-preview":"max-video-preview:-1"},"canonical":"https:\/\/www.belrobotics.com\/no\/retningslinjer-for-beskyttelse-av-dine-data\/","og_locale":"nb_NO","og_type":"article","og_title":"RETNINGSLINJER FOR BESKYTTELSE AV DINE DATA - Belrobotics","og_description":"I henhold til bestemmelsene i regulativet (EU) 2016\/679 til Europaparlamentet og R\u00e5det vedtatt den 27. april 2016 om beskyttelse av individer n\u00e5r det gjelder behandling av personlige data og om fri bevegelse av slike data (GDPR), informerer vi deg om forholdene i behandlingen av dine personlige data. Som kontroller og underleverand\u00f8r behandler vi dine data [&hellip;]","og_url":"https:\/\/www.belrobotics.com\/no\/retningslinjer-for-beskyttelse-av-dine-data\/","og_site_name":"Belrobotics","article_publisher":"https:\/\/www.facebook.com\/belrobotics","article_modified_time":"2020-03-23T15:58:05+00:00","twitter_card":"summary_large_image","twitter_misc":{"Ansl. lesetid":"1 minutt"},"schema":{"@context":"https:\/\/schema.org","@graph":[{"@type":"WebPage","@id":"https:\/\/www.belrobotics.com\/no\/retningslinjer-for-beskyttelse-av-dine-data\/","url":"https:\/\/www.belrobotics.com\/no\/retningslinjer-for-beskyttelse-av-dine-data\/","name":"RETNINGSLINJER FOR BESKYTTELSE AV DINE DATA - Belrobotics","isPartOf":{"@id":"https:\/\/www.belrobotics.com\/no\/#website"},"datePublished":"2019-05-28T08:11:20+00:00","dateModified":"2020-03-23T15:58:05+00:00","breadcrumb":{"@id":"https:\/\/www.belrobotics.com\/no\/retningslinjer-for-beskyttelse-av-dine-data\/#breadcrumb"},"inLanguage":"nb-NO","potentialAction":[{"@type":"ReadAction","target":["https:\/\/www.belrobotics.com\/no\/retningslinjer-for-beskyttelse-av-dine-data\/"]}]},{"@type":"BreadcrumbList","@id":"https:\/\/www.belrobotics.com\/no\/retningslinjer-for-beskyttelse-av-dine-data\/#breadcrumb","itemListElement":[{"@type":"ListItem","position":1,"name":"Home","item":"https:\/\/www.belrobotics.com\/no\/"},{"@type":"ListItem","position":2,"name":"RETNINGSLINJER FOR BESKYTTELSE AV DINE DATA"}]},{"@type":"WebSite","@id":"https:\/\/www.belrobotics.com\/no\/#website","url":"https:\/\/www.belrobotics.com\/no\/","name":"Belrobotics","description":"The grass masters","publisher":{"@id":"https:\/\/www.belrobotics.com\/no\/#organization"},"potentialAction":[{"@type":"SearchAction","target":{"@type":"EntryPoint","urlTemplate":"https:\/\/www.belrobotics.com\/no\/?s={search_term_string}"},"query-input":{"@type":"PropertyValueSpecification","valueRequired":true,"valueName":"search_term_string"}}],"inLanguage":"nb-NO"},{"@type":"Organization","@id":"https:\/\/www.belrobotics.com\/no\/#organization","name":"Belrobotics","url":"https:\/\/www.belrobotics.com\/no\/","logo":{"@type":"ImageObject","inLanguage":"nb-NO","@id":"https:\/\/www.belrobotics.com\/no\/#\/schema\/logo\/image\/","url":"https:\/\/www.belrobotics.com\/wp-content\/uploads\/2019\/01\/logo-belrobotics.svg","contentUrl":"https:\/\/www.belrobotics.com\/wp-content\/uploads\/2019\/01\/logo-belrobotics.svg","width":100,"height":16,"caption":"Belrobotics"},"image":{"@id":"https:\/\/www.belrobotics.com\/no\/#\/schema\/logo\/image\/"},"sameAs":["https:\/\/www.facebook.com\/belrobotics","https:\/\/www.youtube.com\/channel\/UCYgWBPRzEdXmUqLRL0JbUIw","https:\/\/www.instagram.com\/belrobotics_europe\/"]}]}},"_links":{"self":[{"href":"https:\/\/www.belrobotics.com\/no\/wp-json\/wp\/v2\/pages\/6117","targetHints":{"allow":["GET"]}}],"collection":[{"href":"https:\/\/www.belrobotics.com\/no\/wp-json\/wp\/v2\/pages"}],"about":[{"href":"https:\/\/www.belrobotics.com\/no\/wp-json\/wp\/v2\/types\/page"}],"author":[{"embeddable":true,"href":"https:\/\/www.belrobotics.com\/no\/wp-json\/wp\/v2\/users\/9"}],"replies":[{"embeddable":true,"href":"https:\/\/www.belrobotics.com\/no\/wp-json\/wp\/v2\/comments?post=6117"}],"version-history":[{"count":0,"href":"https:\/\/www.belrobotics.com\/no\/wp-json\/wp\/v2\/pages\/6117\/revisions"}],"wp:attachment":[{"href":"https:\/\/www.belrobotics.com\/no\/wp-json\/wp\/v2\/media?parent=6117"}],"curies":[{"name":"wp","href":"https:\/\/api.w.org\/{rel}","templated":true}]}}