{"id":5743,"date":"2019-05-27T13:54:37","date_gmt":"2019-05-27T12:54:37","guid":{"rendered":"https:\/\/belrobotics.andromede.digital\/bigmow-parcmow-og-ballpicker\/"},"modified":"2023-02-22T15:30:21","modified_gmt":"2023-02-22T14:30:21","slug":"connected-line","status":"publish","type":"page","link":"https:\/\/www.belrobotics.com\/no\/connected-line\/","title":{"rendered":"Bigmow, Parcmow og Ballpicker"},"content":{"rendered":"<h3>Connected Line: Ren innovasjon<\/h3>\n<p class=\"p1\">Robotene i Connected Line-serien er langt mer robuste enn de forrige generasjonene. Materialene vi bruker, er sv\u00e6rt slitesterke (fra chassis til hjul via koblinger) og beskytter gressklipperne mot st\u00f8t, st\u00f8v og fukt. Levetiden deres er derfor usedvanlig lang.<\/p>\n<p class=\"p1\">Takket v\u00e6re sv\u00e6rt effektiv lydisolering garanteres det en sv\u00e6rt behagelig brukeropplevelse. De stilleg\u00e5ende robotklipperne v\u00e5re s\u00f8rger for ro og fred p\u00e5 gressomr\u00e5dene dine og at de klippes helt inn i de minste krinker og kroker. Du kan slappe helt av og nyte gressplenen din.<\/p>\n<p class=\"p1\">Denne serien garanterer enkelt vedlikehold, og programvaren kan oppdateres eksternt.<\/p>\n","protected":false},"excerpt":{"rendered":"<p>Connected Line: Ren innovasjon Robotene i Connected Line-serien er langt mer robuste enn de forrige generasjonene. Materialene vi bruker, er sv\u00e6rt slitesterke (fra chassis til hjul via koblinger) og beskytter gressklipperne mot st\u00f8t, st\u00f8v og fukt. Levetiden deres er derfor usedvanlig lang. Takket v\u00e6re sv\u00e6rt effektiv lydisolering garanteres det en sv\u00e6rt behagelig brukeropplevelse. De stilleg\u00e5ende [&hellip;]<\/p>\n","protected":false},"author":9,"featured_media":5027,"parent":0,"menu_order":0,"comment_status":"closed","ping_status":"closed","template":"template-archive-tondeuses.php","meta":{"_acf_changed":false,"footnotes":""},"class_list":["post-5743","page","type-page","status-publish","has-post-thumbnail","hentry"],"acf":[],"yoast_head":"<!-- This site is optimized with the Yoast SEO plugin v26.9 - https:\/\/yoast.com\/product\/yoast-seo-wordpress\/ -->\n<title>Bigmow, Parcmow og Ballpicker - Belrobotics<\/title>\n<meta name=\"robots\" content=\"index, follow, max-snippet:-1, max-image-preview:large, max-video-preview:-1\" \/>\n<link rel=\"canonical\" href=\"https:\/\/www.belrobotics.com\/no\/connected-line\/\" \/>\n<meta property=\"og:locale\" content=\"nb_NO\" \/>\n<meta property=\"og:type\" content=\"article\" \/>\n<meta property=\"og:title\" content=\"Bigmow, Parcmow og Ballpicker - Belrobotics\" \/>\n<meta property=\"og:description\" content=\"Connected Line: Ren innovasjon Robotene i Connected Line-serien er langt mer robuste enn de forrige generasjonene. Materialene vi bruker, er sv\u00e6rt slitesterke (fra chassis til hjul via koblinger) og beskytter gressklipperne mot st\u00f8t, st\u00f8v og fukt. Levetiden deres er derfor usedvanlig lang. Takket v\u00e6re sv\u00e6rt effektiv lydisolering garanteres det en sv\u00e6rt behagelig brukeropplevelse. De stilleg\u00e5ende [&hellip;]\" \/>\n<meta property=\"og:url\" content=\"https:\/\/www.belrobotics.com\/no\/connected-line\/\" \/>\n<meta property=\"og:site_name\" content=\"Belrobotics\" \/>\n<meta property=\"article:publisher\" content=\"https:\/\/www.facebook.com\/belrobotics\" \/>\n<meta property=\"article:modified_time\" content=\"2023-02-22T14:30:21+00:00\" \/>\n<meta property=\"og:image\" content=\"https:\/\/www.belrobotics.com\/wp-content\/uploads\/2019\/04\/Golf_43327_2.jpg\" \/>\n\t<meta property=\"og:image:width\" content=\"3000\" \/>\n\t<meta property=\"og:image:height\" content=\"2249\" \/>\n\t<meta property=\"og:image:type\" content=\"image\/jpeg\" \/>\n<meta name=\"twitter:card\" content=\"summary_large_image\" \/>\n<meta name=\"twitter:label1\" content=\"Ansl. lesetid\" \/>\n\t<meta name=\"twitter:data1\" content=\"1 minutt\" \/>\n<script type=\"application\/ld+json\" class=\"yoast-schema-graph\">{\"@context\":\"https:\/\/schema.org\",\"@graph\":[{\"@type\":\"WebPage\",\"@id\":\"https:\/\/www.belrobotics.com\/no\/connected-line\/\",\"url\":\"https:\/\/www.belrobotics.com\/no\/connected-line\/\",\"name\":\"Bigmow, Parcmow og Ballpicker - Belrobotics\",\"isPartOf\":{\"@id\":\"https:\/\/www.belrobotics.com\/no\/#website\"},\"primaryImageOfPage\":{\"@id\":\"https:\/\/www.belrobotics.com\/no\/connected-line\/#primaryimage\"},\"image\":{\"@id\":\"https:\/\/www.belrobotics.com\/no\/connected-line\/#primaryimage\"},\"thumbnailUrl\":\"https:\/\/www.belrobotics.com\/wp-content\/uploads\/2019\/04\/Golf_43327_2.jpg\",\"datePublished\":\"2019-05-27T12:54:37+00:00\",\"dateModified\":\"2023-02-22T14:30:21+00:00\",\"breadcrumb\":{\"@id\":\"https:\/\/www.belrobotics.com\/no\/connected-line\/#breadcrumb\"},\"inLanguage\":\"nb-NO\",\"potentialAction\":[{\"@type\":\"ReadAction\",\"target\":[\"https:\/\/www.belrobotics.com\/no\/connected-line\/\"]}]},{\"@type\":\"ImageObject\",\"inLanguage\":\"nb-NO\",\"@id\":\"https:\/\/www.belrobotics.com\/no\/connected-line\/#primaryimage\",\"url\":\"https:\/\/www.belrobotics.com\/wp-content\/uploads\/2019\/04\/Golf_43327_2.jpg\",\"contentUrl\":\"https:\/\/www.belrobotics.com\/wp-content\/uploads\/2019\/04\/Golf_43327_2.jpg\",\"width\":3000,\"height\":2249},{\"@type\":\"BreadcrumbList\",\"@id\":\"https:\/\/www.belrobotics.com\/no\/connected-line\/#breadcrumb\",\"itemListElement\":[{\"@type\":\"ListItem\",\"position\":1,\"name\":\"Home\",\"item\":\"https:\/\/www.belrobotics.com\/no\/\"},{\"@type\":\"ListItem\",\"position\":2,\"name\":\"Bigmow, Parcmow og Ballpicker\"}]},{\"@type\":\"WebSite\",\"@id\":\"https:\/\/www.belrobotics.com\/no\/#website\",\"url\":\"https:\/\/www.belrobotics.com\/no\/\",\"name\":\"Belrobotics\",\"description\":\"The grass masters\",\"publisher\":{\"@id\":\"https:\/\/www.belrobotics.com\/no\/#organization\"},\"potentialAction\":[{\"@type\":\"SearchAction\",\"target\":{\"@type\":\"EntryPoint\",\"urlTemplate\":\"https:\/\/www.belrobotics.com\/no\/?s={search_term_string}\"},\"query-input\":{\"@type\":\"PropertyValueSpecification\",\"valueRequired\":true,\"valueName\":\"search_term_string\"}}],\"inLanguage\":\"nb-NO\"},{\"@type\":\"Organization\",\"@id\":\"https:\/\/www.belrobotics.com\/no\/#organization\",\"name\":\"Belrobotics\",\"url\":\"https:\/\/www.belrobotics.com\/no\/\",\"logo\":{\"@type\":\"ImageObject\",\"inLanguage\":\"nb-NO\",\"@id\":\"https:\/\/www.belrobotics.com\/no\/#\/schema\/logo\/image\/\",\"url\":\"https:\/\/www.belrobotics.com\/wp-content\/uploads\/2019\/01\/logo-belrobotics.svg\",\"contentUrl\":\"https:\/\/www.belrobotics.com\/wp-content\/uploads\/2019\/01\/logo-belrobotics.svg\",\"width\":100,\"height\":16,\"caption\":\"Belrobotics\"},\"image\":{\"@id\":\"https:\/\/www.belrobotics.com\/no\/#\/schema\/logo\/image\/\"},\"sameAs\":[\"https:\/\/www.facebook.com\/belrobotics\",\"https:\/\/www.youtube.com\/channel\/UCYgWBPRzEdXmUqLRL0JbUIw\",\"https:\/\/www.instagram.com\/belrobotics_europe\/\"]}]}<\/script>\n<!-- \/ Yoast SEO plugin. -->","yoast_head_json":{"title":"Bigmow, Parcmow og Ballpicker - Belrobotics","robots":{"index":"index","follow":"follow","max-snippet":"max-snippet:-1","max-image-preview":"max-image-preview:large","max-video-preview":"max-video-preview:-1"},"canonical":"https:\/\/www.belrobotics.com\/no\/connected-line\/","og_locale":"nb_NO","og_type":"article","og_title":"Bigmow, Parcmow og Ballpicker - Belrobotics","og_description":"Connected Line: Ren innovasjon Robotene i Connected Line-serien er langt mer robuste enn de forrige generasjonene. Materialene vi bruker, er sv\u00e6rt slitesterke (fra chassis til hjul via koblinger) og beskytter gressklipperne mot st\u00f8t, st\u00f8v og fukt. Levetiden deres er derfor usedvanlig lang. Takket v\u00e6re sv\u00e6rt effektiv lydisolering garanteres det en sv\u00e6rt behagelig brukeropplevelse. De stilleg\u00e5ende [&hellip;]","og_url":"https:\/\/www.belrobotics.com\/no\/connected-line\/","og_site_name":"Belrobotics","article_publisher":"https:\/\/www.facebook.com\/belrobotics","article_modified_time":"2023-02-22T14:30:21+00:00","og_image":[{"width":3000,"height":2249,"url":"https:\/\/www.belrobotics.com\/wp-content\/uploads\/2019\/04\/Golf_43327_2.jpg","type":"image\/jpeg"}],"twitter_card":"summary_large_image","twitter_misc":{"Ansl. lesetid":"1 minutt"},"schema":{"@context":"https:\/\/schema.org","@graph":[{"@type":"WebPage","@id":"https:\/\/www.belrobotics.com\/no\/connected-line\/","url":"https:\/\/www.belrobotics.com\/no\/connected-line\/","name":"Bigmow, Parcmow og Ballpicker - Belrobotics","isPartOf":{"@id":"https:\/\/www.belrobotics.com\/no\/#website"},"primaryImageOfPage":{"@id":"https:\/\/www.belrobotics.com\/no\/connected-line\/#primaryimage"},"image":{"@id":"https:\/\/www.belrobotics.com\/no\/connected-line\/#primaryimage"},"thumbnailUrl":"https:\/\/www.belrobotics.com\/wp-content\/uploads\/2019\/04\/Golf_43327_2.jpg","datePublished":"2019-05-27T12:54:37+00:00","dateModified":"2023-02-22T14:30:21+00:00","breadcrumb":{"@id":"https:\/\/www.belrobotics.com\/no\/connected-line\/#breadcrumb"},"inLanguage":"nb-NO","potentialAction":[{"@type":"ReadAction","target":["https:\/\/www.belrobotics.com\/no\/connected-line\/"]}]},{"@type":"ImageObject","inLanguage":"nb-NO","@id":"https:\/\/www.belrobotics.com\/no\/connected-line\/#primaryimage","url":"https:\/\/www.belrobotics.com\/wp-content\/uploads\/2019\/04\/Golf_43327_2.jpg","contentUrl":"https:\/\/www.belrobotics.com\/wp-content\/uploads\/2019\/04\/Golf_43327_2.jpg","width":3000,"height":2249},{"@type":"BreadcrumbList","@id":"https:\/\/www.belrobotics.com\/no\/connected-line\/#breadcrumb","itemListElement":[{"@type":"ListItem","position":1,"name":"Home","item":"https:\/\/www.belrobotics.com\/no\/"},{"@type":"ListItem","position":2,"name":"Bigmow, Parcmow og Ballpicker"}]},{"@type":"WebSite","@id":"https:\/\/www.belrobotics.com\/no\/#website","url":"https:\/\/www.belrobotics.com\/no\/","name":"Belrobotics","description":"The grass masters","publisher":{"@id":"https:\/\/www.belrobotics.com\/no\/#organization"},"potentialAction":[{"@type":"SearchAction","target":{"@type":"EntryPoint","urlTemplate":"https:\/\/www.belrobotics.com\/no\/?s={search_term_string}"},"query-input":{"@type":"PropertyValueSpecification","valueRequired":true,"valueName":"search_term_string"}}],"inLanguage":"nb-NO"},{"@type":"Organization","@id":"https:\/\/www.belrobotics.com\/no\/#organization","name":"Belrobotics","url":"https:\/\/www.belrobotics.com\/no\/","logo":{"@type":"ImageObject","inLanguage":"nb-NO","@id":"https:\/\/www.belrobotics.com\/no\/#\/schema\/logo\/image\/","url":"https:\/\/www.belrobotics.com\/wp-content\/uploads\/2019\/01\/logo-belrobotics.svg","contentUrl":"https:\/\/www.belrobotics.com\/wp-content\/uploads\/2019\/01\/logo-belrobotics.svg","width":100,"height":16,"caption":"Belrobotics"},"image":{"@id":"https:\/\/www.belrobotics.com\/no\/#\/schema\/logo\/image\/"},"sameAs":["https:\/\/www.facebook.com\/belrobotics","https:\/\/www.youtube.com\/channel\/UCYgWBPRzEdXmUqLRL0JbUIw","https:\/\/www.instagram.com\/belrobotics_europe\/"]}]}},"_links":{"self":[{"href":"https:\/\/www.belrobotics.com\/no\/wp-json\/wp\/v2\/pages\/5743","targetHints":{"allow":["GET"]}}],"collection":[{"href":"https:\/\/www.belrobotics.com\/no\/wp-json\/wp\/v2\/pages"}],"about":[{"href":"https:\/\/www.belrobotics.com\/no\/wp-json\/wp\/v2\/types\/page"}],"author":[{"embeddable":true,"href":"https:\/\/www.belrobotics.com\/no\/wp-json\/wp\/v2\/users\/9"}],"replies":[{"embeddable":true,"href":"https:\/\/www.belrobotics.com\/no\/wp-json\/wp\/v2\/comments?post=5743"}],"version-history":[{"count":3,"href":"https:\/\/www.belrobotics.com\/no\/wp-json\/wp\/v2\/pages\/5743\/revisions"}],"predecessor-version":[{"id":21894,"href":"https:\/\/www.belrobotics.com\/no\/wp-json\/wp\/v2\/pages\/5743\/revisions\/21894"}],"wp:featuredmedia":[{"embeddable":true,"href":"https:\/\/www.belrobotics.com\/no\/wp-json\/wp\/v2\/media\/5027"}],"wp:attachment":[{"href":"https:\/\/www.belrobotics.com\/no\/wp-json\/wp\/v2\/media?parent=5743"}],"curies":[{"name":"wp","href":"https:\/\/api.w.org\/{rel}","templated":true}]}}