{"id":5740,"date":"2019-01-21T15:12:33","date_gmt":"2019-01-21T14:12:33","guid":{"rendered":"https:\/\/belrobotics.andromede.digital\/ekstreme-anlegg\/"},"modified":"2019-07-19T09:43:07","modified_gmt":"2019-07-19T08:43:07","slug":"ekstreme-anlegg","status":"publish","type":"page","link":"https:\/\/www.belrobotics.com\/no\/ekstreme-anlegg\/","title":{"rendered":"Ekstreme anlegg"},"content":{"rendered":"<h3>Robotgressklippere kj\u00f8rer ogs\u00e5 i farlige milj\u00f8er<\/h3>\n<p>Bigmow har kapasitet til \u00e5 vedlikeholde opp til 24\u00a0000\u00a0m\u00b2 med plen. Eksepsjonell ytelse, ogs\u00e5 under vanskelige forhold. Belrobotics robotgressklipper for hele terrenget er bare den eneste i verden som har kapasitet til \u00e5 tilpasse seg et anlegg med forstyrrende signaler eller i farlige industrielle milj\u00f8er.<\/p>\n","protected":false},"excerpt":{"rendered":"<p>Robotgressklippere kj\u00f8rer ogs\u00e5 i farlige milj\u00f8er Bigmow har kapasitet til \u00e5 vedlikeholde opp til 24\u00a0000\u00a0m\u00b2 med plen. Eksepsjonell ytelse, ogs\u00e5 under vanskelige forhold. Belrobotics robotgressklipper for hele terrenget er bare den eneste i verden som har kapasitet til \u00e5 tilpasse seg et anlegg med forstyrrende signaler eller i farlige industrielle milj\u00f8er.<\/p>\n","protected":false},"author":9,"featured_media":5070,"parent":0,"menu_order":0,"comment_status":"closed","ping_status":"closed","template":"utilisation.php","meta":{"_acf_changed":false,"footnotes":""},"class_list":["post-5740","page","type-page","status-publish","has-post-thumbnail","hentry"],"acf":[],"yoast_head":"<!-- This site is optimized with the Yoast SEO plugin v26.9 - https:\/\/yoast.com\/product\/yoast-seo-wordpress\/ -->\n<title>Ekstreme anlegg - Belrobotics<\/title>\n<meta name=\"robots\" content=\"index, follow, max-snippet:-1, max-image-preview:large, max-video-preview:-1\" \/>\n<link rel=\"canonical\" href=\"https:\/\/www.belrobotics.com\/no\/ekstreme-anlegg\/\" \/>\n<meta property=\"og:locale\" content=\"nb_NO\" \/>\n<meta property=\"og:type\" content=\"article\" \/>\n<meta property=\"og:title\" content=\"Ekstreme anlegg - Belrobotics\" \/>\n<meta property=\"og:description\" content=\"Robotgressklippere kj\u00f8rer ogs\u00e5 i farlige milj\u00f8er Bigmow har kapasitet til \u00e5 vedlikeholde opp til 24\u00a0000\u00a0m\u00b2 med plen. Eksepsjonell ytelse, ogs\u00e5 under vanskelige forhold. Belrobotics robotgressklipper for hele terrenget er bare den eneste i verden som har kapasitet til \u00e5 tilpasse seg et anlegg med forstyrrende signaler eller i farlige industrielle milj\u00f8er.\" \/>\n<meta property=\"og:url\" content=\"https:\/\/www.belrobotics.com\/no\/ekstreme-anlegg\/\" \/>\n<meta property=\"og:site_name\" content=\"Belrobotics\" \/>\n<meta property=\"article:publisher\" content=\"https:\/\/www.facebook.com\/belrobotics\" \/>\n<meta property=\"article:modified_time\" content=\"2019-07-19T08:43:07+00:00\" \/>\n<meta property=\"og:image\" content=\"https:\/\/www.belrobotics.com\/wp-content\/uploads\/2019\/05\/shutterstock_308515325.jpg\" \/>\n\t<meta property=\"og:image:width\" content=\"3000\" \/>\n\t<meta property=\"og:image:height\" content=\"1997\" \/>\n\t<meta property=\"og:image:type\" content=\"image\/jpeg\" \/>\n<meta name=\"twitter:card\" content=\"summary_large_image\" \/>\n<script type=\"application\/ld+json\" class=\"yoast-schema-graph\">{\"@context\":\"https:\/\/schema.org\",\"@graph\":[{\"@type\":\"WebPage\",\"@id\":\"https:\/\/www.belrobotics.com\/no\/ekstreme-anlegg\/\",\"url\":\"https:\/\/www.belrobotics.com\/no\/ekstreme-anlegg\/\",\"name\":\"Ekstreme anlegg - Belrobotics\",\"isPartOf\":{\"@id\":\"https:\/\/www.belrobotics.com\/no\/#website\"},\"primaryImageOfPage\":{\"@id\":\"https:\/\/www.belrobotics.com\/no\/ekstreme-anlegg\/#primaryimage\"},\"image\":{\"@id\":\"https:\/\/www.belrobotics.com\/no\/ekstreme-anlegg\/#primaryimage\"},\"thumbnailUrl\":\"https:\/\/www.belrobotics.com\/wp-content\/uploads\/2019\/05\/shutterstock_308515325.jpg\",\"datePublished\":\"2019-01-21T14:12:33+00:00\",\"dateModified\":\"2019-07-19T08:43:07+00:00\",\"breadcrumb\":{\"@id\":\"https:\/\/www.belrobotics.com\/no\/ekstreme-anlegg\/#breadcrumb\"},\"inLanguage\":\"nb-NO\",\"potentialAction\":[{\"@type\":\"ReadAction\",\"target\":[\"https:\/\/www.belrobotics.com\/no\/ekstreme-anlegg\/\"]}]},{\"@type\":\"ImageObject\",\"inLanguage\":\"nb-NO\",\"@id\":\"https:\/\/www.belrobotics.com\/no\/ekstreme-anlegg\/#primaryimage\",\"url\":\"https:\/\/www.belrobotics.com\/wp-content\/uploads\/2019\/05\/shutterstock_308515325.jpg\",\"contentUrl\":\"https:\/\/www.belrobotics.com\/wp-content\/uploads\/2019\/05\/shutterstock_308515325.jpg\",\"width\":3000,\"height\":1997},{\"@type\":\"BreadcrumbList\",\"@id\":\"https:\/\/www.belrobotics.com\/no\/ekstreme-anlegg\/#breadcrumb\",\"itemListElement\":[{\"@type\":\"ListItem\",\"position\":1,\"name\":\"Home\",\"item\":\"https:\/\/www.belrobotics.com\/no\/\"},{\"@type\":\"ListItem\",\"position\":2,\"name\":\"Ekstreme anlegg\"}]},{\"@type\":\"WebSite\",\"@id\":\"https:\/\/www.belrobotics.com\/no\/#website\",\"url\":\"https:\/\/www.belrobotics.com\/no\/\",\"name\":\"Belrobotics\",\"description\":\"The grass masters\",\"publisher\":{\"@id\":\"https:\/\/www.belrobotics.com\/no\/#organization\"},\"potentialAction\":[{\"@type\":\"SearchAction\",\"target\":{\"@type\":\"EntryPoint\",\"urlTemplate\":\"https:\/\/www.belrobotics.com\/no\/?s={search_term_string}\"},\"query-input\":{\"@type\":\"PropertyValueSpecification\",\"valueRequired\":true,\"valueName\":\"search_term_string\"}}],\"inLanguage\":\"nb-NO\"},{\"@type\":\"Organization\",\"@id\":\"https:\/\/www.belrobotics.com\/no\/#organization\",\"name\":\"Belrobotics\",\"url\":\"https:\/\/www.belrobotics.com\/no\/\",\"logo\":{\"@type\":\"ImageObject\",\"inLanguage\":\"nb-NO\",\"@id\":\"https:\/\/www.belrobotics.com\/no\/#\/schema\/logo\/image\/\",\"url\":\"https:\/\/www.belrobotics.com\/wp-content\/uploads\/2019\/01\/logo-belrobotics.svg\",\"contentUrl\":\"https:\/\/www.belrobotics.com\/wp-content\/uploads\/2019\/01\/logo-belrobotics.svg\",\"width\":100,\"height\":16,\"caption\":\"Belrobotics\"},\"image\":{\"@id\":\"https:\/\/www.belrobotics.com\/no\/#\/schema\/logo\/image\/\"},\"sameAs\":[\"https:\/\/www.facebook.com\/belrobotics\",\"https:\/\/www.youtube.com\/channel\/UCYgWBPRzEdXmUqLRL0JbUIw\",\"https:\/\/www.instagram.com\/belrobotics_europe\/\"]}]}<\/script>\n<!-- \/ Yoast SEO plugin. -->","yoast_head_json":{"title":"Ekstreme anlegg - Belrobotics","robots":{"index":"index","follow":"follow","max-snippet":"max-snippet:-1","max-image-preview":"max-image-preview:large","max-video-preview":"max-video-preview:-1"},"canonical":"https:\/\/www.belrobotics.com\/no\/ekstreme-anlegg\/","og_locale":"nb_NO","og_type":"article","og_title":"Ekstreme anlegg - Belrobotics","og_description":"Robotgressklippere kj\u00f8rer ogs\u00e5 i farlige milj\u00f8er Bigmow har kapasitet til \u00e5 vedlikeholde opp til 24\u00a0000\u00a0m\u00b2 med plen. Eksepsjonell ytelse, ogs\u00e5 under vanskelige forhold. Belrobotics robotgressklipper for hele terrenget er bare den eneste i verden som har kapasitet til \u00e5 tilpasse seg et anlegg med forstyrrende signaler eller i farlige industrielle milj\u00f8er.","og_url":"https:\/\/www.belrobotics.com\/no\/ekstreme-anlegg\/","og_site_name":"Belrobotics","article_publisher":"https:\/\/www.facebook.com\/belrobotics","article_modified_time":"2019-07-19T08:43:07+00:00","og_image":[{"width":3000,"height":1997,"url":"https:\/\/www.belrobotics.com\/wp-content\/uploads\/2019\/05\/shutterstock_308515325.jpg","type":"image\/jpeg"}],"twitter_card":"summary_large_image","schema":{"@context":"https:\/\/schema.org","@graph":[{"@type":"WebPage","@id":"https:\/\/www.belrobotics.com\/no\/ekstreme-anlegg\/","url":"https:\/\/www.belrobotics.com\/no\/ekstreme-anlegg\/","name":"Ekstreme anlegg - Belrobotics","isPartOf":{"@id":"https:\/\/www.belrobotics.com\/no\/#website"},"primaryImageOfPage":{"@id":"https:\/\/www.belrobotics.com\/no\/ekstreme-anlegg\/#primaryimage"},"image":{"@id":"https:\/\/www.belrobotics.com\/no\/ekstreme-anlegg\/#primaryimage"},"thumbnailUrl":"https:\/\/www.belrobotics.com\/wp-content\/uploads\/2019\/05\/shutterstock_308515325.jpg","datePublished":"2019-01-21T14:12:33+00:00","dateModified":"2019-07-19T08:43:07+00:00","breadcrumb":{"@id":"https:\/\/www.belrobotics.com\/no\/ekstreme-anlegg\/#breadcrumb"},"inLanguage":"nb-NO","potentialAction":[{"@type":"ReadAction","target":["https:\/\/www.belrobotics.com\/no\/ekstreme-anlegg\/"]}]},{"@type":"ImageObject","inLanguage":"nb-NO","@id":"https:\/\/www.belrobotics.com\/no\/ekstreme-anlegg\/#primaryimage","url":"https:\/\/www.belrobotics.com\/wp-content\/uploads\/2019\/05\/shutterstock_308515325.jpg","contentUrl":"https:\/\/www.belrobotics.com\/wp-content\/uploads\/2019\/05\/shutterstock_308515325.jpg","width":3000,"height":1997},{"@type":"BreadcrumbList","@id":"https:\/\/www.belrobotics.com\/no\/ekstreme-anlegg\/#breadcrumb","itemListElement":[{"@type":"ListItem","position":1,"name":"Home","item":"https:\/\/www.belrobotics.com\/no\/"},{"@type":"ListItem","position":2,"name":"Ekstreme anlegg"}]},{"@type":"WebSite","@id":"https:\/\/www.belrobotics.com\/no\/#website","url":"https:\/\/www.belrobotics.com\/no\/","name":"Belrobotics","description":"The grass masters","publisher":{"@id":"https:\/\/www.belrobotics.com\/no\/#organization"},"potentialAction":[{"@type":"SearchAction","target":{"@type":"EntryPoint","urlTemplate":"https:\/\/www.belrobotics.com\/no\/?s={search_term_string}"},"query-input":{"@type":"PropertyValueSpecification","valueRequired":true,"valueName":"search_term_string"}}],"inLanguage":"nb-NO"},{"@type":"Organization","@id":"https:\/\/www.belrobotics.com\/no\/#organization","name":"Belrobotics","url":"https:\/\/www.belrobotics.com\/no\/","logo":{"@type":"ImageObject","inLanguage":"nb-NO","@id":"https:\/\/www.belrobotics.com\/no\/#\/schema\/logo\/image\/","url":"https:\/\/www.belrobotics.com\/wp-content\/uploads\/2019\/01\/logo-belrobotics.svg","contentUrl":"https:\/\/www.belrobotics.com\/wp-content\/uploads\/2019\/01\/logo-belrobotics.svg","width":100,"height":16,"caption":"Belrobotics"},"image":{"@id":"https:\/\/www.belrobotics.com\/no\/#\/schema\/logo\/image\/"},"sameAs":["https:\/\/www.facebook.com\/belrobotics","https:\/\/www.youtube.com\/channel\/UCYgWBPRzEdXmUqLRL0JbUIw","https:\/\/www.instagram.com\/belrobotics_europe\/"]}]}},"_links":{"self":[{"href":"https:\/\/www.belrobotics.com\/no\/wp-json\/wp\/v2\/pages\/5740","targetHints":{"allow":["GET"]}}],"collection":[{"href":"https:\/\/www.belrobotics.com\/no\/wp-json\/wp\/v2\/pages"}],"about":[{"href":"https:\/\/www.belrobotics.com\/no\/wp-json\/wp\/v2\/types\/page"}],"author":[{"embeddable":true,"href":"https:\/\/www.belrobotics.com\/no\/wp-json\/wp\/v2\/users\/9"}],"replies":[{"embeddable":true,"href":"https:\/\/www.belrobotics.com\/no\/wp-json\/wp\/v2\/comments?post=5740"}],"version-history":[{"count":0,"href":"https:\/\/www.belrobotics.com\/no\/wp-json\/wp\/v2\/pages\/5740\/revisions"}],"wp:featuredmedia":[{"embeddable":true,"href":"https:\/\/www.belrobotics.com\/no\/wp-json\/wp\/v2\/media\/5070"}],"wp:attachment":[{"href":"https:\/\/www.belrobotics.com\/no\/wp-json\/wp\/v2\/media?parent=5740"}],"curies":[{"name":"wp","href":"https:\/\/api.w.org\/{rel}","templated":true}]}}