{"id":5739,"date":"2019-05-27T13:53:46","date_gmt":"2019-05-27T12:53:46","guid":{"rendered":"https:\/\/belrobotics.andromede.digital\/privat\/"},"modified":"2023-07-06T08:55:53","modified_gmt":"2023-07-06T07:55:53","slug":"privat","status":"publish","type":"page","link":"https:\/\/www.belrobotics.com\/no\/privat\/","title":{"rendered":"Privat"},"content":{"rendered":"<h3>Vedlikeholde banene i en automatisk modus<\/h3>\n<p>Parcmow har kapasitet til \u00e5 vedlikeholde opp til 12\u00a0000\u00a0m\u00b2 med plen. Det er dette som gj\u00f8r at robotgressklipperen passer best til privat bruk. Forventning om \u00e5 spare tid og penger som du ikke hadde f\u00f8r. Tiden er kommet til at du kan delegere og gj\u00f8re det meste ut av plenen.<\/p>\n","protected":false},"excerpt":{"rendered":"<p>Vedlikeholde banene i en automatisk modus Parcmow har kapasitet til \u00e5 vedlikeholde opp til 12\u00a0000\u00a0m\u00b2 med plen. Det er dette som gj\u00f8r at robotgressklipperen passer best til privat bruk. Forventning om \u00e5 spare tid og penger som du ikke hadde f\u00f8r. Tiden er kommet til at du kan delegere og gj\u00f8re det meste ut av [&hellip;]<\/p>\n","protected":false},"author":9,"featured_media":3908,"parent":0,"menu_order":0,"comment_status":"closed","ping_status":"closed","template":"utilisation.php","meta":{"_acf_changed":false,"footnotes":""},"class_list":["post-5739","page","type-page","status-publish","has-post-thumbnail","hentry"],"acf":[],"yoast_head":"<!-- This site is optimized with the Yoast SEO plugin v26.9 - https:\/\/yoast.com\/product\/yoast-seo-wordpress\/ -->\n<title>Privat - Belrobotics<\/title>\n<meta name=\"robots\" content=\"index, follow, max-snippet:-1, max-image-preview:large, max-video-preview:-1\" \/>\n<link rel=\"canonical\" href=\"https:\/\/www.belrobotics.com\/no\/privat\/\" \/>\n<meta property=\"og:locale\" content=\"nb_NO\" \/>\n<meta property=\"og:type\" content=\"article\" \/>\n<meta property=\"og:title\" content=\"Privat - Belrobotics\" \/>\n<meta property=\"og:description\" content=\"Vedlikeholde banene i en automatisk modus Parcmow har kapasitet til \u00e5 vedlikeholde opp til 12\u00a0000\u00a0m\u00b2 med plen. Det er dette som gj\u00f8r at robotgressklipperen passer best til privat bruk. Forventning om \u00e5 spare tid og penger som du ikke hadde f\u00f8r. Tiden er kommet til at du kan delegere og gj\u00f8re det meste ut av [&hellip;]\" \/>\n<meta property=\"og:url\" content=\"https:\/\/www.belrobotics.com\/no\/privat\/\" \/>\n<meta property=\"og:site_name\" content=\"Belrobotics\" \/>\n<meta property=\"article:publisher\" content=\"https:\/\/www.facebook.com\/belrobotics\" \/>\n<meta property=\"article:modified_time\" content=\"2023-07-06T07:55:53+00:00\" \/>\n<meta property=\"og:image\" content=\"https:\/\/www.belrobotics.com\/wp-content\/uploads\/2019\/01\/belrobotics_3451-1024x683.jpg\" \/>\n\t<meta property=\"og:image:width\" content=\"1024\" \/>\n\t<meta property=\"og:image:height\" content=\"683\" \/>\n\t<meta property=\"og:image:type\" content=\"image\/jpeg\" \/>\n<meta name=\"twitter:card\" content=\"summary_large_image\" \/>\n<meta name=\"twitter:label1\" content=\"Ansl. lesetid\" \/>\n\t<meta name=\"twitter:data1\" content=\"1 minutt\" \/>\n<script type=\"application\/ld+json\" class=\"yoast-schema-graph\">{\"@context\":\"https:\/\/schema.org\",\"@graph\":[{\"@type\":\"WebPage\",\"@id\":\"https:\/\/www.belrobotics.com\/no\/privat\/\",\"url\":\"https:\/\/www.belrobotics.com\/no\/privat\/\",\"name\":\"Privat - Belrobotics\",\"isPartOf\":{\"@id\":\"https:\/\/www.belrobotics.com\/no\/#website\"},\"primaryImageOfPage\":{\"@id\":\"https:\/\/www.belrobotics.com\/no\/privat\/#primaryimage\"},\"image\":{\"@id\":\"https:\/\/www.belrobotics.com\/no\/privat\/#primaryimage\"},\"thumbnailUrl\":\"https:\/\/www.belrobotics.com\/wp-content\/uploads\/2019\/01\/belrobotics_3451.jpg\",\"datePublished\":\"2019-05-27T12:53:46+00:00\",\"dateModified\":\"2023-07-06T07:55:53+00:00\",\"breadcrumb\":{\"@id\":\"https:\/\/www.belrobotics.com\/no\/privat\/#breadcrumb\"},\"inLanguage\":\"nb-NO\",\"potentialAction\":[{\"@type\":\"ReadAction\",\"target\":[\"https:\/\/www.belrobotics.com\/no\/privat\/\"]}]},{\"@type\":\"ImageObject\",\"inLanguage\":\"nb-NO\",\"@id\":\"https:\/\/www.belrobotics.com\/no\/privat\/#primaryimage\",\"url\":\"https:\/\/www.belrobotics.com\/wp-content\/uploads\/2019\/01\/belrobotics_3451.jpg\",\"contentUrl\":\"https:\/\/www.belrobotics.com\/wp-content\/uploads\/2019\/01\/belrobotics_3451.jpg\",\"width\":4000,\"height\":2668},{\"@type\":\"BreadcrumbList\",\"@id\":\"https:\/\/www.belrobotics.com\/no\/privat\/#breadcrumb\",\"itemListElement\":[{\"@type\":\"ListItem\",\"position\":1,\"name\":\"Home\",\"item\":\"https:\/\/www.belrobotics.com\/no\/\"},{\"@type\":\"ListItem\",\"position\":2,\"name\":\"Privat\"}]},{\"@type\":\"WebSite\",\"@id\":\"https:\/\/www.belrobotics.com\/no\/#website\",\"url\":\"https:\/\/www.belrobotics.com\/no\/\",\"name\":\"Belrobotics\",\"description\":\"The grass masters\",\"publisher\":{\"@id\":\"https:\/\/www.belrobotics.com\/no\/#organization\"},\"potentialAction\":[{\"@type\":\"SearchAction\",\"target\":{\"@type\":\"EntryPoint\",\"urlTemplate\":\"https:\/\/www.belrobotics.com\/no\/?s={search_term_string}\"},\"query-input\":{\"@type\":\"PropertyValueSpecification\",\"valueRequired\":true,\"valueName\":\"search_term_string\"}}],\"inLanguage\":\"nb-NO\"},{\"@type\":\"Organization\",\"@id\":\"https:\/\/www.belrobotics.com\/no\/#organization\",\"name\":\"Belrobotics\",\"url\":\"https:\/\/www.belrobotics.com\/no\/\",\"logo\":{\"@type\":\"ImageObject\",\"inLanguage\":\"nb-NO\",\"@id\":\"https:\/\/www.belrobotics.com\/no\/#\/schema\/logo\/image\/\",\"url\":\"https:\/\/www.belrobotics.com\/wp-content\/uploads\/2019\/01\/logo-belrobotics.svg\",\"contentUrl\":\"https:\/\/www.belrobotics.com\/wp-content\/uploads\/2019\/01\/logo-belrobotics.svg\",\"width\":100,\"height\":16,\"caption\":\"Belrobotics\"},\"image\":{\"@id\":\"https:\/\/www.belrobotics.com\/no\/#\/schema\/logo\/image\/\"},\"sameAs\":[\"https:\/\/www.facebook.com\/belrobotics\",\"https:\/\/www.youtube.com\/channel\/UCYgWBPRzEdXmUqLRL0JbUIw\",\"https:\/\/www.instagram.com\/belrobotics_europe\/\"]}]}<\/script>\n<!-- \/ Yoast SEO plugin. -->","yoast_head_json":{"title":"Privat - Belrobotics","robots":{"index":"index","follow":"follow","max-snippet":"max-snippet:-1","max-image-preview":"max-image-preview:large","max-video-preview":"max-video-preview:-1"},"canonical":"https:\/\/www.belrobotics.com\/no\/privat\/","og_locale":"nb_NO","og_type":"article","og_title":"Privat - Belrobotics","og_description":"Vedlikeholde banene i en automatisk modus Parcmow har kapasitet til \u00e5 vedlikeholde opp til 12\u00a0000\u00a0m\u00b2 med plen. Det er dette som gj\u00f8r at robotgressklipperen passer best til privat bruk. Forventning om \u00e5 spare tid og penger som du ikke hadde f\u00f8r. Tiden er kommet til at du kan delegere og gj\u00f8re det meste ut av [&hellip;]","og_url":"https:\/\/www.belrobotics.com\/no\/privat\/","og_site_name":"Belrobotics","article_publisher":"https:\/\/www.facebook.com\/belrobotics","article_modified_time":"2023-07-06T07:55:53+00:00","og_image":[{"width":1024,"height":683,"url":"https:\/\/www.belrobotics.com\/wp-content\/uploads\/2019\/01\/belrobotics_3451-1024x683.jpg","type":"image\/jpeg"}],"twitter_card":"summary_large_image","twitter_misc":{"Ansl. lesetid":"1 minutt"},"schema":{"@context":"https:\/\/schema.org","@graph":[{"@type":"WebPage","@id":"https:\/\/www.belrobotics.com\/no\/privat\/","url":"https:\/\/www.belrobotics.com\/no\/privat\/","name":"Privat - Belrobotics","isPartOf":{"@id":"https:\/\/www.belrobotics.com\/no\/#website"},"primaryImageOfPage":{"@id":"https:\/\/www.belrobotics.com\/no\/privat\/#primaryimage"},"image":{"@id":"https:\/\/www.belrobotics.com\/no\/privat\/#primaryimage"},"thumbnailUrl":"https:\/\/www.belrobotics.com\/wp-content\/uploads\/2019\/01\/belrobotics_3451.jpg","datePublished":"2019-05-27T12:53:46+00:00","dateModified":"2023-07-06T07:55:53+00:00","breadcrumb":{"@id":"https:\/\/www.belrobotics.com\/no\/privat\/#breadcrumb"},"inLanguage":"nb-NO","potentialAction":[{"@type":"ReadAction","target":["https:\/\/www.belrobotics.com\/no\/privat\/"]}]},{"@type":"ImageObject","inLanguage":"nb-NO","@id":"https:\/\/www.belrobotics.com\/no\/privat\/#primaryimage","url":"https:\/\/www.belrobotics.com\/wp-content\/uploads\/2019\/01\/belrobotics_3451.jpg","contentUrl":"https:\/\/www.belrobotics.com\/wp-content\/uploads\/2019\/01\/belrobotics_3451.jpg","width":4000,"height":2668},{"@type":"BreadcrumbList","@id":"https:\/\/www.belrobotics.com\/no\/privat\/#breadcrumb","itemListElement":[{"@type":"ListItem","position":1,"name":"Home","item":"https:\/\/www.belrobotics.com\/no\/"},{"@type":"ListItem","position":2,"name":"Privat"}]},{"@type":"WebSite","@id":"https:\/\/www.belrobotics.com\/no\/#website","url":"https:\/\/www.belrobotics.com\/no\/","name":"Belrobotics","description":"The grass masters","publisher":{"@id":"https:\/\/www.belrobotics.com\/no\/#organization"},"potentialAction":[{"@type":"SearchAction","target":{"@type":"EntryPoint","urlTemplate":"https:\/\/www.belrobotics.com\/no\/?s={search_term_string}"},"query-input":{"@type":"PropertyValueSpecification","valueRequired":true,"valueName":"search_term_string"}}],"inLanguage":"nb-NO"},{"@type":"Organization","@id":"https:\/\/www.belrobotics.com\/no\/#organization","name":"Belrobotics","url":"https:\/\/www.belrobotics.com\/no\/","logo":{"@type":"ImageObject","inLanguage":"nb-NO","@id":"https:\/\/www.belrobotics.com\/no\/#\/schema\/logo\/image\/","url":"https:\/\/www.belrobotics.com\/wp-content\/uploads\/2019\/01\/logo-belrobotics.svg","contentUrl":"https:\/\/www.belrobotics.com\/wp-content\/uploads\/2019\/01\/logo-belrobotics.svg","width":100,"height":16,"caption":"Belrobotics"},"image":{"@id":"https:\/\/www.belrobotics.com\/no\/#\/schema\/logo\/image\/"},"sameAs":["https:\/\/www.facebook.com\/belrobotics","https:\/\/www.youtube.com\/channel\/UCYgWBPRzEdXmUqLRL0JbUIw","https:\/\/www.instagram.com\/belrobotics_europe\/"]}]}},"_links":{"self":[{"href":"https:\/\/www.belrobotics.com\/no\/wp-json\/wp\/v2\/pages\/5739","targetHints":{"allow":["GET"]}}],"collection":[{"href":"https:\/\/www.belrobotics.com\/no\/wp-json\/wp\/v2\/pages"}],"about":[{"href":"https:\/\/www.belrobotics.com\/no\/wp-json\/wp\/v2\/types\/page"}],"author":[{"embeddable":true,"href":"https:\/\/www.belrobotics.com\/no\/wp-json\/wp\/v2\/users\/9"}],"replies":[{"embeddable":true,"href":"https:\/\/www.belrobotics.com\/no\/wp-json\/wp\/v2\/comments?post=5739"}],"version-history":[{"count":1,"href":"https:\/\/www.belrobotics.com\/no\/wp-json\/wp\/v2\/pages\/5739\/revisions"}],"predecessor-version":[{"id":25278,"href":"https:\/\/www.belrobotics.com\/no\/wp-json\/wp\/v2\/pages\/5739\/revisions\/25278"}],"wp:featuredmedia":[{"embeddable":true,"href":"https:\/\/www.belrobotics.com\/no\/wp-json\/wp\/v2\/media\/3908"}],"wp:attachment":[{"href":"https:\/\/www.belrobotics.com\/no\/wp-json\/wp\/v2\/media?parent=5739"}],"curies":[{"name":"wp","href":"https:\/\/api.w.org\/{rel}","templated":true}]}}