{"id":5733,"date":"2019-05-27T13:52:35","date_gmt":"2019-05-27T12:52:35","guid":{"rendered":"https:\/\/belrobotics.andromede.digital\/bli-kjent-med-vare-eksklusive-fordeler\/"},"modified":"2020-05-07T10:32:43","modified_gmt":"2020-05-07T09:32:43","slug":"fordeler","status":"publish","type":"page","link":"https:\/\/www.belrobotics.com\/no\/fordeler\/","title":{"rendered":"Bli kjent med v\u00e5re eksklusive fordeler"},"content":{"rendered":"<h3>En perfekt klipping i automatisk modus<\/h3>\n<p>Fra n\u00e5 av vil verken st\u00f8rrelsen p\u00e5 omr\u00e5det som skal klippes, eller kvaliteten som du \u00f8nsker \u00e5 oppn\u00e5 p\u00e5 resultatet, eller egenskapene p\u00e5 banen skape noe arbeid for deg lenger.<\/p>\n<p>Belrobotics kjenner kravene til profesjonelle og de som bare liker en vakker plen. V\u00e5re robotl\u00f8sninger reduserer arbeidstiden betydelig, garanterer en uovertruffen plenkvalitet og er del av en b\u00e6rekraftig visjon. Belrobotics automatiske gressklippere blir allerede brukt av tusenvis av profesjonelle, sportsklubber og eiendomseiere. Enest\u00e5ende slitestyrke i private og offentlige infrastrukturer.<\/p>\n","protected":false},"excerpt":{"rendered":"<p>En perfekt klipping i automatisk modus Fra n\u00e5 av vil verken st\u00f8rrelsen p\u00e5 omr\u00e5det som skal klippes, eller kvaliteten som du \u00f8nsker \u00e5 oppn\u00e5 p\u00e5 resultatet, eller egenskapene p\u00e5 banen skape noe arbeid for deg lenger. Belrobotics kjenner kravene til profesjonelle og de som bare liker en vakker plen. V\u00e5re robotl\u00f8sninger reduserer arbeidstiden betydelig, garanterer [&hellip;]<\/p>\n","protected":false},"author":9,"featured_media":3626,"parent":0,"menu_order":0,"comment_status":"closed","ping_status":"closed","template":"avantages.php","meta":{"_acf_changed":false,"footnotes":""},"class_list":["post-5733","page","type-page","status-publish","has-post-thumbnail","hentry"],"acf":[],"yoast_head":"<!-- This site is optimized with the Yoast SEO plugin v26.9 - https:\/\/yoast.com\/product\/yoast-seo-wordpress\/ -->\n<title>Bli kjent med v\u00e5re eksklusive fordeler - Belrobotics<\/title>\n<meta name=\"robots\" content=\"index, follow, max-snippet:-1, max-image-preview:large, max-video-preview:-1\" \/>\n<link rel=\"canonical\" href=\"https:\/\/www.belrobotics.com\/no\/fordeler\/\" \/>\n<meta property=\"og:locale\" content=\"nb_NO\" \/>\n<meta property=\"og:type\" content=\"article\" \/>\n<meta property=\"og:title\" content=\"Bli kjent med v\u00e5re eksklusive fordeler - Belrobotics\" \/>\n<meta property=\"og:description\" content=\"En perfekt klipping i automatisk modus Fra n\u00e5 av vil verken st\u00f8rrelsen p\u00e5 omr\u00e5det som skal klippes, eller kvaliteten som du \u00f8nsker \u00e5 oppn\u00e5 p\u00e5 resultatet, eller egenskapene p\u00e5 banen skape noe arbeid for deg lenger. Belrobotics kjenner kravene til profesjonelle og de som bare liker en vakker plen. V\u00e5re robotl\u00f8sninger reduserer arbeidstiden betydelig, garanterer [&hellip;]\" \/>\n<meta property=\"og:url\" content=\"https:\/\/www.belrobotics.com\/no\/fordeler\/\" \/>\n<meta property=\"og:site_name\" content=\"Belrobotics\" \/>\n<meta property=\"article:publisher\" content=\"https:\/\/www.facebook.com\/belrobotics\" \/>\n<meta property=\"article:modified_time\" content=\"2020-05-07T09:32:43+00:00\" \/>\n<meta property=\"og:image\" content=\"https:\/\/www.belrobotics.com\/wp-content\/uploads\/2019\/01\/big-mow-action-4-1.jpg\" \/>\n\t<meta property=\"og:image:width\" content=\"2251\" \/>\n\t<meta property=\"og:image:height\" content=\"1745\" \/>\n\t<meta property=\"og:image:type\" content=\"image\/jpeg\" \/>\n<meta name=\"twitter:card\" content=\"summary_large_image\" \/>\n<script type=\"application\/ld+json\" class=\"yoast-schema-graph\">{\"@context\":\"https:\/\/schema.org\",\"@graph\":[{\"@type\":\"WebPage\",\"@id\":\"https:\/\/www.belrobotics.com\/no\/fordeler\/\",\"url\":\"https:\/\/www.belrobotics.com\/no\/fordeler\/\",\"name\":\"Bli kjent med v\u00e5re eksklusive fordeler - Belrobotics\",\"isPartOf\":{\"@id\":\"https:\/\/www.belrobotics.com\/no\/#website\"},\"primaryImageOfPage\":{\"@id\":\"https:\/\/www.belrobotics.com\/no\/fordeler\/#primaryimage\"},\"image\":{\"@id\":\"https:\/\/www.belrobotics.com\/no\/fordeler\/#primaryimage\"},\"thumbnailUrl\":\"https:\/\/www.belrobotics.com\/wp-content\/uploads\/2019\/01\/big-mow-action-4-1.jpg\",\"datePublished\":\"2019-05-27T12:52:35+00:00\",\"dateModified\":\"2020-05-07T09:32:43+00:00\",\"breadcrumb\":{\"@id\":\"https:\/\/www.belrobotics.com\/no\/fordeler\/#breadcrumb\"},\"inLanguage\":\"nb-NO\",\"potentialAction\":[{\"@type\":\"ReadAction\",\"target\":[\"https:\/\/www.belrobotics.com\/no\/fordeler\/\"]}]},{\"@type\":\"ImageObject\",\"inLanguage\":\"nb-NO\",\"@id\":\"https:\/\/www.belrobotics.com\/no\/fordeler\/#primaryimage\",\"url\":\"https:\/\/www.belrobotics.com\/wp-content\/uploads\/2019\/01\/big-mow-action-4-1.jpg\",\"contentUrl\":\"https:\/\/www.belrobotics.com\/wp-content\/uploads\/2019\/01\/big-mow-action-4-1.jpg\",\"width\":2251,\"height\":1745},{\"@type\":\"BreadcrumbList\",\"@id\":\"https:\/\/www.belrobotics.com\/no\/fordeler\/#breadcrumb\",\"itemListElement\":[{\"@type\":\"ListItem\",\"position\":1,\"name\":\"Home\",\"item\":\"https:\/\/www.belrobotics.com\/no\/\"},{\"@type\":\"ListItem\",\"position\":2,\"name\":\"Bli kjent med v\u00e5re eksklusive fordeler\"}]},{\"@type\":\"WebSite\",\"@id\":\"https:\/\/www.belrobotics.com\/no\/#website\",\"url\":\"https:\/\/www.belrobotics.com\/no\/\",\"name\":\"Belrobotics\",\"description\":\"The grass masters\",\"publisher\":{\"@id\":\"https:\/\/www.belrobotics.com\/no\/#organization\"},\"potentialAction\":[{\"@type\":\"SearchAction\",\"target\":{\"@type\":\"EntryPoint\",\"urlTemplate\":\"https:\/\/www.belrobotics.com\/no\/?s={search_term_string}\"},\"query-input\":{\"@type\":\"PropertyValueSpecification\",\"valueRequired\":true,\"valueName\":\"search_term_string\"}}],\"inLanguage\":\"nb-NO\"},{\"@type\":\"Organization\",\"@id\":\"https:\/\/www.belrobotics.com\/no\/#organization\",\"name\":\"Belrobotics\",\"url\":\"https:\/\/www.belrobotics.com\/no\/\",\"logo\":{\"@type\":\"ImageObject\",\"inLanguage\":\"nb-NO\",\"@id\":\"https:\/\/www.belrobotics.com\/no\/#\/schema\/logo\/image\/\",\"url\":\"https:\/\/www.belrobotics.com\/wp-content\/uploads\/2019\/01\/logo-belrobotics.svg\",\"contentUrl\":\"https:\/\/www.belrobotics.com\/wp-content\/uploads\/2019\/01\/logo-belrobotics.svg\",\"width\":100,\"height\":16,\"caption\":\"Belrobotics\"},\"image\":{\"@id\":\"https:\/\/www.belrobotics.com\/no\/#\/schema\/logo\/image\/\"},\"sameAs\":[\"https:\/\/www.facebook.com\/belrobotics\",\"https:\/\/www.youtube.com\/channel\/UCYgWBPRzEdXmUqLRL0JbUIw\",\"https:\/\/www.instagram.com\/belrobotics_europe\/\"]}]}<\/script>\n<!-- \/ Yoast SEO plugin. -->","yoast_head_json":{"title":"Bli kjent med v\u00e5re eksklusive fordeler - Belrobotics","robots":{"index":"index","follow":"follow","max-snippet":"max-snippet:-1","max-image-preview":"max-image-preview:large","max-video-preview":"max-video-preview:-1"},"canonical":"https:\/\/www.belrobotics.com\/no\/fordeler\/","og_locale":"nb_NO","og_type":"article","og_title":"Bli kjent med v\u00e5re eksklusive fordeler - Belrobotics","og_description":"En perfekt klipping i automatisk modus Fra n\u00e5 av vil verken st\u00f8rrelsen p\u00e5 omr\u00e5det som skal klippes, eller kvaliteten som du \u00f8nsker \u00e5 oppn\u00e5 p\u00e5 resultatet, eller egenskapene p\u00e5 banen skape noe arbeid for deg lenger. Belrobotics kjenner kravene til profesjonelle og de som bare liker en vakker plen. V\u00e5re robotl\u00f8sninger reduserer arbeidstiden betydelig, garanterer [&hellip;]","og_url":"https:\/\/www.belrobotics.com\/no\/fordeler\/","og_site_name":"Belrobotics","article_publisher":"https:\/\/www.facebook.com\/belrobotics","article_modified_time":"2020-05-07T09:32:43+00:00","og_image":[{"width":2251,"height":1745,"url":"https:\/\/www.belrobotics.com\/wp-content\/uploads\/2019\/01\/big-mow-action-4-1.jpg","type":"image\/jpeg"}],"twitter_card":"summary_large_image","schema":{"@context":"https:\/\/schema.org","@graph":[{"@type":"WebPage","@id":"https:\/\/www.belrobotics.com\/no\/fordeler\/","url":"https:\/\/www.belrobotics.com\/no\/fordeler\/","name":"Bli kjent med v\u00e5re eksklusive fordeler - Belrobotics","isPartOf":{"@id":"https:\/\/www.belrobotics.com\/no\/#website"},"primaryImageOfPage":{"@id":"https:\/\/www.belrobotics.com\/no\/fordeler\/#primaryimage"},"image":{"@id":"https:\/\/www.belrobotics.com\/no\/fordeler\/#primaryimage"},"thumbnailUrl":"https:\/\/www.belrobotics.com\/wp-content\/uploads\/2019\/01\/big-mow-action-4-1.jpg","datePublished":"2019-05-27T12:52:35+00:00","dateModified":"2020-05-07T09:32:43+00:00","breadcrumb":{"@id":"https:\/\/www.belrobotics.com\/no\/fordeler\/#breadcrumb"},"inLanguage":"nb-NO","potentialAction":[{"@type":"ReadAction","target":["https:\/\/www.belrobotics.com\/no\/fordeler\/"]}]},{"@type":"ImageObject","inLanguage":"nb-NO","@id":"https:\/\/www.belrobotics.com\/no\/fordeler\/#primaryimage","url":"https:\/\/www.belrobotics.com\/wp-content\/uploads\/2019\/01\/big-mow-action-4-1.jpg","contentUrl":"https:\/\/www.belrobotics.com\/wp-content\/uploads\/2019\/01\/big-mow-action-4-1.jpg","width":2251,"height":1745},{"@type":"BreadcrumbList","@id":"https:\/\/www.belrobotics.com\/no\/fordeler\/#breadcrumb","itemListElement":[{"@type":"ListItem","position":1,"name":"Home","item":"https:\/\/www.belrobotics.com\/no\/"},{"@type":"ListItem","position":2,"name":"Bli kjent med v\u00e5re eksklusive fordeler"}]},{"@type":"WebSite","@id":"https:\/\/www.belrobotics.com\/no\/#website","url":"https:\/\/www.belrobotics.com\/no\/","name":"Belrobotics","description":"The grass masters","publisher":{"@id":"https:\/\/www.belrobotics.com\/no\/#organization"},"potentialAction":[{"@type":"SearchAction","target":{"@type":"EntryPoint","urlTemplate":"https:\/\/www.belrobotics.com\/no\/?s={search_term_string}"},"query-input":{"@type":"PropertyValueSpecification","valueRequired":true,"valueName":"search_term_string"}}],"inLanguage":"nb-NO"},{"@type":"Organization","@id":"https:\/\/www.belrobotics.com\/no\/#organization","name":"Belrobotics","url":"https:\/\/www.belrobotics.com\/no\/","logo":{"@type":"ImageObject","inLanguage":"nb-NO","@id":"https:\/\/www.belrobotics.com\/no\/#\/schema\/logo\/image\/","url":"https:\/\/www.belrobotics.com\/wp-content\/uploads\/2019\/01\/logo-belrobotics.svg","contentUrl":"https:\/\/www.belrobotics.com\/wp-content\/uploads\/2019\/01\/logo-belrobotics.svg","width":100,"height":16,"caption":"Belrobotics"},"image":{"@id":"https:\/\/www.belrobotics.com\/no\/#\/schema\/logo\/image\/"},"sameAs":["https:\/\/www.facebook.com\/belrobotics","https:\/\/www.youtube.com\/channel\/UCYgWBPRzEdXmUqLRL0JbUIw","https:\/\/www.instagram.com\/belrobotics_europe\/"]}]}},"_links":{"self":[{"href":"https:\/\/www.belrobotics.com\/no\/wp-json\/wp\/v2\/pages\/5733","targetHints":{"allow":["GET"]}}],"collection":[{"href":"https:\/\/www.belrobotics.com\/no\/wp-json\/wp\/v2\/pages"}],"about":[{"href":"https:\/\/www.belrobotics.com\/no\/wp-json\/wp\/v2\/types\/page"}],"author":[{"embeddable":true,"href":"https:\/\/www.belrobotics.com\/no\/wp-json\/wp\/v2\/users\/9"}],"replies":[{"embeddable":true,"href":"https:\/\/www.belrobotics.com\/no\/wp-json\/wp\/v2\/comments?post=5733"}],"version-history":[{"count":0,"href":"https:\/\/www.belrobotics.com\/no\/wp-json\/wp\/v2\/pages\/5733\/revisions"}],"wp:featuredmedia":[{"embeddable":true,"href":"https:\/\/www.belrobotics.com\/no\/wp-json\/wp\/v2\/media\/3626"}],"wp:attachment":[{"href":"https:\/\/www.belrobotics.com\/no\/wp-json\/wp\/v2\/media?parent=5733"}],"curies":[{"name":"wp","href":"https:\/\/api.w.org\/{rel}","templated":true}]}}