{"id":5731,"date":"2019-05-27T13:52:13","date_gmt":"2019-05-27T12:52:13","guid":{"rendered":"https:\/\/belrobotics.andromede.digital\/golfklubber\/"},"modified":"2024-03-20T17:34:15","modified_gmt":"2024-03-20T16:34:15","slug":"golfklubber","status":"publish","type":"page","link":"https:\/\/www.belrobotics.com\/no\/golfklubber\/","title":{"rendered":"Golfklubber"},"content":{"rendered":"<h3>Automatiser vedlikeholdet av plenen med gressklipping og balloppsamling p\u00e5 drivingrangen<\/h3>\n<p>Mens Bigmow-golfklipperen vedlikeholder plenen, med s\u00e6rlig fokus p\u00e5 \u00e5 klippe rough og semi-rough p\u00e5 fairway, er Ballpicker opptatt med \u00e5 samle baller p\u00e5 drivingrangen. Denne duoen jobber i harmoni og tilbyr greenkeepere en komplett og effektiv automatiseringsl\u00f8sning. Dag og natt kan du delegere h\u00e5ndteringen av et areal p\u00e5 opptil 75 000 m\u00b2 til Bigmow og 45 000 m\u00b2 til Ballpicker, samtidig som du er garantert oppsamling av opptil 15 000 baller per d\u00f8gn.<\/p>\n","protected":false},"excerpt":{"rendered":"<p>Automatiser vedlikeholdet av plenen med gressklipping og balloppsamling p\u00e5 drivingrangen Mens Bigmow-golfklipperen vedlikeholder plenen, med s\u00e6rlig fokus p\u00e5 \u00e5 klippe rough og semi-rough p\u00e5 fairway, er Ballpicker opptatt med \u00e5 samle baller p\u00e5 drivingrangen. Denne duoen jobber i harmoni og tilbyr greenkeepere en komplett og effektiv automatiseringsl\u00f8sning. Dag og natt kan du delegere h\u00e5ndteringen av [&hellip;]<\/p>\n","protected":false},"author":9,"featured_media":34166,"parent":0,"menu_order":0,"comment_status":"closed","ping_status":"closed","template":"utilisation.php","meta":{"_acf_changed":false,"footnotes":""},"class_list":["post-5731","page","type-page","status-publish","has-post-thumbnail","hentry"],"acf":[],"yoast_head":"<!-- This site is optimized with the Yoast SEO plugin v26.9 - https:\/\/yoast.com\/product\/yoast-seo-wordpress\/ -->\n<title>Golfklubber - Belrobotics<\/title>\n<meta name=\"robots\" content=\"index, follow, max-snippet:-1, max-image-preview:large, max-video-preview:-1\" \/>\n<link rel=\"canonical\" href=\"https:\/\/www.belrobotics.com\/no\/golfklubber\/\" \/>\n<meta property=\"og:locale\" content=\"nb_NO\" \/>\n<meta property=\"og:type\" content=\"article\" \/>\n<meta property=\"og:title\" content=\"Golfklubber - Belrobotics\" \/>\n<meta property=\"og:description\" content=\"Automatiser vedlikeholdet av plenen med gressklipping og balloppsamling p\u00e5 drivingrangen Mens Bigmow-golfklipperen vedlikeholder plenen, med s\u00e6rlig fokus p\u00e5 \u00e5 klippe rough og semi-rough p\u00e5 fairway, er Ballpicker opptatt med \u00e5 samle baller p\u00e5 drivingrangen. Denne duoen jobber i harmoni og tilbyr greenkeepere en komplett og effektiv automatiseringsl\u00f8sning. Dag og natt kan du delegere h\u00e5ndteringen av [&hellip;]\" \/>\n<meta property=\"og:url\" content=\"https:\/\/www.belrobotics.com\/no\/golfklubber\/\" \/>\n<meta property=\"og:site_name\" content=\"Belrobotics\" \/>\n<meta property=\"article:publisher\" content=\"https:\/\/www.facebook.com\/belrobotics\" \/>\n<meta property=\"article:modified_time\" content=\"2024-03-20T16:34:15+00:00\" \/>\n<meta property=\"og:image\" content=\"https:\/\/www.belrobotics.com\/wp-content\/uploads\/2024\/03\/Mowers-scaled.webp\" \/>\n\t<meta property=\"og:image:width\" content=\"2560\" \/>\n\t<meta property=\"og:image:height\" content=\"1707\" \/>\n\t<meta property=\"og:image:type\" content=\"image\/webp\" \/>\n<meta name=\"twitter:card\" content=\"summary_large_image\" \/>\n<meta name=\"twitter:label1\" content=\"Ansl. lesetid\" \/>\n\t<meta name=\"twitter:data1\" content=\"5 minutter\" \/>\n<script type=\"application\/ld+json\" class=\"yoast-schema-graph\">{\"@context\":\"https:\/\/schema.org\",\"@graph\":[{\"@type\":\"WebPage\",\"@id\":\"https:\/\/www.belrobotics.com\/no\/golfklubber\/\",\"url\":\"https:\/\/www.belrobotics.com\/no\/golfklubber\/\",\"name\":\"Golfklubber - Belrobotics\",\"isPartOf\":{\"@id\":\"https:\/\/www.belrobotics.com\/no\/#website\"},\"primaryImageOfPage\":{\"@id\":\"https:\/\/www.belrobotics.com\/no\/golfklubber\/#primaryimage\"},\"image\":{\"@id\":\"https:\/\/www.belrobotics.com\/no\/golfklubber\/#primaryimage\"},\"thumbnailUrl\":\"https:\/\/www.belrobotics.com\/wp-content\/uploads\/2024\/03\/Mowers-scaled.webp\",\"datePublished\":\"2019-05-27T12:52:13+00:00\",\"dateModified\":\"2024-03-20T16:34:15+00:00\",\"breadcrumb\":{\"@id\":\"https:\/\/www.belrobotics.com\/no\/golfklubber\/#breadcrumb\"},\"inLanguage\":\"nb-NO\",\"potentialAction\":[{\"@type\":\"ReadAction\",\"target\":[\"https:\/\/www.belrobotics.com\/no\/golfklubber\/\"]}]},{\"@type\":\"ImageObject\",\"inLanguage\":\"nb-NO\",\"@id\":\"https:\/\/www.belrobotics.com\/no\/golfklubber\/#primaryimage\",\"url\":\"https:\/\/www.belrobotics.com\/wp-content\/uploads\/2024\/03\/Mowers-scaled.webp\",\"contentUrl\":\"https:\/\/www.belrobotics.com\/wp-content\/uploads\/2024\/03\/Mowers-scaled.webp\",\"width\":2560,\"height\":1707},{\"@type\":\"BreadcrumbList\",\"@id\":\"https:\/\/www.belrobotics.com\/no\/golfklubber\/#breadcrumb\",\"itemListElement\":[{\"@type\":\"ListItem\",\"position\":1,\"name\":\"Home\",\"item\":\"https:\/\/www.belrobotics.com\/no\/\"},{\"@type\":\"ListItem\",\"position\":2,\"name\":\"Golfklubber\"}]},{\"@type\":\"WebSite\",\"@id\":\"https:\/\/www.belrobotics.com\/no\/#website\",\"url\":\"https:\/\/www.belrobotics.com\/no\/\",\"name\":\"Belrobotics\",\"description\":\"The grass masters\",\"publisher\":{\"@id\":\"https:\/\/www.belrobotics.com\/no\/#organization\"},\"potentialAction\":[{\"@type\":\"SearchAction\",\"target\":{\"@type\":\"EntryPoint\",\"urlTemplate\":\"https:\/\/www.belrobotics.com\/no\/?s={search_term_string}\"},\"query-input\":{\"@type\":\"PropertyValueSpecification\",\"valueRequired\":true,\"valueName\":\"search_term_string\"}}],\"inLanguage\":\"nb-NO\"},{\"@type\":\"Organization\",\"@id\":\"https:\/\/www.belrobotics.com\/no\/#organization\",\"name\":\"Belrobotics\",\"url\":\"https:\/\/www.belrobotics.com\/no\/\",\"logo\":{\"@type\":\"ImageObject\",\"inLanguage\":\"nb-NO\",\"@id\":\"https:\/\/www.belrobotics.com\/no\/#\/schema\/logo\/image\/\",\"url\":\"https:\/\/www.belrobotics.com\/wp-content\/uploads\/2019\/01\/logo-belrobotics.svg\",\"contentUrl\":\"https:\/\/www.belrobotics.com\/wp-content\/uploads\/2019\/01\/logo-belrobotics.svg\",\"width\":100,\"height\":16,\"caption\":\"Belrobotics\"},\"image\":{\"@id\":\"https:\/\/www.belrobotics.com\/no\/#\/schema\/logo\/image\/\"},\"sameAs\":[\"https:\/\/www.facebook.com\/belrobotics\",\"https:\/\/www.youtube.com\/channel\/UCYgWBPRzEdXmUqLRL0JbUIw\",\"https:\/\/www.instagram.com\/belrobotics_europe\/\"]}]}<\/script>\n<!-- \/ Yoast SEO plugin. -->","yoast_head_json":{"title":"Golfklubber - Belrobotics","robots":{"index":"index","follow":"follow","max-snippet":"max-snippet:-1","max-image-preview":"max-image-preview:large","max-video-preview":"max-video-preview:-1"},"canonical":"https:\/\/www.belrobotics.com\/no\/golfklubber\/","og_locale":"nb_NO","og_type":"article","og_title":"Golfklubber - Belrobotics","og_description":"Automatiser vedlikeholdet av plenen med gressklipping og balloppsamling p\u00e5 drivingrangen Mens Bigmow-golfklipperen vedlikeholder plenen, med s\u00e6rlig fokus p\u00e5 \u00e5 klippe rough og semi-rough p\u00e5 fairway, er Ballpicker opptatt med \u00e5 samle baller p\u00e5 drivingrangen. Denne duoen jobber i harmoni og tilbyr greenkeepere en komplett og effektiv automatiseringsl\u00f8sning. Dag og natt kan du delegere h\u00e5ndteringen av [&hellip;]","og_url":"https:\/\/www.belrobotics.com\/no\/golfklubber\/","og_site_name":"Belrobotics","article_publisher":"https:\/\/www.facebook.com\/belrobotics","article_modified_time":"2024-03-20T16:34:15+00:00","og_image":[{"width":2560,"height":1707,"url":"https:\/\/www.belrobotics.com\/wp-content\/uploads\/2024\/03\/Mowers-scaled.webp","type":"image\/webp"}],"twitter_card":"summary_large_image","twitter_misc":{"Ansl. lesetid":"5 minutter"},"schema":{"@context":"https:\/\/schema.org","@graph":[{"@type":"WebPage","@id":"https:\/\/www.belrobotics.com\/no\/golfklubber\/","url":"https:\/\/www.belrobotics.com\/no\/golfklubber\/","name":"Golfklubber - Belrobotics","isPartOf":{"@id":"https:\/\/www.belrobotics.com\/no\/#website"},"primaryImageOfPage":{"@id":"https:\/\/www.belrobotics.com\/no\/golfklubber\/#primaryimage"},"image":{"@id":"https:\/\/www.belrobotics.com\/no\/golfklubber\/#primaryimage"},"thumbnailUrl":"https:\/\/www.belrobotics.com\/wp-content\/uploads\/2024\/03\/Mowers-scaled.webp","datePublished":"2019-05-27T12:52:13+00:00","dateModified":"2024-03-20T16:34:15+00:00","breadcrumb":{"@id":"https:\/\/www.belrobotics.com\/no\/golfklubber\/#breadcrumb"},"inLanguage":"nb-NO","potentialAction":[{"@type":"ReadAction","target":["https:\/\/www.belrobotics.com\/no\/golfklubber\/"]}]},{"@type":"ImageObject","inLanguage":"nb-NO","@id":"https:\/\/www.belrobotics.com\/no\/golfklubber\/#primaryimage","url":"https:\/\/www.belrobotics.com\/wp-content\/uploads\/2024\/03\/Mowers-scaled.webp","contentUrl":"https:\/\/www.belrobotics.com\/wp-content\/uploads\/2024\/03\/Mowers-scaled.webp","width":2560,"height":1707},{"@type":"BreadcrumbList","@id":"https:\/\/www.belrobotics.com\/no\/golfklubber\/#breadcrumb","itemListElement":[{"@type":"ListItem","position":1,"name":"Home","item":"https:\/\/www.belrobotics.com\/no\/"},{"@type":"ListItem","position":2,"name":"Golfklubber"}]},{"@type":"WebSite","@id":"https:\/\/www.belrobotics.com\/no\/#website","url":"https:\/\/www.belrobotics.com\/no\/","name":"Belrobotics","description":"The grass masters","publisher":{"@id":"https:\/\/www.belrobotics.com\/no\/#organization"},"potentialAction":[{"@type":"SearchAction","target":{"@type":"EntryPoint","urlTemplate":"https:\/\/www.belrobotics.com\/no\/?s={search_term_string}"},"query-input":{"@type":"PropertyValueSpecification","valueRequired":true,"valueName":"search_term_string"}}],"inLanguage":"nb-NO"},{"@type":"Organization","@id":"https:\/\/www.belrobotics.com\/no\/#organization","name":"Belrobotics","url":"https:\/\/www.belrobotics.com\/no\/","logo":{"@type":"ImageObject","inLanguage":"nb-NO","@id":"https:\/\/www.belrobotics.com\/no\/#\/schema\/logo\/image\/","url":"https:\/\/www.belrobotics.com\/wp-content\/uploads\/2019\/01\/logo-belrobotics.svg","contentUrl":"https:\/\/www.belrobotics.com\/wp-content\/uploads\/2019\/01\/logo-belrobotics.svg","width":100,"height":16,"caption":"Belrobotics"},"image":{"@id":"https:\/\/www.belrobotics.com\/no\/#\/schema\/logo\/image\/"},"sameAs":["https:\/\/www.facebook.com\/belrobotics","https:\/\/www.youtube.com\/channel\/UCYgWBPRzEdXmUqLRL0JbUIw","https:\/\/www.instagram.com\/belrobotics_europe\/"]}]}},"_links":{"self":[{"href":"https:\/\/www.belrobotics.com\/no\/wp-json\/wp\/v2\/pages\/5731","targetHints":{"allow":["GET"]}}],"collection":[{"href":"https:\/\/www.belrobotics.com\/no\/wp-json\/wp\/v2\/pages"}],"about":[{"href":"https:\/\/www.belrobotics.com\/no\/wp-json\/wp\/v2\/types\/page"}],"author":[{"embeddable":true,"href":"https:\/\/www.belrobotics.com\/no\/wp-json\/wp\/v2\/users\/9"}],"replies":[{"embeddable":true,"href":"https:\/\/www.belrobotics.com\/no\/wp-json\/wp\/v2\/comments?post=5731"}],"version-history":[{"count":3,"href":"https:\/\/www.belrobotics.com\/no\/wp-json\/wp\/v2\/pages\/5731\/revisions"}],"predecessor-version":[{"id":34348,"href":"https:\/\/www.belrobotics.com\/no\/wp-json\/wp\/v2\/pages\/5731\/revisions\/34348"}],"wp:featuredmedia":[{"embeddable":true,"href":"https:\/\/www.belrobotics.com\/no\/wp-json\/wp\/v2\/media\/34166"}],"wp:attachment":[{"href":"https:\/\/www.belrobotics.com\/no\/wp-json\/wp\/v2\/media?parent=5731"}],"curies":[{"name":"wp","href":"https:\/\/api.w.org\/{rel}","templated":true}]}}