{"id":22004,"date":"2023-02-28T11:38:28","date_gmt":"2023-02-28T10:38:28","guid":{"rendered":"https:\/\/belrobotics.andromede.digital\/robotic-mowers\/"},"modified":"2023-02-28T15:12:52","modified_gmt":"2023-02-28T14:12:52","slug":"robotklippere","status":"publish","type":"page","link":"https:\/\/www.belrobotics.com\/no\/robotklippere\/","title":{"rendered":"Robotklippere"},"content":{"rendered":"<h3>Robotklippere<\/h3>\n<p>Hos Belrobotics mener vi at innovasjon og ny teknologi danner grunnlaget for morgendagens verden. Derfor jobber vi hver dag for \u00e5 skape og utvikle de mest innovative robotene til gressklipping og oppsamling av golfballer.<\/p>\n<p>Robotene v\u00e5re er p\u00e5litelige, milj\u00f8vennlige og \u00f8konomiske og gir mindre stress n\u00e5r det gjelder vedlikehold av gr\u00f8ntomr\u00e5der, enten som privatperson eller i n\u00e6ringssammenheng. Faktisk er de i stand til \u00e5 dekke sv\u00e6rt store arealer (flere fotballbaner) og samtidig er de effektive p\u00e5 mer moderate arealer ogs\u00e5.<\/p>\n<p>For at vi skal kunne dekke behovene dine p\u00e5 best mulig m\u00e5te, har vi utviklet to ulike produktserier: \u201c<a href=\"https:\/\/www.belrobotics.com\/no\/connected-line\/\">Connected line<\/a>\u201d og \u201c<a href=\"https:\/\/www.belrobotics.com\/no\/gps-rtk\/\">GPS RTK<\/a>\u201d.<\/p>\n","protected":false},"excerpt":{"rendered":"<p>Robotklippere Hos Belrobotics mener vi at innovasjon og ny teknologi danner grunnlaget for morgendagens verden. Derfor jobber vi hver dag for \u00e5 skape og utvikle de mest innovative robotene til gressklipping og oppsamling av golfballer. Robotene v\u00e5re er p\u00e5litelige, milj\u00f8vennlige og \u00f8konomiske og gir mindre stress n\u00e5r det gjelder vedlikehold av gr\u00f8ntomr\u00e5der, enten som privatperson [&hellip;]<\/p>\n","protected":false},"author":9,"featured_media":21937,"parent":0,"menu_order":0,"comment_status":"closed","ping_status":"closed","template":"template-tondeuses-robots.php","meta":{"_acf_changed":false,"footnotes":""},"class_list":["post-22004","page","type-page","status-publish","has-post-thumbnail","hentry"],"acf":[],"yoast_head":"<!-- This site is optimized with the Yoast SEO plugin v26.9 - https:\/\/yoast.com\/product\/yoast-seo-wordpress\/ -->\n<title>Robotklippere - Belrobotics<\/title>\n<meta name=\"robots\" content=\"index, follow, max-snippet:-1, max-image-preview:large, max-video-preview:-1\" \/>\n<link rel=\"canonical\" href=\"https:\/\/www.belrobotics.com\/no\/robotklippere\/\" \/>\n<meta property=\"og:locale\" content=\"nb_NO\" \/>\n<meta property=\"og:type\" content=\"article\" \/>\n<meta property=\"og:title\" content=\"Robotklippere - Belrobotics\" \/>\n<meta property=\"og:description\" content=\"Robotklippere Hos Belrobotics mener vi at innovasjon og ny teknologi danner grunnlaget for morgendagens verden. Derfor jobber vi hver dag for \u00e5 skape og utvikle de mest innovative robotene til gressklipping og oppsamling av golfballer. Robotene v\u00e5re er p\u00e5litelige, milj\u00f8vennlige og \u00f8konomiske og gir mindre stress n\u00e5r det gjelder vedlikehold av gr\u00f8ntomr\u00e5der, enten som privatperson [&hellip;]\" \/>\n<meta property=\"og:url\" content=\"https:\/\/www.belrobotics.com\/no\/robotklippere\/\" \/>\n<meta property=\"og:site_name\" content=\"Belrobotics\" \/>\n<meta property=\"article:publisher\" content=\"https:\/\/www.facebook.com\/belrobotics\" \/>\n<meta property=\"article:modified_time\" content=\"2023-02-28T14:12:52+00:00\" \/>\n<meta property=\"og:image\" content=\"https:\/\/www.belrobotics.com\/wp-content\/uploads\/2023\/02\/robot-mowers.webp\" \/>\n\t<meta property=\"og:image:width\" content=\"1920\" \/>\n\t<meta property=\"og:image:height\" content=\"994\" \/>\n\t<meta property=\"og:image:type\" content=\"image\/webp\" \/>\n<meta name=\"twitter:card\" content=\"summary_large_image\" \/>\n<meta name=\"twitter:label1\" content=\"Ansl. lesetid\" \/>\n\t<meta name=\"twitter:data1\" content=\"1 minutt\" \/>\n<script type=\"application\/ld+json\" class=\"yoast-schema-graph\">{\"@context\":\"https:\/\/schema.org\",\"@graph\":[{\"@type\":\"WebPage\",\"@id\":\"https:\/\/www.belrobotics.com\/no\/robotklippere\/\",\"url\":\"https:\/\/www.belrobotics.com\/no\/robotklippere\/\",\"name\":\"Robotklippere - Belrobotics\",\"isPartOf\":{\"@id\":\"https:\/\/www.belrobotics.com\/no\/#website\"},\"primaryImageOfPage\":{\"@id\":\"https:\/\/www.belrobotics.com\/no\/robotklippere\/#primaryimage\"},\"image\":{\"@id\":\"https:\/\/www.belrobotics.com\/no\/robotklippere\/#primaryimage\"},\"thumbnailUrl\":\"https:\/\/www.belrobotics.com\/wp-content\/uploads\/2023\/02\/robot-mowers.webp\",\"datePublished\":\"2023-02-28T10:38:28+00:00\",\"dateModified\":\"2023-02-28T14:12:52+00:00\",\"breadcrumb\":{\"@id\":\"https:\/\/www.belrobotics.com\/no\/robotklippere\/#breadcrumb\"},\"inLanguage\":\"nb-NO\",\"potentialAction\":[{\"@type\":\"ReadAction\",\"target\":[\"https:\/\/www.belrobotics.com\/no\/robotklippere\/\"]}]},{\"@type\":\"ImageObject\",\"inLanguage\":\"nb-NO\",\"@id\":\"https:\/\/www.belrobotics.com\/no\/robotklippere\/#primaryimage\",\"url\":\"https:\/\/www.belrobotics.com\/wp-content\/uploads\/2023\/02\/robot-mowers.webp\",\"contentUrl\":\"https:\/\/www.belrobotics.com\/wp-content\/uploads\/2023\/02\/robot-mowers.webp\",\"width\":1920,\"height\":994},{\"@type\":\"BreadcrumbList\",\"@id\":\"https:\/\/www.belrobotics.com\/no\/robotklippere\/#breadcrumb\",\"itemListElement\":[{\"@type\":\"ListItem\",\"position\":1,\"name\":\"Home\",\"item\":\"https:\/\/www.belrobotics.com\/no\/\"},{\"@type\":\"ListItem\",\"position\":2,\"name\":\"Robotklippere\"}]},{\"@type\":\"WebSite\",\"@id\":\"https:\/\/www.belrobotics.com\/no\/#website\",\"url\":\"https:\/\/www.belrobotics.com\/no\/\",\"name\":\"Belrobotics\",\"description\":\"The grass masters\",\"publisher\":{\"@id\":\"https:\/\/www.belrobotics.com\/no\/#organization\"},\"potentialAction\":[{\"@type\":\"SearchAction\",\"target\":{\"@type\":\"EntryPoint\",\"urlTemplate\":\"https:\/\/www.belrobotics.com\/no\/?s={search_term_string}\"},\"query-input\":{\"@type\":\"PropertyValueSpecification\",\"valueRequired\":true,\"valueName\":\"search_term_string\"}}],\"inLanguage\":\"nb-NO\"},{\"@type\":\"Organization\",\"@id\":\"https:\/\/www.belrobotics.com\/no\/#organization\",\"name\":\"Belrobotics\",\"url\":\"https:\/\/www.belrobotics.com\/no\/\",\"logo\":{\"@type\":\"ImageObject\",\"inLanguage\":\"nb-NO\",\"@id\":\"https:\/\/www.belrobotics.com\/no\/#\/schema\/logo\/image\/\",\"url\":\"https:\/\/www.belrobotics.com\/wp-content\/uploads\/2019\/01\/logo-belrobotics.svg\",\"contentUrl\":\"https:\/\/www.belrobotics.com\/wp-content\/uploads\/2019\/01\/logo-belrobotics.svg\",\"width\":100,\"height\":16,\"caption\":\"Belrobotics\"},\"image\":{\"@id\":\"https:\/\/www.belrobotics.com\/no\/#\/schema\/logo\/image\/\"},\"sameAs\":[\"https:\/\/www.facebook.com\/belrobotics\",\"https:\/\/www.youtube.com\/channel\/UCYgWBPRzEdXmUqLRL0JbUIw\",\"https:\/\/www.instagram.com\/belrobotics_europe\/\"]}]}<\/script>\n<!-- \/ Yoast SEO plugin. -->","yoast_head_json":{"title":"Robotklippere - Belrobotics","robots":{"index":"index","follow":"follow","max-snippet":"max-snippet:-1","max-image-preview":"max-image-preview:large","max-video-preview":"max-video-preview:-1"},"canonical":"https:\/\/www.belrobotics.com\/no\/robotklippere\/","og_locale":"nb_NO","og_type":"article","og_title":"Robotklippere - Belrobotics","og_description":"Robotklippere Hos Belrobotics mener vi at innovasjon og ny teknologi danner grunnlaget for morgendagens verden. Derfor jobber vi hver dag for \u00e5 skape og utvikle de mest innovative robotene til gressklipping og oppsamling av golfballer. Robotene v\u00e5re er p\u00e5litelige, milj\u00f8vennlige og \u00f8konomiske og gir mindre stress n\u00e5r det gjelder vedlikehold av gr\u00f8ntomr\u00e5der, enten som privatperson [&hellip;]","og_url":"https:\/\/www.belrobotics.com\/no\/robotklippere\/","og_site_name":"Belrobotics","article_publisher":"https:\/\/www.facebook.com\/belrobotics","article_modified_time":"2023-02-28T14:12:52+00:00","og_image":[{"width":1920,"height":994,"url":"https:\/\/www.belrobotics.com\/wp-content\/uploads\/2023\/02\/robot-mowers.webp","type":"image\/webp"}],"twitter_card":"summary_large_image","twitter_misc":{"Ansl. lesetid":"1 minutt"},"schema":{"@context":"https:\/\/schema.org","@graph":[{"@type":"WebPage","@id":"https:\/\/www.belrobotics.com\/no\/robotklippere\/","url":"https:\/\/www.belrobotics.com\/no\/robotklippere\/","name":"Robotklippere - Belrobotics","isPartOf":{"@id":"https:\/\/www.belrobotics.com\/no\/#website"},"primaryImageOfPage":{"@id":"https:\/\/www.belrobotics.com\/no\/robotklippere\/#primaryimage"},"image":{"@id":"https:\/\/www.belrobotics.com\/no\/robotklippere\/#primaryimage"},"thumbnailUrl":"https:\/\/www.belrobotics.com\/wp-content\/uploads\/2023\/02\/robot-mowers.webp","datePublished":"2023-02-28T10:38:28+00:00","dateModified":"2023-02-28T14:12:52+00:00","breadcrumb":{"@id":"https:\/\/www.belrobotics.com\/no\/robotklippere\/#breadcrumb"},"inLanguage":"nb-NO","potentialAction":[{"@type":"ReadAction","target":["https:\/\/www.belrobotics.com\/no\/robotklippere\/"]}]},{"@type":"ImageObject","inLanguage":"nb-NO","@id":"https:\/\/www.belrobotics.com\/no\/robotklippere\/#primaryimage","url":"https:\/\/www.belrobotics.com\/wp-content\/uploads\/2023\/02\/robot-mowers.webp","contentUrl":"https:\/\/www.belrobotics.com\/wp-content\/uploads\/2023\/02\/robot-mowers.webp","width":1920,"height":994},{"@type":"BreadcrumbList","@id":"https:\/\/www.belrobotics.com\/no\/robotklippere\/#breadcrumb","itemListElement":[{"@type":"ListItem","position":1,"name":"Home","item":"https:\/\/www.belrobotics.com\/no\/"},{"@type":"ListItem","position":2,"name":"Robotklippere"}]},{"@type":"WebSite","@id":"https:\/\/www.belrobotics.com\/no\/#website","url":"https:\/\/www.belrobotics.com\/no\/","name":"Belrobotics","description":"The grass masters","publisher":{"@id":"https:\/\/www.belrobotics.com\/no\/#organization"},"potentialAction":[{"@type":"SearchAction","target":{"@type":"EntryPoint","urlTemplate":"https:\/\/www.belrobotics.com\/no\/?s={search_term_string}"},"query-input":{"@type":"PropertyValueSpecification","valueRequired":true,"valueName":"search_term_string"}}],"inLanguage":"nb-NO"},{"@type":"Organization","@id":"https:\/\/www.belrobotics.com\/no\/#organization","name":"Belrobotics","url":"https:\/\/www.belrobotics.com\/no\/","logo":{"@type":"ImageObject","inLanguage":"nb-NO","@id":"https:\/\/www.belrobotics.com\/no\/#\/schema\/logo\/image\/","url":"https:\/\/www.belrobotics.com\/wp-content\/uploads\/2019\/01\/logo-belrobotics.svg","contentUrl":"https:\/\/www.belrobotics.com\/wp-content\/uploads\/2019\/01\/logo-belrobotics.svg","width":100,"height":16,"caption":"Belrobotics"},"image":{"@id":"https:\/\/www.belrobotics.com\/no\/#\/schema\/logo\/image\/"},"sameAs":["https:\/\/www.facebook.com\/belrobotics","https:\/\/www.youtube.com\/channel\/UCYgWBPRzEdXmUqLRL0JbUIw","https:\/\/www.instagram.com\/belrobotics_europe\/"]}]}},"_links":{"self":[{"href":"https:\/\/www.belrobotics.com\/no\/wp-json\/wp\/v2\/pages\/22004","targetHints":{"allow":["GET"]}}],"collection":[{"href":"https:\/\/www.belrobotics.com\/no\/wp-json\/wp\/v2\/pages"}],"about":[{"href":"https:\/\/www.belrobotics.com\/no\/wp-json\/wp\/v2\/types\/page"}],"author":[{"embeddable":true,"href":"https:\/\/www.belrobotics.com\/no\/wp-json\/wp\/v2\/users\/9"}],"replies":[{"embeddable":true,"href":"https:\/\/www.belrobotics.com\/no\/wp-json\/wp\/v2\/comments?post=22004"}],"version-history":[{"count":3,"href":"https:\/\/www.belrobotics.com\/no\/wp-json\/wp\/v2\/pages\/22004\/revisions"}],"predecessor-version":[{"id":22015,"href":"https:\/\/www.belrobotics.com\/no\/wp-json\/wp\/v2\/pages\/22004\/revisions\/22015"}],"wp:featuredmedia":[{"embeddable":true,"href":"https:\/\/www.belrobotics.com\/no\/wp-json\/wp\/v2\/media\/21937"}],"wp:attachment":[{"href":"https:\/\/www.belrobotics.com\/no\/wp-json\/wp\/v2\/media?parent=22004"}],"curies":[{"name":"wp","href":"https:\/\/api.w.org\/{rel}","templated":true}]}}