{"id":18888,"date":"2021-07-16T10:28:45","date_gmt":"2021-07-16T09:28:45","guid":{"rendered":"https:\/\/belrobotics.andromede.digital\/gps-rtk\/"},"modified":"2023-05-16T11:16:12","modified_gmt":"2023-05-16T10:16:12","slug":"gps-rtk","status":"publish","type":"page","link":"https:\/\/www.belrobotics.com\/no\/gps-rtk\/","title":{"rendered":"RTK: stripet klippem\u00f8nster"},"content":{"rendered":"<h2 class=\"h3\">For krevende profesjonelle brukere<\/h2>\n<p>Leter du etter gr\u00f8ntomr\u00e5der for en bedrift eller en offentlig institusjon? Driver du et anlegg for forskjellig typer sport? Opplev en ny teknologi som st\u00f8tter dine m\u00e5l og ditt image! Robotgressklipperne styres n\u00e5 av GPS \u2013 RTK for \u00e5 gi deg et stripet klippem\u00f8nster.<\/p>\n<h2 class=\"h3\">Ny GPS-teknologi om bord<\/h2>\n<p>Krever stedet ditt ultrapresis klipping? Trenger du \u00e5 dekke det samme arealet p\u00e5 kortere tid? Her er den nye generasjons robotgressklippere styrt av GPS \u2013 RTK. Stripet klippem\u00f8nster oppn\u00e5s ved hjelp av RTK-teknologi (real-time kinematic &#8211; sanntids kinematikk). Resultat: Bedre tjenester, forbedret brukeropplevelse og et klippem\u00f8nster.<\/p>\n","protected":false},"excerpt":{"rendered":"<p>For krevende profesjonelle brukere Leter du etter gr\u00f8ntomr\u00e5der for en bedrift eller en offentlig institusjon? Driver du et anlegg for forskjellig typer sport? Opplev en ny teknologi som st\u00f8tter dine m\u00e5l og ditt image! Robotgressklipperne styres n\u00e5 av GPS \u2013 RTK for \u00e5 gi deg et stripet klippem\u00f8nster. Ny GPS-teknologi om bord Krever stedet ditt [&hellip;]<\/p>\n","protected":false},"author":9,"featured_media":13344,"parent":0,"menu_order":0,"comment_status":"closed","ping_status":"closed","template":"gps-rtk.php","meta":{"_acf_changed":false,"footnotes":""},"class_list":["post-18888","page","type-page","status-publish","has-post-thumbnail","hentry"],"acf":[],"yoast_head":"<!-- This site is optimized with the Yoast SEO plugin v26.9 - https:\/\/yoast.com\/product\/yoast-seo-wordpress\/ -->\n<title>RTK: stripet klippem\u00f8nster - Belrobotics<\/title>\n<meta name=\"robots\" content=\"index, follow, max-snippet:-1, max-image-preview:large, max-video-preview:-1\" \/>\n<link rel=\"canonical\" href=\"https:\/\/www.belrobotics.com\/no\/gps-rtk\/\" \/>\n<meta property=\"og:locale\" content=\"nb_NO\" \/>\n<meta property=\"og:type\" content=\"article\" \/>\n<meta property=\"og:title\" content=\"RTK: stripet klippem\u00f8nster - Belrobotics\" \/>\n<meta property=\"og:description\" content=\"For krevende profesjonelle brukere Leter du etter gr\u00f8ntomr\u00e5der for en bedrift eller en offentlig institusjon? Driver du et anlegg for forskjellig typer sport? Opplev en ny teknologi som st\u00f8tter dine m\u00e5l og ditt image! Robotgressklipperne styres n\u00e5 av GPS \u2013 RTK for \u00e5 gi deg et stripet klippem\u00f8nster. Ny GPS-teknologi om bord Krever stedet ditt [&hellip;]\" \/>\n<meta property=\"og:url\" content=\"https:\/\/www.belrobotics.com\/no\/gps-rtk\/\" \/>\n<meta property=\"og:site_name\" content=\"Belrobotics\" \/>\n<meta property=\"article:publisher\" content=\"https:\/\/www.facebook.com\/belrobotics\" \/>\n<meta property=\"article:modified_time\" content=\"2023-05-16T10:16:12+00:00\" \/>\n<meta property=\"og:image\" content=\"https:\/\/www.belrobotics.com\/wp-content\/uploads\/2021\/07\/gps-rtk_2.jpg\" \/>\n\t<meta property=\"og:image:width\" content=\"1291\" \/>\n\t<meta property=\"og:image:height\" content=\"794\" \/>\n\t<meta property=\"og:image:type\" content=\"image\/jpeg\" \/>\n<meta name=\"twitter:card\" content=\"summary_large_image\" \/>\n<meta name=\"twitter:label1\" content=\"Ansl. lesetid\" \/>\n\t<meta name=\"twitter:data1\" content=\"1 minutt\" \/>\n<script type=\"application\/ld+json\" class=\"yoast-schema-graph\">{\"@context\":\"https:\/\/schema.org\",\"@graph\":[{\"@type\":\"WebPage\",\"@id\":\"https:\/\/www.belrobotics.com\/no\/gps-rtk\/\",\"url\":\"https:\/\/www.belrobotics.com\/no\/gps-rtk\/\",\"name\":\"RTK: stripet klippem\u00f8nster - Belrobotics\",\"isPartOf\":{\"@id\":\"https:\/\/www.belrobotics.com\/no\/#website\"},\"primaryImageOfPage\":{\"@id\":\"https:\/\/www.belrobotics.com\/no\/gps-rtk\/#primaryimage\"},\"image\":{\"@id\":\"https:\/\/www.belrobotics.com\/no\/gps-rtk\/#primaryimage\"},\"thumbnailUrl\":\"https:\/\/www.belrobotics.com\/wp-content\/uploads\/2021\/07\/gps-rtk_2.jpg\",\"datePublished\":\"2021-07-16T09:28:45+00:00\",\"dateModified\":\"2023-05-16T10:16:12+00:00\",\"breadcrumb\":{\"@id\":\"https:\/\/www.belrobotics.com\/no\/gps-rtk\/#breadcrumb\"},\"inLanguage\":\"nb-NO\",\"potentialAction\":[{\"@type\":\"ReadAction\",\"target\":[\"https:\/\/www.belrobotics.com\/no\/gps-rtk\/\"]}]},{\"@type\":\"ImageObject\",\"inLanguage\":\"nb-NO\",\"@id\":\"https:\/\/www.belrobotics.com\/no\/gps-rtk\/#primaryimage\",\"url\":\"https:\/\/www.belrobotics.com\/wp-content\/uploads\/2021\/07\/gps-rtk_2.jpg\",\"contentUrl\":\"https:\/\/www.belrobotics.com\/wp-content\/uploads\/2021\/07\/gps-rtk_2.jpg\",\"width\":1291,\"height\":794},{\"@type\":\"BreadcrumbList\",\"@id\":\"https:\/\/www.belrobotics.com\/no\/gps-rtk\/#breadcrumb\",\"itemListElement\":[{\"@type\":\"ListItem\",\"position\":1,\"name\":\"Home\",\"item\":\"https:\/\/www.belrobotics.com\/no\/\"},{\"@type\":\"ListItem\",\"position\":2,\"name\":\"RTK: stripet klippem\u00f8nster\"}]},{\"@type\":\"WebSite\",\"@id\":\"https:\/\/www.belrobotics.com\/no\/#website\",\"url\":\"https:\/\/www.belrobotics.com\/no\/\",\"name\":\"Belrobotics\",\"description\":\"The grass masters\",\"publisher\":{\"@id\":\"https:\/\/www.belrobotics.com\/no\/#organization\"},\"potentialAction\":[{\"@type\":\"SearchAction\",\"target\":{\"@type\":\"EntryPoint\",\"urlTemplate\":\"https:\/\/www.belrobotics.com\/no\/?s={search_term_string}\"},\"query-input\":{\"@type\":\"PropertyValueSpecification\",\"valueRequired\":true,\"valueName\":\"search_term_string\"}}],\"inLanguage\":\"nb-NO\"},{\"@type\":\"Organization\",\"@id\":\"https:\/\/www.belrobotics.com\/no\/#organization\",\"name\":\"Belrobotics\",\"url\":\"https:\/\/www.belrobotics.com\/no\/\",\"logo\":{\"@type\":\"ImageObject\",\"inLanguage\":\"nb-NO\",\"@id\":\"https:\/\/www.belrobotics.com\/no\/#\/schema\/logo\/image\/\",\"url\":\"https:\/\/www.belrobotics.com\/wp-content\/uploads\/2019\/01\/logo-belrobotics.svg\",\"contentUrl\":\"https:\/\/www.belrobotics.com\/wp-content\/uploads\/2019\/01\/logo-belrobotics.svg\",\"width\":100,\"height\":16,\"caption\":\"Belrobotics\"},\"image\":{\"@id\":\"https:\/\/www.belrobotics.com\/no\/#\/schema\/logo\/image\/\"},\"sameAs\":[\"https:\/\/www.facebook.com\/belrobotics\",\"https:\/\/www.youtube.com\/channel\/UCYgWBPRzEdXmUqLRL0JbUIw\",\"https:\/\/www.instagram.com\/belrobotics_europe\/\"]}]}<\/script>\n<!-- \/ Yoast SEO plugin. -->","yoast_head_json":{"title":"RTK: stripet klippem\u00f8nster - Belrobotics","robots":{"index":"index","follow":"follow","max-snippet":"max-snippet:-1","max-image-preview":"max-image-preview:large","max-video-preview":"max-video-preview:-1"},"canonical":"https:\/\/www.belrobotics.com\/no\/gps-rtk\/","og_locale":"nb_NO","og_type":"article","og_title":"RTK: stripet klippem\u00f8nster - Belrobotics","og_description":"For krevende profesjonelle brukere Leter du etter gr\u00f8ntomr\u00e5der for en bedrift eller en offentlig institusjon? Driver du et anlegg for forskjellig typer sport? Opplev en ny teknologi som st\u00f8tter dine m\u00e5l og ditt image! Robotgressklipperne styres n\u00e5 av GPS \u2013 RTK for \u00e5 gi deg et stripet klippem\u00f8nster. Ny GPS-teknologi om bord Krever stedet ditt [&hellip;]","og_url":"https:\/\/www.belrobotics.com\/no\/gps-rtk\/","og_site_name":"Belrobotics","article_publisher":"https:\/\/www.facebook.com\/belrobotics","article_modified_time":"2023-05-16T10:16:12+00:00","og_image":[{"width":1291,"height":794,"url":"https:\/\/www.belrobotics.com\/wp-content\/uploads\/2021\/07\/gps-rtk_2.jpg","type":"image\/jpeg"}],"twitter_card":"summary_large_image","twitter_misc":{"Ansl. lesetid":"1 minutt"},"schema":{"@context":"https:\/\/schema.org","@graph":[{"@type":"WebPage","@id":"https:\/\/www.belrobotics.com\/no\/gps-rtk\/","url":"https:\/\/www.belrobotics.com\/no\/gps-rtk\/","name":"RTK: stripet klippem\u00f8nster - Belrobotics","isPartOf":{"@id":"https:\/\/www.belrobotics.com\/no\/#website"},"primaryImageOfPage":{"@id":"https:\/\/www.belrobotics.com\/no\/gps-rtk\/#primaryimage"},"image":{"@id":"https:\/\/www.belrobotics.com\/no\/gps-rtk\/#primaryimage"},"thumbnailUrl":"https:\/\/www.belrobotics.com\/wp-content\/uploads\/2021\/07\/gps-rtk_2.jpg","datePublished":"2021-07-16T09:28:45+00:00","dateModified":"2023-05-16T10:16:12+00:00","breadcrumb":{"@id":"https:\/\/www.belrobotics.com\/no\/gps-rtk\/#breadcrumb"},"inLanguage":"nb-NO","potentialAction":[{"@type":"ReadAction","target":["https:\/\/www.belrobotics.com\/no\/gps-rtk\/"]}]},{"@type":"ImageObject","inLanguage":"nb-NO","@id":"https:\/\/www.belrobotics.com\/no\/gps-rtk\/#primaryimage","url":"https:\/\/www.belrobotics.com\/wp-content\/uploads\/2021\/07\/gps-rtk_2.jpg","contentUrl":"https:\/\/www.belrobotics.com\/wp-content\/uploads\/2021\/07\/gps-rtk_2.jpg","width":1291,"height":794},{"@type":"BreadcrumbList","@id":"https:\/\/www.belrobotics.com\/no\/gps-rtk\/#breadcrumb","itemListElement":[{"@type":"ListItem","position":1,"name":"Home","item":"https:\/\/www.belrobotics.com\/no\/"},{"@type":"ListItem","position":2,"name":"RTK: stripet klippem\u00f8nster"}]},{"@type":"WebSite","@id":"https:\/\/www.belrobotics.com\/no\/#website","url":"https:\/\/www.belrobotics.com\/no\/","name":"Belrobotics","description":"The grass masters","publisher":{"@id":"https:\/\/www.belrobotics.com\/no\/#organization"},"potentialAction":[{"@type":"SearchAction","target":{"@type":"EntryPoint","urlTemplate":"https:\/\/www.belrobotics.com\/no\/?s={search_term_string}"},"query-input":{"@type":"PropertyValueSpecification","valueRequired":true,"valueName":"search_term_string"}}],"inLanguage":"nb-NO"},{"@type":"Organization","@id":"https:\/\/www.belrobotics.com\/no\/#organization","name":"Belrobotics","url":"https:\/\/www.belrobotics.com\/no\/","logo":{"@type":"ImageObject","inLanguage":"nb-NO","@id":"https:\/\/www.belrobotics.com\/no\/#\/schema\/logo\/image\/","url":"https:\/\/www.belrobotics.com\/wp-content\/uploads\/2019\/01\/logo-belrobotics.svg","contentUrl":"https:\/\/www.belrobotics.com\/wp-content\/uploads\/2019\/01\/logo-belrobotics.svg","width":100,"height":16,"caption":"Belrobotics"},"image":{"@id":"https:\/\/www.belrobotics.com\/no\/#\/schema\/logo\/image\/"},"sameAs":["https:\/\/www.facebook.com\/belrobotics","https:\/\/www.youtube.com\/channel\/UCYgWBPRzEdXmUqLRL0JbUIw","https:\/\/www.instagram.com\/belrobotics_europe\/"]}]}},"_links":{"self":[{"href":"https:\/\/www.belrobotics.com\/no\/wp-json\/wp\/v2\/pages\/18888","targetHints":{"allow":["GET"]}}],"collection":[{"href":"https:\/\/www.belrobotics.com\/no\/wp-json\/wp\/v2\/pages"}],"about":[{"href":"https:\/\/www.belrobotics.com\/no\/wp-json\/wp\/v2\/types\/page"}],"author":[{"embeddable":true,"href":"https:\/\/www.belrobotics.com\/no\/wp-json\/wp\/v2\/users\/9"}],"replies":[{"embeddable":true,"href":"https:\/\/www.belrobotics.com\/no\/wp-json\/wp\/v2\/comments?post=18888"}],"version-history":[{"count":1,"href":"https:\/\/www.belrobotics.com\/no\/wp-json\/wp\/v2\/pages\/18888\/revisions"}],"predecessor-version":[{"id":23333,"href":"https:\/\/www.belrobotics.com\/no\/wp-json\/wp\/v2\/pages\/18888\/revisions\/23333"}],"wp:featuredmedia":[{"embeddable":true,"href":"https:\/\/www.belrobotics.com\/no\/wp-json\/wp\/v2\/media\/13344"}],"wp:attachment":[{"href":"https:\/\/www.belrobotics.com\/no\/wp-json\/wp\/v2\/media?parent=18888"}],"curies":[{"name":"wp","href":"https:\/\/api.w.org\/{rel}","templated":true}]}}