{"id":6624,"date":"2019-06-03T10:19:36","date_gmt":"2019-06-03T09:19:36","guid":{"rendered":"https:\/\/belrobotics.andromede.digital\/scopri-in-nostri-vantaggi-esclusivi\/"},"modified":"2020-05-07T10:22:20","modified_gmt":"2020-05-07T09:22:20","slug":"scopri-in-nostri-vantaggi-esclusivi","status":"publish","type":"page","link":"https:\/\/www.belrobotics.com\/it-ch\/scopri-in-nostri-vantaggi-esclusivi\/","title":{"rendered":"Scopri in nostri vantaggi esclusivi"},"content":{"rendered":"<h3>Un taglio perfetto in modalit\u00e0 automatica<\/h3>\n<p>D&#8217;ora in avanti, n\u00e9 le dimensioni dell&#8217;area da tagliare, n\u00e9 la qualit\u00e0 del risultato desiderata, n\u00e9 tantomeno le caratteristiche del terreno renderanno il lavoro lungo e faticoso.<\/p>\n<p>Belrobotics conosce i requisiti dei professionisti e di chi, semplicemente, ama un bel prato. Le nostre soluzioni automatizzate riducono notevolmente i tempi di lavoro, garantiscono una qualit\u00e0 del prato senza confronti e contribuiscono a raggiungere obiettivi di sostenibilit\u00e0. I robot Belrobotics vengono utilizzati da migliaia di professionisti paesaggisti, gestori di club sportivi e proprietari di terreni. Durevolezza senza precedenti in infrastrutture private e pubbliche.<\/p>\n","protected":false},"excerpt":{"rendered":"<p>Un taglio perfetto in modalit\u00e0 automatica D&#8217;ora in avanti, n\u00e9 le dimensioni dell&#8217;area da tagliare, n\u00e9 la qualit\u00e0 del risultato desiderata, n\u00e9 tantomeno le caratteristiche del terreno renderanno il lavoro lungo e faticoso. Belrobotics conosce i requisiti dei professionisti e di chi, semplicemente, ama un bel prato. Le nostre soluzioni automatizzate riducono notevolmente i tempi [&hellip;]<\/p>\n","protected":false},"author":9,"featured_media":3625,"parent":0,"menu_order":0,"comment_status":"closed","ping_status":"closed","template":"avantages.php","meta":{"_acf_changed":false,"footnotes":""},"class_list":["post-6624","page","type-page","status-publish","has-post-thumbnail","hentry"],"acf":[],"yoast_head":"<!-- This site is optimized with the Yoast SEO plugin v26.9 - https:\/\/yoast.com\/product\/yoast-seo-wordpress\/ -->\n<title>Scopri in nostri vantaggi esclusivi - Belrobotics<\/title>\n<meta name=\"robots\" content=\"index, follow, max-snippet:-1, max-image-preview:large, max-video-preview:-1\" \/>\n<link rel=\"canonical\" href=\"https:\/\/www.belrobotics.com\/it-ch\/scopri-in-nostri-vantaggi-esclusivi\/\" \/>\n<meta property=\"og:locale\" content=\"it_IT\" \/>\n<meta property=\"og:type\" content=\"article\" \/>\n<meta property=\"og:title\" content=\"Scopri in nostri vantaggi esclusivi - Belrobotics\" \/>\n<meta property=\"og:description\" content=\"Un taglio perfetto in modalit\u00e0 automatica D&#8217;ora in avanti, n\u00e9 le dimensioni dell&#8217;area da tagliare, n\u00e9 la qualit\u00e0 del risultato desiderata, n\u00e9 tantomeno le caratteristiche del terreno renderanno il lavoro lungo e faticoso. Belrobotics conosce i requisiti dei professionisti e di chi, semplicemente, ama un bel prato. Le nostre soluzioni automatizzate riducono notevolmente i tempi [&hellip;]\" \/>\n<meta property=\"og:url\" content=\"https:\/\/www.belrobotics.com\/it-ch\/scopri-in-nostri-vantaggi-esclusivi\/\" \/>\n<meta property=\"og:site_name\" content=\"Belrobotics\" \/>\n<meta property=\"article:publisher\" content=\"https:\/\/www.facebook.com\/belrobotics\" \/>\n<meta property=\"article:modified_time\" content=\"2020-05-07T09:22:20+00:00\" \/>\n<meta property=\"og:image\" content=\"https:\/\/www.belrobotics.com\/wp-content\/uploads\/2019\/01\/big-mow-action-4-1.jpg\" \/>\n\t<meta property=\"og:image:width\" content=\"2251\" \/>\n\t<meta property=\"og:image:height\" content=\"1745\" \/>\n\t<meta property=\"og:image:type\" content=\"image\/jpeg\" \/>\n<meta name=\"twitter:card\" content=\"summary_large_image\" \/>\n<script type=\"application\/ld+json\" class=\"yoast-schema-graph\">{\"@context\":\"https:\/\/schema.org\",\"@graph\":[{\"@type\":\"WebPage\",\"@id\":\"https:\/\/www.belrobotics.com\/it-ch\/scopri-in-nostri-vantaggi-esclusivi\/\",\"url\":\"https:\/\/www.belrobotics.com\/it-ch\/scopri-in-nostri-vantaggi-esclusivi\/\",\"name\":\"Scopri in nostri vantaggi esclusivi - Belrobotics\",\"isPartOf\":{\"@id\":\"https:\/\/www.belrobotics.com\/it-ch\/#website\"},\"primaryImageOfPage\":{\"@id\":\"https:\/\/www.belrobotics.com\/it-ch\/scopri-in-nostri-vantaggi-esclusivi\/#primaryimage\"},\"image\":{\"@id\":\"https:\/\/www.belrobotics.com\/it-ch\/scopri-in-nostri-vantaggi-esclusivi\/#primaryimage\"},\"thumbnailUrl\":\"https:\/\/www.belrobotics.com\/wp-content\/uploads\/2019\/01\/big-mow-action-4-1.jpg\",\"datePublished\":\"2019-06-03T09:19:36+00:00\",\"dateModified\":\"2020-05-07T09:22:20+00:00\",\"breadcrumb\":{\"@id\":\"https:\/\/www.belrobotics.com\/it-ch\/scopri-in-nostri-vantaggi-esclusivi\/#breadcrumb\"},\"inLanguage\":\"it-CH\",\"potentialAction\":[{\"@type\":\"ReadAction\",\"target\":[\"https:\/\/www.belrobotics.com\/it-ch\/scopri-in-nostri-vantaggi-esclusivi\/\"]}]},{\"@type\":\"ImageObject\",\"inLanguage\":\"it-CH\",\"@id\":\"https:\/\/www.belrobotics.com\/it-ch\/scopri-in-nostri-vantaggi-esclusivi\/#primaryimage\",\"url\":\"https:\/\/www.belrobotics.com\/wp-content\/uploads\/2019\/01\/big-mow-action-4-1.jpg\",\"contentUrl\":\"https:\/\/www.belrobotics.com\/wp-content\/uploads\/2019\/01\/big-mow-action-4-1.jpg\",\"width\":2251,\"height\":1745},{\"@type\":\"BreadcrumbList\",\"@id\":\"https:\/\/www.belrobotics.com\/it-ch\/scopri-in-nostri-vantaggi-esclusivi\/#breadcrumb\",\"itemListElement\":[{\"@type\":\"ListItem\",\"position\":1,\"name\":\"Home\",\"item\":\"https:\/\/www.belrobotics.com\/it-ch\/\"},{\"@type\":\"ListItem\",\"position\":2,\"name\":\"Scopri in nostri vantaggi esclusivi\"}]},{\"@type\":\"WebSite\",\"@id\":\"https:\/\/www.belrobotics.com\/it-ch\/#website\",\"url\":\"https:\/\/www.belrobotics.com\/it-ch\/\",\"name\":\"Belrobotics\",\"description\":\"The grass masters\",\"publisher\":{\"@id\":\"https:\/\/www.belrobotics.com\/it-ch\/#organization\"},\"potentialAction\":[{\"@type\":\"SearchAction\",\"target\":{\"@type\":\"EntryPoint\",\"urlTemplate\":\"https:\/\/www.belrobotics.com\/it-ch\/?s={search_term_string}\"},\"query-input\":{\"@type\":\"PropertyValueSpecification\",\"valueRequired\":true,\"valueName\":\"search_term_string\"}}],\"inLanguage\":\"it-CH\"},{\"@type\":\"Organization\",\"@id\":\"https:\/\/www.belrobotics.com\/it-ch\/#organization\",\"name\":\"Belrobotics\",\"url\":\"https:\/\/www.belrobotics.com\/it-ch\/\",\"logo\":{\"@type\":\"ImageObject\",\"inLanguage\":\"it-CH\",\"@id\":\"https:\/\/www.belrobotics.com\/it-ch\/#\/schema\/logo\/image\/\",\"url\":\"https:\/\/www.belrobotics.com\/wp-content\/uploads\/2019\/01\/logo-belrobotics.svg\",\"contentUrl\":\"https:\/\/www.belrobotics.com\/wp-content\/uploads\/2019\/01\/logo-belrobotics.svg\",\"width\":100,\"height\":16,\"caption\":\"Belrobotics\"},\"image\":{\"@id\":\"https:\/\/www.belrobotics.com\/it-ch\/#\/schema\/logo\/image\/\"},\"sameAs\":[\"https:\/\/www.facebook.com\/belrobotics\",\"https:\/\/www.youtube.com\/channel\/UCYgWBPRzEdXmUqLRL0JbUIw\",\"https:\/\/www.instagram.com\/belrobotics_europe\/\"]}]}<\/script>\n<!-- \/ Yoast SEO plugin. -->","yoast_head_json":{"title":"Scopri in nostri vantaggi esclusivi - Belrobotics","robots":{"index":"index","follow":"follow","max-snippet":"max-snippet:-1","max-image-preview":"max-image-preview:large","max-video-preview":"max-video-preview:-1"},"canonical":"https:\/\/www.belrobotics.com\/it-ch\/scopri-in-nostri-vantaggi-esclusivi\/","og_locale":"it_IT","og_type":"article","og_title":"Scopri in nostri vantaggi esclusivi - Belrobotics","og_description":"Un taglio perfetto in modalit\u00e0 automatica D&#8217;ora in avanti, n\u00e9 le dimensioni dell&#8217;area da tagliare, n\u00e9 la qualit\u00e0 del risultato desiderata, n\u00e9 tantomeno le caratteristiche del terreno renderanno il lavoro lungo e faticoso. Belrobotics conosce i requisiti dei professionisti e di chi, semplicemente, ama un bel prato. Le nostre soluzioni automatizzate riducono notevolmente i tempi [&hellip;]","og_url":"https:\/\/www.belrobotics.com\/it-ch\/scopri-in-nostri-vantaggi-esclusivi\/","og_site_name":"Belrobotics","article_publisher":"https:\/\/www.facebook.com\/belrobotics","article_modified_time":"2020-05-07T09:22:20+00:00","og_image":[{"width":2251,"height":1745,"url":"https:\/\/www.belrobotics.com\/wp-content\/uploads\/2019\/01\/big-mow-action-4-1.jpg","type":"image\/jpeg"}],"twitter_card":"summary_large_image","schema":{"@context":"https:\/\/schema.org","@graph":[{"@type":"WebPage","@id":"https:\/\/www.belrobotics.com\/it-ch\/scopri-in-nostri-vantaggi-esclusivi\/","url":"https:\/\/www.belrobotics.com\/it-ch\/scopri-in-nostri-vantaggi-esclusivi\/","name":"Scopri in nostri vantaggi esclusivi - Belrobotics","isPartOf":{"@id":"https:\/\/www.belrobotics.com\/it-ch\/#website"},"primaryImageOfPage":{"@id":"https:\/\/www.belrobotics.com\/it-ch\/scopri-in-nostri-vantaggi-esclusivi\/#primaryimage"},"image":{"@id":"https:\/\/www.belrobotics.com\/it-ch\/scopri-in-nostri-vantaggi-esclusivi\/#primaryimage"},"thumbnailUrl":"https:\/\/www.belrobotics.com\/wp-content\/uploads\/2019\/01\/big-mow-action-4-1.jpg","datePublished":"2019-06-03T09:19:36+00:00","dateModified":"2020-05-07T09:22:20+00:00","breadcrumb":{"@id":"https:\/\/www.belrobotics.com\/it-ch\/scopri-in-nostri-vantaggi-esclusivi\/#breadcrumb"},"inLanguage":"it-CH","potentialAction":[{"@type":"ReadAction","target":["https:\/\/www.belrobotics.com\/it-ch\/scopri-in-nostri-vantaggi-esclusivi\/"]}]},{"@type":"ImageObject","inLanguage":"it-CH","@id":"https:\/\/www.belrobotics.com\/it-ch\/scopri-in-nostri-vantaggi-esclusivi\/#primaryimage","url":"https:\/\/www.belrobotics.com\/wp-content\/uploads\/2019\/01\/big-mow-action-4-1.jpg","contentUrl":"https:\/\/www.belrobotics.com\/wp-content\/uploads\/2019\/01\/big-mow-action-4-1.jpg","width":2251,"height":1745},{"@type":"BreadcrumbList","@id":"https:\/\/www.belrobotics.com\/it-ch\/scopri-in-nostri-vantaggi-esclusivi\/#breadcrumb","itemListElement":[{"@type":"ListItem","position":1,"name":"Home","item":"https:\/\/www.belrobotics.com\/it-ch\/"},{"@type":"ListItem","position":2,"name":"Scopri in nostri vantaggi esclusivi"}]},{"@type":"WebSite","@id":"https:\/\/www.belrobotics.com\/it-ch\/#website","url":"https:\/\/www.belrobotics.com\/it-ch\/","name":"Belrobotics","description":"The grass masters","publisher":{"@id":"https:\/\/www.belrobotics.com\/it-ch\/#organization"},"potentialAction":[{"@type":"SearchAction","target":{"@type":"EntryPoint","urlTemplate":"https:\/\/www.belrobotics.com\/it-ch\/?s={search_term_string}"},"query-input":{"@type":"PropertyValueSpecification","valueRequired":true,"valueName":"search_term_string"}}],"inLanguage":"it-CH"},{"@type":"Organization","@id":"https:\/\/www.belrobotics.com\/it-ch\/#organization","name":"Belrobotics","url":"https:\/\/www.belrobotics.com\/it-ch\/","logo":{"@type":"ImageObject","inLanguage":"it-CH","@id":"https:\/\/www.belrobotics.com\/it-ch\/#\/schema\/logo\/image\/","url":"https:\/\/www.belrobotics.com\/wp-content\/uploads\/2019\/01\/logo-belrobotics.svg","contentUrl":"https:\/\/www.belrobotics.com\/wp-content\/uploads\/2019\/01\/logo-belrobotics.svg","width":100,"height":16,"caption":"Belrobotics"},"image":{"@id":"https:\/\/www.belrobotics.com\/it-ch\/#\/schema\/logo\/image\/"},"sameAs":["https:\/\/www.facebook.com\/belrobotics","https:\/\/www.youtube.com\/channel\/UCYgWBPRzEdXmUqLRL0JbUIw","https:\/\/www.instagram.com\/belrobotics_europe\/"]}]}},"_links":{"self":[{"href":"https:\/\/www.belrobotics.com\/it-ch\/wp-json\/wp\/v2\/pages\/6624","targetHints":{"allow":["GET"]}}],"collection":[{"href":"https:\/\/www.belrobotics.com\/it-ch\/wp-json\/wp\/v2\/pages"}],"about":[{"href":"https:\/\/www.belrobotics.com\/it-ch\/wp-json\/wp\/v2\/types\/page"}],"author":[{"embeddable":true,"href":"https:\/\/www.belrobotics.com\/it-ch\/wp-json\/wp\/v2\/users\/9"}],"replies":[{"embeddable":true,"href":"https:\/\/www.belrobotics.com\/it-ch\/wp-json\/wp\/v2\/comments?post=6624"}],"version-history":[{"count":0,"href":"https:\/\/www.belrobotics.com\/it-ch\/wp-json\/wp\/v2\/pages\/6624\/revisions"}],"wp:featuredmedia":[{"embeddable":true,"href":"https:\/\/www.belrobotics.com\/it-ch\/wp-json\/wp\/v2\/media\/3625"}],"wp:attachment":[{"href":"https:\/\/www.belrobotics.com\/it-ch\/wp-json\/wp\/v2\/media?parent=6624"}],"curies":[{"name":"wp","href":"https:\/\/api.w.org\/{rel}","templated":true}]}}