{"id":6146,"date":"2019-05-28T09:30:24","date_gmt":"2019-05-28T08:30:24","guid":{"rendered":"https:\/\/belrobotics.andromede.digital\/limitazione-di-responsabilita\/"},"modified":"2020-06-25T10:41:09","modified_gmt":"2020-06-25T09:41:09","slug":"limitazione-di-responsabilita","status":"publish","type":"page","link":"https:\/\/www.belrobotics.com\/it-ch\/limitazione-di-responsabilita\/","title":{"rendered":"Limitazione di responsabilit\u00e0"},"content":{"rendered":"<p align=\"center\">SEDE CENTRALE: Avenue Lavoisier 35, 1300 Wavre, Belgio<\/p>\n<p align=\"center\">B.C.E. 0477.194.468<\/p>\n<p align=\"center\">Telefono: +32 10 48 00 36<\/p>\n<p align=\"center\">E-mail:\u00a0<a href=\"mailto:dataprivacy@yamabiko.eu\">dataprivacy@yamabiko.eu<\/a><\/p>\n<p align=\"center\">CONDIZIONI PER L&#8217;UTILIZZO DEL SITO WEB\u00a0<a href=\"https:\/\/www.belrobotics.com\/\">https:\/\/www.belrobotics.com<\/a><\/p>\n<p>&nbsp;<\/p>\n<p><strong>1.\u00a0\u00a0\u00a0\u00a0\u00a0\u00a0\u00a0\u00a0 Termini e condizioni oggettivi e generali per l&#8217;uso del sito Web<\/strong><\/p>\n<p>YAMABIKO EUROPE offre servizi nell&#8217;area della vendita e della manutenzione di robot tagliaerba, tagliasiepi, soffiatori per foglie e motoseghe per i seguenti marchi: Belrobotics, Echo e Shindaiwa.<\/p>\n<p><a href=\"http:\/\/www.traitdeco.be\/\">www.belrobotics.com<\/a>\u00a0viene utilizzato per presentare le attivit\u00e0, i servizi, i robot tagliaerba e il concetto YAMABIKO EUROPE, oltre che per pubblicare articoli e notizie sull&#8217;argomento.<\/p>\n<p>Ci riserviamo il diritto di aggiornare le presenti Condizioni Generali d&#8217;Uso in qualsiasi momento senza preavviso. Consigliamo pertanto all&#8217;Utente di consultare regolarmente le presenti condizioni.\u00a0 Qualsiasi aggiornamento diventer\u00e0 effettivo dal momento della pubblicazione online.<\/p>\n<p>Qualora, per qualsiasi motivo, una delle disposizioni delle presenti Condizioni Generali d&#8217;Uso venga invalidata o diventi inapplicabile, tale invalidit\u00e0 o inapplicabilit\u00e0 non inficer\u00e0 la validit\u00e0 e l&#8217;applicabilit\u00e0 delle altre disposizioni delle Condizioni Generali d&#8217;Uso.<\/p>\n<p><strong>2.\u00a0\u00a0\u00a0\u00a0\u00a0\u00a0\u00a0\u00a0 Utilizzo di questo sito<\/strong><\/p>\n<p><a href=\"http:\/\/www.sospme.be\/\">www.belrobotics.com<\/a>\u00a0\u00e8 a disposizione degli Utenti, per uso personale, nel rispetto dei termini e delle condizioni definiti di seguito. L&#8217;uso di questo sito Web implica l&#8217;accettazione incondizionata di tutti i termini e le condizioni d&#8217;uso.<\/p>\n<p><a href=\"http:\/\/www.sospme.be\/\">www.belrobotics.com<\/a>\u00a0non potr\u00e0 essere utilizzato per richieste speculative, false o fraudolente.<\/p>\n<p>L&#8217;utente dovr\u00e0 avere almeno 18 anni, disporre della capacit\u00e0 legale di firmare contratti e di utilizzare questo sito Web in conformit\u00e0 alle Condizioni Generali d&#8217;Uso definite per lo stesso.<\/p>\n<p><strong>3.\u00a0\u00a0\u00a0\u00a0\u00a0\u00a0\u00a0\u00a0 Copyrights \u2013 propriet\u00e0 intellettuale<\/strong><\/p>\n<p>YAMABIKO EUROPE \u00e8 il titolare di tutti i diritti di propriet\u00e0 intellettuale per tutti gli elementi del sito Web (fotografie, loghi, disegni, schemi, testi, video ecc.) ma anche di tutti i copyright, brevetti, know-how, informazioni riservate, diritti su database, marchi registrati e concetti, siano essi registrati o meno, che compaiano sul sito Web\u00a0<a href=\"http:\/\/www.sospme.be\/\">www.belrobotics.com<\/a>.<\/p>\n<p>Agli Utenti \u00e8 pertanto fatto divieto di riprodurre, modificare, trasferire o utilizzare qualsiasi parte del sito Web senza previa autorizzazione scritta di YAMABIKO EUROPE.<\/p>\n<p><strong>4.\u00a0\u00a0\u00a0\u00a0\u00a0\u00a0\u00a0\u00a0 Download<\/strong><\/p>\n<p>Qualsiasi download di dati dal sito Web\u00a0<a href=\"http:\/\/www.sospme.be\/\">www.belrobotics.com<\/a>\u00a0sar\u00e0 eseguito a rischio e sotto la responsabilit\u00e0 dell&#8217;utente.<\/p>\n<p>L&#8217;Utente si dichiara consapevole che l&#8217;uso di servizi e sistemi informatici non sia privo di rischi. Pertanto, YAMABIKO EUROPE non potr\u00e0 essere ritenuta responsabile per eventuali danni causati da qualsiasi forma di malware informatico a seguito del download di informazioni dal sito Web\u00a0<a href=\"http:\/\/www.sospme.be\/\">www.belrobotics.com<\/a>.<\/p>\n<p><strong>5. \u00a0\u00a0\u00a0\u00a0\u00a0\u00a0\u00a0 Gestione delle informazioni personali<\/strong><\/p>\n<p>Potranno essere raccolte certe informazioni personali riguardanti un Utente del sito Web\u00a0<a href=\"http:\/\/www.sospme.be\/\">www.belrobotics.com<\/a>\u00a0in particolare quando l&#8217;Utente compila un modulo di contatto, richiede un preventivo o assistenza oppure tramite l&#8217;utilizzo di cookie o di tracking pixel (vedere la sezione 10).<\/p>\n<p>A tale scopo, l&#8217;azienda YAMABIKO EUROPE SA., con sede centrale in Avenue Lavoisier 35, 1300 Wavre, Belgio, \u00e8 responsabile del trattamento di tali dati.<\/p>\n<p>Lo scopo della raccolta di informazioni personali degli Utenti \u00e8 limitato alla gestione delle visite al sito Web, all&#8217;amministrazione dei clienti, all&#8217;evasione degli ordini degli utenti, alla pubblicit\u00e0 di prodotti e servizi e alla predisposizione di campagne di marketing diretto tramite posta elettronica.<\/p>\n<p>Il cliente ha diritto di non consentire, in qualsiasi momento, che le sue informazioni di natura personale vengano utilizzate per scopi di marketing diretto.<\/p>\n<p>L&#8217;Utente ha diritto ad accedere, rettificare o rimuovere informazioni di carattere personale, in conformit\u00e0 alla legge dell&#8217;8 dicembre 1992 in materia di privacy dei dati e di trattamento delle informazioni di carattere personale.<\/p>\n<p>Per esercitare questo diritto di accesso, modifica o cancellazione dei dati personali, \u00e8 sufficiente contattare, gratuitamente, YAMABIKO EUROPE, al seguente indirizzo e-mail:\u00a0<a href=\"mailto:dataprivacy@yamabiko.eu\">dataprivacy@yamabiko.eu<\/a>\u00a0oppure per iscritto alla sede centrale dell&#8217;azienda.<\/p>\n<p>YAMABIKO EUROPE \u00e8 conforme ai requisiti del Regolamento generale sulla protezione dei dati (GDPR, regolamento UE 2016\/679) ed \u00e8 responsabile del mantenimento della riservatezza dei dati raccolti.<\/p>\n<p><strong>6.\u00a0\u00a0\u00a0\u00a0\u00a0\u00a0\u00a0\u00a0 Sicurezza dei dati<\/strong><\/p>\n<p>YAMABIKO EUROPE garantisce un livello di sicurezza dei dati in conformit\u00e0 alle normative nazionali ed europee.<\/p>\n<p>A tale scopo,\u00a0<a href=\"http:\/\/www.sospme.be\/\">www.belrobotics.com<\/a>\u00a0impiega diversi sistemi di sicurezza per assicurare un ragionevole livello di protezione per le informazioni personali degli Utenti. Tuttavia, YAMABIKO EUROPE non \u00e8 in grado di garantire che terzi non autorizzati possano accedere al sito per utilizzare tali informazioni illegalmente.<\/p>\n<p><strong>7.\u00a0\u00a0\u00a0\u00a0\u00a0\u00a0\u00a0\u00a0 Link ad altri siti Web<\/strong><\/p>\n<p>Il sito Web\u00a0<a href=\"http:\/\/www.sospme.be\/\">www.belrobotics.com<\/a>\u00a0potrebbe contenere link ad altri siti Web. Il semplice fatto che questi link siano presenti sul sito Web\u00a0<a href=\"http:\/\/www.sospme.be\/\">www.belrobotics.com<\/a>\u00a0non implica in alcun modo che YAMABIKO EUROPE supporti le idee o le opinioni contenute in tali siti Web, n\u00e9 che esista alcuna forma di partnership o di associazione con i titolari di tali siti.<\/p>\n<p>YAMABIKO EUROPE non potr\u00e0, in alcun caso, essere ritenuta responsabile per il contenuto dei siti Web collegati mediante tali link.<\/p>\n<p><strong>8.\u00a0\u00a0\u00a0\u00a0\u00a0\u00a0\u00a0\u00a0 Diritti di YAMABIKO EUROPE<\/strong><\/p>\n<p>YAMABIKO EUROPE si riserva il diritto, in qualsiasi momento e senza preavviso, di:<\/p>\n<p>a) modificare annunci, offerte e informazioni online,<\/p>\n<p>b) modificare determinati servizi,<\/p>\n<p>c) bloccare l&#8217;accesso al proprio sito Web in caso di problemi tecnici o qualora YAMABIKO EUROPE venga a conoscenza di un uso non appropriato o con intenti criminali del proprio sito Web.<\/p>\n<p><strong>9.\u00a0\u00a0\u00a0\u00a0\u00a0\u00a0\u00a0\u00a0 Responsabilit\u00e0 dell&#8217;Utente<\/strong><\/p>\n<p>Gli Utenti del sito Web\u00a0<a href=\"http:\/\/www.sospme.be\/\">www.belrobotics.com<\/a>\u00a0accettano di non:<\/p>\n<p>a)\u00a0\u00a0\u00a0\u00a0\u00a0\u00a0\u00a0\u00a0 utilizzare il sito Web per scopi illegali o dannosi;<\/p>\n<p>b)\u00a0\u00a0\u00a0\u00a0\u00a0\u00a0\u00a0\u00a0 interferire con l&#8217;accesso al sito Web, per perturbare o modificare lo stesso, renderlo meno efficace oppure causare danni al sito Web, a YAMABIKO EUROPE o a terzi;<\/p>\n<p>c)\u00a0\u00a0\u00a0\u00a0\u00a0\u00a0\u00a0\u00a0 utilizzare il sito Web per trasferire o diffondere software dannoso o informazioni nocive o illegali;<\/p>\n<p>d)\u00a0\u00a0\u00a0\u00a0\u00a0\u00a0\u00a0\u00a0 ledere qualsiasi diritto di propriet\u00e0 intellettuale relativo agli elementi presenti sul sito Web;<\/p>\n<p>e)\u00a0\u00a0\u00a0\u00a0\u00a0\u00a0\u00a0\u00a0 inviare o trasferire messaggi non richiesti,<\/p>\n<p>f) \u00a0\u00a0\u00a0\u00a0\u00a0\u00a0\u00a0\u00a0 raccogliere o conservare dati personali relativi ad altri utenti, fatti salvi i casi in cui sia stata concessa un&#8217;autorizzazione specifica da tali utenti.<\/p>\n<p><strong>10. \u00a0\u00a0\u00a0\u00a0\u00a0 Cookie e tracking pixel<\/strong><\/p>\n<p>\u2018Durante la visita al sito Web\u00a0<a href=\"http:\/\/www.sospme.be\/\">www.belrobotics.com<\/a>\u00a0possono essere trasmessi ai computer degli Utenti &#8220;cookie&#8221; e &#8220;tracking pixel&#8221;..<\/p>\n<p>\u2018I &#8220;cookie&#8221; sono piccoli file, registrati sull&#8217;hard disk dell&#8217;utente su richiesta del server che gestisce il sito Web presso cui si sta navigando, che consentono di garantire un adeguato funzionamento tecnico del sito Web e un&#8217;esperienza di navigazione molto pi\u00f9 fluida.<\/p>\n<p>\u2018I &#8220;tracking pixel&#8221; sono piccole immagini elettroniche che consentono al sito Web di contare il numero di visitatori di ogni singola pagina. Le informazioni raccolte con i tracking pixel sono l&#8217;indirizzo IP del computer connesso, il nome del computer host, il nome e il numero di versione del sistema operativo e del browser Internet utilizzato.<\/p>\n<p>Gli Utenti del sito Web\u00a0<a href=\"http:\/\/www.sospme.be\/\">www.belrobotics.com<\/a>\u00a0potranno eliminare\/disattivare i &#8220;cookie&#8221; e i &#8220;tracking pixel&#8221; dai propri dischi rigidi e\/o configurare il browser con parametri che ne impediscano la ricezione. Il blocco dei &#8220;cookie&#8221; e\/o dei &#8220;tracking pixel&#8221; pu\u00f2 tuttavia rendere pi\u00f9 difficoltosa la navigazione sul sito.<\/p>\n<p><strong>11.\u00a0\u00a0\u00a0\u00a0\u00a0\u00a0 Limitazione della responsabilit\u00e0<\/strong><\/p>\n<p>In nessun caso YAMABIKO EUROPE potr\u00e0 essere ritenuta responsabile per perdite o danni diretti, indiretti, consequenziali, punitivi o particolari (ivi compresi, a titolo esemplificativo ma non limitativo, danni derivanti da lucro cessante, mancata conclusione di contratti, perdita di attivit\u00e0 commerciali, informazioni o altri dati contenuti nel sistema di gestione delle informazioni dell&#8217;Utente o da interruzioni dell&#8217;attivit\u00e0 commerciale) derivanti da, o correlati all&#8217;uso o all&#8217;impossibilit\u00e0 di utilizzare il sito Web, il relativo contenuto oppure in relazione ai suoi termini, anche qualora YAMABIKO EUROPE fosse stata informata della possibilit\u00e0 di tali danni.<\/p>\n<p>Oltre alle condizioni di cui sopra, YAMABIKO EUROPE non potr\u00e0 in alcun caso essere ritenuta responsabile di eventuali errori, inesattezze, omissioni o altri problemi o informazioni non tempestive o errate contenute nel presente sito.<\/p>\n<p>La responsabilit\u00e0 limitata si estende inoltre a tutti i siti Web di terzi.<\/p>\n<p><strong>12.\u00a0\u00a0\u00a0\u00a0\u00a0\u00a0 Diritto applicabile<\/strong><\/p>\n<p>Le Condizioni Generali d&#8217;Uso sono disciplinate dalla legge belga. Per qualsiasi controversia relativa all&#8217;interpretazione e\/o all&#8217;esecuzione saranno competenti i tribunali del distretto giudiziario di Nivelles, Belgio.<\/p>\n<p><strong>13.\u00a0\u00a0\u00a0\u00a0\u00a0\u00a0 Contatto<\/strong><\/p>\n<p>\u00c8 possibile contattare YAMABIKO EUROPE in relazione alle presenti Condizioni Generali d&#8217;Uso tramite l&#8217;indirizzo e-mail:\u00a0<a href=\"mailto:dataprivacy@yamabiko.eu\">dataprivacy@yamabiko.eu<\/a>\u00a0o utilizzando il modulo di contatto disponibile sul sito Web\u00a0<a href=\"http:\/\/www.sospme.be\/\">www.belrobotics.com<\/a>.<\/p>\n<p><strong>14. \u00a0\u00a0\u00a0\u00a0\u00a0 Editore del sito:<\/strong><\/p>\n<p>L&#8217;editore del sito Web\u00a0\u00a0<a href=\"http:\/\/www.sospme.be\/\">www.belrobotics.com<\/a>\u00a0\u00e8 YAMABIKO EUROPE S.A., con sede legale in Avenue Lavoisier 16 \/ B, 1300 Wavre, Belgio e registrata presso la Banque Carrefour des Entreprises con il numero B.C.E. 0477.194.468<\/p>\n<p><strong>15. \u00a0\u00a0\u00a0\u00a0\u00a0 Hosting:<\/strong><\/p>\n<p>Il sito Web\u00a0<a href=\"http:\/\/www.c-de-c.be\/\">www.belrobotics.com<\/a>\u00a0utilizza il servizio di hosting di: INFOMANIAK<\/p>\n","protected":false},"excerpt":{"rendered":"<p>SEDE CENTRALE: Avenue Lavoisier 35, 1300 Wavre, Belgio B.C.E. 0477.194.468 Telefono: +32 10 48 00 36 E-mail:\u00a0dataprivacy@yamabiko.eu CONDIZIONI PER L&#8217;UTILIZZO DEL SITO WEB\u00a0https:\/\/www.belrobotics.com &nbsp; 1.\u00a0\u00a0\u00a0\u00a0\u00a0\u00a0\u00a0\u00a0 Termini e condizioni oggettivi e generali per l&#8217;uso del sito Web YAMABIKO EUROPE offre servizi nell&#8217;area della vendita e della manutenzione di robot tagliaerba, tagliasiepi, soffiatori per foglie e motoseghe [&hellip;]<\/p>\n","protected":false},"author":9,"featured_media":0,"parent":0,"menu_order":0,"comment_status":"closed","ping_status":"closed","template":"","meta":{"_acf_changed":false,"footnotes":""},"class_list":["post-6146","page","type-page","status-publish","hentry"],"acf":[],"yoast_head":"<!-- This site is optimized with the Yoast SEO plugin v26.9 - https:\/\/yoast.com\/product\/yoast-seo-wordpress\/ -->\n<title>Limitazione di responsabilit\u00e0 - Belrobotics<\/title>\n<meta name=\"robots\" content=\"index, follow, max-snippet:-1, max-image-preview:large, max-video-preview:-1\" \/>\n<link rel=\"canonical\" href=\"https:\/\/www.belrobotics.com\/it-ch\/limitazione-di-responsabilita\/\" \/>\n<meta property=\"og:locale\" content=\"it_IT\" \/>\n<meta property=\"og:type\" content=\"article\" \/>\n<meta property=\"og:title\" content=\"Limitazione di responsabilit\u00e0 - Belrobotics\" \/>\n<meta property=\"og:description\" content=\"SEDE CENTRALE: Avenue Lavoisier 35, 1300 Wavre, Belgio B.C.E. 0477.194.468 Telefono: +32 10 48 00 36 E-mail:\u00a0dataprivacy@yamabiko.eu CONDIZIONI PER L&#8217;UTILIZZO DEL SITO WEB\u00a0https:\/\/www.belrobotics.com &nbsp; 1.\u00a0\u00a0\u00a0\u00a0\u00a0\u00a0\u00a0\u00a0 Termini e condizioni oggettivi e generali per l&#8217;uso del sito Web YAMABIKO EUROPE offre servizi nell&#8217;area della vendita e della manutenzione di robot tagliaerba, tagliasiepi, soffiatori per foglie e motoseghe [&hellip;]\" \/>\n<meta property=\"og:url\" content=\"https:\/\/www.belrobotics.com\/it-ch\/limitazione-di-responsabilita\/\" \/>\n<meta property=\"og:site_name\" content=\"Belrobotics\" \/>\n<meta property=\"article:publisher\" content=\"https:\/\/www.facebook.com\/belrobotics\" \/>\n<meta property=\"article:modified_time\" content=\"2020-06-25T09:41:09+00:00\" \/>\n<meta name=\"twitter:card\" content=\"summary_large_image\" \/>\n<meta name=\"twitter:label1\" content=\"Est. reading time\" \/>\n\t<meta name=\"twitter:data1\" content=\"7 minutes\" \/>\n<script type=\"application\/ld+json\" class=\"yoast-schema-graph\">{\"@context\":\"https:\/\/schema.org\",\"@graph\":[{\"@type\":\"WebPage\",\"@id\":\"https:\/\/www.belrobotics.com\/it-ch\/limitazione-di-responsabilita\/\",\"url\":\"https:\/\/www.belrobotics.com\/it-ch\/limitazione-di-responsabilita\/\",\"name\":\"Limitazione di responsabilit\u00e0 - Belrobotics\",\"isPartOf\":{\"@id\":\"https:\/\/www.belrobotics.com\/it-ch\/#website\"},\"datePublished\":\"2019-05-28T08:30:24+00:00\",\"dateModified\":\"2020-06-25T09:41:09+00:00\",\"breadcrumb\":{\"@id\":\"https:\/\/www.belrobotics.com\/it-ch\/limitazione-di-responsabilita\/#breadcrumb\"},\"inLanguage\":\"it-CH\",\"potentialAction\":[{\"@type\":\"ReadAction\",\"target\":[\"https:\/\/www.belrobotics.com\/it-ch\/limitazione-di-responsabilita\/\"]}]},{\"@type\":\"BreadcrumbList\",\"@id\":\"https:\/\/www.belrobotics.com\/it-ch\/limitazione-di-responsabilita\/#breadcrumb\",\"itemListElement\":[{\"@type\":\"ListItem\",\"position\":1,\"name\":\"Home\",\"item\":\"https:\/\/www.belrobotics.com\/it-ch\/\"},{\"@type\":\"ListItem\",\"position\":2,\"name\":\"Limitazione di responsabilit\u00e0\"}]},{\"@type\":\"WebSite\",\"@id\":\"https:\/\/www.belrobotics.com\/it-ch\/#website\",\"url\":\"https:\/\/www.belrobotics.com\/it-ch\/\",\"name\":\"Belrobotics\",\"description\":\"The grass masters\",\"publisher\":{\"@id\":\"https:\/\/www.belrobotics.com\/it-ch\/#organization\"},\"potentialAction\":[{\"@type\":\"SearchAction\",\"target\":{\"@type\":\"EntryPoint\",\"urlTemplate\":\"https:\/\/www.belrobotics.com\/it-ch\/?s={search_term_string}\"},\"query-input\":{\"@type\":\"PropertyValueSpecification\",\"valueRequired\":true,\"valueName\":\"search_term_string\"}}],\"inLanguage\":\"it-CH\"},{\"@type\":\"Organization\",\"@id\":\"https:\/\/www.belrobotics.com\/it-ch\/#organization\",\"name\":\"Belrobotics\",\"url\":\"https:\/\/www.belrobotics.com\/it-ch\/\",\"logo\":{\"@type\":\"ImageObject\",\"inLanguage\":\"it-CH\",\"@id\":\"https:\/\/www.belrobotics.com\/it-ch\/#\/schema\/logo\/image\/\",\"url\":\"https:\/\/www.belrobotics.com\/wp-content\/uploads\/2019\/01\/logo-belrobotics.svg\",\"contentUrl\":\"https:\/\/www.belrobotics.com\/wp-content\/uploads\/2019\/01\/logo-belrobotics.svg\",\"width\":100,\"height\":16,\"caption\":\"Belrobotics\"},\"image\":{\"@id\":\"https:\/\/www.belrobotics.com\/it-ch\/#\/schema\/logo\/image\/\"},\"sameAs\":[\"https:\/\/www.facebook.com\/belrobotics\",\"https:\/\/www.youtube.com\/channel\/UCYgWBPRzEdXmUqLRL0JbUIw\",\"https:\/\/www.instagram.com\/belrobotics_europe\/\"]}]}<\/script>\n<!-- \/ Yoast SEO plugin. -->","yoast_head_json":{"title":"Limitazione di responsabilit\u00e0 - Belrobotics","robots":{"index":"index","follow":"follow","max-snippet":"max-snippet:-1","max-image-preview":"max-image-preview:large","max-video-preview":"max-video-preview:-1"},"canonical":"https:\/\/www.belrobotics.com\/it-ch\/limitazione-di-responsabilita\/","og_locale":"it_IT","og_type":"article","og_title":"Limitazione di responsabilit\u00e0 - Belrobotics","og_description":"SEDE CENTRALE: Avenue Lavoisier 35, 1300 Wavre, Belgio B.C.E. 0477.194.468 Telefono: +32 10 48 00 36 E-mail:\u00a0dataprivacy@yamabiko.eu CONDIZIONI PER L&#8217;UTILIZZO DEL SITO WEB\u00a0https:\/\/www.belrobotics.com &nbsp; 1.\u00a0\u00a0\u00a0\u00a0\u00a0\u00a0\u00a0\u00a0 Termini e condizioni oggettivi e generali per l&#8217;uso del sito Web YAMABIKO EUROPE offre servizi nell&#8217;area della vendita e della manutenzione di robot tagliaerba, tagliasiepi, soffiatori per foglie e motoseghe [&hellip;]","og_url":"https:\/\/www.belrobotics.com\/it-ch\/limitazione-di-responsabilita\/","og_site_name":"Belrobotics","article_publisher":"https:\/\/www.facebook.com\/belrobotics","article_modified_time":"2020-06-25T09:41:09+00:00","twitter_card":"summary_large_image","twitter_misc":{"Est. reading time":"7 minutes"},"schema":{"@context":"https:\/\/schema.org","@graph":[{"@type":"WebPage","@id":"https:\/\/www.belrobotics.com\/it-ch\/limitazione-di-responsabilita\/","url":"https:\/\/www.belrobotics.com\/it-ch\/limitazione-di-responsabilita\/","name":"Limitazione di responsabilit\u00e0 - Belrobotics","isPartOf":{"@id":"https:\/\/www.belrobotics.com\/it-ch\/#website"},"datePublished":"2019-05-28T08:30:24+00:00","dateModified":"2020-06-25T09:41:09+00:00","breadcrumb":{"@id":"https:\/\/www.belrobotics.com\/it-ch\/limitazione-di-responsabilita\/#breadcrumb"},"inLanguage":"it-CH","potentialAction":[{"@type":"ReadAction","target":["https:\/\/www.belrobotics.com\/it-ch\/limitazione-di-responsabilita\/"]}]},{"@type":"BreadcrumbList","@id":"https:\/\/www.belrobotics.com\/it-ch\/limitazione-di-responsabilita\/#breadcrumb","itemListElement":[{"@type":"ListItem","position":1,"name":"Home","item":"https:\/\/www.belrobotics.com\/it-ch\/"},{"@type":"ListItem","position":2,"name":"Limitazione di responsabilit\u00e0"}]},{"@type":"WebSite","@id":"https:\/\/www.belrobotics.com\/it-ch\/#website","url":"https:\/\/www.belrobotics.com\/it-ch\/","name":"Belrobotics","description":"The grass masters","publisher":{"@id":"https:\/\/www.belrobotics.com\/it-ch\/#organization"},"potentialAction":[{"@type":"SearchAction","target":{"@type":"EntryPoint","urlTemplate":"https:\/\/www.belrobotics.com\/it-ch\/?s={search_term_string}"},"query-input":{"@type":"PropertyValueSpecification","valueRequired":true,"valueName":"search_term_string"}}],"inLanguage":"it-CH"},{"@type":"Organization","@id":"https:\/\/www.belrobotics.com\/it-ch\/#organization","name":"Belrobotics","url":"https:\/\/www.belrobotics.com\/it-ch\/","logo":{"@type":"ImageObject","inLanguage":"it-CH","@id":"https:\/\/www.belrobotics.com\/it-ch\/#\/schema\/logo\/image\/","url":"https:\/\/www.belrobotics.com\/wp-content\/uploads\/2019\/01\/logo-belrobotics.svg","contentUrl":"https:\/\/www.belrobotics.com\/wp-content\/uploads\/2019\/01\/logo-belrobotics.svg","width":100,"height":16,"caption":"Belrobotics"},"image":{"@id":"https:\/\/www.belrobotics.com\/it-ch\/#\/schema\/logo\/image\/"},"sameAs":["https:\/\/www.facebook.com\/belrobotics","https:\/\/www.youtube.com\/channel\/UCYgWBPRzEdXmUqLRL0JbUIw","https:\/\/www.instagram.com\/belrobotics_europe\/"]}]}},"_links":{"self":[{"href":"https:\/\/www.belrobotics.com\/it-ch\/wp-json\/wp\/v2\/pages\/6146","targetHints":{"allow":["GET"]}}],"collection":[{"href":"https:\/\/www.belrobotics.com\/it-ch\/wp-json\/wp\/v2\/pages"}],"about":[{"href":"https:\/\/www.belrobotics.com\/it-ch\/wp-json\/wp\/v2\/types\/page"}],"author":[{"embeddable":true,"href":"https:\/\/www.belrobotics.com\/it-ch\/wp-json\/wp\/v2\/users\/9"}],"replies":[{"embeddable":true,"href":"https:\/\/www.belrobotics.com\/it-ch\/wp-json\/wp\/v2\/comments?post=6146"}],"version-history":[{"count":0,"href":"https:\/\/www.belrobotics.com\/it-ch\/wp-json\/wp\/v2\/pages\/6146\/revisions"}],"wp:attachment":[{"href":"https:\/\/www.belrobotics.com\/it-ch\/wp-json\/wp\/v2\/media?parent=6146"}],"curies":[{"name":"wp","href":"https:\/\/api.w.org\/{rel}","templated":true}]}}