{"id":1017,"date":"2019-04-12T13:40:52","date_gmt":"2019-04-12T12:40:52","guid":{"rendered":"https:\/\/belrobotics.andromede.digital\/?page_id=1017"},"modified":"2023-07-06T08:34:28","modified_gmt":"2023-07-06T07:34:28","slug":"tondeuse-robot-grandes-surfaces","status":"publish","type":"page","link":"https:\/\/www.belrobotics.com\/fr\/tondeuse-robot-grandes-surfaces\/","title":{"rendered":"les Parcs et Jardins"},"content":{"rendered":"<h2 class=\"h3\">Confiez-lui vos terrains de grande dimension<\/h2>\n<p>La Parcmow est capable d\u2019entretenir jusqu\u2019\u00e0 <strong>12\u2009000 m\u00b2<\/strong> de <strong>pelouse<\/strong>. Ce qui fait d\u2019elle le <a href=\"https:\/\/www.belrobotics.com\/fr\/tondeuses-robots\/\">robot tondeuse<\/a> le mieux adapt\u00e9 aux organismes publics, aux entreprises et aux particuliers qui g\u00e8rent des <strong>parcs et des jardins jusqu\u2019\u00e0 120 ares<\/strong>. La Parcmow s\u2019occupera d\u2019entretenir vos terrains en autonomie compl\u00e8te. Attendez-vous \u00e0 des \u00e9conomies de temps et de budget sans pr\u00e9c\u00e9dent.<\/p>\n","protected":false},"excerpt":{"rendered":"<p>Confiez-lui vos terrains de grande dimension La Parcmow est capable d\u2019entretenir jusqu\u2019\u00e0 12\u2009000 m\u00b2 de pelouse. Ce qui fait d\u2019elle le robot tondeuse le mieux adapt\u00e9 aux organismes publics, aux entreprises et aux particuliers qui g\u00e8rent des parcs et des jardins jusqu\u2019\u00e0 120 ares. La Parcmow s\u2019occupera d\u2019entretenir vos terrains en autonomie compl\u00e8te. Attendez-vous \u00e0 [&hellip;]<\/p>\n","protected":false},"author":9,"featured_media":518,"parent":0,"menu_order":0,"comment_status":"closed","ping_status":"closed","template":"utilisation.php","meta":{"_acf_changed":false,"footnotes":""},"class_list":["post-1017","page","type-page","status-publish","has-post-thumbnail","hentry"],"acf":[],"yoast_head":"<!-- This site is optimized with the Yoast SEO plugin v26.9 - https:\/\/yoast.com\/product\/yoast-seo-wordpress\/ -->\n<title>Tondeuses robots grandes surfaces | parcs et jardins - Belrobotics<\/title>\n<meta name=\"description\" content=\"La Parcmow, capable d\u2019entretenir jusqu\u2019\u00e0 12\u2009000 m\u00b2, est le robot tondeuse le mieux adapt\u00e9 aux grandes surfaces, parcs ou jardins\u2009!\" \/>\n<meta name=\"robots\" content=\"index, follow, max-snippet:-1, max-image-preview:large, max-video-preview:-1\" \/>\n<link rel=\"canonical\" href=\"https:\/\/www.belrobotics.com\/fr\/tondeuse-robot-grandes-surfaces\/\" \/>\n<meta property=\"og:locale\" content=\"fr_FR\" \/>\n<meta property=\"og:type\" content=\"article\" \/>\n<meta property=\"og:title\" content=\"Tondeuses robots grandes surfaces | parcs et jardins - Belrobotics\" \/>\n<meta property=\"og:description\" content=\"La Parcmow, capable d\u2019entretenir jusqu\u2019\u00e0 12\u2009000 m\u00b2, est le robot tondeuse le mieux adapt\u00e9 aux grandes surfaces, parcs ou jardins\u2009!\" \/>\n<meta property=\"og:url\" content=\"https:\/\/www.belrobotics.com\/fr\/tondeuse-robot-grandes-surfaces\/\" \/>\n<meta property=\"og:site_name\" content=\"Belrobotics\" \/>\n<meta property=\"article:publisher\" content=\"https:\/\/www.facebook.com\/belrobotics\" \/>\n<meta property=\"article:modified_time\" content=\"2023-07-06T07:34:28+00:00\" \/>\n<meta property=\"og:image\" content=\"https:\/\/www.belrobotics.com\/wp-content\/uploads\/2019\/01\/belrobotics-HD_30-1024x683.jpg\" \/>\n\t<meta property=\"og:image:width\" content=\"1024\" \/>\n\t<meta property=\"og:image:height\" content=\"683\" \/>\n\t<meta property=\"og:image:type\" content=\"image\/jpeg\" \/>\n<meta name=\"twitter:card\" content=\"summary_large_image\" \/>\n<meta name=\"twitter:label1\" content=\"Dur\u00e9e de lecture estim\u00e9e\" \/>\n\t<meta name=\"twitter:data1\" content=\"1 minute\" \/>\n<script type=\"application\/ld+json\" class=\"yoast-schema-graph\">{\"@context\":\"https:\/\/schema.org\",\"@graph\":[{\"@type\":\"WebPage\",\"@id\":\"https:\/\/www.belrobotics.com\/fr\/tondeuse-robot-grandes-surfaces\/\",\"url\":\"https:\/\/www.belrobotics.com\/fr\/tondeuse-robot-grandes-surfaces\/\",\"name\":\"Tondeuses robots grandes surfaces | parcs et jardins - Belrobotics\",\"isPartOf\":{\"@id\":\"https:\/\/www.belrobotics.com\/fr\/#website\"},\"primaryImageOfPage\":{\"@id\":\"https:\/\/www.belrobotics.com\/fr\/tondeuse-robot-grandes-surfaces\/#primaryimage\"},\"image\":{\"@id\":\"https:\/\/www.belrobotics.com\/fr\/tondeuse-robot-grandes-surfaces\/#primaryimage\"},\"thumbnailUrl\":\"https:\/\/www.belrobotics.com\/wp-content\/uploads\/2019\/01\/belrobotics-HD_30.jpg\",\"datePublished\":\"2019-04-12T12:40:52+00:00\",\"dateModified\":\"2023-07-06T07:34:28+00:00\",\"description\":\"La Parcmow, capable d\u2019entretenir jusqu\u2019\u00e0 12\u2009000 m\u00b2, est le robot tondeuse le mieux adapt\u00e9 aux grandes surfaces, parcs ou jardins\u2009!\",\"breadcrumb\":{\"@id\":\"https:\/\/www.belrobotics.com\/fr\/tondeuse-robot-grandes-surfaces\/#breadcrumb\"},\"inLanguage\":\"fr-FR\",\"potentialAction\":[{\"@type\":\"ReadAction\",\"target\":[\"https:\/\/www.belrobotics.com\/fr\/tondeuse-robot-grandes-surfaces\/\"]}]},{\"@type\":\"ImageObject\",\"inLanguage\":\"fr-FR\",\"@id\":\"https:\/\/www.belrobotics.com\/fr\/tondeuse-robot-grandes-surfaces\/#primaryimage\",\"url\":\"https:\/\/www.belrobotics.com\/wp-content\/uploads\/2019\/01\/belrobotics-HD_30.jpg\",\"contentUrl\":\"https:\/\/www.belrobotics.com\/wp-content\/uploads\/2019\/01\/belrobotics-HD_30.jpg\",\"width\":4000,\"height\":2668},{\"@type\":\"BreadcrumbList\",\"@id\":\"https:\/\/www.belrobotics.com\/fr\/tondeuse-robot-grandes-surfaces\/#breadcrumb\",\"itemListElement\":[{\"@type\":\"ListItem\",\"position\":1,\"name\":\"Home\",\"item\":\"https:\/\/www.belrobotics.com\/fr\/\"},{\"@type\":\"ListItem\",\"position\":2,\"name\":\"les Parcs et Jardins\"}]},{\"@type\":\"WebSite\",\"@id\":\"https:\/\/www.belrobotics.com\/fr\/#website\",\"url\":\"https:\/\/www.belrobotics.com\/fr\/\",\"name\":\"Belrobotics\",\"description\":\"The grass masters\",\"publisher\":{\"@id\":\"https:\/\/www.belrobotics.com\/fr\/#organization\"},\"potentialAction\":[{\"@type\":\"SearchAction\",\"target\":{\"@type\":\"EntryPoint\",\"urlTemplate\":\"https:\/\/www.belrobotics.com\/fr\/?s={search_term_string}\"},\"query-input\":{\"@type\":\"PropertyValueSpecification\",\"valueRequired\":true,\"valueName\":\"search_term_string\"}}],\"inLanguage\":\"fr-FR\"},{\"@type\":\"Organization\",\"@id\":\"https:\/\/www.belrobotics.com\/fr\/#organization\",\"name\":\"Belrobotics\",\"url\":\"https:\/\/www.belrobotics.com\/fr\/\",\"logo\":{\"@type\":\"ImageObject\",\"inLanguage\":\"fr-FR\",\"@id\":\"https:\/\/www.belrobotics.com\/fr\/#\/schema\/logo\/image\/\",\"url\":\"https:\/\/www.belrobotics.com\/wp-content\/uploads\/2019\/01\/logo-belrobotics.svg\",\"contentUrl\":\"https:\/\/www.belrobotics.com\/wp-content\/uploads\/2019\/01\/logo-belrobotics.svg\",\"width\":100,\"height\":16,\"caption\":\"Belrobotics\"},\"image\":{\"@id\":\"https:\/\/www.belrobotics.com\/fr\/#\/schema\/logo\/image\/\"},\"sameAs\":[\"https:\/\/www.facebook.com\/belrobotics\",\"https:\/\/www.youtube.com\/channel\/UCYgWBPRzEdXmUqLRL0JbUIw\",\"https:\/\/www.instagram.com\/belrobotics_europe\/\"]}]}<\/script>\n<!-- \/ Yoast SEO plugin. -->","yoast_head_json":{"title":"Tondeuses robots grandes surfaces | parcs et jardins - Belrobotics","description":"La Parcmow, capable d\u2019entretenir jusqu\u2019\u00e0 12\u2009000 m\u00b2, est le robot tondeuse le mieux adapt\u00e9 aux grandes surfaces, parcs ou jardins\u2009!","robots":{"index":"index","follow":"follow","max-snippet":"max-snippet:-1","max-image-preview":"max-image-preview:large","max-video-preview":"max-video-preview:-1"},"canonical":"https:\/\/www.belrobotics.com\/fr\/tondeuse-robot-grandes-surfaces\/","og_locale":"fr_FR","og_type":"article","og_title":"Tondeuses robots grandes surfaces | parcs et jardins - Belrobotics","og_description":"La Parcmow, capable d\u2019entretenir jusqu\u2019\u00e0 12\u2009000 m\u00b2, est le robot tondeuse le mieux adapt\u00e9 aux grandes surfaces, parcs ou jardins\u2009!","og_url":"https:\/\/www.belrobotics.com\/fr\/tondeuse-robot-grandes-surfaces\/","og_site_name":"Belrobotics","article_publisher":"https:\/\/www.facebook.com\/belrobotics","article_modified_time":"2023-07-06T07:34:28+00:00","og_image":[{"width":1024,"height":683,"url":"https:\/\/www.belrobotics.com\/wp-content\/uploads\/2019\/01\/belrobotics-HD_30-1024x683.jpg","type":"image\/jpeg"}],"twitter_card":"summary_large_image","twitter_misc":{"Dur\u00e9e de lecture estim\u00e9e":"1 minute"},"schema":{"@context":"https:\/\/schema.org","@graph":[{"@type":"WebPage","@id":"https:\/\/www.belrobotics.com\/fr\/tondeuse-robot-grandes-surfaces\/","url":"https:\/\/www.belrobotics.com\/fr\/tondeuse-robot-grandes-surfaces\/","name":"Tondeuses robots grandes surfaces | parcs et jardins - Belrobotics","isPartOf":{"@id":"https:\/\/www.belrobotics.com\/fr\/#website"},"primaryImageOfPage":{"@id":"https:\/\/www.belrobotics.com\/fr\/tondeuse-robot-grandes-surfaces\/#primaryimage"},"image":{"@id":"https:\/\/www.belrobotics.com\/fr\/tondeuse-robot-grandes-surfaces\/#primaryimage"},"thumbnailUrl":"https:\/\/www.belrobotics.com\/wp-content\/uploads\/2019\/01\/belrobotics-HD_30.jpg","datePublished":"2019-04-12T12:40:52+00:00","dateModified":"2023-07-06T07:34:28+00:00","description":"La Parcmow, capable d\u2019entretenir jusqu\u2019\u00e0 12\u2009000 m\u00b2, est le robot tondeuse le mieux adapt\u00e9 aux grandes surfaces, parcs ou jardins\u2009!","breadcrumb":{"@id":"https:\/\/www.belrobotics.com\/fr\/tondeuse-robot-grandes-surfaces\/#breadcrumb"},"inLanguage":"fr-FR","potentialAction":[{"@type":"ReadAction","target":["https:\/\/www.belrobotics.com\/fr\/tondeuse-robot-grandes-surfaces\/"]}]},{"@type":"ImageObject","inLanguage":"fr-FR","@id":"https:\/\/www.belrobotics.com\/fr\/tondeuse-robot-grandes-surfaces\/#primaryimage","url":"https:\/\/www.belrobotics.com\/wp-content\/uploads\/2019\/01\/belrobotics-HD_30.jpg","contentUrl":"https:\/\/www.belrobotics.com\/wp-content\/uploads\/2019\/01\/belrobotics-HD_30.jpg","width":4000,"height":2668},{"@type":"BreadcrumbList","@id":"https:\/\/www.belrobotics.com\/fr\/tondeuse-robot-grandes-surfaces\/#breadcrumb","itemListElement":[{"@type":"ListItem","position":1,"name":"Home","item":"https:\/\/www.belrobotics.com\/fr\/"},{"@type":"ListItem","position":2,"name":"les Parcs et Jardins"}]},{"@type":"WebSite","@id":"https:\/\/www.belrobotics.com\/fr\/#website","url":"https:\/\/www.belrobotics.com\/fr\/","name":"Belrobotics","description":"The grass masters","publisher":{"@id":"https:\/\/www.belrobotics.com\/fr\/#organization"},"potentialAction":[{"@type":"SearchAction","target":{"@type":"EntryPoint","urlTemplate":"https:\/\/www.belrobotics.com\/fr\/?s={search_term_string}"},"query-input":{"@type":"PropertyValueSpecification","valueRequired":true,"valueName":"search_term_string"}}],"inLanguage":"fr-FR"},{"@type":"Organization","@id":"https:\/\/www.belrobotics.com\/fr\/#organization","name":"Belrobotics","url":"https:\/\/www.belrobotics.com\/fr\/","logo":{"@type":"ImageObject","inLanguage":"fr-FR","@id":"https:\/\/www.belrobotics.com\/fr\/#\/schema\/logo\/image\/","url":"https:\/\/www.belrobotics.com\/wp-content\/uploads\/2019\/01\/logo-belrobotics.svg","contentUrl":"https:\/\/www.belrobotics.com\/wp-content\/uploads\/2019\/01\/logo-belrobotics.svg","width":100,"height":16,"caption":"Belrobotics"},"image":{"@id":"https:\/\/www.belrobotics.com\/fr\/#\/schema\/logo\/image\/"},"sameAs":["https:\/\/www.facebook.com\/belrobotics","https:\/\/www.youtube.com\/channel\/UCYgWBPRzEdXmUqLRL0JbUIw","https:\/\/www.instagram.com\/belrobotics_europe\/"]}]}},"_links":{"self":[{"href":"https:\/\/www.belrobotics.com\/fr\/wp-json\/wp\/v2\/pages\/1017","targetHints":{"allow":["GET"]}}],"collection":[{"href":"https:\/\/www.belrobotics.com\/fr\/wp-json\/wp\/v2\/pages"}],"about":[{"href":"https:\/\/www.belrobotics.com\/fr\/wp-json\/wp\/v2\/types\/page"}],"author":[{"embeddable":true,"href":"https:\/\/www.belrobotics.com\/fr\/wp-json\/wp\/v2\/users\/9"}],"replies":[{"embeddable":true,"href":"https:\/\/www.belrobotics.com\/fr\/wp-json\/wp\/v2\/comments?post=1017"}],"version-history":[{"count":2,"href":"https:\/\/www.belrobotics.com\/fr\/wp-json\/wp\/v2\/pages\/1017\/revisions"}],"predecessor-version":[{"id":25206,"href":"https:\/\/www.belrobotics.com\/fr\/wp-json\/wp\/v2\/pages\/1017\/revisions\/25206"}],"wp:featuredmedia":[{"embeddable":true,"href":"https:\/\/www.belrobotics.com\/fr\/wp-json\/wp\/v2\/media\/518"}],"wp:attachment":[{"href":"https:\/\/www.belrobotics.com\/fr\/wp-json\/wp\/v2\/media?parent=1017"}],"curies":[{"name":"wp","href":"https:\/\/api.w.org\/{rel}","templated":true}]}}