{"id":42030,"date":"2025-08-12T10:16:31","date_gmt":"2025-08-12T09:16:31","guid":{"rendered":"https:\/\/www.belrobotics.com\/wisecut-hauteur-tonte-automatique\/"},"modified":"2025-08-13T15:37:38","modified_gmt":"2025-08-13T14:37:38","slug":"wisecut-hauteur-tonte-automatique","status":"publish","type":"page","link":"https:\/\/www.belrobotics.com\/fr-lu\/wisecut-hauteur-tonte-automatique\/","title":{"rendered":"Wisecut : Hauteur de coupe parfaite pour votre golf"},"content":{"rendered":"<h2 class=\"h3\">Hauteur et style de tonte automatiques<\/h2>\n<p>La nouvelle technologie Wisecut est une des nouvelles fonctionnalit\u00e9s de la mise \u00e0 jour software exclusive des robots tondeuses GPS-RTK. La hauteur de coupe et le style de tonte (en bandes, en spirales) s\u2019adaptent automatiquement selon vos crit\u00e8res aux diff\u00e9rentes zones du terrain. Rendu parfait sans aucun r\u00e9glage manuel.<\/p>\n<h2 class=\"h3\">R\u00e9sultats esth\u00e9tiques in\u00e9gal\u00e9s<\/h2>\n<p>Gr\u00e2ce \u00e0 Wisecut, chaque surface re\u00e7oit le traitement optimal selon son usage. Vos terrains de sport, vos parcs et vos grands espaces verts sont tondus \u00e0 la perfection. Pour les parcours de golf, chaque zone de jeu \u2013 tees, fairways, semi-roughs, roughs et avant-greens \u2013 b\u00e9n\u00e9ficie d&#8217;une tonte parfaitement adapt\u00e9e et automatis\u00e9e. La garantie d\u2019un r\u00e9sultat professionnel et esth\u00e9tique.<\/p>\n","protected":false},"excerpt":{"rendered":"<p>Hauteur et style de tonte automatiques La nouvelle technologie Wisecut est une des nouvelles fonctionnalit\u00e9s de la mise \u00e0 jour software exclusive des robots tondeuses GPS-RTK. La hauteur de coupe et le style de tonte (en bandes, en spirales) s\u2019adaptent automatiquement selon vos crit\u00e8res aux diff\u00e9rentes zones du terrain. Rendu parfait sans aucun r\u00e9glage manuel. [&hellip;]<\/p>\n","protected":false},"author":9,"featured_media":42012,"parent":0,"menu_order":0,"comment_status":"closed","ping_status":"closed","template":"wisecut.php","meta":{"_acf_changed":false,"footnotes":""},"class_list":["post-42030","page","type-page","status-publish","has-post-thumbnail","hentry"],"acf":[],"yoast_head":"<!-- This site is optimized with the Yoast SEO plugin v26.9 - https:\/\/yoast.com\/product\/yoast-seo-wordpress\/ -->\n<title>Wisecut : Hauteur de coupe parfaite pour votre golf - Belrobotics<\/title>\n<meta name=\"description\" content=\"D\u00e9couvrez Wisecut : la hauteur et le motif de tonte s\u2019ajustent automatiquement selon vos greens, tees et fairways. R\u00e9sultat impeccable, z\u00e9ro r\u00e9glage manuel.\" \/>\n<meta name=\"robots\" content=\"index, follow, max-snippet:-1, max-image-preview:large, max-video-preview:-1\" \/>\n<link rel=\"canonical\" href=\"https:\/\/www.belrobotics.com\/fr-lu\/wisecut-hauteur-tonte-automatique\/\" \/>\n<meta property=\"og:locale\" content=\"fr_FR\" \/>\n<meta property=\"og:type\" content=\"article\" \/>\n<meta property=\"og:title\" content=\"Wisecut : Hauteur de coupe parfaite pour votre golf - Belrobotics\" \/>\n<meta property=\"og:description\" content=\"D\u00e9couvrez Wisecut : la hauteur et le motif de tonte s\u2019ajustent automatiquement selon vos greens, tees et fairways. R\u00e9sultat impeccable, z\u00e9ro r\u00e9glage manuel.\" \/>\n<meta property=\"og:url\" content=\"https:\/\/www.belrobotics.com\/fr-lu\/wisecut-hauteur-tonte-automatique\/\" \/>\n<meta property=\"og:site_name\" content=\"Belrobotics\" \/>\n<meta property=\"article:publisher\" content=\"https:\/\/www.facebook.com\/belrobotics\" \/>\n<meta property=\"article:modified_time\" content=\"2025-08-13T14:37:38+00:00\" \/>\n<meta property=\"og:image\" content=\"https:\/\/www.belrobotics.com\/wp-content\/uploads\/2025\/08\/wisecut_page_hero.webp\" \/>\n\t<meta property=\"og:image:width\" content=\"1300\" \/>\n\t<meta property=\"og:image:height\" content=\"1079\" \/>\n\t<meta property=\"og:image:type\" content=\"image\/webp\" \/>\n<meta name=\"twitter:card\" content=\"summary_large_image\" \/>\n<meta name=\"twitter:label1\" content=\"Est. reading time\" \/>\n\t<meta name=\"twitter:data1\" content=\"6 minutes\" \/>\n<script type=\"application\/ld+json\" class=\"yoast-schema-graph\">{\"@context\":\"https:\/\/schema.org\",\"@graph\":[{\"@type\":\"WebPage\",\"@id\":\"https:\/\/www.belrobotics.com\/fr-lu\/wisecut-hauteur-tonte-automatique\/\",\"url\":\"https:\/\/www.belrobotics.com\/fr-lu\/wisecut-hauteur-tonte-automatique\/\",\"name\":\"Wisecut : Hauteur de coupe parfaite pour votre golf - Belrobotics\",\"isPartOf\":{\"@id\":\"https:\/\/www.belrobotics.com\/fr-lu\/#website\"},\"primaryImageOfPage\":{\"@id\":\"https:\/\/www.belrobotics.com\/fr-lu\/wisecut-hauteur-tonte-automatique\/#primaryimage\"},\"image\":{\"@id\":\"https:\/\/www.belrobotics.com\/fr-lu\/wisecut-hauteur-tonte-automatique\/#primaryimage\"},\"thumbnailUrl\":\"https:\/\/www.belrobotics.com\/wp-content\/uploads\/2025\/08\/wisecut_page_hero.webp\",\"datePublished\":\"2025-08-12T09:16:31+00:00\",\"dateModified\":\"2025-08-13T14:37:38+00:00\",\"description\":\"D\u00e9couvrez Wisecut : la hauteur et le motif de tonte s\u2019ajustent automatiquement selon vos greens, tees et fairways. R\u00e9sultat impeccable, z\u00e9ro r\u00e9glage manuel.\",\"breadcrumb\":{\"@id\":\"https:\/\/www.belrobotics.com\/fr-lu\/wisecut-hauteur-tonte-automatique\/#breadcrumb\"},\"inLanguage\":\"fr-LU\",\"potentialAction\":[{\"@type\":\"ReadAction\",\"target\":[\"https:\/\/www.belrobotics.com\/fr-lu\/wisecut-hauteur-tonte-automatique\/\"]}]},{\"@type\":\"ImageObject\",\"inLanguage\":\"fr-LU\",\"@id\":\"https:\/\/www.belrobotics.com\/fr-lu\/wisecut-hauteur-tonte-automatique\/#primaryimage\",\"url\":\"https:\/\/www.belrobotics.com\/wp-content\/uploads\/2025\/08\/wisecut_page_hero.webp\",\"contentUrl\":\"https:\/\/www.belrobotics.com\/wp-content\/uploads\/2025\/08\/wisecut_page_hero.webp\",\"width\":1300,\"height\":1079},{\"@type\":\"BreadcrumbList\",\"@id\":\"https:\/\/www.belrobotics.com\/fr-lu\/wisecut-hauteur-tonte-automatique\/#breadcrumb\",\"itemListElement\":[{\"@type\":\"ListItem\",\"position\":1,\"name\":\"Home\",\"item\":\"https:\/\/www.belrobotics.com\/fr-lu\/\"},{\"@type\":\"ListItem\",\"position\":2,\"name\":\"Wisecut : Hauteur de coupe parfaite pour votre golf\"}]},{\"@type\":\"WebSite\",\"@id\":\"https:\/\/www.belrobotics.com\/fr-lu\/#website\",\"url\":\"https:\/\/www.belrobotics.com\/fr-lu\/\",\"name\":\"Belrobotics\",\"description\":\"The grass masters\",\"publisher\":{\"@id\":\"https:\/\/www.belrobotics.com\/fr-lu\/#organization\"},\"potentialAction\":[{\"@type\":\"SearchAction\",\"target\":{\"@type\":\"EntryPoint\",\"urlTemplate\":\"https:\/\/www.belrobotics.com\/fr-lu\/?s={search_term_string}\"},\"query-input\":{\"@type\":\"PropertyValueSpecification\",\"valueRequired\":true,\"valueName\":\"search_term_string\"}}],\"inLanguage\":\"fr-LU\"},{\"@type\":\"Organization\",\"@id\":\"https:\/\/www.belrobotics.com\/fr-lu\/#organization\",\"name\":\"Belrobotics\",\"url\":\"https:\/\/www.belrobotics.com\/fr-lu\/\",\"logo\":{\"@type\":\"ImageObject\",\"inLanguage\":\"fr-LU\",\"@id\":\"https:\/\/www.belrobotics.com\/fr-lu\/#\/schema\/logo\/image\/\",\"url\":\"https:\/\/www.belrobotics.com\/wp-content\/uploads\/2019\/01\/logo-belrobotics.svg\",\"contentUrl\":\"https:\/\/www.belrobotics.com\/wp-content\/uploads\/2019\/01\/logo-belrobotics.svg\",\"width\":100,\"height\":16,\"caption\":\"Belrobotics\"},\"image\":{\"@id\":\"https:\/\/www.belrobotics.com\/fr-lu\/#\/schema\/logo\/image\/\"},\"sameAs\":[\"https:\/\/www.facebook.com\/belrobotics\",\"https:\/\/www.youtube.com\/channel\/UCYgWBPRzEdXmUqLRL0JbUIw\",\"https:\/\/www.instagram.com\/belrobotics_europe\/\"]}]}<\/script>\n<!-- \/ Yoast SEO plugin. -->","yoast_head_json":{"title":"Wisecut : Hauteur de coupe parfaite pour votre golf - Belrobotics","description":"D\u00e9couvrez Wisecut : la hauteur et le motif de tonte s\u2019ajustent automatiquement selon vos greens, tees et fairways. R\u00e9sultat impeccable, z\u00e9ro r\u00e9glage manuel.","robots":{"index":"index","follow":"follow","max-snippet":"max-snippet:-1","max-image-preview":"max-image-preview:large","max-video-preview":"max-video-preview:-1"},"canonical":"https:\/\/www.belrobotics.com\/fr-lu\/wisecut-hauteur-tonte-automatique\/","og_locale":"fr_FR","og_type":"article","og_title":"Wisecut : Hauteur de coupe parfaite pour votre golf - Belrobotics","og_description":"D\u00e9couvrez Wisecut : la hauteur et le motif de tonte s\u2019ajustent automatiquement selon vos greens, tees et fairways. R\u00e9sultat impeccable, z\u00e9ro r\u00e9glage manuel.","og_url":"https:\/\/www.belrobotics.com\/fr-lu\/wisecut-hauteur-tonte-automatique\/","og_site_name":"Belrobotics","article_publisher":"https:\/\/www.facebook.com\/belrobotics","article_modified_time":"2025-08-13T14:37:38+00:00","og_image":[{"width":1300,"height":1079,"url":"https:\/\/www.belrobotics.com\/wp-content\/uploads\/2025\/08\/wisecut_page_hero.webp","type":"image\/webp"}],"twitter_card":"summary_large_image","twitter_misc":{"Est. reading time":"6 minutes"},"schema":{"@context":"https:\/\/schema.org","@graph":[{"@type":"WebPage","@id":"https:\/\/www.belrobotics.com\/fr-lu\/wisecut-hauteur-tonte-automatique\/","url":"https:\/\/www.belrobotics.com\/fr-lu\/wisecut-hauteur-tonte-automatique\/","name":"Wisecut : Hauteur de coupe parfaite pour votre golf - Belrobotics","isPartOf":{"@id":"https:\/\/www.belrobotics.com\/fr-lu\/#website"},"primaryImageOfPage":{"@id":"https:\/\/www.belrobotics.com\/fr-lu\/wisecut-hauteur-tonte-automatique\/#primaryimage"},"image":{"@id":"https:\/\/www.belrobotics.com\/fr-lu\/wisecut-hauteur-tonte-automatique\/#primaryimage"},"thumbnailUrl":"https:\/\/www.belrobotics.com\/wp-content\/uploads\/2025\/08\/wisecut_page_hero.webp","datePublished":"2025-08-12T09:16:31+00:00","dateModified":"2025-08-13T14:37:38+00:00","description":"D\u00e9couvrez Wisecut : la hauteur et le motif de tonte s\u2019ajustent automatiquement selon vos greens, tees et fairways. R\u00e9sultat impeccable, z\u00e9ro r\u00e9glage manuel.","breadcrumb":{"@id":"https:\/\/www.belrobotics.com\/fr-lu\/wisecut-hauteur-tonte-automatique\/#breadcrumb"},"inLanguage":"fr-LU","potentialAction":[{"@type":"ReadAction","target":["https:\/\/www.belrobotics.com\/fr-lu\/wisecut-hauteur-tonte-automatique\/"]}]},{"@type":"ImageObject","inLanguage":"fr-LU","@id":"https:\/\/www.belrobotics.com\/fr-lu\/wisecut-hauteur-tonte-automatique\/#primaryimage","url":"https:\/\/www.belrobotics.com\/wp-content\/uploads\/2025\/08\/wisecut_page_hero.webp","contentUrl":"https:\/\/www.belrobotics.com\/wp-content\/uploads\/2025\/08\/wisecut_page_hero.webp","width":1300,"height":1079},{"@type":"BreadcrumbList","@id":"https:\/\/www.belrobotics.com\/fr-lu\/wisecut-hauteur-tonte-automatique\/#breadcrumb","itemListElement":[{"@type":"ListItem","position":1,"name":"Home","item":"https:\/\/www.belrobotics.com\/fr-lu\/"},{"@type":"ListItem","position":2,"name":"Wisecut : Hauteur de coupe parfaite pour votre golf"}]},{"@type":"WebSite","@id":"https:\/\/www.belrobotics.com\/fr-lu\/#website","url":"https:\/\/www.belrobotics.com\/fr-lu\/","name":"Belrobotics","description":"The grass masters","publisher":{"@id":"https:\/\/www.belrobotics.com\/fr-lu\/#organization"},"potentialAction":[{"@type":"SearchAction","target":{"@type":"EntryPoint","urlTemplate":"https:\/\/www.belrobotics.com\/fr-lu\/?s={search_term_string}"},"query-input":{"@type":"PropertyValueSpecification","valueRequired":true,"valueName":"search_term_string"}}],"inLanguage":"fr-LU"},{"@type":"Organization","@id":"https:\/\/www.belrobotics.com\/fr-lu\/#organization","name":"Belrobotics","url":"https:\/\/www.belrobotics.com\/fr-lu\/","logo":{"@type":"ImageObject","inLanguage":"fr-LU","@id":"https:\/\/www.belrobotics.com\/fr-lu\/#\/schema\/logo\/image\/","url":"https:\/\/www.belrobotics.com\/wp-content\/uploads\/2019\/01\/logo-belrobotics.svg","contentUrl":"https:\/\/www.belrobotics.com\/wp-content\/uploads\/2019\/01\/logo-belrobotics.svg","width":100,"height":16,"caption":"Belrobotics"},"image":{"@id":"https:\/\/www.belrobotics.com\/fr-lu\/#\/schema\/logo\/image\/"},"sameAs":["https:\/\/www.facebook.com\/belrobotics","https:\/\/www.youtube.com\/channel\/UCYgWBPRzEdXmUqLRL0JbUIw","https:\/\/www.instagram.com\/belrobotics_europe\/"]}]}},"_links":{"self":[{"href":"https:\/\/www.belrobotics.com\/fr-lu\/wp-json\/wp\/v2\/pages\/42030","targetHints":{"allow":["GET"]}}],"collection":[{"href":"https:\/\/www.belrobotics.com\/fr-lu\/wp-json\/wp\/v2\/pages"}],"about":[{"href":"https:\/\/www.belrobotics.com\/fr-lu\/wp-json\/wp\/v2\/types\/page"}],"author":[{"embeddable":true,"href":"https:\/\/www.belrobotics.com\/fr-lu\/wp-json\/wp\/v2\/users\/9"}],"replies":[{"embeddable":true,"href":"https:\/\/www.belrobotics.com\/fr-lu\/wp-json\/wp\/v2\/comments?post=42030"}],"version-history":[{"count":2,"href":"https:\/\/www.belrobotics.com\/fr-lu\/wp-json\/wp\/v2\/pages\/42030\/revisions"}],"predecessor-version":[{"id":42258,"href":"https:\/\/www.belrobotics.com\/fr-lu\/wp-json\/wp\/v2\/pages\/42030\/revisions\/42258"}],"wp:featuredmedia":[{"embeddable":true,"href":"https:\/\/www.belrobotics.com\/fr-lu\/wp-json\/wp\/v2\/media\/42012"}],"wp:attachment":[{"href":"https:\/\/www.belrobotics.com\/fr-lu\/wp-json\/wp\/v2\/media?parent=42030"}],"curies":[{"name":"wp","href":"https:\/\/api.w.org\/{rel}","templated":true}]}}