{"id":24025,"date":"2023-05-26T10:09:41","date_gmt":"2023-05-26T09:09:41","guid":{"rendered":"https:\/\/belrobotics.andromede.digital\/?page_id=24025"},"modified":"2023-06-26T11:38:23","modified_gmt":"2023-06-26T10:38:23","slug":"wisenav-tondeuse-robot-gps-rtk-sans-fil-peripherique","status":"publish","type":"page","link":"https:\/\/www.belrobotics.com\/fr-lu\/wisenav-tondeuse-robot-gps-rtk-sans-fil-peripherique\/","title":{"rendered":"WiseNav\u00a0: tondeuse robot GPS-RTK sans fil p\u00e9riph\u00e9rique"},"content":{"rendered":"<h3 class=\"p1\">Tonte syst\u00e9matique en bandes en mode full GPS<\/h3>\n<p class=\"p3\">La technologie embarqu\u00e9e GPS-RTK permet d\u00e9j\u00e0 de tondre en bandes syst\u00e9matiques. Gr\u00e2ce \u00e0 la mise \u00e0 jour WiseNav, votre robot passe au niveau sup\u00e9rieur de pr\u00e9cision et navigue sans fil p\u00e9riph\u00e9rique.. Trois fois plus de capacit\u00e9 de tonte et diminution drastique de votre charge de travail. \u00c9galement disponible pour les ramasseurs de balles de golf.<\/p>\n<h3 class=\"p1\">La mise \u00e0 jour que vous attendiez<\/h3>\n<p class=\"p3\">Greenkeeper, gestionnaire de terrain de foot, manager de terrains de sport, responsable des espaces verts\u2026 en tant que professionnels du gazon vous cherchez \u00e0 optimiser la gestion et l\u2019entretien de vos terrains. D\u00e9couvrez la derni\u00e8re mise \u00e0 jour gratuite de vos robots GPS-RTK Belrobotics\u00a0: tonte centim\u00e9trique en bandes sans fil p\u00e9riph\u00e9rique.<\/p>\n","protected":false},"excerpt":{"rendered":"<p>Tonte syst\u00e9matique en bandes en mode full GPS La technologie embarqu\u00e9e GPS-RTK permet d\u00e9j\u00e0 de tondre en bandes syst\u00e9matiques. Gr\u00e2ce \u00e0 la mise \u00e0 jour WiseNav, votre robot passe au niveau sup\u00e9rieur de pr\u00e9cision et navigue sans fil p\u00e9riph\u00e9rique.. Trois fois plus de capacit\u00e9 de tonte et diminution drastique de votre charge de travail. \u00c9galement [&hellip;]<\/p>\n","protected":false},"author":9,"featured_media":23957,"parent":0,"menu_order":0,"comment_status":"closed","ping_status":"closed","template":"wisenav.php","meta":{"_acf_changed":false,"footnotes":""},"class_list":["post-24025","page","type-page","status-publish","has-post-thumbnail","hentry"],"acf":[],"yoast_head":"<!-- This site is optimized with the Yoast SEO plugin v26.9 - https:\/\/yoast.com\/product\/yoast-seo-wordpress\/ -->\n<title>WiseNav : technologie sans fil p\u00e9riph\u00e9rique | Belrobotics - Belrobotics<\/title>\n<meta name=\"description\" content=\"La technologie sans fil p\u00e9riph\u00e9rique WiseNav des robots tondeuses Belrobotics GPS-RTK r\u00e9volutionne la tonte syst\u00e9matique en bandes\" \/>\n<meta name=\"robots\" content=\"index, follow, max-snippet:-1, max-image-preview:large, max-video-preview:-1\" \/>\n<link rel=\"canonical\" href=\"https:\/\/www.belrobotics.com\/fr-lu\/wisenav-tondeuse-robot-gps-rtk-sans-fil-peripherique\/\" \/>\n<meta property=\"og:locale\" content=\"fr_FR\" \/>\n<meta property=\"og:type\" content=\"article\" \/>\n<meta property=\"og:title\" content=\"WiseNav : technologie sans fil p\u00e9riph\u00e9rique | Belrobotics - Belrobotics\" \/>\n<meta property=\"og:description\" content=\"La technologie sans fil p\u00e9riph\u00e9rique WiseNav des robots tondeuses Belrobotics GPS-RTK r\u00e9volutionne la tonte syst\u00e9matique en bandes\" \/>\n<meta property=\"og:url\" content=\"https:\/\/www.belrobotics.com\/fr-lu\/wisenav-tondeuse-robot-gps-rtk-sans-fil-peripherique\/\" \/>\n<meta property=\"og:site_name\" content=\"Belrobotics\" \/>\n<meta property=\"article:publisher\" content=\"https:\/\/www.facebook.com\/belrobotics\" \/>\n<meta property=\"article:modified_time\" content=\"2023-06-26T10:38:23+00:00\" \/>\n<meta property=\"og:image\" content=\"https:\/\/www.belrobotics.com\/wp-content\/uploads\/2023\/05\/wisenav_header_bg_only.webp\" \/>\n\t<meta property=\"og:image:width\" content=\"1000\" \/>\n\t<meta property=\"og:image:height\" content=\"683\" \/>\n\t<meta property=\"og:image:type\" content=\"image\/webp\" \/>\n<meta name=\"twitter:card\" content=\"summary_large_image\" \/>\n<meta name=\"twitter:label1\" content=\"Est. reading time\" \/>\n\t<meta name=\"twitter:data1\" content=\"1 minute\" \/>\n<script type=\"application\/ld+json\" class=\"yoast-schema-graph\">{\"@context\":\"https:\/\/schema.org\",\"@graph\":[{\"@type\":\"WebPage\",\"@id\":\"https:\/\/www.belrobotics.com\/fr-lu\/wisenav-tondeuse-robot-gps-rtk-sans-fil-peripherique\/\",\"url\":\"https:\/\/www.belrobotics.com\/fr-lu\/wisenav-tondeuse-robot-gps-rtk-sans-fil-peripherique\/\",\"name\":\"WiseNav : technologie sans fil p\u00e9riph\u00e9rique | Belrobotics - Belrobotics\",\"isPartOf\":{\"@id\":\"https:\/\/www.belrobotics.com\/fr-lu\/#website\"},\"primaryImageOfPage\":{\"@id\":\"https:\/\/www.belrobotics.com\/fr-lu\/wisenav-tondeuse-robot-gps-rtk-sans-fil-peripherique\/#primaryimage\"},\"image\":{\"@id\":\"https:\/\/www.belrobotics.com\/fr-lu\/wisenav-tondeuse-robot-gps-rtk-sans-fil-peripherique\/#primaryimage\"},\"thumbnailUrl\":\"https:\/\/www.belrobotics.com\/wp-content\/uploads\/2023\/05\/wisenav_header_bg_only.webp\",\"datePublished\":\"2023-05-26T09:09:41+00:00\",\"dateModified\":\"2023-06-26T10:38:23+00:00\",\"description\":\"La technologie sans fil p\u00e9riph\u00e9rique WiseNav des robots tondeuses Belrobotics GPS-RTK r\u00e9volutionne la tonte syst\u00e9matique en bandes\",\"breadcrumb\":{\"@id\":\"https:\/\/www.belrobotics.com\/fr-lu\/wisenav-tondeuse-robot-gps-rtk-sans-fil-peripherique\/#breadcrumb\"},\"inLanguage\":\"fr-LU\",\"potentialAction\":[{\"@type\":\"ReadAction\",\"target\":[\"https:\/\/www.belrobotics.com\/fr-lu\/wisenav-tondeuse-robot-gps-rtk-sans-fil-peripherique\/\"]}]},{\"@type\":\"ImageObject\",\"inLanguage\":\"fr-LU\",\"@id\":\"https:\/\/www.belrobotics.com\/fr-lu\/wisenav-tondeuse-robot-gps-rtk-sans-fil-peripherique\/#primaryimage\",\"url\":\"https:\/\/www.belrobotics.com\/wp-content\/uploads\/2023\/05\/wisenav_header_bg_only.webp\",\"contentUrl\":\"https:\/\/www.belrobotics.com\/wp-content\/uploads\/2023\/05\/wisenav_header_bg_only.webp\",\"width\":1000,\"height\":683},{\"@type\":\"BreadcrumbList\",\"@id\":\"https:\/\/www.belrobotics.com\/fr-lu\/wisenav-tondeuse-robot-gps-rtk-sans-fil-peripherique\/#breadcrumb\",\"itemListElement\":[{\"@type\":\"ListItem\",\"position\":1,\"name\":\"Home\",\"item\":\"https:\/\/www.belrobotics.com\/fr-lu\/\"},{\"@type\":\"ListItem\",\"position\":2,\"name\":\"WiseNav\u00a0: tondeuse robot GPS-RTK sans fil p\u00e9riph\u00e9rique\"}]},{\"@type\":\"WebSite\",\"@id\":\"https:\/\/www.belrobotics.com\/fr-lu\/#website\",\"url\":\"https:\/\/www.belrobotics.com\/fr-lu\/\",\"name\":\"Belrobotics\",\"description\":\"The grass masters\",\"publisher\":{\"@id\":\"https:\/\/www.belrobotics.com\/fr-lu\/#organization\"},\"potentialAction\":[{\"@type\":\"SearchAction\",\"target\":{\"@type\":\"EntryPoint\",\"urlTemplate\":\"https:\/\/www.belrobotics.com\/fr-lu\/?s={search_term_string}\"},\"query-input\":{\"@type\":\"PropertyValueSpecification\",\"valueRequired\":true,\"valueName\":\"search_term_string\"}}],\"inLanguage\":\"fr-LU\"},{\"@type\":\"Organization\",\"@id\":\"https:\/\/www.belrobotics.com\/fr-lu\/#organization\",\"name\":\"Belrobotics\",\"url\":\"https:\/\/www.belrobotics.com\/fr-lu\/\",\"logo\":{\"@type\":\"ImageObject\",\"inLanguage\":\"fr-LU\",\"@id\":\"https:\/\/www.belrobotics.com\/fr-lu\/#\/schema\/logo\/image\/\",\"url\":\"https:\/\/www.belrobotics.com\/wp-content\/uploads\/2019\/01\/logo-belrobotics.svg\",\"contentUrl\":\"https:\/\/www.belrobotics.com\/wp-content\/uploads\/2019\/01\/logo-belrobotics.svg\",\"width\":100,\"height\":16,\"caption\":\"Belrobotics\"},\"image\":{\"@id\":\"https:\/\/www.belrobotics.com\/fr-lu\/#\/schema\/logo\/image\/\"},\"sameAs\":[\"https:\/\/www.facebook.com\/belrobotics\",\"https:\/\/www.youtube.com\/channel\/UCYgWBPRzEdXmUqLRL0JbUIw\",\"https:\/\/www.instagram.com\/belrobotics_europe\/\"]}]}<\/script>\n<!-- \/ Yoast SEO plugin. -->","yoast_head_json":{"title":"WiseNav : technologie sans fil p\u00e9riph\u00e9rique | Belrobotics - Belrobotics","description":"La technologie sans fil p\u00e9riph\u00e9rique WiseNav des robots tondeuses Belrobotics GPS-RTK r\u00e9volutionne la tonte syst\u00e9matique en bandes","robots":{"index":"index","follow":"follow","max-snippet":"max-snippet:-1","max-image-preview":"max-image-preview:large","max-video-preview":"max-video-preview:-1"},"canonical":"https:\/\/www.belrobotics.com\/fr-lu\/wisenav-tondeuse-robot-gps-rtk-sans-fil-peripherique\/","og_locale":"fr_FR","og_type":"article","og_title":"WiseNav : technologie sans fil p\u00e9riph\u00e9rique | Belrobotics - Belrobotics","og_description":"La technologie sans fil p\u00e9riph\u00e9rique WiseNav des robots tondeuses Belrobotics GPS-RTK r\u00e9volutionne la tonte syst\u00e9matique en bandes","og_url":"https:\/\/www.belrobotics.com\/fr-lu\/wisenav-tondeuse-robot-gps-rtk-sans-fil-peripherique\/","og_site_name":"Belrobotics","article_publisher":"https:\/\/www.facebook.com\/belrobotics","article_modified_time":"2023-06-26T10:38:23+00:00","og_image":[{"width":1000,"height":683,"url":"https:\/\/www.belrobotics.com\/wp-content\/uploads\/2023\/05\/wisenav_header_bg_only.webp","type":"image\/webp"}],"twitter_card":"summary_large_image","twitter_misc":{"Est. reading time":"1 minute"},"schema":{"@context":"https:\/\/schema.org","@graph":[{"@type":"WebPage","@id":"https:\/\/www.belrobotics.com\/fr-lu\/wisenav-tondeuse-robot-gps-rtk-sans-fil-peripherique\/","url":"https:\/\/www.belrobotics.com\/fr-lu\/wisenav-tondeuse-robot-gps-rtk-sans-fil-peripherique\/","name":"WiseNav : technologie sans fil p\u00e9riph\u00e9rique | Belrobotics - Belrobotics","isPartOf":{"@id":"https:\/\/www.belrobotics.com\/fr-lu\/#website"},"primaryImageOfPage":{"@id":"https:\/\/www.belrobotics.com\/fr-lu\/wisenav-tondeuse-robot-gps-rtk-sans-fil-peripherique\/#primaryimage"},"image":{"@id":"https:\/\/www.belrobotics.com\/fr-lu\/wisenav-tondeuse-robot-gps-rtk-sans-fil-peripherique\/#primaryimage"},"thumbnailUrl":"https:\/\/www.belrobotics.com\/wp-content\/uploads\/2023\/05\/wisenav_header_bg_only.webp","datePublished":"2023-05-26T09:09:41+00:00","dateModified":"2023-06-26T10:38:23+00:00","description":"La technologie sans fil p\u00e9riph\u00e9rique WiseNav des robots tondeuses Belrobotics GPS-RTK r\u00e9volutionne la tonte syst\u00e9matique en bandes","breadcrumb":{"@id":"https:\/\/www.belrobotics.com\/fr-lu\/wisenav-tondeuse-robot-gps-rtk-sans-fil-peripherique\/#breadcrumb"},"inLanguage":"fr-LU","potentialAction":[{"@type":"ReadAction","target":["https:\/\/www.belrobotics.com\/fr-lu\/wisenav-tondeuse-robot-gps-rtk-sans-fil-peripherique\/"]}]},{"@type":"ImageObject","inLanguage":"fr-LU","@id":"https:\/\/www.belrobotics.com\/fr-lu\/wisenav-tondeuse-robot-gps-rtk-sans-fil-peripherique\/#primaryimage","url":"https:\/\/www.belrobotics.com\/wp-content\/uploads\/2023\/05\/wisenav_header_bg_only.webp","contentUrl":"https:\/\/www.belrobotics.com\/wp-content\/uploads\/2023\/05\/wisenav_header_bg_only.webp","width":1000,"height":683},{"@type":"BreadcrumbList","@id":"https:\/\/www.belrobotics.com\/fr-lu\/wisenav-tondeuse-robot-gps-rtk-sans-fil-peripherique\/#breadcrumb","itemListElement":[{"@type":"ListItem","position":1,"name":"Home","item":"https:\/\/www.belrobotics.com\/fr-lu\/"},{"@type":"ListItem","position":2,"name":"WiseNav\u00a0: tondeuse robot GPS-RTK sans fil p\u00e9riph\u00e9rique"}]},{"@type":"WebSite","@id":"https:\/\/www.belrobotics.com\/fr-lu\/#website","url":"https:\/\/www.belrobotics.com\/fr-lu\/","name":"Belrobotics","description":"The grass masters","publisher":{"@id":"https:\/\/www.belrobotics.com\/fr-lu\/#organization"},"potentialAction":[{"@type":"SearchAction","target":{"@type":"EntryPoint","urlTemplate":"https:\/\/www.belrobotics.com\/fr-lu\/?s={search_term_string}"},"query-input":{"@type":"PropertyValueSpecification","valueRequired":true,"valueName":"search_term_string"}}],"inLanguage":"fr-LU"},{"@type":"Organization","@id":"https:\/\/www.belrobotics.com\/fr-lu\/#organization","name":"Belrobotics","url":"https:\/\/www.belrobotics.com\/fr-lu\/","logo":{"@type":"ImageObject","inLanguage":"fr-LU","@id":"https:\/\/www.belrobotics.com\/fr-lu\/#\/schema\/logo\/image\/","url":"https:\/\/www.belrobotics.com\/wp-content\/uploads\/2019\/01\/logo-belrobotics.svg","contentUrl":"https:\/\/www.belrobotics.com\/wp-content\/uploads\/2019\/01\/logo-belrobotics.svg","width":100,"height":16,"caption":"Belrobotics"},"image":{"@id":"https:\/\/www.belrobotics.com\/fr-lu\/#\/schema\/logo\/image\/"},"sameAs":["https:\/\/www.facebook.com\/belrobotics","https:\/\/www.youtube.com\/channel\/UCYgWBPRzEdXmUqLRL0JbUIw","https:\/\/www.instagram.com\/belrobotics_europe\/"]}]}},"_links":{"self":[{"href":"https:\/\/www.belrobotics.com\/fr-lu\/wp-json\/wp\/v2\/pages\/24025","targetHints":{"allow":["GET"]}}],"collection":[{"href":"https:\/\/www.belrobotics.com\/fr-lu\/wp-json\/wp\/v2\/pages"}],"about":[{"href":"https:\/\/www.belrobotics.com\/fr-lu\/wp-json\/wp\/v2\/types\/page"}],"author":[{"embeddable":true,"href":"https:\/\/www.belrobotics.com\/fr-lu\/wp-json\/wp\/v2\/users\/9"}],"replies":[{"embeddable":true,"href":"https:\/\/www.belrobotics.com\/fr-lu\/wp-json\/wp\/v2\/comments?post=24025"}],"version-history":[{"count":4,"href":"https:\/\/www.belrobotics.com\/fr-lu\/wp-json\/wp\/v2\/pages\/24025\/revisions"}],"predecessor-version":[{"id":24500,"href":"https:\/\/www.belrobotics.com\/fr-lu\/wp-json\/wp\/v2\/pages\/24025\/revisions\/24500"}],"wp:featuredmedia":[{"embeddable":true,"href":"https:\/\/www.belrobotics.com\/fr-lu\/wp-json\/wp\/v2\/media\/23957"}],"wp:attachment":[{"href":"https:\/\/www.belrobotics.com\/fr-lu\/wp-json\/wp\/v2\/media?parent=24025"}],"curies":[{"name":"wp","href":"https:\/\/api.w.org\/{rel}","templated":true}]}}