{"id":1508,"date":"2019-01-21T15:02:36","date_gmt":"2019-01-21T14:02:36","guid":{"rendered":"https:\/\/belrobotics.andromede.digital\/avantages\/"},"modified":"2022-02-09T13:45:42","modified_gmt":"2022-02-09T12:45:42","slug":"avantages-robot-tondeuse","status":"publish","type":"page","link":"https:\/\/www.belrobotics.com\/fr-lu\/avantages-robot-tondeuse\/","title":{"rendered":"Les avantages de nos tondeuses robots"},"content":{"rendered":"<h3>Une coupe parfaite en mode automatique<\/h3>\n<p>D\u00e9sormais, ce n\u2019est plus l\u2019\u00e9tendue de la superficie \u00e0 tondre, ni la qualit\u00e9 du r\u00e9sultat \u00e0 obtenir, ni m\u00eame la configuration du terrain qui doivent s\u2019imposer \u00e0 vous.<\/p>\n<p>Belrobotics conna\u00eet les exigences des professionnels et des amoureux de belles pelouses. Nos solutions robotis\u00e9es r\u00e9duisent consid\u00e9rablement votre temps de travail, garantissent une qualit\u00e9 de pelouse in\u00e9gal\u00e9e et s\u2019inscrivent dans une vision de durabilit\u00e9. Les tondeuses automatiques de Belrobotics sont d\u00e9j\u00e0 au service de milliers de professionnels, de clubs sportifs, et de propri\u00e9taires de domaine. Une endurance sans pr\u00e9c\u00e9dent dans des infrastructures priv\u00e9es et publiques.<\/p>\n","protected":false},"excerpt":{"rendered":"<p>Une coupe parfaite en mode automatique D\u00e9sormais, ce n\u2019est plus l\u2019\u00e9tendue de la superficie \u00e0 tondre, ni la qualit\u00e9 du r\u00e9sultat \u00e0 obtenir, ni m\u00eame la configuration du terrain qui doivent s\u2019imposer \u00e0 vous. Belrobotics conna\u00eet les exigences des professionnels et des amoureux de belles pelouses. Nos solutions robotis\u00e9es r\u00e9duisent consid\u00e9rablement votre temps de travail, [&hellip;]<\/p>\n","protected":false},"author":9,"featured_media":1369,"parent":0,"menu_order":0,"comment_status":"closed","ping_status":"closed","template":"avantages.php","meta":{"_acf_changed":false,"footnotes":""},"class_list":["post-1508","page","type-page","status-publish","has-post-thumbnail","hentry"],"acf":[],"yoast_head":"<!-- This site is optimized with the Yoast SEO plugin v26.9 - https:\/\/yoast.com\/product\/yoast-seo-wordpress\/ -->\n<title>Les avantages de nos robots tondeuses - Belrobotics<\/title>\n<meta name=\"description\" content=\"Belrobotics conna\u00eet les exigences des professionnels et des amoureux des pelouses. Nos solutions robotis\u00e9es vous offrent nombre d\u2019avantages : d\u00e9couvrez-les\u2009!\" \/>\n<meta name=\"robots\" content=\"index, follow, max-snippet:-1, max-image-preview:large, max-video-preview:-1\" \/>\n<link rel=\"canonical\" href=\"https:\/\/www.belrobotics.com\/fr-lu\/avantages-robot-tondeuse\/\" \/>\n<meta property=\"og:locale\" content=\"fr_FR\" \/>\n<meta property=\"og:type\" content=\"article\" \/>\n<meta property=\"og:title\" content=\"Les avantages de nos robots tondeuses - Belrobotics\" \/>\n<meta property=\"og:description\" content=\"Belrobotics conna\u00eet les exigences des professionnels et des amoureux des pelouses. Nos solutions robotis\u00e9es vous offrent nombre d\u2019avantages : d\u00e9couvrez-les\u2009!\" \/>\n<meta property=\"og:url\" content=\"https:\/\/www.belrobotics.com\/fr-lu\/avantages-robot-tondeuse\/\" \/>\n<meta property=\"og:site_name\" content=\"Belrobotics\" \/>\n<meta property=\"article:publisher\" content=\"https:\/\/www.facebook.com\/belrobotics\" \/>\n<meta property=\"article:modified_time\" content=\"2022-02-09T12:45:42+00:00\" \/>\n<meta property=\"og:image\" content=\"https:\/\/www.belrobotics.com\/wp-content\/uploads\/2019\/01\/big-mow-action-4-1.jpg\" \/>\n\t<meta property=\"og:image:width\" content=\"2251\" \/>\n\t<meta property=\"og:image:height\" content=\"1745\" \/>\n\t<meta property=\"og:image:type\" content=\"image\/jpeg\" \/>\n<meta name=\"twitter:card\" content=\"summary_large_image\" \/>\n<meta name=\"twitter:label1\" content=\"Est. reading time\" \/>\n\t<meta name=\"twitter:data1\" content=\"1 minute\" \/>\n<script type=\"application\/ld+json\" class=\"yoast-schema-graph\">{\"@context\":\"https:\/\/schema.org\",\"@graph\":[{\"@type\":\"WebPage\",\"@id\":\"https:\/\/www.belrobotics.com\/fr-lu\/avantages-robot-tondeuse\/\",\"url\":\"https:\/\/www.belrobotics.com\/fr-lu\/avantages-robot-tondeuse\/\",\"name\":\"Les avantages de nos robots tondeuses - Belrobotics\",\"isPartOf\":{\"@id\":\"https:\/\/www.belrobotics.com\/fr-lu\/#website\"},\"primaryImageOfPage\":{\"@id\":\"https:\/\/www.belrobotics.com\/fr-lu\/avantages-robot-tondeuse\/#primaryimage\"},\"image\":{\"@id\":\"https:\/\/www.belrobotics.com\/fr-lu\/avantages-robot-tondeuse\/#primaryimage\"},\"thumbnailUrl\":\"https:\/\/www.belrobotics.com\/wp-content\/uploads\/2019\/01\/big-mow-action-4-1.jpg\",\"datePublished\":\"2019-01-21T14:02:36+00:00\",\"dateModified\":\"2022-02-09T12:45:42+00:00\",\"description\":\"Belrobotics conna\u00eet les exigences des professionnels et des amoureux des pelouses. Nos solutions robotis\u00e9es vous offrent nombre d\u2019avantages : d\u00e9couvrez-les\u2009!\",\"breadcrumb\":{\"@id\":\"https:\/\/www.belrobotics.com\/fr-lu\/avantages-robot-tondeuse\/#breadcrumb\"},\"inLanguage\":\"fr-LU\",\"potentialAction\":[{\"@type\":\"ReadAction\",\"target\":[\"https:\/\/www.belrobotics.com\/fr-lu\/avantages-robot-tondeuse\/\"]}]},{\"@type\":\"ImageObject\",\"inLanguage\":\"fr-LU\",\"@id\":\"https:\/\/www.belrobotics.com\/fr-lu\/avantages-robot-tondeuse\/#primaryimage\",\"url\":\"https:\/\/www.belrobotics.com\/wp-content\/uploads\/2019\/01\/big-mow-action-4-1.jpg\",\"contentUrl\":\"https:\/\/www.belrobotics.com\/wp-content\/uploads\/2019\/01\/big-mow-action-4-1.jpg\",\"width\":2251,\"height\":1745},{\"@type\":\"BreadcrumbList\",\"@id\":\"https:\/\/www.belrobotics.com\/fr-lu\/avantages-robot-tondeuse\/#breadcrumb\",\"itemListElement\":[{\"@type\":\"ListItem\",\"position\":1,\"name\":\"Home\",\"item\":\"https:\/\/www.belrobotics.com\/fr-lu\/\"},{\"@type\":\"ListItem\",\"position\":2,\"name\":\"Les avantages de nos tondeuses robots\"}]},{\"@type\":\"WebSite\",\"@id\":\"https:\/\/www.belrobotics.com\/fr-lu\/#website\",\"url\":\"https:\/\/www.belrobotics.com\/fr-lu\/\",\"name\":\"Belrobotics\",\"description\":\"The grass masters\",\"publisher\":{\"@id\":\"https:\/\/www.belrobotics.com\/fr-lu\/#organization\"},\"potentialAction\":[{\"@type\":\"SearchAction\",\"target\":{\"@type\":\"EntryPoint\",\"urlTemplate\":\"https:\/\/www.belrobotics.com\/fr-lu\/?s={search_term_string}\"},\"query-input\":{\"@type\":\"PropertyValueSpecification\",\"valueRequired\":true,\"valueName\":\"search_term_string\"}}],\"inLanguage\":\"fr-LU\"},{\"@type\":\"Organization\",\"@id\":\"https:\/\/www.belrobotics.com\/fr-lu\/#organization\",\"name\":\"Belrobotics\",\"url\":\"https:\/\/www.belrobotics.com\/fr-lu\/\",\"logo\":{\"@type\":\"ImageObject\",\"inLanguage\":\"fr-LU\",\"@id\":\"https:\/\/www.belrobotics.com\/fr-lu\/#\/schema\/logo\/image\/\",\"url\":\"https:\/\/www.belrobotics.com\/wp-content\/uploads\/2019\/01\/logo-belrobotics.svg\",\"contentUrl\":\"https:\/\/www.belrobotics.com\/wp-content\/uploads\/2019\/01\/logo-belrobotics.svg\",\"width\":100,\"height\":16,\"caption\":\"Belrobotics\"},\"image\":{\"@id\":\"https:\/\/www.belrobotics.com\/fr-lu\/#\/schema\/logo\/image\/\"},\"sameAs\":[\"https:\/\/www.facebook.com\/belrobotics\",\"https:\/\/www.youtube.com\/channel\/UCYgWBPRzEdXmUqLRL0JbUIw\",\"https:\/\/www.instagram.com\/belrobotics_europe\/\"]}]}<\/script>\n<!-- \/ Yoast SEO plugin. -->","yoast_head_json":{"title":"Les avantages de nos robots tondeuses - Belrobotics","description":"Belrobotics conna\u00eet les exigences des professionnels et des amoureux des pelouses. Nos solutions robotis\u00e9es vous offrent nombre d\u2019avantages : d\u00e9couvrez-les\u2009!","robots":{"index":"index","follow":"follow","max-snippet":"max-snippet:-1","max-image-preview":"max-image-preview:large","max-video-preview":"max-video-preview:-1"},"canonical":"https:\/\/www.belrobotics.com\/fr-lu\/avantages-robot-tondeuse\/","og_locale":"fr_FR","og_type":"article","og_title":"Les avantages de nos robots tondeuses - Belrobotics","og_description":"Belrobotics conna\u00eet les exigences des professionnels et des amoureux des pelouses. Nos solutions robotis\u00e9es vous offrent nombre d\u2019avantages : d\u00e9couvrez-les\u2009!","og_url":"https:\/\/www.belrobotics.com\/fr-lu\/avantages-robot-tondeuse\/","og_site_name":"Belrobotics","article_publisher":"https:\/\/www.facebook.com\/belrobotics","article_modified_time":"2022-02-09T12:45:42+00:00","og_image":[{"width":2251,"height":1745,"url":"https:\/\/www.belrobotics.com\/wp-content\/uploads\/2019\/01\/big-mow-action-4-1.jpg","type":"image\/jpeg"}],"twitter_card":"summary_large_image","twitter_misc":{"Est. reading time":"1 minute"},"schema":{"@context":"https:\/\/schema.org","@graph":[{"@type":"WebPage","@id":"https:\/\/www.belrobotics.com\/fr-lu\/avantages-robot-tondeuse\/","url":"https:\/\/www.belrobotics.com\/fr-lu\/avantages-robot-tondeuse\/","name":"Les avantages de nos robots tondeuses - Belrobotics","isPartOf":{"@id":"https:\/\/www.belrobotics.com\/fr-lu\/#website"},"primaryImageOfPage":{"@id":"https:\/\/www.belrobotics.com\/fr-lu\/avantages-robot-tondeuse\/#primaryimage"},"image":{"@id":"https:\/\/www.belrobotics.com\/fr-lu\/avantages-robot-tondeuse\/#primaryimage"},"thumbnailUrl":"https:\/\/www.belrobotics.com\/wp-content\/uploads\/2019\/01\/big-mow-action-4-1.jpg","datePublished":"2019-01-21T14:02:36+00:00","dateModified":"2022-02-09T12:45:42+00:00","description":"Belrobotics conna\u00eet les exigences des professionnels et des amoureux des pelouses. Nos solutions robotis\u00e9es vous offrent nombre d\u2019avantages : d\u00e9couvrez-les\u2009!","breadcrumb":{"@id":"https:\/\/www.belrobotics.com\/fr-lu\/avantages-robot-tondeuse\/#breadcrumb"},"inLanguage":"fr-LU","potentialAction":[{"@type":"ReadAction","target":["https:\/\/www.belrobotics.com\/fr-lu\/avantages-robot-tondeuse\/"]}]},{"@type":"ImageObject","inLanguage":"fr-LU","@id":"https:\/\/www.belrobotics.com\/fr-lu\/avantages-robot-tondeuse\/#primaryimage","url":"https:\/\/www.belrobotics.com\/wp-content\/uploads\/2019\/01\/big-mow-action-4-1.jpg","contentUrl":"https:\/\/www.belrobotics.com\/wp-content\/uploads\/2019\/01\/big-mow-action-4-1.jpg","width":2251,"height":1745},{"@type":"BreadcrumbList","@id":"https:\/\/www.belrobotics.com\/fr-lu\/avantages-robot-tondeuse\/#breadcrumb","itemListElement":[{"@type":"ListItem","position":1,"name":"Home","item":"https:\/\/www.belrobotics.com\/fr-lu\/"},{"@type":"ListItem","position":2,"name":"Les avantages de nos tondeuses robots"}]},{"@type":"WebSite","@id":"https:\/\/www.belrobotics.com\/fr-lu\/#website","url":"https:\/\/www.belrobotics.com\/fr-lu\/","name":"Belrobotics","description":"The grass masters","publisher":{"@id":"https:\/\/www.belrobotics.com\/fr-lu\/#organization"},"potentialAction":[{"@type":"SearchAction","target":{"@type":"EntryPoint","urlTemplate":"https:\/\/www.belrobotics.com\/fr-lu\/?s={search_term_string}"},"query-input":{"@type":"PropertyValueSpecification","valueRequired":true,"valueName":"search_term_string"}}],"inLanguage":"fr-LU"},{"@type":"Organization","@id":"https:\/\/www.belrobotics.com\/fr-lu\/#organization","name":"Belrobotics","url":"https:\/\/www.belrobotics.com\/fr-lu\/","logo":{"@type":"ImageObject","inLanguage":"fr-LU","@id":"https:\/\/www.belrobotics.com\/fr-lu\/#\/schema\/logo\/image\/","url":"https:\/\/www.belrobotics.com\/wp-content\/uploads\/2019\/01\/logo-belrobotics.svg","contentUrl":"https:\/\/www.belrobotics.com\/wp-content\/uploads\/2019\/01\/logo-belrobotics.svg","width":100,"height":16,"caption":"Belrobotics"},"image":{"@id":"https:\/\/www.belrobotics.com\/fr-lu\/#\/schema\/logo\/image\/"},"sameAs":["https:\/\/www.facebook.com\/belrobotics","https:\/\/www.youtube.com\/channel\/UCYgWBPRzEdXmUqLRL0JbUIw","https:\/\/www.instagram.com\/belrobotics_europe\/"]}]}},"_links":{"self":[{"href":"https:\/\/www.belrobotics.com\/fr-lu\/wp-json\/wp\/v2\/pages\/1508","targetHints":{"allow":["GET"]}}],"collection":[{"href":"https:\/\/www.belrobotics.com\/fr-lu\/wp-json\/wp\/v2\/pages"}],"about":[{"href":"https:\/\/www.belrobotics.com\/fr-lu\/wp-json\/wp\/v2\/types\/page"}],"author":[{"embeddable":true,"href":"https:\/\/www.belrobotics.com\/fr-lu\/wp-json\/wp\/v2\/users\/9"}],"replies":[{"embeddable":true,"href":"https:\/\/www.belrobotics.com\/fr-lu\/wp-json\/wp\/v2\/comments?post=1508"}],"version-history":[{"count":0,"href":"https:\/\/www.belrobotics.com\/fr-lu\/wp-json\/wp\/v2\/pages\/1508\/revisions"}],"wp:featuredmedia":[{"embeddable":true,"href":"https:\/\/www.belrobotics.com\/fr-lu\/wp-json\/wp\/v2\/media\/1369"}],"wp:attachment":[{"href":"https:\/\/www.belrobotics.com\/fr-lu\/wp-json\/wp\/v2\/media?parent=1508"}],"curies":[{"name":"wp","href":"https:\/\/api.w.org\/{rel}","templated":true}]}}